{"id":424,"date":"2023-01-31T09:04:08","date_gmt":"2023-01-31T09:04:08","guid":{"rendered":"https:\/\/chemswell.com\/gbl\/?page_id=424"},"modified":"2024-06-07T10:17:46","modified_gmt":"2024-06-07T10:17:46","slug":"ritalin","status":"publish","type":"page","link":"https:\/\/gblexpress.com\/hu\/ritalin\/","title":{"rendered":"V\u00e1s\u00e1roljon Ritalint online"},"content":{"rendered":"<section class=\"wpb_row vc_row-fluid vc_custom_1675150671160\"><div class=\"container\"><div class=\"row\"><div class=\"wpb_column vc_column_container vc_col-sm-12\"><div class=\"vc_column-inner\"><div class=\"wpb_wrapper\"  >\n\t<div class=\"wpb_text_column wpb_content_element\" >\n\t\t<div class=\"wpb_wrapper\">\n\t\t\t<h2 style=\"text-align: center; font-size: 30px;\">V\u00c1S\u00c1ROLJON RITALIN ONLINE<\/h2>\n<h3 style=\"text-align: center;\">V\u00e1s\u00e1roljon 100%-ban tiszta GHB-t online a GBLExpressen<\/h3>\n<p style=\"text-align: center; font-size: 19px;\">Akarsz <a href=\"https:\/\/gblexpress.com\/hu\/ritalin\/\"><strong>V\u00e1s\u00e1roljon Ritalint online<\/strong><\/a> biztons\u00e1gos m\u00f3don? A GBL Express a t\u00f6k\u00e9letes megold\u00e1s az \u00d6n sz\u00e1m\u00e1ra. A Ritalin hat\u00e9kony \u00e9s n\u00e9lk\u00fcl\u00f6zhetetlen gy\u00f3gyszer sok ADHD-s szenved\u0151 sz\u00e1m\u00e1ra, de neh\u00e9z beszerezni \u00e9s dr\u00e1ga lehet. Amikor Ritalint veszel<br \/>\nA GBLExpressn\u00e9l \u00e9lvezheti a biztons\u00e1gos sz\u00e1ll\u00edt\u00e1st \u00e9s a versenyk\u00e9pes \u00e1rakat. Bejegyzett gy\u00f3gyszert\u00e1rk\u00e9nt garant\u00e1ljuk, hogy minden term\u00e9k\u00fcnk enged\u00e9lyezett ADHD-s betegek sz\u00e1m\u00e1ra. Teh\u00e1t, ha arra k\u00edv\u00e1ncsi, hol v\u00e1s\u00e1rolhat Ritalint online, ne keressen tov\u00e1bb, mint a GBLExpress versenyk\u00e9pes \u00e1ron! Haszn\u00e1lja szolg\u00e1ltat\u00e1sunkat m\u00e9g ma, \u00e9s rendelje meg Ritalint biztons\u00e1gosan t\u0151l\u00fcnk.<\/p>\n\n\t\t<\/div>\n\t<\/div>\n<div class=\"vc_btn3-container vc_btn3-center\" ><a class=\"vc_general vc_btn3 vc_btn3-size-md vc_btn3-shape-square vc_btn3-style-modern vc_btn3-color-black\" href=\"https:\/\/gblexpress.com\/hu\/shop\/vasarolni-ritalin\/\" title=\"\">V\u00e1s\u00e1roljon most<\/a><\/div><\/div><\/div><\/div><\/div><\/div><\/section><section class=\"wpb_row vc_row-fluid vc_custom_1675104750211\"><div class=\"container\"><div class=\"row\"><div class=\"wpb_column vc_column_container vc_col-sm-6\"><div class=\"vc_column-inner\"><div class=\"wpb_wrapper\"  >\n\t<div class=\"wpb_text_column wpb_content_element\" >\n\t\t<div class=\"wpb_wrapper\">\n\t\t\t<h2 style=\"text-align: justify;\">Mi az a Ritalin \u00e9s hogyan lehet Ritalint v\u00e1s\u00e1rolni?<\/h2>\n<p style=\"text-align: justify;\">Ha \u00d6n is olyan, mint a legt\u00f6bb ember, legal\u00e1bb egy embert ismer, akinek figyelemhi\u00e1nyos hiperaktivit\u00e1si zavara (ADHD) van. Az ADHD egy ment\u00e1lis rendelleness\u00e9g, amely befoly\u00e1solja, hogy egy szem\u00e9ly hogyan szab\u00e1lyozza figyelm\u00e9t \u00e9s viselked\u00e9s\u00e9t. Az ADHD-s embereknek gyakran neh\u00e9zs\u00e9gei vannak a f\u00f3kusz\u00e1l\u00e1sban, a koncentr\u00e1l\u00e1sban \u00e9s az impulzusok szab\u00e1lyoz\u00e1s\u00e1ban. B\u00e1r az ADHD-re nincs egyetlen gy\u00f3gym\u00f3d, a kezel\u00e9s \u00e1ltal\u00e1ban olyan gy\u00f3gyszereket foglal mag\u00e1ban, mint a Ritalin. tudsz <a href=\"https:\/\/en.wikipedia.org\/wiki\/Methylphenidate\" target=\"_blank\" rel=\"noopener\">Ritalin<\/a> egyszer\u0171en rendeljen online a GBLExpress-en \u00e9s v\u00e1rja a sz\u00e1ll\u00edt\u00e1st hamarosan!<\/p>\n<h2 style=\"text-align: justify;\">A Ritalin haszn\u00e1lata \u00e9s hat\u00e9konys\u00e1ga<\/h2>\n<p style=\"text-align: justify;\">Az amfetaminok n\u00e9ven ismert k\u00e1b\u00edt\u00f3szert, amely mag\u00e1ban foglalja a Ritalint is, amfetamin-oszt\u00e1ly\u00fa stimul\u00e1nsnak nevezik. Haszn\u00e1lata n\u00f6veli az agy dopaminszintj\u00e9t, ami jobb koncentr\u00e1ci\u00f3t \u00e9s hosszabb figyelemk\u00e9szs\u00e9get eredm\u00e9nyez. Az ADHD-ban szenved\u0151k gyakran fordulnak ehhez a gy\u00f3gyszerhez a t\u00fcneteik jobb kontroll\u00e1l\u00e1sa \u00e9rdek\u00e9ben.<\/p>\n\n\t\t<\/div>\n\t<\/div>\n\t\t\t\n\t<!-- Element: OT Button --> \n\t\t\t<a href=\"https:\/\/gblexpress.com\/hu\/shop\/vasarolni-ritalin\/\" target=\"_self\" class=\"btn btn-line-black btn-big\">V\u00e1s\u00e1roljon most<\/a>\n\t    \n<\/div><\/div><\/div><div class=\"wpb_column vc_column_container vc_col-sm-6\"><div class=\"vc_column-inner\"><div class=\"wpb_wrapper\"  >\n\t<div  class=\"wpb_single_image wpb_content_element vc_align_left\">\n\t\t\n\t\t<figure class=\"wpb_wrapper vc_figure\">\n\t\t\t<div class=\"vc_single_image-wrapper vc_box_rounded  vc_box_border_grey\"><img loading=\"lazy\" decoding=\"async\" width=\"615\" height=\"615\" src=\"https:\/\/gblexpress.com\/wp-content\/uploads\/2023\/01\/buy-ritalin-online.jpg\" class=\"vc_single_image-img attachment-full\" alt=\"V\u00e1s\u00e1roljon Ritalint online\" srcset=\"https:\/\/gblexpress.com\/wp-content\/uploads\/2023\/01\/buy-ritalin-online.jpg 615w, https:\/\/gblexpress.com\/wp-content\/uploads\/2023\/01\/buy-ritalin-online-300x300.jpg 300w, https:\/\/gblexpress.com\/wp-content\/uploads\/2023\/01\/buy-ritalin-online-150x150.jpg 150w\" sizes=\"auto, (max-width: 615px) 100vw, 615px\" title=\"V\u00e1s\u00e1roljon Ritalint online\" \/><\/div>\n\t\t<\/figure>\n\t<\/div>\n<\/div><\/div><\/div><\/div><\/div><\/section><section class=\"wpb_row vc_row-fluid\"><div class=\"container\"><div class=\"row\"><div class=\"wpb_column vc_column_container vc_col-sm-6\"><div class=\"vc_column-inner\"><div class=\"wpb_wrapper\"  >\n\t<div  class=\"wpb_single_image wpb_content_element vc_align_left\">\n\t\t\n\t\t<figure class=\"wpb_wrapper vc_figure\">\n\t\t\t<div class=\"vc_single_image-wrapper vc_box_rounded  vc_box_border_grey\"><img loading=\"lazy\" decoding=\"async\" width=\"615\" height=\"350\" src=\"https:\/\/gblexpress.com\/wp-content\/uploads\/2023\/01\/ritalin-tablets.jpg\" class=\"vc_single_image-img attachment-full\" alt=\"V\u00e1s\u00e1rl\u00e1s Ritalin tabletta online\" srcset=\"https:\/\/gblexpress.com\/wp-content\/uploads\/2023\/01\/ritalin-tablets.jpg 615w, https:\/\/gblexpress.com\/wp-content\/uploads\/2023\/01\/ritalin-tablets-300x171.jpg 300w\" sizes=\"auto, (max-width: 615px) 100vw, 615px\" title=\"V\u00e1s\u00e1rl\u00e1s Ritalin tabletta online\" \/><\/div>\n\t\t<\/figure>\n\t<\/div>\n<\/div><\/div><\/div><div class=\"wpb_column vc_column_container vc_col-sm-6\"><div class=\"vc_column-inner vc_custom_1675105084996\"><div class=\"wpb_wrapper\"  >\n\t<div class=\"wpb_text_column wpb_content_element\" >\n\t\t<div class=\"wpb_wrapper\">\n\t\t\t<h2>Mi\u00e9rt v\u00e1s\u00e1roljon Ritalint online t\u0151l\u00fcnk?<\/h2>\n<p style=\"text-align: justify;\">A GBLExpressn\u00e9l meg\u00e9rtj\u00fck a Ritalin 10mg \u00e9s 20mg biztons\u00e1gos \u00e9s biztons\u00e1gos v\u00e1s\u00e1rl\u00e1s\u00e1nak fontoss\u00e1g\u00e1t. Ez\u00e9rt k\u00edn\u00e1lunk alacsonyabb \u00e1rakat, mint a hagyom\u00e1nyos gy\u00f3gyszert\u00e1rak, \u00e9s p\u00e9nzt\u00e1rrendszer\u00fcnk biztons\u00e1gos \u00e9s gyors. \u00dcgyf\u00e9lszolg\u00e1lati munkat\u00e1rsaink tapasztaltak \u00e9s k\u00e9szek v\u00e1laszolni minden k\u00e9rd\u00e9s\u00e9re ezzel a gy\u00f3gyszerrel vagy b\u00e1rmely m\u00e1s \u00e1ltalunk forgalmazott term\u00e9kkel kapcsolatban.<\/p>\n<p style=\"text-align: justify;\">Ak\u00e1r m\u00e1rkanevet, ak\u00e1r \u00e1ltal\u00e1nos Ritalint keres, mi mindent megtal\u00e1lunk \u2013 biztons\u00e1gban. V\u00e1s\u00e1roljon Ritalint most v\u00e9ny n\u00e9lk\u00fcl a GBLExpress-en!<\/p>\n\n\t\t<\/div>\n\t<\/div>\n\t\t\t\n\t<!-- Element: OT Button --> \n\t\t\t<a href=\"https:\/\/gblexpress.com\/hu\/shop\/vasarolni-ritalin\/\" target=\"_self\" class=\"btn btn-line-black btn-big\">V\u00e1s\u00e1roljon most<\/a>\n\t    \n<\/div><\/div><\/div><\/div><\/div><\/section><section class=\"wpb_row vc_row-fluid\"><div class=\"container\"><div class=\"row\"><div class=\"wpb_column vc_column_container vc_col-sm-12\"><div class=\"vc_column-inner\"><div class=\"wpb_wrapper\"  >\n\t<div class=\"wpb_text_column wpb_content_element\" >\n\t\t<div class=\"wpb_wrapper\">\n\t\t\t<h2 style=\"text-align: center;\">Mit csin\u00e1l Ritalin?<\/h2>\n<p style=\"text-align: center;\">A Ritalin k\u00fcl\u00f6n\u00f6sen k\u00e9tf\u00e9le m\u00f3don n\u00f6veli a dopamin mennyis\u00e9g\u00e9t az agyban: egyr\u00e9szt g\u00e1tolja a dopamin \u00fajrafelv\u00e9tel\u00e9t, m\u00e1sr\u00e9szt serkenti a dopamin sejtekb\u0151l t\u00f6rt\u00e9n\u0151 felszabadul\u00e1s\u00e1t. Ez azt jelenti, hogy t\u00f6bb dopamin \u00e1ll rendelkez\u00e9sre az agy receptoraival val\u00f3 k\u00f6lcs\u00f6nhat\u00e1shoz, ami seg\u00edt a f\u00f3kusz\u00e1l\u00e1s \u00e9s a figyelem hosszabb ideig tart\u00f3 fenntart\u00e1s\u00e1ban.<\/p>\n\n\t\t<\/div>\n\t<\/div>\n<\/div><\/div><\/div><\/div><\/div><\/section><section class=\"wpb_row vc_row-fluid\"><div class=\"container\"><div class=\"row\"><div class=\"wpb_column vc_column_container vc_col-sm-12\"><div class=\"vc_column-inner\"><div class=\"wpb_wrapper\"  >\n\t<div class=\"wpb_text_column wpb_content_element\" >\n\t\t<div class=\"wpb_wrapper\">\n\t\t\t<h3 style=\"text-align: justify;\">A Ritalin \u00edgy m\u0171k\u00f6dik<\/h3>\n<p style=\"text-align: justify;\">A Ritalin \u00fagy fejti ki hat\u00e1s\u00e1t, hogy befoly\u00e1solja bizonyos vegyi anyagok, k\u00fcl\u00f6n\u00f6sen a dopamin \u00e9s a noradrenalin szintj\u00e9t az agyban. Ezek a neurotranszmitterek kulcsszerepet j\u00e1tszanak a figyelem, a viselked\u00e9s \u00e9s az alv\u00e1s szab\u00e1lyoz\u00e1s\u00e1ban. Az elad\u00f3 Ritalin n\u00f6veli ezeknek a vegyi anyagoknak a koncentr\u00e1ci\u00f3j\u00e1t a szinaptikus hasad\u00e9kban az\u00e1ltal, hogy g\u00e1tolja a neuronokba val\u00f3 visszav\u00e9tel\u00fcket \u00e9s fokozza kibocs\u00e1t\u00e1sukat, ez\u00e1ltal jav\u00edtja a neuronok k\u00f6z\u00f6tti kommunik\u00e1ci\u00f3t. Ez a megn\u00f6vekedett neurotranszmitter-aktivit\u00e1s seg\u00edt jav\u00edtani a koncentr\u00e1ci\u00f3t, a figyelmet \u00e9s az impulzuskontrollt az ADHD-s egy\u00e9nekn\u00e9l, \u00e9s t\u00e1mogatja az \u00e9bers\u00e9get a narkolepszi\u00e1ban szenved\u0151 betegekn\u00e9l. A GBL Expressn\u00e9l seg\u00edt\u00fcnk a Ritalin online v\u00e1s\u00e1rl\u00e1s\u00e1ban megfizethet\u0151 \u00e1ron.<\/p>\n<h3 style=\"text-align: justify;\">Adagol\u00e1s \u00e9s adminisztr\u00e1ci\u00f3<\/h3>\n<p style=\"text-align: justify;\">A Ritalin Ritan \u00fczlet\u00fcnkben t\u00f6bbf\u00e9le form\u00e1ban, \u00edgy azonnali \u00e9s elny\u00fajtott hat\u00f3anyaglead\u00e1s\u00fa tablett\u00e1kban is kaphat\u00f3, az adagol\u00e1st pedig a p\u00e1ciens egy\u00e9ni ig\u00e9nyeihez igaz\u00edtjuk. Az azonnali felszabadul\u00e1s\u00fa form\u00e1t \u00e1ltal\u00e1ban naponta k\u00e9tszer-h\u00e1romszor, \u00e9tkez\u00e9s el\u0151tt 30-45 perccel kell bevenni. A ny\u00fajtott hat\u00f3anyag-lead\u00e1s\u00fa form\u00e1t viszont \u00e1ltal\u00e1ban naponta egyszer, reggel veszik be. A gy\u00f3gyszer hat\u00e9konys\u00e1g\u00e1nak maximaliz\u00e1l\u00e1sa \u00e9s a lehets\u00e9ges mell\u00e9khat\u00e1sok minimaliz\u00e1l\u00e1sa \u00e9rdek\u00e9ben fontos betartani a kezel\u0151orvos adagol\u00e1ssal \u00e9s bead\u00e1ssal kapcsolatos utas\u00edt\u00e1sait.<\/p>\n<h3 style=\"text-align: justify;\">Mell\u00e9khat\u00e1sok \u00e9s \u00f3vint\u00e9zked\u00e9sek<\/h3>\n<p style=\"text-align: justify;\">A Ritalin gyakori mell\u00e9khat\u00e1sai k\u00f6z\u00e9 tartozik az idegess\u00e9g, az alv\u00e1szavar, az \u00e9tv\u00e1gytalans\u00e1g, a fogy\u00e1s, a sz\u00e9d\u00fcl\u00e9s, az \u00e9melyg\u00e9s, a h\u00e1ny\u00e1s \u00e9s a fejf\u00e1j\u00e1s. A s\u00falyosabb mell\u00e9khat\u00e1sok, b\u00e1r ritk\u00e1k, lehetnek sz\u00edvdobog\u00e1s\u00e9rz\u00e9s, megn\u00f6vekedett v\u00e9rnyom\u00e1s \u00e9s ment\u00e1lis\/hangulati v\u00e1ltoz\u00e1sok, mint p\u00e9ld\u00e1ul izgatotts\u00e1g, agresszi\u00f3 vagy depresszi\u00f3. Fontos, hogy a betegek a Ritalin-kezel\u00e9s megkezd\u00e9se el\u0151tt besz\u00e9lj\u00e9k meg k\u00f3rt\u00f6rt\u00e9net\u00fcket orvosukkal, k\u00fcl\u00f6n\u00f6sen, ha sz\u00edvprobl\u00e9m\u00e1k, ment\u00e1lis betegs\u00e9g vagy k\u00e1b\u00edt\u00f3szer-vissza\u00e9l\u00e9s szerepel a k\u00f3rel\u0151zm\u00e9nyben.<\/p>\n<h3 style=\"text-align: justify;\">A Ritalin \u00e9s m\u00e1s gy\u00f3gyszerek k\u00f6z\u00f6tti k\u00f6lcs\u00f6nhat\u00e1sok<\/h3>\n<p style=\"text-align: justify;\">A Ritalin k\u00f6lcs\u00f6nhat\u00e1sba l\u00e9phet m\u00e1s gy\u00f3gyszerekkel, ami kev\u00e9sb\u00e9 hat\u00e9kony, vagy n\u00f6veli a s\u00falyos mell\u00e9khat\u00e1sok kock\u00e1zat\u00e1t. A betegeknek t\u00e1j\u00e9koztatniuk kell orvosukat az \u00e1ltaluk szedett v\u00e9nyk\u00f6teles \u00e9s v\u00e9ny n\u00e9lk\u00fcl kaphat\u00f3 gy\u00f3gyszerekr\u0151l, bele\u00e9rtve a vitaminokat \u00e9s a gy\u00f3gyn\u00f6v\u00e9ny-kieg\u00e9sz\u00edt\u0151ket is. A figyelemre m\u00e9lt\u00f3 k\u00f6lcs\u00f6nhat\u00e1sok k\u00f6z\u00e9 tartoznak bizonyos antidepressz\u00e1nsok, v\u00e9rnyom\u00e1scs\u00f6kkent\u0151 gy\u00f3gyszerek \u00e9s v\u00e9ralvad\u00e1sg\u00e1tl\u00f3k. A mell\u00e9khat\u00e1sok s\u00falyosbod\u00e1s\u00e1nak megel\u0151z\u00e9se \u00e9rdek\u00e9ben a Ritalin szed\u00e9se alatt ker\u00fclni kell az alkoholt \u00e9s m\u00e1s k\u00f6zponti idegrendszeri stimul\u00e1nsokat.<\/p>\n<p style=\"text-align: justify;\"><em><strong>Rendelje meg a Ritalint online a GBL Express-t\u0151l, \u00e9s v\u00e1rja a k\u00edv\u00e1nt term\u00e9kek r\u00f6vid id\u0151n bel\u00fcli sz\u00e1ll\u00edt\u00e1s\u00e1t!<\/strong><\/em><\/p>\n\n\t\t<\/div>\n\t<\/div>\n<\/div><\/div><\/div><\/div><\/div><\/section><section class=\"wpb_row vc_row-fluid vc_custom_1675105544557\"><div class=\"container\"><div class=\"row\"><div class=\"wpb_column vc_column_container vc_col-sm-4\"><div class=\"vc_column-inner\"><div class=\"wpb_wrapper\"  >\n\t<div  class=\"wpb_single_image wpb_content_element vc_align_center\">\n\t\t\n\t\t<figure class=\"wpb_wrapper vc_figure\">\n\t\t\t<a href=\"https:\/\/gblexpress.com\/hu\/gbl\/\" target=\"_self\" class=\"vc_single_image-wrapper vc_box_rounded  vc_box_border_grey\"><img loading=\"lazy\" decoding=\"async\" width=\"615\" height=\"350\" src=\"https:\/\/gblexpress.com\/wp-content\/uploads\/2023\/01\/gbl-liquid.jpg\" class=\"vc_single_image-img attachment-full\" alt=\"Gamma-butirolakton GBL Online v\u00e1s\u00e1rl\u00e1s\" srcset=\"https:\/\/gblexpress.com\/wp-content\/uploads\/2023\/01\/gbl-liquid.jpg 615w, https:\/\/gblexpress.com\/wp-content\/uploads\/2023\/01\/gbl-liquid-300x171.jpg 300w\" sizes=\"auto, (max-width: 615px) 100vw, 615px\" title=\"Gamma-butirolakton GBL Online v\u00e1s\u00e1rl\u00e1s\" \/><\/a>\n\t\t<\/figure>\n\t<\/div>\n<h3 style=\"text-align: left\" class=\"vc_custom_heading\" ><a href=\"https:\/\/gblexpress.com\/hu\/gbl\/\">V\u00e1s\u00e1roljon GBL-t online<\/a><\/h3>\n\t<div class=\"wpb_text_column wpb_content_element\" >\n\t\t<div class=\"wpb_wrapper\">\n\t\t\t<p style=\"text-align: justify;\">A GBL Express \u00e9vtizedek \u00f3ta foglalkozik GBL gy\u00f3gyszerekkel, \u00e9s meg\u00e9rti a vil\u00e1g minden t\u00e1j\u00e1r\u00f3l \u00e9rkez\u0151 v\u00e1s\u00e1rl\u00f3k ig\u00e9nyeit. Itt k\u00f6nnyen megv\u00e1s\u00e1rolhatja a GBL-t recept n\u00e9lk\u00fcl.<\/p>\n\n\t\t<\/div>\n\t<\/div>\n<\/div><\/div><\/div><div class=\"wpb_column vc_column_container vc_col-sm-4\"><div class=\"vc_column-inner\"><div class=\"wpb_wrapper\"  >\n\t<div  class=\"wpb_single_image wpb_content_element vc_align_center\">\n\t\t\n\t\t<figure class=\"wpb_wrapper vc_figure\">\n\t\t\t<a href=\"https:\/\/gblexpress.com\/hu\/ghb\/\" target=\"_self\" class=\"vc_single_image-wrapper vc_box_rounded  vc_box_border_grey\"><img loading=\"lazy\" decoding=\"async\" width=\"615\" height=\"350\" src=\"https:\/\/gblexpress.com\/wp-content\/uploads\/2023\/01\/ghb-liquid.jpg\" class=\"vc_single_image-img attachment-full\" alt=\"Gamma-hidroxibutir\u00e1t (GHB) Online v\u00e1s\u00e1rl\u00e1s\" srcset=\"https:\/\/gblexpress.com\/wp-content\/uploads\/2023\/01\/ghb-liquid.jpg 615w, https:\/\/gblexpress.com\/wp-content\/uploads\/2023\/01\/ghb-liquid-300x171.jpg 300w\" sizes=\"auto, (max-width: 615px) 100vw, 615px\" title=\"Gamma-hidroxibutir\u00e1t (GHB) Online v\u00e1s\u00e1rl\u00e1s\" \/><\/a>\n\t\t<\/figure>\n\t<\/div>\n<h3 style=\"text-align: left\" class=\"vc_custom_heading\" ><a href=\"https:\/\/gblexpress.com\/hu\/ghb\/\">V\u00e1s\u00e1roljon GBL-t online<\/a><\/h3>\n\t<div class=\"wpb_text_column wpb_content_element\" >\n\t\t<div class=\"wpb_wrapper\">\n\t\t\t<p style=\"text-align: justify;\">\u00dczlet\u00fcnk el\u00e9rhet\u0151s\u00e9ge miatt nem kell agg\u00f3dnia, hogy hol v\u00e1s\u00e1rolhat GHB-t. Web\u00e1ruh\u00e1zunkban k\u00f6nnyen v\u00e1s\u00e1rolhat GHB-t v\u00e9ny n\u00e9lk\u00fcl.<\/p>\n\n\t\t<\/div>\n\t<\/div>\n<\/div><\/div><\/div><div class=\"wpb_column vc_column_container vc_col-sm-4\"><div class=\"vc_column-inner\"><div class=\"wpb_wrapper\"  >\n\t<div  class=\"wpb_single_image wpb_content_element vc_align_center\">\n\t\t\n\t\t<figure class=\"wpb_wrapper vc_figure\">\n\t\t\t<a href=\"https:\/\/gblexpress.com\/hu\/ko-cseppek\/\" target=\"_self\" class=\"vc_single_image-wrapper vc_box_rounded  vc_box_border_grey\"><img loading=\"lazy\" decoding=\"async\" width=\"615\" height=\"350\" src=\"https:\/\/gblexpress.com\/wp-content\/uploads\/2023\/01\/ko-drops.jpg\" class=\"vc_single_image-img attachment-full\" alt=\"KO Drops online v\u00e1s\u00e1rl\u00e1sa\" srcset=\"https:\/\/gblexpress.com\/wp-content\/uploads\/2023\/01\/ko-drops.jpg 615w, https:\/\/gblexpress.com\/wp-content\/uploads\/2023\/01\/ko-drops-300x171.jpg 300w\" sizes=\"auto, (max-width: 615px) 100vw, 615px\" title=\"KO Drops online v\u00e1s\u00e1rl\u00e1sa\" \/><\/a>\n\t\t<\/figure>\n\t<\/div>\n<h3 style=\"text-align: left\" class=\"vc_custom_heading\" ><a href=\"https:\/\/gblexpress.com\/hu\/ko-cseppek\/\">V\u00e1s\u00e1roljon KO cseppeket online<\/a><\/h3>\n\t<div class=\"wpb_text_column wpb_content_element\" >\n\t\t<div class=\"wpb_wrapper\">\n\t\t\t<p style=\"text-align: justify;\">Online \u00e1ruh\u00e1zunk seg\u00edt \u00d6nnek a legkedvez\u0151bb \u00e1ron rendelni online ki\u00fct\u00e9ses cseppeket. \u00dczlet\u00fcnk t\u00e1mogat\u00e1s\u00e1val nem kell azon t\u00f6r\u0151dnie, hogy hol v\u00e1s\u00e1roljon ki\u00fct\u00e9ses cseppeket.<\/p>\n\n\t\t<\/div>\n\t<\/div>\n<\/div><\/div><\/div><\/div><\/div><\/section><section class=\"wpb_row vc_row-fluid call-to-action text-light bg-color vc_custom_1675107688125\"><div class=\"container\"><div class=\"row\"><div class=\"wpb_column vc_column_container vc_col-sm-8\"><div class=\"vc_column-inner\"><div class=\"wpb_wrapper\"  ><h3 style=\"text-align: left\" class=\"vc_custom_heading mt20\" >K\u00e9rjen ingyenes \u00e1raj\u00e1nlatot term\u00e9keinkre!<\/h3><\/div><\/div><\/div><div class=\"wpb_column vc_column_container vc_col-sm-4\"><div class=\"vc_column-inner\"><div class=\"wpb_wrapper\"  >\t\t\t\n\t<!-- Element: OT Button 2 --> \n\t<a href=\"http:\/\/gblexpress.com\/hu\/lepjen-kapcsolatba-veluenk\/\" title=\"K\u00e9rjen most\" target=\" _blank\" class=\"btn btn-line btn-big mt10\">K\u00e9rjen most<\/a>\t\n<\/div><\/div><\/div><\/div><\/div><\/section>","protected":false},"excerpt":{"rendered":"RITALIN ONLINE V\u00c1S\u00c1RL\u00c1S 100 % tiszta Ritalin online a GBLExpress-en Szeretne Ritalint v\u00e1s\u00e1rolni online, biztons\u00e1gos m\u00f3don? A GBL Express a t\u00f6k\u00e9letes megold\u00e1s az \u00d6n sz\u00e1m\u00e1ra. A Ritalin hat\u00e9kony \u00e9s n\u00e9lk\u00fcl\u00f6zhetetlen gy\u00f3gyszer sok ADHD-s beteg sz\u00e1m\u00e1ra, de nehezen beszerezhet\u0151 \u00e9s dr\u00e1ga lehet. Ha a GBLExpress-t\u0151l v\u00e1s\u00e1rol Ritalint [...]","protected":false},"author":1,"featured_media":0,"parent":0,"menu_order":0,"comment_status":"closed","ping_status":"closed","template":"page-templates\/template-fullwidth.php","meta":{"_joinchat":[],"footnotes":""},"class_list":["post-424","page","type-page","status-publish","hentry"],"yoast_head":"<!-- This site is optimized with the Yoast SEO plugin v25.4 - https:\/\/yoast.com\/wordpress\/plugins\/seo\/ -->\n<title>Ritalin Online Kaufen - Ritalin online bestellen - Ritalin tabletten<\/title>\n<meta name=\"description\" content=\"Auf der Suche nach Ritalin-Tabletten in bester Qualit\u00e4t online 10 mg, 20 mg, 30 mg? Wir sind der beste Lieferant von Ritalin. Sie k\u00f6nnen Ritalin online kaufen, Ritalin legal bestellen.\" \/>\n<meta name=\"robots\" content=\"index, follow, max-snippet:-1, max-image-preview:large, max-video-preview:-1\" \/>\n<link rel=\"canonical\" href=\"https:\/\/gblexpress.com\/hu\/ritalin\/\" \/>\n<meta property=\"og:locale\" content=\"hu_HU\" \/>\n<meta property=\"og:type\" content=\"article\" \/>\n<meta property=\"og:title\" content=\"Ritalin Online Kaufen - Ritalin online bestellen - Ritalin tabletten\" \/>\n<meta property=\"og:description\" content=\"Auf der Suche nach Ritalin-Tabletten in bester Qualit\u00e4t online 10 mg, 20 mg, 30 mg? Wir sind der beste Lieferant von Ritalin. Sie k\u00f6nnen Ritalin online kaufen, Ritalin legal bestellen.\" \/>\n<meta property=\"og:url\" content=\"https:\/\/gblexpress.com\/hu\/ritalin\/\" \/>\n<meta property=\"og:site_name\" content=\"GBL Express\" \/>\n<meta property=\"article:modified_time\" content=\"2024-06-07T10:17:46+00:00\" \/>\n<meta name=\"twitter:card\" content=\"summary_large_image\" \/>\n<meta name=\"twitter:label1\" content=\"Becs\u00fclt olvas\u00e1si id\u0151\" \/>\n\t<meta name=\"twitter:data1\" content=\"5 perc\" \/>\n<!-- \/ Yoast SEO plugin. -->","yoast_head_json":{"title":"V\u00e1s\u00e1rl\u00e1s Ritalin Online - Rendeljen Ritalin Online - Ritalin tablett\u00e1k","description":"Keresi a legjobb min\u0151s\u00e9g\u0171 Ritalin tabletta online 10 mg, 20 mg, 30 mg? Mi vagyunk a Ritalin legjobb sz\u00e1ll\u00edt\u00f3ja. Lehet v\u00e1s\u00e1rolni Ritalin online, rendelni Ritalin leg\u00e1lisan.","robots":{"index":"index","follow":"follow","max-snippet":"max-snippet:-1","max-image-preview":"max-image-preview:large","max-video-preview":"max-video-preview:-1"},"canonical":"https:\/\/gblexpress.com\/hu\/ritalin\/","og_locale":"hu_HU","og_type":"article","og_title":"Ritalin Online Kaufen - Ritalin online bestellen - Ritalin tabletten","og_description":"Auf der Suche nach Ritalin-Tabletten in bester Qualit\u00e4t online 10 mg, 20 mg, 30 mg? Wir sind der beste Lieferant von Ritalin. Sie k\u00f6nnen Ritalin online kaufen, Ritalin legal bestellen.","og_url":"https:\/\/gblexpress.com\/hu\/ritalin\/","og_site_name":"GBL Express","article_modified_time":"2024-06-07T10:17:46+00:00","twitter_card":"summary_large_image","twitter_misc":{"Becs\u00fclt olvas\u00e1si id\u0151":"5 perc"},"schema":{"@context":"https:\/\/schema.org","@graph":[{"@type":"WebPage","@id":"https:\/\/gblexpress.com\/ritalin\/","url":"https:\/\/gblexpress.com\/ritalin\/","name":"V\u00e1s\u00e1rl\u00e1s Ritalin Online - Rendeljen Ritalin Online - Ritalin tablett\u00e1k","isPartOf":{"@id":"https:\/\/gblexpress.com\/#website"},"datePublished":"2023-01-31T09:04:08+00:00","dateModified":"2024-06-07T10:17:46+00:00","description":"Keresi a legjobb min\u0151s\u00e9g\u0171 Ritalin tabletta online 10 mg, 20 mg, 30 mg? Mi vagyunk a Ritalin legjobb sz\u00e1ll\u00edt\u00f3ja. Lehet v\u00e1s\u00e1rolni Ritalin online, rendelni Ritalin leg\u00e1lisan.","breadcrumb":{"@id":"https:\/\/gblexpress.com\/ritalin\/#breadcrumb"},"inLanguage":"hu","potentialAction":[{"@type":"ReadAction","target":["https:\/\/gblexpress.com\/ritalin\/"]}]},{"@type":"BreadcrumbList","@id":"https:\/\/gblexpress.com\/ritalin\/#breadcrumb","itemListElement":[{"@type":"ListItem","position":1,"name":"Home","item":"https:\/\/gblexpress.com\/"},{"@type":"ListItem","position":2,"name":"Ritalin Online Kaufen"}]},{"@type":"WebSite","@id":"https:\/\/gblexpress.com\/#website","url":"https:\/\/gblexpress.com\/","name":"GBL Express","description":"","publisher":{"@id":"https:\/\/gblexpress.com\/#organization"},"potentialAction":[{"@type":"SearchAction","target":{"@type":"EntryPoint","urlTemplate":"https:\/\/gblexpress.com\/?s={search_term_string}"},"query-input":{"@type":"PropertyValueSpecification","valueRequired":true,"valueName":"search_term_string"}}],"inLanguage":"hu"},{"@type":"Organization","@id":"https:\/\/gblexpress.com\/#organization","name":"GBL Express","url":"https:\/\/gblexpress.com\/","logo":{"@type":"ImageObject","inLanguage":"hu","@id":"https:\/\/gblexpress.com\/#\/schema\/logo\/image\/","url":"https:\/\/gblexpress.com\/wp-content\/uploads\/2023\/01\/logo.png","contentUrl":"https:\/\/gblexpress.com\/wp-content\/uploads\/2023\/01\/logo.png","width":250,"height":52,"caption":"GBL Express"},"image":{"@id":"https:\/\/gblexpress.com\/#\/schema\/logo\/image\/"}}]}},"jetpack-related-posts":[],"jetpack_sharing_enabled":true,"_links":{"self":[{"href":"https:\/\/gblexpress.com\/hu\/wp-json\/wp\/v2\/pages\/424","targetHints":{"allow":["GET"]}}],"collection":[{"href":"https:\/\/gblexpress.com\/hu\/wp-json\/wp\/v2\/pages"}],"about":[{"href":"https:\/\/gblexpress.com\/hu\/wp-json\/wp\/v2\/types\/page"}],"author":[{"embeddable":true,"href":"https:\/\/gblexpress.com\/hu\/wp-json\/wp\/v2\/users\/1"}],"replies":[{"embeddable":true,"href":"https:\/\/gblexpress.com\/hu\/wp-json\/wp\/v2\/comments?post=424"}],"version-history":[{"count":9,"href":"https:\/\/gblexpress.com\/hu\/wp-json\/wp\/v2\/pages\/424\/revisions"}],"predecessor-version":[{"id":1055,"href":"https:\/\/gblexpress.com\/hu\/wp-json\/wp\/v2\/pages\/424\/revisions\/1055"}],"wp:attachment":[{"href":"https:\/\/gblexpress.com\/hu\/wp-json\/wp\/v2\/media?parent=424"}],"curies":[{"name":"wp","href":"https:\/\/api.w.org\/{rel}","templated":true}]}}