{"id":1239,"date":"2024-11-26T05:39:52","date_gmt":"2024-11-26T05:39:52","guid":{"rendered":"https:\/\/gblexpress.com\/?post_type=product&#038;p=1239"},"modified":"2026-02-28T09:26:03","modified_gmt":"2026-02-28T09:26:03","slug":"metamfetamina","status":"publish","type":"product","link":"https:\/\/gblexpress.com\/hu\/termek-2\/metamfetamina\/","title":{"rendered":"Metamfetamina"},"content":{"rendered":"<h2><strong>Metamfetamin Online kaufen: Alles \u00fcber Wirkung, Dosierung und sicheren\u00a0<\/strong><\/h2>\n<p><a href=\"https:\/\/gblexpress.com\/hu\/termek-2\/metamfetamina\/\"><strong>Metamfetamin<\/strong><\/a>m\u00e1s n\u00e9ven crystal meth, egy er\u0151s stimul\u00e1ns, amely intenz\u00edv energetiz\u00e1l\u00f3 \u00e9s euforikus hat\u00e1sair\u00f3l ismert. Sokan kifejezetten keresik <a href=\"https:\/\/en.wikipedia.org\/wiki\/Ketamine\"><strong>Metamfetamin krist\u00e1lyok<\/strong><\/a> vagy <strong>Metamfetamin por<\/strong>hogy tart\u00f3s energi\u00e1t \u00e9s fokozott \u00e9bers\u00e9get tapasztaljon. Ha <strong>V\u00e1s\u00e1rl\u00e1s Metamfetamin<\/strong>elengedhetetlen a hat\u00e1s, az adagol\u00e1s \u00e9s a biztons\u00e1gi int\u00e9zked\u00e9sek ismerete.<a href=\"https:\/\/gblexprimer.com\/product\/lsd-kwas\/\">.<\/a><\/p>\n<h3><strong>Milyen t\u00edpus\u00fa gy\u00f3gyszer a metamfetamin?<\/strong><\/h3>\n<p>A metamfetamin egy olyan k\u00e9miai vegy\u00fclet, amely a k\u00f6zponti idegrendszerre hat. Gyakran a k\u00f6vetkez\u0151 form\u00e1kban k\u00edn\u00e1lj\u00e1k:<\/p>\n<ul>\n<li><strong>Metamfetamin krist\u00e1lyok:<\/strong> Nagy tisztas\u00e1g\u00fa forma, amely er\u0151s \u00e9s hosszan tart\u00f3 hat\u00e1s\u00e1r\u00f3l ismert.<a href=\"https:\/\/gblexpress.com\/hu\/shop\/gbl-vasarlas-online-butirolakton-vasarlas\/\">.<\/a><\/li>\n<li><strong>Metamfetamin por:<\/strong> Rugalmas adagol\u00e1s \u00e9s k\u00f6nny\u0171 haszn\u00e1lat.<\/li>\n<\/ul>\n<p>Az anyagot gyakran \u00e9rt\u00e9kelik stimul\u00e1l\u00f3 tulajdons\u00e1gai miatt, de az \u00e9bers\u00e9g \u00e9s a fizikai teljes\u00edtm\u00e9ny n\u00f6vel\u00e9s\u00e9re val\u00f3 k\u00e9pess\u00e9ge miatt is.<\/p>\n<h3><strong>A metamfetamin hat\u00e1sa<\/strong><\/h3>\n<p>A <strong>Metamfetamin hat\u00e1s<\/strong> jellemz\u0151en a lenyel\u00e9st k\u00f6vet\u0151 n\u00e9h\u00e1ny percen bel\u00fcl jelentkezik (bel\u00e9legz\u00e9s vagy injekci\u00f3 bead\u00e1sa eset\u00e9n gyorsabban), \u00e9s ak\u00e1r 12 \u00f3r\u00e1n \u00e1t is eltarthat. A leggyakoribb hat\u00e1sok a k\u00f6vetkez\u0151k:<\/p>\n<ul>\n<li><strong>Extr\u00e9m energia:<\/strong> A megn\u00f6vekedett fizikai \u00e9s szellemi teljes\u00edtm\u00e9ny \u00e9rz\u00e9se.<\/li>\n<li><strong>Euf\u00f3ria:<\/strong> Hossz\u00fa ideig tart\u00f3, intenz\u00edv m\u00e1mor.<\/li>\n<li><strong>\u00d6sszpontos\u00edt\u00e1s \u00e9s \u00e9bers\u00e9g:<\/strong> Jav\u00edtott koncentr\u00e1ci\u00f3 \u00e9s figyelem.<\/li>\n<li><strong>A f\u00e1radts\u00e1g elnyom\u00e1sa:<\/strong> Ide\u00e1lis hosszabb ideig tart\u00f3 \u00e9brenl\u00e9thez vagy tev\u00e9kenys\u00e9gekhez.<\/li>\n<\/ul>\n<h3><strong>A metamfetamin adagol\u00e1sa<\/strong><\/h3>\n<p>A jobb oldali <strong>Metamfetamin adagol\u00e1s<\/strong> a tapasztalatt\u00f3l \u00e9s az alkalmaz\u00e1si m\u00f3dszert\u0151l f\u00fcgg\u0151en v\u00e1ltozik:<\/p>\n<ul>\n<li><strong>Kezd\u0151k:<\/strong> 5-10 mg<\/li>\n<li><strong>Tapasztalt felhaszn\u00e1l\u00f3k:<\/strong> 10-25 mg<\/li>\n<li><strong>Magas d\u00f3zis:<\/strong> 25 mg-t\u00f3l (csak nagyon tapasztalt felhaszn\u00e1l\u00f3knak, mivel a mell\u00e9khat\u00e1sok kock\u00e1zata megn\u0151).<\/li>\n<\/ul>\n<p>A nem k\u00edv\u00e1nt mell\u00e9khat\u00e1sok elker\u00fcl\u00e9se \u00e9rdek\u00e9ben fontos, hogy ellen\u0151rz\u00f6tt m\u00f3don szedje, \u00e9s ne adagolja t\u00fal.<\/p>\n<h3><strong>Kock\u00e1zatok \u00e9s biztons\u00e1g<\/strong><\/h3>\n<p>A metamfetamin er\u0151s anyag, \u00e9s \u00f3vatosan kell haszn\u00e1lni. A lehets\u00e9ges mell\u00e9khat\u00e1sok a k\u00f6vetkez\u0151k:<\/p>\n<ul>\n<li><strong>R\u00f6vid t\u00e1v\u00fa mell\u00e9khat\u00e1sok:<\/strong> Sz\u00edvdobog\u00e1s, megn\u00f6vekedett v\u00e9rnyom\u00e1s, \u00e9tv\u00e1gytalans\u00e1g.<\/li>\n<li><strong>Hossz\u00fa t\u00e1v\u00fa kock\u00e1zatok:<\/strong> F\u00fcgg\u0151s\u00e9g, alv\u00e1szavarok, idegess\u00e9g vagy pszich\u00e9s stressz.<\/li>\n<\/ul>\n<p>A biztons\u00e1gos fogyaszt\u00e1si hely \u00e9s az elegend\u0151 folyad\u00e9kbevitel elengedhetetlen a negat\u00edv hat\u00e1sok minimaliz\u00e1l\u00e1sa \u00e9rdek\u00e9ben.<\/p>\n<h3><strong>V\u00e1s\u00e1roljon metamfetamin biztons\u00e1gosan online<\/strong><\/h3>\n<p>A <strong>V\u00e1s\u00e1rolj metamfetamint online<\/strong> olyan j\u00f3 h\u00edr\u0171 forr\u00e1st kell keresnie, amely garant\u00e1lja a min\u0151s\u00e9get \u00e9s a diszkr\u00e9ci\u00f3t. Platformunk k\u00edn\u00e1l:<\/p>\n<ul>\n<li><strong>Diszkr\u00e9t sz\u00e1ll\u00edt\u00e1s:<\/strong> N\u00e9vtelen\u00fcl \u00e9s biztons\u00e1gosan csomagolva.<\/li>\n<li><strong>Vizsg\u00e1lt tisztas\u00e1g:<\/strong> A legmagasabb min\u0151s\u00e9g\u0171 term\u00e9kek, egy\u00e9rtelm\u0171 adagol\u00e1si inform\u00e1ci\u00f3kkal.<\/li>\n<li><strong>Egyszer\u0171 rendel\u00e9s:<\/strong> V\u00e1s\u00e1roljon metamfetamin krist\u00e1lyokat vagy port gyorsan \u00e9s egyszer\u0171en.<\/li>\n<\/ul>\n<h3><strong>V\u00e1s\u00e1roljon Metamfetamine most<\/strong><\/h3>\n<p>Tapasztalja meg az intenz\u00edv hat\u00e1s\u00e1t <strong>Metamfetamin<\/strong>. Ak\u00e1r krist\u00e1lyokat, ak\u00e1r port szeretne, n\u00e1lunk biztons\u00e1gosan \u00e9s diszkr\u00e9ten rendelhet online. Fedezze fel a term\u00e9ket, amely az extr\u00e9m energi\u00e1r\u00f3l, euf\u00f3ri\u00e1r\u00f3l \u00e9s \u00e9bers\u00e9gr\u0151l ismert. <strong>Rendelje meg a Metamfetamine-t online m\u00e9g ma, \u00e9s \u00e9lvezze az egyed\u00fcl\u00e1ll\u00f3 \u00e9lm\u00e9nyt.<\/strong><\/p>","protected":false},"excerpt":{"rendered":"<p><strong>Metamfetamin<\/strong>m\u00e1s n\u00e9ven <strong>Metamfetamin<\/strong>egy er\u0151s k\u00f6zponti idegrendszeri (CNS) stimul\u00e1ns a fenetilaminok oszt\u00e1ly\u00e1b\u00f3l. Ismert az energia \u00e9s a koncentr\u00e1ci\u00f3 n\u00f6vel\u00e9s\u00e9nek k\u00e9pess\u00e9g\u00e9r\u0151l, a <strong>Metamfetamin<\/strong> az idegtudom\u00e1nyok \u00e9s a farmakol\u00f3gia fontos kutat\u00e1si t\u00e1rgya, k\u00fcl\u00f6n\u00f6sen a dopamin \u00e9s a noradrenalin neurotranszmitterek vizsg\u00e1lata szempontj\u00e1b\u00f3l.<\/p>\n<p><strong>Hogyan fejti ki hat\u00e1s\u00e1t a Metamfetamin?<\/strong><br \/>\n<strong>Metamfetamin<\/strong> n\u00f6veli a <strong>Dopamin<\/strong>, <strong>Noradrenalin<\/strong> \u00e9s <strong>Szerotonin<\/strong> az agyban, ugyanakkor g\u00e1tolja a visszav\u00e9tel\u00fcket. Ez intenz\u00edv neuron\u00e1lis aktivit\u00e1shoz, fokozott \u00e9bers\u00e9ghez \u00e9s euf\u00f3ri\u00e1hoz vezet.<\/p>\n<ul>\n<li><strong>Hat\u00e1sok:<\/strong> Fokozott energia, fokozott koncentr\u00e1ci\u00f3, euf\u00f3ria \u00e9s \u00e9bers\u00e9g.<\/li>\n<li><strong>A hat\u00e1s kezdete:<\/strong> 10-30 perccel a lenyel\u00e9s ut\u00e1n.<\/li>\n<li><strong>A hat\u00e1s id\u0151tartama:<\/strong> 6-12 \u00f3ra, az adagol\u00e1st\u00f3l \u00e9s az egy\u00e9ni t\u00e9nyez\u0151kt\u0151l f\u00fcgg\u0151en.<\/li>\n<\/ul>\n<p><strong>K\u00e9plet \u00e9s tulajdons\u00e1gok<\/strong><\/p>\n<ul>\n<li><strong>K\u00e9miai n\u00e9v:<\/strong> N-metil-1-fenilprop\u00e1n-2-amin<\/li>\n<li><strong>Molekul\u00e1ris k\u00e9plet:<\/strong> C10H15N<\/li>\n<li><strong>Molekulat\u00f6meg:<\/strong> 149,24 g\/mol<\/li>\n<\/ul>","protected":false},"featured_media":1625,"comment_status":"open","ping_status":"closed","template":"","meta":{"_joinchat":[]},"product_brand":[],"product_cat":[246],"product_tag":[621,619,631,623,633,646,628,630,641,629,645,636,625,626,624,637,635,634,638,639,640,632,620,642,622,627,643,644],"class_list":{"0":"post-1239","1":"product","2":"type-product","3":"status-publish","4":"has-post-thumbnail","6":"product_cat-sex-meth","7":"product_tag-metamfetamina","8":"product_tag-metamphetamin","9":"product_tag-metamphetamin-anwendung","10":"product_tag-metamphetamin-bestellen","11":"product_tag-metamphetamin-dosierung","12":"product_tag-metamphetamin-fuer-apotheken","13":"product_tag-metamphetamin-fuer-forschung","14":"product_tag-metamphetamin-fuer-labore","15":"product_tag-metamphetamin-fuer-wissenschaftliche-studien","16":"product_tag-metamphetamin-grosshandel","17":"product_tag-metamphetamin-in-deutschland-kaufen","18":"product_tag-metamphetamin-lagerung","19":"product_tag-metamphetamin-lieferant","20":"product_tag-metamphetamin-online-kaufen","21":"product_tag-metamphetamin-preis","22":"product_tag-metamphetamin-reinheit","23":"product_tag-metamphetamin-risiken","24":"product_tag-metamphetamin-sicherheitsrichtlinien","25":"product_tag-metamphetamin-testsubstanzen","26":"product_tag-metamphetamin-vertrieb","27":"product_tag-metamphetamin-weltweit-bestellen","28":"product_tag-metamphetamin-wirkung","29":"product_tag-methamphetamin","30":"product_tag-methamphetamin-chemikalien","31":"product_tag-methamphetamin-kaufen","32":"product_tag-methamphetamin-legal-kaufen","33":"product_tag-methamphetamin-pulver-kaufen","34":"product_tag-wo-metamphetamin-kaufen","36":"first","37":"instock","38":"shipping-taxable","39":"purchasable","40":"product-type-variable"},"yoast_head":"<!-- This site is optimized with the Yoast SEO plugin v25.4 - https:\/\/yoast.com\/wordpress\/plugins\/seo\/ -->\n<title>Methamphetamin online kaufen \u2013 Methamphetamin zu verkaufen<\/title>\n<meta name=\"description\" content=\"Wenn Sie sich f\u00fcr Metamfetamin begeistern, ist unser Shop der beste Ort, um Metamfetamin online zu kaufen. Hier erhalten Sie Metamfetamin zum besten Preis. Bestellen Sie jetzt und erhalten Sie es in K\u00fcrze!\" \/>\n<meta name=\"robots\" content=\"index, follow, max-snippet:-1, max-image-preview:large, max-video-preview:-1\" \/>\n<link rel=\"canonical\" href=\"https:\/\/gblexpress.com\/hu\/termek-2\/metamfetamina\/\" \/>\n<meta property=\"og:locale\" content=\"hu_HU\" \/>\n<meta property=\"og:type\" content=\"article\" \/>\n<meta property=\"og:title\" content=\"Methamphetamin online kaufen \u2013 Methamphetamin zu verkaufen\" \/>\n<meta property=\"og:description\" content=\"Wenn Sie sich f\u00fcr Metamfetamin begeistern, ist unser Shop der beste Ort, um Metamfetamin online zu kaufen. Hier erhalten Sie Metamfetamin zum besten Preis. Bestellen Sie jetzt und erhalten Sie es in K\u00fcrze!\" \/>\n<meta property=\"og:url\" content=\"https:\/\/gblexpress.com\/hu\/termek-2\/metamfetamina\/\" \/>\n<meta property=\"og:site_name\" content=\"GBL Express\" \/>\n<meta property=\"article:modified_time\" content=\"2026-02-28T09:26:03+00:00\" \/>\n<meta property=\"og:image\" content=\"https:\/\/gblexpress.com\/wp-content\/uploads\/2024\/11\/Metamfetamina.jpg\" \/>\n\t<meta property=\"og:image:width\" content=\"600\" \/>\n\t<meta property=\"og:image:height\" content=\"600\" \/>\n\t<meta property=\"og:image:type\" content=\"image\/jpeg\" \/>\n<meta name=\"twitter:card\" content=\"summary_large_image\" \/>\n<meta name=\"twitter:label1\" content=\"Becs\u00fclt olvas\u00e1si id\u0151\" \/>\n\t<meta name=\"twitter:data1\" content=\"2 perc\" \/>\n<!-- \/ Yoast SEO plugin. -->","yoast_head_json":{"title":"V\u00e1s\u00e1roljon metamfetamint online \u2013 Metamfetamin elad\u00f3","description":"Ha szenved\u00e9lyes a metamfetamin ir\u00e1nt, \u00fczlet\u00fcnk a legjobb hely a metamfetamin online v\u00e1s\u00e1rl\u00e1s\u00e1ra. Itt a legjobb \u00e1ron szerezheti be a metamfetamint. Rendeld meg most \u00e9s hamarosan megkapod!","robots":{"index":"index","follow":"follow","max-snippet":"max-snippet:-1","max-image-preview":"max-image-preview:large","max-video-preview":"max-video-preview:-1"},"canonical":"https:\/\/gblexpress.com\/hu\/termek-2\/metamfetamina\/","og_locale":"hu_HU","og_type":"article","og_title":"Methamphetamin online kaufen \u2013 Methamphetamin zu verkaufen","og_description":"Wenn Sie sich f\u00fcr Metamfetamin begeistern, ist unser Shop der beste Ort, um Metamfetamin online zu kaufen. Hier erhalten Sie Metamfetamin zum besten Preis. Bestellen Sie jetzt und erhalten Sie es in K\u00fcrze!","og_url":"https:\/\/gblexpress.com\/hu\/termek-2\/metamfetamina\/","og_site_name":"GBL Express","article_modified_time":"2026-02-28T09:26:03+00:00","og_image":[{"width":600,"height":600,"url":"https:\/\/gblexpress.com\/wp-content\/uploads\/2024\/11\/Metamfetamina.jpg","type":"image\/jpeg"}],"twitter_card":"summary_large_image","twitter_misc":{"Becs\u00fclt olvas\u00e1si id\u0151":"2 perc"},"schema":{"@context":"https:\/\/schema.org","@graph":[{"@type":"WebPage","@id":"https:\/\/gblexpress.com\/product\/metamfetamina\/","url":"https:\/\/gblexpress.com\/product\/metamfetamina\/","name":"V\u00e1s\u00e1roljon metamfetamint online \u2013 Metamfetamin elad\u00f3","isPartOf":{"@id":"https:\/\/gblexpress.com\/#website"},"primaryImageOfPage":{"@id":"https:\/\/gblexpress.com\/product\/metamfetamina\/#primaryimage"},"image":{"@id":"https:\/\/gblexpress.com\/product\/metamfetamina\/#primaryimage"},"thumbnailUrl":"https:\/\/gblexpress.com\/wp-content\/uploads\/2024\/11\/Metamfetamina.jpg","datePublished":"2024-11-26T05:39:52+00:00","dateModified":"2026-02-28T09:26:03+00:00","description":"Ha szenved\u00e9lyes a metamfetamin ir\u00e1nt, \u00fczlet\u00fcnk a legjobb hely a metamfetamin online v\u00e1s\u00e1rl\u00e1s\u00e1ra. Itt a legjobb \u00e1ron szerezheti be a metamfetamint. Rendeld meg most \u00e9s hamarosan megkapod!","breadcrumb":{"@id":"https:\/\/gblexpress.com\/product\/metamfetamina\/#breadcrumb"},"inLanguage":"hu","potentialAction":[{"@type":"ReadAction","target":["https:\/\/gblexpress.com\/product\/metamfetamina\/"]}]},{"@type":"ImageObject","inLanguage":"hu","@id":"https:\/\/gblexpress.com\/product\/metamfetamina\/#primaryimage","url":"https:\/\/gblexpress.com\/wp-content\/uploads\/2024\/11\/Metamfetamina.jpg","contentUrl":"https:\/\/gblexpress.com\/wp-content\/uploads\/2024\/11\/Metamfetamina.jpg","width":600,"height":600,"caption":"Metamfetamina online kaufen"},{"@type":"BreadcrumbList","@id":"https:\/\/gblexpress.com\/product\/metamfetamina\/#breadcrumb","itemListElement":[{"@type":"ListItem","position":1,"name":"Home","item":"https:\/\/gblexpress.com\/"},{"@type":"ListItem","position":2,"name":"Shop","item":"https:\/\/gblexpress.com\/shop\/"},{"@type":"ListItem","position":3,"name":"Metamfetamina"}]},{"@type":"WebSite","@id":"https:\/\/gblexpress.com\/#website","url":"https:\/\/gblexpress.com\/","name":"GBL Express","description":"","publisher":{"@id":"https:\/\/gblexpress.com\/#organization"},"potentialAction":[{"@type":"SearchAction","target":{"@type":"EntryPoint","urlTemplate":"https:\/\/gblexpress.com\/?s={search_term_string}"},"query-input":{"@type":"PropertyValueSpecification","valueRequired":true,"valueName":"search_term_string"}}],"inLanguage":"hu"},{"@type":"Organization","@id":"https:\/\/gblexpress.com\/#organization","name":"GBL Express","url":"https:\/\/gblexpress.com\/","logo":{"@type":"ImageObject","inLanguage":"hu","@id":"https:\/\/gblexpress.com\/#\/schema\/logo\/image\/","url":"https:\/\/gblexpress.com\/wp-content\/uploads\/2023\/01\/logo.png","contentUrl":"https:\/\/gblexpress.com\/wp-content\/uploads\/2023\/01\/logo.png","width":250,"height":52,"caption":"GBL Express"},"image":{"@id":"https:\/\/gblexpress.com\/#\/schema\/logo\/image\/"}}]}},"jetpack-related-posts":[],"jetpack_sharing_enabled":true,"_links":{"self":[{"href":"https:\/\/gblexpress.com\/hu\/wp-json\/wp\/v2\/product\/1239","targetHints":{"allow":["GET"]}}],"collection":[{"href":"https:\/\/gblexpress.com\/hu\/wp-json\/wp\/v2\/product"}],"about":[{"href":"https:\/\/gblexpress.com\/hu\/wp-json\/wp\/v2\/types\/product"}],"replies":[{"embeddable":true,"href":"https:\/\/gblexpress.com\/hu\/wp-json\/wp\/v2\/comments?post=1239"}],"wp:featuredmedia":[{"embeddable":true,"href":"https:\/\/gblexpress.com\/hu\/wp-json\/wp\/v2\/media\/1625"}],"wp:attachment":[{"href":"https:\/\/gblexpress.com\/hu\/wp-json\/wp\/v2\/media?parent=1239"}],"wp:term":[{"taxonomy":"product_brand","embeddable":true,"href":"https:\/\/gblexpress.com\/hu\/wp-json\/wp\/v2\/product_brand?post=1239"},{"taxonomy":"product_cat","embeddable":true,"href":"https:\/\/gblexpress.com\/hu\/wp-json\/wp\/v2\/product_cat?post=1239"},{"taxonomy":"product_tag","embeddable":true,"href":"https:\/\/gblexpress.com\/hu\/wp-json\/wp\/v2\/product_tag?post=1239"}],"curies":[{"name":"wp","href":"https:\/\/api.w.org\/{rel}","templated":true}]}}