{"id":1255,"date":"2024-11-26T07:54:59","date_gmt":"2024-11-26T07:54:59","guid":{"rendered":"https:\/\/gblexpress.com\/?post_type=product&#038;p=1255"},"modified":"2026-02-27T10:32:03","modified_gmt":"2026-02-27T10:32:03","slug":"kokain-2","status":"publish","type":"product","link":"https:\/\/gblexpress.com\/hu\/termek-2\/kokain-2\/","title":{"rendered":"Cocainea"},"content":{"rendered":"<h2><strong>Kokain v\u00e1s\u00e1rl\u00e1sa: T\u00e1j\u00e9koztat\u00e1s a hat\u00e1sokr\u00f3l, t\u00edpusokr\u00f3l \u00e9s a biztons\u00e1gos v\u00e1s\u00e1rl\u00e1sr\u00f3l<\/strong><\/h2>\n<p><a href=\"https:\/\/gblexpress.com\/hu\/termek-2\/kokain-2\/\"><strong>Kokain<\/strong><\/a> az egyik legismertebb stimul\u00e1l\u00f3 tulajdons\u00e1gokkal rendelkez\u0151 anyag, amelyet gyakran haszn\u00e1lnak fokozott energia, f\u00f3kusz \u00e9s euf\u00f3ria \u00e9rdek\u00e9ben. K\u00fcl\u00f6nb\u00f6z\u0151 form\u00e1kban \u00e9s min\u0151s\u00e9gekben kaphat\u00f3, amelyek hat\u00e1sukban \u00e9s alkalmaz\u00e1sukban k\u00fcl\u00f6nb\u00f6znek. Ha <a href=\"https:\/\/en.wikipedia.org\/wiki\/Cocaine\"><strong>V\u00e1s\u00e1rolj kokaint<\/strong><\/a>fontos meg\u00e9rteni a rendelkez\u00e9sre \u00e1ll\u00f3 lehet\u0151s\u00e9geket \u00e9s azok biztons\u00e1gos haszn\u00e1lat\u00e1t.<a href=\"https:\/\/cokebricks.com\/product\/etizolam\/\">.<\/a><\/p>\n<h3><strong>A kokain t\u00edpusai<\/strong><\/h3>\n<p><strong>1. kokain-hidroklorid (por)<\/strong><br \/>\nA leggyakrabban haszn\u00e1lt forma, feh\u00e9r por n\u00e9ven ismert. Gyakran szippantj\u00e1k fel, vagy egyes esetekben intrav\u00e9n\u00e1san haszn\u00e1lj\u00e1k. Ez a forma gyors \u00e9s intenz\u00edv hat\u00e1s\u00e1r\u00f3l ismert.<a href=\"https:\/\/gblexpress.com\/hu\/shop\/szaraz-fozoett-ghb-500-gramm\/\">.<\/a><\/p>\n<p><strong>2. crack kokain<\/strong><br \/>\nEz a forma a kokain krist\u00e1lyos v\u00e1ltozata, amelyet \u00e1ltal\u00e1ban f\u00fcst\u00f6lnek. Gyorsabb, de r\u00f6videbb hat\u00e1st biztos\u00edt, mint a por alak\u00fa forma.<\/p>\n<p><strong>3. freebase kokain<\/strong><br \/>\nA kokain egy m\u00e1sik elsz\u00edvhat\u00f3 form\u00e1ja, amely tisztas\u00e1g\u00e1ban \u00e9s hat\u00e1s\u00e1ban is v\u00e1ltozik. Ezt a v\u00e1ltozatot gyakran a tapasztalt felhaszn\u00e1l\u00f3k kedvelik.<\/p>\n<h3><strong>Mi\u00e9rt v\u00e1lassza a kokaint?<\/strong><\/h3>\n<p><strong>1. gyors hat\u00e1s \u00e9s energia<\/strong><br \/>\nA kokain arr\u00f3l ismert, hogy nagyon r\u00f6vid id\u0151 alatt k\u00e9pes n\u00f6velni az energi\u00e1t \u00e9s a koncentr\u00e1ci\u00f3t. Gyakran haszn\u00e1lj\u00e1k olyan emberek, akik azonnali teljes\u00edtm\u00e9nyfokoz\u00e1sra v\u00e1gynak.<\/p>\n<p><strong>2. euf\u00f3rikus hat\u00e1sok<\/strong><br \/>\nAz energia \u00e9s a koncentr\u00e1ci\u00f3 n\u00f6vel\u00e9se mellett a kokain gyakran euf\u00f3ria\u00e9rzetet kelt \u00e9s n\u00f6veli az \u00f6nbizalmat.<\/p>\n<p><strong>3. k\u00fcl\u00f6nb\u00f6z\u0151 t\u00edpusok az egy\u00e9ni ig\u00e9nyeknek megfelel\u0151en<\/strong><br \/>\nAk\u00e1r por, ak\u00e1r reped\u00e9s form\u00e1j\u00e1ban, a kokain k\u00fcl\u00f6nb\u00f6z\u0151 alkalmaz\u00e1si lehet\u0151s\u00e9geket k\u00edn\u00e1l, \u00e9s szem\u00e9lyre szabhat\u00f3 a szem\u00e9lyes preferenci\u00e1knak megfelel\u0151en.<\/p>\n<h3><strong>V\u00e1s\u00e1roljon kokaint biztons\u00e1gosan<\/strong><\/h3>\n<p>Sokan keresnek megb\u00edzhat\u00f3 lehet\u0151s\u00e9get, <strong>Kokain online v\u00e1s\u00e1rl\u00e1sa<\/strong>. Platformunk a k\u00f6vetkez\u0151ket k\u00edn\u00e1lja \u00d6nnek:<\/p>\n<ul>\n<li><strong>Diszkr\u00e9t sz\u00e1ll\u00edt\u00e1s:<\/strong> A megrendel\u00e9seket n\u00e9vtelen\u00fcl csomagolj\u00e1k \u00e9s gyorsan k\u00e9zbes\u00edtik.<\/li>\n<li><strong>Tesztelt min\u0151s\u00e9g:<\/strong> Garant\u00e1ljuk, hogy minden term\u00e9k a legmagasabb min\u0151s\u00e9g\u0171.<\/li>\n<li><strong>Egyszer\u0171 rendel\u00e9s:<\/strong> N\u00e9h\u00e1ny kattint\u00e1ssal biztons\u00e1gosan \u00e9s egyszer\u0171en rendelhet kokaint.<\/li>\n<\/ul>\n<h3><strong>Fontos haszn\u00e1lati utas\u00edt\u00e1sok<\/strong><\/h3>\n<p><strong>1. adagol\u00e1s \u00e9s biztons\u00e1g<\/strong><br \/>\nA megfelel\u0151 adagol\u00e1s elengedhetetlen a nem k\u00edv\u00e1nt mell\u00e9khat\u00e1sok elker\u00fcl\u00e9se \u00e9rdek\u00e9ben. Tartsa be az aj\u00e1nlott mennyis\u00e9get, \u00e9s ker\u00fclje a t\u00faladagol\u00e1st.<\/p>\n<p><strong>2. t\u00e1j\u00e9koz\u00f3djon a hat\u00e1sr\u00f3l<\/strong><br \/>\nA kokainnak intenz\u00edv pszichol\u00f3giai \u00e9s fizikai hat\u00e1sai lehetnek. Haszn\u00e1lat el\u0151tt t\u00e1j\u00e9koz\u00f3djon a lehets\u00e9ges hat\u00e1sokr\u00f3l, k\u00fcl\u00f6n\u00f6sen, ha el\u0151sz\u00f6r haszn\u00e1lja.<\/p>\n<p><strong>3. \u00f3vatoss\u00e1g a kombin\u00e1ci\u00f3kkal<\/strong><br \/>\nA kokain \u00e9s m\u00e1s anyagok egyidej\u0171 haszn\u00e1lata nemk\u00edv\u00e1natos vagy vesz\u00e9lyes mell\u00e9khat\u00e1sokat okozhat.<\/p>\n<h3><strong>Gyakori keres\u00e9si lek\u00e9rdez\u00e9sek \u00e9s kulcsszavak<\/strong><\/h3>\n<ul>\n<li>Kokain online v\u00e1s\u00e1rl\u00e1sa<\/li>\n<li>Kokain \u00e1r \u00f6sszehasonl\u00edt\u00e1sa<\/li>\n<li>V\u00e1s\u00e1roljon kokaint biztons\u00e1gosan<\/li>\n<li>V\u00e1s\u00e1rolj feh\u00e9r kokaint<\/li>\n<li>Rendeljen crack kokaint<\/li>\n<li>Kokain hat\u00e1sa \u00e9s adagol\u00e1sa<\/li>\n<li>V\u00e1s\u00e1roljon diszkr\u00e9t kokaint<\/li>\n<li>Rendel\u00e9s kokain v\u00e9ny n\u00e9lk\u00fcl<\/li>\n<\/ul>\n<h3><strong>Vegy\u00e9l kokaint most<\/strong><\/h3>\n<p>Tal\u00e1lja meg az ig\u00e9nyeinek megfelel\u0151 szersz\u00e1mot \u00e9s rendelje meg <strong>Kokain<\/strong> biztons\u00e1gosan \u00e9s diszkr\u00e9ten online. Ak\u00e1r a port, a cracket vagy a freebase-t r\u00e9szes\u00edti el\u0151nyben, kiv\u00e1l\u00f3 min\u0151s\u00e9g\u0171, tisztas\u00e1gukr\u00f3l \u00e9s hat\u00e9konys\u00e1gukr\u00f3l ismert term\u00e9kekb\u0151l v\u00e1logathatunk. Rendeljen m\u00e9g ma, \u00e9s tapasztalja meg a legmagasabb min\u0151s\u00e9g\u0171 kokain el\u0151nyeit.<\/p>","protected":false},"excerpt":{"rendered":"<p><strong>Kokain<\/strong>m\u00e1s n\u00e9ven <strong>Cocainum<\/strong>egy er\u0151s k\u00f6zponti idegrendszeri stimul\u00e1ns, amelyet a kokacserje level\u00e9b\u0151l vonnak ki. \u00c9vsz\u00e1zadok \u00f3ta haszn\u00e1lj\u00e1k gy\u00f3gy\u00e1szati, tudom\u00e1nyos \u00e9s hagyom\u00e1nyos c\u00e9lokra. Ma a <strong>Kokain<\/strong> a neurotranszmitterek, az \u00e9bers\u00e9g \u00e9s az energia mechanizmusainak vizsg\u00e1lat\u00e1nak fontos kutat\u00e1si t\u00e9m\u00e1ja.<\/p>\n<p><strong>Hogyan hat a kokain?<\/strong><br \/>\n<strong>Kokain<\/strong> \u00fagy m\u0171k\u00f6dik, hogy g\u00e1tolja a dopamin, a noradrenalin \u00e9s a szerotonin visszav\u00e9tel\u00e9t az agyban. Ez ezen neurotranszmitterek megn\u00f6vekedett szintj\u00e9hez vezet a szinaptikus hasad\u00e9kban, ami \u00e9bers\u00e9get, euf\u00f3ri\u00e1t \u00e9s fokozott energi\u00e1t okoz.<\/p>\n<ul>\n<li><strong>Hat\u00e1sok:<\/strong> N\u00f6veli az energi\u00e1t, jav\u00edtja a koncentr\u00e1ci\u00f3t \u00e9s az euf\u00f3ri\u00e1t.<\/li>\n<li><strong>A hat\u00e1s kezdete:<\/strong> 5-10 perc inhal\u00e1l\u00e1s eset\u00e9n, intrav\u00e9n\u00e1s alkalmaz\u00e1s eset\u00e9n azonnal.<\/li>\n<li><strong>A hat\u00e1s id\u0151tartama:<\/strong> 30 perc \u00e9s 1 \u00f3ra k\u00f6z\u00f6tt.<\/li>\n<\/ul>\n<p><strong>K\u00e9plet \u00e9s tulajdons\u00e1gok<\/strong><\/p>\n<ul>\n<li><strong>K\u00e9miai n\u00e9v:<\/strong> Benzoylmethylecgonine<\/li>\n<li><strong>Molekul\u00e1ris k\u00e9plet:<\/strong> C17H21NO4<\/li>\n<li><strong>Molekulat\u00f6meg:<\/strong> 303,35 g\/mol<\/li>\n<\/ul>","protected":false},"featured_media":1281,"comment_status":"open","ping_status":"closed","template":"","meta":{"_joinchat":[]},"product_brand":[],"product_cat":[246],"product_tag":[472,494,474,491,481,475,490,495,476,477,489,480,493,497,482,486,478,496,479,485,484,483,487,498,488,473,492],"class_list":{"0":"post-1255","1":"product","2":"type-product","3":"status-publish","4":"has-post-thumbnail","6":"product_cat-sex-meth","7":"product_tag-kokain","8":"product_tag-kokain-anwendung","9":"product_tag-kokain-bestellen","10":"product_tag-kokain-chemikalien","11":"product_tag-kokain-dosierung","12":"product_tag-kokain-forschung","13":"product_tag-kokain-fuer-apotheken","14":"product_tag-kokain-fuer-klinische-studien","15":"product_tag-kokain-fuer-laboranwendung","16":"product_tag-kokain-fuer-medizinische-zwecke","17":"product_tag-kokain-fuer-wissenschaft","18":"product_tag-kokain-grosshandel","19":"product_tag-kokain-in-deutschland-kaufen","20":"product_tag-kokain-laborbedarf","21":"product_tag-kokain-lagerung","22":"product_tag-kokain-legal-kaufen","23":"product_tag-kokain-lieferant","24":"product_tag-kokain-medizinische-nutzung","25":"product_tag-kokain-preis","26":"product_tag-kokain-reinheit","27":"product_tag-kokain-risiken","28":"product_tag-kokain-sicherheitsrichtlinien","29":"product_tag-kokain-testsubstanzen","30":"product_tag-kokain-vertrieb","31":"product_tag-kokain-weltweit-bestellen","32":"product_tag-kokaina-kaufen","33":"product_tag-wo-kokain-kaufen","35":"first","36":"instock","37":"shipping-taxable","38":"purchasable","39":"product-type-variable","40":"has-default-attributes"},"yoast_head":"<!-- This site is optimized with the Yoast SEO plugin v25.4 - https:\/\/yoast.com\/wordpress\/plugins\/seo\/ -->\n<title>Kokaina online kaufen - Kokaina zu verkaufen<\/title>\n<meta name=\"description\" content=\"Bei Gblexpress erhalten Sie Kokaina g\u00fcnstig. Hier k\u00f6nnen Sie hochwertige Kokaina jetzt online in unserem Shop mit schnellem und sicherem Versand kaufen. Jetzt bestellen!\" \/>\n<meta name=\"robots\" content=\"index, follow, max-snippet:-1, max-image-preview:large, max-video-preview:-1\" \/>\n<link rel=\"canonical\" href=\"https:\/\/gblexpress.com\/hu\/termek-2\/kokain-2\/\" \/>\n<meta property=\"og:locale\" content=\"hu_HU\" \/>\n<meta property=\"og:type\" content=\"article\" \/>\n<meta property=\"og:title\" content=\"Kokaina online kaufen - Kokaina zu verkaufen\" \/>\n<meta property=\"og:description\" content=\"Bei Gblexpress erhalten Sie Kokaina g\u00fcnstig. Hier k\u00f6nnen Sie hochwertige Kokaina jetzt online in unserem Shop mit schnellem und sicherem Versand kaufen. Jetzt bestellen!\" \/>\n<meta property=\"og:url\" content=\"https:\/\/gblexpress.com\/hu\/termek-2\/kokain-2\/\" \/>\n<meta property=\"og:site_name\" content=\"GBL Express\" \/>\n<meta property=\"article:modified_time\" content=\"2026-02-27T10:32:03+00:00\" \/>\n<meta property=\"og:image\" content=\"https:\/\/gblexpress.com\/wp-content\/uploads\/2024\/11\/kokain.gif\" \/>\n\t<meta property=\"og:image:width\" content=\"600\" \/>\n\t<meta property=\"og:image:height\" content=\"600\" \/>\n\t<meta property=\"og:image:type\" content=\"image\/gif\" \/>\n<meta name=\"twitter:card\" content=\"summary_large_image\" \/>\n<meta name=\"twitter:label1\" content=\"Becs\u00fclt olvas\u00e1si id\u0151\" \/>\n\t<meta name=\"twitter:data1\" content=\"3 perc\" \/>\n<!-- \/ Yoast SEO plugin. -->","yoast_head_json":{"title":"V\u00e1s\u00e1roljon kokaint online - Kokain elad\u00f3","description":"A Gblexpressn\u00e9l olcs\u00f3n lehet kapni kokaint. Itt most online v\u00e1s\u00e1rolhat kiv\u00e1l\u00f3 min\u0151s\u00e9g\u0171 kokaint \u00fczlet\u00fcnkben, gyors \u00e9s biztons\u00e1gos sz\u00e1ll\u00edt\u00e1ssal. Rendeljen most!","robots":{"index":"index","follow":"follow","max-snippet":"max-snippet:-1","max-image-preview":"max-image-preview:large","max-video-preview":"max-video-preview:-1"},"canonical":"https:\/\/gblexpress.com\/hu\/termek-2\/kokain-2\/","og_locale":"hu_HU","og_type":"article","og_title":"Kokaina online kaufen - Kokaina zu verkaufen","og_description":"Bei Gblexpress erhalten Sie Kokaina g\u00fcnstig. Hier k\u00f6nnen Sie hochwertige Kokaina jetzt online in unserem Shop mit schnellem und sicherem Versand kaufen. Jetzt bestellen!","og_url":"https:\/\/gblexpress.com\/hu\/termek-2\/kokain-2\/","og_site_name":"GBL Express","article_modified_time":"2026-02-27T10:32:03+00:00","og_image":[{"width":600,"height":600,"url":"https:\/\/gblexpress.com\/wp-content\/uploads\/2024\/11\/kokain.gif","type":"image\/gif"}],"twitter_card":"summary_large_image","twitter_misc":{"Becs\u00fclt olvas\u00e1si id\u0151":"3 perc"},"schema":{"@context":"https:\/\/schema.org","@graph":[{"@type":"WebPage","@id":"https:\/\/gblexpress.com\/product\/kokaina\/","url":"https:\/\/gblexpress.com\/product\/kokaina\/","name":"V\u00e1s\u00e1roljon kokaint online - Kokain elad\u00f3","isPartOf":{"@id":"https:\/\/gblexpress.com\/#website"},"primaryImageOfPage":{"@id":"https:\/\/gblexpress.com\/product\/kokaina\/#primaryimage"},"image":{"@id":"https:\/\/gblexpress.com\/product\/kokaina\/#primaryimage"},"thumbnailUrl":"https:\/\/gblexpress.com\/wp-content\/uploads\/2024\/11\/kokain.gif","datePublished":"2024-11-26T07:54:59+00:00","dateModified":"2026-02-27T10:32:03+00:00","description":"A Gblexpressn\u00e9l olcs\u00f3n lehet kapni kokaint. Itt most online v\u00e1s\u00e1rolhat kiv\u00e1l\u00f3 min\u0151s\u00e9g\u0171 kokaint \u00fczlet\u00fcnkben, gyors \u00e9s biztons\u00e1gos sz\u00e1ll\u00edt\u00e1ssal. Rendeljen most!","breadcrumb":{"@id":"https:\/\/gblexpress.com\/product\/kokaina\/#breadcrumb"},"inLanguage":"hu","potentialAction":[{"@type":"ReadAction","target":["https:\/\/gblexpress.com\/product\/kokaina\/"]}]},{"@type":"ImageObject","inLanguage":"hu","@id":"https:\/\/gblexpress.com\/product\/kokaina\/#primaryimage","url":"https:\/\/gblexpress.com\/wp-content\/uploads\/2024\/11\/kokain.gif","contentUrl":"https:\/\/gblexpress.com\/wp-content\/uploads\/2024\/11\/kokain.gif","width":600,"height":600,"caption":"Kokain online kaufen"},{"@type":"BreadcrumbList","@id":"https:\/\/gblexpress.com\/product\/kokaina\/#breadcrumb","itemListElement":[{"@type":"ListItem","position":1,"name":"Home","item":"https:\/\/gblexpress.com\/"},{"@type":"ListItem","position":2,"name":"Shop","item":"https:\/\/gblexpress.com\/shop\/"},{"@type":"ListItem","position":3,"name":"Kokaina"}]},{"@type":"WebSite","@id":"https:\/\/gblexpress.com\/#website","url":"https:\/\/gblexpress.com\/","name":"GBL Express","description":"","publisher":{"@id":"https:\/\/gblexpress.com\/#organization"},"potentialAction":[{"@type":"SearchAction","target":{"@type":"EntryPoint","urlTemplate":"https:\/\/gblexpress.com\/?s={search_term_string}"},"query-input":{"@type":"PropertyValueSpecification","valueRequired":true,"valueName":"search_term_string"}}],"inLanguage":"hu"},{"@type":"Organization","@id":"https:\/\/gblexpress.com\/#organization","name":"GBL Express","url":"https:\/\/gblexpress.com\/","logo":{"@type":"ImageObject","inLanguage":"hu","@id":"https:\/\/gblexpress.com\/#\/schema\/logo\/image\/","url":"https:\/\/gblexpress.com\/wp-content\/uploads\/2023\/01\/logo.png","contentUrl":"https:\/\/gblexpress.com\/wp-content\/uploads\/2023\/01\/logo.png","width":250,"height":52,"caption":"GBL Express"},"image":{"@id":"https:\/\/gblexpress.com\/#\/schema\/logo\/image\/"}}]}},"jetpack-related-posts":[],"jetpack_sharing_enabled":true,"_links":{"self":[{"href":"https:\/\/gblexpress.com\/hu\/wp-json\/wp\/v2\/product\/1255","targetHints":{"allow":["GET"]}}],"collection":[{"href":"https:\/\/gblexpress.com\/hu\/wp-json\/wp\/v2\/product"}],"about":[{"href":"https:\/\/gblexpress.com\/hu\/wp-json\/wp\/v2\/types\/product"}],"replies":[{"embeddable":true,"href":"https:\/\/gblexpress.com\/hu\/wp-json\/wp\/v2\/comments?post=1255"}],"wp:featuredmedia":[{"embeddable":true,"href":"https:\/\/gblexpress.com\/hu\/wp-json\/wp\/v2\/media\/1281"}],"wp:attachment":[{"href":"https:\/\/gblexpress.com\/hu\/wp-json\/wp\/v2\/media?parent=1255"}],"wp:term":[{"taxonomy":"product_brand","embeddable":true,"href":"https:\/\/gblexpress.com\/hu\/wp-json\/wp\/v2\/product_brand?post=1255"},{"taxonomy":"product_cat","embeddable":true,"href":"https:\/\/gblexpress.com\/hu\/wp-json\/wp\/v2\/product_cat?post=1255"},{"taxonomy":"product_tag","embeddable":true,"href":"https:\/\/gblexpress.com\/hu\/wp-json\/wp\/v2\/product_tag?post=1255"}],"curies":[{"name":"wp","href":"https:\/\/api.w.org\/{rel}","templated":true}]}}