{"id":1260,"date":"2024-11-26T08:00:53","date_gmt":"2024-11-26T08:00:53","guid":{"rendered":"https:\/\/gblexpress.com\/?post_type=product&#038;p=1260"},"modified":"2025-04-13T19:29:16","modified_gmt":"2025-04-13T19:29:16","slug":"leki-nasenne","status":"publish","type":"product","link":"https:\/\/gblexpress.com\/hu\/termek-2\/leki-nasenne\/","title":{"rendered":"Leki orr"},"content":{"rendered":"","protected":false},"excerpt":{"rendered":"","protected":false},"featured_media":1282,"comment_status":"open","ping_status":"closed","template":"","meta":{"_joinchat":[]},"product_brand":[],"product_cat":[246],"product_tag":[],"class_list":{"0":"post-1260","1":"product","2":"type-product","3":"status-publish","4":"has-post-thumbnail","6":"product_cat-sex-meth","8":"first","9":"instock","10":"shipping-taxable","11":"product-type-simple"},"yoast_head":"<!-- This site is optimized with the Yoast SEO plugin v25.4 - https:\/\/yoast.com\/wordpress\/plugins\/seo\/ -->\n<title>Schlaftabletten online kaufen \u2013 Schlaftabletten zu verkaufen |<\/title>\n<meta name=\"description\" content=\"Entdecken Sie erstklassiges Ammonium-Leki-Nasenne in unserem Online-Shop \u2013 kaufen Sie Leki-Nasenne bequem und sicher f\u00fcr Ihre Forschung. Entdecken und kaufen Sie Leki-Nasenne online und unterst\u00fctzen Sie Ihre wissenschaftlichen Bem\u00fchungen. Jetzt bestellen!\" \/>\n<meta name=\"robots\" content=\"index, follow, max-snippet:-1, max-image-preview:large, max-video-preview:-1\" \/>\n<link rel=\"canonical\" href=\"https:\/\/gblexpress.com\/hu\/termek-2\/leki-nasenne\/\" \/>\n<meta property=\"og:locale\" content=\"hu_HU\" \/>\n<meta property=\"og:type\" content=\"article\" \/>\n<meta property=\"og:title\" content=\"Schlaftabletten online kaufen \u2013 Schlaftabletten zu verkaufen |\" \/>\n<meta property=\"og:description\" content=\"Entdecken Sie erstklassiges Ammonium-Leki-Nasenne in unserem Online-Shop \u2013 kaufen Sie Leki-Nasenne bequem und sicher f\u00fcr Ihre Forschung. Entdecken und kaufen Sie Leki-Nasenne online und unterst\u00fctzen Sie Ihre wissenschaftlichen Bem\u00fchungen. Jetzt bestellen!\" \/>\n<meta property=\"og:url\" content=\"https:\/\/gblexpress.com\/hu\/termek-2\/leki-nasenne\/\" \/>\n<meta property=\"og:site_name\" content=\"GBL Express\" \/>\n<meta property=\"article:modified_time\" content=\"2025-04-13T19:29:16+00:00\" \/>\n<meta property=\"og:image\" content=\"https:\/\/gblexpress.com\/wp-content\/uploads\/2024\/11\/leki-nesenne.gif\" \/>\n\t<meta property=\"og:image:width\" content=\"600\" \/>\n\t<meta property=\"og:image:height\" content=\"600\" \/>\n\t<meta property=\"og:image:type\" content=\"image\/gif\" \/>\n<meta name=\"twitter:card\" content=\"summary_large_image\" \/>\n<meta name=\"twitter:label1\" content=\"Becs\u00fclt olvas\u00e1si id\u0151\" \/>\n\t<meta name=\"twitter:data1\" content=\"1 perc\" \/>\n<!-- \/ Yoast SEO plugin. -->","yoast_head_json":{"title":"V\u00e1s\u00e1roljon altat\u00f3t online \u2013 Elad\u00f3 altat\u00f3k |","description":"Fedezze fel a pr\u00e9mium min\u0151s\u00e9g\u0171 amm\u00f3nium Leki Nasenne-t online boltunkban \u2013 v\u00e1s\u00e1rolja meg a Leki Nasenne-t k\u00e9nyelmesen \u00e9s biztons\u00e1gosan kutat\u00e1saihoz. Fedezze fel \u00e9s v\u00e1s\u00e1rolja meg a Leki-Nasenne-t online, \u00e9s t\u00e1mogassa tudom\u00e1nyos er\u0151fesz\u00edt\u00e9seit. Rendeljen most!","robots":{"index":"index","follow":"follow","max-snippet":"max-snippet:-1","max-image-preview":"max-image-preview:large","max-video-preview":"max-video-preview:-1"},"canonical":"https:\/\/gblexpress.com\/hu\/termek-2\/leki-nasenne\/","og_locale":"hu_HU","og_type":"article","og_title":"Schlaftabletten online kaufen \u2013 Schlaftabletten zu verkaufen |","og_description":"Entdecken Sie erstklassiges Ammonium-Leki-Nasenne in unserem Online-Shop \u2013 kaufen Sie Leki-Nasenne bequem und sicher f\u00fcr Ihre Forschung. Entdecken und kaufen Sie Leki-Nasenne online und unterst\u00fctzen Sie Ihre wissenschaftlichen Bem\u00fchungen. Jetzt bestellen!","og_url":"https:\/\/gblexpress.com\/hu\/termek-2\/leki-nasenne\/","og_site_name":"GBL Express","article_modified_time":"2025-04-13T19:29:16+00:00","og_image":[{"width":600,"height":600,"url":"https:\/\/gblexpress.com\/wp-content\/uploads\/2024\/11\/leki-nesenne.gif","type":"image\/gif"}],"twitter_card":"summary_large_image","twitter_misc":{"Becs\u00fclt olvas\u00e1si id\u0151":"1 perc"},"schema":{"@context":"https:\/\/schema.org","@graph":[{"@type":"WebPage","@id":"https:\/\/gblexpress.com\/product\/leki-nasenne\/","url":"https:\/\/gblexpress.com\/product\/leki-nasenne\/","name":"V\u00e1s\u00e1roljon altat\u00f3t online \u2013 Elad\u00f3 altat\u00f3k |","isPartOf":{"@id":"https:\/\/gblexpress.com\/#website"},"primaryImageOfPage":{"@id":"https:\/\/gblexpress.com\/product\/leki-nasenne\/#primaryimage"},"image":{"@id":"https:\/\/gblexpress.com\/product\/leki-nasenne\/#primaryimage"},"thumbnailUrl":"https:\/\/gblexpress.com\/wp-content\/uploads\/2024\/11\/leki-nesenne.gif","datePublished":"2024-11-26T08:00:53+00:00","dateModified":"2025-04-13T19:29:16+00:00","description":"Fedezze fel a pr\u00e9mium min\u0151s\u00e9g\u0171 amm\u00f3nium Leki Nasenne-t online boltunkban \u2013 v\u00e1s\u00e1rolja meg a Leki Nasenne-t k\u00e9nyelmesen \u00e9s biztons\u00e1gosan kutat\u00e1saihoz. Fedezze fel \u00e9s v\u00e1s\u00e1rolja meg a Leki-Nasenne-t online, \u00e9s t\u00e1mogassa tudom\u00e1nyos er\u0151fesz\u00edt\u00e9seit. Rendeljen most!","breadcrumb":{"@id":"https:\/\/gblexpress.com\/product\/leki-nasenne\/#breadcrumb"},"inLanguage":"hu","potentialAction":[{"@type":"ReadAction","target":["https:\/\/gblexpress.com\/product\/leki-nasenne\/"]}]},{"@type":"ImageObject","inLanguage":"hu","@id":"https:\/\/gblexpress.com\/product\/leki-nasenne\/#primaryimage","url":"https:\/\/gblexpress.com\/wp-content\/uploads\/2024\/11\/leki-nesenne.gif","contentUrl":"https:\/\/gblexpress.com\/wp-content\/uploads\/2024\/11\/leki-nesenne.gif","width":600,"height":600,"caption":"leki-nesenne online kaufen"},{"@type":"BreadcrumbList","@id":"https:\/\/gblexpress.com\/product\/leki-nasenne\/#breadcrumb","itemListElement":[{"@type":"ListItem","position":1,"name":"Home","item":"https:\/\/gblexpress.com\/"},{"@type":"ListItem","position":2,"name":"Shop","item":"https:\/\/gblexpress.com\/shop\/"},{"@type":"ListItem","position":3,"name":"Leki Nasenne"}]},{"@type":"WebSite","@id":"https:\/\/gblexpress.com\/#website","url":"https:\/\/gblexpress.com\/","name":"GBL Express","description":"","publisher":{"@id":"https:\/\/gblexpress.com\/#organization"},"potentialAction":[{"@type":"SearchAction","target":{"@type":"EntryPoint","urlTemplate":"https:\/\/gblexpress.com\/?s={search_term_string}"},"query-input":{"@type":"PropertyValueSpecification","valueRequired":true,"valueName":"search_term_string"}}],"inLanguage":"hu"},{"@type":"Organization","@id":"https:\/\/gblexpress.com\/#organization","name":"GBL Express","url":"https:\/\/gblexpress.com\/","logo":{"@type":"ImageObject","inLanguage":"hu","@id":"https:\/\/gblexpress.com\/#\/schema\/logo\/image\/","url":"https:\/\/gblexpress.com\/wp-content\/uploads\/2023\/01\/logo.png","contentUrl":"https:\/\/gblexpress.com\/wp-content\/uploads\/2023\/01\/logo.png","width":250,"height":52,"caption":"GBL Express"},"image":{"@id":"https:\/\/gblexpress.com\/#\/schema\/logo\/image\/"}}]}},"jetpack-related-posts":[],"jetpack_sharing_enabled":true,"_links":{"self":[{"href":"https:\/\/gblexpress.com\/hu\/wp-json\/wp\/v2\/product\/1260","targetHints":{"allow":["GET"]}}],"collection":[{"href":"https:\/\/gblexpress.com\/hu\/wp-json\/wp\/v2\/product"}],"about":[{"href":"https:\/\/gblexpress.com\/hu\/wp-json\/wp\/v2\/types\/product"}],"replies":[{"embeddable":true,"href":"https:\/\/gblexpress.com\/hu\/wp-json\/wp\/v2\/comments?post=1260"}],"wp:featuredmedia":[{"embeddable":true,"href":"https:\/\/gblexpress.com\/hu\/wp-json\/wp\/v2\/media\/1282"}],"wp:attachment":[{"href":"https:\/\/gblexpress.com\/hu\/wp-json\/wp\/v2\/media?parent=1260"}],"wp:term":[{"taxonomy":"product_brand","embeddable":true,"href":"https:\/\/gblexpress.com\/hu\/wp-json\/wp\/v2\/product_brand?post=1260"},{"taxonomy":"product_cat","embeddable":true,"href":"https:\/\/gblexpress.com\/hu\/wp-json\/wp\/v2\/product_cat?post=1260"},{"taxonomy":"product_tag","embeddable":true,"href":"https:\/\/gblexpress.com\/hu\/wp-json\/wp\/v2\/product_tag?post=1260"}],"curies":[{"name":"wp","href":"https:\/\/api.w.org\/{rel}","templated":true}]}}