{"id":1262,"date":"2024-11-26T08:00:50","date_gmt":"2024-11-26T08:00:50","guid":{"rendered":"https:\/\/gblexpress.com\/?post_type=product&#038;p=1262"},"modified":"2026-02-24T11:30:35","modified_gmt":"2026-02-24T11:30:35","slug":"amfetamina","status":"publish","type":"product","link":"https:\/\/gblexpress.com\/hu\/termek-2\/amfetamina\/","title":{"rendered":"Amfetamina"},"content":{"rendered":"<h2><strong>Amfetamina online Kaufen: Maximieren Sie Ihre Konzentration und Produktivit\u00e4t<\/strong><\/h2>\n<p>Amfetamina ist ein bekanntes Mittel, das h\u00e4ufig verwendet wird, um die Konzentration zu steigern, den Fokus zu verbessern und die Symptome von ADHS zu behandeln. Wenn Sie auf der Suche nach einer effektiven L\u00f6sung sind, um Ihre kognitiven F\u00e4higkeiten zu verbessern oder Ihre Produktivit\u00e4t zu steigern, ist Amfetamina die ideale Wahl <a href=\"https:\/\/gblexpress.com\/hu\/termek-2\/amfetamina\/\">Amfetamina online v\u00e1s\u00e1rl\u00e1sa<\/a><a href=\"https:\/\/gblexpress.com\/hu\/shop\/gbl-vasarlas-online-butirolakton-vasarlas\/\">.<\/a><\/p>\n<h3><strong>Mi\u00e9rt v\u00e1lassza az Amfetamin\u00e1t?<\/strong><\/h3>\n<p><strong>1. amfetamina a f\u00f3kusz \u00e9s a koncentr\u00e1ci\u00f3 \u00e9rdek\u00e9ben<\/strong><br \/>\nAz Amfetamina k\u00f6zvetlen\u00fcl a k\u00f6zponti idegrendszerre hat, \u00e9s seg\u00edt a koncentr\u00e1ci\u00f3 \u00e9s a szellemi \u00f6sszpontos\u00edt\u00e1s n\u00f6vel\u00e9s\u00e9ben. Kiv\u00e1l\u00f3 t\u00e1mogat\u00e1s, k\u00fcl\u00f6n\u00f6sen a di\u00e1kok vagy szakemberek sz\u00e1m\u00e1ra, akik szeretn\u00e9k maximaliz\u00e1lni a hat\u00e9konys\u00e1gukat.<a href=\"https:\/\/cokebricks.com\/product\/fishscale-cocaine\/\">.<\/a><\/p>\n<p><strong>2. amfetamina ADHD kezel\u00e9s\u00e9re<\/strong><br \/>\nAz amfetamin\u00e1t gyakran haszn\u00e1lj\u00e1k az ADHD kezel\u00e9s\u00e9ben, mivel seg\u00edt cs\u00f6kkenteni az olyan t\u00fcneteket, mint a figyelmetlens\u00e9g, az impulzivit\u00e1s \u00e9s a hiperaktivit\u00e1s. Ez lehet\u0151v\u00e9 teszi az \u00e9rintettek sz\u00e1m\u00e1ra, hogy jobban koncentr\u00e1ljanak a feladatokra \u00e9s el\u00e9rj\u00e9k c\u00e9ljaikat.<\/p>\n<p><strong>3. hat\u00e9kony adagol\u00e1s \u00e9s gyors hat\u00e1s<\/strong><br \/>\nA megfelel\u0151 Amfetamina adagol\u00e1ssal gyors eredm\u00e9nyeket \u00e9rhet el. Tabletta form\u00e1j\u00e1ban kaphat\u00f3, ami megk\u00f6nny\u00edti \u00e9s diszkr\u00e9tt\u00e9 teszi a haszn\u00e1lat\u00e1t. Ismerje meg a helyes adagol\u00e1st a legjobb eredm\u00e9nyek el\u00e9r\u00e9se \u00e9rdek\u00e9ben.<\/p>\n<p><strong>4. amfetamina a tanul\u00e1shoz \u00e9s a termel\u00e9kenys\u00e9ghez<\/strong><br \/>\nAz Amfetamin\u00e1t gyakran keresik azok, akik jav\u00edtani szeretn\u00e9k szellemi teljes\u00edtm\u00e9ny\u00fcket, k\u00fcl\u00f6n\u00f6sen stresszes id\u0151szakokban, p\u00e9ld\u00e1ul vizsg\u00e1k vagy intenz\u00edv munkaid\u0151szakok alatt. Seg\u00edt hosszabb ideig koncentr\u00e1lni \u00e9s hat\u00e9konyabban dolgozni.<\/p>\n<p><strong>Hol lehet megv\u00e1s\u00e1rolni az Amfetamina-t?<\/strong><\/p>\n<p>Sok felhaszn\u00e1l\u00f3 biztons\u00e1gos \u00e9s megb\u00edzhat\u00f3 lehet\u0151s\u00e9geket keres, <a href=\"https:\/\/en.wikipedia.org\/wiki\/Amphetamine\"><strong>Amfetamina online v\u00e1s\u00e1rl\u00e1sa<\/strong><\/a>. Online gy\u00f3gyszert\u00e1runkban rendelhet Amfetamina v\u00e9ny n\u00e9lk\u00fcl, \u00e9s \u00e9lvezheti a gyors sz\u00e1ll\u00edt\u00e1s el\u0151nyeit. Szolg\u00e1ltat\u00e1sunk egyszer\u0171 rendel\u00e9si lehet\u0151s\u00e9geket \u00e9s diszkr\u00e9t csomagol\u00e1st k\u00edn\u00e1l \u00d6nnek a mag\u00e1n\u00e9let v\u00e9delme \u00e9rdek\u00e9ben.<\/p>\n<p><strong>Gyakori keres\u00e9si lek\u00e9rdez\u00e9sek felhaszn\u00e1l\u00f3inkt\u00f3l<\/strong><\/p>\n<ol>\n<li><strong>Amfetamina online v\u00e1s\u00e1rl\u00e1sa<\/strong><\/li>\n<li><strong>Amfetamina \u00e1r \u00f6sszehasonl\u00edt\u00e1sa<\/strong><\/li>\n<li><strong>Amfetamina adagol\u00e1s ADHD eset\u00e9n<\/strong><\/li>\n<li><strong>Amfetamina az \u00f6sszpontos\u00edt\u00e1s\u00e9rt \u00e9s a koncentr\u00e1ci\u00f3\u00e9rt<\/strong><\/li>\n<li><strong>Rendeljen olcs\u00f3 Amfetamina<\/strong><\/li>\n<li><strong>V\u00e1s\u00e1rl\u00e1s Amfetamina v\u00e9ny n\u00e9lk\u00fcl<\/strong><\/li>\n<li><strong>Amfetamina a tanul\u00e1shoz \u00e9s a termel\u00e9kenys\u00e9ghez<\/strong><\/li>\n<\/ol>\n<h3><strong>Mennyire biztons\u00e1gos az Amfetamina?<\/strong><\/h3>\n<p>Az Amfetamina helyes haszn\u00e1lata elengedhetetlen a maxim\u00e1lis el\u0151ny\u00f6k el\u00e9r\u00e9s\u00e9hez \u00e9s a mell\u00e9khat\u00e1sok minimaliz\u00e1l\u00e1s\u00e1hoz. Ismerje meg a lehets\u00e9ges <strong>Amfetamina mell\u00e9khat\u00e1sok<\/strong> \u00e9s tartsa be az aj\u00e1nlott adagot. Felel\u0151ss\u00e9gteljes haszn\u00e1lat mellett biztons\u00e1gosan el\u00e9rheti c\u00e9ljait.<\/p>\n<h3><strong>Amfetamina rendel\u00e9se most<\/strong><\/h3>\n<p>Tegye meg az els\u0151 l\u00e9p\u00e9st a nagyobb \u00f6sszpontos\u00edt\u00e1s \u00e9s termel\u00e9kenys\u00e9g fel\u00e9. <strong>Amfetamina online rendel\u00e9se<\/strong> \u00e9s \u00e9lvezze a gyors \u00e9s megb\u00edzhat\u00f3 sz\u00e1ll\u00edt\u00e1s el\u0151nyeit. Fedezze fel, milyen egyszer\u0171 n\u00f6velni szellemi teljes\u00edtm\u00e9ny\u00e9t, \u00e9s nagyobb energi\u00e1val \u00e9s tiszt\u00e1nl\u00e1t\u00e1ssal megbirk\u00f3zni a mindennapi kih\u00edv\u00e1sokkal.<\/p>","protected":false},"excerpt":{"rendered":"<p><strong>Amfetamina<\/strong>er\u0151s serkent\u0151 hat\u00e1sa van a <strong>Fenetilamin oszt\u00e1ly<\/strong>gyakran haszn\u00e1lj\u00e1k figyelemhi\u00e1nyos\/hiperaktivit\u00e1si zavar (ADHD) \u00e9s narkolepszia kezel\u00e9s\u00e9re. Az idegtudom\u00e1ny \u00e9s a farmakol\u00f3gia fontos kutat\u00e1si t\u00e1rgya is, hogy meg\u00e9rts\u00fck a stimul\u00e1nsok kognit\u00edv funkci\u00f3kra, motiv\u00e1ci\u00f3ra \u00e9s neurol\u00f3giai mechanizmusokra gyakorolt hat\u00e1s\u00e1t.<\/p>\n<p><strong>Hogyan m\u0171k\u00f6dik az Amfetamina?<\/strong><br \/>\nAz Amfetamina n\u00f6veli a <strong>Dopamin<\/strong> \u00e9s <strong>Noradrenalin<\/strong> az agyban, \u00e9s egy\u00fattal g\u00e1tolja a visszav\u00e9tel\u00fcket. Ez fokozott koncentr\u00e1ci\u00f3hoz, megn\u00f6vekedett energi\u00e1hoz \u00e9s jobb kognit\u00edv k\u00e9pess\u00e9gekhez vezet.<\/p>\n<ul>\n<li><strong>Hat\u00e1sok:<\/strong> Jav\u00edtott \u00e9bers\u00e9g, fokozott motiv\u00e1ci\u00f3 \u00e9s fokozott figyelem.<\/li>\n<li><strong>A hat\u00e1s kezdete:<\/strong> 20-60 perccel a lenyel\u00e9s ut\u00e1n.<\/li>\n<li><strong>A hat\u00e1s id\u0151tartama:<\/strong> 4-8 \u00f3ra, az adagt\u00f3l \u00e9s az egy\u00e9ni reakci\u00f3t\u00f3l f\u00fcgg\u0151en.<\/li>\n<\/ul>\n<p><strong>K\u00e9plet \u00e9s tulajdons\u00e1gok<\/strong><\/p>\n<ul>\n<li><strong>K\u00e9miai n\u00e9v:<\/strong> Alfa-metilfeniletilamin<\/li>\n<li><strong>Molekul\u00e1ris k\u00e9plet:<\/strong> C9H13N<\/li>\n<li><strong>Molekulat\u00f6meg:<\/strong> 135,21 g\/mol<\/li>\n<\/ul>","protected":false},"featured_media":1610,"comment_status":"open","ping_status":"closed","template":"","meta":{"_joinchat":[]},"product_brand":[],"product_cat":[33,34,36,35,246],"product_tag":[358,366,361,385,367,383,369,379,378,370,371,368,384,360,372,365,363,364,362,377,386,374,373,376,381,380,359,375,382],"class_list":{"0":"post-1262","1":"product","2":"type-product","3":"status-publish","4":"has-post-thumbnail","6":"product_cat-gbl-gamma-butyrolactone-25l","7":"product_cat-ghb","8":"product_cat-ko-drops","9":"product_cat-ritalin","10":"product_cat-sex-meth","11":"product_tag-amfetamina","12":"product_tag-amfetamina-anwendung","13":"product_tag-amfetamina-bestellen","14":"product_tag-amfetamina-chemikalien","15":"product_tag-amfetamina-dosierung","16":"product_tag-amfetamina-fuer-apotheken","17":"product_tag-amfetamina-fuer-forschung","18":"product_tag-amfetamina-fuer-industrielle-zwecke","19":"product_tag-amfetamina-fuer-konzentration","20":"product_tag-amfetamina-fuer-labore","21":"product_tag-amfetamina-fuer-medizinische-zwecke","22":"product_tag-amfetamina-grosshandel","23":"product_tag-amfetamina-in-deutschland-kaufen","24":"product_tag-amfetamina-kaufen","25":"product_tag-amfetamina-lagerung","26":"product_tag-amfetamina-legal-kaufen","27":"product_tag-amfetamina-lieferant","28":"product_tag-amfetamina-online-kaufen","29":"product_tag-amfetamina-preis","30":"product_tag-amfetamina-pulver","31":"product_tag-amfetamina-reinheit","32":"product_tag-amfetamina-risiken","33":"product_tag-amfetamina-sicherheitsrichtlinien","34":"product_tag-amfetamina-tabletten","35":"product_tag-amfetamina-vertrieb","36":"product_tag-amfetamina-weltweit-bestellen","37":"product_tag-amphetamin","38":"product_tag-amphetamin-kaufen","39":"product_tag-wo-amfetamina-kaufen","41":"first","42":"instock","43":"shipping-taxable","44":"purchasable","45":"product-type-variable"},"yoast_head":"<!-- This site is optimized with the Yoast SEO plugin v25.4 - https:\/\/yoast.com\/wordpress\/plugins\/seo\/ -->\n<title>Amfetamina online kaufen \u2013 Amfetamina zum Verkauf<\/title>\n<meta name=\"description\" content=\"M\u00f6chten Sie Amfetamin online kaufen? Entdecken Sie die nahtlose Plattform unseres Online-Shops, auf der Sie Amfetamin in h\u00f6chster Qualit\u00e4t f\u00fcr Ihre Forschungsanforderungen erwerben k\u00f6nnen.\" \/>\n<meta name=\"robots\" content=\"index, follow, max-snippet:-1, max-image-preview:large, max-video-preview:-1\" \/>\n<link rel=\"canonical\" href=\"https:\/\/gblexpress.com\/hu\/termek-2\/amfetamina\/\" \/>\n<meta property=\"og:locale\" content=\"hu_HU\" \/>\n<meta property=\"og:type\" content=\"article\" \/>\n<meta property=\"og:title\" content=\"Amfetamina online kaufen \u2013 Amfetamina zum Verkauf\" \/>\n<meta property=\"og:description\" content=\"M\u00f6chten Sie Amfetamin online kaufen? Entdecken Sie die nahtlose Plattform unseres Online-Shops, auf der Sie Amfetamin in h\u00f6chster Qualit\u00e4t f\u00fcr Ihre Forschungsanforderungen erwerben k\u00f6nnen.\" \/>\n<meta property=\"og:url\" content=\"https:\/\/gblexpress.com\/hu\/termek-2\/amfetamina\/\" \/>\n<meta property=\"og:site_name\" content=\"GBL Express\" \/>\n<meta property=\"article:modified_time\" content=\"2026-02-24T11:30:35+00:00\" \/>\n<meta property=\"og:image\" content=\"https:\/\/gblexpress.com\/wp-content\/uploads\/2024\/11\/Amfetamina.jpg\" \/>\n\t<meta property=\"og:image:width\" content=\"600\" \/>\n\t<meta property=\"og:image:height\" content=\"600\" \/>\n\t<meta property=\"og:image:type\" content=\"image\/jpeg\" \/>\n<meta name=\"twitter:card\" content=\"summary_large_image\" \/>\n<meta name=\"twitter:label1\" content=\"Becs\u00fclt olvas\u00e1si id\u0151\" \/>\n\t<meta name=\"twitter:data1\" content=\"2 perc\" \/>\n<!-- \/ Yoast SEO plugin. -->","yoast_head_json":{"title":"V\u00e1s\u00e1roljon amfetamint online \u2013 Amfetamin elad\u00f3","description":"Szeretne online amfetamint v\u00e1s\u00e1rolni? Fedezze fel z\u00f6kken\u0151mentes online \u00e1ruh\u00e1zunk platformj\u00e1t, ahol a legjobb min\u0151s\u00e9g\u0171 amfetamint v\u00e1s\u00e1rolhatja meg kutat\u00e1si ig\u00e9nyeihez.","robots":{"index":"index","follow":"follow","max-snippet":"max-snippet:-1","max-image-preview":"max-image-preview:large","max-video-preview":"max-video-preview:-1"},"canonical":"https:\/\/gblexpress.com\/hu\/termek-2\/amfetamina\/","og_locale":"hu_HU","og_type":"article","og_title":"Amfetamina online kaufen \u2013 Amfetamina zum Verkauf","og_description":"M\u00f6chten Sie Amfetamin online kaufen? Entdecken Sie die nahtlose Plattform unseres Online-Shops, auf der Sie Amfetamin in h\u00f6chster Qualit\u00e4t f\u00fcr Ihre Forschungsanforderungen erwerben k\u00f6nnen.","og_url":"https:\/\/gblexpress.com\/hu\/termek-2\/amfetamina\/","og_site_name":"GBL Express","article_modified_time":"2026-02-24T11:30:35+00:00","og_image":[{"width":600,"height":600,"url":"https:\/\/gblexpress.com\/wp-content\/uploads\/2024\/11\/Amfetamina.jpg","type":"image\/jpeg"}],"twitter_card":"summary_large_image","twitter_misc":{"Becs\u00fclt olvas\u00e1si id\u0151":"2 perc"},"schema":{"@context":"https:\/\/schema.org","@graph":[{"@type":"WebPage","@id":"https:\/\/gblexpress.com\/product\/amfetamina\/","url":"https:\/\/gblexpress.com\/product\/amfetamina\/","name":"V\u00e1s\u00e1roljon amfetamint online \u2013 Amfetamin elad\u00f3","isPartOf":{"@id":"https:\/\/gblexpress.com\/#website"},"primaryImageOfPage":{"@id":"https:\/\/gblexpress.com\/product\/amfetamina\/#primaryimage"},"image":{"@id":"https:\/\/gblexpress.com\/product\/amfetamina\/#primaryimage"},"thumbnailUrl":"https:\/\/gblexpress.com\/wp-content\/uploads\/2024\/11\/Amfetamina.jpg","datePublished":"2024-11-26T08:00:50+00:00","dateModified":"2026-02-24T11:30:35+00:00","description":"Szeretne online amfetamint v\u00e1s\u00e1rolni? Fedezze fel z\u00f6kken\u0151mentes online \u00e1ruh\u00e1zunk platformj\u00e1t, ahol a legjobb min\u0151s\u00e9g\u0171 amfetamint v\u00e1s\u00e1rolhatja meg kutat\u00e1si ig\u00e9nyeihez.","breadcrumb":{"@id":"https:\/\/gblexpress.com\/product\/amfetamina\/#breadcrumb"},"inLanguage":"hu","potentialAction":[{"@type":"ReadAction","target":["https:\/\/gblexpress.com\/product\/amfetamina\/"]}]},{"@type":"ImageObject","inLanguage":"hu","@id":"https:\/\/gblexpress.com\/product\/amfetamina\/#primaryimage","url":"https:\/\/gblexpress.com\/wp-content\/uploads\/2024\/11\/Amfetamina.jpg","contentUrl":"https:\/\/gblexpress.com\/wp-content\/uploads\/2024\/11\/Amfetamina.jpg","width":600,"height":600,"caption":"Amfetamina online kaufen"},{"@type":"BreadcrumbList","@id":"https:\/\/gblexpress.com\/product\/amfetamina\/#breadcrumb","itemListElement":[{"@type":"ListItem","position":1,"name":"Home","item":"https:\/\/gblexpress.com\/"},{"@type":"ListItem","position":2,"name":"Shop","item":"https:\/\/gblexpress.com\/shop\/"},{"@type":"ListItem","position":3,"name":"Amfetamina"}]},{"@type":"WebSite","@id":"https:\/\/gblexpress.com\/#website","url":"https:\/\/gblexpress.com\/","name":"GBL Express","description":"","publisher":{"@id":"https:\/\/gblexpress.com\/#organization"},"potentialAction":[{"@type":"SearchAction","target":{"@type":"EntryPoint","urlTemplate":"https:\/\/gblexpress.com\/?s={search_term_string}"},"query-input":{"@type":"PropertyValueSpecification","valueRequired":true,"valueName":"search_term_string"}}],"inLanguage":"hu"},{"@type":"Organization","@id":"https:\/\/gblexpress.com\/#organization","name":"GBL Express","url":"https:\/\/gblexpress.com\/","logo":{"@type":"ImageObject","inLanguage":"hu","@id":"https:\/\/gblexpress.com\/#\/schema\/logo\/image\/","url":"https:\/\/gblexpress.com\/wp-content\/uploads\/2023\/01\/logo.png","contentUrl":"https:\/\/gblexpress.com\/wp-content\/uploads\/2023\/01\/logo.png","width":250,"height":52,"caption":"GBL Express"},"image":{"@id":"https:\/\/gblexpress.com\/#\/schema\/logo\/image\/"}}]}},"jetpack-related-posts":[],"jetpack_sharing_enabled":true,"_links":{"self":[{"href":"https:\/\/gblexpress.com\/hu\/wp-json\/wp\/v2\/product\/1262","targetHints":{"allow":["GET"]}}],"collection":[{"href":"https:\/\/gblexpress.com\/hu\/wp-json\/wp\/v2\/product"}],"about":[{"href":"https:\/\/gblexpress.com\/hu\/wp-json\/wp\/v2\/types\/product"}],"replies":[{"embeddable":true,"href":"https:\/\/gblexpress.com\/hu\/wp-json\/wp\/v2\/comments?post=1262"}],"wp:featuredmedia":[{"embeddable":true,"href":"https:\/\/gblexpress.com\/hu\/wp-json\/wp\/v2\/media\/1610"}],"wp:attachment":[{"href":"https:\/\/gblexpress.com\/hu\/wp-json\/wp\/v2\/media?parent=1262"}],"wp:term":[{"taxonomy":"product_brand","embeddable":true,"href":"https:\/\/gblexpress.com\/hu\/wp-json\/wp\/v2\/product_brand?post=1262"},{"taxonomy":"product_cat","embeddable":true,"href":"https:\/\/gblexpress.com\/hu\/wp-json\/wp\/v2\/product_cat?post=1262"},{"taxonomy":"product_tag","embeddable":true,"href":"https:\/\/gblexpress.com\/hu\/wp-json\/wp\/v2\/product_tag?post=1262"}],"curies":[{"name":"wp","href":"https:\/\/api.w.org\/{rel}","templated":true}]}}