{"id":1263,"date":"2024-11-26T08:00:49","date_gmt":"2024-11-26T08:00:49","guid":{"rendered":"https:\/\/gblexpress.com\/?post_type=product&#038;p=1263"},"modified":"2026-02-27T10:30:27","modified_gmt":"2026-02-27T10:30:27","slug":"lsd-kvass","status":"publish","type":"product","link":"https:\/\/gblexpress.com\/hu\/termek-2\/lsd-kvass\/","title":{"rendered":"LSD (kvasz)"},"content":{"rendered":"<h2><strong>V\u00e1s\u00e1roljon LSD-t: Karton \u00e9s egy\u00e9b v\u00e1ltozatok biztons\u00e1gos megrendel\u00e9se<\/strong><\/h2>\n<p>Az LSD, m\u00e1s n\u00e9ven lizergsav-dietilamid, az egyik legismertebb pszichedelikus anyag, amelyet intenz\u00edv, tudatm\u00f3dos\u00edt\u00f3 hat\u00e1sai miatt tartanak sz\u00e1mon. Ak\u00e1r <a href=\"https:\/\/en.wikipedia.org\/wiki\/LSD\"><strong>LSD Blotter megv\u00e1s\u00e1rl\u00e1sa<\/strong><\/a>, <a href=\"https:\/\/gblexpress.com\/hu\/termek-2\/lsd-kvass\/\"><strong>LSD karton rendel\u00e9se<\/strong><\/a> vagy m\u00e1s v\u00e1ltozatokat szeretne kipr\u00f3b\u00e1lni, fontos, hogy meg\u00e9rtse a hat\u00e1sokat, az adagol\u00e1st \u00e9s a biztons\u00e1gos rendel\u00e9si lehet\u0151s\u00e9geket LSD v\u00e1s\u00e1rl\u00e1sa<a href=\"https:\/\/gblexprimer.com\/product\/viagra\/\">.<\/a><\/p>\n<h3><strong>Mi\u00e9rt \u00e9rdemes LSD-t venni?<\/strong><\/h3>\n<p><strong>1. egyedi hat\u00e1s<\/strong><br \/>\nA <strong>LSD hat\u00e1s<\/strong> ismert arr\u00f3l, hogy k\u00e9pes megv\u00e1ltoztatni az \u00e9rz\u00e9kel\u00e9st, fokozni az \u00e9rzelmeket \u00e9s \u00faj perspekt\u00edv\u00e1kat nyitni. Sok felhaszn\u00e1l\u00f3 sz\u00e1mol be megn\u00f6vekedett kreativit\u00e1sr\u00f3l, m\u00e9lyebb megl\u00e1t\u00e1sokr\u00f3l \u00e9s \u00f6nmaguk jobb meg\u00e9rt\u00e9s\u00e9r\u0151l.<\/p>\n<p><strong>2. k\u00fcl\u00f6nb\u00f6z\u0151 form\u00e1k k\u00fcl\u00f6nb\u00f6z\u0151 ig\u00e9nyekhez<\/strong><br \/>\nAz LSD k\u00fcl\u00f6nb\u00f6z\u0151 form\u00e1kban kaphat\u00f3:<\/p>\n<ul>\n<li><strong>Foltosk\u00f6nyv:<\/strong> Kis pap\u00edrdarabok pontos adagol\u00e1ssal, k\u00f6nnyen kezelhet\u0151.<\/li>\n<li><strong>Karton:<\/strong> Ide\u00e1lis kezd\u0151knek \u00e9s tapasztalt felhaszn\u00e1l\u00f3knak egyar\u00e1nt<a href=\"https:\/\/gblexprimer.com\/product\/viagra\/\">.<\/a><\/li>\n<li><strong>Cseppek:<\/strong> Foly\u00e9kony form\u00e1ban, amely pontosan adagolhat\u00f3.<\/li>\n<\/ul>\n<p><strong>3. ter\u00e1pi\u00e1s alkalmaz\u00e1sok<\/strong><br \/>\nEgyre t\u00f6bb tanulm\u00e1ny vizsg\u00e1lja az al\u00e1bbiak lehets\u00e9ges ter\u00e1pi\u00e1s el\u0151nyeit <a href=\"https:\/\/www.bing.com\/search?q=LSD%20(Kwas)%20online%20kaufen&amp;qs=n&amp;form=QBRE&amp;sp=-1&amp;lq=0&amp;pq=lsd%20(kwas)%20online%20kaufen&amp;sc=0-24&amp;sk=&amp;cvid=81D4A479BF8B46308FAA2DD81FA77B41&amp;ghsh=0&amp;ghacc=0&amp;ghpl=\">LSD<\/a>, k\u00fcl\u00f6n\u00f6sen depresszi\u00f3, szorong\u00e1s \u00e9s poszttraum\u00e1s stressz zavarok eset\u00e9n.<\/p>\n<h3><strong>Hogyan kell helyesen adagolni az LSD-t?<\/strong><\/h3>\n<p>A jobb oldali <strong>LSD adagol\u00e1s<\/strong> a k\u00edv\u00e1nt hat\u00e1s el\u00e9r\u00e9s\u00e9hez elengedhetetlen. A kezd\u0151knek alacsony d\u00f3zissal kell kezdeni\u00fck, hogy megismerkedjenek az egyes hat\u00e1sokkal. A tapasztalt felhaszn\u00e1l\u00f3k fokozatosan \u00e1ll\u00edthatj\u00e1k a mennyis\u00e9get, de mindig biztons\u00e1gos k\u00f6rnyezetben.<\/p>\n<h3><strong>Az LSD online v\u00e1s\u00e1rl\u00e1s\u00e1nak el\u0151nyei<\/strong><\/h3>\n<p>Ha te <strong>LSD online rendel\u00e9se<\/strong>el\u0151nyeit \u00e9lvezheti:<\/p>\n<ul>\n<li><strong>Diszkr\u00e9t sz\u00e1ll\u00edt\u00e1s:<\/strong> A megrendel\u00e9s\u00e9t n\u00e9vtelen\u00fcl \u00e9s biztons\u00e1gosan csomagolva sz\u00e1ll\u00edtjuk ki.<\/li>\n<li><strong>Tesztelt min\u0151s\u00e9g:<\/strong> Garant\u00e1ljuk term\u00e9keink tisztas\u00e1g\u00e1t \u00e9s hat\u00e9konys\u00e1g\u00e1t.<\/li>\n<li><strong>Egyszer\u0171 rendel\u00e9s:<\/strong> N\u00e9h\u00e1ny kattint\u00e1ssal biztons\u00e1gosan v\u00e1s\u00e1rolhat LSD blottert, kartont vagy cseppet.<\/li>\n<\/ul>\n<h3><strong>Gyakran ism\u00e9telt k\u00e9rd\u00e9sek<\/strong><\/h3>\n<p><strong>Az LSD leg\u00e1lis?<\/strong><br \/>\nAz LSD sz\u00e1mos orsz\u00e1gban illeg\u00e1lis. V\u00e1s\u00e1rl\u00e1s el\u0151tt t\u00e1j\u00e9koz\u00f3djon a helyi t\u00f6rv\u00e9nyekr\u0151l.<\/p>\n<p><strong>Hogyan m\u0171k\u00f6dik az LSD?<\/strong><br \/>\nA hat\u00e1s a lenyel\u00e9st k\u00f6vet\u0151en k\u00f6r\u00fclbel\u00fcl 20-60 perccel jelentkezik, \u00e9s ak\u00e1r 12 \u00f3r\u00e1n \u00e1t is eltarthat. A tipikus hat\u00e1sok k\u00f6z\u00e9 tartoznak a vizu\u00e1lis torzul\u00e1sok, a megv\u00e1ltozott id\u0151\u00e9rz\u00e9kel\u00e9s \u00e9s az intenz\u00edv \u00e9rzelmi \u00e9lm\u00e9nyek.<\/p>\n<p><strong>Hogyan tal\u00e1lom meg a legjobb aj\u00e1nlatot?<\/strong><br \/>\nHaszn\u00e1lja a <strong>LSD \u00e1r-\u00f6sszehasonl\u00edt\u00e1s<\/strong>hogy a legjobb \u00e1ron tal\u00e1ljon kiv\u00e1l\u00f3 min\u0151s\u00e9g\u0171 term\u00e9keket.<\/p>\n<h3><strong>V\u00e1s\u00e1roljon LSD-t most<\/strong><\/h3>\n<p>Tapasztald meg az LSD \u00e1talak\u00edt\u00f3 hat\u00e1s\u00e1t. Ak\u00e1r kreat\u00edv inspir\u00e1ci\u00f3t keres, ak\u00e1r szem\u00e9lyes elm\u00e9lked\u00e9sre v\u00e1gyik, vagy egyszer\u0171en csak \u00faj perspekt\u00edv\u00e1kat szeretne felfedezni, itt kiv\u00e1l\u00f3 min\u0151s\u00e9g\u0171 LSD term\u00e9keket tal\u00e1l. <strong>Rendeljen LSD blottert, kartont vagy cseppeket biztons\u00e1gosan \u00e9s diszkr\u00e9ten online m\u00e9g ma.<\/strong><\/p>","protected":false},"excerpt":{"rendered":"<p><strong>LSD<\/strong>k\u00e9miailag ismert mint <strong>Liszergsav-dietilamid<\/strong> \u00e9s gyakran <strong>Kvass<\/strong> egy er\u0151sen pszichoakt\u00edv anyag, amelyet a megv\u00e1ltozott tudat\u00e1llapotok, a neurotranszmitter k\u00f6lcs\u00f6nhat\u00e1sok \u00e9s a ter\u00e1pi\u00e1s alkalmaz\u00e1sok kutat\u00e1s\u00e1ra haszn\u00e1lnak. A kogn\u00edci\u00f3ra \u00e9s a hangulatra gyakorolt m\u00e9lyrehat\u00f3 hat\u00e1sair\u00f3l ismert. <strong>LSD<\/strong> a modern neuro- \u00e9s pszichofarmakol\u00f3gia fontos eleme.<\/p>\n<p><strong>Hogyan m\u0171k\u00f6dik az LSD?<\/strong><br \/>\n<strong>LSD<\/strong> f\u0151k\u00e9nt a k\u00f6vetkez\u0151kh\u00f6z k\u00f6t\u0151dik <strong>5-HT2A receptorok<\/strong> az agyban, amelyek a szerotonin rendszer r\u00e9sz\u00e9t k\u00e9pezik. Ez fokozott neuron\u00e1lis aktivit\u00e1shoz \u00e9s a k\u00fcl\u00f6nb\u00f6z\u0151 agyi r\u00e9gi\u00f3k megv\u00e1ltozott h\u00e1l\u00f3zatosod\u00e1s\u00e1hoz vezet.<\/p>\n<ul>\n<li><strong>Hat\u00e1sok:<\/strong> V\u00e1ltoz\u00e1sok az \u00e9rz\u00e9kel\u00e9sben, fokozott kreativit\u00e1s \u00e9s m\u00e9ly introspekt\u00edv \u00e9lm\u00e9nyek.<\/li>\n<li><strong>A hat\u00e1s kezdete:<\/strong> 20-90 perccel a lenyel\u00e9s ut\u00e1n.<\/li>\n<li><strong>A hat\u00e1s id\u0151tartama:<\/strong> 6-12 \u00f3ra, az adagol\u00e1st\u00f3l \u00e9s az egy\u00e9ni anyagcser\u00e9t\u0151l f\u00fcgg\u0151en.<\/li>\n<\/ul>\n<p><strong>K\u00e9plet \u00e9s tulajdons\u00e1gok<\/strong><\/p>\n<ul>\n<li><strong>K\u00e9miai n\u00e9v:<\/strong> Liszergsav-dietilamid<\/li>\n<li><strong>Molekul\u00e1ris k\u00e9plet:<\/strong> C20H25N3O<\/li>\n<li><strong>Molekulat\u00f6meg:<\/strong> 323,44 g\/mol<\/li>\n<li><strong>Adagol\u00e1s:<\/strong> Mikrogrammban (\u00b5g) a pontos ellen\u0151rz\u00e9s \u00e9rdek\u00e9ben.<\/li>\n<\/ul>","protected":false},"featured_media":1611,"comment_status":"open","ping_status":"closed","template":"","meta":{"_joinchat":[]},"product_brand":[],"product_cat":[246],"product_tag":[533,544,536,557,546,541,542,549,561,543,552,535,551,540,538,560,539,537,558,548,547,550,559,554,545,555,534,556,553],"class_list":{"0":"post-1263","1":"product","2":"type-product","3":"status-publish","4":"has-post-thumbnail","6":"product_cat-sex-meth","7":"product_tag-lsd","8":"product_tag-lsd-anwendung","9":"product_tag-lsd-bestellen","10":"product_tag-lsd-chemikalien","11":"product_tag-lsd-dosierung","12":"product_tag-lsd-fuer-forschung","13":"product_tag-lsd-fuer-labore","14":"product_tag-lsd-fuer-medizinische-studien","15":"product_tag-lsd-fuer-therapeutische-anwendungen","16":"product_tag-lsd-grosshandel","17":"product_tag-lsd-in-deutschland-kaufen","18":"product_tag-lsd-kaufen","19":"product_tag-lsd-lagerung","20":"product_tag-lsd-legal-kaufen","21":"product_tag-lsd-lieferant","22":"product_tag-lsd-mikro-dosierung","23":"product_tag-lsd-online-kaufen","24":"product_tag-lsd-preis","25":"product_tag-lsd-reinheit","26":"product_tag-lsd-risiken","27":"product_tag-lsd-sicherheitsrichtlinien","28":"product_tag-lsd-testsubstanzen","29":"product_tag-lsd-vertrieb","30":"product_tag-lsd-weltweit-bestellen","31":"product_tag-lsd-wirkung","32":"product_tag-lysergsaeure","33":"product_tag-lysergsaeurediethylamid","34":"product_tag-lysergsaeurediethylamid-kaufen","35":"product_tag-wo-lsd-kaufen","37":"first","38":"instock","39":"shipping-taxable","40":"purchasable","41":"product-type-variable"},"yoast_head":"<!-- This site is optimized with the Yoast SEO plugin v25.4 - https:\/\/yoast.com\/wordpress\/plugins\/seo\/ -->\n<title>LSD (Kwas) zu verkaufen \u2013 LSD (Kwas) online kaufen | Gblexpress<\/title>\n<meta name=\"description\" content=\"Holen Sie sich LSD (KWAS) zum Verkauf in einem der besten Online-Shops von gblexpress. Wir helfen Ihnen, hochwertiges LSD (KWAS) online zu kaufen. Z\u00f6gern Sie nicht, Ihre Bestellung aufzugeben und profitieren Sie von den neuesten Rabatten!\" \/>\n<meta name=\"robots\" content=\"index, follow, max-snippet:-1, max-image-preview:large, max-video-preview:-1\" \/>\n<link rel=\"canonical\" href=\"https:\/\/gblexpress.com\/hu\/termek-2\/lsd-kvass\/\" \/>\n<meta property=\"og:locale\" content=\"hu_HU\" \/>\n<meta property=\"og:type\" content=\"article\" \/>\n<meta property=\"og:title\" content=\"LSD (Kwas) zu verkaufen \u2013 LSD (Kwas) online kaufen | Gblexpress\" \/>\n<meta property=\"og:description\" content=\"Holen Sie sich LSD (KWAS) zum Verkauf in einem der besten Online-Shops von gblexpress. Wir helfen Ihnen, hochwertiges LSD (KWAS) online zu kaufen. Z\u00f6gern Sie nicht, Ihre Bestellung aufzugeben und profitieren Sie von den neuesten Rabatten!\" \/>\n<meta property=\"og:url\" content=\"https:\/\/gblexpress.com\/hu\/termek-2\/lsd-kvass\/\" \/>\n<meta property=\"og:site_name\" content=\"GBL Express\" \/>\n<meta property=\"article:modified_time\" content=\"2026-02-27T10:30:27+00:00\" \/>\n<meta property=\"og:image\" content=\"https:\/\/gblexpress.com\/wp-content\/uploads\/2024\/11\/lsd.jpg\" \/>\n\t<meta property=\"og:image:width\" content=\"600\" \/>\n\t<meta property=\"og:image:height\" content=\"600\" \/>\n\t<meta property=\"og:image:type\" content=\"image\/jpeg\" \/>\n<meta name=\"twitter:card\" content=\"summary_large_image\" \/>\n<meta name=\"twitter:label1\" content=\"Becs\u00fclt olvas\u00e1si id\u0151\" \/>\n\t<meta name=\"twitter:data1\" content=\"2 perc\" \/>\n<!-- \/ Yoast SEO plugin. -->","yoast_head_json":{"title":"LSD (Kvass) elad\u00f3 \u2013 LSD (Kvass) v\u00e1s\u00e1rl\u00e1sa online | Gblexpress","description":"Elad\u00f3 LSD (KWAS) az egyik legjobb gblexpress online \u00e1ruh\u00e1zban. Seg\u00edt\u00fcnk a kiv\u00e1l\u00f3 min\u0151s\u00e9g\u0171 LSD (KWAS) online v\u00e1s\u00e1rl\u00e1s\u00e1ban. Ne habozzon leadni rendel\u00e9s\u00e9t \u00e9s haszn\u00e1lja ki a leg\u00fajabb kedvezm\u00e9nyeket!","robots":{"index":"index","follow":"follow","max-snippet":"max-snippet:-1","max-image-preview":"max-image-preview:large","max-video-preview":"max-video-preview:-1"},"canonical":"https:\/\/gblexpress.com\/hu\/termek-2\/lsd-kvass\/","og_locale":"hu_HU","og_type":"article","og_title":"LSD (Kwas) zu verkaufen \u2013 LSD (Kwas) online kaufen | Gblexpress","og_description":"Holen Sie sich LSD (KWAS) zum Verkauf in einem der besten Online-Shops von gblexpress. Wir helfen Ihnen, hochwertiges LSD (KWAS) online zu kaufen. Z\u00f6gern Sie nicht, Ihre Bestellung aufzugeben und profitieren Sie von den neuesten Rabatten!","og_url":"https:\/\/gblexpress.com\/hu\/termek-2\/lsd-kvass\/","og_site_name":"GBL Express","article_modified_time":"2026-02-27T10:30:27+00:00","og_image":[{"width":600,"height":600,"url":"https:\/\/gblexpress.com\/wp-content\/uploads\/2024\/11\/lsd.jpg","type":"image\/jpeg"}],"twitter_card":"summary_large_image","twitter_misc":{"Becs\u00fclt olvas\u00e1si id\u0151":"2 perc"},"schema":{"@context":"https:\/\/schema.org","@graph":[{"@type":"WebPage","@id":"https:\/\/gblexpress.com\/product\/lsd-kwas\/","url":"https:\/\/gblexpress.com\/product\/lsd-kwas\/","name":"LSD (Kvass) elad\u00f3 \u2013 LSD (Kvass) v\u00e1s\u00e1rl\u00e1sa online | Gblexpress","isPartOf":{"@id":"https:\/\/gblexpress.com\/#website"},"primaryImageOfPage":{"@id":"https:\/\/gblexpress.com\/product\/lsd-kwas\/#primaryimage"},"image":{"@id":"https:\/\/gblexpress.com\/product\/lsd-kwas\/#primaryimage"},"thumbnailUrl":"https:\/\/gblexpress.com\/wp-content\/uploads\/2024\/11\/lsd.jpg","datePublished":"2024-11-26T08:00:49+00:00","dateModified":"2026-02-27T10:30:27+00:00","description":"Elad\u00f3 LSD (KWAS) az egyik legjobb gblexpress online \u00e1ruh\u00e1zban. Seg\u00edt\u00fcnk a kiv\u00e1l\u00f3 min\u0151s\u00e9g\u0171 LSD (KWAS) online v\u00e1s\u00e1rl\u00e1s\u00e1ban. Ne habozzon leadni rendel\u00e9s\u00e9t \u00e9s haszn\u00e1lja ki a leg\u00fajabb kedvezm\u00e9nyeket!","breadcrumb":{"@id":"https:\/\/gblexpress.com\/product\/lsd-kwas\/#breadcrumb"},"inLanguage":"hu","potentialAction":[{"@type":"ReadAction","target":["https:\/\/gblexpress.com\/product\/lsd-kwas\/"]}]},{"@type":"ImageObject","inLanguage":"hu","@id":"https:\/\/gblexpress.com\/product\/lsd-kwas\/#primaryimage","url":"https:\/\/gblexpress.com\/wp-content\/uploads\/2024\/11\/lsd.jpg","contentUrl":"https:\/\/gblexpress.com\/wp-content\/uploads\/2024\/11\/lsd.jpg","width":600,"height":600,"caption":"lsd online kaufen"},{"@type":"BreadcrumbList","@id":"https:\/\/gblexpress.com\/product\/lsd-kwas\/#breadcrumb","itemListElement":[{"@type":"ListItem","position":1,"name":"Home","item":"https:\/\/gblexpress.com\/"},{"@type":"ListItem","position":2,"name":"Shop","item":"https:\/\/gblexpress.com\/shop\/"},{"@type":"ListItem","position":3,"name":"LSD (Kwas)"}]},{"@type":"WebSite","@id":"https:\/\/gblexpress.com\/#website","url":"https:\/\/gblexpress.com\/","name":"GBL Express","description":"","publisher":{"@id":"https:\/\/gblexpress.com\/#organization"},"potentialAction":[{"@type":"SearchAction","target":{"@type":"EntryPoint","urlTemplate":"https:\/\/gblexpress.com\/?s={search_term_string}"},"query-input":{"@type":"PropertyValueSpecification","valueRequired":true,"valueName":"search_term_string"}}],"inLanguage":"hu"},{"@type":"Organization","@id":"https:\/\/gblexpress.com\/#organization","name":"GBL Express","url":"https:\/\/gblexpress.com\/","logo":{"@type":"ImageObject","inLanguage":"hu","@id":"https:\/\/gblexpress.com\/#\/schema\/logo\/image\/","url":"https:\/\/gblexpress.com\/wp-content\/uploads\/2023\/01\/logo.png","contentUrl":"https:\/\/gblexpress.com\/wp-content\/uploads\/2023\/01\/logo.png","width":250,"height":52,"caption":"GBL Express"},"image":{"@id":"https:\/\/gblexpress.com\/#\/schema\/logo\/image\/"}}]}},"jetpack-related-posts":[],"jetpack_sharing_enabled":true,"_links":{"self":[{"href":"https:\/\/gblexpress.com\/hu\/wp-json\/wp\/v2\/product\/1263","targetHints":{"allow":["GET"]}}],"collection":[{"href":"https:\/\/gblexpress.com\/hu\/wp-json\/wp\/v2\/product"}],"about":[{"href":"https:\/\/gblexpress.com\/hu\/wp-json\/wp\/v2\/types\/product"}],"replies":[{"embeddable":true,"href":"https:\/\/gblexpress.com\/hu\/wp-json\/wp\/v2\/comments?post=1263"}],"wp:featuredmedia":[{"embeddable":true,"href":"https:\/\/gblexpress.com\/hu\/wp-json\/wp\/v2\/media\/1611"}],"wp:attachment":[{"href":"https:\/\/gblexpress.com\/hu\/wp-json\/wp\/v2\/media?parent=1263"}],"wp:term":[{"taxonomy":"product_brand","embeddable":true,"href":"https:\/\/gblexpress.com\/hu\/wp-json\/wp\/v2\/product_brand?post=1263"},{"taxonomy":"product_cat","embeddable":true,"href":"https:\/\/gblexpress.com\/hu\/wp-json\/wp\/v2\/product_cat?post=1263"},{"taxonomy":"product_tag","embeddable":true,"href":"https:\/\/gblexpress.com\/hu\/wp-json\/wp\/v2\/product_tag?post=1263"}],"curies":[{"name":"wp","href":"https:\/\/api.w.org\/{rel}","templated":true}]}}