{"id":1264,"date":"2024-11-26T08:00:45","date_gmt":"2024-11-26T08:00:45","guid":{"rendered":"https:\/\/gblexpress.com\/?post_type=product&#038;p=1264"},"modified":"2026-02-26T07:24:54","modified_gmt":"2026-02-26T07:24:54","slug":"heroina","status":"publish","type":"product","link":"https:\/\/gblexpress.com\/hu\/termek-2\/heroina\/","title":{"rendered":"Heroina"},"content":{"rendered":"<h2><strong>Heroina Online kaufen: Wichtige Informationen zu Typen und Verwendung<\/strong><\/h2>\n<p><a href=\"https:\/\/en.wikipedia.org\/wiki\/Heroin\"><strong>Heroina<\/strong><\/a> olyan anyag, amely k\u00fcl\u00f6nb\u00f6z\u0151 form\u00e1kban \u00e9s t\u00edpusokban \u00e1ll rendelkez\u00e9sre. Tulajdons\u00e1gai miatt gyakran keresik a k\u00fcl\u00f6nleges hat\u00e1sokat \u00e9s alkalmaz\u00e1sokat keres\u0151 felhaszn\u00e1l\u00f3k. Ha \u00d6n <a href=\"https:\/\/gblexpress.com\/hu\/termek-2\/heroina\/\"><strong>V\u00e1s\u00e1rl\u00e1s Heroina<\/strong><\/a> fontos meg\u00e9rteni a k\u00fcl\u00f6nb\u00f6z\u0151 t\u00edpusokat, azok hat\u00e1sait \u00e9s biztons\u00e1gos felhaszn\u00e1l\u00e1s\u00e1t.<a href=\"https:\/\/gblexprimer.com\/product\/ketamine-s-isomere-99-rene-500g\/\">.<\/a><\/p>\n<h3><strong>A Heroina t\u00edpusai<\/strong><\/h3>\n<p><strong>1. feh\u00e9r Heroina por<\/strong><br \/>\nA feh\u00e9r heroina nagym\u00e9rt\u00e9kben tiszt\u00edtott, \u00e9s \u00e1ltal\u00e1ban inhal\u00e1ci\u00f3 vagy injekci\u00f3 form\u00e1j\u00e1ban haszn\u00e1lj\u00e1k. Gyors \u00e9s er\u0151s hat\u00e1s\u00e1r\u00f3l ismert, \u00e9s a maxim\u00e1lis eredm\u00e9nyt el\u00e9rni k\u00edv\u00e1n\u00f3 felhaszn\u00e1l\u00f3k kedvelik.<a href=\"https:\/\/gblexpress.com\/hu\/shop\/szaraz-fozoett-ghb-500-gramm\/\">.<\/a><\/p>\n<p><strong>2. barna Heroina (alap)<\/strong><br \/>\nA barna heroin\u00e1nak kiss\u00e9 elt\u00e9r\u0151 a k\u00e9miai szerkezete, \u00e9s gyakran f\u00fcst\u00f6lve vagy m\u00e1s alternat\u00edv m\u00f3dszerekkel fogyasztj\u00e1k. Kev\u00e9sb\u00e9 tiszt\u00edtott, mint a feh\u00e9r heroina, \u00e9s gyakran \u00e1rulj\u00e1k az utcai piacokon.<\/p>\n<p><strong>3. fekete k\u00e1tr\u00e1ny Heroina<\/strong><br \/>\nEz a forma ragacsos \u00e9s s\u00f6t\u00e9tebb sz\u00edn\u0171, alacsonyabb tisztas\u00e1g\u00e1r\u00f3l ismert. \u00c1ltal\u00e1ban bizonyos r\u00e9gi\u00f3kban kedvelik, \u00e9s elt\u00e9r\u0151 elk\u00e9sz\u00edt\u00e9si m\u00f3dszert ig\u00e9nyel.<\/p>\n<h3><strong>Mi\u00e9rt v\u00e1lassza a Heroina-t?<\/strong><\/h3>\n<p><strong>1. er\u0151s \u00e9s gyors hat\u00e1s<\/strong><br \/>\nA heroina arr\u00f3l ismert, hogy gyorsan er\u0151s hat\u00e1st k\u00e9pes kifejteni, ez\u00e9rt gyakran keresett anyag.<\/p>\n<p><strong>2. k\u00fcl\u00f6nb\u00f6z\u0151 lehet\u0151s\u00e9gek a k\u00fcl\u00f6nb\u00f6z\u0151 ig\u00e9nyekhez<\/strong><br \/>\nAk\u00e1r a feh\u00e9r port r\u00e9szes\u00edti el\u0151nyben a gyorsabb hat\u00e1s\u00e9rt, ak\u00e1r a barna Heroina-t az enyh\u00e9bb hat\u00e1s\u00e9rt - a t\u00edpusok a felhaszn\u00e1l\u00f3 preferenci\u00e1it\u00f3l f\u00fcgg\u0151en k\u00edn\u00e1lnak v\u00e1laszt\u00e1si lehet\u0151s\u00e9get.<\/p>\n<p><strong>3. diszkr\u00e9t \u00e9s egyszer\u0171 alkalmaz\u00e1s<\/strong><br \/>\nAz anyagot k\u00fcl\u00f6nb\u00f6z\u0151 m\u00f3dokon lehet fogyasztani, \u00edgy a felhaszn\u00e1l\u00f3k k\u00e9nyelmi szintj\u00fckt\u0151l \u00e9s c\u00e9ljukt\u00f3l f\u00fcgg\u0151en v\u00e1laszthatj\u00e1k ki a megfelel\u0151 m\u00f3dszert.<\/p>\n<h3><strong>N\u00e9pszer\u0171 keres\u00e9si kifejez\u00e9sek \u00e9s kulcsszavak<\/strong><\/h3>\n<ul>\n<li><strong>Heroina online v\u00e1s\u00e1rl\u00e1sa<\/strong><\/li>\n<li><strong>Heroina \u00c1r \u00f6sszehasonl\u00edt\u00e1sa<\/strong><\/li>\n<li><strong>Heroina feh\u00e9r por<\/strong><\/li>\n<li><strong>Barna Heroina hat\u00e1s<\/strong><\/li>\n<li><strong>V\u00e1s\u00e1rolj fekete k\u00e1tr\u00e1ny Heroina<\/strong><\/li>\n<li><strong>Heroina adagol\u00e1s<\/strong><\/li>\n<li><strong>Heroina mell\u00e9khat\u00e1sok<\/strong><\/li>\n<li><strong>V\u00e1s\u00e1roljon Heroina biztons\u00e1gosan<\/strong><\/li>\n<\/ul>\n<h3>Heroina biztons\u00e1gos v\u00e1s\u00e1rl\u00e1sa<\/h3>\n<p>Olyan platformot k\u00edn\u00e1lunk, amelyen \u00d6n <strong>Heroina online v\u00e1s\u00e1rl\u00e1sa<\/strong> diszkr\u00e9t csomagol\u00e1ssal \u00e9s gyors sz\u00e1ll\u00edt\u00e1ssal. C\u00e9lunk, hogy k\u00f6nnyen \u00e9s biztons\u00e1gosan hozz\u00e1jusson a sz\u00fcks\u00e9ges term\u00e9kekhez.<\/p>\n<h3>Haszn\u00e1lati utas\u00edt\u00e1s<\/h3>\n<p>A haszn\u00e1lata <a href=\"https:\/\/duckduckgo.com\/?q=Heroin+online+kaufen&amp;t=h_&amp;ia=web\">Heroina<\/a> A Heroina-t mindig \u00f3vatosan kell haszn\u00e1lni. Forduljon szakemberhez, ha b\u00e1rmilyen k\u00e9rd\u00e9se van az adagol\u00e1ssal \u00e9s az alkalmaz\u00e1ssal kapcsolatban. Fontos, hogy az anyag haszn\u00e1lata el\u0151tt tiszt\u00e1ban legyen a lehets\u00e9ges mell\u00e9khat\u00e1sokkal \u00e9s kock\u00e1zatokkal.<\/p>\n<h3><strong>V\u00e1s\u00e1roljon Heroina most<\/strong><\/h3>\n<p>Keresse meg az ig\u00e9nyeinek megfelel\u0151 t\u00edpust \u00e9s rendelje meg <a href=\"https:\/\/www.google.de\/search?q=Anavar+50+mg+online+kaufen&amp;sca_esv=7d1b82273738a5db&amp;hl=en&amp;ei=foLiZ_nZK6qMm9cPv4Xd6AQ&amp;ved=0ahUKEwj5kMidgKWMAxUqxuYEHb9CF00Q4dUDCBA&amp;uact=5&amp;oq=Anavar+50+mg+online+kaufen&amp;gs_lp=Egxnd3Mtd2l6LXNlcnAiGkFuYXZhciA1MCBtZyBvbmxpbmUga2F1ZmVuSJsGUABYAHAAeACQAQCYAQCgAQCqAQC4AQPIAQD4AQL4AQGYAgCgAgCYAwCSBwCgBwCyBwC4BwA&amp;sclient=gws-wiz-serp\"><strong>Heroina<\/strong><\/a> En l\u00ednea hoy. Elige entre hero\u00edna blanca, hero\u00edna marr\u00f3n o alquitr\u00e1n negro.<a href=\"https:\/\/www.google.de\/search?q=Anavar+50+mg+online+kaufen&amp;sca_esv=7d1b82273738a5db&amp;hl=en&amp;ei=foLiZ_nZK6qMm9cPv4Xd6AQ&amp;ved=0ahUKEwj5kMidgKWMAxUqxuYEHb9CF00Q4dUDCBA&amp;uact=5&amp;oq=Anavar+50+mg+online+kaufen&amp;gs_lp=Egxnd3Mtd2l6LXNlcnAiGkFuYXZhciA1MCBtZyBvbmxpbmUga2F1ZmVuSJsGUABYAHAAeACQAQCYAQCgAQCqAQC4AQPIAQD4AQL4AQGYAgCgAgCYAwCSBwCgBwCyBwC4BwA&amp;sclient=gws-wiz-serp\">Heroina \u2013 biztons\u00e1gban<\/a>online ma. V\u00e1lasszon a feh\u00e9r Heroina, a barna Heroina vagy a fekete k\u00e1tr\u00e1ny Heroina k\u00f6z\u00fcl - biztons\u00e1gos, diszkr\u00e9t \u00e9s egyszer\u0171. Kezdje el most, \u00e9s t\u00e1j\u00e9koz\u00f3djon az \u00d6n preferenci\u00e1inak legmegfelel\u0151bb lehet\u0151s\u00e9gekr\u0151l.<\/p>","protected":false},"excerpt":{"rendered":"<p><strong>Heroin<\/strong>k\u00e9miailag ismert mint <strong>Diacetilmorfin<\/strong>egy f\u00e9lszintetikus opioid, amely a morfiumb\u00f3l sz\u00e1rmazik. Er\u0151s f\u00e1jdalomcsillap\u00edt\u00f3 \u00e9s nyugtat\u00f3 tulajdons\u00e1gair\u00f3l ismert, \u00e9s az orvosi kutat\u00e1sokban \u00e9s speci\u00e1lis alkalmaz\u00e1sokban tanulm\u00e1nyozz\u00e1k. <strong>Heroin<\/strong> kulcsszerepet j\u00e1tszik az opioidreceptorok, a f\u00fcgg\u0151s\u00e9gi mechanizmusok \u00e9s a f\u00e1jdalomcsillap\u00edt\u00e1s kutat\u00e1s\u00e1ban.<\/p>\n<p><strong>Hogyan m\u0171k\u00f6dik a heroin?<\/strong><br \/>\n<strong>Heroin<\/strong> a k\u00f6vetkez\u0151 hat\u00e1st v\u00e1ltja ki <strong>\u00b5-opioid receptorok<\/strong> a k\u00f6zponti idegrendszerben. Ez a k\u00f6t\u0151d\u00e9s blokkolja a f\u00e1jdalomjeleket, ugyanakkor er\u0151s dopamin felszabadul\u00e1st v\u00e1lt ki, ami euf\u00f3ri\u00e1hoz \u00e9s relax\u00e1ci\u00f3hoz vezet.<\/p>\n<ul>\n<li><strong>Hat\u00e1sok:<\/strong> Gyors f\u00e1jdalomcsillap\u00edt\u00e1s, intenz\u00edv relax\u00e1ci\u00f3 \u00e9s nyugtat\u00e1s.<\/li>\n<li><strong>A hat\u00e1s kezdete:<\/strong> 2-10 perccel a bead\u00e1s ut\u00e1n (a m\u00f3dszert\u0151l f\u00fcgg\u0151en).<\/li>\n<li><strong>A hat\u00e1s id\u0151tartama:<\/strong> 3-6 \u00f3ra.<\/li>\n<\/ul>\n<p><strong>K\u00e9plet \u00e9s tulajdons\u00e1gok<\/strong><\/p>\n<ul>\n<li><strong>K\u00e9miai n\u00e9v:<\/strong> Diacetilmorfin<\/li>\n<li><strong>Molekul\u00e1ris k\u00e9plet:<\/strong> C21H23NO5<\/li>\n<li><strong>Molekulat\u00f6meg:<\/strong> 369,41 g\/mol<\/li>\n<\/ul>","protected":false},"featured_media":1612,"comment_status":"open","ping_status":"closed","template":"","meta":{"_joinchat":[]},"product_brand":[],"product_cat":[246],"product_tag":[419,429,418,426,421,436,431,422,443,435,423,430,427,444,420,428,432,441,424,425,437,434,433,439,440,438,442],"class_list":{"0":"post-1264","1":"product","2":"type-product","3":"status-publish","4":"has-post-thumbnail","6":"product_cat-sex-meth","7":"product_tag-diacetylmorphin","8":"product_tag-diacetylmorphin-kaufen","9":"product_tag-heroin","10":"product_tag-heroin-anwendung","11":"product_tag-heroin-bestellen","12":"product_tag-heroin-chemie","13":"product_tag-heroin-dosierung","14":"product_tag-heroin-forschung","15":"product_tag-heroin-fuer-apotheken","16":"product_tag-heroin-fuer-forschung","17":"product_tag-heroin-fuer-medizinische-zwecke","18":"product_tag-heroin-fuer-wissenschaft","19":"product_tag-heroin-grosshandel","20":"product_tag-heroin-in-deutschland-kaufen","21":"product_tag-heroin-kaufen","22":"product_tag-heroin-laborbedarf","23":"product_tag-heroin-lagerung","24":"product_tag-heroin-legal-kaufen","25":"product_tag-heroin-lieferant","26":"product_tag-heroin-preis","27":"product_tag-heroin-reinheit","28":"product_tag-heroin-risiken","29":"product_tag-heroin-sicherheitsrichtlinien","30":"product_tag-heroin-testsubstanzen","31":"product_tag-heroin-weltweit-bestellen","32":"product_tag-heroin-wirkung","33":"product_tag-wo-heroin-kaufen","35":"first","36":"instock","37":"shipping-taxable","38":"purchasable","39":"product-type-variable"},"yoast_head":"<!-- This site is optimized with the Yoast SEO plugin v25.4 - https:\/\/yoast.com\/wordpress\/plugins\/seo\/ -->\n<title>Heroin online kaufen \u2013 Heroin zu verkaufen<\/title>\n<meta name=\"description\" content=\"Kaufen Sie Heroina online zu den besten Preisen in unserem Online-Shop. Wir bieten g\u00fcnstiges und hochwertiges Heroina an und liefern weltweit. Sie k\u00f6nnen jederzeit und \u00fcberall bestellen.\" \/>\n<meta name=\"robots\" content=\"index, follow, max-snippet:-1, max-image-preview:large, max-video-preview:-1\" \/>\n<link rel=\"canonical\" href=\"https:\/\/gblexpress.com\/hu\/termek-2\/heroina\/\" \/>\n<meta property=\"og:locale\" content=\"hu_HU\" \/>\n<meta property=\"og:type\" content=\"article\" \/>\n<meta property=\"og:title\" content=\"Heroin online kaufen \u2013 Heroin zu verkaufen\" \/>\n<meta property=\"og:description\" content=\"Kaufen Sie Heroina online zu den besten Preisen in unserem Online-Shop. Wir bieten g\u00fcnstiges und hochwertiges Heroina an und liefern weltweit. Sie k\u00f6nnen jederzeit und \u00fcberall bestellen.\" \/>\n<meta property=\"og:url\" content=\"https:\/\/gblexpress.com\/hu\/termek-2\/heroina\/\" \/>\n<meta property=\"og:site_name\" content=\"GBL Express\" \/>\n<meta property=\"article:modified_time\" content=\"2026-02-26T07:24:54+00:00\" \/>\n<meta property=\"og:image\" content=\"https:\/\/gblexpress.com\/wp-content\/uploads\/2024\/11\/heroin.jpg\" \/>\n\t<meta property=\"og:image:width\" content=\"600\" \/>\n\t<meta property=\"og:image:height\" content=\"600\" \/>\n\t<meta property=\"og:image:type\" content=\"image\/jpeg\" \/>\n<meta name=\"twitter:card\" content=\"summary_large_image\" \/>\n<meta name=\"twitter:label1\" content=\"Becs\u00fclt olvas\u00e1si id\u0151\" \/>\n\t<meta name=\"twitter:data1\" content=\"2 perc\" \/>\n<!-- \/ Yoast SEO plugin. -->","yoast_head_json":{"title":"V\u00e1s\u00e1roljon heroint online \u2013 adjon el heroint","description":"V\u00e1s\u00e1roljon Heroin\u00e1t online a legjobb \u00e1ron web\u00e1ruh\u00e1zunkban. Megfizethet\u0151, kiv\u00e1l\u00f3 min\u0151s\u00e9g\u0171 heroint k\u00edn\u00e1lunk \u00e9s sz\u00e1ll\u00edtunk vil\u00e1gszerte. B\u00e1rmikor, b\u00e1rhol rendelhetsz.","robots":{"index":"index","follow":"follow","max-snippet":"max-snippet:-1","max-image-preview":"max-image-preview:large","max-video-preview":"max-video-preview:-1"},"canonical":"https:\/\/gblexpress.com\/hu\/termek-2\/heroina\/","og_locale":"hu_HU","og_type":"article","og_title":"Heroin online kaufen \u2013 Heroin zu verkaufen","og_description":"Kaufen Sie Heroina online zu den besten Preisen in unserem Online-Shop. Wir bieten g\u00fcnstiges und hochwertiges Heroina an und liefern weltweit. Sie k\u00f6nnen jederzeit und \u00fcberall bestellen.","og_url":"https:\/\/gblexpress.com\/hu\/termek-2\/heroina\/","og_site_name":"GBL Express","article_modified_time":"2026-02-26T07:24:54+00:00","og_image":[{"width":600,"height":600,"url":"https:\/\/gblexpress.com\/wp-content\/uploads\/2024\/11\/heroin.jpg","type":"image\/jpeg"}],"twitter_card":"summary_large_image","twitter_misc":{"Becs\u00fclt olvas\u00e1si id\u0151":"2 perc"},"schema":{"@context":"https:\/\/schema.org","@graph":[{"@type":"WebPage","@id":"https:\/\/gblexpress.com\/product\/heroina\/","url":"https:\/\/gblexpress.com\/product\/heroina\/","name":"V\u00e1s\u00e1roljon heroint online \u2013 adjon el heroint","isPartOf":{"@id":"https:\/\/gblexpress.com\/#website"},"primaryImageOfPage":{"@id":"https:\/\/gblexpress.com\/product\/heroina\/#primaryimage"},"image":{"@id":"https:\/\/gblexpress.com\/product\/heroina\/#primaryimage"},"thumbnailUrl":"https:\/\/gblexpress.com\/wp-content\/uploads\/2024\/11\/heroin.jpg","datePublished":"2024-11-26T08:00:45+00:00","dateModified":"2026-02-26T07:24:54+00:00","description":"V\u00e1s\u00e1roljon Heroin\u00e1t online a legjobb \u00e1ron web\u00e1ruh\u00e1zunkban. Megfizethet\u0151, kiv\u00e1l\u00f3 min\u0151s\u00e9g\u0171 heroint k\u00edn\u00e1lunk \u00e9s sz\u00e1ll\u00edtunk vil\u00e1gszerte. B\u00e1rmikor, b\u00e1rhol rendelhetsz.","breadcrumb":{"@id":"https:\/\/gblexpress.com\/product\/heroina\/#breadcrumb"},"inLanguage":"hu","potentialAction":[{"@type":"ReadAction","target":["https:\/\/gblexpress.com\/product\/heroina\/"]}]},{"@type":"ImageObject","inLanguage":"hu","@id":"https:\/\/gblexpress.com\/product\/heroina\/#primaryimage","url":"https:\/\/gblexpress.com\/wp-content\/uploads\/2024\/11\/heroin.jpg","contentUrl":"https:\/\/gblexpress.com\/wp-content\/uploads\/2024\/11\/heroin.jpg","width":600,"height":600,"caption":"heroin online kaufen"},{"@type":"BreadcrumbList","@id":"https:\/\/gblexpress.com\/product\/heroina\/#breadcrumb","itemListElement":[{"@type":"ListItem","position":1,"name":"Home","item":"https:\/\/gblexpress.com\/"},{"@type":"ListItem","position":2,"name":"Shop","item":"https:\/\/gblexpress.com\/shop\/"},{"@type":"ListItem","position":3,"name":"Heroina"}]},{"@type":"WebSite","@id":"https:\/\/gblexpress.com\/#website","url":"https:\/\/gblexpress.com\/","name":"GBL Express","description":"","publisher":{"@id":"https:\/\/gblexpress.com\/#organization"},"potentialAction":[{"@type":"SearchAction","target":{"@type":"EntryPoint","urlTemplate":"https:\/\/gblexpress.com\/?s={search_term_string}"},"query-input":{"@type":"PropertyValueSpecification","valueRequired":true,"valueName":"search_term_string"}}],"inLanguage":"hu"},{"@type":"Organization","@id":"https:\/\/gblexpress.com\/#organization","name":"GBL Express","url":"https:\/\/gblexpress.com\/","logo":{"@type":"ImageObject","inLanguage":"hu","@id":"https:\/\/gblexpress.com\/#\/schema\/logo\/image\/","url":"https:\/\/gblexpress.com\/wp-content\/uploads\/2023\/01\/logo.png","contentUrl":"https:\/\/gblexpress.com\/wp-content\/uploads\/2023\/01\/logo.png","width":250,"height":52,"caption":"GBL Express"},"image":{"@id":"https:\/\/gblexpress.com\/#\/schema\/logo\/image\/"}}]}},"jetpack-related-posts":[],"jetpack_sharing_enabled":true,"_links":{"self":[{"href":"https:\/\/gblexpress.com\/hu\/wp-json\/wp\/v2\/product\/1264","targetHints":{"allow":["GET"]}}],"collection":[{"href":"https:\/\/gblexpress.com\/hu\/wp-json\/wp\/v2\/product"}],"about":[{"href":"https:\/\/gblexpress.com\/hu\/wp-json\/wp\/v2\/types\/product"}],"replies":[{"embeddable":true,"href":"https:\/\/gblexpress.com\/hu\/wp-json\/wp\/v2\/comments?post=1264"}],"wp:featuredmedia":[{"embeddable":true,"href":"https:\/\/gblexpress.com\/hu\/wp-json\/wp\/v2\/media\/1612"}],"wp:attachment":[{"href":"https:\/\/gblexpress.com\/hu\/wp-json\/wp\/v2\/media?parent=1264"}],"wp:term":[{"taxonomy":"product_brand","embeddable":true,"href":"https:\/\/gblexpress.com\/hu\/wp-json\/wp\/v2\/product_brand?post=1264"},{"taxonomy":"product_cat","embeddable":true,"href":"https:\/\/gblexpress.com\/hu\/wp-json\/wp\/v2\/product_cat?post=1264"},{"taxonomy":"product_tag","embeddable":true,"href":"https:\/\/gblexpress.com\/hu\/wp-json\/wp\/v2\/product_tag?post=1264"}],"curies":[{"name":"wp","href":"https:\/\/api.w.org\/{rel}","templated":true}]}}