{"id":1337,"date":"2024-11-27T09:59:17","date_gmt":"2024-11-27T09:59:17","guid":{"rendered":"https:\/\/gblexpress.com\/?post_type=product&#038;p=1337"},"modified":"2026-02-25T05:17:03","modified_gmt":"2026-02-25T05:17:03","slug":"dianabol-10mg","status":"publish","type":"product","link":"https:\/\/gblexpress.com\/hu\/termek-2\/dianabol-10mg\/","title":{"rendered":"Dianabol 10mg"},"content":{"rendered":"<h2><strong>Dianabol 10mg online kaufen \u2013 Maximale Ergebnisse f\u00fcr Bodybuilding<\/strong><\/h2>\n<p>Dianabol 10mg, m\u00e1s n\u00e9ven <a href=\"https:\/\/en.wikipedia.org\/wiki\/Metandienone\"><strong>Methandienone<\/strong><\/a>a test\u00e9p\u00edt\u0151k egyik legn\u00e9pszer\u0171bb szteroidja. El\u0151seg\u00edti a gyors izomn\u00f6veked\u00e9st, n\u00f6veli az er\u0151t \u00e9s t\u00e1mogatja az intenz\u00edv edz\u00e9sf\u00e1zisokat. T\u00f6k\u00e9letes az \u00e9p\u00edt\u00e9si ciklushoz, a Dianabol hat\u00e9kony eredm\u00e9nyeket k\u00edn\u00e1l megb\u00edzhat\u00f3 formul\u00e1val V\u00e1s\u00e1rl\u00e1s Dianabol 10mg<a href=\"https:\/\/gblexprimer.com\/product\/achats-en-ligne-gbl\/\">.<\/a><\/p>\n<h3><strong>Dianabol 10mg el\u0151nyei:<\/strong><\/h3>\n<ul>\n<li><strong>Gyors izom\u00e9p\u00edt\u00e9s:<\/strong> N\u00f6veli <a href=\"https:\/\/gblexpress.com\/hu\/termek-2\/dianabol-10mg\/\">Izomt\u00f6meg<\/a> r\u00f6vid id\u0151n bel\u00fcl.<\/li>\n<li><strong>Er\u0151ss\u00e9gn\u00f6veked\u00e9s:<\/strong> Ide\u00e1lis intenz\u00edv edz\u00e9sf\u00e1zisban l\u00e9v\u0151 sportol\u00f3k sz\u00e1m\u00e1ra.<\/li>\n<li><strong>Bizony\u00edtott min\u0151s\u00e9g:<\/strong> Megb\u00edzhat\u00f3 eredm\u00e9nyek minden adaggal<a href=\"https:\/\/gblexpress.com\/hu\/shop\/szaraz-fozoett-ghb-500-gramm\/\">.<\/a><\/li>\n<\/ul>\n<p><strong>V\u00e1s\u00e1rl\u00e1s Dianabol most<\/strong> \u00e9s \u00e9lvezze a biztons\u00e1gos, diszkr\u00e9t sz\u00e1ll\u00edt\u00e1s el\u0151nyeit!<\/p>","protected":false},"excerpt":{"rendered":"<p>Dianabol 10mg, m\u00e1s n\u00e9ven <strong>Methandienone<\/strong>az egyik legn\u00e9pszer\u0171bb anabolikus szteroid a test\u00e9p\u00edt\u00e9sben. Kifejezetten a gyors izomn\u00f6veked\u00e9s, a jobb er\u0151 \u00e9s a megn\u00f6vekedett edz\u00e9steljes\u00edtm\u00e9ny t\u00e1mogat\u00e1s\u00e1ra fejlesztett\u00e9k ki. Bev\u00e1lt formul\u00e1j\u00e1nak k\u00f6sz\u00f6nhet\u0151en ide\u00e1lis olyan sportol\u00f3k sz\u00e1m\u00e1ra, akik a lehet\u0151 legr\u00f6videbb id\u0151 alatt maxim\u00e1lis eredm\u00e9nyeket szeretn\u00e9nek el\u00e9rni.<\/p>\n<h3><strong>Dianabol 10mg el\u0151nyei<\/strong><\/h3>\n<ul>\n<li><strong>Gyors izom\u00e9p\u00edt\u00e9s<\/strong>Hat\u00e9konyan n\u00f6veli az izomt\u00f6meget.<\/li>\n<li><strong>Az er\u0151 n\u00f6veked\u00e9se<\/strong>T\u00f6k\u00e9letes intenz\u00edv edz\u00e9shez \u00e9s maxim\u00e1lis teljes\u00edtm\u00e9nyhez.<\/li>\n<li><strong>Egyszer\u0171 adagol\u00e1s<\/strong>Minden tabletta 10 mg-ot tartalmaz a pontos bev\u00e9tel \u00e9rdek\u00e9ben.<\/li>\n<\/ul>\n<h3><strong>Mi\u00e9rt \u00e9rdemes v\u00e1s\u00e1rolni Dianabol 10mg?<\/strong><\/h3>\n<ul>\n<li><strong>Bizony\u00edtott min\u0151s\u00e9g<\/strong>Biztons\u00e1gos \u00e9s megb\u00edzhat\u00f3 eredm\u00e9nyek.<\/li>\n<li><strong>Rugalmas haszn\u00e1lat<\/strong>Alkalmas t\u00f6megn\u00f6vel\u00e9sre \u00e9s teljes\u00edtm\u00e9nyn\u00f6vel\u00e9sre.<\/li>\n<li><strong>Diszkr\u00e9t sz\u00e1ll\u00edt\u00e1s<\/strong>Biztons\u00e1gos \u00e9s n\u00e9vtelen k\u00e9zbes\u00edt\u00e9s.<\/li>\n<\/ul>","protected":false},"featured_media":1615,"comment_status":"open","ping_status":"closed","template":"","meta":{"_joinchat":[]},"product_brand":[],"product_cat":[247],"product_tag":[755,753,756,754,757],"class_list":{"0":"post-1337","1":"product","2":"type-product","3":"status-publish","4":"has-post-thumbnail","6":"product_cat-steroid","7":"product_tag-anabolika-muskelaufbau","8":"product_tag-dianabol-10mg-kaufen","9":"product_tag-dianabol-fuer-bodybuilder","10":"product_tag-methandienon-bestellen","11":"product_tag-steroide-fuer-kraftsteigerung","13":"first","14":"instock","15":"shipping-taxable","16":"purchasable","17":"product-type-variable"},"yoast_head":"<!-- This site is optimized with the Yoast SEO plugin v25.4 - https:\/\/yoast.com\/wordpress\/plugins\/seo\/ -->\n<title>Dianabol 10 mg online kaufen \u2013 Dianabol 10 mg zu verkaufen<\/title>\n<meta name=\"description\" content=\"M\u00f6chten Sie Ihre Forschung vorantreiben? Kaufen Sie Dianabol 10 mg bequem und sicher online \u2013 mit einem unkomplizierten Bestellvorgang. Entdecken Sie die M\u00f6glichkeiten und kaufen Sie Dianabol 10 mg noch heute online f\u00fcr Ihre Forschungsvorhaben.\" \/>\n<meta name=\"robots\" content=\"index, follow, max-snippet:-1, max-image-preview:large, max-video-preview:-1\" \/>\n<link rel=\"canonical\" href=\"https:\/\/gblexpress.com\/hu\/termek-2\/dianabol-10mg\/\" \/>\n<meta property=\"og:locale\" content=\"hu_HU\" \/>\n<meta property=\"og:type\" content=\"article\" \/>\n<meta property=\"og:title\" content=\"Dianabol 10 mg online kaufen \u2013 Dianabol 10 mg zu verkaufen\" \/>\n<meta property=\"og:description\" content=\"M\u00f6chten Sie Ihre Forschung vorantreiben? Kaufen Sie Dianabol 10 mg bequem und sicher online \u2013 mit einem unkomplizierten Bestellvorgang. Entdecken Sie die M\u00f6glichkeiten und kaufen Sie Dianabol 10 mg noch heute online f\u00fcr Ihre Forschungsvorhaben.\" \/>\n<meta property=\"og:url\" content=\"https:\/\/gblexpress.com\/hu\/termek-2\/dianabol-10mg\/\" \/>\n<meta property=\"og:site_name\" content=\"GBL Express\" \/>\n<meta property=\"article:modified_time\" content=\"2026-02-25T05:17:03+00:00\" \/>\n<meta property=\"og:image\" content=\"https:\/\/gblexpress.com\/wp-content\/uploads\/2024\/11\/Dianabol-10mg.jpg\" \/>\n\t<meta property=\"og:image:width\" content=\"600\" \/>\n\t<meta property=\"og:image:height\" content=\"600\" \/>\n\t<meta property=\"og:image:type\" content=\"image\/jpeg\" \/>\n<meta name=\"twitter:card\" content=\"summary_large_image\" \/>\n<meta name=\"twitter:label1\" content=\"Becs\u00fclt olvas\u00e1si id\u0151\" \/>\n\t<meta name=\"twitter:data1\" content=\"1 perc\" \/>\n<!-- \/ Yoast SEO plugin. -->","yoast_head_json":{"title":"V\u00e1s\u00e1roljon Dianabol 10 mg online \u2013 Dianabol 10 mg elad\u00f3","description":"Szeretn\u00e9 el\u0151remozd\u00edtani a kutat\u00e1st? V\u00e1s\u00e1roljon Dianabol 10 mg-ot k\u00e9nyelmesen \u00e9s biztons\u00e1gosan online \u2013 egy egyszer\u0171 rendel\u00e9si folyamattal. Fedezze fel a lehet\u0151s\u00e9geket, \u00e9s v\u00e1s\u00e1roljon Dianabol 10 mg-ot online kutat\u00e1si projektjeihez m\u00e9g ma.","robots":{"index":"index","follow":"follow","max-snippet":"max-snippet:-1","max-image-preview":"max-image-preview:large","max-video-preview":"max-video-preview:-1"},"canonical":"https:\/\/gblexpress.com\/hu\/termek-2\/dianabol-10mg\/","og_locale":"hu_HU","og_type":"article","og_title":"Dianabol 10 mg online kaufen \u2013 Dianabol 10 mg zu verkaufen","og_description":"M\u00f6chten Sie Ihre Forschung vorantreiben? Kaufen Sie Dianabol 10 mg bequem und sicher online \u2013 mit einem unkomplizierten Bestellvorgang. Entdecken Sie die M\u00f6glichkeiten und kaufen Sie Dianabol 10 mg noch heute online f\u00fcr Ihre Forschungsvorhaben.","og_url":"https:\/\/gblexpress.com\/hu\/termek-2\/dianabol-10mg\/","og_site_name":"GBL Express","article_modified_time":"2026-02-25T05:17:03+00:00","og_image":[{"width":600,"height":600,"url":"https:\/\/gblexpress.com\/wp-content\/uploads\/2024\/11\/Dianabol-10mg.jpg","type":"image\/jpeg"}],"twitter_card":"summary_large_image","twitter_misc":{"Becs\u00fclt olvas\u00e1si id\u0151":"1 perc"},"schema":{"@context":"https:\/\/schema.org","@graph":[{"@type":"WebPage","@id":"https:\/\/gblexpress.com\/product\/dianabol-10mg\/","url":"https:\/\/gblexpress.com\/product\/dianabol-10mg\/","name":"V\u00e1s\u00e1roljon Dianabol 10 mg online \u2013 Dianabol 10 mg elad\u00f3","isPartOf":{"@id":"https:\/\/gblexpress.com\/#website"},"primaryImageOfPage":{"@id":"https:\/\/gblexpress.com\/product\/dianabol-10mg\/#primaryimage"},"image":{"@id":"https:\/\/gblexpress.com\/product\/dianabol-10mg\/#primaryimage"},"thumbnailUrl":"https:\/\/gblexpress.com\/wp-content\/uploads\/2024\/11\/Dianabol-10mg.jpg","datePublished":"2024-11-27T09:59:17+00:00","dateModified":"2026-02-25T05:17:03+00:00","description":"Szeretn\u00e9 el\u0151remozd\u00edtani a kutat\u00e1st? V\u00e1s\u00e1roljon Dianabol 10 mg-ot k\u00e9nyelmesen \u00e9s biztons\u00e1gosan online \u2013 egy egyszer\u0171 rendel\u00e9si folyamattal. Fedezze fel a lehet\u0151s\u00e9geket, \u00e9s v\u00e1s\u00e1roljon Dianabol 10 mg-ot online kutat\u00e1si projektjeihez m\u00e9g ma.","breadcrumb":{"@id":"https:\/\/gblexpress.com\/product\/dianabol-10mg\/#breadcrumb"},"inLanguage":"hu","potentialAction":[{"@type":"ReadAction","target":["https:\/\/gblexpress.com\/product\/dianabol-10mg\/"]}]},{"@type":"ImageObject","inLanguage":"hu","@id":"https:\/\/gblexpress.com\/product\/dianabol-10mg\/#primaryimage","url":"https:\/\/gblexpress.com\/wp-content\/uploads\/2024\/11\/Dianabol-10mg.jpg","contentUrl":"https:\/\/gblexpress.com\/wp-content\/uploads\/2024\/11\/Dianabol-10mg.jpg","width":600,"height":600,"caption":"Dianabol-10mg online kaufen"},{"@type":"BreadcrumbList","@id":"https:\/\/gblexpress.com\/product\/dianabol-10mg\/#breadcrumb","itemListElement":[{"@type":"ListItem","position":1,"name":"Home","item":"https:\/\/gblexpress.com\/"},{"@type":"ListItem","position":2,"name":"Shop","item":"https:\/\/gblexpress.com\/shop\/"},{"@type":"ListItem","position":3,"name":"Dianabol 10mg"}]},{"@type":"WebSite","@id":"https:\/\/gblexpress.com\/#website","url":"https:\/\/gblexpress.com\/","name":"GBL Express","description":"","publisher":{"@id":"https:\/\/gblexpress.com\/#organization"},"potentialAction":[{"@type":"SearchAction","target":{"@type":"EntryPoint","urlTemplate":"https:\/\/gblexpress.com\/?s={search_term_string}"},"query-input":{"@type":"PropertyValueSpecification","valueRequired":true,"valueName":"search_term_string"}}],"inLanguage":"hu"},{"@type":"Organization","@id":"https:\/\/gblexpress.com\/#organization","name":"GBL Express","url":"https:\/\/gblexpress.com\/","logo":{"@type":"ImageObject","inLanguage":"hu","@id":"https:\/\/gblexpress.com\/#\/schema\/logo\/image\/","url":"https:\/\/gblexpress.com\/wp-content\/uploads\/2023\/01\/logo.png","contentUrl":"https:\/\/gblexpress.com\/wp-content\/uploads\/2023\/01\/logo.png","width":250,"height":52,"caption":"GBL Express"},"image":{"@id":"https:\/\/gblexpress.com\/#\/schema\/logo\/image\/"}}]}},"jetpack-related-posts":[],"jetpack_sharing_enabled":true,"_links":{"self":[{"href":"https:\/\/gblexpress.com\/hu\/wp-json\/wp\/v2\/product\/1337","targetHints":{"allow":["GET"]}}],"collection":[{"href":"https:\/\/gblexpress.com\/hu\/wp-json\/wp\/v2\/product"}],"about":[{"href":"https:\/\/gblexpress.com\/hu\/wp-json\/wp\/v2\/types\/product"}],"replies":[{"embeddable":true,"href":"https:\/\/gblexpress.com\/hu\/wp-json\/wp\/v2\/comments?post=1337"}],"wp:featuredmedia":[{"embeddable":true,"href":"https:\/\/gblexpress.com\/hu\/wp-json\/wp\/v2\/media\/1615"}],"wp:attachment":[{"href":"https:\/\/gblexpress.com\/hu\/wp-json\/wp\/v2\/media?parent=1337"}],"wp:term":[{"taxonomy":"product_brand","embeddable":true,"href":"https:\/\/gblexpress.com\/hu\/wp-json\/wp\/v2\/product_brand?post=1337"},{"taxonomy":"product_cat","embeddable":true,"href":"https:\/\/gblexpress.com\/hu\/wp-json\/wp\/v2\/product_cat?post=1337"},{"taxonomy":"product_tag","embeddable":true,"href":"https:\/\/gblexpress.com\/hu\/wp-json\/wp\/v2\/product_tag?post=1337"}],"curies":[{"name":"wp","href":"https:\/\/api.w.org\/{rel}","templated":true}]}}