{"id":1339,"date":"2024-11-27T09:59:01","date_gmt":"2024-11-27T09:59:01","guid":{"rendered":"https:\/\/gblexpress.com\/?post_type=product&#038;p=1339"},"modified":"2026-02-28T09:33:14","modified_gmt":"2026-02-28T09:33:14","slug":"tesztoszteron-250mg","status":"publish","type":"product","link":"https:\/\/gblexpress.com\/hu\/termek-2\/tesztoszteron-250mg\/","title":{"rendered":"Tesztoszteron 250mg"},"content":{"rendered":"<h2><strong>Tesztoszteron 250mg <a href=\"https:\/\/gblexpress.com\/hu\/ghb\/\">-<\/a> A hat\u00e9kony izom\u00e9p\u00edt\u00e9s \u00e9s regener\u00e1ci\u00f3 kulcsa<\/strong><\/h2>\n<p><a href=\"https:\/\/gblexpress.com\/hu\/termek-2\/tesztoszteron-250mg\/\">Tesztoszteron 250mg<\/a> ist ein leistungsstarkes Anabolikum, das speziell entwickelt wurde, um Muskelmasse, Kraft und Regeneration effektiv zu f\u00f6rdern. Mit einer pr\u00e4zisen Dosierung von 250mg pro Ampulle bietet es eine gleichm\u00e4\u00dfige Freisetzung des Hormons, wodurch es ideal f\u00fcr Bodybuilder und Athleten in intensiven Trainingsphasen ist Testosteron 250mg kaufen .<\/p>\n<h3><strong>Hogyan m\u0171k\u00f6dik a tesztoszteron 250mg?<\/strong><br \/>\nEz az injekt\u00e1lhat\u00f3 tesztoszteron t\u00e1mogatja az izom\u00e9p\u00edt\u00e9st a feh\u00e9rjeszint\u00e9zis el\u0151seg\u00edt\u00e9s\u00e9vel \u00e9s az izmok nitrog\u00e9nrakt\u00e1roz\u00e1s\u00e1nak n\u00f6vel\u00e9s\u00e9vel. Fokozza az energi\u00e1t, el\u0151seg\u00edti a regener\u00e1l\u00f3d\u00e1st \u00e9s cs\u00f6kkenti az edz\u00e9sek k\u00f6z\u00f6tti regener\u00e1l\u00f3d\u00e1si id\u0151t, ami folyamatos fejl\u0151d\u00e9st eredm\u00e9nyez.<a href=\"https:\/\/factoryson.com\/product-category\/caluanie\/\">.<\/a><\/h3>\n<h3><strong>F\u0151 el\u0151ny\u00f6k:<\/strong><\/h3>\n<ul>\n<li><strong>Gyors izom\u00e9p\u00edt\u00e9s<\/strong>T\u00e1mogatja a sov\u00e1ny izomt\u00f6meg n\u00f6veked\u00e9s\u00e9t.<\/li>\n<li><strong>Jav\u00edtott regener\u00e1ci\u00f3<\/strong>Felgyors\u00edtja a gy\u00f3gyul\u00e1st intenz\u00edv edz\u00e9sek ut\u00e1n.<\/li>\n<li><strong>Az er\u0151 n\u00f6veked\u00e9se<\/strong>N\u00f6veli az energi\u00e1t \u00e9s a teljes\u00edtm\u00e9nyt edz\u00e9s k\u00f6zben.<\/li>\n<li><strong>Hosszan tart\u00f3 hat\u00e1s<\/strong>Ide\u00e1lis t\u00f6bb h\u00e9ten \u00e1t tart\u00f3 ciklusokhoz.<\/li>\n<\/ul>\n<p><strong>Mi\u00e9rt v\u00e1lassza a tesztoszteron 250mg-ot?<\/strong><br \/>\nNagy tisztas\u00e1g\u00e1nak \u00e9s megb\u00edzhat\u00f3 adagol\u00e1s\u00e1nak k\u00f6sz\u00f6nhet\u0151en a tesztoszteron 250mg az egyik legn\u00e9pszer\u0171bb lehet\u0151s\u00e9g a test\u00e9p\u00edt\u00e9sben. Rugalmasan haszn\u00e1lhat\u00f3, \u00e9s alkalmas mind t\u00f6megn\u00f6vel\u0151, mind er\u0151nl\u00e9ti ciklusokhoz.<\/p>\n<p>Fedezze fel a tesztoszteron 250mg el\u0151nyeit, \u00e9s \u00e9rje el fitneszc\u00e9ljait egy olyan term\u00e9kkel, amely egyes\u00edti a teljes\u00edtm\u00e9nyt \u00e9s a min\u0151s\u00e9get. <strong>Rendeljen most \u00e9s kezdje el!<\/strong><\/p>","protected":false},"excerpt":{"rendered":"<p>A 250mg tesztoszteron bizony\u00edtottan j\u00f3 v\u00e1laszt\u00e1s a sportol\u00f3k \u00e9s test\u00e9p\u00edt\u0151k sz\u00e1m\u00e1ra, akik szeretn\u00e9k maximaliz\u00e1lni fizikai teljes\u00edtm\u00e9ny\u00fcket. Ez az injekt\u00e1lhat\u00f3 tesztoszteron term\u00e9k t\u00e1mogatja az izom\u00e9p\u00edt\u00e9st, jav\u00edtja a regener\u00e1l\u00f3d\u00e1st \u00e9s el\u0151seg\u00edti az \u00e1ltal\u00e1nos fizikai er\u0151t.<\/p>\n<h3><strong>Hogyan m\u0171k\u00f6dik a tesztoszteron 250mg?<\/strong><\/h3>\n<p>A tesztoszteron az izom\u00e9p\u00edt\u00e9shez \u00e9s regener\u00e1ci\u00f3hoz n\u00e9lk\u00fcl\u00f6zhetetlen hormon. <strong>Tesztoszteron 250mg<\/strong> biztos\u00edtja a hat\u00f3anyag egyenletes \u00e9s hosszan tart\u00f3 felszabadul\u00e1s\u00e1t a szervezet tesztoszteronszintj\u00e9nek stabiliz\u00e1l\u00e1sa \u00e9rdek\u00e9ben.<\/p>\n<ul>\n<li><strong>Izom\u00e9p\u00edt\u00e9s<\/strong>N\u00f6veli a feh\u00e9rjeszint\u00e9zist \u00e9s el\u0151seg\u00edti az izomt\u00f6meg n\u00f6veked\u00e9s\u00e9t.<\/li>\n<li><strong>Az er\u0151 n\u00f6veked\u00e9se<\/strong>Jav\u00edtja az energi\u00e1t \u00e9s a teljes\u00edtm\u00e9nyt az intenz\u00edv edz\u00e9sek sor\u00e1n.<\/li>\n<li><strong>Regener\u00e1ci\u00f3<\/strong>Gyors\u00edtja a gy\u00f3gyul\u00e1st \u00e9s cs\u00f6kkenti az edz\u00e9ssz\u00fcneteket.<\/li>\n<\/ul>\n<h3><strong>K\u00e9plet \u00e9s tulajdons\u00e1gok<\/strong><\/h3>\n<ul>\n<li><strong>K\u00e9miai k\u00e9plet<\/strong>C19H28O2<\/li>\n<li><strong>Molekulat\u00f6meg<\/strong>: 288,42 g\/mol<\/li>\n<li><strong>Adagol\u00e1s<\/strong>250 mg ampull\u00e1nk\u00e9nt az ellen\u0151rz\u00f6tt \u00e9s hat\u00e9kony eredm\u00e9nyek\u00e9rt.<\/li>\n<li><strong>Kibocs\u00e1t\u00e1si id\u0151<\/strong>Hosszan tart\u00f3 hat\u00e1s, ide\u00e1lis heti ciklusokhoz.<\/li>\n<\/ul>","protected":false},"featured_media":1616,"comment_status":"open","ping_status":"closed","template":"","meta":{"_joinchat":[]},"product_brand":[],"product_cat":[247],"product_tag":[758,762,761,759,760],"class_list":{"0":"post-1339","1":"product","2":"type-product","3":"status-publish","4":"has-post-thumbnail","6":"product_cat-steroid","7":"product_tag-testosteron-250mg-kaufen","8":"product_tag-testosteron-250mg-wirkung","9":"product_tag-testosteron-fuer-bodybuilding","10":"product_tag-testosteron-injektionen-bestellen","11":"product_tag-testosteron-muskelaufbau","13":"first","14":"instock","15":"shipping-taxable","16":"purchasable","17":"product-type-variable"},"yoast_head":"<!-- This site is optimized with the Yoast SEO plugin v25.4 - https:\/\/yoast.com\/wordpress\/plugins\/seo\/ -->\n<title>Testosteron 250 mg online kaufen \u2013 Testosteron 250 mg verkaufen<\/title>\n<meta name=\"description\" content=\"Finden Sie hochwertiges Testosteron 250 mg zum Verkauf in unserem Online-Shop. Wir bieten eine sichere Plattform f\u00fcr den einfachen Online-Kauf von Testosteron 250 mg, die Ihren Forschungsanforderungen gerecht wird.\" \/>\n<meta name=\"robots\" content=\"index, follow, max-snippet:-1, max-image-preview:large, max-video-preview:-1\" \/>\n<link rel=\"canonical\" href=\"https:\/\/gblexpress.com\/hu\/termek-2\/tesztoszteron-250mg\/\" \/>\n<meta property=\"og:locale\" content=\"hu_HU\" \/>\n<meta property=\"og:type\" content=\"article\" \/>\n<meta property=\"og:title\" content=\"Testosteron 250 mg online kaufen \u2013 Testosteron 250 mg verkaufen\" \/>\n<meta property=\"og:description\" content=\"Finden Sie hochwertiges Testosteron 250 mg zum Verkauf in unserem Online-Shop. Wir bieten eine sichere Plattform f\u00fcr den einfachen Online-Kauf von Testosteron 250 mg, die Ihren Forschungsanforderungen gerecht wird.\" \/>\n<meta property=\"og:url\" content=\"https:\/\/gblexpress.com\/hu\/termek-2\/tesztoszteron-250mg\/\" \/>\n<meta property=\"og:site_name\" content=\"GBL Express\" \/>\n<meta property=\"article:modified_time\" content=\"2026-02-28T09:33:14+00:00\" \/>\n<meta property=\"og:image\" content=\"https:\/\/gblexpress.com\/wp-content\/uploads\/2024\/11\/Testosteron-250mg.jpg\" \/>\n\t<meta property=\"og:image:width\" content=\"600\" \/>\n\t<meta property=\"og:image:height\" content=\"600\" \/>\n\t<meta property=\"og:image:type\" content=\"image\/jpeg\" \/>\n<meta name=\"twitter:card\" content=\"summary_large_image\" \/>\n<meta name=\"twitter:label1\" content=\"Becs\u00fclt olvas\u00e1si id\u0151\" \/>\n\t<meta name=\"twitter:data1\" content=\"2 perc\" \/>\n<!-- \/ Yoast SEO plugin. -->","yoast_head_json":{"title":"V\u00e1s\u00e1roljon 250 mg tesztoszteront online \u2013 Adjon el 250 mg tesztoszteront","description":"Keressen kiv\u00e1l\u00f3 min\u0151s\u00e9g\u0171 tesztoszteron 250 mg term\u00e9ket online \u00e1ruh\u00e1zunkban. Biztons\u00e1gos platformot biztos\u00edtunk a 250 mg tesztoszteron egyszer\u0171 online v\u00e1s\u00e1rl\u00e1s\u00e1hoz, amely megfelel az \u00d6n kutat\u00e1si ig\u00e9nyeinek.","robots":{"index":"index","follow":"follow","max-snippet":"max-snippet:-1","max-image-preview":"max-image-preview:large","max-video-preview":"max-video-preview:-1"},"canonical":"https:\/\/gblexpress.com\/hu\/termek-2\/tesztoszteron-250mg\/","og_locale":"hu_HU","og_type":"article","og_title":"Testosteron 250 mg online kaufen \u2013 Testosteron 250 mg verkaufen","og_description":"Finden Sie hochwertiges Testosteron 250 mg zum Verkauf in unserem Online-Shop. Wir bieten eine sichere Plattform f\u00fcr den einfachen Online-Kauf von Testosteron 250 mg, die Ihren Forschungsanforderungen gerecht wird.","og_url":"https:\/\/gblexpress.com\/hu\/termek-2\/tesztoszteron-250mg\/","og_site_name":"GBL Express","article_modified_time":"2026-02-28T09:33:14+00:00","og_image":[{"width":600,"height":600,"url":"https:\/\/gblexpress.com\/wp-content\/uploads\/2024\/11\/Testosteron-250mg.jpg","type":"image\/jpeg"}],"twitter_card":"summary_large_image","twitter_misc":{"Becs\u00fclt olvas\u00e1si id\u0151":"2 perc"},"schema":{"@context":"https:\/\/schema.org","@graph":[{"@type":"WebPage","@id":"https:\/\/gblexpress.com\/product\/testosteron-250mg\/","url":"https:\/\/gblexpress.com\/product\/testosteron-250mg\/","name":"V\u00e1s\u00e1roljon 250 mg tesztoszteront online \u2013 Adjon el 250 mg tesztoszteront","isPartOf":{"@id":"https:\/\/gblexpress.com\/#website"},"primaryImageOfPage":{"@id":"https:\/\/gblexpress.com\/product\/testosteron-250mg\/#primaryimage"},"image":{"@id":"https:\/\/gblexpress.com\/product\/testosteron-250mg\/#primaryimage"},"thumbnailUrl":"https:\/\/gblexpress.com\/wp-content\/uploads\/2024\/11\/Testosteron-250mg.jpg","datePublished":"2024-11-27T09:59:01+00:00","dateModified":"2026-02-28T09:33:14+00:00","description":"Keressen kiv\u00e1l\u00f3 min\u0151s\u00e9g\u0171 tesztoszteron 250 mg term\u00e9ket online \u00e1ruh\u00e1zunkban. Biztons\u00e1gos platformot biztos\u00edtunk a 250 mg tesztoszteron egyszer\u0171 online v\u00e1s\u00e1rl\u00e1s\u00e1hoz, amely megfelel az \u00d6n kutat\u00e1si ig\u00e9nyeinek.","breadcrumb":{"@id":"https:\/\/gblexpress.com\/product\/testosteron-250mg\/#breadcrumb"},"inLanguage":"hu","potentialAction":[{"@type":"ReadAction","target":["https:\/\/gblexpress.com\/product\/testosteron-250mg\/"]}]},{"@type":"ImageObject","inLanguage":"hu","@id":"https:\/\/gblexpress.com\/product\/testosteron-250mg\/#primaryimage","url":"https:\/\/gblexpress.com\/wp-content\/uploads\/2024\/11\/Testosteron-250mg.jpg","contentUrl":"https:\/\/gblexpress.com\/wp-content\/uploads\/2024\/11\/Testosteron-250mg.jpg","width":600,"height":600,"caption":"Testosteron-250mg online kaufen"},{"@type":"BreadcrumbList","@id":"https:\/\/gblexpress.com\/product\/testosteron-250mg\/#breadcrumb","itemListElement":[{"@type":"ListItem","position":1,"name":"Home","item":"https:\/\/gblexpress.com\/"},{"@type":"ListItem","position":2,"name":"Shop","item":"https:\/\/gblexpress.com\/shop\/"},{"@type":"ListItem","position":3,"name":"Testosteron 250mg"}]},{"@type":"WebSite","@id":"https:\/\/gblexpress.com\/#website","url":"https:\/\/gblexpress.com\/","name":"GBL Express","description":"","publisher":{"@id":"https:\/\/gblexpress.com\/#organization"},"potentialAction":[{"@type":"SearchAction","target":{"@type":"EntryPoint","urlTemplate":"https:\/\/gblexpress.com\/?s={search_term_string}"},"query-input":{"@type":"PropertyValueSpecification","valueRequired":true,"valueName":"search_term_string"}}],"inLanguage":"hu"},{"@type":"Organization","@id":"https:\/\/gblexpress.com\/#organization","name":"GBL Express","url":"https:\/\/gblexpress.com\/","logo":{"@type":"ImageObject","inLanguage":"hu","@id":"https:\/\/gblexpress.com\/#\/schema\/logo\/image\/","url":"https:\/\/gblexpress.com\/wp-content\/uploads\/2023\/01\/logo.png","contentUrl":"https:\/\/gblexpress.com\/wp-content\/uploads\/2023\/01\/logo.png","width":250,"height":52,"caption":"GBL Express"},"image":{"@id":"https:\/\/gblexpress.com\/#\/schema\/logo\/image\/"}}]}},"jetpack-related-posts":[],"jetpack_sharing_enabled":true,"_links":{"self":[{"href":"https:\/\/gblexpress.com\/hu\/wp-json\/wp\/v2\/product\/1339","targetHints":{"allow":["GET"]}}],"collection":[{"href":"https:\/\/gblexpress.com\/hu\/wp-json\/wp\/v2\/product"}],"about":[{"href":"https:\/\/gblexpress.com\/hu\/wp-json\/wp\/v2\/types\/product"}],"replies":[{"embeddable":true,"href":"https:\/\/gblexpress.com\/hu\/wp-json\/wp\/v2\/comments?post=1339"}],"wp:featuredmedia":[{"embeddable":true,"href":"https:\/\/gblexpress.com\/hu\/wp-json\/wp\/v2\/media\/1616"}],"wp:attachment":[{"href":"https:\/\/gblexpress.com\/hu\/wp-json\/wp\/v2\/media?parent=1339"}],"wp:term":[{"taxonomy":"product_brand","embeddable":true,"href":"https:\/\/gblexpress.com\/hu\/wp-json\/wp\/v2\/product_brand?post=1339"},{"taxonomy":"product_cat","embeddable":true,"href":"https:\/\/gblexpress.com\/hu\/wp-json\/wp\/v2\/product_cat?post=1339"},{"taxonomy":"product_tag","embeddable":true,"href":"https:\/\/gblexpress.com\/hu\/wp-json\/wp\/v2\/product_tag?post=1339"}],"curies":[{"name":"wp","href":"https:\/\/api.w.org\/{rel}","templated":true}]}}