{"id":1340,"date":"2024-11-27T09:58:57","date_gmt":"2024-11-27T09:58:57","guid":{"rendered":"https:\/\/gblexpress.com\/?post_type=product&#038;p=1340"},"modified":"2025-05-06T05:53:51","modified_gmt":"2025-05-06T05:53:51","slug":"deca-durabin-300mg","status":"publish","type":"product","link":"https:\/\/gblexpress.com\/hu\/termek-2\/deca-durabin-300mg\/","title":{"rendered":"Deca Durabin 300mg"},"content":{"rendered":"<h2><strong>V\u00e1s\u00e1rl\u00e1s Deca Durabin 300mg - Izom\u00e9p\u00edt\u00e9s k\u00f6nny\u0171v\u00e9 t\u00e9ve<\/strong><\/h2>\n<p><a href=\"https:\/\/gblexpress.com\/hu\/termek-2\/deca-durabin-300mg\/\">Deca Durabin 300mg<\/a>m\u00e1s n\u00e9ven <a href=\"https:\/\/hu.wikipedia.org\/wiki\/Nandrolone_decanoate\"><strong>Nandrolon dekano\u00e1t<\/strong><\/a>t\u00f6k\u00e9letes v\u00e1laszt\u00e1s test\u00e9p\u00edt\u0151k \u00e9s sportol\u00f3k sz\u00e1m\u00e1ra, akik izom\u00e9p\u00edt\u00e9sre, regener\u00e1l\u00f3d\u00e1sra \u00e9s \u00edz\u00fcletv\u00e9delemre v\u00e1gynak. Hosszan tart\u00f3 hat\u00e1s\u00e1val \u00e9s megb\u00edzhat\u00f3 min\u0151s\u00e9g\u00e9vel t\u00e1mogatja az er\u0151n\u00f6veked\u00e9st \u00e9s a gyorsabb regener\u00e1l\u00f3d\u00e1st. v\u00e1s\u00e1rl\u00e1s Deca Durabin<a href=\"https:\/\/gblexpress.com\/hu\/shop\/tilidin-ratiopharm-plus-50-4-mg-tilidin-naloxon\/\">.<\/a><\/p>\n<p>Most <a href=\"https:\/\/gblexpress.com\/hu\/\"><strong>V\u00e1s\u00e1rolj deka szteroidokat<\/strong><\/a> \u00e9s \u00e9lvezze a diszkr\u00e9t sz\u00e1ll\u00edt\u00e1s \u00e9s az els\u0151 oszt\u00e1ly\u00fa min\u0151s\u00e9g el\u0151nyeit.<a href=\"https:\/\/gblexprimer.com\/\">!<\/a><\/p>","protected":false},"excerpt":{"rendered":"<p><strong>Deca Durabin 300mg<\/strong> egy j\u00f3l ismert anabolikus szteroid, amelyet az izom\u00e9p\u00edt\u00e9sben \u00e9s a ter\u00e1pi\u00e1s kezel\u00e9sekben val\u00f3 sokoldal\u00fa alkalmaz\u00e1s\u00e1\u00e9rt \u00e9rt\u00e9kelnek. Bizony\u00edtott formul\u00e1j\u00e1nak \u00e9s hosszan tart\u00f3 hat\u00e1s\u00e1nak k\u00f6sz\u00f6nhet\u0151en a test\u00e9p\u00edt\u0151k \u00e9s az eg\u00e9szs\u00e9g\u00fcgyi szakemberek egyik legn\u00e9pszer\u0171bb v\u00e1laszt\u00e1sa.<\/p>\n<h3><strong>Milyen t\u00edpus\u00fa gy\u00f3gyszer a Deca Durabin 300mg?<\/strong><\/h3>\n<p>Deca Durabin, m\u00e1s n\u00e9ven <strong>Nandrolon dekano\u00e1t<\/strong>egy injekt\u00e1lhat\u00f3 szteroid, amely lehet\u0151v\u00e9 teszi a hat\u00f3anyag lass\u00fa \u00e9s egyenletes felszabadul\u00e1s\u00e1t. T\u00e1mogatja az izomt\u00f6meg fel\u00e9p\u00edt\u00e9s\u00e9t, jav\u00edtja a regener\u00e1ci\u00f3t \u00e9s cs\u00f6kkenti az \u00edz\u00fcleti f\u00e1jdalmat.<\/p>\n<h3><strong>Tulajdons\u00e1gok \u00e9s el\u0151ny\u00f6k<\/strong><\/h3>\n<ul>\n<li><strong>Izom\u00e9p\u00edt\u00e9s<\/strong>El\u0151seg\u00edti az izomt\u00f6meg \u00e9s az er\u0151 jelent\u0151s n\u00f6veked\u00e9s\u00e9t.<\/li>\n<li><strong>Regener\u00e1ci\u00f3<\/strong>T\u00e1mogatja a gyorsabb regener\u00e1l\u00f3d\u00e1st az intenz\u00edv edz\u00e9sek ut\u00e1n.<\/li>\n<li><strong>Az \u00edz\u00fcletek v\u00e9delme<\/strong>Seg\u00edt enyh\u00edteni az \u00edz\u00fcleti f\u00e1jdalmakat \u00e9s jav\u00edtja a mobilit\u00e1st.<\/li>\n<li><strong>Hosszan tart\u00f3 hat\u00e1s<\/strong>300 mg-os adagol\u00e1ssal t\u00f6bb napon \u00e1t stabil felszabadul\u00e1st biztos\u00edt.<\/li>\n<\/ul>\n<h3><strong>Alkalmaz\u00e1sok<\/strong><\/h3>\n<ol>\n<li><strong>Test\u00e9p\u00edt\u00e9s<\/strong>:\n<ul>\n<li>El\u0151seg\u00edti az izomt\u00f6meget \u00e9s n\u00f6veli az er\u0151t.<\/li>\n<li>N\u00e9pszer\u0171 az \u00e9p\u00edt\u00e9si \u00e9s karbantart\u00e1si f\u00e1zisokban.<\/li>\n<\/ul>\n<\/li>\n<li><strong>Ter\u00e1pi\u00e1s felhaszn\u00e1l\u00e1s<\/strong>:\n<ul>\n<li>Olyan kr\u00f3nikus betegs\u00e9gek kezel\u00e9s\u00e9re, mint a csontritkul\u00e1s vagy az izomsorvad\u00e1s.<\/li>\n<\/ul>\n<\/li>\n<li><strong>Helyre\u00e1ll\u00edt\u00e1s \u00e9s regener\u00e1ci\u00f3<\/strong>:\n<ul>\n<li>Ide\u00e1lis sportol\u00f3k sz\u00e1m\u00e1ra a gy\u00f3gyul\u00e1si folyamatok t\u00e1mogat\u00e1s\u00e1ra \u00e9s az edz\u00e9sstressz cs\u00f6kkent\u00e9s\u00e9re.<\/li>\n<\/ul>\n<\/li>\n<\/ol>\n<h3><strong>Mi\u00e9rt v\u00e1s\u00e1roljon Deca Durabin 300mg?<\/strong><\/h3>\n<ul>\n<li><strong>megb\u00edzhat\u00f3s\u00e1g<\/strong>Klinikailag tesztelt \u00e9s bizony\u00edtott.<\/li>\n<li><strong>Diszkr\u00e9t sz\u00e1ll\u00edt\u00e1s<\/strong>: Biztons\u00e1gosan \u00e9s bizalmasan k\u00e9zbes\u00edtve.<\/li>\n<li><strong>Kiv\u00e1l\u00f3 min\u0151s\u00e9g\u0171 k\u00e9sz\u00edtm\u00e9ny<\/strong>Garant\u00e1lja a legjobb eredm\u00e9nyeket a professzion\u00e1lis alkalmaz\u00e1sokhoz.<\/li>\n<\/ul>","protected":false},"featured_media":1617,"comment_status":"open","ping_status":"closed","template":"","meta":{"_joinchat":[]},"product_brand":[],"product_cat":[247],"product_tag":[744,751,747,746,748,742,750,752,745,749,743],"class_list":{"0":"post-1340","1":"product","2":"type-product","3":"status-publish","4":"has-post-thumbnail","6":"product_cat-steroid","7":"product_tag-deca-300mg-online-kaufen","8":"product_tag-deca-bodybuilding-injektionen","9":"product_tag-deca-durabin-bodybuilding","10":"product_tag-deca-durabin-grosshandel","11":"product_tag-deca-durabin-injektionen-kaufen","12":"product_tag-deca-durabin-kaufen","13":"product_tag-deca-durabin-sicher-kaufen","14":"product_tag-deca-regeneration-sicher-kaufen","15":"product_tag-deca-steroide-muskelaufbau-deca-durabin-wirkung","16":"product_tag-deca-steroide-regeneration","17":"product_tag-nandrolon-decanoat-bestellen","19":"first","20":"instock","21":"shipping-taxable","22":"purchasable","23":"product-type-variable"},"yoast_head":"<!-- This site is optimized with the Yoast SEO plugin v25.4 - https:\/\/yoast.com\/wordpress\/plugins\/seo\/ -->\n<title>Deca Durabin 300 mg online \u2013 Deca Durabin 300 mg zu verkaufen<\/title>\n<meta name=\"description\" content=\"Finden Sie hochwertiges Deca Durabin 300 mg zum Verkauf in unserem Online-Shop. Wir bieten eine sichere Plattform, um Deca Durabin 300 mg ganz einfach online zu kaufen und Ihren Forschungsanforderungen gerecht zu werden.\" \/>\n<meta name=\"robots\" content=\"index, follow, max-snippet:-1, max-image-preview:large, max-video-preview:-1\" \/>\n<link rel=\"canonical\" href=\"https:\/\/gblexpress.com\/hu\/termek-2\/deca-durabin-300mg\/\" \/>\n<meta property=\"og:locale\" content=\"hu_HU\" \/>\n<meta property=\"og:type\" content=\"article\" \/>\n<meta property=\"og:title\" content=\"Deca Durabin 300 mg online \u2013 Deca Durabin 300 mg zu verkaufen\" \/>\n<meta property=\"og:description\" content=\"Finden Sie hochwertiges Deca Durabin 300 mg zum Verkauf in unserem Online-Shop. Wir bieten eine sichere Plattform, um Deca Durabin 300 mg ganz einfach online zu kaufen und Ihren Forschungsanforderungen gerecht zu werden.\" \/>\n<meta property=\"og:url\" content=\"https:\/\/gblexpress.com\/hu\/termek-2\/deca-durabin-300mg\/\" \/>\n<meta property=\"og:site_name\" content=\"GBL Express\" \/>\n<meta property=\"article:modified_time\" content=\"2025-05-06T05:53:51+00:00\" \/>\n<meta property=\"og:image\" content=\"https:\/\/gblexpress.com\/wp-content\/uploads\/2024\/11\/Deca-Durabin-300mg.jpg\" \/>\n\t<meta property=\"og:image:width\" content=\"600\" \/>\n\t<meta property=\"og:image:height\" content=\"600\" \/>\n\t<meta property=\"og:image:type\" content=\"image\/jpeg\" \/>\n<meta name=\"twitter:card\" content=\"summary_large_image\" \/>\n<meta name=\"twitter:label1\" content=\"Becs\u00fclt olvas\u00e1si id\u0151\" \/>\n\t<meta name=\"twitter:data1\" content=\"1 perc\" \/>\n<!-- \/ Yoast SEO plugin. -->","yoast_head_json":{"title":"Deka Durabolin 300 mg online \u2013 Deca Durabolin 300 mg elad\u00f3","description":"Keressen kiv\u00e1l\u00f3 min\u0151s\u00e9g\u0171 Deca Durabin 300 mg elad\u00f3t web\u00e1ruh\u00e1zunkban. Biztons\u00e1gos platformot biztos\u00edtunk a Deca Durabin 300 mg egyszer\u0171 online v\u00e1s\u00e1rl\u00e1s\u00e1hoz, \u00e9s kiel\u00e9g\u00edtheti kutat\u00e1si ig\u00e9nyeit.","robots":{"index":"index","follow":"follow","max-snippet":"max-snippet:-1","max-image-preview":"max-image-preview:large","max-video-preview":"max-video-preview:-1"},"canonical":"https:\/\/gblexpress.com\/hu\/termek-2\/deca-durabin-300mg\/","og_locale":"hu_HU","og_type":"article","og_title":"Deca Durabin 300 mg online \u2013 Deca Durabin 300 mg zu verkaufen","og_description":"Finden Sie hochwertiges Deca Durabin 300 mg zum Verkauf in unserem Online-Shop. Wir bieten eine sichere Plattform, um Deca Durabin 300 mg ganz einfach online zu kaufen und Ihren Forschungsanforderungen gerecht zu werden.","og_url":"https:\/\/gblexpress.com\/hu\/termek-2\/deca-durabin-300mg\/","og_site_name":"GBL Express","article_modified_time":"2025-05-06T05:53:51+00:00","og_image":[{"width":600,"height":600,"url":"https:\/\/gblexpress.com\/wp-content\/uploads\/2024\/11\/Deca-Durabin-300mg.jpg","type":"image\/jpeg"}],"twitter_card":"summary_large_image","twitter_misc":{"Becs\u00fclt olvas\u00e1si id\u0151":"1 perc"},"schema":{"@context":"https:\/\/schema.org","@graph":[{"@type":"WebPage","@id":"https:\/\/gblexpress.com\/product\/deca-durabin-300mg\/","url":"https:\/\/gblexpress.com\/product\/deca-durabin-300mg\/","name":"Deka Durabolin 300 mg online \u2013 Deca Durabolin 300 mg elad\u00f3","isPartOf":{"@id":"https:\/\/gblexpress.com\/#website"},"primaryImageOfPage":{"@id":"https:\/\/gblexpress.com\/product\/deca-durabin-300mg\/#primaryimage"},"image":{"@id":"https:\/\/gblexpress.com\/product\/deca-durabin-300mg\/#primaryimage"},"thumbnailUrl":"https:\/\/gblexpress.com\/wp-content\/uploads\/2024\/11\/Deca-Durabin-300mg.jpg","datePublished":"2024-11-27T09:58:57+00:00","dateModified":"2025-05-06T05:53:51+00:00","description":"Keressen kiv\u00e1l\u00f3 min\u0151s\u00e9g\u0171 Deca Durabin 300 mg elad\u00f3t web\u00e1ruh\u00e1zunkban. Biztons\u00e1gos platformot biztos\u00edtunk a Deca Durabin 300 mg egyszer\u0171 online v\u00e1s\u00e1rl\u00e1s\u00e1hoz, \u00e9s kiel\u00e9g\u00edtheti kutat\u00e1si ig\u00e9nyeit.","breadcrumb":{"@id":"https:\/\/gblexpress.com\/product\/deca-durabin-300mg\/#breadcrumb"},"inLanguage":"hu","potentialAction":[{"@type":"ReadAction","target":["https:\/\/gblexpress.com\/product\/deca-durabin-300mg\/"]}]},{"@type":"ImageObject","inLanguage":"hu","@id":"https:\/\/gblexpress.com\/product\/deca-durabin-300mg\/#primaryimage","url":"https:\/\/gblexpress.com\/wp-content\/uploads\/2024\/11\/Deca-Durabin-300mg.jpg","contentUrl":"https:\/\/gblexpress.com\/wp-content\/uploads\/2024\/11\/Deca-Durabin-300mg.jpg","width":600,"height":600,"caption":"Deca-Durabin-300mg online kaufen"},{"@type":"BreadcrumbList","@id":"https:\/\/gblexpress.com\/product\/deca-durabin-300mg\/#breadcrumb","itemListElement":[{"@type":"ListItem","position":1,"name":"Home","item":"https:\/\/gblexpress.com\/"},{"@type":"ListItem","position":2,"name":"Shop","item":"https:\/\/gblexpress.com\/shop\/"},{"@type":"ListItem","position":3,"name":"Deca Durabin 300mg"}]},{"@type":"WebSite","@id":"https:\/\/gblexpress.com\/#website","url":"https:\/\/gblexpress.com\/","name":"GBL Express","description":"","publisher":{"@id":"https:\/\/gblexpress.com\/#organization"},"potentialAction":[{"@type":"SearchAction","target":{"@type":"EntryPoint","urlTemplate":"https:\/\/gblexpress.com\/?s={search_term_string}"},"query-input":{"@type":"PropertyValueSpecification","valueRequired":true,"valueName":"search_term_string"}}],"inLanguage":"hu"},{"@type":"Organization","@id":"https:\/\/gblexpress.com\/#organization","name":"GBL Express","url":"https:\/\/gblexpress.com\/","logo":{"@type":"ImageObject","inLanguage":"hu","@id":"https:\/\/gblexpress.com\/#\/schema\/logo\/image\/","url":"https:\/\/gblexpress.com\/wp-content\/uploads\/2023\/01\/logo.png","contentUrl":"https:\/\/gblexpress.com\/wp-content\/uploads\/2023\/01\/logo.png","width":250,"height":52,"caption":"GBL Express"},"image":{"@id":"https:\/\/gblexpress.com\/#\/schema\/logo\/image\/"}}]}},"jetpack-related-posts":[],"jetpack_sharing_enabled":true,"_links":{"self":[{"href":"https:\/\/gblexpress.com\/hu\/wp-json\/wp\/v2\/product\/1340","targetHints":{"allow":["GET"]}}],"collection":[{"href":"https:\/\/gblexpress.com\/hu\/wp-json\/wp\/v2\/product"}],"about":[{"href":"https:\/\/gblexpress.com\/hu\/wp-json\/wp\/v2\/types\/product"}],"replies":[{"embeddable":true,"href":"https:\/\/gblexpress.com\/hu\/wp-json\/wp\/v2\/comments?post=1340"}],"wp:featuredmedia":[{"embeddable":true,"href":"https:\/\/gblexpress.com\/hu\/wp-json\/wp\/v2\/media\/1617"}],"wp:attachment":[{"href":"https:\/\/gblexpress.com\/hu\/wp-json\/wp\/v2\/media?parent=1340"}],"wp:term":[{"taxonomy":"product_brand","embeddable":true,"href":"https:\/\/gblexpress.com\/hu\/wp-json\/wp\/v2\/product_brand?post=1340"},{"taxonomy":"product_cat","embeddable":true,"href":"https:\/\/gblexpress.com\/hu\/wp-json\/wp\/v2\/product_cat?post=1340"},{"taxonomy":"product_tag","embeddable":true,"href":"https:\/\/gblexpress.com\/hu\/wp-json\/wp\/v2\/product_tag?post=1340"}],"curies":[{"name":"wp","href":"https:\/\/api.w.org\/{rel}","templated":true}]}}