{"id":1802,"date":"2025-06-24T06:15:37","date_gmt":"2025-06-24T06:15:37","guid":{"rendered":"https:\/\/gblexpress.com\/?post_type=product&#038;p=1802"},"modified":"2026-02-25T05:20:14","modified_gmt":"2026-02-25T05:20:14","slug":"vasarolni-ghb-tabletta-online","status":"publish","type":"product","link":"https:\/\/gblexpress.com\/hu\/termek-2\/vasarolni-ghb-tabletta-online\/","title":{"rendered":"GHB tablett\u00e1k online v\u00e1s\u00e1rl\u00e1sa"},"content":{"rendered":"<h2><strong>V\u00e1s\u00e1roljon gamma-hidroxibutir\u00e1t tablett\u00e1t online - Biztos\u00edtsa ell\u00e1t\u00e1s\u00e1t megb\u00edzhat\u00f3 forr\u00e1sokb\u00f3l<\/strong><\/h2>\n<p><a href=\"https:\/\/gblexpress.com\/hu\/termek-2\/vasarolni-ghb-tabletta-online\/\">A gamma-hidroxibutir\u00e1t (GHB) tablett\u00e1k online megv\u00e1s\u00e1rolhat\u00f3k.<\/a> kaphat\u00f3. A GHB-t, amely egy relax\u00e1l\u00f3 hat\u00e1s\u00fa k\u00f6zponti depressz\u00e1ns, sz\u00e1mos ter\u00fcleten haszn\u00e1lj\u00e1k, t\u00f6bbek k\u00f6z\u00f6tt a fitnesz- \u00e9s az eg\u00e9szs\u00e9g\u00fcgyi \u00e1gazatban. A GHB megb\u00edzhat\u00f3 besz\u00e1ll\u00edt\u00f3t\u00f3l val\u00f3 v\u00e1s\u00e1rl\u00e1sa a min\u0151s\u00e9gellen\u0151rz\u00e9s szempontj\u00e1b\u00f3l kulcsfontoss\u00e1g\u00fa. Rendeljen t\u0151l\u00fcnk online GHB-t most, \u00e9s \u00e9lvezze a gyors \u00e9s diszkr\u00e9t sz\u00e1ll\u00edt\u00e1s el\u0151nyeit.<\/p>\n<h3><strong>Hogyan m\u0171k\u00f6dik a GHB tabletta \u00e9s mi az?<\/strong><\/h3>\n<p>Az agy spont\u00e1n termel <a href=\"https:\/\/en.wikipedia.org\/wiki\/%CE%93-Hydroxybutyric_acid\">Gamma-hidroxibutir\u00e1t<\/a> (C4H8O3) mint a fontos g\u00e1tl\u00f3 neurotranszmitter, a gamma-aminovajsav (GABA) metabolitja. B\u00e1r a term\u00e9szetben is el\u0151fordul, az agyban a koncentr\u00e1ci\u00f3ja l\u00e9nyegesen alacsonyabb, mint a k\u00e1b\u00edt\u00f3szerrel val\u00f3 vissza\u00e9l\u00e9s sor\u00e1n \u00e1ltal\u00e1ban megfigyelt koncentr\u00e1ci\u00f3. Nyugtat\u00f3 \u00e9s nyugtat\u00f3 hat\u00e1sa miatt a GHB kereskedelmi \u00e9rt\u00e9kes\u00edt\u00e9se sokakat arra k\u00e9sztetett, hogy online v\u00e1s\u00e1roljanak bel\u0151le. \u00c1ltal\u00e1ban klubokban, bulikon \u00e9s rave-partikon \u00e9lnek vissza vele, b\u00e1r a gy\u00f3gy\u00e1szatban olyan \u00e1llapotok kezel\u00e9s\u00e9re haszn\u00e1lj\u00e1k, mint a narkolepszia. A GHB-t gyakran rekre\u00e1ci\u00f3s drogk\u00e9nt rekl\u00e1mozz\u00e1k, amikor foly\u00e9kony vagy por alakban \u00e1rulj\u00e1k.<\/p>\n<h3><strong>Mi\u00e9rt v\u00e1s\u00e1rolnak az emberek GHB tablett\u00e1t online?<\/strong><\/h3>\n<p>Sz\u00e1mos oka van annak, hogy az emberek mi\u00e9rt v\u00e1s\u00e1rolnak GHB tablett\u00e1t online. B\u00e1r orvosilag haszn\u00e1lj\u00e1k, p\u00e9ld\u00e1ul a Xyrem m\u00e1rkan\u00e9v alatt narkolepszia kezel\u00e9s\u00e9re, gyakran vissza\u00e9lnek vele \"klubdrogk\u00e9nt\" vagy bulikon. Fontos megjegyezni, hogy a biztons\u00e1gos \u00e9s a k\u00e1ros d\u00f3zisok k\u00f6z\u00f6tt v\u00e9kony a hat\u00e1rvonal, \u00e9s a hat\u00e1sok kisz\u00e1m\u00edthatatlanok lehetnek. A k\u00f3ma, a h\u00e1nyinger, a mem\u00f3riaveszt\u00e9s \u00e9s az eszm\u00e9letveszt\u00e9s lehets\u00e9ges mell\u00e9khat\u00e1sok. Ezen agg\u00e1lyok ellen\u00e9re sokan m\u00e9g mindig v\u00e1s\u00e1rolnak online GHB tablett\u00e1t rekre\u00e1ci\u00f3s c\u00e9llal, gyakran an\u00e9lk\u00fcl, hogy tudat\u00e1ban lenn\u00e9nek a s\u00falyos k\u00f6vetkezm\u00e9nyeknek.<\/p>\n<h3><strong>Biztons\u00e1gos a GHB tabletta online v\u00e1s\u00e1rl\u00e1sa?<\/strong><\/h3>\n<p>A GHB online v\u00e1s\u00e1rl\u00e1sakor fontos, hogy tiszt\u00e1ban legyen a helytelen haszn\u00e1lat \u00e9s a rossz min\u0151s\u00e9g\u0171 term\u00e9kek vesz\u00e9lyeivel. Egyes weboldalak szennyezett GHB-t k\u00edn\u00e1lnak, amelyet m\u00e1s drogokkal kevertek \u00f6ssze, ami m\u00e9g rosszabb\u00e1 teszi a hat\u00e1st. A sz\u00e1rmaz\u00e1si orsz\u00e1gt\u00f3l f\u00fcgg\u0151en a GHB-term\u00e9kek min\u0151s\u00e9ge nagym\u00e9rt\u00e9kben elt\u00e9rhet. A vesz\u00e9lyes szennyez\u0151d\u00e9sek kock\u00e1zat\u00e1nak cs\u00f6kkent\u00e9se \u00e9rdek\u00e9ben mindig gy\u0151z\u0151dj\u00f6n meg arr\u00f3l, hogy a GHB megb\u00edzhat\u00f3 sz\u00e1ll\u00edt\u00f3t\u00f3l sz\u00e1rmazik.<\/p>\n<h3><strong>GHB elad\u00f3: GHB tablett\u00e1k k\u00fcl\u00f6nb\u00f6z\u0151 form\u00e1i<\/strong><\/h3>\n<p>A GHB k\u00fcl\u00f6nb\u00f6z\u0151 form\u00e1kban kaphat\u00f3, p\u00e9ld\u00e1ul tablettak\u00e9nt, por form\u00e1j\u00e1ban \u00e9s foly\u00e9kony form\u00e1ban. A GHB legn\u00e9pszer\u0171bb form\u00e1ja a folyad\u00e9k, amelyet \u00e1ltal\u00e1ban kis fiol\u00e1kban vagy tart\u00e1lyokban \u00e1rulnak. M\u00edg a GHB port gyakran kis kiszerel\u00e9sben k\u00edn\u00e1lj\u00e1k, az utcai v\u00e1ltozatokat n\u00e9ha v\u00edzzel h\u00edg\u00edtj\u00e1k. Annak \u00e9rdek\u00e9ben, hogy biztos\u00edtsa, hogy j\u00f3 min\u0151s\u00e9g\u0171 anyagot kap, amely megfelel\u0151 fogyaszt\u00e1s eset\u00e9n biztons\u00e1gosan fogyaszthat\u00f3, rendeljen GHB-t online, megb\u00edzhat\u00f3 weboldalakr\u00f3l. Fontos megjegyezni, hogy a GHB-nek korl\u00e1tozott ter\u00e1pi\u00e1s ablaka van, ami azt jelenti, hogy kev\u00e9s k\u00fcl\u00f6nbs\u00e9g van egy rekre\u00e1ci\u00f3s adag \u00e9s egy t\u00faladagol\u00e1s k\u00f6z\u00f6tt.<\/p>\n<h3><strong>A GHB tabletta szed\u00e9s\u00e9nek vesz\u00e9lyei: a toxicit\u00e1s meg\u00e9rt\u00e9se<\/strong><\/h3>\n<p>A GHB szed\u00e9s\u00e9nek egyik legnagyobb vesz\u00e9lye a v\u00e9letlen t\u00faladagol\u00e1s. Csak akkor rendeljen GHB-t online, ha tiszt\u00e1ban van a lehets\u00e9ges eg\u00e9szs\u00e9g\u00fcgyi kock\u00e1zatokkal. \u00c9letvesz\u00e9lyes mell\u00e9khat\u00e1sok, p\u00e9ld\u00e1ul l\u00e9gz\u00e9sdepresszi\u00f3, eszm\u00e9letveszt\u00e9s \u00e9s g\u00f6rcsrohamok l\u00e9phetnek fel a t\u00fal sok GHB bev\u00e9tele k\u00f6vetkezt\u00e9ben. Mivel a k\u00fcl\u00f6nbs\u00e9g a hat\u00e9kony \u00e9s a k\u00e1ros d\u00f3zis k\u00f6z\u00f6tt kicsi, rendk\u00edv\u00fcli \u00f3vatoss\u00e1g aj\u00e1nlott.<\/p>\n<h3><strong>A GHB tablett\u00e1k jogi kerete<\/strong><\/h3>\n<p>A GHB szabadid\u0151s c\u00e9l\u00fa felhaszn\u00e1l\u00e1sa sz\u00e1mos orsz\u00e1gban tilos. Ahol enged\u00e9lyezett, ott gyakran szigor\u00fa szab\u00e1lyok vonatkoznak r\u00e1. Sok orsz\u00e1gban a GHB online v\u00e1s\u00e1rl\u00e1sa recept n\u00e9lk\u00fcl illeg\u00e1lis. Ennek ellen\u00e9re egyes online kiskeresked\u0151k \u00e9s gy\u00f3gyszert\u00e1rak orvosi c\u00e9lokra, p\u00e9ld\u00e1ul narkolepszia kezel\u00e9s\u00e9re \u00e1rulj\u00e1k. Gy\u0151z\u0151dj\u00f6n meg r\u00f3la, hogy betartja a helyi t\u00f6rv\u00e9nyeket \u00e9s el\u0151\u00edr\u00e1sokat, ha GHB-t szeretne v\u00e1s\u00e1rolni online.<\/p>\n<h3><strong>Biztos\u00edtsa GHB online v\u00e1s\u00e1rl\u00e1s\u00e1t most: megb\u00edzhat\u00f3 min\u0151s\u00e9g \u00e9s gyors sz\u00e1ll\u00edt\u00e1s<\/strong><\/h3>\n<p>Szeretne GHB-t rendelni online? Piacter\u00fcnk\u00f6n tiszta, kiv\u00e1l\u00f3 min\u0151s\u00e9g\u0171 GHB kaphat\u00f3, gyors sz\u00e1ll\u00edt\u00e1ssal \u00e9s biztons\u00e1gos csomagol\u00e1ssal. Sz\u00e1m\u00edthat r\u00e1nk, hogy megb\u00edzhat\u00f3 \u00e9s biztons\u00e1gos term\u00e9keket sz\u00e1ll\u00edtunk, ak\u00e1r orvosi, kutat\u00e1si vagy egy\u00e9b ellen\u0151rz\u00f6tt c\u00e9lokra v\u00e1s\u00e1rol. Biztos\u00edtjuk, hogy minden term\u00e9k\u00fcnk a legmagasabb min\u0151s\u00e9g\u0171 legyen, \u00e9s diszkr\u00e9ten sz\u00e1ll\u00edtsuk.<\/p>","protected":false},"excerpt":{"rendered":"<p><b>Gamma-hidroxi-vajsav<\/b>, r\u00f6vid\u00a0<b>GHB<\/b>az egyik a\u00a0<a class=\"mw-redirect\" href=\"https:\/\/flexikon.doccheck.com\/de\/GABA\" data-dc-preview-article-id=\"64774\" data-dc-popover-trigger=\"popover-64774\" data-dc-popover-trigger-mode=\"hover\" data-dc-popover-trigger-placement=\"top,left,bottom,right\" data-dc-popover-trigger-delay=\"300\">GABA<\/a>\u00a0rokon \u00e9s term\u00e9szetes m\u00f3don el\u0151fordul\u00f3 anyag az emberi szervezetben a\u00a0<a class=\"new\" title=\"Oxybat (Cikk l\u00e9trehoz\u00e1sa most...)\" href=\"https:\/\/flexikon.doccheck.com\/de\/index.php?title=Oxybat&amp;action=edit&amp;redlink=1\">Oxybate<\/a>. Ez egy er\u0151s\u00a0<a href=\"https:\/\/flexikon.doccheck.com\/de\/Narkotikum\" data-dc-preview-article-id=\"18899\" data-dc-popover-trigger=\"popover-18899\" data-dc-popover-trigger-mode=\"hover\" data-dc-popover-trigger-placement=\"top,left,bottom,right\" data-dc-popover-trigger-delay=\"300\">K\u00e1b\u00edt\u00f3szer<\/a>\u00a0\u00e9s f\u0151k\u00e9nt\u00a0<a href=\"https:\/\/flexikon.doccheck.com\/de\/Psychopharmakon\" data-dc-preview-article-id=\"8619\" data-dc-popover-trigger=\"popover-8619\" data-dc-popover-trigger-mode=\"hover\" data-dc-popover-trigger-placement=\"top,left,bottom,right\" data-dc-popover-trigger-delay=\"300\">Pszichotr\u00f3p gy\u00f3gyszer<\/a>\u00a0a k\u00f6vetkez\u0151 betegs\u00e9gek kezel\u00e9s\u00e9re\u00a0<a href=\"https:\/\/flexikon.doccheck.com\/de\/Narkolepsie\" data-dc-preview-article-id=\"76449\" data-dc-popover-trigger=\"popover-76449\" data-dc-popover-trigger-mode=\"hover\" data-dc-popover-trigger-placement=\"top,left,bottom,right\" data-dc-popover-trigger-delay=\"300\">Narkolepszia<\/a> Alkalmaz\u00e1s; GHB tablett\u00e1k.<\/p>","protected":false},"featured_media":1804,"comment_status":"open","ping_status":"closed","template":"","meta":{"_joinchat":[]},"product_brand":[],"product_cat":[34],"product_tag":[],"class_list":{"0":"post-1802","1":"product","2":"type-product","3":"status-publish","4":"has-post-thumbnail","6":"product_cat-ghb","8":"first","9":"instock","10":"shipping-taxable","11":"purchasable","12":"product-type-variable"},"yoast_head":"<!-- This site is optimized with the Yoast SEO plugin v25.4 - https:\/\/yoast.com\/wordpress\/plugins\/seo\/ -->\n<title>GHB Tabletten online kaufen - GHB Tabletten verkaufen<\/title>\n<meta name=\"description\" content=\"Verpassen nicht die gelegenheit, GHB tabletten online in unserem Shop zu kaufen. Wir bieten ausschlie\u00dflich Feilen und GHB tabletten zu g\u00fcnstigen Preisen an. Bestellen Sie jetzt!\" \/>\n<meta name=\"robots\" content=\"index, follow, max-snippet:-1, max-image-preview:large, max-video-preview:-1\" \/>\n<link rel=\"canonical\" href=\"https:\/\/gblexpress.com\/hu\/termek-2\/vasarolni-ghb-tabletta-online\/\" \/>\n<meta property=\"og:locale\" content=\"hu_HU\" \/>\n<meta property=\"og:type\" content=\"article\" \/>\n<meta property=\"og:title\" content=\"GHB Tabletten online kaufen - GHB Tabletten verkaufen\" \/>\n<meta property=\"og:description\" content=\"Verpassen nicht die gelegenheit, GHB tabletten online in unserem Shop zu kaufen. Wir bieten ausschlie\u00dflich Feilen und GHB tabletten zu g\u00fcnstigen Preisen an. Bestellen Sie jetzt!\" \/>\n<meta property=\"og:url\" content=\"https:\/\/gblexpress.com\/hu\/termek-2\/vasarolni-ghb-tabletta-online\/\" \/>\n<meta property=\"og:site_name\" content=\"GBL Express\" \/>\n<meta property=\"article:modified_time\" content=\"2026-02-25T05:20:14+00:00\" \/>\n<meta property=\"og:image\" content=\"https:\/\/gblexpress.com\/wp-content\/uploads\/2025\/06\/GHB-Tabletten-online-Kaufen.jpg\" \/>\n\t<meta property=\"og:image:width\" content=\"600\" \/>\n\t<meta property=\"og:image:height\" content=\"600\" \/>\n\t<meta property=\"og:image:type\" content=\"image\/jpeg\" \/>\n<meta name=\"twitter:card\" content=\"summary_large_image\" \/>\n<meta name=\"twitter:label1\" content=\"Becs\u00fclt olvas\u00e1si id\u0151\" \/>\n\t<meta name=\"twitter:data1\" content=\"3 perc\" \/>\n<!-- \/ Yoast SEO plugin. -->","yoast_head_json":{"title":"GHB tablett\u00e1k online v\u00e1s\u00e1rl\u00e1sa - GHB tabletta elad\u00f3","description":"Ne hagyja ki a lehet\u0151s\u00e9get, hogy GHB tablett\u00e1t v\u00e1s\u00e1roljon online \u00fczlet\u00fcnkben. Kiz\u00e1r\u00f3lag akt\u00e1kat \u00e9s GHB tablett\u00e1kat k\u00edn\u00e1lunk kedvez\u0151 \u00e1ron. Rendeljen most!","robots":{"index":"index","follow":"follow","max-snippet":"max-snippet:-1","max-image-preview":"max-image-preview:large","max-video-preview":"max-video-preview:-1"},"canonical":"https:\/\/gblexpress.com\/hu\/termek-2\/vasarolni-ghb-tabletta-online\/","og_locale":"hu_HU","og_type":"article","og_title":"GHB Tabletten online kaufen - GHB Tabletten verkaufen","og_description":"Verpassen nicht die gelegenheit, GHB tabletten online in unserem Shop zu kaufen. Wir bieten ausschlie\u00dflich Feilen und GHB tabletten zu g\u00fcnstigen Preisen an. Bestellen Sie jetzt!","og_url":"https:\/\/gblexpress.com\/hu\/termek-2\/vasarolni-ghb-tabletta-online\/","og_site_name":"GBL Express","article_modified_time":"2026-02-25T05:20:14+00:00","og_image":[{"width":600,"height":600,"url":"https:\/\/gblexpress.com\/wp-content\/uploads\/2025\/06\/GHB-Tabletten-online-Kaufen.jpg","type":"image\/jpeg"}],"twitter_card":"summary_large_image","twitter_misc":{"Becs\u00fclt olvas\u00e1si id\u0151":"3 perc"},"schema":{"@context":"https:\/\/schema.org","@graph":[{"@type":"WebPage","@id":"https:\/\/gblexpress.com\/product\/ghb-tabletten-online-kaufen\/","url":"https:\/\/gblexpress.com\/product\/ghb-tabletten-online-kaufen\/","name":"GHB tablett\u00e1k online v\u00e1s\u00e1rl\u00e1sa - GHB tabletta elad\u00f3","isPartOf":{"@id":"https:\/\/gblexpress.com\/#website"},"primaryImageOfPage":{"@id":"https:\/\/gblexpress.com\/product\/ghb-tabletten-online-kaufen\/#primaryimage"},"image":{"@id":"https:\/\/gblexpress.com\/product\/ghb-tabletten-online-kaufen\/#primaryimage"},"thumbnailUrl":"https:\/\/gblexpress.com\/wp-content\/uploads\/2025\/06\/GHB-Tabletten-online-Kaufen.jpg","datePublished":"2025-06-24T06:15:37+00:00","dateModified":"2026-02-25T05:20:14+00:00","description":"Ne hagyja ki a lehet\u0151s\u00e9get, hogy GHB tablett\u00e1t v\u00e1s\u00e1roljon online \u00fczlet\u00fcnkben. Kiz\u00e1r\u00f3lag akt\u00e1kat \u00e9s GHB tablett\u00e1kat k\u00edn\u00e1lunk kedvez\u0151 \u00e1ron. Rendeljen most!","breadcrumb":{"@id":"https:\/\/gblexpress.com\/product\/ghb-tabletten-online-kaufen\/#breadcrumb"},"inLanguage":"hu","potentialAction":[{"@type":"ReadAction","target":["https:\/\/gblexpress.com\/product\/ghb-tabletten-online-kaufen\/"]}]},{"@type":"ImageObject","inLanguage":"hu","@id":"https:\/\/gblexpress.com\/product\/ghb-tabletten-online-kaufen\/#primaryimage","url":"https:\/\/gblexpress.com\/wp-content\/uploads\/2025\/06\/GHB-Tabletten-online-Kaufen.jpg","contentUrl":"https:\/\/gblexpress.com\/wp-content\/uploads\/2025\/06\/GHB-Tabletten-online-Kaufen.jpg","width":600,"height":600,"caption":"GHB-Tabletten-online-Kaufen"},{"@type":"BreadcrumbList","@id":"https:\/\/gblexpress.com\/product\/ghb-tabletten-online-kaufen\/#breadcrumb","itemListElement":[{"@type":"ListItem","position":1,"name":"Home","item":"https:\/\/gblexpress.com\/"},{"@type":"ListItem","position":2,"name":"Shop","item":"https:\/\/gblexpress.com\/shop\/"},{"@type":"ListItem","position":3,"name":"GHB-Tabletten online Kaufen"}]},{"@type":"WebSite","@id":"https:\/\/gblexpress.com\/#website","url":"https:\/\/gblexpress.com\/","name":"GBL Express","description":"","publisher":{"@id":"https:\/\/gblexpress.com\/#organization"},"potentialAction":[{"@type":"SearchAction","target":{"@type":"EntryPoint","urlTemplate":"https:\/\/gblexpress.com\/?s={search_term_string}"},"query-input":{"@type":"PropertyValueSpecification","valueRequired":true,"valueName":"search_term_string"}}],"inLanguage":"hu"},{"@type":"Organization","@id":"https:\/\/gblexpress.com\/#organization","name":"GBL Express","url":"https:\/\/gblexpress.com\/","logo":{"@type":"ImageObject","inLanguage":"hu","@id":"https:\/\/gblexpress.com\/#\/schema\/logo\/image\/","url":"https:\/\/gblexpress.com\/wp-content\/uploads\/2023\/01\/logo.png","contentUrl":"https:\/\/gblexpress.com\/wp-content\/uploads\/2023\/01\/logo.png","width":250,"height":52,"caption":"GBL Express"},"image":{"@id":"https:\/\/gblexpress.com\/#\/schema\/logo\/image\/"}}]}},"jetpack-related-posts":[],"jetpack_sharing_enabled":true,"_links":{"self":[{"href":"https:\/\/gblexpress.com\/hu\/wp-json\/wp\/v2\/product\/1802","targetHints":{"allow":["GET"]}}],"collection":[{"href":"https:\/\/gblexpress.com\/hu\/wp-json\/wp\/v2\/product"}],"about":[{"href":"https:\/\/gblexpress.com\/hu\/wp-json\/wp\/v2\/types\/product"}],"replies":[{"embeddable":true,"href":"https:\/\/gblexpress.com\/hu\/wp-json\/wp\/v2\/comments?post=1802"}],"wp:featuredmedia":[{"embeddable":true,"href":"https:\/\/gblexpress.com\/hu\/wp-json\/wp\/v2\/media\/1804"}],"wp:attachment":[{"href":"https:\/\/gblexpress.com\/hu\/wp-json\/wp\/v2\/media?parent=1802"}],"wp:term":[{"taxonomy":"product_brand","embeddable":true,"href":"https:\/\/gblexpress.com\/hu\/wp-json\/wp\/v2\/product_brand?post=1802"},{"taxonomy":"product_cat","embeddable":true,"href":"https:\/\/gblexpress.com\/hu\/wp-json\/wp\/v2\/product_cat?post=1802"},{"taxonomy":"product_tag","embeddable":true,"href":"https:\/\/gblexpress.com\/hu\/wp-json\/wp\/v2\/product_tag?post=1802"}],"curies":[{"name":"wp","href":"https:\/\/api.w.org\/{rel}","templated":true}]}}