{"id":473,"date":"2023-05-17T10:31:35","date_gmt":"2023-05-17T10:31:35","guid":{"rendered":"https:\/\/gblexpress.com\/?post_type=product&#038;p=473"},"modified":"2026-02-25T05:20:28","modified_gmt":"2026-02-25T05:20:28","slug":"gbl-vasarlas-online-butirolakton-vasarlas","status":"publish","type":"product","link":"https:\/\/gblexpress.com\/hu\/termek-2\/gbl-vasarlas-online-butirolakton-vasarlas\/","title":{"rendered":"V\u00e1s\u00e1roljon GBL-t online"},"content":{"rendered":"<h2><strong>Gamma-butilakton GBL felni tiszt\u00edt\u00f3szer<\/strong><\/h2>\n<p><a href=\"https:\/\/en.wikipedia.org\/wiki\/GBL\">gbl-v\u00e1s\u00e1rl\u00e1s<\/a>, Gamma-Butyrolacton-Produkte sind eine hygroskopische, farblose, \u00f6lige Fl\u00fcssigkeit mit einem schwachen charakteristischen Geruch und sind wasserl\u00f6slich. GBL ist ein g\u00e4ngiges L\u00f6sungsmittel und Reagens in der Chemie und wird als Aromastoff, Fleckentferner, Sekundenkleberentferner, Abbeizmittel und L\u00f6sungsmittel in einigen Nass-Aluminium-Elektrolytkondensatoren verwendet. Beim Menschen fungiert es als Prodrug f\u00fcr GHB und wird als Freizeitrauschmittel mit alkohol\u00e4hnlichen Wirkungen verwendet.<\/p>\n<h3><strong>Mi az a gamma-butilakton?<a href=\"https:\/\/gblexpress.com\/hu\/\">?<\/a><\/strong><\/h3>\n<p><a href=\"https:\/\/gblexpress.com\/hu\/termek-2\/gbl-vasarlas-online-butirolakton-vasarlas\/\">Gamma-butilakton<\/a> ist ein ideales Antioxidans, Weichmacher, Dispergiermittel und L\u00f6sungsmittel. GBL wird jedoch m\u00f6glicherweise am h\u00e4ufigsten als Zwischenprodukt bei der Herstellung von abgeleiteten Chemikalien wie Methyl-2-pyrrolidon, auch bekannt als NMP, verwendet. Neben seiner Verwendung in der chemischen Produktion ist GBL als Duftstoff in einigen Haushaltsprodukten sowie als L\u00f6sungsmittel in Lotionen, Nagellackentfernern und einigen Polymeren bekannt. Sie k\u00f6nnen es auch in der Batterie- und Kondensatorproduktion verwenden, wenn Sie es mit einer kleinen Menge Ethylenglykol mischen. Kaufen Sie Gamma-Butyrolacton GBL, gbl-Kaufen.<\/p>\n<h3><strong>Felhaszn\u00e1l\u00e1s \u00e9s hat\u00e9konys\u00e1g.<\/strong><\/h3>\n<p>A gamma-butilakton GBL egy egyed\u00fcl\u00e1ll\u00f3 tiszt\u00edt\u00f3er\u0151vel rendelkez\u0151 var\u00e1zslatos tiszt\u00edt\u00f3szer.<br \/>\nOk pihen\u00e9s.<br \/>\nA ment\u00e1lis tiszt\u00e1nl\u00e1t\u00e1s n\u00f6vel\u00e9se.<br \/>\nA depresszi\u00f3 \u00e9s a stressz enyh\u00edt\u00e9se.<br \/>\nAz \u00e9let meghosszabb\u00edt\u00e1sa.<br \/>\nJav\u00edtja a szexu\u00e1lis teljes\u00edtm\u00e9nyt \u00e9s a szexu\u00e1lis \u00e9lvezetet.<br \/>\nCs\u00f6kkentse a zs\u00edrt.<br \/>\nN\u00f6veked\u00e9si hormonok felszabadul\u00e1sa.<br \/>\nA sportteljes\u00edtm\u00e9ny jav\u00edt\u00e1sa.<br \/>\nAz alv\u00e1s jav\u00edt\u00e1sa.<br \/>\nMint test\u00e9p\u00edt\u0151 vagy izom\u00e9p\u00edt\u0151.<a href=\"https:\/\/en.wikipedia.org\/wiki\/GBL\">r.<\/a><br \/>\nMint rekre\u00e1ci\u00f3s drog.<br \/>\nGamma-butilakton fest\u00e9kelt\u00e1vol\u00edt\u00f3<\/p>\n<div class=\"elementor-element elementor-element-9d8da53 elementor-widget elementor-widget-heading\" data-id=\"9d8da53\" data-element_type=\"widget\" data-widget_type=\"heading.default\">\n<div class=\"elementor-widget-container\">\n<h3 class=\"elementor-heading-title elementor-size-default\"><strong>Hol lehet GBL-t v\u00e1s\u00e1rolni?<\/strong><\/h3>\n<\/div>\n<\/div>\n<div class=\"elementor-element elementor-element-276da13 elementor-widget elementor-widget-text-editor\" data-id=\"276da13\" data-element_type=\"widget\" data-widget_type=\"text-editor.default\">\n<div class=\"elementor-widget-container\">\n<div class=\"elementor-element elementor-element-f935fcf elementor-widget elementor-widget-text-editor\" data-id=\"f935fcf\" data-element_type=\"widget\" data-widget_type=\"text-editor.default\">\n<div class=\"elementor-widget-container\">\n<p>A GBL online megv\u00e1s\u00e1rolhat\u00f3 a weboldalunkon. Fontos azonban, hogy csak j\u00f3 h\u00edr\u0171 forr\u00e1sb\u00f3l v\u00e1s\u00e1roljon GBL-t. Sok \u00e1tver\u00e9s van az interneten, ez\u00e9rt v\u00e1s\u00e1rl\u00e1s el\u0151tt mindenk\u00e9ppen v\u00e9gezzen kutat\u00e1st.<\/p>\n<\/div>\n<\/div>\n<\/div>\n<\/div>\n<div class=\"elementor-element elementor-element-d81d864 elementor-widget elementor-widget-heading\" data-id=\"d81d864\" data-element_type=\"widget\" data-widget_type=\"heading.default\">\n<div class=\"elementor-widget-container\">\n<h3 class=\"elementor-heading-title elementor-size-default\"><strong>Hogyan haszn\u00e1ljuk biztons\u00e1gosan a GBL-t?<\/strong><\/h3>\n<\/div>\n<\/div>\n<div class=\"elementor-element elementor-element-b3595ad elementor-widget elementor-widget-text-editor\" data-id=\"b3595ad\" data-element_type=\"widget\" data-widget_type=\"text-editor.default\">\n<div class=\"elementor-widget-container\">\n<div class=\"elementor-element elementor-element-bfa46e2 elementor-widget elementor-widget-text-editor\" data-id=\"bfa46e2\" data-element_type=\"widget\" data-widget_type=\"text-editor.default\">\n<div class=\"elementor-widget-container\">\n<p>Mint m\u00e1r eml\u00edtett\u00fck, a GBL er\u0151s k\u00f6zponti idegrendszeri depressz\u00e1ns. Ez\u00e9rt fontos, hogy a GBL-t csak az utas\u00edt\u00e1snak megfelel\u0151en haszn\u00e1ljuk, \u00e9s soha ne fogyasszunk t\u00f6bbet az aj\u00e1nlott mennyis\u00e9gn\u00e9l. Tov\u00e1bb\u00e1, ha GBL-t szed, mindig legyen \u00d6nnel egy k\u00eds\u00e9r\u0151, aki figyelemmel tudja k\u00eds\u00e9rni az \u00d6n \u00e1llapot\u00e1t, \u00e9s sz\u00fcks\u00e9g eset\u00e9n seg\u00edts\u00e9get tud ny\u00fajtani. V\u00e9g\u00fcl, a GBL-t tartsa t\u00e1vol a gyermekekt\u0151l \u00e9s a h\u00e1zi\u00e1llatokt\u00f3l.<\/p>\n<\/div>\n<\/div>\n<\/div>\n<\/div>\n<div class=\"elementor-element elementor-element-e2013c7 elementor-widget elementor-widget-heading\" data-id=\"e2013c7\" data-element_type=\"widget\" data-widget_type=\"heading.default\">\n<div class=\"elementor-widget-container\">\n<h3 class=\"elementor-heading-title elementor-size-default\"><strong>K\u00f6vetkeztet\u00e9s a gamma-butilaktonr\u00f3l<\/strong><\/h3>\n<\/div>\n<\/div>\n<div class=\"elementor-element elementor-element-55fe5e1 elementor-widget elementor-widget-text-editor\" data-id=\"55fe5e1\" data-element_type=\"widget\" data-widget_type=\"text-editor.default\">\n<div class=\"elementor-widget-container\">\n<section class=\"elementor-section elementor-top-section elementor-element elementor-element-54e0bcc elementor-section-boxed elementor-section-height-default elementor-section-height-default\" data-id=\"54e0bcc\" data-element_type=\"section\">\n<div class=\"elementor-container elementor-column-gap-default\">\n<div class=\"elementor-column elementor-col-100 elementor-top-column elementor-element elementor-element-308d3b4\" data-id=\"308d3b4\" data-element_type=\"column\">\n<div class=\"elementor-widget-wrap elementor-element-populated\">\n<div class=\"elementor-element elementor-element-79e378f elementor-widget elementor-widget-text-editor\" data-id=\"79e378f\" data-element_type=\"widget\" data-widget_type=\"text-editor.default\">\n<div class=\"elementor-widget-container\">\n<p>A GBL hasznos ipari old\u00f3szer \u00e9s tiszt\u00edt\u00f3szer lehet, ha rendeltet\u00e9sszer\u0171en haszn\u00e1lj\u00e1k. Ugyanakkor er\u0151s k\u00f6zponti idegrendszeri szer is, amely vissza\u00e9l\u00e9sszer\u0171 haszn\u00e1lat eset\u00e9n s\u00falyos mell\u00e9khat\u00e1sokat okozhat. Ez\u00e9rt fontos, hogy a GBL-t csak j\u00f3 h\u00edr\u0171 forr\u00e1sb\u00f3l v\u00e1s\u00e1rolja meg, \u00e9s az utas\u00edt\u00e1snak megfelel\u0151en haszn\u00e1lja. Ha b\u00e1rmilyen k\u00e9rd\u00e9se van a GBL biztons\u00e1gos haszn\u00e1lat\u00e1val kapcsolatban, mindenk\u00e9ppen forduljon orvoshoz, miel\u0151tt elkezdi szedni.<\/p>\n<\/div>\n<\/div>\n<\/div>\n<\/div>\n<\/div>\n<\/section>\n<\/div>\n<\/div>","protected":false},"excerpt":{"rendered":"<p><strong>GBL<\/strong> (gamma-butilakton) egy sokoldal\u00fa szerves vegy\u00fclet, amelyet sz\u00e9les k\u00f6rben haszn\u00e1lnak a vegyiparban, a tiszt\u00edt\u00e1sban \u00e9s a kutat\u00e1sban. Er\u0151teljes old\u00f3szer tulajdons\u00e1gair\u00f3l ismert, a <strong>GBL<\/strong> n\u00e9lk\u00fcl\u00f6zhetetlen \u00f6sszetev\u0151je a vegyi term\u00e9kek el\u0151\u00e1ll\u00edt\u00e1s\u00e1nak, \u00e9s fontos kutat\u00e1si t\u00e1rgya a biol\u00f3giai \u00e9s k\u00e9miai folyamatoknak.<\/p>\n<p><strong>Hogyan m\u0171k\u00f6dik a GBL?<\/strong><br \/>\n<strong>GBL<\/strong> a szervezetben gamma-hidroxi-vajsavv\u00e1 (GHB) alakul \u00e1t, amely a k\u00f6zponti idegrendszerre hat. Ez a k\u00e9miai \u00e1talakul\u00e1s teszi lehet\u0151v\u00e9 egyedi tulajdons\u00e1gainak kibontakoz\u00e1s\u00e1t. Ipari szempontb\u00f3l nagyra \u00e9rt\u00e9kelik nagy oldhat\u00f3s\u00e1ga \u00e9s reakci\u00f3k\u00e9pess\u00e9ge miatt.<\/p>\n<ul>\n<li><strong>Ipari hat\u00e1s:<\/strong> Zs\u00edrok, gyant\u00e1k \u00e9s polimerek hat\u00e9kony old\u00e1sa.<\/li>\n<li><strong>Biol\u00f3giai hat\u00e1s:<\/strong> Miut\u00e1n GHB-v\u00e1 alakul, neurotranszmitterk\u00e9nt hat, amely befoly\u00e1solhatja az alv\u00e1st, a relax\u00e1ci\u00f3t \u00e9s az idegi folyamatokat.<\/li>\n<\/ul>\n<p><strong>Id\u0151tartam \u00e9s hat\u00e1sok:<\/strong><\/p>\n<ul>\n<li><strong>A hat\u00e1s kezdete:<\/strong> 10-20 percen bel\u00fcl biol\u00f3giai felhaszn\u00e1l\u00e1ssal.<\/li>\n<li><strong>A hat\u00e1s id\u0151tartama:<\/strong> 1,5-3 \u00f3ra, az adagol\u00e1st\u00f3l \u00e9s az alkalmaz\u00e1s m\u00f3dj\u00e1t\u00f3l f\u00fcgg\u0151en.<\/li>\n<li><strong>Ipari felhaszn\u00e1l\u00e1s:<\/strong> Azonnali hat\u00e1s tiszt\u00edt\u00e1skor vagy anyagok old\u00e1sakor.<\/li>\n<\/ul>\n<p><strong>K\u00e9plet \u00e9s tulajdons\u00e1gok<\/strong><\/p>\n<ul>\n<li><strong>K\u00e9miai n\u00e9v:<\/strong> Gamma-butilakton<\/li>\n<li><strong>Molekul\u00e1ris k\u00e9plet:<\/strong> C4H6O2<\/li>\n<li><strong>Molekulat\u00f6meg:<\/strong> 86,09 g\/mol<\/li>\n<\/ul>","protected":false},"featured_media":1643,"comment_status":"open","ping_status":"closed","template":"","meta":{"_joinchat":[]},"product_brand":[],"product_cat":[33,34,36,246],"product_tag":[250,270,249,258,248,269,276,256,260,271,262,265,266,275,261,255,274,273,251,264,268,254,272,257,252,277,253,263,279,259,267,278],"class_list":{"0":"post-473","1":"product","2":"type-product","3":"status-publish","4":"has-post-thumbnail","6":"product_cat-gbl-gamma-butyrolactone-25l","7":"product_cat-ghb","8":"product_cat-ko-drops","9":"product_cat-sex-meth","10":"product_tag-butyrolacton-kaufen","11":"product_tag-butyrolacton-lieferant","12":"product_tag-gamma-butyrolacton","13":"product_tag-gamma-butyrolacton-bestellen","14":"product_tag-gbl","15":"product_tag-gbl-anwendungen","16":"product_tag-gbl-chemie","17":"product_tag-gbl-fluessigkeit","18":"product_tag-gbl-fuer-industrielle-anwendungen","19":"product_tag-gbl-fuer-reinigung","20":"product_tag-gbl-grosshandel","21":"product_tag-gbl-handhabung","22":"product_tag-gbl-hersteller","23":"product_tag-gbl-im-labor","24":"product_tag-gbl-in-der-forschung","25":"product_tag-gbl-in-deutschland-kaufen","26":"product_tag-gbl-in-grossen-mengen","27":"product_tag-gbl-in-kleinen-mengen","28":"product_tag-gbl-kaufen","29":"product_tag-gbl-lagerung","30":"product_tag-gbl-legal","31":"product_tag-gbl-lieferant","32":"product_tag-gbl-loesung-kaufen","33":"product_tag-gbl-loesungsmittel","34":"product_tag-gbl-online-bestellen","35":"product_tag-gbl-online-anbieter","36":"product_tag-gbl-preis","37":"product_tag-gbl-sicherheitsrichtlinien","38":"product_tag-gbl-versand-weltweit","39":"product_tag-gbl-verwendung","40":"product_tag-gbl-zum-verkauf","41":"product_tag-wo-kann-man-gbl-kaufen","43":"first","44":"instock","45":"shipping-taxable","46":"purchasable","47":"product-type-variable"},"yoast_head":"<!-- This site is optimized with the Yoast SEO plugin v25.4 - https:\/\/yoast.com\/wordpress\/plugins\/seo\/ -->\n<title>GBL online kaufen - GBL zu verkaufen<\/title>\n<meta name=\"description\" content=\"Wo kaufen Sie GBL online zum besten Preis? Finden Sie hochwertiges GBL in unserem sicheren Online-Shop \u2013 genau das Richtige f\u00fcr Ihre Recherche. Jetzt bestellen!\" \/>\n<meta name=\"robots\" content=\"index, follow, max-snippet:-1, max-image-preview:large, max-video-preview:-1\" \/>\n<link rel=\"canonical\" href=\"https:\/\/gblexpress.com\/hu\/termek-2\/gbl-vasarlas-online-butirolakton-vasarlas\/\" \/>\n<meta property=\"og:locale\" content=\"hu_HU\" \/>\n<meta property=\"og:type\" content=\"article\" \/>\n<meta property=\"og:title\" content=\"GBL online kaufen - GBL zu verkaufen\" \/>\n<meta property=\"og:description\" content=\"Wo kaufen Sie GBL online zum besten Preis? Finden Sie hochwertiges GBL in unserem sicheren Online-Shop \u2013 genau das Richtige f\u00fcr Ihre Recherche. Jetzt bestellen!\" \/>\n<meta property=\"og:url\" content=\"https:\/\/gblexpress.com\/hu\/termek-2\/gbl-vasarlas-online-butirolakton-vasarlas\/\" \/>\n<meta property=\"og:site_name\" content=\"GBL Express\" \/>\n<meta property=\"article:modified_time\" content=\"2026-02-25T05:20:28+00:00\" \/>\n<meta property=\"og:image\" content=\"https:\/\/gblexpress.com\/wp-content\/uploads\/2023\/05\/gbl-1.jpg\" \/>\n\t<meta property=\"og:image:width\" content=\"600\" \/>\n\t<meta property=\"og:image:height\" content=\"600\" \/>\n\t<meta property=\"og:image:type\" content=\"image\/jpeg\" \/>\n<meta name=\"twitter:card\" content=\"summary_large_image\" \/>\n<meta name=\"twitter:label1\" content=\"Becs\u00fclt olvas\u00e1si id\u0151\" \/>\n\t<meta name=\"twitter:data1\" content=\"2 perc\" \/>\n<!-- \/ Yoast SEO plugin. -->","yoast_head_json":{"title":"GBL v\u00e1s\u00e1rl\u00e1s online - GBL elad\u00f3","description":"Hol v\u00e1s\u00e1rolhat GBL-t online a legjobb \u00e1ron? Tal\u00e1lja meg a kiv\u00e1l\u00f3 min\u0151s\u00e9g\u0171 GBL-t biztons\u00e1gos online boltunkban \u2013 \u00e9ppen amire sz\u00fcks\u00e9ge van a kutat\u00e1shoz. Rendeljen most!","robots":{"index":"index","follow":"follow","max-snippet":"max-snippet:-1","max-image-preview":"max-image-preview:large","max-video-preview":"max-video-preview:-1"},"canonical":"https:\/\/gblexpress.com\/hu\/termek-2\/gbl-vasarlas-online-butirolakton-vasarlas\/","og_locale":"hu_HU","og_type":"article","og_title":"GBL online kaufen - GBL zu verkaufen","og_description":"Wo kaufen Sie GBL online zum besten Preis? Finden Sie hochwertiges GBL in unserem sicheren Online-Shop \u2013 genau das Richtige f\u00fcr Ihre Recherche. Jetzt bestellen!","og_url":"https:\/\/gblexpress.com\/hu\/termek-2\/gbl-vasarlas-online-butirolakton-vasarlas\/","og_site_name":"GBL Express","article_modified_time":"2026-02-25T05:20:28+00:00","og_image":[{"width":600,"height":600,"url":"https:\/\/gblexpress.com\/wp-content\/uploads\/2023\/05\/gbl-1.jpg","type":"image\/jpeg"}],"twitter_card":"summary_large_image","twitter_misc":{"Becs\u00fclt olvas\u00e1si id\u0151":"2 perc"},"schema":{"@context":"https:\/\/schema.org","@graph":[{"@type":"WebPage","@id":"https:\/\/gblexpress.com\/product\/gbl-online-kaufen-%ce%b3-butyrolacton-kaufen\/","url":"https:\/\/gblexpress.com\/product\/gbl-online-kaufen-%ce%b3-butyrolacton-kaufen\/","name":"GBL v\u00e1s\u00e1rl\u00e1s online - GBL elad\u00f3","isPartOf":{"@id":"https:\/\/gblexpress.com\/#website"},"primaryImageOfPage":{"@id":"https:\/\/gblexpress.com\/product\/gbl-online-kaufen-%ce%b3-butyrolacton-kaufen\/#primaryimage"},"image":{"@id":"https:\/\/gblexpress.com\/product\/gbl-online-kaufen-%ce%b3-butyrolacton-kaufen\/#primaryimage"},"thumbnailUrl":"https:\/\/gblexpress.com\/wp-content\/uploads\/2023\/05\/gbl-1.jpg","datePublished":"2023-05-17T10:31:35+00:00","dateModified":"2026-02-25T05:20:28+00:00","description":"Hol v\u00e1s\u00e1rolhat GBL-t online a legjobb \u00e1ron? Tal\u00e1lja meg a kiv\u00e1l\u00f3 min\u0151s\u00e9g\u0171 GBL-t biztons\u00e1gos online boltunkban \u2013 \u00e9ppen amire sz\u00fcks\u00e9ge van a kutat\u00e1shoz. Rendeljen most!","breadcrumb":{"@id":"https:\/\/gblexpress.com\/product\/gbl-online-kaufen-%ce%b3-butyrolacton-kaufen\/#breadcrumb"},"inLanguage":"hu","potentialAction":[{"@type":"ReadAction","target":["https:\/\/gblexpress.com\/product\/gbl-online-kaufen-%ce%b3-butyrolacton-kaufen\/"]}]},{"@type":"ImageObject","inLanguage":"hu","@id":"https:\/\/gblexpress.com\/product\/gbl-online-kaufen-%ce%b3-butyrolacton-kaufen\/#primaryimage","url":"https:\/\/gblexpress.com\/wp-content\/uploads\/2023\/05\/gbl-1.jpg","contentUrl":"https:\/\/gblexpress.com\/wp-content\/uploads\/2023\/05\/gbl-1.jpg","width":600,"height":600,"caption":"gbl online kaufen"},{"@type":"BreadcrumbList","@id":"https:\/\/gblexpress.com\/product\/gbl-online-kaufen-%ce%b3-butyrolacton-kaufen\/#breadcrumb","itemListElement":[{"@type":"ListItem","position":1,"name":"Home","item":"https:\/\/gblexpress.com\/"},{"@type":"ListItem","position":2,"name":"Shop","item":"https:\/\/gblexpress.com\/shop\/"},{"@type":"ListItem","position":3,"name":"GBL Online Kaufen"}]},{"@type":"WebSite","@id":"https:\/\/gblexpress.com\/#website","url":"https:\/\/gblexpress.com\/","name":"GBL Express","description":"","publisher":{"@id":"https:\/\/gblexpress.com\/#organization"},"potentialAction":[{"@type":"SearchAction","target":{"@type":"EntryPoint","urlTemplate":"https:\/\/gblexpress.com\/?s={search_term_string}"},"query-input":{"@type":"PropertyValueSpecification","valueRequired":true,"valueName":"search_term_string"}}],"inLanguage":"hu"},{"@type":"Organization","@id":"https:\/\/gblexpress.com\/#organization","name":"GBL Express","url":"https:\/\/gblexpress.com\/","logo":{"@type":"ImageObject","inLanguage":"hu","@id":"https:\/\/gblexpress.com\/#\/schema\/logo\/image\/","url":"https:\/\/gblexpress.com\/wp-content\/uploads\/2023\/01\/logo.png","contentUrl":"https:\/\/gblexpress.com\/wp-content\/uploads\/2023\/01\/logo.png","width":250,"height":52,"caption":"GBL Express"},"image":{"@id":"https:\/\/gblexpress.com\/#\/schema\/logo\/image\/"}}]}},"jetpack-related-posts":[],"jetpack_sharing_enabled":true,"_links":{"self":[{"href":"https:\/\/gblexpress.com\/hu\/wp-json\/wp\/v2\/product\/473","targetHints":{"allow":["GET"]}}],"collection":[{"href":"https:\/\/gblexpress.com\/hu\/wp-json\/wp\/v2\/product"}],"about":[{"href":"https:\/\/gblexpress.com\/hu\/wp-json\/wp\/v2\/types\/product"}],"replies":[{"embeddable":true,"href":"https:\/\/gblexpress.com\/hu\/wp-json\/wp\/v2\/comments?post=473"}],"wp:featuredmedia":[{"embeddable":true,"href":"https:\/\/gblexpress.com\/hu\/wp-json\/wp\/v2\/media\/1643"}],"wp:attachment":[{"href":"https:\/\/gblexpress.com\/hu\/wp-json\/wp\/v2\/media?parent=473"}],"wp:term":[{"taxonomy":"product_brand","embeddable":true,"href":"https:\/\/gblexpress.com\/hu\/wp-json\/wp\/v2\/product_brand?post=473"},{"taxonomy":"product_cat","embeddable":true,"href":"https:\/\/gblexpress.com\/hu\/wp-json\/wp\/v2\/product_cat?post=473"},{"taxonomy":"product_tag","embeddable":true,"href":"https:\/\/gblexpress.com\/hu\/wp-json\/wp\/v2\/product_tag?post=473"}],"curies":[{"name":"wp","href":"https:\/\/api.w.org\/{rel}","templated":true}]}}