{"id":474,"date":"2023-05-17T10:39:29","date_gmt":"2023-05-17T10:39:29","guid":{"rendered":"https:\/\/gblexpress.com\/?post_type=product&#038;p=474"},"modified":"2026-02-25T05:19:56","modified_gmt":"2026-02-25T05:19:56","slug":"gamma-hidroxibutirat-vasarlas","status":"publish","type":"product","link":"https:\/\/gblexpress.com\/hu\/termek-2\/gamma-hidroxibutirat-vasarlas\/","title":{"rendered":"V\u00e1s\u00e1roljon GBL-t online"},"content":{"rendered":"<h2><strong>Gamma-Hydroxybutyrat kaufen | Gamma-Hydroxybutyrat-Pulver und -Fl\u00fcssigkeit zu verkaufen | Gamma-Hydroxybutyrat zu verkaufen<\/strong><\/h2>\n<p>Thor Pharmaceuticals bietet verschiedene pharmazeutische Produkte, darunter <strong><a href=\"https:\/\/gblexpress.com\/hu\/termek-2\/gamma-hidroxibutirat-vasarlas\/\">GHB por<\/a><\/strong> und -Fl\u00fcssigkeit, zum Verkauf an. Sie k\u00f6nnen GHB hier bei Thor Pharmaceuticals online zu g\u00fcnstigen Preisen kaufen. Verpackung und Versand erfolgen absolut diskret.<\/p>\n<p>G\u00e4ngige Bezeichnungen: Liquid X, Liquid Ecstasy, Georgia Home Boy, GHB, Gamma-oh, Grievous bodily harm, Mils, G, Liquid G, Fantasy, <strong><a href=\"https:\/\/en.wikipedia.org\/wiki\/%CE%93-Hydroxybutyric_acid\">GHB online v\u00e1s\u00e1rl\u00e1sa<\/a><\/strong><\/p>\n<p>Suchen Sie nach einer vertrauensw\u00fcrdigen, zuverl\u00e4ssigen und diskreten Bezugsquelle f\u00fcr GHB? Dann sind Sie bei Thor Pharmaceuticals genau richtig. Wir bieten GHB-Pulver und -Fl\u00fcssigkeit zu sehr g\u00fcnstigen Preisen an.<\/p>\n<h3><strong>MI A GAMMA-HIDROXIBUTIR\u00c1T (C4H8O3)?<\/strong><\/h3>\n<p>GHB, oder Gamma-Hydroxybutyrat (C4H8O3), ist ein zentralnerv\u00f6ses D\u00e4mpfungsmittel. Es wird h\u00e4ufig als \u201ePartydroge\u201c oder \u201eDate-Rape-Droge\u201c bezeichnet. Jugendliche und junge Erwachsene missbrauchen GHB in Bars, auf Partys, in Clubs und auf Raves (durchtanzten N\u00e4chten). Diese Gruppe kauft GHB oft online und mischt es in alkoholische Getr\u00e4nke. Zu den m\u00f6glichen Nebenwirkungen geh\u00f6ren Schwitzen, Bewusstlosigkeit (von 69 Prozent der Konsumenten berichtet), \u00dcbelkeit, Halluzinationen, Amnesie und Koma. Kaufen Sie GHB online bei Thor Pharmaceuticals.<\/p>\n<p>Xylem (Natriumoxid), ein Markenmedikament, wurde 2002 von der US-amerikanischen Arzneimittelbeh\u00f6rde FDA zur Behandlung von Narkolepsie zugelassen, einer Schlafst\u00f6rung, die \u00fcberm\u00e4\u00dfige Schl\u00e4frigkeit und wiederkehrende Tagesschl\u00e4frigkeit verursacht. Es handelt sich um das Natriumsalz von Gamma-Hydroxybutyrat. GHB ist online erh\u00e4ltlich. Wir bieten GHB-Pulver und -Fl\u00fcssigkeit in unserem Produktkatalog an.<\/p>\n<p>GHB ist ein nat\u00fcrlich vorkommendes Stoffwechselprodukt des hemmenden Neurotransmitters Gamma-Aminobutters\u00e4ure (GABA), der im Gehirn vorkommt. Die Konzentration des nat\u00fcrlich vorkommenden GHB-Stoffwechselprodukts im Gehirn ist deutlich geringer als die in Drogenmissbrauchsmitteln. Durch Fermentation k\u00f6nnen zudem geringe, aber unbedeutende Mengen an nat\u00fcrlichem GHB in einigen Bieren und Weinen entstehen.<\/p>\n<h3><strong>Mi a GHB?<\/strong><\/h3>\n<p>GHB ist eine synthetische Droge, die urspr\u00fcnglich als An\u00e4sthetikum verwendet wurde. Aufgrund ihrer Verbindung mit sexuellen \u00dcbergriffen ist sie auch als \u201eDate-Rape-Droge\u201c bekannt. GHB ruft in der Regel Gef\u00fchle der Euphorie und Entspannung hervor, was sie f\u00fcr manche Menschen sehr attraktiv machen kann. Wie jede psychoaktive Substanz birgt sie jedoch erhebliche Risiken.<\/p>\n<h3><strong>Die Gefahren des GHB-Kaufs<\/strong><\/h3>\n<p>Der Kauf von GHB ist mit einem hohen Risiko verbunden, da es illegal und nicht reguliert ist. Die meisten auf dem Schwarzmarkt erh\u00e4ltlichen Chemikalien sind ungetestet, daher wei\u00df man nicht genau, was man kauft. Zudem ist die Dosierung \u00e4u\u00dferst schwierig, da es nahezu unm\u00f6glich ist, die richtige Dosis zu bestimmen. Dadurch besteht die Gefahr einer \u00dcberdosierung, die sehr gef\u00e4hrlich und sogar t\u00f6dlich sein kann.<\/p>\n<div class=\"elementor-element elementor-element-5ac7237 elementor-widget elementor-widget-text-editor\" data-id=\"5ac7237\" data-element_type=\"widget\" data-widget_type=\"text-editor.default\">\n<div class=\"elementor-widget-container\">\n<p>Zus\u00e4tzlich wird GHB h\u00e4ufig mit anderen Substanzen gemischt, was das Risiko einer \u00dcberdosierung erh\u00f6ht. Manche Menschen mischen GHB auch mit Alkohol, was zu noch schwerwiegenderen Nebenwirkungen f\u00fchren kann. Schlie\u00dflich kann der Konsum von GHB zu k\u00f6rperlicher und psychischer Abh\u00e4ngigkeit f\u00fchren, die verheerende Folgen f\u00fcr den Konsumenten haben kann.<\/p>\n<h3><strong>Wie kommt man an GHB?<\/strong><\/h3>\n<p>Viele Menschen kaufen GHB online, obwohl dies in der Regel nicht empfehlenswert ist. Viele der Webseiten, die dieses Produkt anbieten, sind betr\u00fcgerisch, und es ist sehr schwierig festzustellen, ob die angebotene Substanz echt ist. Au\u00dferdem gibt es eine Vielzahl von Webseiten, die solche Produkte verkaufen, sodass es schwierig sein kann, die vertrauensw\u00fcrdigsten zu finden.<\/p>\n<p>Dar\u00fcber hinaus ist der Verkauf und Kauf von GHB in den meisten L\u00e4ndern verboten, und der Erwerb und Besitz von GHB kann schwere strafrechtliche Konsequenzen haben. Wenn Sie sich also f\u00fcr den Kauf von GHB entscheiden, sollten Sie vorsichtig sein und sicherstellen, dass Sie ein echtes und sicheres Produkt erwerben.<\/p>\n<\/div>\n<\/div>","protected":false},"excerpt":{"rendered":"<p><span style=\"vertical-align: inherit;\"><span style=\"vertical-align: inherit;\">Adagol\u00e1s: <\/span><\/span><br \/>\n<span style=\"vertical-align: inherit;\"><span style=\"vertical-align: inherit;\">Kezd\u0151k: el\u0151sz\u00f6r 3,5 ml, majd 3 ml 2 \u00f3r\u00e1nk\u00e9nt <\/span><\/span><br \/>\n<span style=\"vertical-align: inherit;\"><span style=\"vertical-align: inherit;\">Halad\u00f3: 4,5 ml, majd 4 ml 2 \u00f3r\u00e1nk\u00e9nt<\/span><\/span><\/p>\n<p><span style=\"vertical-align: inherit;\"><span style=\"vertical-align: inherit;\">A fot\u00f3 nem olyan, mint amilyennek k\u00fcldt\u00fck. Nem a val\u00f3di \u00fcveget mutatjuk, mivel nem j\u00f3 min\u0151s\u00e9g\u0171.<\/span><\/span><\/p>\n<p><span style=\"vertical-align: inherit;\"><span style=\"vertical-align: inherit;\">Csapatunk t\u00f6bb mint 6 \u00e9ve gy\u00e1rt GHB-t. Ha van m\u00f3d ennek az anyagnak a finom\u00edt\u00e1s\u00e1ra, laborunkban dolgoz\u00f3 szakembereink m\u00e1r kipr\u00f3b\u00e1lt\u00e1k \u00e9s tesztelt\u00e9k! A GHB-nk a lehet\u0151 legnagyobb hat\u00e9konys\u00e1ggal rendelkezik an\u00e9lk\u00fcl, hogy megszil\u00e1rdulna. A lehet\u0151 leger\u0151sebb, m\u00e9gis foly\u00e9kony marad. Egyszer\u0171en pr\u00e9mium, s\u00f3s, szappanos finoms\u00e1g!<\/span><\/span><\/p>\n<p><span style=\"vertical-align: inherit;\"><span style=\"vertical-align: inherit;\">Ha tapasztalt GHB-haszn\u00e1l\u00f3 vagy, ismered az \u00e9rz\u00e9st. Nem fogsz csal\u00f3dni ebben a term\u00e9kben. Ha valami \u00fajat szeretn\u00e9l kipr\u00f3b\u00e1lni, a k\u00f6vetkez\u0151 inform\u00e1ci\u00f3k hasznosak lehetnek:<\/span><\/span><\/p>\n<p><span style=\"vertical-align: inherit;\"><span style=\"vertical-align: inherit;\">A GHB Fantasy, Fanta, S\u00falyos testi s\u00e9rt\u00e9s, GHB, G, G-riffic, Cherry Meth, Goop, Great Hormones at Bedtime, Liquid E, Liquid Ecstasy, Liquid X, Scoop, Soap \u00e9s Vita-G n\u00e9ven is ismert. A GHB hat\u00e1sait a Psychonautwiki a k\u00f6vetkez\u0151k\u00e9ppen \u00edrja le:<\/span><\/span><\/p>\n<p><span style=\"vertical-align: inherit;\"><span style=\"vertical-align: inherit;\">\u201eKognit\u00edv euf\u00f3ria \u2013 A GHB intenz\u00edv euf\u00f3ria\u00e1llapotokat okoz, amelyek \u00f6sszehasonl\u00edthat\u00f3k a kokain, az MDMA \u00e9s az opi\u00e1tok \u00e1ltal kiv\u00e1ltott \u00e1llapotokkal. Emiatt n\u00e9ha \u00bbfoly\u00e9kony ecstasy\u00ab-nak is nevezik. \u00c1ltal\u00e1ban az alkohol euforikusabb \u00e9s g\u00e1tl\u00e1stalanabb v\u00e1ltozatak\u00e9nt \u00edrj\u00e1k le.\u201d<\/span><\/span><\/p>\n<p><span style=\"vertical-align: inherit;\"><span style=\"vertical-align: inherit;\">Azt is mondt\u00e1k, hogy a GHB n\u00f6veli a libid\u00f3t, a zenei \u00e9rt\u00e9kel\u00e9st -<\/span><\/span><\/p>\n<p><span style=\"vertical-align: inherit;\"><span style=\"vertical-align: inherit;\">\u201eEmp\u00e1tia, szeretet \u00e9s fokozott t\u00e1rsas\u00e1gi k\u00e9pess\u00e9g \u2013 a GHB er\u0151s entaktog\u00e9n hat\u00e1sokkal rendelkezik, amelyek b\u00e1r gyeng\u00e9bbek, mint az MDMA-\u00e9, m\u00e9gis hangs\u00falyosak \u00e9s j\u00f3l defini\u00e1ltak\u201d (Psychonautwiki).<\/span><\/span><\/p>\n<p><span style=\"vertical-align: inherit;\"><span style=\"vertical-align: inherit;\">A GHB egy m\u00e1sik vonz\u00f3 aspektusa a gyeng\u00e9d visszat\u00e9r\u00e9s az alap\u00e9rt\u00e9khez. Nincs kellemetlen lecseng\u00e9s. Nem fogsz elt\u00e1ntorodni.<\/span><\/span><\/p>\n<p><span style=\"vertical-align: inherit;\"><span style=\"vertical-align: inherit;\">Mindenki m\u00e1sk\u00e9pp toler\u00e1lja a GHB-t, ez\u00e9rt az adagol\u00e1st \u00f3vatosan kell alkalmazni. Term\u00e9k\u00fcnk tapasztalt felhaszn\u00e1l\u00f3i szerint az optim\u00e1lis adag 3,5\u20134,5 ml. A m\u00e9rs\u00e9kelt adag 2\u20133 ml. A benzodiazepin, az alkohol, a nyugtat\u00f3k \u00e9s n\u00e9h\u00e1ny m\u00e1s anyag kisz\u00e1m\u00edthatatlan m\u00f3don fokozhatja a GHB hat\u00e1s\u00e1t, ami katasztrof\u00e1lis eredm\u00e9nyekhez vezethet, \u00e9s fogyaszt\u00e1sa nem aj\u00e1nlott.<\/span><\/span><\/p>\n<p><span style=\"vertical-align: inherit;\"><span style=\"vertical-align: inherit;\">B\u00e1r m\u00e1r nagy tapasztalattal rendelkez\u00fcnk a GBL EXPRESS-en t\u00f6rt\u00e9n\u0151 term\u00e9k\u00e9rt\u00e9kes\u00edt\u00e9sben, \u00fajak vagyunk itt az Empire-en, ez\u00e9rt nagyon sz\u00edvesen fogadjuk pozit\u00edv visszajelz\u00e9seit.<\/span><\/span><\/p>","protected":false},"featured_media":1638,"comment_status":"open","ping_status":"closed","template":"","meta":{"_joinchat":[]},"product_brand":[],"product_cat":[34],"product_tag":[72,78,73,79,80,92,82,74,87,93,75,88,81,76,83,85,84,86,77,91,94,97,90,89,95,96],"class_list":{"0":"post-474","1":"product","2":"type-product","3":"status-publish","4":"has-post-thumbnail","6":"product_cat-ghb","7":"product_tag-bester-ghb-pulver-onlineshop","8":"product_tag-ghb","9":"product_tag-ghb-online-kaufen","10":"product_tag-ghb-online-zum-verkauf","11":"product_tag-ghb-pulver","12":"product_tag-ghb-pulver-bestellen","13":"product_tag-ghb-pulver-dubai","14":"product_tag-ghb-pulver-eu-kaufen","15":"product_tag-ghb-pulver-online","16":"product_tag-ghb-pulver-online-bestellen","17":"product_tag-ghb-pulver-online-kaufen","18":"product_tag-ghb-pulver-online-shoppen","19":"product_tag-ghb-pulver-und-fluessigkeit","20":"product_tag-ghb-pulver-usa-kaufen","21":"product_tag-ghb-pulver-zum-verkauf","22":"product_tag-ghb-pulver-zum-verkauf-in-den-usa","23":"product_tag-ghb-pulver-zum-verkauf-in-grossbritannien","24":"product_tag-ghb-pulver-zum-verkauf-online","25":"product_tag-guenstiges-ghb-pulver-online-kaufen","26":"product_tag-legitimer-ghb-pulverlieferant","27":"product_tag-us-anbieter-von-ghb-pulver-online","28":"product_tag-weltweiter-lieferant-von-ghb-pulver-online","29":"product_tag-wie-bestelle-ich-ghb-pulver","30":"product_tag-wie-kann-ich-ghb-pulver-online-kaufen","31":"product_tag-wo-ghb-pulver-online-zu-kaufen-ist","32":"product_tag-wo-man-ghb-pulver-im-grosshandel-kaufen-kann","34":"first","35":"instock","36":"shipping-taxable","37":"purchasable","38":"product-type-variable"},"yoast_head":"<!-- This site is optimized with the Yoast SEO plugin v25.4 - https:\/\/yoast.com\/wordpress\/plugins\/seo\/ -->\n<title>GAMMA HYDROXYBUTYRAT KAUFEN<\/title>\n<meta name=\"description\" content=\"Verpassen Sie nicht die Gelegenheit, GHB online in unserem Shop zu kaufen. Wir bieten ausschlie\u00dflich Feilen und GHB zu g\u00fcnstigen Preisen an. Wir helfen Ihnen gerne weiter. Bestellen Sie jetzt!\" \/>\n<meta name=\"robots\" content=\"index, follow, max-snippet:-1, max-image-preview:large, max-video-preview:-1\" \/>\n<link rel=\"canonical\" href=\"https:\/\/gblexpress.com\/hu\/termek-2\/gamma-hidroxibutirat-vasarlas\/\" \/>\n<meta property=\"og:locale\" content=\"hu_HU\" \/>\n<meta property=\"og:type\" content=\"article\" \/>\n<meta property=\"og:title\" content=\"GAMMA HYDROXYBUTYRAT KAUFEN\" \/>\n<meta property=\"og:description\" content=\"Verpassen Sie nicht die Gelegenheit, GHB online in unserem Shop zu kaufen. Wir bieten ausschlie\u00dflich Feilen und GHB zu g\u00fcnstigen Preisen an. Wir helfen Ihnen gerne weiter. Bestellen Sie jetzt!\" \/>\n<meta property=\"og:url\" content=\"https:\/\/gblexpress.com\/hu\/termek-2\/gamma-hidroxibutirat-vasarlas\/\" \/>\n<meta property=\"og:site_name\" content=\"GBL Express\" \/>\n<meta property=\"article:modified_time\" content=\"2026-02-25T05:19:56+00:00\" \/>\n<meta property=\"og:image\" content=\"https:\/\/gblexpress.com\/wp-content\/uploads\/2023\/05\/GHB-1.jpg\" \/>\n\t<meta property=\"og:image:width\" content=\"600\" \/>\n\t<meta property=\"og:image:height\" content=\"600\" \/>\n\t<meta property=\"og:image:type\" content=\"image\/jpeg\" \/>\n<meta name=\"twitter:card\" content=\"summary_large_image\" \/>\n<meta name=\"twitter:label1\" content=\"Becs\u00fclt olvas\u00e1si id\u0151\" \/>\n\t<meta name=\"twitter:data1\" content=\"3 perc\" \/>\n<!-- \/ Yoast SEO plugin. -->","yoast_head_json":{"title":"V\u00c1S\u00c1ROLNI GAMMA-HIDROXIBUTIR\u00c1T","description":"Ne hagyja ki a lehet\u0151s\u00e9get, hogy v\u00e1s\u00e1roljon GHB-t online \u00fczlet\u00fcnkben. Csak a f\u00e1jlokat \u00e9s a GHB-t k\u00edn\u00e1ljuk elfogadhat\u00f3 \u00e1ron. Sz\u00edvesen seg\u00edt\u00fcnk \u00d6nnek. Rendeljen most!","robots":{"index":"index","follow":"follow","max-snippet":"max-snippet:-1","max-image-preview":"max-image-preview:large","max-video-preview":"max-video-preview:-1"},"canonical":"https:\/\/gblexpress.com\/hu\/termek-2\/gamma-hidroxibutirat-vasarlas\/","og_locale":"hu_HU","og_type":"article","og_title":"GAMMA HYDROXYBUTYRAT KAUFEN","og_description":"Verpassen Sie nicht die Gelegenheit, GHB online in unserem Shop zu kaufen. Wir bieten ausschlie\u00dflich Feilen und GHB zu g\u00fcnstigen Preisen an. Wir helfen Ihnen gerne weiter. Bestellen Sie jetzt!","og_url":"https:\/\/gblexpress.com\/hu\/termek-2\/gamma-hidroxibutirat-vasarlas\/","og_site_name":"GBL Express","article_modified_time":"2026-02-25T05:19:56+00:00","og_image":[{"width":600,"height":600,"url":"https:\/\/gblexpress.com\/wp-content\/uploads\/2023\/05\/GHB-1.jpg","type":"image\/jpeg"}],"twitter_card":"summary_large_image","twitter_misc":{"Becs\u00fclt olvas\u00e1si id\u0151":"3 perc"},"schema":{"@context":"https:\/\/schema.org","@graph":[{"@type":"WebPage","@id":"https:\/\/gblexpress.com\/product\/gamma-hydroxybutyrat-kaufen\/","url":"https:\/\/gblexpress.com\/product\/gamma-hydroxybutyrat-kaufen\/","name":"V\u00c1S\u00c1ROLNI GAMMA-HIDROXIBUTIR\u00c1T","isPartOf":{"@id":"https:\/\/gblexpress.com\/#website"},"primaryImageOfPage":{"@id":"https:\/\/gblexpress.com\/product\/gamma-hydroxybutyrat-kaufen\/#primaryimage"},"image":{"@id":"https:\/\/gblexpress.com\/product\/gamma-hydroxybutyrat-kaufen\/#primaryimage"},"thumbnailUrl":"https:\/\/gblexpress.com\/wp-content\/uploads\/2023\/05\/GHB-1.jpg","datePublished":"2023-05-17T10:39:29+00:00","dateModified":"2026-02-25T05:19:56+00:00","description":"Ne hagyja ki a lehet\u0151s\u00e9get, hogy v\u00e1s\u00e1roljon GHB-t online \u00fczlet\u00fcnkben. Csak a f\u00e1jlokat \u00e9s a GHB-t k\u00edn\u00e1ljuk elfogadhat\u00f3 \u00e1ron. Sz\u00edvesen seg\u00edt\u00fcnk \u00d6nnek. Rendeljen most!","breadcrumb":{"@id":"https:\/\/gblexpress.com\/product\/gamma-hydroxybutyrat-kaufen\/#breadcrumb"},"inLanguage":"hu","potentialAction":[{"@type":"ReadAction","target":["https:\/\/gblexpress.com\/product\/gamma-hydroxybutyrat-kaufen\/"]}]},{"@type":"ImageObject","inLanguage":"hu","@id":"https:\/\/gblexpress.com\/product\/gamma-hydroxybutyrat-kaufen\/#primaryimage","url":"https:\/\/gblexpress.com\/wp-content\/uploads\/2023\/05\/GHB-1.jpg","contentUrl":"https:\/\/gblexpress.com\/wp-content\/uploads\/2023\/05\/GHB-1.jpg","width":600,"height":600,"caption":"GHB online kaufen"},{"@type":"BreadcrumbList","@id":"https:\/\/gblexpress.com\/product\/gamma-hydroxybutyrat-kaufen\/#breadcrumb","itemListElement":[{"@type":"ListItem","position":1,"name":"Home","item":"https:\/\/gblexpress.com\/"},{"@type":"ListItem","position":2,"name":"Shop","item":"https:\/\/gblexpress.com\/shop\/"},{"@type":"ListItem","position":3,"name":"GHB Online Kaufen"}]},{"@type":"WebSite","@id":"https:\/\/gblexpress.com\/#website","url":"https:\/\/gblexpress.com\/","name":"GBL Express","description":"","publisher":{"@id":"https:\/\/gblexpress.com\/#organization"},"potentialAction":[{"@type":"SearchAction","target":{"@type":"EntryPoint","urlTemplate":"https:\/\/gblexpress.com\/?s={search_term_string}"},"query-input":{"@type":"PropertyValueSpecification","valueRequired":true,"valueName":"search_term_string"}}],"inLanguage":"hu"},{"@type":"Organization","@id":"https:\/\/gblexpress.com\/#organization","name":"GBL Express","url":"https:\/\/gblexpress.com\/","logo":{"@type":"ImageObject","inLanguage":"hu","@id":"https:\/\/gblexpress.com\/#\/schema\/logo\/image\/","url":"https:\/\/gblexpress.com\/wp-content\/uploads\/2023\/01\/logo.png","contentUrl":"https:\/\/gblexpress.com\/wp-content\/uploads\/2023\/01\/logo.png","width":250,"height":52,"caption":"GBL Express"},"image":{"@id":"https:\/\/gblexpress.com\/#\/schema\/logo\/image\/"}}]}},"jetpack-related-posts":[],"jetpack_sharing_enabled":true,"_links":{"self":[{"href":"https:\/\/gblexpress.com\/hu\/wp-json\/wp\/v2\/product\/474","targetHints":{"allow":["GET"]}}],"collection":[{"href":"https:\/\/gblexpress.com\/hu\/wp-json\/wp\/v2\/product"}],"about":[{"href":"https:\/\/gblexpress.com\/hu\/wp-json\/wp\/v2\/types\/product"}],"replies":[{"embeddable":true,"href":"https:\/\/gblexpress.com\/hu\/wp-json\/wp\/v2\/comments?post=474"}],"wp:featuredmedia":[{"embeddable":true,"href":"https:\/\/gblexpress.com\/hu\/wp-json\/wp\/v2\/media\/1638"}],"wp:attachment":[{"href":"https:\/\/gblexpress.com\/hu\/wp-json\/wp\/v2\/media?parent=474"}],"wp:term":[{"taxonomy":"product_brand","embeddable":true,"href":"https:\/\/gblexpress.com\/hu\/wp-json\/wp\/v2\/product_brand?post=474"},{"taxonomy":"product_cat","embeddable":true,"href":"https:\/\/gblexpress.com\/hu\/wp-json\/wp\/v2\/product_cat?post=474"},{"taxonomy":"product_tag","embeddable":true,"href":"https:\/\/gblexpress.com\/hu\/wp-json\/wp\/v2\/product_tag?post=474"}],"curies":[{"name":"wp","href":"https:\/\/api.w.org\/{rel}","templated":true}]}}