{"id":475,"date":"2023-05-17T10:52:46","date_gmt":"2023-05-17T10:52:46","guid":{"rendered":"https:\/\/gblexpress.com\/?post_type=product&#038;p=475"},"modified":"2026-03-06T09:03:05","modified_gmt":"2026-03-06T09:03:05","slug":"vasarolni-ritalin","status":"publish","type":"product","link":"https:\/\/gblexpress.com\/hu\/termek-2\/vasarolni-ritalin\/","title":{"rendered":"V\u00e1s\u00e1roljon Ritalint online"},"content":{"rendered":"<h2>V\u00e1s\u00e1roljon Ritalint online<\/h2>\n<p><a href=\"https:\/\/gblexpress.com\/hu\/\">Metilfenid\u00e1t<\/a> v\u00e1s\u00e1rolni gy\u00f3gyszer Ritalin tabletta \u00e1lc\u00e1zott nyilv\u00e1nos haszn\u00e1latra. Ez a gy\u00f3gyszer nagyon hat\u00e9kony az ADHD t\u00fcneteinek gy\u00f3gy\u00edt\u00e1s\u00e1ra. Az orvosok tudnak <a href=\"https:\/\/gblexpress.com\/hu\/termek-2\/vasarolni-ritalin\/\">Ritalin 20 mg tabletta (metilfenid\u00e1t)<\/a> hanem a depresszi\u00f3 \u00e9s a Parkinson-k\u00f3r kezel\u00e9s\u00e9re is fel\u00edrj\u00e1k.<\/p>\n<p>A metilfenid\u00e1t nev\u0171 gy\u00f3gyszer k\u00f6zponti idegrendszeri stimul\u00e1nsk\u00e9nt is ismert, amely seg\u00edt n\u00f6velni a dopaminszintet az ember agy\u00e1ban. Ez a dopamin egy olyan neurotranszmitter, amely el\u0151seg\u00edti a motiv\u00e1ci\u00f3 \u00e9s a lelkesed\u00e9s \u00e9rz\u00e9s\u00e9t. Ez azt jelenti, hogy a nagyobb mennyis\u00e9g\u0171 dopamin seg\u00edthet a szem\u00e9lynek jobban koncentr\u00e1lni, jobban \u00f6sszpontos\u00edtani a mindennapi \u00e9letben, \u00e9s cs\u00f6kkentheti az ADHD egy\u00e9b t\u00fcneteit.<\/p>\n<h3><strong>El\u00e9rhet\u0151s\u00e9g<\/strong><\/h3>\n<p>A metilfenid\u00e1t hat\u00f3anyagot sz\u00e1jon \u00e1t szedhet\u0151 tablett\u00e1k, retard tablett\u00e1k \u00e9s kapszul\u00e1k, r\u00e1g\u00f3tabletta, retard tabletta \u00e9s sz\u00e1jon \u00e1t szedhet\u0151 retard tabletta form\u00e1j\u00e1ban forgalmazz\u00e1k. A Ritalin mellett m\u00e1s kereskedelmi neveken is forgalmazz\u00e1k, mint pl: <a href=\"https:\/\/en.wikipedia.org\/wiki\/Methylphenidate\">v\u00e1s\u00e1rolni metilfenid\u00e1t<\/a><\/p>\n<h3><strong>Mi\u00e9rt \u00e9rdemes Ritalint v\u00e1s\u00e1rolni online?<\/strong><\/h3>\n<h3>A Ritalin online v\u00e1s\u00e1rl\u00e1s\u00e1nak sz\u00e1mos el\u0151nye van, de n\u00e9h\u00e1ny a legfontosabb \u00e9s leggyakoribb el\u0151ny\u00f6k k\u00f6z\u00fcl:<\/h3>\n<p>Az FDA \u00e1ltal j\u00f3v\u00e1hagyott gy\u00f3gyszereket online v\u00e1s\u00e1rolhatja meg orvosok fel\u00edr\u00e1sa n\u00e9lk\u00fcl. B\u00e1r a Ritalin m\u00e1r leg\u00e1lis gy\u00f3gyszer, de nem k\u00f6nnyen el\u00e9rhet\u0151 a gy\u00f3gyszert\u00e1rakban. Ahhoz, hogy megv\u00e1s\u00e1rolja ezt a gy\u00f3gyszert, el\u0151sz\u00f6r orvosi aj\u00e1nl\u00e1st kell kapnia, de a zs\u00fafolt id\u0151beoszt\u00e1sa miatt nem lesz k\u00e9pes arra, hogy ilyen esetekben a Ritalin online v\u00e1s\u00e1rl\u00e1sa a legjobb megold\u00e1s az \u00d6n sz\u00e1m\u00e1ra. Az online v\u00e1s\u00e1rl\u00e1s nemcsak a p\u00e9nzt, hanem az \u00e9rt\u00e9kes id\u0151t is megtakar\u00edtja. V\u00e1s\u00e1rl\u00e1s Ritalin online v\u00e9ny n\u00e9lk\u00fcl.<\/p>\n<p>A Ritalin online v\u00e1s\u00e1rl\u00e1s\u00e1nak m\u00e1sik el\u0151nye, hogy sokkal olcs\u00f3bb, mint a helyi gy\u00f3gyszert\u00e1rakban kaphat\u00f3 Ritalin tablett\u00e1k. Az online kaphat\u00f3 tablett\u00e1k nem az\u00e9rt olcs\u00f3k, mert rossz min\u0151s\u00e9g\u0171ek, val\u00f3j\u00e1ban az\u00e9rt olcs\u00f3k, mert az online drog\u00e9ri\u00e1knak nem kell k\u00fcl\u00f6n d\u00edjat fizetni\u00fck, ami miatt alacsonyabb \u00e1ron tudj\u00e1k eladni ezeket a tablett\u00e1kat.<\/p>\n<h3><strong>V\u00e1s\u00e1rolhat Ritalint online v\u00e9ny n\u00e9lk\u00fcl?<\/strong><\/h3>\n<p>Ja! Bei uns k\u00f6nnen Sie Ritalin online kaufen, ohne ein Rezept zu haben. Sie m\u00fcssen nur Ihre Bestellung auf unserer Website aufgeben und die Zahlungsdetails ausf\u00fcllen. Ihre Ritalin-Pillen werden innerhalb von 24 bis 48 Stunden geliefert. Die Qualit\u00e4t und Wirksamkeit dieser Medikamente sind die gleichen wie die Pillen, die Sie von lokalen Apotheken kaufen.<\/p>\n<p>Ritalin online ohne Rezept kaufen.<\/p>\n<p>Methylin<\/p>\n<p>Koncert<\/p>\n<p>Metaadatok ER<\/p>\n<p>Quillichew s\u00fcrg\u0151ss\u00e9gi szoba<\/p>\n<p>Quillivant<\/p>\n<p>Aptensio<\/p>\n<p>Cotempla XR-OTD<\/p>\n<p>Adhansia<\/p>\n<p>Mindezeket a gy\u00f3gyszereket a szak\u00e9rt\u0151k nyilv\u00e1nos haszn\u00e1latra j\u00f3v\u00e1hagyt\u00e1k.<\/p>","protected":false},"excerpt":{"rendered":"<p>A Ritalinr\u00f3l (generikus)<\/p>\n<p>Ezt a gy\u00f3gyszert a figyelemhi\u00e1nyos hiperaktivit\u00e1si zavar (ADHD) kezel\u00e9s\u00e9re haszn\u00e1lj\u00e1k. \u00dagy hat, hogy megv\u00e1ltoztatja bizonyos term\u00e9szetes anyagok mennyis\u00e9g\u00e9t az agyban. A metilfenid\u00e1t a stimul\u00e1nsoknak nevezett gy\u00f3gyszercsoportba tartozik. A metilfenid\u00e1t seg\u00edthet a figyelem fokoz\u00e1s\u00e1ban, a tev\u00e9kenys\u00e9gre val\u00f3 \u00f6sszpontos\u00edt\u00e1sban \u00e9s a viselked\u00e9si probl\u00e9m\u00e1k ellen\u0151rz\u00e9s\u00e9ben. Seg\u00edthet tov\u00e1bb\u00e1 a feladatok megszervez\u00e9s\u00e9ben \u00e9s a hallgat\u00e1si k\u00e9pess\u00e9gek jav\u00edt\u00e1s\u00e1ban.<\/p>\n<ol>\n<li><strong>Hogyan hat a Ritalin?<\/strong><br \/>\nA Ritalin a dopamin \u00e9s a noradrenalin \u00fajrafelv\u00e9tel\u00e9nek g\u00e1tl\u00e1s\u00e1val hat az agyban. Ez n\u00f6veli ezeknek a neurotranszmittereknek a szinaptikus hasad\u00e9kban val\u00f3 el\u00e9rhet\u0151s\u00e9g\u00e9t, \u00e9s ez\u00e1ltal jav\u00edtja a figyelmet, az impulzuskontrollt \u00e9s az \u00e9bers\u00e9get.<\/p>\n<ul>\n<li><strong>Hat\u00e1sok:<\/strong> Jav\u00edtott koncentr\u00e1ci\u00f3, fokozott \u00e9bers\u00e9g \u00e9s cs\u00f6kkent hiperaktivit\u00e1s.<\/li>\n<li><strong>A hat\u00e1s kezdete:<\/strong> 20-60 perccel a lenyel\u00e9s ut\u00e1n.<\/li>\n<li><strong>A hat\u00e1s id\u0151tartama:<\/strong> 3-6 \u00f3ra a standard tablett\u00e1k eset\u00e9ben, legfeljebb 12 \u00f3ra az elny\u00fajtott hat\u00f3anyag-lead\u00e1s\u00fa kapszul\u00e1k eset\u00e9ben.<\/li>\n<\/ul>\n<p><strong>K\u00e9plet \u00e9s tulajdons\u00e1gok<\/strong><\/p>\n<ul>\n<li><strong>K\u00e9miai n\u00e9v:<\/strong> Metilfenil(piperidin-2-il)acet\u00e1t<\/li>\n<li><strong>Molekul\u00e1ris k\u00e9plet:<\/strong> C14H19NO2<\/li>\n<li><strong>Molekulat\u00f6meg:<\/strong> 233,31 g\/mol<\/li>\n<\/ul>\n<\/li>\n<\/ol>","protected":false},"featured_media":1639,"comment_status":"open","ping_status":"closed","template":"","meta":{"_joinchat":[]},"product_brand":[],"product_cat":[33,34,36,35,246],"product_tag":[98,134,108,99,118,106,105,104,107,110,329,114,115,100,101,113,112,111,117,116,119,120,310,311,121,317,318,312,124,328,313,314,325,315,322,327,306,319,316,308,321,103,129,307,102,130,320,326,309,122,323,324,125,126,127,123,128,131,133,132,109,135,330],"class_list":{"0":"post-475","1":"product","2":"type-product","3":"status-publish","4":"has-post-thumbnail","6":"product_cat-gbl-gamma-butyrolactone-25l","7":"product_cat-ghb","8":"product_cat-ko-drops","9":"product_cat-ritalin","10":"product_cat-sex-meth","11":"product_tag-adhd-methylphenidat","12":"product_tag-einnahme-von-ritalin","13":"product_tag-goodrx-methylphenidat","14":"product_tag-guenstiges-ritalin-online-kaufen","15":"product_tag-kein-rx-ritalin","16":"product_tag-koennen-sie-bekommen-rezeptfreie-adhs-medikamente","17":"product_tag-koennen-sie-ritalin-ohne-rezept-kaufen","18":"product_tag-koennen-sie-ritalin-rezeptfrei-in-grossbritannien-kaufen","19":"product_tag-koennen-sie-sich-ritalin-online-verschreiben-lassen","20":"product_tag-methylphenidat","21":"product_tag-methylphenidat-kaufen","22":"product_tag-methylphenidat-mg","23":"product_tag-methylphenidat-online","24":"product_tag-methylphenidat-online-kaufen","25":"product_tag-methylphenidat-online-ohne-rezept-kaufen","26":"product_tag-methylphenidat-zum-online-verkauf","27":"product_tag-methylphenidat-zum-verkauf","28":"product_tag-methylphenidat-kosten","29":"product_tag-methylphenidat-preis","30":"product_tag-methylphenidat-rezept","31":"product_tag-ritalin","32":"product_tag-ritalin-10-mg","33":"product_tag-ritalin-10mg","34":"product_tag-ritalin-20mg","35":"product_tag-ritalin-adh","36":"product_tag-ritalin-anwendung","37":"product_tag-ritalin-dosierung","38":"product_tag-ritalin-fuer-adhs","39":"product_tag-ritalin-fuer-erwachsene","40":"product_tag-ritalin-fuer-forschung","41":"product_tag-ritalin-fuer-kinder","42":"product_tag-ritalin-fuer-konzentration","43":"product_tag-ritalin-fuer-labore","44":"product_tag-ritalin-fuer-studienzwecke","45":"product_tag-ritalin-grosshandel","46":"product_tag-ritalin-in-deutschland-kaufen","47":"product_tag-ritalin-kaufen","48":"product_tag-ritalin-lagerung","49":"product_tag-ritalin-legal-kaufen","50":"product_tag-ritalin-lieferant","51":"product_tag-ritalin-nebenwirkungen","52":"product_tag-ritalin-ohne-rezept-kaufen","53":"product_tag-ritalin-online","54":"product_tag-ritalin-online-bestellen","55":"product_tag-ritalin-online-mit-nachtlieferung-kaufen","56":"product_tag-ritalin-online-ohne-rezept","57":"product_tag-ritalin-risiken","58":"product_tag-ritalin-sicherheit","59":"product_tag-ritalin-tabletten","60":"product_tag-ritalin-und-adh","61":"product_tag-ritalin-vertrieb","62":"product_tag-ritalin-weltweit-bestellen","63":"product_tag-ritalin-zum-verkauf","64":"product_tag-ritalin-zum-verkauf-in-den-usa","65":"product_tag-ritalin-zum-verkauf-online","66":"product_tag-ritalin-kosten","67":"product_tag-ritalin-medikamente","68":"product_tag-ritalin-pille","69":"product_tag-ritalin-preis","70":"product_tag-ritalin-rezept","71":"product_tag-so-bestellen-sie-ritalin-online","72":"product_tag-welche-rezeptfreien-medikamente-helfen-bei-adhs","73":"product_tag-wo-ritalin-kaufen","75":"first","76":"instock","77":"shipping-taxable","78":"purchasable","79":"product-type-variable","80":"has-default-attributes"},"yoast_head":"<!-- This site is optimized with the Yoast SEO plugin v25.4 - https:\/\/yoast.com\/wordpress\/plugins\/seo\/ -->\n<title>Ritalin online kaufen \u2013 Ritalin zu verkaufen | Gblexpress<\/title>\n<meta name=\"description\" content=\"M\u00f6chten Sie Ihre Forschung vorantreiben? Kaufen Sie Ritalin bequem und sicher online \u2013 mit einem unkomplizierten Bestellvorgang. Entdecken Sie die M\u00f6glichkeiten und kaufen Sie Ritalin noch heute online f\u00fcr Ihre Forschungsvorhaben.\" \/>\n<meta name=\"robots\" content=\"index, follow, max-snippet:-1, max-image-preview:large, max-video-preview:-1\" \/>\n<link rel=\"canonical\" href=\"https:\/\/gblexpress.com\/hu\/termek-2\/vasarolni-ritalin\/\" \/>\n<meta property=\"og:locale\" content=\"hu_HU\" \/>\n<meta property=\"og:type\" content=\"article\" \/>\n<meta property=\"og:title\" content=\"Ritalin online kaufen \u2013 Ritalin zu verkaufen | Gblexpress\" \/>\n<meta property=\"og:description\" content=\"M\u00f6chten Sie Ihre Forschung vorantreiben? Kaufen Sie Ritalin bequem und sicher online \u2013 mit einem unkomplizierten Bestellvorgang. Entdecken Sie die M\u00f6glichkeiten und kaufen Sie Ritalin noch heute online f\u00fcr Ihre Forschungsvorhaben.\" \/>\n<meta property=\"og:url\" content=\"https:\/\/gblexpress.com\/hu\/termek-2\/vasarolni-ritalin\/\" \/>\n<meta property=\"og:site_name\" content=\"GBL Express\" \/>\n<meta property=\"article:modified_time\" content=\"2026-03-06T09:03:05+00:00\" \/>\n<meta property=\"og:image\" content=\"https:\/\/gblexpress.com\/wp-content\/uploads\/2023\/05\/Ritalin-1.jpg\" \/>\n\t<meta property=\"og:image:width\" content=\"600\" \/>\n\t<meta property=\"og:image:height\" content=\"600\" \/>\n\t<meta property=\"og:image:type\" content=\"image\/jpeg\" \/>\n<meta name=\"twitter:card\" content=\"summary_large_image\" \/>\n<meta name=\"twitter:label1\" content=\"Becs\u00fclt olvas\u00e1si id\u0151\" \/>\n\t<meta name=\"twitter:data1\" content=\"2 perc\" \/>\n<!-- \/ Yoast SEO plugin. -->","yoast_head_json":{"title":"Ritalin v\u00e1s\u00e1rl\u00e1s online \u2013 Ritalin elad\u00f3 | Gblexpress","description":"Szeretn\u00e9 el\u0151remozd\u00edtani a kutat\u00e1st? V\u00e1s\u00e1roljon Ritalint k\u00e9nyelmesen \u00e9s biztons\u00e1gosan online \u2013 egy egyszer\u0171 rendel\u00e9si folyamattal. Fedezze fel a lehet\u0151s\u00e9geket, \u00e9s v\u00e1s\u00e1roljon Ritalint online kutat\u00e1si projektjeihez m\u00e9g ma.","robots":{"index":"index","follow":"follow","max-snippet":"max-snippet:-1","max-image-preview":"max-image-preview:large","max-video-preview":"max-video-preview:-1"},"canonical":"https:\/\/gblexpress.com\/hu\/termek-2\/vasarolni-ritalin\/","og_locale":"hu_HU","og_type":"article","og_title":"Ritalin online kaufen \u2013 Ritalin zu verkaufen | Gblexpress","og_description":"M\u00f6chten Sie Ihre Forschung vorantreiben? Kaufen Sie Ritalin bequem und sicher online \u2013 mit einem unkomplizierten Bestellvorgang. Entdecken Sie die M\u00f6glichkeiten und kaufen Sie Ritalin noch heute online f\u00fcr Ihre Forschungsvorhaben.","og_url":"https:\/\/gblexpress.com\/hu\/termek-2\/vasarolni-ritalin\/","og_site_name":"GBL Express","article_modified_time":"2026-03-06T09:03:05+00:00","og_image":[{"width":600,"height":600,"url":"https:\/\/gblexpress.com\/wp-content\/uploads\/2023\/05\/Ritalin-1.jpg","type":"image\/jpeg"}],"twitter_card":"summary_large_image","twitter_misc":{"Becs\u00fclt olvas\u00e1si id\u0151":"2 perc"},"schema":{"@context":"https:\/\/schema.org","@graph":[{"@type":"WebPage","@id":"https:\/\/gblexpress.com\/product\/ritalin-kaufen\/","url":"https:\/\/gblexpress.com\/product\/ritalin-kaufen\/","name":"Ritalin v\u00e1s\u00e1rl\u00e1s online \u2013 Ritalin elad\u00f3 | Gblexpress","isPartOf":{"@id":"https:\/\/gblexpress.com\/#website"},"primaryImageOfPage":{"@id":"https:\/\/gblexpress.com\/product\/ritalin-kaufen\/#primaryimage"},"image":{"@id":"https:\/\/gblexpress.com\/product\/ritalin-kaufen\/#primaryimage"},"thumbnailUrl":"https:\/\/gblexpress.com\/wp-content\/uploads\/2023\/05\/Ritalin-1.jpg","datePublished":"2023-05-17T10:52:46+00:00","dateModified":"2026-03-06T09:03:05+00:00","description":"Szeretn\u00e9 el\u0151remozd\u00edtani a kutat\u00e1st? V\u00e1s\u00e1roljon Ritalint k\u00e9nyelmesen \u00e9s biztons\u00e1gosan online \u2013 egy egyszer\u0171 rendel\u00e9si folyamattal. Fedezze fel a lehet\u0151s\u00e9geket, \u00e9s v\u00e1s\u00e1roljon Ritalint online kutat\u00e1si projektjeihez m\u00e9g ma.","breadcrumb":{"@id":"https:\/\/gblexpress.com\/product\/ritalin-kaufen\/#breadcrumb"},"inLanguage":"hu","potentialAction":[{"@type":"ReadAction","target":["https:\/\/gblexpress.com\/product\/ritalin-kaufen\/"]}]},{"@type":"ImageObject","inLanguage":"hu","@id":"https:\/\/gblexpress.com\/product\/ritalin-kaufen\/#primaryimage","url":"https:\/\/gblexpress.com\/wp-content\/uploads\/2023\/05\/Ritalin-1.jpg","contentUrl":"https:\/\/gblexpress.com\/wp-content\/uploads\/2023\/05\/Ritalin-1.jpg","width":600,"height":600,"caption":"Ritalin online kaufen"},{"@type":"BreadcrumbList","@id":"https:\/\/gblexpress.com\/product\/ritalin-kaufen\/#breadcrumb","itemListElement":[{"@type":"ListItem","position":1,"name":"Home","item":"https:\/\/gblexpress.com\/"},{"@type":"ListItem","position":2,"name":"Shop","item":"https:\/\/gblexpress.com\/shop\/"},{"@type":"ListItem","position":3,"name":"Ritalin Online Kaufen"}]},{"@type":"WebSite","@id":"https:\/\/gblexpress.com\/#website","url":"https:\/\/gblexpress.com\/","name":"GBL Express","description":"","publisher":{"@id":"https:\/\/gblexpress.com\/#organization"},"potentialAction":[{"@type":"SearchAction","target":{"@type":"EntryPoint","urlTemplate":"https:\/\/gblexpress.com\/?s={search_term_string}"},"query-input":{"@type":"PropertyValueSpecification","valueRequired":true,"valueName":"search_term_string"}}],"inLanguage":"hu"},{"@type":"Organization","@id":"https:\/\/gblexpress.com\/#organization","name":"GBL Express","url":"https:\/\/gblexpress.com\/","logo":{"@type":"ImageObject","inLanguage":"hu","@id":"https:\/\/gblexpress.com\/#\/schema\/logo\/image\/","url":"https:\/\/gblexpress.com\/wp-content\/uploads\/2023\/01\/logo.png","contentUrl":"https:\/\/gblexpress.com\/wp-content\/uploads\/2023\/01\/logo.png","width":250,"height":52,"caption":"GBL Express"},"image":{"@id":"https:\/\/gblexpress.com\/#\/schema\/logo\/image\/"}}]}},"jetpack-related-posts":[],"jetpack_sharing_enabled":true,"_links":{"self":[{"href":"https:\/\/gblexpress.com\/hu\/wp-json\/wp\/v2\/product\/475","targetHints":{"allow":["GET"]}}],"collection":[{"href":"https:\/\/gblexpress.com\/hu\/wp-json\/wp\/v2\/product"}],"about":[{"href":"https:\/\/gblexpress.com\/hu\/wp-json\/wp\/v2\/types\/product"}],"replies":[{"embeddable":true,"href":"https:\/\/gblexpress.com\/hu\/wp-json\/wp\/v2\/comments?post=475"}],"wp:featuredmedia":[{"embeddable":true,"href":"https:\/\/gblexpress.com\/hu\/wp-json\/wp\/v2\/media\/1639"}],"wp:attachment":[{"href":"https:\/\/gblexpress.com\/hu\/wp-json\/wp\/v2\/media?parent=475"}],"wp:term":[{"taxonomy":"product_brand","embeddable":true,"href":"https:\/\/gblexpress.com\/hu\/wp-json\/wp\/v2\/product_brand?post=475"},{"taxonomy":"product_cat","embeddable":true,"href":"https:\/\/gblexpress.com\/hu\/wp-json\/wp\/v2\/product_cat?post=475"},{"taxonomy":"product_tag","embeddable":true,"href":"https:\/\/gblexpress.com\/hu\/wp-json\/wp\/v2\/product_tag?post=475"}],"curies":[{"name":"wp","href":"https:\/\/api.w.org\/{rel}","templated":true}]}}