{"id":476,"date":"2023-05-17T11:11:25","date_gmt":"2023-05-17T11:11:25","guid":{"rendered":"https:\/\/gblexpress.com\/?post_type=product&#038;p=476"},"modified":"2026-02-27T10:34:07","modified_gmt":"2026-02-27T10:34:07","slug":"ko-cseppek-vasarlas-online","status":"publish","type":"product","link":"https:\/\/gblexpress.com\/hu\/termek-2\/ko-cseppek-vasarlas-online\/","title":{"rendered":"V\u00e1s\u00e1roljon KO cseppeket online"},"content":{"rendered":"<div class=\"elementor-element elementor-element-4b6f3d0 elementor-widget elementor-widget-heading\" data-id=\"4b6f3d0\" data-element_type=\"widget\" data-widget_type=\"heading.default\">\n<div class=\"elementor-widget-container\">\n<h2 class=\"elementor-heading-title elementor-size-default\">V\u00e1s\u00e1rolj Ko cseppeket<\/h2>\n<\/div>\n<\/div>\n<div class=\"elementor-element elementor-element-3cddf85 elementor-widget elementor-widget-heading\" data-id=\"3cddf85\" data-element_type=\"widget\" data-widget_type=\"heading.default\">\n<div class=\"elementor-widget-container\"><span class=\"elementor-heading-title elementor-size-default\">Mi vagyunk a legjobb online bolt, hogy v\u00e1s\u00e1rolni ko cseppek<\/span><\/div>\n<\/div>\n<div class=\"elementor-element elementor-element-ac2151b elementor-widget elementor-widget-text-editor\" data-id=\"ac2151b\" data-element_type=\"widget\" data-widget_type=\"text-editor.default\">\n<div class=\"elementor-widget-container\">\n<p>Ha azt keresi, hol v\u00e1s\u00e1rolhat \u00fagynevezett knockout cseppeket, akkor t\u00f6bb\u00e9 nem kell k\u00e9tes utcai \u00e1rusokra hagyatkoznia. V\u00e9tel <a href=\"https:\/\/gblexpress.com\/hu\/termek-2\/ko-cseppek-vasarlas-online\/\">ki\u00fct\u00e9ses cseppek<\/a> einfach in unserem Shop. Richtig eingesetzt, k\u00f6nnen sie anregend oder beruhigend wirken und haben kaum sch\u00e4dliche Nebenwirkungen. Allerdings sollten sie nicht zu hoch dosiert werden, denn dann machen sie schwach und verursachen Amnesie<a href=\"https:\/\/gblexpress.com\/hu\/ko-cseppek\/\">.<\/a><\/p>\n<div class=\"elementor-column elementor-col-50 elementor-inner-column elementor-element elementor-element-b6eca79 elementor-hidden-tablet elementor-hidden-mobile\" data-id=\"b6eca79\" data-element_type=\"column\">\n<h3 class=\"elementor-widget-wrap\"><strong><span style=\"font-family: Dosis, Arial, Helvetica, sans-serif; font-size: 1.125rem;\">V\u00e1s\u00e1rl\u00e1s KO Drops online v\u00e9ny n\u00e9lk\u00fcl<\/span><\/strong><\/h3>\n<\/div>\n<div class=\"elementor-column elementor-col-50 elementor-inner-column elementor-element elementor-element-c3a8155\" data-id=\"c3a8155\" data-element_type=\"column\">\n<div class=\"elementor-widget-wrap elementor-element-populated\">\n<div class=\"elementor-element elementor-element-011f42c elementor-widget elementor-widget-text-editor\" data-id=\"011f42c\" data-element_type=\"widget\" data-widget_type=\"text-editor.default\">\n<div class=\"elementor-widget-container\">\n<p><a href=\"https:\/\/de.wikipedia.org\/wiki\/K.-o.-Tropfen\">V\u00e1s\u00e1roljon KO cseppeket<\/a>: \u00dcberzeugen Sie sich von unserem Angebot an KO \u2013 Tropfen und kaufen Sie in unseren Online-Shop ihr Wunschprodukt ohne Rezept. Wir haben eine gro\u00dfe Auswahl an Produkten, die von den Medien mitunter als KO \u2013 Tropfen bezeichnet werden, die wir schnell und unkompliziert liefern.<\/p>\n<p>V\u00e1s\u00e1roljon K2 Drops Eredeti K2 cseppeket k\u00f6zvetlen\u00fcl a gy\u00e1rt\u00f3t\u00f3l - A legolcs\u00f3bb \u00e1r N\u00e9metorsz\u00e1gban, Ausztri\u00e1ban \u00e9s Sv\u00e1jcban Ak\u00e1r 50% kedvezm\u00e9ny t\u00f6bb csomag megrendel\u00e9sekor Expressz sz\u00e1ll\u00edt\u00e1s az USA-ban, Eur\u00f3p\u00e1ban, Ausztri\u00e1ban \u00e9s Sv\u00e1jcban A hivatalos K2 Drops Shopba (kapjon kedvezm\u00e9nyt) Mi az a K2 sz\u00e9nhidr\u00e1t blokkol\u00f3 csepp?<a href=\"https:\/\/en.wikipedia.org\/wiki\/Ko-Tropfen\">?<\/a><\/p>\n<div class=\"elementor-element elementor-element-775a1ae elementor-widget elementor-widget-heading\" data-id=\"775a1ae\" data-element_type=\"widget\" data-widget_type=\"heading.default\">\n<div class=\"elementor-widget-container\">\n<h3 class=\"elementor-heading-title elementor-size-default\"><strong>V\u00e1s\u00e1rl\u00e1s KO Drops online v\u00e9ny n\u00e9lk\u00fcl<\/strong><\/h3>\n<\/div>\n<\/div>\n<div class=\"elementor-element elementor-element-011f42c elementor-widget elementor-widget-text-editor\" data-id=\"011f42c\" data-element_type=\"widget\" data-widget_type=\"text-editor.default\">\n<div class=\"elementor-widget-container\">\n<p>V\u00e1s\u00e1roljon KO Drops: KO cseppek k\u00edn\u00e1latunkr\u00f3l, \u00e9s v\u00e1s\u00e1rolja meg a k\u00edv\u00e1nt term\u00e9ket v\u00e9ny n\u00e9lk\u00fcl online \u00e1ruh\u00e1zunkban. Nagy v\u00e1laszt\u00e9kkal rendelkez\u00fcnk a m\u00e9dia \u00e1ltal n\u00e9ha KO cseppk\u00e9nt emlegetett term\u00e9kekb\u0151l, amelyeket gyorsan \u00e9s komplik\u00e1ci\u00f3mentesen sz\u00e1ll\u00edtunk.<\/p>\n<h3><strong>V\u00e1s\u00e1rl\u00e1s KO cseppek online v\u00e9ny n\u00e9lk\u00fcl<\/strong><\/h3>\n<p class=\"elementor-image-box-description\">KO-Tropfen sind ein immer beliebteres Produkt, das f\u00fcr eine Vielzahl von Zwecken verwendet werden kann. Diese wirksamen Tropfen k\u00f6nnen Ihnen helfen, sich zu entspannen, besser zu schlafen und sogar Stress und \u00c4ngste abzubauen. Aber wo kann man KO-Tropfen ohne Rezept online kaufen? Die Antwort lautet KO-TROPFEN. Bei KO-TROPFEN k\u00f6nnen Sie KO-Tropfen schnell und sicher online kaufen.<br \/>\nA pihen\u00e9s fontos az \u00e1ltal\u00e1nos j\u00f3 k\u00f6z\u00e9rzethez, \u00e9s n\u00e9ha nehezen el\u00e9rhet\u0151. Szerencs\u00e9re sz\u00e1mos alternat\u00edva l\u00e9tezik, amelyek seg\u00edthetnek abban, hogy megkapja a k\u00edv\u00e1nt pihen\u00e9st. A Knockout cseppek egy ilyen alternat\u00edva - ezek bizonyos hormonok blokkol\u00e1s\u00e1val seg\u00edtik el\u0151 a pihen\u00e9st, amelyekr\u0151l ismert, hogy alv\u00e1szavarokat okoznak. A Knockout cseppek t\u00f6bbf\u00e9le m\u00f3don is megv\u00e1s\u00e1rolhat\u00f3k az interneten. A knockout cseppeket online v\u00e1s\u00e1rolhatja meg egyes cseppek form\u00e1j\u00e1ban vagy hat vagy t\u00f6bb cseppb\u0151l \u00e1ll\u00f3 csomagokban. A Knockout cseppeket sz\u00e1mos \u00fczletben \u00e9s drog\u00e9ri\u00e1ban is megtal\u00e1lhatja.<\/p>\n<\/div>\n<\/div>\n<\/div>\n<\/div>\n<\/div>\n<\/div>\n<\/div>\n<\/div>","protected":false},"excerpt":{"rendered":"<div class=\"elementor-element elementor-element-4b6f3d0 elementor-widget elementor-widget-heading\" data-id=\"4b6f3d0\" data-element_type=\"widget\" data-widget_type=\"heading.default\">\n<div class=\"elementor-widget-container\">\n<h2 class=\"elementor-heading-title elementor-size-default\">V\u00e1s\u00e1rolj Ko cseppeket<\/h2>\n<\/div>\n<\/div>\n<div class=\"elementor-element elementor-element-3cddf85 elementor-widget elementor-widget-heading\" data-id=\"3cddf85\" data-element_type=\"widget\" data-widget_type=\"heading.default\">\n<div class=\"elementor-widget-container\"><span class=\"elementor-heading-title elementor-size-default\">Mi vagyunk a legjobb online bolt, hogy v\u00e1s\u00e1rolni ko cseppek<\/span><\/div>\n<\/div>\n<div class=\"elementor-element elementor-element-ac2151b elementor-widget elementor-widget-text-editor\" data-id=\"ac2151b\" data-element_type=\"widget\" data-widget_type=\"text-editor.default\">\n<div class=\"elementor-widget-container\">\n<p>Ha azt keresi, hogy hol v\u00e1s\u00e1rolhat \u00fagynevezett KO cseppeket, akkor mostant\u00f3l nem kell t\u00f6bb\u00e9 k\u00e9tes utcai \u00e1rusokra hagyatkoznia. Egyszer\u0171en v\u00e1s\u00e1roljon knockout cseppeket a mi \u00fczlet\u00fcnkben. Helyesen haszn\u00e1lva serkent\u0151 vagy nyugtat\u00f3 hat\u00e1s\u00faak lehetnek, \u00e9s alig van k\u00e1ros mell\u00e9khat\u00e1suk. Azonban nem szabad t\u00fal magasan adagolni \u0151ket, mert akkor elgyeng\u00edtenek \u00e9s amn\u00e9zi\u00e1t okoznak.<\/p>\n<\/div>\n<p><strong>Hogyan m\u0171k\u00f6dnek a KO cseppek?<\/strong><br \/>\n<strong>KO cseppek<\/strong> k\u00e9t specifikus receptor aktiv\u00e1l\u00e1s\u00e1val hatnak az agyban:<\/p>\n<ul>\n<li><strong>GHB-receptorok:<\/strong> Szab\u00e1lyozza a neuron\u00e1lis aktivit\u00e1st \u00e9s az anyagcsere-folyamatokat.<\/li>\n<li><strong>GABA-B receptorok:<\/strong> Relax\u00e1l\u00f3, nyugtat\u00f3 \u00e9s n\u00e9ha nyugtat\u00f3 hat\u00e1s\u00fa.<\/li>\n<\/ul>\n<p>A hat\u00e1s az idegi aktivit\u00e1s cs\u00f6kken\u00e9s\u00e9hez vezet, el\u0151seg\u00edti az izomlaz\u00edt\u00e1st \u00e9s m\u00e9ly alv\u00e1st id\u00e9zhet el\u0151.<\/p>\n<ul>\n<li><strong>A hat\u00e1s kezdete:<\/strong> 10-20 perccel a lenyel\u00e9s ut\u00e1n.<\/li>\n<li><strong>A hat\u00e1s id\u0151tartama:<\/strong> 1,5-4 \u00f3ra, az adagol\u00e1st\u00f3l \u00e9s az egy\u00e9ni anyagcser\u00e9t\u0151l f\u00fcgg\u0151en.<\/li>\n<\/ul>\n<p><strong>K\u00e9plet \u00e9s tulajdons\u00e1gok<\/strong><\/p>\n<ul>\n<li><strong>K\u00e9miai n\u00e9v:<\/strong> Gamma-hidroxi-vajsav<\/li>\n<li><strong>Molekul\u00e1ris k\u00e9plet:<\/strong> C4H8O3<\/li>\n<li><strong>Molekulat\u00f6meg:<\/strong> 104,10 g\/mol<\/li>\n<\/ul>\n<\/div>","protected":false},"featured_media":1640,"comment_status":"open","ping_status":"closed","template":"","meta":{"_joinchat":[]},"product_brand":[],"product_cat":[33,34,36,35,246],"product_tag":[281,333,349,332,344,331,340,335,352,355,342,343,350,341,345,351,334,347,338,337,354,339,336,353,348,357,346,356],"class_list":{"0":"post-476","1":"product","2":"type-product","3":"status-publish","4":"has-post-thumbnail","6":"product_cat-gbl-gamma-butyrolactone-25l","7":"product_cat-ghb","8":"product_cat-ko-drops","9":"product_cat-ritalin","10":"product_cat-sex-meth","11":"product_tag-gamma-hydroxybutyrat","12":"product_tag-gbl-tropfen","13":"product_tag-ghb-fluessig-kaufen","14":"product_tag-ghb-tropfen","15":"product_tag-ghb-tropfen-sicher-kaufen","16":"product_tag-ko-tropfen","17":"product_tag-ko-tropfen-anwendung","18":"product_tag-ko-tropfen-bestellen","19":"product_tag-ko-tropfen-chemie","20":"product_tag-ko-tropfen-fuer-apotheken","21":"product_tag-ko-tropfen-fuer-forschung","22":"product_tag-ko-tropfen-fuer-industrielle-anwendungen","23":"product_tag-ko-tropfen-fuer-labore","24":"product_tag-ko-tropfen-fuer-medizinische-zwecke","25":"product_tag-ko-tropfen-grosshandel","26":"product_tag-ko-tropfen-in-deutschland-kaufen","27":"product_tag-ko-tropfen-kaufen","28":"product_tag-ko-tropfen-lagerung","29":"product_tag-ko-tropfen-legal-kaufen","30":"product_tag-ko-tropfen-lieferant","31":"product_tag-ko-tropfen-ohne-rezept","32":"product_tag-ko-tropfen-online-bestellen","33":"product_tag-ko-tropfen-preis","34":"product_tag-ko-tropfen-risiken","35":"product_tag-ko-tropfen-sicherheitsrichtlinien","36":"product_tag-ko-tropfen-vertrieb","37":"product_tag-ko-tropfen-weltweit-bestellen","38":"product_tag-wo-ko-tropfen-kaufen","40":"first","41":"instock","42":"shipping-taxable","43":"purchasable","44":"product-type-variable","45":"has-default-attributes"},"yoast_head":"<!-- This site is optimized with the Yoast SEO plugin v25.4 - https:\/\/yoast.com\/wordpress\/plugins\/seo\/ -->\n<title>KO Tropfen Online Kaufen - KO Tropfen zu verkaufen<\/title>\n<meta name=\"description\" content=\"Wenn Sie Ko Tropfen online kaufen m\u00f6chten und einen zuverl\u00e4ssigen Online-Shop suchen, sind Sie hier genau richtig. Wir bieten ausschlie\u00dflich hochwertige Ko Tropfen zu einem erschwinglichen Preis an. Bestellen Sie jetzt Ko Tropfen!\" \/>\n<meta name=\"robots\" content=\"index, follow, max-snippet:-1, max-image-preview:large, max-video-preview:-1\" \/>\n<link rel=\"canonical\" href=\"https:\/\/gblexpress.com\/hu\/termek-2\/ko-cseppek-vasarlas-online\/\" \/>\n<meta property=\"og:locale\" content=\"hu_HU\" \/>\n<meta property=\"og:type\" content=\"article\" \/>\n<meta property=\"og:title\" content=\"KO Tropfen Online Kaufen - KO Tropfen zu verkaufen\" \/>\n<meta property=\"og:description\" content=\"Wenn Sie Ko Tropfen online kaufen m\u00f6chten und einen zuverl\u00e4ssigen Online-Shop suchen, sind Sie hier genau richtig. Wir bieten ausschlie\u00dflich hochwertige Ko Tropfen zu einem erschwinglichen Preis an. Bestellen Sie jetzt Ko Tropfen!\" \/>\n<meta property=\"og:url\" content=\"https:\/\/gblexpress.com\/hu\/termek-2\/ko-cseppek-vasarlas-online\/\" \/>\n<meta property=\"og:site_name\" content=\"GBL Express\" \/>\n<meta property=\"article:modified_time\" content=\"2026-02-27T10:34:07+00:00\" \/>\n<meta property=\"og:image\" content=\"https:\/\/gblexpress.com\/wp-content\/uploads\/2023\/05\/KO-Tropfen.jpg\" \/>\n\t<meta property=\"og:image:width\" content=\"600\" \/>\n\t<meta property=\"og:image:height\" content=\"600\" \/>\n\t<meta property=\"og:image:type\" content=\"image\/jpeg\" \/>\n<meta name=\"twitter:card\" content=\"summary_large_image\" \/>\n<meta name=\"twitter:label1\" content=\"Becs\u00fclt olvas\u00e1si id\u0151\" \/>\n\t<meta name=\"twitter:data1\" content=\"2 perc\" \/>\n<!-- \/ Yoast SEO plugin. -->","yoast_head_json":{"title":"V\u00e1s\u00e1roljon KO cseppeket online - KO cseppek elad\u00f3k","description":"Ha online szeretne Ko cseppeket v\u00e1s\u00e1rolni, \u00e9s megb\u00edzhat\u00f3 online boltot keres, akkor j\u00f3 helyen j\u00e1r. Csak kiv\u00e1l\u00f3 min\u0151s\u00e9g\u0171 knockout cseppeket k\u00edn\u00e1lunk megfizethet\u0151 \u00e1ron. Rendelje meg a Ko Drops-t most!","robots":{"index":"index","follow":"follow","max-snippet":"max-snippet:-1","max-image-preview":"max-image-preview:large","max-video-preview":"max-video-preview:-1"},"canonical":"https:\/\/gblexpress.com\/hu\/termek-2\/ko-cseppek-vasarlas-online\/","og_locale":"hu_HU","og_type":"article","og_title":"KO Tropfen Online Kaufen - KO Tropfen zu verkaufen","og_description":"Wenn Sie Ko Tropfen online kaufen m\u00f6chten und einen zuverl\u00e4ssigen Online-Shop suchen, sind Sie hier genau richtig. Wir bieten ausschlie\u00dflich hochwertige Ko Tropfen zu einem erschwinglichen Preis an. Bestellen Sie jetzt Ko Tropfen!","og_url":"https:\/\/gblexpress.com\/hu\/termek-2\/ko-cseppek-vasarlas-online\/","og_site_name":"GBL Express","article_modified_time":"2026-02-27T10:34:07+00:00","og_image":[{"width":600,"height":600,"url":"https:\/\/gblexpress.com\/wp-content\/uploads\/2023\/05\/KO-Tropfen.jpg","type":"image\/jpeg"}],"twitter_card":"summary_large_image","twitter_misc":{"Becs\u00fclt olvas\u00e1si id\u0151":"2 perc"},"schema":{"@context":"https:\/\/schema.org","@graph":[{"@type":"WebPage","@id":"https:\/\/gblexpress.com\/product\/ko-tropfen-kaufen-online\/","url":"https:\/\/gblexpress.com\/product\/ko-tropfen-kaufen-online\/","name":"V\u00e1s\u00e1roljon KO cseppeket online - KO cseppek elad\u00f3k","isPartOf":{"@id":"https:\/\/gblexpress.com\/#website"},"primaryImageOfPage":{"@id":"https:\/\/gblexpress.com\/product\/ko-tropfen-kaufen-online\/#primaryimage"},"image":{"@id":"https:\/\/gblexpress.com\/product\/ko-tropfen-kaufen-online\/#primaryimage"},"thumbnailUrl":"https:\/\/gblexpress.com\/wp-content\/uploads\/2023\/05\/KO-Tropfen.jpg","datePublished":"2023-05-17T11:11:25+00:00","dateModified":"2026-02-27T10:34:07+00:00","description":"Ha online szeretne Ko cseppeket v\u00e1s\u00e1rolni, \u00e9s megb\u00edzhat\u00f3 online boltot keres, akkor j\u00f3 helyen j\u00e1r. Csak kiv\u00e1l\u00f3 min\u0151s\u00e9g\u0171 knockout cseppeket k\u00edn\u00e1lunk megfizethet\u0151 \u00e1ron. Rendelje meg a Ko Drops-t most!","breadcrumb":{"@id":"https:\/\/gblexpress.com\/product\/ko-tropfen-kaufen-online\/#breadcrumb"},"inLanguage":"hu","potentialAction":[{"@type":"ReadAction","target":["https:\/\/gblexpress.com\/product\/ko-tropfen-kaufen-online\/"]}]},{"@type":"ImageObject","inLanguage":"hu","@id":"https:\/\/gblexpress.com\/product\/ko-tropfen-kaufen-online\/#primaryimage","url":"https:\/\/gblexpress.com\/wp-content\/uploads\/2023\/05\/KO-Tropfen.jpg","contentUrl":"https:\/\/gblexpress.com\/wp-content\/uploads\/2023\/05\/KO-Tropfen.jpg","width":600,"height":600,"caption":"KO-Tropfen online kaufen"},{"@type":"BreadcrumbList","@id":"https:\/\/gblexpress.com\/product\/ko-tropfen-kaufen-online\/#breadcrumb","itemListElement":[{"@type":"ListItem","position":1,"name":"Home","item":"https:\/\/gblexpress.com\/"},{"@type":"ListItem","position":2,"name":"Shop","item":"https:\/\/gblexpress.com\/shop\/"},{"@type":"ListItem","position":3,"name":"KO Tropfen Kaufen Online"}]},{"@type":"WebSite","@id":"https:\/\/gblexpress.com\/#website","url":"https:\/\/gblexpress.com\/","name":"GBL Express","description":"","publisher":{"@id":"https:\/\/gblexpress.com\/#organization"},"potentialAction":[{"@type":"SearchAction","target":{"@type":"EntryPoint","urlTemplate":"https:\/\/gblexpress.com\/?s={search_term_string}"},"query-input":{"@type":"PropertyValueSpecification","valueRequired":true,"valueName":"search_term_string"}}],"inLanguage":"hu"},{"@type":"Organization","@id":"https:\/\/gblexpress.com\/#organization","name":"GBL Express","url":"https:\/\/gblexpress.com\/","logo":{"@type":"ImageObject","inLanguage":"hu","@id":"https:\/\/gblexpress.com\/#\/schema\/logo\/image\/","url":"https:\/\/gblexpress.com\/wp-content\/uploads\/2023\/01\/logo.png","contentUrl":"https:\/\/gblexpress.com\/wp-content\/uploads\/2023\/01\/logo.png","width":250,"height":52,"caption":"GBL Express"},"image":{"@id":"https:\/\/gblexpress.com\/#\/schema\/logo\/image\/"}}]}},"jetpack-related-posts":[],"jetpack_sharing_enabled":true,"_links":{"self":[{"href":"https:\/\/gblexpress.com\/hu\/wp-json\/wp\/v2\/product\/476","targetHints":{"allow":["GET"]}}],"collection":[{"href":"https:\/\/gblexpress.com\/hu\/wp-json\/wp\/v2\/product"}],"about":[{"href":"https:\/\/gblexpress.com\/hu\/wp-json\/wp\/v2\/types\/product"}],"replies":[{"embeddable":true,"href":"https:\/\/gblexpress.com\/hu\/wp-json\/wp\/v2\/comments?post=476"}],"wp:featuredmedia":[{"embeddable":true,"href":"https:\/\/gblexpress.com\/hu\/wp-json\/wp\/v2\/media\/1640"}],"wp:attachment":[{"href":"https:\/\/gblexpress.com\/hu\/wp-json\/wp\/v2\/media?parent=476"}],"wp:term":[{"taxonomy":"product_brand","embeddable":true,"href":"https:\/\/gblexpress.com\/hu\/wp-json\/wp\/v2\/product_brand?post=476"},{"taxonomy":"product_cat","embeddable":true,"href":"https:\/\/gblexpress.com\/hu\/wp-json\/wp\/v2\/product_cat?post=476"},{"taxonomy":"product_tag","embeddable":true,"href":"https:\/\/gblexpress.com\/hu\/wp-json\/wp\/v2\/product_tag?post=476"}],"curies":[{"name":"wp","href":"https:\/\/api.w.org\/{rel}","templated":true}]}}