{"id":557,"date":"2023-05-24T06:19:55","date_gmt":"2023-05-24T06:19:55","guid":{"rendered":"https:\/\/gblexpress.com\/?post_type=product&#038;p=557"},"modified":"2026-02-26T07:26:57","modified_gmt":"2026-02-26T07:26:57","slug":"ketamin-inresa-100-mg-ml-ketamin","status":"publish","type":"product","link":"https:\/\/gblexpress.com\/hu\/termek-2\/ketamin-inresa-100-mg-ml-ketamin\/","title":{"rendered":"Ketamin Inresa 100 mg\/ml Ketamin"},"content":{"rendered":"<h2><strong>Informationen zur Haltbarkeit: Ketamin Inresa 100 mg\/ml \u2013 Ketamin online kaufen<\/strong><\/h2>\n<p>Ketamin Inresa 2 ml online kaufen. Die von uns angebotenen Einheiten des Produkts Ketamin Inresa sind ausschlie\u00dflich neu und entsprechen der Apothekenqualit\u00e4t. Sollten Sie versehentlich eine Lieferung erhalten, die diesen Spezifikationen nicht entspricht, erhalten Sie eine R\u00fcckerstattung oder eine Ersatzlieferung. Nach Ablauf des Verfallsdatums ist das Medikament gem\u00e4\u00df den Anweisungen des Herstellers zu entsorgen (siehe Packungsbeilage).<\/p>\n<p><strong>Verf\u00fcgbarkeitsinformationen:<\/strong><\/p>\n<p>Das Produkt Ketamin Inresa ist sofort lieferbar.<\/p>\n<p>L\u00e4nderspezifische Verf\u00fcgbarkeitseinschr\u00e4nkungen:<\/p>\n<p>F\u00fcr das Produkt Ketamin Inresa bestehen derzeit keine l\u00e4nderspezifischen Lieferbeschr\u00e4nkungen.<\/p>\n<p><strong>Aufbewahrung:<\/strong><\/p>\n<p>Bitte bewahren Sie das Produkt <a href=\"https:\/\/gblexpress.com\/hu\/termek-2\/ketamin-inresa-100-mg-ml-ketamin\/\">Ketamin Bel\u00e9p\u00e9s<\/a> in der Originalverpackung und au\u00dferhalb der Reichweite von Kindern auf. Weitere Informationen zur korrekten Aufbewahrung und Entsorgung entnehmen Sie bitte der Packungsbeilage.<\/p>","protected":false},"excerpt":{"rendered":"<p>Informationen zur Haltbarkeit: Ketamin Inresa 100 mg\/ml \u2013 Ketamin online kaufen Ketamin Inresa 2 ml online kaufen. Die von uns angebotenen Einheiten des Produkts Ketamin Inresa sind ausschlie\u00dflich neu und entsprechen der Apothekenqualit\u00e4t. Sollten Sie versehentlich eine Lieferung erhalten, die diesen Spezifikationen nicht entspricht, erhalten Sie eine R\u00fcckerstattung oder eine Ersatzlieferung. Nach Ablauf des Verfallsdatums [&hellip;]<\/p>","protected":false},"featured_media":1636,"comment_status":"open","ping_status":"closed","template":"","meta":{"_joinchat":[]},"product_brand":[],"product_cat":[35],"product_tag":[46,40,41,42,43,45,44,47],"class_list":{"0":"post-557","1":"product","2":"type-product","3":"status-publish","4":"has-post-thumbnail","6":"product_cat-ritalin","7":"product_tag-kaufen-ketamin-inresa-2-ml-rezeptfrei","8":"product_tag-ketamin-inresa-2-ml","9":"product_tag-ketamin-inresa-2-ml-bestellen","10":"product_tag-ketamin-inresa-2-ml-kaufen","11":"product_tag-ketamin-inresa-2-ml-ohne-rezept","12":"product_tag-ketamin-inresa-2-ml-online","13":"product_tag-ketamin-inresa-2-ml-online-bestellen","14":"product_tag-ketamin-inresa-2-ml-shop","16":"first","17":"instock","18":"shipping-taxable","19":"purchasable","20":"product-type-variable","21":"has-default-attributes"},"yoast_head":"<!-- This site is optimized with the Yoast SEO plugin v25.4 - https:\/\/yoast.com\/wordpress\/plugins\/seo\/ -->\n<title>Ketamin Inresa 100 mg\/ml Ketamin online kaufen<\/title>\n<meta name=\"description\" content=\"Wo kaufen Sie Ketamin Inresa 100 mg\/ml online zum besten Preis? Finden Sie hochwertiges Ketamin Inresa 100 mg\/ml Ketamin in unserem sicheren Online-Shop \u2013 genau das Richtige f\u00fcr Ihre Forschungsbed\u00fcrfnisse. Jetzt bestellen!\" \/>\n<meta name=\"robots\" content=\"index, follow, max-snippet:-1, max-image-preview:large, max-video-preview:-1\" \/>\n<link rel=\"canonical\" href=\"https:\/\/gblexpress.com\/hu\/termek-2\/ketamin-inresa-100-mg-ml-ketamin\/\" \/>\n<meta property=\"og:locale\" content=\"hu_HU\" \/>\n<meta property=\"og:type\" content=\"article\" \/>\n<meta property=\"og:title\" content=\"Ketamin Inresa 100 mg\/ml Ketamin online kaufen\" \/>\n<meta property=\"og:description\" content=\"Wo kaufen Sie Ketamin Inresa 100 mg\/ml online zum besten Preis? Finden Sie hochwertiges Ketamin Inresa 100 mg\/ml Ketamin in unserem sicheren Online-Shop \u2013 genau das Richtige f\u00fcr Ihre Forschungsbed\u00fcrfnisse. Jetzt bestellen!\" \/>\n<meta property=\"og:url\" content=\"https:\/\/gblexpress.com\/hu\/termek-2\/ketamin-inresa-100-mg-ml-ketamin\/\" \/>\n<meta property=\"og:site_name\" content=\"GBL Express\" \/>\n<meta property=\"article:modified_time\" content=\"2026-02-26T07:26:57+00:00\" \/>\n<meta property=\"og:image\" content=\"https:\/\/gblexpress.com\/wp-content\/uploads\/2023\/05\/Ketamin-Inresa-2mg.jpg\" \/>\n\t<meta property=\"og:image:width\" content=\"600\" \/>\n\t<meta property=\"og:image:height\" content=\"600\" \/>\n\t<meta property=\"og:image:type\" content=\"image\/jpeg\" \/>\n<meta name=\"twitter:card\" content=\"summary_large_image\" \/>\n<meta name=\"twitter:label1\" content=\"Becs\u00fclt olvas\u00e1si id\u0151\" \/>\n\t<meta name=\"twitter:data1\" content=\"1 perc\" \/>\n<!-- \/ Yoast SEO plugin. -->","yoast_head_json":{"title":"Buy Ketamine Inresa. Ketamin 100 mg\/ml rendel\u00e9se","description":"Hol kaphat\u00f3 Ketamine Inresa 100 mg\/ml online a legjobb \u00e1ron? Tal\u00e1lja meg a kiv\u00e1l\u00f3 min\u0151s\u00e9g\u0171 Ketamine Inresa 100 mg\/ml Ketamint biztons\u00e1gos online boltunkban \u2013 pontosan megfelel az \u00d6n kutat\u00e1si ig\u00e9nyeinek. Rendeljen most!","robots":{"index":"index","follow":"follow","max-snippet":"max-snippet:-1","max-image-preview":"max-image-preview:large","max-video-preview":"max-video-preview:-1"},"canonical":"https:\/\/gblexpress.com\/hu\/termek-2\/ketamin-inresa-100-mg-ml-ketamin\/","og_locale":"hu_HU","og_type":"article","og_title":"Ketamin Inresa 100 mg\/ml Ketamin online kaufen","og_description":"Wo kaufen Sie Ketamin Inresa 100 mg\/ml online zum besten Preis? Finden Sie hochwertiges Ketamin Inresa 100 mg\/ml Ketamin in unserem sicheren Online-Shop \u2013 genau das Richtige f\u00fcr Ihre Forschungsbed\u00fcrfnisse. Jetzt bestellen!","og_url":"https:\/\/gblexpress.com\/hu\/termek-2\/ketamin-inresa-100-mg-ml-ketamin\/","og_site_name":"GBL Express","article_modified_time":"2026-02-26T07:26:57+00:00","og_image":[{"width":600,"height":600,"url":"https:\/\/gblexpress.com\/wp-content\/uploads\/2023\/05\/Ketamin-Inresa-2mg.jpg","type":"image\/jpeg"}],"twitter_card":"summary_large_image","twitter_misc":{"Becs\u00fclt olvas\u00e1si id\u0151":"1 perc"},"schema":{"@context":"https:\/\/schema.org","@graph":[{"@type":"WebPage","@id":"https:\/\/gblexpress.com\/product\/ketamin-inresa-100-mg-ml-ketamin\/","url":"https:\/\/gblexpress.com\/product\/ketamin-inresa-100-mg-ml-ketamin\/","name":"Buy Ketamine Inresa. Ketamin 100 mg\/ml rendel\u00e9se","isPartOf":{"@id":"https:\/\/gblexpress.com\/#website"},"primaryImageOfPage":{"@id":"https:\/\/gblexpress.com\/product\/ketamin-inresa-100-mg-ml-ketamin\/#primaryimage"},"image":{"@id":"https:\/\/gblexpress.com\/product\/ketamin-inresa-100-mg-ml-ketamin\/#primaryimage"},"thumbnailUrl":"https:\/\/gblexpress.com\/wp-content\/uploads\/2023\/05\/Ketamin-Inresa-2mg.jpg","datePublished":"2023-05-24T06:19:55+00:00","dateModified":"2026-02-26T07:26:57+00:00","description":"Hol kaphat\u00f3 Ketamine Inresa 100 mg\/ml online a legjobb \u00e1ron? Tal\u00e1lja meg a kiv\u00e1l\u00f3 min\u0151s\u00e9g\u0171 Ketamine Inresa 100 mg\/ml Ketamint biztons\u00e1gos online boltunkban \u2013 pontosan megfelel az \u00d6n kutat\u00e1si ig\u00e9nyeinek. Rendeljen most!","breadcrumb":{"@id":"https:\/\/gblexpress.com\/product\/ketamin-inresa-100-mg-ml-ketamin\/#breadcrumb"},"inLanguage":"hu","potentialAction":[{"@type":"ReadAction","target":["https:\/\/gblexpress.com\/product\/ketamin-inresa-100-mg-ml-ketamin\/"]}]},{"@type":"ImageObject","inLanguage":"hu","@id":"https:\/\/gblexpress.com\/product\/ketamin-inresa-100-mg-ml-ketamin\/#primaryimage","url":"https:\/\/gblexpress.com\/wp-content\/uploads\/2023\/05\/Ketamin-Inresa-2mg.jpg","contentUrl":"https:\/\/gblexpress.com\/wp-content\/uploads\/2023\/05\/Ketamin-Inresa-2mg.jpg","width":600,"height":600,"caption":"Ketamin-Inresa-2mg online kaufen"},{"@type":"BreadcrumbList","@id":"https:\/\/gblexpress.com\/product\/ketamin-inresa-100-mg-ml-ketamin\/#breadcrumb","itemListElement":[{"@type":"ListItem","position":1,"name":"Home","item":"https:\/\/gblexpress.com\/"},{"@type":"ListItem","position":2,"name":"Shop","item":"https:\/\/gblexpress.com\/shop\/"},{"@type":"ListItem","position":3,"name":"Ketamin Inresa 100 mg\/ml Ketamin"}]},{"@type":"WebSite","@id":"https:\/\/gblexpress.com\/#website","url":"https:\/\/gblexpress.com\/","name":"GBL Express","description":"","publisher":{"@id":"https:\/\/gblexpress.com\/#organization"},"potentialAction":[{"@type":"SearchAction","target":{"@type":"EntryPoint","urlTemplate":"https:\/\/gblexpress.com\/?s={search_term_string}"},"query-input":{"@type":"PropertyValueSpecification","valueRequired":true,"valueName":"search_term_string"}}],"inLanguage":"hu"},{"@type":"Organization","@id":"https:\/\/gblexpress.com\/#organization","name":"GBL Express","url":"https:\/\/gblexpress.com\/","logo":{"@type":"ImageObject","inLanguage":"hu","@id":"https:\/\/gblexpress.com\/#\/schema\/logo\/image\/","url":"https:\/\/gblexpress.com\/wp-content\/uploads\/2023\/01\/logo.png","contentUrl":"https:\/\/gblexpress.com\/wp-content\/uploads\/2023\/01\/logo.png","width":250,"height":52,"caption":"GBL Express"},"image":{"@id":"https:\/\/gblexpress.com\/#\/schema\/logo\/image\/"}}]}},"jetpack-related-posts":[],"jetpack_sharing_enabled":true,"_links":{"self":[{"href":"https:\/\/gblexpress.com\/hu\/wp-json\/wp\/v2\/product\/557","targetHints":{"allow":["GET"]}}],"collection":[{"href":"https:\/\/gblexpress.com\/hu\/wp-json\/wp\/v2\/product"}],"about":[{"href":"https:\/\/gblexpress.com\/hu\/wp-json\/wp\/v2\/types\/product"}],"replies":[{"embeddable":true,"href":"https:\/\/gblexpress.com\/hu\/wp-json\/wp\/v2\/comments?post=557"}],"wp:featuredmedia":[{"embeddable":true,"href":"https:\/\/gblexpress.com\/hu\/wp-json\/wp\/v2\/media\/1636"}],"wp:attachment":[{"href":"https:\/\/gblexpress.com\/hu\/wp-json\/wp\/v2\/media?parent=557"}],"wp:term":[{"taxonomy":"product_brand","embeddable":true,"href":"https:\/\/gblexpress.com\/hu\/wp-json\/wp\/v2\/product_brand?post=557"},{"taxonomy":"product_cat","embeddable":true,"href":"https:\/\/gblexpress.com\/hu\/wp-json\/wp\/v2\/product_cat?post=557"},{"taxonomy":"product_tag","embeddable":true,"href":"https:\/\/gblexpress.com\/hu\/wp-json\/wp\/v2\/product_tag?post=557"}],"curies":[{"name":"wp","href":"https:\/\/api.w.org\/{rel}","templated":true}]}}