{"id":559,"date":"2023-05-24T06:32:08","date_gmt":"2023-05-24T06:32:08","guid":{"rendered":"https:\/\/gblexpress.com\/?post_type=product&#038;p=559"},"modified":"2026-02-28T09:33:34","modified_gmt":"2026-02-28T09:33:34","slug":"tilidin-ratiopharm-plus-50-4-mg-tilidin-naloxon","status":"publish","type":"product","link":"https:\/\/gblexpress.com\/hu\/termek-2\/tilidin-ratiopharm-plus-50-4-mg-tilidin-naloxon\/","title":{"rendered":"Tilidin-ratiopharm plusz 50\/4 mg tilidin\/naloxon"},"content":{"rendered":"<div class=\"woocommerce-tabs wc-tabs-wrapper\">\n<div id=\"tab-description\" class=\"woocommerce-Tabs-panel woocommerce-Tabs-panel--description panel entry-content wc-tab\" role=\"tabpanel\" aria-labelledby=\"tab-title-description\">\n<h2><strong>V\u00e1s\u00e1roljon Tilidin-ratiopharm plus 50\/4 mg: Minden a hat\u00e1sr\u00f3l, alkalmaz\u00e1sr\u00f3l \u00e9s biztons\u00e1gos online v\u00e1s\u00e1rl\u00e1sr\u00f3l<\/strong><\/h2>\n<p><a href=\"https:\/\/en.wikipedia.org\/wiki\/Tilidine\">Tilidine cseppek online v\u00e1s\u00e1rl\u00e1sa<\/a>, Die von uns zur Verf\u00fcgung gestellten Einheiten des Produkts mit der Bezeichnung Tilidin Tropfen sind ausnahmslos neuwertige Artikel in Apothekenqualit\u00e4t. Sollten Sie aus Versehen eine Lieferung erhalten, die dieser Spezifikation nicht entspricht, erhalten Sie Ihr Geld zur\u00fcck oder eine neue Lieferung. Nach Ablauf der Haltbarkeit ist das Medikament lt. Herstellerangaben zu entsorgen (siehe Packungsbeilage Tilidin Tropfen online kaufen)<a href=\"https:\/\/gblexprimer.com\/product\/kokaina\/\">.<\/a><\/p>\n<h3><strong>Milyen t\u00edpus\u00fa gy\u00f3gyszer a Tilidin-ratiopharm plus 50\/4 mg?<\/strong><\/h3>\n<p>A tilidin az opioidcsoportba tartoz\u00f3 er\u0151s f\u00e1jdalomcsillap\u00edt\u00f3, amelyet kr\u00f3nikus vagy akut f\u00e1jdalom eset\u00e9n alkalmaznak. Naloxonnal kombin\u00e1lva, amely blokkolja a tilidin hat\u00e1s\u00e1t, ha vissza\u00e9l\u00e9sszer\u0171en haszn\u00e1lj\u00e1k (pl. beadj\u00e1k), a k\u00f6vetkez\u0151 szolg\u00e1ltat\u00e1sokat ny\u00fajtja <a href=\"https:\/\/gblexpress.com\/hu\/termek-2\/tilidin-ratiopharm-plus-50-4-mg-tilidin-naloxon\/\"><strong>Tilidin-ratiopharm plus 50\/4 mg<\/strong><\/a> biztons\u00e1gos \u00e9s hat\u00e9kony megold\u00e1s a f\u00e1jdalomcsillap\u00edt\u00e1sra<a href=\"https:\/\/gblexpress.com\/hu\/shop\/amfetamina\/\">.<\/a><\/p>\n<h3><strong>A Tilidin-ratiopharm plus 50\/4 mg hat\u00e1sa<\/strong><\/h3>\n<p>A <strong>A Tilidin-ratiopharm plus hat\u00e1sa<\/strong> gyorsan be\u00e1ll, \u00e9s t\u00f6bb \u00f3r\u00e1n \u00e1t tart. Hat\u00e9konyan enyh\u00edti a f\u00e1jdalmat an\u00e9lk\u00fcl, hogy a mindennapi \u00e9letet akad\u00e1lyozn\u00e1. A kombin\u00e1ci\u00f3 el\u0151nyei:<\/p>\n<ul>\n<li><strong>F\u00e1jdalomcsillap\u00edt\u00e1s:<\/strong> A s\u00falyos f\u00e1jdalom cs\u00f6kkent\u00e9se.<\/li>\n<li><strong>V\u00e9delem a vissza\u00e9l\u00e9sek ellen:<\/strong> A naloxon minimaliz\u00e1lja a f\u00fcgg\u0151s\u00e9g kock\u00e1zat\u00e1t.<\/li>\n<li><strong>Jav\u00edtott \u00e9letmin\u0151s\u00e9g:<\/strong> Ide\u00e1lis kr\u00f3nikus f\u00e1jdalommal k\u00fczd\u0151 betegek sz\u00e1m\u00e1ra.<\/li>\n<\/ul>\n<h3><strong>Adagol\u00e1s \u00e9s alkalmaz\u00e1s<\/strong><\/h3>\n<p>A jobb oldali <strong>A Tilidin-ratiopharm plus 50\/4 mg adagol\u00e1sa<\/strong> a f\u00e1jdalom s\u00falyoss\u00e1g\u00e1t\u00f3l \u00e9s a beteg egy\u00e9ni ig\u00e9nyeit\u0151l f\u00fcgg. A tipikus ir\u00e1nyelvek a k\u00f6vetkez\u0151k<\/p>\n<ul>\n<li><strong>Feln\u0151ttek:<\/strong> Naponta 2-4 alkalommal 1 tabletta.<\/li>\n<li><strong>Maxim\u00e1lis adag:<\/strong> Ne vegyen be naponta 8 tablett\u00e1n\u00e1l t\u00f6bbet.<\/li>\n<\/ul>\n<p><strong>Megjegyz\u00e9s:<\/strong> A gy\u00f3gyszert eg\u00e9szben, b\u0151 folyad\u00e9kkal vegye be, \u00e9s k\u00f6vesse az orvos utas\u00edt\u00e1sait.<\/p>\n<h3><strong>Kock\u00e1zatok \u00e9s mell\u00e9khat\u00e1sok<\/strong><\/h3>\n<p>Mint minden gy\u00f3gyszer, a tilidin is okozhat mell\u00e9khat\u00e1sokat. Gyakori mell\u00e9khat\u00e1sok a k\u00f6vetkez\u0151k<\/p>\n<ul>\n<li><strong>H\u00e1nyinger \u00e9s h\u00e1ny\u00e1s<\/strong><\/li>\n<li><strong>F\u00e1radts\u00e1g vagy sz\u00e9d\u00fcl\u00e9s<\/strong><\/li>\n<li><strong>Sz\u00e9kreked\u00e9s<\/strong><\/li>\n<\/ul>\n<p>Hossz\u00fa t\u00e1v\u00fa haszn\u00e1lat eset\u00e9n a f\u00fcgg\u0151s\u00e9g elker\u00fcl\u00e9se \u00e9rdek\u00e9ben a szed\u00e9st rendszeresen orvosnak kell ellen\u0151riznie.<\/p>\n<h3><strong>V\u00e1s\u00e1roljon Tilidin-ratiopharm plus 50\/4 mg biztons\u00e1gosan online<\/strong><\/h3>\n<p>A <strong>Tilidine online v\u00e1s\u00e1rl\u00e1s<\/strong> figyelnie kell a min\u0151s\u00e9gre \u00e9s a diszkr\u00e9ci\u00f3ra. Platformunk k\u00edn\u00e1l:<\/p>\n<ul>\n<li><strong>Tesztelt min\u0151s\u00e9g:<\/strong> Eredeti term\u00e9kek k\u00f6zvetlen\u00fcl a gy\u00e1rt\u00f3t\u00f3l.<\/li>\n<li><strong>Diszkr\u00e9t sz\u00e1ll\u00edt\u00e1s:<\/strong> N\u00e9vtelen\u00fcl \u00e9s biztons\u00e1gosan csomagolva.<\/li>\n<li><strong>Egyszer\u0171 rendel\u00e9s:<\/strong> V\u00e1s\u00e1roljon Tilidin-ratiopharm plus 50\/4 mg-ot k\u00e9nyelmesen online.<\/li>\n<\/ul>\n<h3><strong>V\u00e1s\u00e1roljon Tilidin-ratiopharm plus 50\/4 mg term\u00e9ket most<\/strong><\/h3>\n<p>Enyh\u00edtse f\u00e1jdalm\u00e1t hat\u00e9konyan a <strong>Tilidin-<\/strong><strong>ratiopharm <\/strong><strong>plus 50\/4 mg<\/strong>. Ak\u00e1r kr\u00f3nikus panaszokra, ak\u00e1r akut f\u00e1jdalomra - n\u00e1lunk biztons\u00e1gosan \u00e9s diszkr\u00e9ten rendelheti meg a gy\u00f3gyszert online. Profit\u00e1ljon a bevizsg\u00e1lt min\u0151s\u00e9gb\u0151l \u00e9s a megb\u00edzhat\u00f3 sz\u00e1ll\u00edt\u00e1sb\u00f3l. <strong>Rendeljen m\u00e9g ma, \u00e9s tapasztalja meg a jobb \u00e9letmin\u0151s\u00e9get.<\/strong><\/p>\n<\/div>\n<\/div>","protected":false},"excerpt":{"rendered":"<p><strong>Tilidin-ratiopharm Plus 50\/4 mg<\/strong> egy modern f\u00e1jdalomcsillap\u00edt\u00f3, amelyet kifejezetten a s\u00falyos vagy nagyon s\u00falyos f\u00e1jdalom kezel\u00e9s\u00e9re fejlesztettek ki. A kombin\u00e1lt <strong>Tilidine<\/strong> \u00e9s <strong>Naloxon<\/strong> hat\u00e9kony f\u00e1jdalomcsillap\u00edt\u00e1st ny\u00fajt, egyidej\u0171leg v\u00e9delmet ny\u00fajt a vissza\u00e9l\u00e9sekkel szemben.<\/p>\n<p><strong>Hogyan fejti ki hat\u00e1s\u00e1t a Tilidin-ratiopharm Plus?<\/strong><br \/>\nA Tilidine-ratiopharm Plus k\u00e9t hat\u00f3anyagot kombin\u00e1l, amelyek egy\u00fcttesen biztos\u00edtj\u00e1k a biztons\u00e1gos \u00e9s hat\u00e9kony f\u00e1jdalomcsillap\u00edt\u00e1st:<\/p>\n<ul>\n<li><strong>Tilidine:<\/strong> Opioid analgetikumk\u00e9nt a tilidin a k\u00f6zponti idegrendszer opioid receptoraihoz k\u00f6t\u0151dik, blokkolja a f\u00e1jdalom\u00e9rzetet \u00e9s hat\u00e9konyan enyh\u00edti a f\u00e1jdalmat.<\/li>\n<li><strong>Naloxon:<\/strong> Opioid-antagonista, amely rendszeres szed\u00e9s eset\u00e9n inakt\u00edv marad. Vissza\u00e9l\u00e9sszer\u0171 haszn\u00e1lat eset\u00e9n (pl. injekci\u00f3 form\u00e1j\u00e1ban) a naloxon blokkolja a tilidin hat\u00e1s\u00e1t, \u00e9s \u00edgy megakad\u00e1lyozza az euforikus hat\u00e1sokat.<\/li>\n<\/ul>\n<p>Az elny\u00fajtott hat\u00f3anyag-lead\u00e1s\u00fa tablett\u00e1k biztos\u00edtj\u00e1k a hat\u00f3anyag egyenletes felszabadul\u00e1s\u00e1t, \u00e9s t\u00f6bb \u00f3r\u00e1n \u00e1t tart\u00f3, hosszan tart\u00f3 f\u00e1jdalomcsillap\u00edt\u00e1st biztos\u00edtanak.<\/p>\n<ul>\n<li><strong>A hat\u00e1s kezdete:<\/strong> 30-60 perccel a lenyel\u00e9s ut\u00e1n.<\/li>\n<li><strong>A hat\u00e1s id\u0151tartama:<\/strong> 8-12 \u00f3r\u00e1n kereszt\u00fcl tart\u00f3s felszabadul\u00e1ssal.<\/li>\n<\/ul>\n<p><strong>A term\u00e9k k\u00e9plete \u00e9s tulajdons\u00e1gai<\/strong><\/p>\n<ul>\n<li><strong>Tilidin-hidroklorid:<\/strong> 50 mg tablett\u00e1nk\u00e9nt - a f\u00e1jdalomcsillap\u00edt\u00f3 hat\u00f3anyag.<\/li>\n<li><strong>Naloxon-hidroklorid:<\/strong> 4 mg tablett\u00e1nk\u00e9nt - v\u00e9delem a vissza\u00e9l\u00e9sekkel szemben.<\/li>\n<li><strong>Seg\u00e9danyagok:<\/strong> Lakt\u00f3z-monohidr\u00e1tot \u00e9s cellul\u00f3zt tartalmaz a retard\u00e1ci\u00f3 biztos\u00edt\u00e1sa \u00e9rdek\u00e9ben.<\/li>\n<\/ul>","protected":false},"featured_media":1635,"comment_status":"open","ping_status":"closed","template":"","meta":{"_joinchat":[]},"product_brand":[],"product_cat":[36],"product_tag":[53,54,728,717,716,733,721,722,713,730,708,723,732,731,725,715,712,724,720,714,48,49,50,51,52,55,718,707,709,727,726,719,706,711,710,734,729],"class_list":{"0":"post-559","1":"product","2":"type-product","3":"status-publish","4":"has-post-thumbnail","6":"product_cat-ko-drops","7":"product_tag-bestellen-tilidin-tropfen-online","8":"product_tag-kaufen-tilidin-tropfen-rezeptfre","9":"product_tag-tilidin-50-mg-kaufen","10":"product_tag-tilidin-anwendung","11":"product_tag-tilidin-dosierung","12":"product_tag-tilidin-fuer-forschung","13":"product_tag-tilidin-fuer-mittelstarke-schmerzen","14":"product_tag-tilidin-fuer-starke-schmerzen","15":"product_tag-tilidin-gegen-schmerzen","16":"product_tag-tilidin-in-deutschland-kaufen","17":"product_tag-tilidin-kaufen","18":"product_tag-tilidin-lagerung","19":"product_tag-tilidin-legal-kaufen","20":"product_tag-tilidin-mit-naloxon","21":"product_tag-tilidin-nebenwirkungen","22":"product_tag-tilidin-retardtabletten","23":"product_tag-tilidin-rezeptpflichtig","24":"product_tag-tilidin-risiken","25":"product_tag-tilidin-sicher-kaufen","26":"product_tag-tilidin-tabletten-50-4-mg","27":"product_tag-tilidin-tropfen","28":"product_tag-tilidin-tropfen-bestellen","29":"product_tag-tilidin-tropfen-kaufen","30":"product_tag-tilidin-tropfen-ohne-rezept","31":"product_tag-tilidin-tropfen-online","32":"product_tag-tilidin-tropfen-shop","33":"product_tag-tilidin-wirkung","34":"product_tag-tilidin-naloxon","35":"product_tag-tilidin-ratiopharm-bestellen","36":"product_tag-tilidin-ratiopharm-fuer-apotheken","37":"product_tag-tilidin-ratiopharm-grosshandel","38":"product_tag-tilidin-ratiopharm-packung","39":"product_tag-tilidin-ratiopharm-plus-50-4-mg","40":"product_tag-tilidin-ratiopharm-plus-online-kaufen","41":"product_tag-tilidin-ratiopharm-preis","42":"product_tag-tilidin-ratiopharm-weltweit-bestellen","43":"product_tag-wo-tilidin-kaufen","45":"first","46":"instock","47":"shipping-taxable","48":"purchasable","49":"product-type-variable","50":"has-default-attributes"},"yoast_head":"<!-- This site is optimized with the Yoast SEO plugin v25.4 - https:\/\/yoast.com\/wordpress\/plugins\/seo\/ -->\n<title>Tilidin-ratiopharm plus 50\/4 mg Tilidin\/Naloxon online kaufen<\/title>\n<meta name=\"description\" content=\"Wo kaufen Sie Tilidin-ratiopharm plus 50\/4 mg Tilidin\/Naloxon online zum besten Preis? Finden Sie hochwertiges Tilidin-ratiopharm plus 50\/4 mg Tilidin\/Naloxon in unserem sicheren Online-Shop \u2013 genau das Richtige f\u00fcr Ihre Forschungsbed\u00fcrfnisse. Jetzt bestellen!\" \/>\n<meta name=\"robots\" content=\"index, follow, max-snippet:-1, max-image-preview:large, max-video-preview:-1\" \/>\n<link rel=\"canonical\" href=\"https:\/\/gblexpress.com\/hu\/termek-2\/tilidin-ratiopharm-plus-50-4-mg-tilidin-naloxon\/\" \/>\n<meta property=\"og:locale\" content=\"hu_HU\" \/>\n<meta property=\"og:type\" content=\"article\" \/>\n<meta property=\"og:title\" content=\"Tilidin-ratiopharm plus 50\/4 mg Tilidin\/Naloxon online kaufen\" \/>\n<meta property=\"og:description\" content=\"Wo kaufen Sie Tilidin-ratiopharm plus 50\/4 mg Tilidin\/Naloxon online zum besten Preis? Finden Sie hochwertiges Tilidin-ratiopharm plus 50\/4 mg Tilidin\/Naloxon in unserem sicheren Online-Shop \u2013 genau das Richtige f\u00fcr Ihre Forschungsbed\u00fcrfnisse. Jetzt bestellen!\" \/>\n<meta property=\"og:url\" content=\"https:\/\/gblexpress.com\/hu\/termek-2\/tilidin-ratiopharm-plus-50-4-mg-tilidin-naloxon\/\" \/>\n<meta property=\"og:site_name\" content=\"GBL Express\" \/>\n<meta property=\"article:modified_time\" content=\"2026-02-28T09:33:34+00:00\" \/>\n<meta property=\"og:image\" content=\"https:\/\/gblexpress.com\/wp-content\/uploads\/2023\/05\/Tramadol-Ratiopharm-1.jpg\" \/>\n\t<meta property=\"og:image:width\" content=\"600\" \/>\n\t<meta property=\"og:image:height\" content=\"600\" \/>\n\t<meta property=\"og:image:type\" content=\"image\/jpeg\" \/>\n<meta name=\"twitter:card\" content=\"summary_large_image\" \/>\n<meta name=\"twitter:label1\" content=\"Becs\u00fclt olvas\u00e1si id\u0151\" \/>\n\t<meta name=\"twitter:data1\" content=\"2 perc\" \/>\n<!-- \/ Yoast SEO plugin. -->","yoast_head_json":{"title":"V\u00e1s\u00e1roljon Tilidin-ratiopharm plus 50\/4 mg Tilidine\/Naloxone online","description":"Hol v\u00e1s\u00e1rolhat Tilidin-ratiopharm plus 50\/4 mg Tilidine\/Naloxone term\u00e9ket online a legjobb \u00e1ron? Tal\u00e1lja meg a kiv\u00e1l\u00f3 min\u0151s\u00e9g\u0171 Tilidin-ratiopharm plus 50\/4 mg Tilidine\/Naloxone k\u00e9sz\u00edtm\u00e9nyt biztons\u00e1gos online boltunkban \u2013 \u00e9ppen megfelel\u0151 kutat\u00e1si ig\u00e9nyeihez. Rendeljen most!","robots":{"index":"index","follow":"follow","max-snippet":"max-snippet:-1","max-image-preview":"max-image-preview:large","max-video-preview":"max-video-preview:-1"},"canonical":"https:\/\/gblexpress.com\/hu\/termek-2\/tilidin-ratiopharm-plus-50-4-mg-tilidin-naloxon\/","og_locale":"hu_HU","og_type":"article","og_title":"Tilidin-ratiopharm plus 50\/4 mg Tilidin\/Naloxon online kaufen","og_description":"Wo kaufen Sie Tilidin-ratiopharm plus 50\/4 mg Tilidin\/Naloxon online zum besten Preis? Finden Sie hochwertiges Tilidin-ratiopharm plus 50\/4 mg Tilidin\/Naloxon in unserem sicheren Online-Shop \u2013 genau das Richtige f\u00fcr Ihre Forschungsbed\u00fcrfnisse. Jetzt bestellen!","og_url":"https:\/\/gblexpress.com\/hu\/termek-2\/tilidin-ratiopharm-plus-50-4-mg-tilidin-naloxon\/","og_site_name":"GBL Express","article_modified_time":"2026-02-28T09:33:34+00:00","og_image":[{"width":600,"height":600,"url":"https:\/\/gblexpress.com\/wp-content\/uploads\/2023\/05\/Tramadol-Ratiopharm-1.jpg","type":"image\/jpeg"}],"twitter_card":"summary_large_image","twitter_misc":{"Becs\u00fclt olvas\u00e1si id\u0151":"2 perc"},"schema":{"@context":"https:\/\/schema.org","@graph":[{"@type":"WebPage","@id":"https:\/\/gblexpress.com\/product\/tilidin-ratiopharm-plus-50-4-mg-tilidin-naloxon\/","url":"https:\/\/gblexpress.com\/product\/tilidin-ratiopharm-plus-50-4-mg-tilidin-naloxon\/","name":"V\u00e1s\u00e1roljon Tilidin-ratiopharm plus 50\/4 mg Tilidine\/Naloxone online","isPartOf":{"@id":"https:\/\/gblexpress.com\/#website"},"primaryImageOfPage":{"@id":"https:\/\/gblexpress.com\/product\/tilidin-ratiopharm-plus-50-4-mg-tilidin-naloxon\/#primaryimage"},"image":{"@id":"https:\/\/gblexpress.com\/product\/tilidin-ratiopharm-plus-50-4-mg-tilidin-naloxon\/#primaryimage"},"thumbnailUrl":"https:\/\/gblexpress.com\/wp-content\/uploads\/2023\/05\/Tramadol-Ratiopharm-1.jpg","datePublished":"2023-05-24T06:32:08+00:00","dateModified":"2026-02-28T09:33:34+00:00","description":"Hol v\u00e1s\u00e1rolhat Tilidin-ratiopharm plus 50\/4 mg Tilidine\/Naloxone term\u00e9ket online a legjobb \u00e1ron? Tal\u00e1lja meg a kiv\u00e1l\u00f3 min\u0151s\u00e9g\u0171 Tilidin-ratiopharm plus 50\/4 mg Tilidine\/Naloxone k\u00e9sz\u00edtm\u00e9nyt biztons\u00e1gos online boltunkban \u2013 \u00e9ppen megfelel\u0151 kutat\u00e1si ig\u00e9nyeihez. Rendeljen most!","breadcrumb":{"@id":"https:\/\/gblexpress.com\/product\/tilidin-ratiopharm-plus-50-4-mg-tilidin-naloxon\/#breadcrumb"},"inLanguage":"hu","potentialAction":[{"@type":"ReadAction","target":["https:\/\/gblexpress.com\/product\/tilidin-ratiopharm-plus-50-4-mg-tilidin-naloxon\/"]}]},{"@type":"ImageObject","inLanguage":"hu","@id":"https:\/\/gblexpress.com\/product\/tilidin-ratiopharm-plus-50-4-mg-tilidin-naloxon\/#primaryimage","url":"https:\/\/gblexpress.com\/wp-content\/uploads\/2023\/05\/Tramadol-Ratiopharm-1.jpg","contentUrl":"https:\/\/gblexpress.com\/wp-content\/uploads\/2023\/05\/Tramadol-Ratiopharm-1.jpg","width":600,"height":600,"caption":"Tramadol-Ratiopharm online kaufen"},{"@type":"BreadcrumbList","@id":"https:\/\/gblexpress.com\/product\/tilidin-ratiopharm-plus-50-4-mg-tilidin-naloxon\/#breadcrumb","itemListElement":[{"@type":"ListItem","position":1,"name":"Home","item":"https:\/\/gblexpress.com\/"},{"@type":"ListItem","position":2,"name":"Shop","item":"https:\/\/gblexpress.com\/shop\/"},{"@type":"ListItem","position":3,"name":"Tilidin-ratiopharm plus 50\/4 mg Tilidin\/Naloxon"}]},{"@type":"WebSite","@id":"https:\/\/gblexpress.com\/#website","url":"https:\/\/gblexpress.com\/","name":"GBL Express","description":"","publisher":{"@id":"https:\/\/gblexpress.com\/#organization"},"potentialAction":[{"@type":"SearchAction","target":{"@type":"EntryPoint","urlTemplate":"https:\/\/gblexpress.com\/?s={search_term_string}"},"query-input":{"@type":"PropertyValueSpecification","valueRequired":true,"valueName":"search_term_string"}}],"inLanguage":"hu"},{"@type":"Organization","@id":"https:\/\/gblexpress.com\/#organization","name":"GBL Express","url":"https:\/\/gblexpress.com\/","logo":{"@type":"ImageObject","inLanguage":"hu","@id":"https:\/\/gblexpress.com\/#\/schema\/logo\/image\/","url":"https:\/\/gblexpress.com\/wp-content\/uploads\/2023\/01\/logo.png","contentUrl":"https:\/\/gblexpress.com\/wp-content\/uploads\/2023\/01\/logo.png","width":250,"height":52,"caption":"GBL Express"},"image":{"@id":"https:\/\/gblexpress.com\/#\/schema\/logo\/image\/"}}]}},"jetpack-related-posts":[],"jetpack_sharing_enabled":true,"_links":{"self":[{"href":"https:\/\/gblexpress.com\/hu\/wp-json\/wp\/v2\/product\/559","targetHints":{"allow":["GET"]}}],"collection":[{"href":"https:\/\/gblexpress.com\/hu\/wp-json\/wp\/v2\/product"}],"about":[{"href":"https:\/\/gblexpress.com\/hu\/wp-json\/wp\/v2\/types\/product"}],"replies":[{"embeddable":true,"href":"https:\/\/gblexpress.com\/hu\/wp-json\/wp\/v2\/comments?post=559"}],"wp:featuredmedia":[{"embeddable":true,"href":"https:\/\/gblexpress.com\/hu\/wp-json\/wp\/v2\/media\/1635"}],"wp:attachment":[{"href":"https:\/\/gblexpress.com\/hu\/wp-json\/wp\/v2\/media?parent=559"}],"wp:term":[{"taxonomy":"product_brand","embeddable":true,"href":"https:\/\/gblexpress.com\/hu\/wp-json\/wp\/v2\/product_brand?post=559"},{"taxonomy":"product_cat","embeddable":true,"href":"https:\/\/gblexpress.com\/hu\/wp-json\/wp\/v2\/product_cat?post=559"},{"taxonomy":"product_tag","embeddable":true,"href":"https:\/\/gblexpress.com\/hu\/wp-json\/wp\/v2\/product_tag?post=559"}],"curies":[{"name":"wp","href":"https:\/\/api.w.org\/{rel}","templated":true}]}}