{"id":561,"date":"2023-05-24T06:40:33","date_gmt":"2023-05-24T06:40:33","guid":{"rendered":"https:\/\/gblexpress.com\/?post_type=product&#038;p=561"},"modified":"2025-05-06T06:17:48","modified_gmt":"2025-05-06T06:17:48","slug":"tramadol-ratiopharm-100-mg-ml-tramadol","status":"publish","type":"product","link":"https:\/\/gblexpress.com\/hu\/termek-2\/tramadol-ratiopharm-100-mg-ml-tramadol\/","title":{"rendered":"Tramadol Ratiopharm 100 mg\/ml Tramadol"},"content":{"rendered":"<h2><strong>Szavatoss\u00e1gi id\u0151re vonatkoz\u00f3 inform\u00e1ci\u00f3k:<\/strong><\/h2>\n<p>A megnevezett term\u00e9k egys\u00e9gei <a href=\"https:\/\/en.wikipedia.org\/wiki\/Tramadol\">Tramadol cseppek Ratiopharm<\/a> kiv\u00e9tel n\u00e9lk\u00fcl gy\u00f3gyszert\u00e1ri min\u0151s\u00e9g\u0171, \u00fajszer\u0171 \u00e1llapotban l\u00e9v\u0151 term\u00e9kek. Ha v\u00e9letlen\u00fcl olyan sz\u00e1ll\u00edtm\u00e1nyt kap, amely nem felel meg ennek a specifik\u00e1ci\u00f3nak, visszakapja a p\u00e9nz\u00e9t vagy \u00faj sz\u00e1ll\u00edtm\u00e1nyt kap. A szavatoss\u00e1gi id\u0151 lej\u00e1rta ut\u00e1n a gy\u00f3gyszert a gy\u00e1rt\u00f3 utas\u00edt\u00e1sainak megfelel\u0151en kell megsemmis\u00edteni (l\u00e1sd a betegt\u00e1j\u00e9koztat\u00f3t).<\/p>\n<h3><strong>El\u00e9rhet\u0151s\u00e9gi r\u00e9szletek:<\/strong><\/h3>\n<p>A term\u00e9k a n\u00e9vvel <a href=\"https:\/\/gblexpress.com\/hu\/termek-2\/tramadol-ratiopharm-100-mg-ml-tramadol\/\">Tramadol cseppek Ratiopharm<\/a> azonnal sz\u00e1ll\u00edthat\u00f3.<\/p>\n<h3><strong>Orsz\u00e1gspecifikus korl\u00e1toz\u00e1sok a k\u00e9zbes\u00edthet\u0151s\u00e9gre vonatkoz\u00f3an:<\/strong><\/h3>\n<p>megnevez\u00e9s\u0171 term\u00e9khez <a href=\"https:\/\/gblexpress.com\/hu\/\">Tramadol cseppek Ratiopharm<\/a> Jelenleg nincsenek orsz\u00e1gspecifikus ell\u00e1t\u00e1si korl\u00e1toz\u00e1sok a GHB megnevez\u00e9s\u0171 term\u00e9kre vonatkoz\u00f3an.<\/p>\n<h3><strong>T\u00e1rol\u00e1s:<\/strong><\/h3>\n<p>K\u00e9rj\u00fck, \u0151rizze meg a term\u00e9k c\u00edmk\u00e9j\u00e9t <a href=\"https:\/\/www.google.de\/search?q=Tramadol+Ratiopharm+100+mg%2Fml+Tramadol+online+kaufen&amp;sca_esv=7d1b82273738a5db&amp;hl=en&amp;ei=F6jiZ_3RM7_z0PEP-9uluAw&amp;ved=0ahUKEwi9uZeLpKWMAxW_OTQIHfttCccQ4dUDCBA&amp;uact=5&amp;oq=Tramadol+Ratiopharm+100+mg%2Fml+Tramadol+online+kaufen&amp;gs_lp=Egxnd3Mtd2l6LXNlcnAiNFRyYW1hZG9sIFJhdGlvcGhhcm0gMTAwIG1nL21sIFRyYW1hZG9sIG9ubGluZSBrYXVmZW4yCBAhGKABGMMESKgdUABY9RdwAXgAkAEAmAHmAqABwgWqAQMzLTK4AQPIAQD4AQH4AQKYAgKgAtMFwgIGEAAYBxgemAMAiAYBkgcDMy0yoAfTB7IHAzMtMrgH0wU&amp;sclient=gws-wiz-serp\">Tramadol cseppek Ratiopharm<\/a> T\u00e1rolja az eredeti csomagol\u00e1sban, gyermekekt\u0151l elz\u00e1rva. A helyes t\u00e1rol\u00e1ssal \u00e9s \u00e1rtalmatlan\u00edt\u00e1ssal kapcsolatos tov\u00e1bbi inform\u00e1ci\u00f3k a betegt\u00e1j\u00e9koztat\u00f3ban tal\u00e1lhat\u00f3k.<br \/>\n\u00e9s \u00e1rtalmatlan\u00edt\u00e1s, k\u00e9rj\u00fck, olvassa el a haszn\u00e1lati utas\u00edt\u00e1st.<a href=\"https:\/\/gblexpress.com\/hu\/\">.<\/a><\/p>","protected":false},"excerpt":{"rendered":"<p>Angaben zur Haltbarkeit: Die von uns zur Verf\u00fcgung gestellten Einheiten des Produkts mit der Bezeichnung Tramadol Tropfen Ratiopharm sind ausnahmslos neuwertige Artikel in Apothekenqualit\u00e4t. Sollten Sie aus Versehen eine Lieferung erhalten, die dieser Spezifikation nicht entspricht, erhalten Sie Ihr Geld zur\u00fcck oder eine neue Lieferung. Nach Ablauf der Haltbarkeit ist das Medikament lt. Herstellerangaben zu [&hellip;]<\/p>","protected":false},"featured_media":1634,"comment_status":"open","ping_status":"closed","template":"","meta":{"_joinchat":[]},"product_brand":[],"product_cat":[36],"product_tag":[61,56,57,58,59,60,62,63],"class_list":{"0":"post-561","1":"product","2":"type-product","3":"status-publish","4":"has-post-thumbnail","6":"product_cat-ko-drops","7":"product_tag-bestellen-tramadol-tropfen-online-kaufen","8":"product_tag-tramadol-tropfen","9":"product_tag-tramadol-tropfen-bestellen","10":"product_tag-tramadol-tropfen-kaufen","11":"product_tag-tramadol-tropfen-ohne-rezept","12":"product_tag-tramadol-tropfen-online","13":"product_tag-tramadol-tropfen-rezeptfrei","14":"product_tag-tramadol-tropfen-shop","16":"first","17":"instock","18":"shipping-taxable","19":"purchasable","20":"product-type-variable","21":"has-default-attributes"},"yoast_head":"<!-- This site is optimized with the Yoast SEO plugin v25.4 - https:\/\/yoast.com\/wordpress\/plugins\/seo\/ -->\n<title>Tramadol Ratiopharm 100 mg\/ml Tramadol online kaufen<\/title>\n<meta name=\"description\" content=\"Sie k\u00f6nnen Tramadol ratiopharm 100 mg\/ml online zu den besten Preisen in unserem Online-Shop kaufen. Wir bieten g\u00fcnstiges und hochwertiges Tramadol ratiopharm 100 mg\/ml zum Verkauf an und liefern weltweit. Sie k\u00f6nnen jederzeit und \u00fcberall bestellen.\" \/>\n<meta name=\"robots\" content=\"index, follow, max-snippet:-1, max-image-preview:large, max-video-preview:-1\" \/>\n<link rel=\"canonical\" href=\"https:\/\/gblexpress.com\/hu\/termek-2\/tramadol-ratiopharm-100-mg-ml-tramadol\/\" \/>\n<meta property=\"og:locale\" content=\"hu_HU\" \/>\n<meta property=\"og:type\" content=\"article\" \/>\n<meta property=\"og:title\" content=\"Tramadol Ratiopharm 100 mg\/ml Tramadol online kaufen\" \/>\n<meta property=\"og:description\" content=\"Sie k\u00f6nnen Tramadol ratiopharm 100 mg\/ml online zu den besten Preisen in unserem Online-Shop kaufen. Wir bieten g\u00fcnstiges und hochwertiges Tramadol ratiopharm 100 mg\/ml zum Verkauf an und liefern weltweit. Sie k\u00f6nnen jederzeit und \u00fcberall bestellen.\" \/>\n<meta property=\"og:url\" content=\"https:\/\/gblexpress.com\/hu\/termek-2\/tramadol-ratiopharm-100-mg-ml-tramadol\/\" \/>\n<meta property=\"og:site_name\" content=\"GBL Express\" \/>\n<meta property=\"article:modified_time\" content=\"2025-05-06T06:17:48+00:00\" \/>\n<meta property=\"og:image\" content=\"https:\/\/gblexpress.com\/wp-content\/uploads\/2023\/05\/Tramadol-Ratiopharm.jpg\" \/>\n\t<meta property=\"og:image:width\" content=\"600\" \/>\n\t<meta property=\"og:image:height\" content=\"600\" \/>\n\t<meta property=\"og:image:type\" content=\"image\/jpeg\" \/>\n<meta name=\"twitter:card\" content=\"summary_large_image\" \/>\n<meta name=\"twitter:label1\" content=\"Becs\u00fclt olvas\u00e1si id\u0151\" \/>\n\t<meta name=\"twitter:data1\" content=\"1 perc\" \/>\n<!-- \/ Yoast SEO plugin. -->","yoast_head_json":{"title":"V\u00e1s\u00e1roljon Tramadol Ratiopharm 100 mg\/ml Tramadolt online","description":"A Tramadol ratiopharm 100 mg\/ml-t online a legjobb \u00e1ron v\u00e1s\u00e1rolhatja meg web\u00e1ruh\u00e1zunkban. Olcs\u00f3 \u00e9s j\u00f3 min\u0151s\u00e9g\u0171 Tramadol ratiopharm 100 mg\/ml-t k\u00edn\u00e1lunk elad\u00e1sra \u00e9s vil\u00e1gszerte sz\u00e1ll\u00edtjuk. B\u00e1rmikor, b\u00e1rhol rendelhetsz.","robots":{"index":"index","follow":"follow","max-snippet":"max-snippet:-1","max-image-preview":"max-image-preview:large","max-video-preview":"max-video-preview:-1"},"canonical":"https:\/\/gblexpress.com\/hu\/termek-2\/tramadol-ratiopharm-100-mg-ml-tramadol\/","og_locale":"hu_HU","og_type":"article","og_title":"Tramadol Ratiopharm 100 mg\/ml Tramadol online kaufen","og_description":"Sie k\u00f6nnen Tramadol ratiopharm 100 mg\/ml online zu den besten Preisen in unserem Online-Shop kaufen. Wir bieten g\u00fcnstiges und hochwertiges Tramadol ratiopharm 100 mg\/ml zum Verkauf an und liefern weltweit. Sie k\u00f6nnen jederzeit und \u00fcberall bestellen.","og_url":"https:\/\/gblexpress.com\/hu\/termek-2\/tramadol-ratiopharm-100-mg-ml-tramadol\/","og_site_name":"GBL Express","article_modified_time":"2025-05-06T06:17:48+00:00","og_image":[{"width":600,"height":600,"url":"https:\/\/gblexpress.com\/wp-content\/uploads\/2023\/05\/Tramadol-Ratiopharm.jpg","type":"image\/jpeg"}],"twitter_card":"summary_large_image","twitter_misc":{"Becs\u00fclt olvas\u00e1si id\u0151":"1 perc"},"schema":{"@context":"https:\/\/schema.org","@graph":[{"@type":"WebPage","@id":"https:\/\/gblexpress.com\/product\/tramadol-ratiopharm-100-mg-ml-tramadol\/","url":"https:\/\/gblexpress.com\/product\/tramadol-ratiopharm-100-mg-ml-tramadol\/","name":"V\u00e1s\u00e1roljon Tramadol Ratiopharm 100 mg\/ml Tramadolt online","isPartOf":{"@id":"https:\/\/gblexpress.com\/#website"},"primaryImageOfPage":{"@id":"https:\/\/gblexpress.com\/product\/tramadol-ratiopharm-100-mg-ml-tramadol\/#primaryimage"},"image":{"@id":"https:\/\/gblexpress.com\/product\/tramadol-ratiopharm-100-mg-ml-tramadol\/#primaryimage"},"thumbnailUrl":"https:\/\/gblexpress.com\/wp-content\/uploads\/2023\/05\/Tramadol-Ratiopharm.jpg","datePublished":"2023-05-24T06:40:33+00:00","dateModified":"2025-05-06T06:17:48+00:00","description":"A Tramadol ratiopharm 100 mg\/ml-t online a legjobb \u00e1ron v\u00e1s\u00e1rolhatja meg web\u00e1ruh\u00e1zunkban. Olcs\u00f3 \u00e9s j\u00f3 min\u0151s\u00e9g\u0171 Tramadol ratiopharm 100 mg\/ml-t k\u00edn\u00e1lunk elad\u00e1sra \u00e9s vil\u00e1gszerte sz\u00e1ll\u00edtjuk. B\u00e1rmikor, b\u00e1rhol rendelhetsz.","breadcrumb":{"@id":"https:\/\/gblexpress.com\/product\/tramadol-ratiopharm-100-mg-ml-tramadol\/#breadcrumb"},"inLanguage":"hu","potentialAction":[{"@type":"ReadAction","target":["https:\/\/gblexpress.com\/product\/tramadol-ratiopharm-100-mg-ml-tramadol\/"]}]},{"@type":"ImageObject","inLanguage":"hu","@id":"https:\/\/gblexpress.com\/product\/tramadol-ratiopharm-100-mg-ml-tramadol\/#primaryimage","url":"https:\/\/gblexpress.com\/wp-content\/uploads\/2023\/05\/Tramadol-Ratiopharm.jpg","contentUrl":"https:\/\/gblexpress.com\/wp-content\/uploads\/2023\/05\/Tramadol-Ratiopharm.jpg","width":600,"height":600,"caption":"Tramadol-Ratiopharm online kaufen"},{"@type":"BreadcrumbList","@id":"https:\/\/gblexpress.com\/product\/tramadol-ratiopharm-100-mg-ml-tramadol\/#breadcrumb","itemListElement":[{"@type":"ListItem","position":1,"name":"Home","item":"https:\/\/gblexpress.com\/"},{"@type":"ListItem","position":2,"name":"Shop","item":"https:\/\/gblexpress.com\/shop\/"},{"@type":"ListItem","position":3,"name":"Tramadol Ratiopharm 100 mg\/ml Tramadol"}]},{"@type":"WebSite","@id":"https:\/\/gblexpress.com\/#website","url":"https:\/\/gblexpress.com\/","name":"GBL Express","description":"","publisher":{"@id":"https:\/\/gblexpress.com\/#organization"},"potentialAction":[{"@type":"SearchAction","target":{"@type":"EntryPoint","urlTemplate":"https:\/\/gblexpress.com\/?s={search_term_string}"},"query-input":{"@type":"PropertyValueSpecification","valueRequired":true,"valueName":"search_term_string"}}],"inLanguage":"hu"},{"@type":"Organization","@id":"https:\/\/gblexpress.com\/#organization","name":"GBL Express","url":"https:\/\/gblexpress.com\/","logo":{"@type":"ImageObject","inLanguage":"hu","@id":"https:\/\/gblexpress.com\/#\/schema\/logo\/image\/","url":"https:\/\/gblexpress.com\/wp-content\/uploads\/2023\/01\/logo.png","contentUrl":"https:\/\/gblexpress.com\/wp-content\/uploads\/2023\/01\/logo.png","width":250,"height":52,"caption":"GBL Express"},"image":{"@id":"https:\/\/gblexpress.com\/#\/schema\/logo\/image\/"}}]}},"jetpack-related-posts":[],"jetpack_sharing_enabled":true,"_links":{"self":[{"href":"https:\/\/gblexpress.com\/hu\/wp-json\/wp\/v2\/product\/561","targetHints":{"allow":["GET"]}}],"collection":[{"href":"https:\/\/gblexpress.com\/hu\/wp-json\/wp\/v2\/product"}],"about":[{"href":"https:\/\/gblexpress.com\/hu\/wp-json\/wp\/v2\/types\/product"}],"replies":[{"embeddable":true,"href":"https:\/\/gblexpress.com\/hu\/wp-json\/wp\/v2\/comments?post=561"}],"wp:featuredmedia":[{"embeddable":true,"href":"https:\/\/gblexpress.com\/hu\/wp-json\/wp\/v2\/media\/1634"}],"wp:attachment":[{"href":"https:\/\/gblexpress.com\/hu\/wp-json\/wp\/v2\/media?parent=561"}],"wp:term":[{"taxonomy":"product_brand","embeddable":true,"href":"https:\/\/gblexpress.com\/hu\/wp-json\/wp\/v2\/product_brand?post=561"},{"taxonomy":"product_cat","embeddable":true,"href":"https:\/\/gblexpress.com\/hu\/wp-json\/wp\/v2\/product_cat?post=561"},{"taxonomy":"product_tag","embeddable":true,"href":"https:\/\/gblexpress.com\/hu\/wp-json\/wp\/v2\/product_tag?post=561"}],"curies":[{"name":"wp","href":"https:\/\/api.w.org\/{rel}","templated":true}]}}