{"id":565,"date":"2023-05-24T07:11:22","date_gmt":"2023-05-24T07:11:22","guid":{"rendered":"https:\/\/gblexpress.com\/?post_type=product&#038;p=565"},"modified":"2026-03-02T11:07:45","modified_gmt":"2026-03-02T11:07:45","slug":"xyrem-180-ml-500-mg-%ce%b3-hidroxi-vajsav-ghb","status":"publish","type":"product","link":"https:\/\/gblexpress.com\/hu\/termek-2\/xyrem-180-ml-500-mg-%ce%b3-hidroxi-vajsav-ghb\/","title":{"rendered":"Xyrem 180 ml 500 mg \u03b3-hidroxi-vajsav (GHB)"},"content":{"rendered":"<h2><strong>Szavatoss\u00e1gi id\u0151re vonatkoz\u00f3 inform\u00e1ci\u00f3k:<\/strong><\/h2>\n<p><a href=\"https:\/\/gblexpress.com\/hu\/termek-2\/xyrem-180-ml-500-mg-%ce%b3-hidroxi-vajsav-ghb\/\">xyrem online kaufen<\/a>v\u00e1s\u00e1rolni xyrem, Az \u00e1ltalunk forgalmazott Xyrem nev\u0171 term\u00e9k egys\u00e9gei kiv\u00e9tel n\u00e9lk\u00fcl gy\u00f3gyszert\u00e1ri min\u0151s\u00e9g\u0171, \u00fajszer\u0171ek. Ha v\u00e9letlen\u00fcl olyan sz\u00e1ll\u00edtm\u00e1nyt kap, amely nem felel meg ennek a specifik\u00e1ci\u00f3nak, visszakapja a p\u00e9nz\u00e9t vagy \u00faj sz\u00e1ll\u00edtm\u00e1nyt kap. A szavatoss\u00e1gi id\u0151 lej\u00e1rta ut\u00e1n a gy\u00f3gyszert a gy\u00e1rt\u00f3 utas\u00edt\u00e1sainak megfelel\u0151en kell megsemmis\u00edteni (l\u00e1sd a betegt\u00e1j\u00e9koztat\u00f3t).<\/p>\n<h3><strong>El\u00e9rhet\u0151s\u00e9gi r\u00e9szletek:<\/strong><\/h3>\n<p>A Xyrem nev\u0171 term\u00e9k azonnal el\u00e9rhet\u0151.<\/p>\n<h3><strong>Orsz\u00e1gspecifikus korl\u00e1toz\u00e1sok a k\u00e9zbes\u00edthet\u0151s\u00e9gre vonatkoz\u00f3an:<\/strong><\/h3>\n<p>megnevez\u00e9s\u0171 term\u00e9khez <a href=\"https:\/\/en.wikipedia.org\/wiki\/%CE%93-Hydroxybutyric_acid\">Xyrem<\/a> Jelenleg nincsenek orsz\u00e1gspecifikus ell\u00e1t\u00e1si korl\u00e1toz\u00e1sok a GHB megnevez\u00e9s\u0171 term\u00e9kre vonatkoz\u00f3an.<\/p>\n<h3><strong>T\u00e1rol\u00e1s:<\/strong><\/h3>\n<p>K\u00e9rj\u00fck, hogy a Xyrem felirat\u00fa term\u00e9ket eredeti csomagol\u00e1s\u00e1ban, gyermekek sz\u00e1m\u00e1ra el\u00e9rhetetlen helyen tartsa. A megfelel\u0151 t\u00e1rol\u00e1sra \u00e9s \u00e1rtalmatlan\u00edt\u00e1sra vonatkoz\u00f3 tov\u00e1bbi inform\u00e1ci\u00f3k\u00e9rt k\u00e9rj\u00fck, olvassa el a betegt\u00e1j\u00e9koztat\u00f3t.<br \/>\n\u00e9s \u00e1rtalmatlan\u00edt\u00e1s, k\u00e9rj\u00fck, olvassa el a haszn\u00e1lati utas\u00edt\u00e1st.<\/p>","protected":false},"excerpt":{"rendered":"<p>Angaben zur Haltbarkeit: xyrem online kaufen, Die von uns zur Verf\u00fcgung gestellten Einheiten des Produkts mit der Bezeichnung Xyrem sind ausnahmslos neuwertige Artikel in Apothekenqualit\u00e4t. Sollten Sie aus Versehen eine Lieferung erhalten, die dieser Spezifikation nicht entspricht, erhalten Sie Ihr Geld zur\u00fcck oder eine neue Lieferung. Nach Ablauf der Haltbarkeit ist das Medikament lt. Herstellerangaben [&hellip;]<\/p>","protected":false},"featured_media":1632,"comment_status":"open","ping_status":"closed","template":"","meta":{"_joinchat":[]},"product_brand":[],"product_cat":[34],"product_tag":[],"class_list":{"0":"post-565","1":"product","2":"type-product","3":"status-publish","4":"has-post-thumbnail","6":"product_cat-ghb","8":"first","9":"instock","10":"shipping-taxable","11":"purchasable","12":"product-type-variable"},"yoast_head":"<!-- This site is optimized with the Yoast SEO plugin v25.4 - https:\/\/yoast.com\/wordpress\/plugins\/seo\/ -->\n<title>Xyrem 180 ml zu 500 mg \u03b3-Hydroxybutters\u00e4ure (GHB)<\/title>\n<meta name=\"description\" content=\"M\u00f6chten Sie Xyrem 180 ml zu 500 mg \u03b3-Hydroxybutters\u00e4ure (GHB) online kaufen? Entdecken Sie die nahtlose Plattform in unserem Online-Shop, auf der Sie Xyrem 180 ml zu 500 mg \u03b3-Hydroxybutters\u00e4ure (GHB) in h\u00f6chster Qualit\u00e4t f\u00fcr Ihre Forschungsanforderungen kaufen k\u00f6nnen.\" \/>\n<meta name=\"robots\" content=\"index, follow, max-snippet:-1, max-image-preview:large, max-video-preview:-1\" \/>\n<link rel=\"canonical\" href=\"https:\/\/gblexpress.com\/hu\/termek-2\/xyrem-180-ml-500-mg-\u03b3-hidroxi-vajsav-ghb\/\" \/>\n<meta property=\"og:locale\" content=\"hu_HU\" \/>\n<meta property=\"og:type\" content=\"article\" \/>\n<meta property=\"og:title\" content=\"Xyrem 180 ml zu 500 mg \u03b3-Hydroxybutters\u00e4ure (GHB)\" \/>\n<meta property=\"og:description\" content=\"M\u00f6chten Sie Xyrem 180 ml zu 500 mg \u03b3-Hydroxybutters\u00e4ure (GHB) online kaufen? Entdecken Sie die nahtlose Plattform in unserem Online-Shop, auf der Sie Xyrem 180 ml zu 500 mg \u03b3-Hydroxybutters\u00e4ure (GHB) in h\u00f6chster Qualit\u00e4t f\u00fcr Ihre Forschungsanforderungen kaufen k\u00f6nnen.\" \/>\n<meta property=\"og:url\" content=\"https:\/\/gblexpress.com\/hu\/termek-2\/xyrem-180-ml-500-mg-\u03b3-hidroxi-vajsav-ghb\/\" \/>\n<meta property=\"og:site_name\" content=\"GBL Express\" \/>\n<meta property=\"article:modified_time\" content=\"2026-03-02T11:07:45+00:00\" \/>\n<meta property=\"og:image\" content=\"https:\/\/gblexpress.com\/wp-content\/uploads\/2023\/05\/Xyrem-180-ml-zu-500-mg.jpg\" \/>\n\t<meta property=\"og:image:width\" content=\"600\" \/>\n\t<meta property=\"og:image:height\" content=\"600\" \/>\n\t<meta property=\"og:image:type\" content=\"image\/jpeg\" \/>\n<meta name=\"twitter:card\" content=\"summary_large_image\" \/>\n<meta name=\"twitter:label1\" content=\"Becs\u00fclt olvas\u00e1si id\u0151\" \/>\n\t<meta name=\"twitter:data1\" content=\"1 perc\" \/>\n<!-- \/ Yoast SEO plugin. -->","yoast_head_json":{"title":"Xyrem 180 ml 500 mg \u03b3-hidroxi-vajsav (GHB)","description":"Szeretne online amfetamint v\u00e1s\u00e1rolni? Fedezze fel z\u00f6kken\u0151mentes online \u00e1ruh\u00e1zunk platformj\u00e1t, ahol a legjobb min\u0151s\u00e9g\u0171 amfetamint v\u00e1s\u00e1rolhatja meg kutat\u00e1si ig\u00e9nyeihez.","robots":{"index":"index","follow":"follow","max-snippet":"max-snippet:-1","max-image-preview":"max-image-preview:large","max-video-preview":"max-video-preview:-1"},"canonical":"https:\/\/gblexpress.com\/hu\/termek-2\/xyrem-180-ml-500-mg-\u03b3-hidroxi-vajsav-ghb\/","og_locale":"hu_HU","og_type":"article","og_title":"Xyrem 180 ml zu 500 mg \u03b3-Hydroxybutters\u00e4ure (GHB)","og_description":"M\u00f6chten Sie Xyrem 180 ml zu 500 mg \u03b3-Hydroxybutters\u00e4ure (GHB) online kaufen? Entdecken Sie die nahtlose Plattform in unserem Online-Shop, auf der Sie Xyrem 180 ml zu 500 mg \u03b3-Hydroxybutters\u00e4ure (GHB) in h\u00f6chster Qualit\u00e4t f\u00fcr Ihre Forschungsanforderungen kaufen k\u00f6nnen.","og_url":"https:\/\/gblexpress.com\/hu\/termek-2\/xyrem-180-ml-500-mg-\u03b3-hidroxi-vajsav-ghb\/","og_site_name":"GBL Express","article_modified_time":"2026-03-02T11:07:45+00:00","og_image":[{"width":600,"height":600,"url":"https:\/\/gblexpress.com\/wp-content\/uploads\/2023\/05\/Xyrem-180-ml-zu-500-mg.jpg","type":"image\/jpeg"}],"twitter_card":"summary_large_image","twitter_misc":{"Becs\u00fclt olvas\u00e1si id\u0151":"1 perc"},"schema":{"@context":"https:\/\/schema.org","@graph":[{"@type":"WebPage","@id":"https:\/\/gblexpress.com\/product\/xyrem-180-ml-zu-500-mg-%ce%b3-hydroxybuttersaeure-ghb\/","url":"https:\/\/gblexpress.com\/product\/xyrem-180-ml-zu-500-mg-%ce%b3-hydroxybuttersaeure-ghb\/","name":"Xyrem 180 ml 500 mg \u03b3-hidroxi-vajsav (GHB)","isPartOf":{"@id":"https:\/\/gblexpress.com\/#website"},"primaryImageOfPage":{"@id":"https:\/\/gblexpress.com\/product\/xyrem-180-ml-zu-500-mg-%ce%b3-hydroxybuttersaeure-ghb\/#primaryimage"},"image":{"@id":"https:\/\/gblexpress.com\/product\/xyrem-180-ml-zu-500-mg-%ce%b3-hydroxybuttersaeure-ghb\/#primaryimage"},"thumbnailUrl":"https:\/\/gblexpress.com\/wp-content\/uploads\/2023\/05\/Xyrem-180-ml-zu-500-mg.jpg","datePublished":"2023-05-24T07:11:22+00:00","dateModified":"2026-03-02T11:07:45+00:00","description":"Szeretne online amfetamint v\u00e1s\u00e1rolni? Fedezze fel z\u00f6kken\u0151mentes online \u00e1ruh\u00e1zunk platformj\u00e1t, ahol a legjobb min\u0151s\u00e9g\u0171 amfetamint v\u00e1s\u00e1rolhatja meg kutat\u00e1si ig\u00e9nyeihez.","breadcrumb":{"@id":"https:\/\/gblexpress.com\/product\/xyrem-180-ml-zu-500-mg-%ce%b3-hydroxybuttersaeure-ghb\/#breadcrumb"},"inLanguage":"hu","potentialAction":[{"@type":"ReadAction","target":["https:\/\/gblexpress.com\/product\/xyrem-180-ml-zu-500-mg-%ce%b3-hydroxybuttersaeure-ghb\/"]}]},{"@type":"ImageObject","inLanguage":"hu","@id":"https:\/\/gblexpress.com\/product\/xyrem-180-ml-zu-500-mg-%ce%b3-hydroxybuttersaeure-ghb\/#primaryimage","url":"https:\/\/gblexpress.com\/wp-content\/uploads\/2023\/05\/Xyrem-180-ml-zu-500-mg.jpg","contentUrl":"https:\/\/gblexpress.com\/wp-content\/uploads\/2023\/05\/Xyrem-180-ml-zu-500-mg.jpg","width":600,"height":600,"caption":"Xyrem-180-ml-zu-500-mg online kaufen"},{"@type":"BreadcrumbList","@id":"https:\/\/gblexpress.com\/product\/xyrem-180-ml-zu-500-mg-%ce%b3-hydroxybuttersaeure-ghb\/#breadcrumb","itemListElement":[{"@type":"ListItem","position":1,"name":"Home","item":"https:\/\/gblexpress.com\/"},{"@type":"ListItem","position":2,"name":"Shop","item":"https:\/\/gblexpress.com\/shop\/"},{"@type":"ListItem","position":3,"name":"Xyrem 180 ml zu 500 mg \u03b3-Hydroxybutters\u00e4ure (GHB)"}]},{"@type":"WebSite","@id":"https:\/\/gblexpress.com\/#website","url":"https:\/\/gblexpress.com\/","name":"GBL Express","description":"","publisher":{"@id":"https:\/\/gblexpress.com\/#organization"},"potentialAction":[{"@type":"SearchAction","target":{"@type":"EntryPoint","urlTemplate":"https:\/\/gblexpress.com\/?s={search_term_string}"},"query-input":{"@type":"PropertyValueSpecification","valueRequired":true,"valueName":"search_term_string"}}],"inLanguage":"hu"},{"@type":"Organization","@id":"https:\/\/gblexpress.com\/#organization","name":"GBL Express","url":"https:\/\/gblexpress.com\/","logo":{"@type":"ImageObject","inLanguage":"hu","@id":"https:\/\/gblexpress.com\/#\/schema\/logo\/image\/","url":"https:\/\/gblexpress.com\/wp-content\/uploads\/2023\/01\/logo.png","contentUrl":"https:\/\/gblexpress.com\/wp-content\/uploads\/2023\/01\/logo.png","width":250,"height":52,"caption":"GBL Express"},"image":{"@id":"https:\/\/gblexpress.com\/#\/schema\/logo\/image\/"}}]}},"jetpack-related-posts":[],"jetpack_sharing_enabled":true,"_links":{"self":[{"href":"https:\/\/gblexpress.com\/hu\/wp-json\/wp\/v2\/product\/565","targetHints":{"allow":["GET"]}}],"collection":[{"href":"https:\/\/gblexpress.com\/hu\/wp-json\/wp\/v2\/product"}],"about":[{"href":"https:\/\/gblexpress.com\/hu\/wp-json\/wp\/v2\/types\/product"}],"replies":[{"embeddable":true,"href":"https:\/\/gblexpress.com\/hu\/wp-json\/wp\/v2\/comments?post=565"}],"wp:featuredmedia":[{"embeddable":true,"href":"https:\/\/gblexpress.com\/hu\/wp-json\/wp\/v2\/media\/1632"}],"wp:attachment":[{"href":"https:\/\/gblexpress.com\/hu\/wp-json\/wp\/v2\/media?parent=565"}],"wp:term":[{"taxonomy":"product_brand","embeddable":true,"href":"https:\/\/gblexpress.com\/hu\/wp-json\/wp\/v2\/product_brand?post=565"},{"taxonomy":"product_cat","embeddable":true,"href":"https:\/\/gblexpress.com\/hu\/wp-json\/wp\/v2\/product_cat?post=565"},{"taxonomy":"product_tag","embeddable":true,"href":"https:\/\/gblexpress.com\/hu\/wp-json\/wp\/v2\/product_tag?post=565"}],"curies":[{"name":"wp","href":"https:\/\/api.w.org\/{rel}","templated":true}]}}