{"id":611,"date":"2023-05-29T11:11:08","date_gmt":"2023-05-29T11:11:08","guid":{"rendered":"https:\/\/gblexpress.com\/?post_type=product&#038;p=611"},"modified":"2026-02-24T11:30:39","modified_gmt":"2026-02-24T11:30:39","slug":"100-gramm-tiszta-mdma-kozet","status":"publish","type":"product","link":"https:\/\/gblexpress.com\/hu\/termek-2\/100-gramm-tiszta-mdma-kozet\/","title":{"rendered":"100 gramm tiszta MDMA Rocks"},"content":{"rendered":"<h2><strong>MDMA Online Kaufen | MDMA rocks zum Verkauf Online Mit Niedrigsten Preisen<\/strong><\/h2>\n<h2><strong>KI HASZN\u00c1LJA AZ MDMA-T<\/strong><\/h2>\n<p>Reines MDMA Rock Online zu verkaufen, Ecstasy, gemeinhin als <a href=\"https:\/\/de.wikipedia.org\/wiki\/MDMA\">Metil\u00e9ndioximetamfetamin (MDMA)<\/a> Tiszta MDMA Rock elad\u00f3 online Az ecstasy, k\u00f6zismert nev\u00e9n metil\u00e9ndioxi-metamfetamin (MDMA), egy stimul\u00e1ns \u00e9s hallucinog\u00e9n. Megv\u00e1ltoztatja az id\u0151\u00e9rz\u00e9kel\u00e9st, felgyors\u00edtja az agyat \u00e9s a k\u00f6zponti idegrendszert, n\u00f6veli az \u00e9rz\u00e9kszervi ingerekb\u0151l sz\u00e1rmaz\u00f3 \u00f6r\u00f6m\u00f6t, \u00e9s el\u0151seg\u00edti az emp\u00e1ti\u00e1t vagy az \u00e9rzelmi kommunik\u00e1ci\u00f3t.<\/p>\n<p>Drogen, die als Ecstasy oder MDMA verkauft werden, enthalten unterschiedliche Mengen an <a href=\"https:\/\/gblexpress.com\/hu\/termek-2\/100-gramm-tiszta-mdma-kozet\/\">MDMA<\/a>Az ecstasy vagy MDMA n\u00e9ven \u00e1rult k\u00e1b\u00edt\u00f3szerek k\u00fcl\u00f6nb\u00f6z\u0151 mennyis\u00e9g\u0171 MDMA-t tartalmaznak. Egyesek m\u00e1s drogok, p\u00e9ld\u00e1ul amfetamin, ketamin vagy m\u00e1s drogok kombin\u00e1ci\u00f3j\u00e1b\u00f3l \u00e1llnak, \u00e9s nem, vagy csak nagyon kis mennyis\u00e9gben tartalmaznak. M\u00e1sokat \"v\u00e1ghatnak\" t\u00f6lt\u0151anyagokkal, p\u00e9ld\u00e1ul h\u00e1ztart\u00e1si tiszt\u00edt\u00f3szerekkel vagy m\u00e1s, potenci\u00e1lisan vesz\u00e9lyes vegyi anyagokkal.<\/p>\n<p>Az MDMA nev\u0171 k\u00e1b\u00edt\u00f3szerek nagy koncentr\u00e1ci\u00f3j\u00fa MDMA-t vagy m\u00e1s, potenci\u00e1lisan vesz\u00e9lyes vegyi anyagokat is tartalmazhatnak.<\/p>\n<p>Az MDMA leggyakoribb form\u00e1i a tablett\u00e1k, a kapszul\u00e1k \u00e9s a por. B\u00e1r \u00e1ltal\u00e1ban sz\u00e1jon \u00e1t veszik be, szeletelhet\u0151 \u00e9s felszippanthat\u00f3, v\u00e9gb\u00e9lbe juttathat\u00f3 vagy (ritk\u00e1n) injekci\u00f3zhat\u00f3 is.<\/p>\n<h3>HOGYAN M\u0170K\u00d6DIK AZ MDMA<\/h3>\n<p>Az MDMA minden emberre m\u00e1sk\u00e9pp hat. A hat\u00e1s f\u00fcgg a bevitt mennyis\u00e9gt\u0151l, a testm\u00e9rett\u0151l, a genetikai hajlamt\u00f3l, az \u00e1ltal\u00e1nos eg\u00e9szs\u00e9gi \u00e1llapott\u00f3l, a hangulatt\u00f3l, a kor\u00e1bban bevitt \u00e9tel mennyis\u00e9g\u00e9t\u0151l, m\u00e1s drogokt\u00f3l \u00e9s v\u00e9nyk\u00f6teles gy\u00f3gyszerekt\u0151l, valamint a bev\u00e9tel m\u00f3dj\u00e1t\u00f3l. Sz\u00e1jon \u00e1t bev\u00e9ve az MDMA 30 \u00e9s 90 perc k\u00f6z\u00f6tt fejti ki hat\u00e1s\u00e1t, a cs\u00facspontj\u00e1t k\u00f6r\u00fclbel\u00fcl 2-3 \u00f3ra eltelt\u00e9vel \u00e9ri el, \u00e9s ak\u00e1r 6 \u00f3r\u00e1n \u00e1t is tarthat.<\/p>\n<p>Az MDMA hat\u00e1sai k\u00f6z\u00e9 tartozik az euf\u00f3ria \u00e9s a megn\u00f6vekedett \u00f6nbizalom \u00e9rz\u00e9se, a pupill\u00e1k kit\u00e1gul\u00e1sa, a g\u00e1tl\u00e1sok cs\u00f6kken\u00e9se, az \u00e1llkapocs \u00f6sszeszorul\u00e1sa, a fokozott \u00e9rz\u00e9kszervi tudatoss\u00e1g, a t\u00falzott izzad\u00e1s, a h\u00e1nyinger \u00e9s az \u00e9tv\u00e1gycs\u00f6kken\u00e9s, a megn\u00f6vekedett pulzussz\u00e1m, a kisz\u00e1rad\u00e1s \u00e9s a h\u0151guta fokozott kock\u00e1zata. Az MDMA emellett a szemeidet ingadoz\u00e1sra k\u00e9sztetheti (nisztagmus), \u00e9s vizelettart\u00e1si k\u00e9ptelens\u00e9get okozhat (a hat\u00e1s elm\u00fal\u00e1sa ut\u00e1n azt fogod tapasztalni, hogy sokat kell pisilned). Ha t\u00fal sokat veszel be, h\u00e1nyingert kaphatsz, \u00e9s kakilnod kell, hogy eladd az MDMA Rockot.<\/p>\n<h3><strong>ADAGOL\u00c1S<\/strong><\/h3>\n<p>Egyszeri adagnak sz\u00e1m\u00edt, ha 75-100 mg MDMA-t rendel\u00fcnk online. Mivel azonban az MDMA tisztas\u00e1ga gyakran kisz\u00e1m\u00edthatatlan, aj\u00e1nlatos tesztelni a k\u00e1b\u00edt\u00f3szert, hogy tudjuk, mi van benne. Az egyszer\u0171 tesztk\u00e9szletek azonban nem adnak inform\u00e1ci\u00f3t az adagol\u00e1sr\u00f3l, ez\u00e9rt a legjobb alacsonyan kezdeni \u00e9s lassan haladni.<\/p>\n<p>Ha tablett\u00e1r\u00f3l van sz\u00f3, kezdje negyed\u00e9vel vagy fel\u00e9vel. Ha port szed, alkalmazza az \"\u00f6sszet\u00f6r\u00f6m, elkortyolom, kiv\u00e1rom\" tesztet: T\u00f6rd \u00f6ssze az MDMA-t finom porr\u00e1, t\u00e9pd el az ujjbegyeddel, majd v\u00e1rj 2-3 \u00f3r\u00e1t, miel\u0151tt \u00fajra bevenn\u00e9d. Vegye figyelembe, hogy az MDMA hat\u00e1s\u00e1t csak 3 \u00f3ra m\u00falva \u00e9rezheti, ha az MDMA-t teli gyomorral veszi be.<a href=\"https:\/\/gblexpress.com\/hu\/\">.<\/a><\/p>\n<p>&nbsp;<\/p>\n<p>&nbsp;<\/p>\n<p>&nbsp;<\/p>","protected":false},"excerpt":{"rendered":"<p><strong>MDMA Rocks<\/strong> a tisztas\u00e1g \u00e9s a min\u0151s\u00e9g jelk\u00e9pei, amelyeket kifejezetten tudom\u00e1nyos kutat\u00e1si \u00e9s analitikai c\u00e9lokra fejlesztettek ki. Krist\u00e1lyos szerkezet\u00fcknek \u00e9s nagy hat\u00e9konys\u00e1guknak k\u00f6sz\u00f6nhet\u0151en az MDMA Rocks sz\u00e1mos alkalmaz\u00e1sban kedvelt v\u00e1laszt\u00e1s.<\/p>\n<h3><strong>Mik azok az MDMA k\u00f6vek?<\/strong><\/h3>\n<p>Az MDMA Rocks, m\u00e1s n\u00e9ven 3,4-metil\u00e9ndioxi-N-metilamfetamin, ennek a vegy\u00fcletnek a krist\u00e1lyos form\u00e1ja. Tisztas\u00e1guk \u00e9s hat\u00e9konys\u00e1guk jellemzi \u0151ket, \u00e9s gyakran haszn\u00e1lj\u00e1k \u0151ket az idegtudom\u00e1nyi \u00e9s farmakol\u00f3giai kutat\u00e1sokban.<\/p>\n<h3><strong>Tulajdons\u00e1gok \u00e9s el\u0151ny\u00f6k<\/strong><\/h3>\n<ul>\n<li><strong>Tisztas\u00e1g<\/strong>A legmagasabb min\u0151s\u00e9gi szabv\u00e1nyok, ide\u00e1lis a megb\u00edzhat\u00f3 eredm\u00e9nyekhez.<\/li>\n<li><strong>Krist\u00e1lyos szerkezet<\/strong>T\u00f6k\u00e9letes analitikai \u00e9s k\u00e9miai vizsg\u00e1latokhoz.<\/li>\n<li><strong>Sokoldal\u00fa alkalmaz\u00e1sok<\/strong>Alkalmas laborat\u00f3riumi elemz\u00e9sekhez, k\u00e9miai k\u00eds\u00e9rletekhez \u00e9s tudom\u00e1nyos c\u00e9lokra.<\/li>\n<\/ul>\n<h3><strong>Lehets\u00e9ges felhaszn\u00e1l\u00e1si m\u00f3dok<\/strong><\/h3>\n<ol>\n<li><strong>Idegtudom\u00e1nyi kutat\u00e1s<\/strong>A neurotranszmitter funkci\u00f3k \u00e9s receptor k\u00f6lcs\u00f6nhat\u00e1sok vizsg\u00e1lata.<\/li>\n<li><strong>Farmakol\u00f3giai vizsg\u00e1latok<\/strong>A szerkezet-aktivit\u00e1s \u00f6sszef\u00fcgg\u00e9sek (SAR) \u00e9s a ter\u00e1pi\u00e1s alkalmaz\u00e1sok lehet\u0151s\u00e9geinek elemz\u00e9se.<\/li>\n<li><strong>K\u00e9miai k\u00eds\u00e9rletek<\/strong>Laborat\u00f3riumi felhaszn\u00e1l\u00e1s k\u00e9miai profilalkot\u00e1shoz \u00e9s elemz\u00e9shez.<\/li>\n<\/ol>\n<h3><strong>Mi\u00e9rt \u00e9rdemes MDMA Rocksot v\u00e1s\u00e1rolni?<\/strong><\/h3>\n<ul>\n<li><strong>megb\u00edzhat\u00f3s\u00e1g<\/strong>Egys\u00e9ges min\u0151s\u00e9g a pontos kutat\u00e1si eredm\u00e9nyek \u00e9rdek\u00e9ben.<\/li>\n<li><strong>Diszkr\u00e9t sz\u00e1ll\u00edt\u00e1s<\/strong>Biztons\u00e1gos \u00e9s n\u00e9vtelen k\u00e9zbes\u00edt\u00e9s.<\/li>\n<li><strong>Rugalmass\u00e1g<\/strong>: Vil\u00e1gszerte el\u00e9rhet\u0151 tud\u00f3sok \u00e9s professzion\u00e1lis laborat\u00f3riumok sz\u00e1m\u00e1ra.<\/li>\n<\/ul>","protected":false},"featured_media":1631,"comment_status":"open","ping_status":"closed","template":"","meta":{"_joinchat":[]},"product_brand":[],"product_cat":[36,246],"product_tag":[738,741,737,740,572,736,570,735,739],"class_list":{"0":"post-611","1":"product","2":"type-product","3":"status-publish","4":"has-post-thumbnail","6":"product_cat-ko-drops","7":"product_cat-sex-meth","8":"product_tag-hochwertige-mdma-rocks","9":"product_tag-mdma-diskret-bestellen","10":"product_tag-mdma-forschung-chemikalien","11":"product_tag-mdma-fuer-forschung-kaufen","12":"product_tag-mdma-grosshandel","13":"product_tag-mdma-kristalle-bestellen","14":"product_tag-mdma-online-kaufen","15":"product_tag-mdma-rocks-kaufen","16":"product_tag-mdma-rocks-laborqualitaet","18":"first","19":"instock","20":"shipping-taxable","21":"purchasable","22":"product-type-variable"},"yoast_head":"<!-- This site is optimized with the Yoast SEO plugin v25.4 - https:\/\/yoast.com\/wordpress\/plugins\/seo\/ -->\n<title>100 Gramm reine MDMA-Steine \u200b\u200bzum Verkau<\/title>\n<meta name=\"description\" content=\"Entdecken Sie erstklassige 100 Gramm reine MDMA-Steine \u200b\u200bin unserem Online-Shop \u2013 kaufen Sie bequem und sicher 100 Gramm reine MDMA-Steine \u200b\u200bf\u00fcr Ihre Forschung. Entdecken und kaufen Sie 100 Gramm reine MDMA-Steine \u200b\u200bonline. Jetzt bestellen!\" \/>\n<meta name=\"robots\" content=\"index, follow, max-snippet:-1, max-image-preview:large, max-video-preview:-1\" \/>\n<link rel=\"canonical\" href=\"https:\/\/gblexpress.com\/hu\/termek-2\/100-gramm-tiszta-mdma-kozet\/\" \/>\n<meta property=\"og:locale\" content=\"hu_HU\" \/>\n<meta property=\"og:type\" content=\"article\" \/>\n<meta property=\"og:title\" content=\"100 Gramm reine MDMA-Steine \u200b\u200bzum Verkau\" \/>\n<meta property=\"og:description\" content=\"Entdecken Sie erstklassige 100 Gramm reine MDMA-Steine \u200b\u200bin unserem Online-Shop \u2013 kaufen Sie bequem und sicher 100 Gramm reine MDMA-Steine \u200b\u200bf\u00fcr Ihre Forschung. Entdecken und kaufen Sie 100 Gramm reine MDMA-Steine \u200b\u200bonline. Jetzt bestellen!\" \/>\n<meta property=\"og:url\" content=\"https:\/\/gblexpress.com\/hu\/termek-2\/100-gramm-tiszta-mdma-kozet\/\" \/>\n<meta property=\"og:site_name\" content=\"GBL Express\" \/>\n<meta property=\"article:modified_time\" content=\"2026-02-24T11:30:39+00:00\" \/>\n<meta property=\"og:image\" content=\"https:\/\/gblexpress.com\/wp-content\/uploads\/2023\/05\/MDMA-Rocks.jpg\" \/>\n\t<meta property=\"og:image:width\" content=\"600\" \/>\n\t<meta property=\"og:image:height\" content=\"600\" \/>\n\t<meta property=\"og:image:type\" content=\"image\/jpeg\" \/>\n<meta name=\"twitter:card\" content=\"summary_large_image\" \/>\n<meta name=\"twitter:label1\" content=\"Becs\u00fclt olvas\u00e1si id\u0151\" \/>\n\t<meta name=\"twitter:data1\" content=\"3 perc\" \/>\n<!-- \/ Yoast SEO plugin. -->","yoast_head_json":{"title":"100 gramm tiszta MDMA k\u0151 elad\u00f3","description":"Fedezze fel a pr\u00e9mium 100 grammos tiszta MDMA-t\u00e9gl\u00e1t online boltunkban \u2013 k\u00e9nyelmesen \u00e9s biztons\u00e1gosan v\u00e1s\u00e1roljon 100 gramm tiszta MDMA-t\u00e9gl\u00e1t kutat\u00e1saihoz. Fedezze fel \u00e9s v\u00e1s\u00e1roljon 100 gramm tiszta MDMA-t\u00e9gl\u00e1t online. Rendeljen most!","robots":{"index":"index","follow":"follow","max-snippet":"max-snippet:-1","max-image-preview":"max-image-preview:large","max-video-preview":"max-video-preview:-1"},"canonical":"https:\/\/gblexpress.com\/hu\/termek-2\/100-gramm-tiszta-mdma-kozet\/","og_locale":"hu_HU","og_type":"article","og_title":"100 Gramm reine MDMA-Steine \u200b\u200bzum Verkau","og_description":"Entdecken Sie erstklassige 100 Gramm reine MDMA-Steine \u200b\u200bin unserem Online-Shop \u2013 kaufen Sie bequem und sicher 100 Gramm reine MDMA-Steine \u200b\u200bf\u00fcr Ihre Forschung. Entdecken und kaufen Sie 100 Gramm reine MDMA-Steine \u200b\u200bonline. Jetzt bestellen!","og_url":"https:\/\/gblexpress.com\/hu\/termek-2\/100-gramm-tiszta-mdma-kozet\/","og_site_name":"GBL Express","article_modified_time":"2026-02-24T11:30:39+00:00","og_image":[{"width":600,"height":600,"url":"https:\/\/gblexpress.com\/wp-content\/uploads\/2023\/05\/MDMA-Rocks.jpg","type":"image\/jpeg"}],"twitter_card":"summary_large_image","twitter_misc":{"Becs\u00fclt olvas\u00e1si id\u0151":"3 perc"},"schema":{"@context":"https:\/\/schema.org","@graph":[{"@type":"WebPage","@id":"https:\/\/gblexpress.com\/product\/100-gramm-reines-mdma-rocks\/","url":"https:\/\/gblexpress.com\/product\/100-gramm-reines-mdma-rocks\/","name":"100 gramm tiszta MDMA k\u0151 elad\u00f3","isPartOf":{"@id":"https:\/\/gblexpress.com\/#website"},"primaryImageOfPage":{"@id":"https:\/\/gblexpress.com\/product\/100-gramm-reines-mdma-rocks\/#primaryimage"},"image":{"@id":"https:\/\/gblexpress.com\/product\/100-gramm-reines-mdma-rocks\/#primaryimage"},"thumbnailUrl":"https:\/\/gblexpress.com\/wp-content\/uploads\/2023\/05\/MDMA-Rocks.jpg","datePublished":"2023-05-29T11:11:08+00:00","dateModified":"2026-02-24T11:30:39+00:00","description":"Fedezze fel a pr\u00e9mium 100 grammos tiszta MDMA-t\u00e9gl\u00e1t online boltunkban \u2013 k\u00e9nyelmesen \u00e9s biztons\u00e1gosan v\u00e1s\u00e1roljon 100 gramm tiszta MDMA-t\u00e9gl\u00e1t kutat\u00e1saihoz. Fedezze fel \u00e9s v\u00e1s\u00e1roljon 100 gramm tiszta MDMA-t\u00e9gl\u00e1t online. Rendeljen most!","breadcrumb":{"@id":"https:\/\/gblexpress.com\/product\/100-gramm-reines-mdma-rocks\/#breadcrumb"},"inLanguage":"hu","potentialAction":[{"@type":"ReadAction","target":["https:\/\/gblexpress.com\/product\/100-gramm-reines-mdma-rocks\/"]}]},{"@type":"ImageObject","inLanguage":"hu","@id":"https:\/\/gblexpress.com\/product\/100-gramm-reines-mdma-rocks\/#primaryimage","url":"https:\/\/gblexpress.com\/wp-content\/uploads\/2023\/05\/MDMA-Rocks.jpg","contentUrl":"https:\/\/gblexpress.com\/wp-content\/uploads\/2023\/05\/MDMA-Rocks.jpg","width":600,"height":600,"caption":"MDMA-Rocks online kaufen"},{"@type":"BreadcrumbList","@id":"https:\/\/gblexpress.com\/product\/100-gramm-reines-mdma-rocks\/#breadcrumb","itemListElement":[{"@type":"ListItem","position":1,"name":"Home","item":"https:\/\/gblexpress.com\/"},{"@type":"ListItem","position":2,"name":"Shop","item":"https:\/\/gblexpress.com\/shop\/"},{"@type":"ListItem","position":3,"name":"100 Gramm reines MDMA Rocks"}]},{"@type":"WebSite","@id":"https:\/\/gblexpress.com\/#website","url":"https:\/\/gblexpress.com\/","name":"GBL Express","description":"","publisher":{"@id":"https:\/\/gblexpress.com\/#organization"},"potentialAction":[{"@type":"SearchAction","target":{"@type":"EntryPoint","urlTemplate":"https:\/\/gblexpress.com\/?s={search_term_string}"},"query-input":{"@type":"PropertyValueSpecification","valueRequired":true,"valueName":"search_term_string"}}],"inLanguage":"hu"},{"@type":"Organization","@id":"https:\/\/gblexpress.com\/#organization","name":"GBL Express","url":"https:\/\/gblexpress.com\/","logo":{"@type":"ImageObject","inLanguage":"hu","@id":"https:\/\/gblexpress.com\/#\/schema\/logo\/image\/","url":"https:\/\/gblexpress.com\/wp-content\/uploads\/2023\/01\/logo.png","contentUrl":"https:\/\/gblexpress.com\/wp-content\/uploads\/2023\/01\/logo.png","width":250,"height":52,"caption":"GBL Express"},"image":{"@id":"https:\/\/gblexpress.com\/#\/schema\/logo\/image\/"}}]}},"jetpack-related-posts":[],"jetpack_sharing_enabled":true,"_links":{"self":[{"href":"https:\/\/gblexpress.com\/hu\/wp-json\/wp\/v2\/product\/611","targetHints":{"allow":["GET"]}}],"collection":[{"href":"https:\/\/gblexpress.com\/hu\/wp-json\/wp\/v2\/product"}],"about":[{"href":"https:\/\/gblexpress.com\/hu\/wp-json\/wp\/v2\/types\/product"}],"replies":[{"embeddable":true,"href":"https:\/\/gblexpress.com\/hu\/wp-json\/wp\/v2\/comments?post=611"}],"wp:featuredmedia":[{"embeddable":true,"href":"https:\/\/gblexpress.com\/hu\/wp-json\/wp\/v2\/media\/1631"}],"wp:attachment":[{"href":"https:\/\/gblexpress.com\/hu\/wp-json\/wp\/v2\/media?parent=611"}],"wp:term":[{"taxonomy":"product_brand","embeddable":true,"href":"https:\/\/gblexpress.com\/hu\/wp-json\/wp\/v2\/product_brand?post=611"},{"taxonomy":"product_cat","embeddable":true,"href":"https:\/\/gblexpress.com\/hu\/wp-json\/wp\/v2\/product_cat?post=611"},{"taxonomy":"product_tag","embeddable":true,"href":"https:\/\/gblexpress.com\/hu\/wp-json\/wp\/v2\/product_tag?post=611"}],"curies":[{"name":"wp","href":"https:\/\/api.w.org\/{rel}","templated":true}]}}