{"id":616,"date":"2023-05-29T12:11:36","date_gmt":"2023-05-29T12:11:36","guid":{"rendered":"https:\/\/gblexpress.com\/?post_type=product&#038;p=616"},"modified":"2026-02-27T10:29:41","modified_gmt":"2026-02-27T10:29:41","slug":"lorazepam-2-5mg-buborekcsomagolasban","status":"publish","type":"product","link":"https:\/\/gblexpress.com\/hu\/termek-2\/lorazepam-2-5mg-buborekcsomagolasban\/","title":{"rendered":"Lorazepam 2.5mg Bubor\u00e9kcsomagol\u00e1sban"},"content":{"rendered":"<h1>Indik\u00e1ci\u00f3k \u00e9s alkalmaz\u00e1s<a href=\"https:\/\/en.wikipedia.org\/wiki\/Special:Search?go=Go&amp;search=Lorazepam+2.5mg+Im+Blister&amp;ns0=1\">:<\/a><\/h1>\n<p><a href=\"https:\/\/simple.wikipedia.org\/wiki\/Lorazepam\">Lorazepam 2,5 mg<\/a> Im Blister, Lorazepam (Ativan) ist ein Benzodiazepin, das f\u00fcr die Behandlung von<a href=\"https:\/\/gblexpress.com\/hu\/shop\/\">:<\/a><\/p>\n<ul>\n<li>1) Szorong\u00e1s<br \/>\n2) A szorong\u00e1s vagy a depresszi\u00f3s t\u00fcnetekkel j\u00e1r\u00f3 szorong\u00e1s t\u00fcneteinek r\u00f6vid t\u00e1v\u00fa enyh\u00edt\u00e9se (p\u00e9ld\u00e1ul alv\u00e1szavarok, idegess\u00e9g, fesz\u00fclts\u00e9g).<br \/>\n3) pszichomotoros izgalom<br \/>\n4) Izgalom az intenz\u00edv oszt\u00e1lyon<br \/>\n5) P\u00e1nikbetegs\u00e9g<br \/>\n6) Alkoholmegvon\u00e1s<br \/>\n7) Borderline szem\u00e9lyis\u00e9gzavar<br \/>\n8) Nyaki dystonia<br \/>\n9) Dysautonomia<br \/>\n10)Katat\u00f3nia<br \/>\n11)Kemoter\u00e1pia okozta h\u00e1nyinger \u00e9s h\u00e1ny\u00e1s<br \/>\n12) a rohamos rohamok bizonyos t\u00edpusai (akt\u00edv rohamok, status epilepticus).<br \/>\n13) \u00c1lmatlans\u00e1g (az alv\u00e1s el\u0151seg\u00edt\u00e9s\u00e9re).<br \/>\n14)Migr\u00e9n, fejf\u00e1j\u00e1s<br \/>\n15)kokainhaszn\u00e1lat okozta akut koron\u00e1ria szindr\u00f3ma eset\u00e9n.<br \/>\n16)rekre\u00e1ci\u00f3s c\u00e9lokra<br \/>\n17) seb\u00e9szeti elj\u00e1r\u00e1sokban k\u00f6nny\u0171 \u00e9rz\u00e9stelen\u00edt\u00e9s, nyugtat\u00e1s \u00e9s a mem\u00f3riak\u00e9pz\u00e9s k\u00e1rosod\u00e1sa.<\/li>\n<li><a href=\"https:\/\/gblexpress.com\/hu\/termek-2\/lorazepam-2-5mg-buborekcsomagolasban\/\">Lorazepam 2,5 mg<\/a> v\u00e1s\u00e1rolni bubor\u00e9kcsomagol\u00e1sban<\/li>\n<\/ul>","protected":false},"excerpt":{"rendered":"<p>Lorazepam 2,5 mg bubor\u00e9kcsomagol\u00e1sban. 10 tabletta bubor\u00e9kcsomagol\u00e1sonk\u00e9nt. \u00c1r 25 bubor\u00e9kcsomagol\u00e1sra (250 tabletta).<br \/>\nA gy\u00e1rt\u00f3 a t\u00e9telt\u0151l f\u00fcgg\u0151en v\u00e1ltozhat. De a hat\u00f3anyag tartalom mindig 2mg!<\/p>","protected":false},"featured_media":1629,"comment_status":"open","ping_status":"closed","template":"","meta":{"_joinchat":[]},"product_brand":[],"product_cat":[36],"product_tag":[],"class_list":{"0":"post-616","1":"product","2":"type-product","3":"status-publish","4":"has-post-thumbnail","6":"product_cat-ko-drops","8":"first","9":"instock","10":"shipping-taxable","11":"purchasable","12":"product-type-variable"},"yoast_head":"<!-- This site is optimized with the Yoast SEO plugin v25.4 - https:\/\/yoast.com\/wordpress\/plugins\/seo\/ -->\n<title>Lorazepam 2,5 mg im Blister zu verkaufen - Lorazepam 2,5 mg<\/title>\n<meta name=\"description\" content=\"Entdecken Sie unseren Online-Shop f\u00fcr hochwertige Lorazepam 2,5 mg Blisterpackungen. Kaufen Sie Lorazepam 2,5 mg Blisterpackungen online. Jetzt bestellen\" \/>\n<meta name=\"robots\" content=\"index, follow, max-snippet:-1, max-image-preview:large, max-video-preview:-1\" \/>\n<link rel=\"canonical\" href=\"https:\/\/gblexpress.com\/hu\/termek-2\/lorazepam-2-5mg-buborekcsomagolasban\/\" \/>\n<meta property=\"og:locale\" content=\"hu_HU\" \/>\n<meta property=\"og:type\" content=\"article\" \/>\n<meta property=\"og:title\" content=\"Lorazepam 2,5 mg im Blister zu verkaufen - Lorazepam 2,5 mg\" \/>\n<meta property=\"og:description\" content=\"Entdecken Sie unseren Online-Shop f\u00fcr hochwertige Lorazepam 2,5 mg Blisterpackungen. Kaufen Sie Lorazepam 2,5 mg Blisterpackungen online. Jetzt bestellen\" \/>\n<meta property=\"og:url\" content=\"https:\/\/gblexpress.com\/hu\/termek-2\/lorazepam-2-5mg-buborekcsomagolasban\/\" \/>\n<meta property=\"og:site_name\" content=\"GBL Express\" \/>\n<meta property=\"article:modified_time\" content=\"2026-02-27T10:29:41+00:00\" \/>\n<meta property=\"og:image\" content=\"https:\/\/gblexpress.com\/wp-content\/uploads\/2023\/05\/Lorazepam-2.5mg.jpg\" \/>\n\t<meta property=\"og:image:width\" content=\"600\" \/>\n\t<meta property=\"og:image:height\" content=\"600\" \/>\n\t<meta property=\"og:image:type\" content=\"image\/jpeg\" \/>\n<meta name=\"twitter:card\" content=\"summary_large_image\" \/>\n<meta name=\"twitter:label1\" content=\"Becs\u00fclt olvas\u00e1si id\u0151\" \/>\n\t<meta name=\"twitter:data1\" content=\"1 perc\" \/>\n<!-- \/ Yoast SEO plugin. -->","yoast_head_json":{"title":"Lorazepam 2,5 mg bubor\u00e9kcsomagol\u00e1sban elad\u00f3 - Lorazepam 2,5 mg","description":"Fedezze fel online boltunkat, ahol kiv\u00e1l\u00f3 min\u0151s\u00e9g\u0171 Lorazepam 2,5 mg-os bubor\u00e9kcsomagol\u00e1sokat v\u00e1s\u00e1rolhat. V\u00e1s\u00e1roljon Lorazepam 2,5 mg-os bubor\u00e9kcsomagol\u00e1st online. Rendeljen most","robots":{"index":"index","follow":"follow","max-snippet":"max-snippet:-1","max-image-preview":"max-image-preview:large","max-video-preview":"max-video-preview:-1"},"canonical":"https:\/\/gblexpress.com\/hu\/termek-2\/lorazepam-2-5mg-buborekcsomagolasban\/","og_locale":"hu_HU","og_type":"article","og_title":"Lorazepam 2,5 mg im Blister zu verkaufen - Lorazepam 2,5 mg","og_description":"Entdecken Sie unseren Online-Shop f\u00fcr hochwertige Lorazepam 2,5 mg Blisterpackungen. Kaufen Sie Lorazepam 2,5 mg Blisterpackungen online. Jetzt bestellen","og_url":"https:\/\/gblexpress.com\/hu\/termek-2\/lorazepam-2-5mg-buborekcsomagolasban\/","og_site_name":"GBL Express","article_modified_time":"2026-02-27T10:29:41+00:00","og_image":[{"width":600,"height":600,"url":"https:\/\/gblexpress.com\/wp-content\/uploads\/2023\/05\/Lorazepam-2.5mg.jpg","type":"image\/jpeg"}],"twitter_card":"summary_large_image","twitter_misc":{"Becs\u00fclt olvas\u00e1si id\u0151":"1 perc"},"schema":{"@context":"https:\/\/schema.org","@graph":[{"@type":"WebPage","@id":"https:\/\/gblexpress.com\/product\/lorazepam-2-5mg-im-blister\/","url":"https:\/\/gblexpress.com\/product\/lorazepam-2-5mg-im-blister\/","name":"Lorazepam 2,5 mg bubor\u00e9kcsomagol\u00e1sban elad\u00f3 - Lorazepam 2,5 mg","isPartOf":{"@id":"https:\/\/gblexpress.com\/#website"},"primaryImageOfPage":{"@id":"https:\/\/gblexpress.com\/product\/lorazepam-2-5mg-im-blister\/#primaryimage"},"image":{"@id":"https:\/\/gblexpress.com\/product\/lorazepam-2-5mg-im-blister\/#primaryimage"},"thumbnailUrl":"https:\/\/gblexpress.com\/wp-content\/uploads\/2023\/05\/Lorazepam-2.5mg.jpg","datePublished":"2023-05-29T12:11:36+00:00","dateModified":"2026-02-27T10:29:41+00:00","description":"Fedezze fel online boltunkat, ahol kiv\u00e1l\u00f3 min\u0151s\u00e9g\u0171 Lorazepam 2,5 mg-os bubor\u00e9kcsomagol\u00e1sokat v\u00e1s\u00e1rolhat. V\u00e1s\u00e1roljon Lorazepam 2,5 mg-os bubor\u00e9kcsomagol\u00e1st online. Rendeljen most","breadcrumb":{"@id":"https:\/\/gblexpress.com\/product\/lorazepam-2-5mg-im-blister\/#breadcrumb"},"inLanguage":"hu","potentialAction":[{"@type":"ReadAction","target":["https:\/\/gblexpress.com\/product\/lorazepam-2-5mg-im-blister\/"]}]},{"@type":"ImageObject","inLanguage":"hu","@id":"https:\/\/gblexpress.com\/product\/lorazepam-2-5mg-im-blister\/#primaryimage","url":"https:\/\/gblexpress.com\/wp-content\/uploads\/2023\/05\/Lorazepam-2.5mg.jpg","contentUrl":"https:\/\/gblexpress.com\/wp-content\/uploads\/2023\/05\/Lorazepam-2.5mg.jpg","width":600,"height":600,"caption":"Lorazepam-2.5mg online kaufen"},{"@type":"BreadcrumbList","@id":"https:\/\/gblexpress.com\/product\/lorazepam-2-5mg-im-blister\/#breadcrumb","itemListElement":[{"@type":"ListItem","position":1,"name":"Home","item":"https:\/\/gblexpress.com\/"},{"@type":"ListItem","position":2,"name":"Shop","item":"https:\/\/gblexpress.com\/shop\/"},{"@type":"ListItem","position":3,"name":"Lorazepam 2.5mg Im Blister"}]},{"@type":"WebSite","@id":"https:\/\/gblexpress.com\/#website","url":"https:\/\/gblexpress.com\/","name":"GBL Express","description":"","publisher":{"@id":"https:\/\/gblexpress.com\/#organization"},"potentialAction":[{"@type":"SearchAction","target":{"@type":"EntryPoint","urlTemplate":"https:\/\/gblexpress.com\/?s={search_term_string}"},"query-input":{"@type":"PropertyValueSpecification","valueRequired":true,"valueName":"search_term_string"}}],"inLanguage":"hu"},{"@type":"Organization","@id":"https:\/\/gblexpress.com\/#organization","name":"GBL Express","url":"https:\/\/gblexpress.com\/","logo":{"@type":"ImageObject","inLanguage":"hu","@id":"https:\/\/gblexpress.com\/#\/schema\/logo\/image\/","url":"https:\/\/gblexpress.com\/wp-content\/uploads\/2023\/01\/logo.png","contentUrl":"https:\/\/gblexpress.com\/wp-content\/uploads\/2023\/01\/logo.png","width":250,"height":52,"caption":"GBL Express"},"image":{"@id":"https:\/\/gblexpress.com\/#\/schema\/logo\/image\/"}}]}},"jetpack-related-posts":[],"jetpack_sharing_enabled":true,"_links":{"self":[{"href":"https:\/\/gblexpress.com\/hu\/wp-json\/wp\/v2\/product\/616","targetHints":{"allow":["GET"]}}],"collection":[{"href":"https:\/\/gblexpress.com\/hu\/wp-json\/wp\/v2\/product"}],"about":[{"href":"https:\/\/gblexpress.com\/hu\/wp-json\/wp\/v2\/types\/product"}],"replies":[{"embeddable":true,"href":"https:\/\/gblexpress.com\/hu\/wp-json\/wp\/v2\/comments?post=616"}],"wp:featuredmedia":[{"embeddable":true,"href":"https:\/\/gblexpress.com\/hu\/wp-json\/wp\/v2\/media\/1629"}],"wp:attachment":[{"href":"https:\/\/gblexpress.com\/hu\/wp-json\/wp\/v2\/media?parent=616"}],"wp:term":[{"taxonomy":"product_brand","embeddable":true,"href":"https:\/\/gblexpress.com\/hu\/wp-json\/wp\/v2\/product_brand?post=616"},{"taxonomy":"product_cat","embeddable":true,"href":"https:\/\/gblexpress.com\/hu\/wp-json\/wp\/v2\/product_cat?post=616"},{"taxonomy":"product_tag","embeddable":true,"href":"https:\/\/gblexpress.com\/hu\/wp-json\/wp\/v2\/product_tag?post=616"}],"curies":[{"name":"wp","href":"https:\/\/api.w.org\/{rel}","templated":true}]}}