{"id":624,"date":"2023-05-31T13:26:05","date_gmt":"2023-05-31T13:26:05","guid":{"rendered":"https:\/\/gblexpress.com\/?post_type=product&#038;p=624"},"modified":"2026-02-28T09:35:19","modified_gmt":"2026-02-28T09:35:19","slug":"szaraz-fozoett-ghb-500-gramm","status":"publish","type":"product","link":"https:\/\/gblexpress.com\/hu\/termek-2\/szaraz-fozoett-ghb-500-gramm\/","title":{"rendered":"Trocken gekochtes GHB 500 Gram Online Kaufen"},"content":{"rendered":"<h2><strong>Trocken GHB kaufen &#8211; Trocken ghb online <\/strong><strong>kaufen <\/strong><\/h2>\n<p><a href=\"https:\/\/gblexpress.com\/hu\/termek-2\/szaraz-fozoett-ghb-500-gramm\/\">V\u00e1s\u00e1roljon sz\u00e1raz GHB-t<\/a>,Wir verwenden GBL aus den USA, um das GHB herzustellen. Das GHB wird von Profis mit viel Erfahrung hergestellt, genau wie das DMT, das wir verkaufen.<br \/>\nAz \u00e1ltalunk forgalmazott GHB pH-semleges, \u00e9s krist\u00e1lyszer\u0171 anyagk\u00e9nt sz\u00e1ll\u00edtj\u00e1k. Ahhoz, hogy ez az anyag a v\u00e1s\u00e1rl\u00f3k \u00e1ltal elv\u00e1rt foly\u00e9kony anyagg\u00e1 v\u00e1ljon, 2:1 ar\u00e1nyban demi-v\u00edzzel kell elk\u00e9sz\u00edteni, majd keverni \u00e9s v\u00e1rni.<\/p>\n<p>Haszn\u00e1lhat csapvizet is, de ez nem aj\u00e1nlott, mivel az anyag megromolhat. A legjobb, ha h\u0171t\u00f6tt helyis\u00e9gben, pl. h\u0171t\u0151szekr\u00e9nyben t\u00e1rolja.<a href=\"https:\/\/en.wikipedia.org\/wiki\/Special:Search?go=Go&amp;search=Lorazepam+2.5mg+Im+Blister&amp;ns0=1\">.<\/a><\/p>\n<h3><strong>A GHB megrendel\u00e9seket a v\u00e1s\u00e1rl\u00e1st k\u00f6vet\u0151 48 \u00f3r\u00e1n bel\u00fcl sz\u00e1ll\u00edtj\u00e1k.<\/strong><\/h3>\n<p>Az EU-n bel\u00fcli megrendel\u00e9sek \u00e1tlagosan egy h\u00e9ten bel\u00fcl meg\u00e9rkeznek, de ak\u00e1r k\u00e9t h\u00e9tig is eltarthat, ha a posta b\u00e1rmilyen okb\u00f3l k\u00e9sik.<br \/>\nT\u00f6meges megrendel\u00e9sek vagy az EU-n k\u00edv\u00fcli megrendel\u00e9sek eset\u00e9ben ez egy kicsit tov\u00e1bb tarthat, mivel a csomagok \u00e1lc\u00e1z\u00e1sa \u00e9rdek\u00e9ben val\u00f3ban sokat kell tenn\u00fcnk.<\/p>\n<p>Amikor k\u00fcldem\u00e9nyt k\u00fcld\u00fcnk, val\u00f3ban extra m\u00e9rf\u00f6ldet tesz\u00fcnk a bev\u00e1lt eredeti lopakod\u00f3 m\u00f3dszereinkkel, a min\u0151s\u00edt\u00e9seink ezt t\u00fckr\u00f6zik.<br \/>\nAzt is tapasztaltuk, hogy a Track &amp; Trace megrendel\u00e9sek nagyobb priorit\u00e1st kapnak a post\u00e1t\u00f3l, \u00e9s \u00e1ltal\u00e1ban hamarabb meg\u00e9rkeznek.<a href=\"https:\/\/gblexpress.com\/en\/shop\/lorazepam-2-5mg-im-blister\/\">.<\/a><\/p>\n<div class=\"elementor-element elementor-element-24d8a39 elementor-widget elementor-widget-heading\" data-id=\"24d8a39\" data-element_type=\"widget\" data-widget_type=\"heading.default\">\n<div class=\"elementor-widget-container\">\n<h3 class=\"elementor-heading-title elementor-size-default\"><strong>Mi a GHB?<\/strong><\/h3>\n<\/div>\n<\/div>\n<div class=\"elementor-element elementor-element-f3668f0 elementor-widget elementor-widget-text-editor\" data-id=\"f3668f0\" data-element_type=\"widget\" data-widget_type=\"text-editor.default\">\n<div class=\"elementor-widget-container\">\n<p>GHB ist eine synthetische Droge, die urspr\u00fcnglich als Narkosemittel verwendet wurde. Es ist auch als &#8220;Date-Rape-Droge&#8221; bekannt, weil es mit sexuellen \u00dcbergriffen in Verbindung gebracht wird. GHB neigt dazu, Euphorie und Entspannung hervorzurufen, was es f\u00fcr manche Menschen sehr attraktiv machen kann. Doch wie jede psychoaktive Substanz birgt auch sie bei der Einnahme eine Reihe erheblicher Risiken.<\/p>\n<\/div>\n<\/div>\n<div class=\"elementor-element elementor-element-9976b38 elementor-widget elementor-widget-heading\" data-id=\"9976b38\" data-element_type=\"widget\" data-widget_type=\"heading.default\">\n<div class=\"elementor-widget-container\">\n<h3 class=\"elementor-heading-title elementor-size-default\"><strong>A GHB v\u00e1s\u00e1rl\u00e1s\u00e1nak vesz\u00e9lyei<\/strong><\/h3>\n<\/div>\n<\/div>\n<div class=\"elementor-element elementor-element-5ac7237 elementor-widget elementor-widget-text-editor\" data-id=\"5ac7237\" data-element_type=\"widget\" data-widget_type=\"text-editor.default\">\n<div class=\"elementor-widget-container\">\n<p>Amikor GHB-t v\u00e1s\u00e1rol, nagy kock\u00e1zatot v\u00e1llal, mivel ez illeg\u00e1lis \u00e9s nem szab\u00e1lyozott. A feketepiacon kaphat\u00f3 vegyi anyagok t\u00f6bbs\u00e9g\u00e9t nem tesztelik, \u00edgy nem tudhatja pontosan, hogy mit v\u00e1s\u00e1rol. Emellett az adagol\u00e1s is nagyon neh\u00e9z, mivel szinte lehetetlen tudni, hogy a bevett d\u00f3zis el\u00e9g alacsony vagy t\u00fal magas, \u00e9s akkor fenn\u00e1ll a t\u00faladagol\u00e1s vesz\u00e9lye, ami nagyon vesz\u00e9lyes \u00e9s ak\u00e1r hal\u00e1los is lehet.<\/p>\n<p>Ezenk\u00edv\u00fcl a GHB-t gyakran keverik m\u00e1s anyagokkal, ami n\u00f6veli a t\u00faladagol\u00e1s kock\u00e1zat\u00e1t. Egyesek a GHB-t alkohollal is keverik, ami m\u00e9g s\u00falyosabb mell\u00e9khat\u00e1sokhoz vezethet. V\u00e9g\u00fcl a GHB haszn\u00e1lata fizikai \u00e9s ment\u00e1lis f\u00fcgg\u0151s\u00e9ghez vezethet, ami puszt\u00edt\u00f3 k\u00f6vetkezm\u00e9nyekkel j\u00e1rhat a haszn\u00e1l\u00f3 sz\u00e1m\u00e1ra.<\/p>\n<\/div>\n<\/div>\n<div class=\"elementor-element elementor-element-6ad5c93 elementor-widget elementor-widget-heading\" data-id=\"6ad5c93\" data-element_type=\"widget\" data-widget_type=\"heading.default\">\n<div class=\"elementor-widget-container\">\n<h3 class=\"elementor-heading-title elementor-size-default\"><strong>Mit gondol a GHB-r\u0151l?<\/strong><\/h3>\n<\/div>\n<\/div>\n<div class=\"elementor-element elementor-element-93bf8bb elementor-widget elementor-widget-text-editor\" data-id=\"93bf8bb\" data-element_type=\"widget\" data-widget_type=\"text-editor.default\">\n<div class=\"elementor-widget-container\">\n<p>Sokan \u00fagy d\u00f6ntenek, hogy a GHB-t az interneten v\u00e1s\u00e1rolj\u00e1k meg, b\u00e1r ez gyakran nem aj\u00e1nlott. Ennek az az oka, hogy a term\u00e9ket \u00e1rus\u00edt\u00f3 weboldalak k\u00f6z\u00fcl sokan csal\u00f3k lehetnek, \u00e9s nagyon neh\u00e9z tudni, hogy az eladott anyag val\u00f3di-e. Emellett nagyon sok ilyen term\u00e9ket \u00e9rt\u00e9kes\u00edt\u0151 weboldal l\u00e9tezik, \u00edgy neh\u00e9z lehet megtal\u00e1lni a legmegb\u00edzhat\u00f3bbakat.<\/p>\n<p>Ezen t\u00falmen\u0151en a legt\u00f6bb orsz\u00e1gban tilos a GHB elad\u00e1sa \u00e9s v\u00e1s\u00e1rl\u00e1sa, \u00e9s a GHB v\u00e1s\u00e1rl\u00e1sa \u00e9s birtokl\u00e1sa s\u00falyos b\u00fcntet\u0151jogi szankci\u00f3kkal s\u00fajthat\u00f3. Ez\u00e9rt ha \u00fagy d\u00f6nt, hogy GHB-t v\u00e1s\u00e1rol, legyen \u00f3vatos, \u00e9s gy\u0151z\u0151dj\u00f6n meg arr\u00f3l, hogy val\u00f3di \u00e9s biztons\u00e1gos term\u00e9ket v\u00e1s\u00e1rol.<\/p>\n<\/div>\n<\/div>","protected":false},"excerpt":{"rendered":"<p><strong>Sz\u00e1razan f\u0151z\u00f6tt GHB<\/strong> (gamma-hidroxi-vajsav) egy olyan k\u00e9miai vegy\u00fclet, amely orvosi, ipari \u00e9s tudom\u00e1nyos alkalmaz\u00e1sokkal rendelkezik. Gyakran \u00e9rt\u00e9kelik nyugtat\u00f3 \u00e9s izomlaz\u00edt\u00f3 tulajdons\u00e1gai miatt, \u00e9s az idegtudom\u00e1nyok \u00e9s a farmakol\u00f3giai vizsg\u00e1latok kulcsfontoss\u00e1g\u00fa kutat\u00e1si t\u00e9m\u00e1ja.<\/p>\n<p><strong>Hogyan m\u0171k\u00f6dik a GHB?<\/strong><br \/>\n<strong>GHB<\/strong> k\u00e9t receptor aktiv\u00e1l\u00e1s\u00e1val m\u0171k\u00f6dik az agyban:<\/p>\n<ul>\n<li><strong>GHB-receptorok:<\/strong> Befoly\u00e1solja a neuron\u00e1lis aktivit\u00e1st \u00e9s az anyagcsere-folyamatokat.<\/li>\n<li><strong>GABA-B receptorok:<\/strong> Felel\u0151s a pihentet\u0151 \u00e9s nyugtat\u00f3 hat\u00e1sok\u00e9rt.<\/li>\n<\/ul>\n<p>Ezek a k\u00f6lcs\u00f6nhat\u00e1sok a neuron\u00e1lis aktivit\u00e1s cs\u00f6kken\u00e9s\u00e9hez vezetnek, el\u0151seg\u00edtik a m\u00e9ly alv\u00e1st \u00e9s szorong\u00e1sold\u00f3 hat\u00e1s\u00faak. Nagyobb d\u00f3zisokban a GHB er\u0151s nyugtat\u00f3k\u00e9nt hat.<\/p>\n<p><strong>Id\u0151tartam \u00e9s hat\u00e1sok:<\/strong><\/p>\n<ul>\n<li><strong>A hat\u00e1s kezdete:<\/strong> 10-20 perccel a lenyel\u00e9s ut\u00e1n.<\/li>\n<li><strong>A hat\u00e1s id\u0151tartama:<\/strong> 1,5-4 \u00f3ra, az adagol\u00e1st\u00f3l f\u00fcgg\u0151en.<\/li>\n<li><strong>Ipari hat\u00e1s:<\/strong> Azonnali felhaszn\u00e1l\u00e1s tiszt\u00edt\u00f3szerk\u00e9nt vagy vegyi old\u00f3szerk\u00e9nt.<\/li>\n<\/ul>\n<p><strong>K\u00e9plet \u00e9s tulajdons\u00e1gok<\/strong><\/p>\n<ul>\n<li><strong>K\u00e9miai n\u00e9v:<\/strong> Gamma-hidroxi-vajsav<\/li>\n<li><strong>Molekul\u00e1ris k\u00e9plet:<\/strong> C4H8O3<\/li>\n<li><strong>Molekulat\u00f6meg:<\/strong> 104,10 g\/mol<\/li>\n<\/ul>","protected":false},"featured_media":1627,"comment_status":"open","ping_status":"closed","template":"","meta":{"_joinchat":[]},"product_brand":[],"product_cat":[32,34,36,246],"product_tag":[281,294,297,300,288,289,299,295,293,286,285,301,284,298,290,291,303,296,282,305,292,304,287,80,75,280,283,302],"class_list":{"0":"post-624","1":"product","2":"type-product","3":"status-publish","4":"has-post-thumbnail","6":"product_cat-uncategorized","7":"product_cat-ghb","8":"product_cat-ko-drops","9":"product_cat-sex-meth","10":"product_tag-gamma-hydroxybutyrat","11":"product_tag-ghb-anwendungen","12":"product_tag-ghb-chemikalie","13":"product_tag-ghb-fuer-apotheken","14":"product_tag-ghb-fuer-forschung","15":"product_tag-ghb-fuer-industrielle-anwendungen","16":"product_tag-ghb-fuer-labore","17":"product_tag-ghb-fuer-medizinische-zwecke","18":"product_tag-ghb-lagerung","19":"product_tag-ghb-legal-kaufen","20":"product_tag-ghb-lieferant","21":"product_tag-ghb-lieferant-weltweit","22":"product_tag-ghb-preis","23":"product_tag-ghb-pulver-dosierung","24":"product_tag-ghb-pulver-eu","25":"product_tag-ghb-pulver-grosshandel","26":"product_tag-ghb-pulver-guenstig-kaufen","27":"product_tag-ghb-pulver-in-deutschland-kaufen","28":"product_tag-ghb-pulver-kaufen","29":"product_tag-ghb-pulver-reinheit","30":"product_tag-ghb-sicherheitsrichtlinien","31":"product_tag-ghb-vertrieb","32":"product_tag-ghb-zum-verkauf","33":"product_tag-ghb-pulver","34":"product_tag-ghb-pulver-online-kaufen","35":"product_tag-trocken-gekochtes-ghb","36":"product_tag-trockenes-ghb-bestellen","37":"product_tag-wo-ghb-pulver-kaufen","39":"first","40":"instock","41":"shipping-taxable","42":"purchasable","43":"product-type-variable"},"yoast_head":"<!-- This site is optimized with the Yoast SEO plugin v25.4 - https:\/\/yoast.com\/wordpress\/plugins\/seo\/ -->\n<title>Trocken Gekochtes GHB 500 Gram online -Trocken Gekochtes ghb<\/title>\n<meta name=\"description\" content=\"Wenn Sie trocken gekochtes GHB (500 Gramm) online kaufen m\u00f6chten und einen zuverl\u00e4ssigen Online-Shop suchen, sind Sie hier genau richtig. Wir bieten ausschlie\u00dflich hochwertiges trocken gekochtes GHB (500 Gramm) zu einem g\u00fcnstigen Preis an. Bestellen Sie GHB jetzt!\" \/>\n<meta name=\"robots\" content=\"index, follow, max-snippet:-1, max-image-preview:large, max-video-preview:-1\" \/>\n<link rel=\"canonical\" href=\"https:\/\/gblexpress.com\/hu\/termek-2\/szaraz-fozoett-ghb-500-gramm\/\" \/>\n<meta property=\"og:locale\" content=\"hu_HU\" \/>\n<meta property=\"og:type\" content=\"article\" \/>\n<meta property=\"og:title\" content=\"Trocken Gekochtes GHB 500 Gram online -Trocken Gekochtes ghb\" \/>\n<meta property=\"og:description\" content=\"Wenn Sie trocken gekochtes GHB (500 Gramm) online kaufen m\u00f6chten und einen zuverl\u00e4ssigen Online-Shop suchen, sind Sie hier genau richtig. Wir bieten ausschlie\u00dflich hochwertiges trocken gekochtes GHB (500 Gramm) zu einem g\u00fcnstigen Preis an. Bestellen Sie GHB jetzt!\" \/>\n<meta property=\"og:url\" content=\"https:\/\/gblexpress.com\/hu\/termek-2\/szaraz-fozoett-ghb-500-gramm\/\" \/>\n<meta property=\"og:site_name\" content=\"GBL Express\" \/>\n<meta property=\"article:modified_time\" content=\"2026-02-28T09:35:19+00:00\" \/>\n<meta property=\"og:image\" content=\"https:\/\/gblexpress.com\/wp-content\/uploads\/2023\/05\/Trocken-gekochtes-GHB.jpg\" \/>\n\t<meta property=\"og:image:width\" content=\"600\" \/>\n\t<meta property=\"og:image:height\" content=\"600\" \/>\n\t<meta property=\"og:image:type\" content=\"image\/jpeg\" \/>\n<meta name=\"twitter:card\" content=\"summary_large_image\" \/>\n<meta name=\"twitter:label1\" content=\"Becs\u00fclt olvas\u00e1si id\u0151\" \/>\n\t<meta name=\"twitter:data1\" content=\"3 perc\" \/>\n<!-- \/ Yoast SEO plugin. -->","yoast_head_json":{"title":"Dry Cooked GHB 500 Gram online - Dry Cooked ghb","description":"Ha sz\u00e1raz f\u0151tt GHB-t (500 gramm) szeretne v\u00e1s\u00e1rolni online, \u00e9s megb\u00edzhat\u00f3 online boltot keres, akkor j\u00f3 helyen j\u00e1r. Csak kiv\u00e1l\u00f3 min\u0151s\u00e9g\u0171 sz\u00e1razon f\u0151z\u00f6tt GHB-t (500 gramm) k\u00edn\u00e1lunk megfizethet\u0151 \u00e1ron. Rendeljen GHB-t most!","robots":{"index":"index","follow":"follow","max-snippet":"max-snippet:-1","max-image-preview":"max-image-preview:large","max-video-preview":"max-video-preview:-1"},"canonical":"https:\/\/gblexpress.com\/hu\/termek-2\/szaraz-fozoett-ghb-500-gramm\/","og_locale":"hu_HU","og_type":"article","og_title":"Trocken Gekochtes GHB 500 Gram online -Trocken Gekochtes ghb","og_description":"Wenn Sie trocken gekochtes GHB (500 Gramm) online kaufen m\u00f6chten und einen zuverl\u00e4ssigen Online-Shop suchen, sind Sie hier genau richtig. Wir bieten ausschlie\u00dflich hochwertiges trocken gekochtes GHB (500 Gramm) zu einem g\u00fcnstigen Preis an. Bestellen Sie GHB jetzt!","og_url":"https:\/\/gblexpress.com\/hu\/termek-2\/szaraz-fozoett-ghb-500-gramm\/","og_site_name":"GBL Express","article_modified_time":"2026-02-28T09:35:19+00:00","og_image":[{"width":600,"height":600,"url":"https:\/\/gblexpress.com\/wp-content\/uploads\/2023\/05\/Trocken-gekochtes-GHB.jpg","type":"image\/jpeg"}],"twitter_card":"summary_large_image","twitter_misc":{"Becs\u00fclt olvas\u00e1si id\u0151":"3 perc"},"schema":{"@context":"https:\/\/schema.org","@graph":[{"@type":"WebPage","@id":"https:\/\/gblexpress.com\/product\/trocken-gekochtes-ghb-500-gram\/","url":"https:\/\/gblexpress.com\/product\/trocken-gekochtes-ghb-500-gram\/","name":"Dry Cooked GHB 500 Gram online - Dry Cooked ghb","isPartOf":{"@id":"https:\/\/gblexpress.com\/#website"},"primaryImageOfPage":{"@id":"https:\/\/gblexpress.com\/product\/trocken-gekochtes-ghb-500-gram\/#primaryimage"},"image":{"@id":"https:\/\/gblexpress.com\/product\/trocken-gekochtes-ghb-500-gram\/#primaryimage"},"thumbnailUrl":"https:\/\/gblexpress.com\/wp-content\/uploads\/2023\/05\/Trocken-gekochtes-GHB.jpg","datePublished":"2023-05-31T13:26:05+00:00","dateModified":"2026-02-28T09:35:19+00:00","description":"Ha sz\u00e1raz f\u0151tt GHB-t (500 gramm) szeretne v\u00e1s\u00e1rolni online, \u00e9s megb\u00edzhat\u00f3 online boltot keres, akkor j\u00f3 helyen j\u00e1r. Csak kiv\u00e1l\u00f3 min\u0151s\u00e9g\u0171 sz\u00e1razon f\u0151z\u00f6tt GHB-t (500 gramm) k\u00edn\u00e1lunk megfizethet\u0151 \u00e1ron. Rendeljen GHB-t most!","breadcrumb":{"@id":"https:\/\/gblexpress.com\/product\/trocken-gekochtes-ghb-500-gram\/#breadcrumb"},"inLanguage":"hu","potentialAction":[{"@type":"ReadAction","target":["https:\/\/gblexpress.com\/product\/trocken-gekochtes-ghb-500-gram\/"]}]},{"@type":"ImageObject","inLanguage":"hu","@id":"https:\/\/gblexpress.com\/product\/trocken-gekochtes-ghb-500-gram\/#primaryimage","url":"https:\/\/gblexpress.com\/wp-content\/uploads\/2023\/05\/Trocken-gekochtes-GHB.jpg","contentUrl":"https:\/\/gblexpress.com\/wp-content\/uploads\/2023\/05\/Trocken-gekochtes-GHB.jpg","width":600,"height":600,"caption":"Trocken-gekochtes-GHB online kaufen"},{"@type":"BreadcrumbList","@id":"https:\/\/gblexpress.com\/product\/trocken-gekochtes-ghb-500-gram\/#breadcrumb","itemListElement":[{"@type":"ListItem","position":1,"name":"Home","item":"https:\/\/gblexpress.com\/"},{"@type":"ListItem","position":2,"name":"Shop","item":"https:\/\/gblexpress.com\/shop\/"},{"@type":"ListItem","position":3,"name":"Trocken gekochtes GHB 500 Gram Online Kaufen"}]},{"@type":"WebSite","@id":"https:\/\/gblexpress.com\/#website","url":"https:\/\/gblexpress.com\/","name":"GBL Express","description":"","publisher":{"@id":"https:\/\/gblexpress.com\/#organization"},"potentialAction":[{"@type":"SearchAction","target":{"@type":"EntryPoint","urlTemplate":"https:\/\/gblexpress.com\/?s={search_term_string}"},"query-input":{"@type":"PropertyValueSpecification","valueRequired":true,"valueName":"search_term_string"}}],"inLanguage":"hu"},{"@type":"Organization","@id":"https:\/\/gblexpress.com\/#organization","name":"GBL Express","url":"https:\/\/gblexpress.com\/","logo":{"@type":"ImageObject","inLanguage":"hu","@id":"https:\/\/gblexpress.com\/#\/schema\/logo\/image\/","url":"https:\/\/gblexpress.com\/wp-content\/uploads\/2023\/01\/logo.png","contentUrl":"https:\/\/gblexpress.com\/wp-content\/uploads\/2023\/01\/logo.png","width":250,"height":52,"caption":"GBL Express"},"image":{"@id":"https:\/\/gblexpress.com\/#\/schema\/logo\/image\/"}}]}},"jetpack-related-posts":[],"jetpack_sharing_enabled":true,"_links":{"self":[{"href":"https:\/\/gblexpress.com\/hu\/wp-json\/wp\/v2\/product\/624","targetHints":{"allow":["GET"]}}],"collection":[{"href":"https:\/\/gblexpress.com\/hu\/wp-json\/wp\/v2\/product"}],"about":[{"href":"https:\/\/gblexpress.com\/hu\/wp-json\/wp\/v2\/types\/product"}],"replies":[{"embeddable":true,"href":"https:\/\/gblexpress.com\/hu\/wp-json\/wp\/v2\/comments?post=624"}],"wp:featuredmedia":[{"embeddable":true,"href":"https:\/\/gblexpress.com\/hu\/wp-json\/wp\/v2\/media\/1627"}],"wp:attachment":[{"href":"https:\/\/gblexpress.com\/hu\/wp-json\/wp\/v2\/media?parent=624"}],"wp:term":[{"taxonomy":"product_brand","embeddable":true,"href":"https:\/\/gblexpress.com\/hu\/wp-json\/wp\/v2\/product_brand?post=624"},{"taxonomy":"product_cat","embeddable":true,"href":"https:\/\/gblexpress.com\/hu\/wp-json\/wp\/v2\/product_cat?post=624"},{"taxonomy":"product_tag","embeddable":true,"href":"https:\/\/gblexpress.com\/hu\/wp-json\/wp\/v2\/product_tag?post=624"}],"curies":[{"name":"wp","href":"https:\/\/api.w.org\/{rel}","templated":true}]}}