{"id":424,"date":"2023-01-31T09:04:08","date_gmt":"2023-01-31T09:04:08","guid":{"rendered":"https:\/\/chemswell.com\/gbl\/?page_id=424"},"modified":"2024-06-07T10:17:46","modified_gmt":"2024-06-07T10:17:46","slug":"ritalin","status":"publish","type":"page","link":"https:\/\/gblexpress.com\/it\/ritalin\/","title":{"rendered":"Acquista il Ritalin online"},"content":{"rendered":"<section class=\"wpb_row vc_row-fluid vc_custom_1675150671160\"><div class=\"container\"><div class=\"row\"><div class=\"wpb_column vc_column_container vc_col-sm-12\"><div class=\"vc_column-inner\"><div class=\"wpb_wrapper\"  >\n\t<div class=\"wpb_text_column wpb_content_element\" >\n\t\t<div class=\"wpb_wrapper\">\n\t\t\t<h2 style=\"text-align: center; font-size: 30px;\">ACQUISTA IL RITALIN ONLINE<\/h2>\n<h3 style=\"text-align: center;\">Acquista GHB puro al 100% online su GBLExpress<\/h3>\n<p style=\"text-align: center; font-size: 19px;\">Vuoi <a href=\"https:\/\/gblexpress.com\/it\/ritalin\/\"><strong>Acquista il Ritalin online<\/strong><\/a> in modo sicuro e protetto? GBL Express \u00e8 la soluzione perfetta per te. Il Ritalin \u00e8 un farmaco efficace ed essenziale per molti malati di ADHD, ma pu\u00f2 essere difficile da reperire e costoso. Quando compri il Ritalin<br \/>\nSu GBLExpress puoi beneficiare di consegne sicure e prezzi competitivi. In qualit\u00e0 di farmacia registrata, garantiamo che tutti i nostri prodotti sono approvati per i pazienti con ADHD. Quindi, se ti stai chiedendo dove acquistare il Ritalin online, non guardare oltre GBLExpress a prezzi competitivi! Usa il nostro servizio oggi e ordina il tuo Ritalin in tutta sicurezza da noi.<\/p>\n\n\t\t<\/div>\n\t<\/div>\n<div class=\"vc_btn3-container vc_btn3-center\" ><a class=\"vc_general vc_btn3 vc_btn3-size-md vc_btn3-shape-square vc_btn3-style-modern vc_btn3-color-black\" href=\"https:\/\/gblexpress.com\/it\/negozio\/acquistare-ritalin\/\" title=\"\">Acquista ora<\/a><\/div><\/div><\/div><\/div><\/div><\/div><\/section><section class=\"wpb_row vc_row-fluid vc_custom_1675104750211\"><div class=\"container\"><div class=\"row\"><div class=\"wpb_column vc_column_container vc_col-sm-6\"><div class=\"vc_column-inner\"><div class=\"wpb_wrapper\"  >\n\t<div class=\"wpb_text_column wpb_content_element\" >\n\t\t<div class=\"wpb_wrapper\">\n\t\t\t<h2 style=\"text-align: justify;\">Cos'\u00e8 il Ritalin e come acquistare il Ritalin?<\/h2>\n<p style=\"text-align: justify;\">Se sei come la maggior parte delle persone, conosci almeno una persona che ha il disturbo da deficit di attenzione e iperattivit\u00e0 (ADHD). L'ADHD \u00e8 un disturbo mentale che colpisce il modo in cui una persona regola la propria attenzione e il proprio comportamento. Le persone con ADHD hanno spesso difficolt\u00e0 a concentrarsi, concentrarsi e controllare i propri impulsi. Sebbene non esista un'unica cura per l'ADHD, il trattamento prevede in genere farmaci come il Ritalin. Puoi <a href=\"https:\/\/en.wikipedia.org\/wiki\/Methylphenidate\" target=\"_blank\" rel=\"noopener\">Ritalin<\/a> Ordinate semplicemente online su GBLExpress e aspettate la consegna a breve!<\/p>\n<h2 style=\"text-align: justify;\">Uso ed efficacia del Ritalin<\/h2>\n<p style=\"text-align: justify;\">Un farmaco noto come anfetamine, che include il Ritalin, \u00e8 chiamato stimolante della classe delle anfetamine. Il suo uso aumenta i livelli di dopamina nel cervello, con conseguente miglioramento della concentrazione e capacit\u00e0 di prestare attenzione pi\u00f9 a lungo. Le persone che soffrono di ADHD spesso si rivolgono a questo medicinale per un migliore controllo dei loro sintomi.<\/p>\n\n\t\t<\/div>\n\t<\/div>\n\t\t\t\n\t<!-- Element: OT Button --> \n\t\t\t<a href=\"https:\/\/gblexpress.com\/it\/negozio\/acquistare-ritalin\/\" target=\"_self\" class=\"btn btn-line-black btn-big\">Acquista ora<\/a>\n\t    \n<\/div><\/div><\/div><div class=\"wpb_column vc_column_container vc_col-sm-6\"><div class=\"vc_column-inner\"><div class=\"wpb_wrapper\"  >\n\t<div  class=\"wpb_single_image wpb_content_element vc_align_left\">\n\t\t\n\t\t<figure class=\"wpb_wrapper vc_figure\">\n\t\t\t<div class=\"vc_single_image-wrapper vc_box_rounded  vc_box_border_grey\"><img loading=\"lazy\" decoding=\"async\" width=\"615\" height=\"615\" src=\"https:\/\/gblexpress.com\/wp-content\/uploads\/2023\/01\/buy-ritalin-online.jpg\" class=\"vc_single_image-img attachment-full\" alt=\"Acquista il Ritalin online\" srcset=\"https:\/\/gblexpress.com\/wp-content\/uploads\/2023\/01\/buy-ritalin-online.jpg 615w, https:\/\/gblexpress.com\/wp-content\/uploads\/2023\/01\/buy-ritalin-online-300x300.jpg 300w, https:\/\/gblexpress.com\/wp-content\/uploads\/2023\/01\/buy-ritalin-online-150x150.jpg 150w\" sizes=\"auto, (max-width: 615px) 100vw, 615px\" title=\"Acquista il Ritalin online\" \/><\/div>\n\t\t<\/figure>\n\t<\/div>\n<\/div><\/div><\/div><\/div><\/div><\/section><section class=\"wpb_row vc_row-fluid\"><div class=\"container\"><div class=\"row\"><div class=\"wpb_column vc_column_container vc_col-sm-6\"><div class=\"vc_column-inner\"><div class=\"wpb_wrapper\"  >\n\t<div  class=\"wpb_single_image wpb_content_element vc_align_left\">\n\t\t\n\t\t<figure class=\"wpb_wrapper vc_figure\">\n\t\t\t<div class=\"vc_single_image-wrapper vc_box_rounded  vc_box_border_grey\"><img loading=\"lazy\" decoding=\"async\" width=\"615\" height=\"350\" src=\"https:\/\/gblexpress.com\/wp-content\/uploads\/2023\/01\/ritalin-tablets.jpg\" class=\"vc_single_image-img attachment-full\" alt=\"Comprare le compresse di Ritalin online\" srcset=\"https:\/\/gblexpress.com\/wp-content\/uploads\/2023\/01\/ritalin-tablets.jpg 615w, https:\/\/gblexpress.com\/wp-content\/uploads\/2023\/01\/ritalin-tablets-300x171.jpg 300w\" sizes=\"auto, (max-width: 615px) 100vw, 615px\" title=\"Comprare le compresse di Ritalin online\" \/><\/div>\n\t\t<\/figure>\n\t<\/div>\n<\/div><\/div><\/div><div class=\"wpb_column vc_column_container vc_col-sm-6\"><div class=\"vc_column-inner vc_custom_1675105084996\"><div class=\"wpb_wrapper\"  >\n\t<div class=\"wpb_text_column wpb_content_element\" >\n\t\t<div class=\"wpb_wrapper\">\n\t\t\t<h2>Perch\u00e9 acquistare il Ritalin online da noi?<\/h2>\n<p style=\"text-align: justify;\">In GBLExpress comprendiamo l'importanza di acquistare Ritalin 10 mg, 20 mg in modo sicuro e protetto. Ecco perch\u00e9 offriamo prezzi pi\u00f9 bassi rispetto alle farmacie tradizionali e il nostro sistema di pagamento \u00e8 sicuro e veloce. Il nostro personale del servizio clienti \u00e8 esperto e pronto a rispondere a qualsiasi tua domanda su questo farmaco o qualsiasi altro prodotto che vendiamo.<\/p>\n<p style=\"text-align: justify;\">Che tu stia cercando Ritalin di marca o generico, ti abbiamo coperto - sicuro e protetto. Acquista Ritalin ora senza prescrizione medica su GBLExpress!<\/p>\n\n\t\t<\/div>\n\t<\/div>\n\t\t\t\n\t<!-- Element: OT Button --> \n\t\t\t<a href=\"https:\/\/gblexpress.com\/it\/negozio\/acquistare-ritalin\/\" target=\"_self\" class=\"btn btn-line-black btn-big\">Acquista ora<\/a>\n\t    \n<\/div><\/div><\/div><\/div><\/div><\/section><section class=\"wpb_row vc_row-fluid\"><div class=\"container\"><div class=\"row\"><div class=\"wpb_column vc_column_container vc_col-sm-12\"><div class=\"vc_column-inner\"><div class=\"wpb_wrapper\"  >\n\t<div class=\"wpb_text_column wpb_content_element\" >\n\t\t<div class=\"wpb_wrapper\">\n\t\t\t<h2 style=\"text-align: center;\">Cosa fa il Ritalin?<\/h2>\n<p style=\"text-align: center;\">Il Ritalin in particolare aumenta la quantit\u00e0 di dopamina nel cervello in due modi diversi: in primo luogo, inibisce la ricaptazione della dopamina e, in secondo luogo, stimola il rilascio di dopamina dalle cellule. Ci\u00f2 significa che \u00e8 disponibile pi\u00f9 dopamina per interagire con i recettori nel cervello, il che aiuta ad aumentare la capacit\u00e0 di concentrarsi e sostenere l'attenzione per periodi di tempo pi\u00f9 lunghi.<\/p>\n\n\t\t<\/div>\n\t<\/div>\n<\/div><\/div><\/div><\/div><\/div><\/section><section class=\"wpb_row vc_row-fluid\"><div class=\"container\"><div class=\"row\"><div class=\"wpb_column vc_column_container vc_col-sm-12\"><div class=\"vc_column-inner\"><div class=\"wpb_wrapper\"  >\n\t<div class=\"wpb_text_column wpb_content_element\" >\n\t\t<div class=\"wpb_wrapper\">\n\t\t\t<h3 style=\"text-align: justify;\">Ecco come funziona il Ritalin<\/h3>\n<p style=\"text-align: justify;\">Il Ritalin agisce influenzando i livelli di alcune sostanze chimiche nel cervello, in particolare la dopamina e la norepinefrina. Questi neurotrasmettitori svolgono un ruolo chiave nella regolazione dell\u2019attenzione, del comportamento e del sonno. Il Ritalin in vendita aumenta la concentrazione di queste sostanze chimiche nella fessura sinaptica inibendo la loro ricaptazione nei neuroni e aumentandone il rilascio, migliorando cos\u00ec la comunicazione tra i neuroni. Questa maggiore attivit\u00e0 dei neurotrasmettitori aiuta a migliorare la concentrazione, la capacit\u00e0 di attenzione e il controllo degli impulsi negli individui con ADHD e supporta la vigilanza negli individui con narcolessia. A GBL Express ti aiutiamo ad acquistare il Ritalin online a prezzi convenienti.<\/p>\n<h3 style=\"text-align: justify;\">Dosaggio e somministrazione<\/h3>\n<p style=\"text-align: justify;\">Il Ritalin \u00e8 disponibile nel nostro negozio Ritan in varie forme, comprese compresse a rilascio immediato e prolungato, e il dosaggio \u00e8 adattato alle esigenze individuali del paziente. La forma a rilascio immediato viene solitamente assunta due o tre volte al giorno, da 30 a 45 minuti prima dei pasti. La forma a rilascio prolungato, invece, viene solitamente assunta una volta al giorno al mattino. \u00c8 importante seguire le istruzioni del prescrittore riguardo al dosaggio e alla somministrazione per massimizzare l'efficacia del farmaco e ridurre al minimo i possibili effetti collaterali.<\/p>\n<h3 style=\"text-align: justify;\">Effetti collaterali e precauzioni<\/h3>\n<p style=\"text-align: justify;\">Gli effetti collaterali comuni del Ritalin includono nervosismo, disturbi del sonno, perdita di appetito, perdita di peso, vertigini, nausea, vomito e mal di testa. Effetti collaterali pi\u00f9 gravi, sebbene rari, possono includere palpitazioni cardiache, aumento della pressione sanguigna e cambiamenti mentali\/dell'umore come agitazione, aggressivit\u00e0 o depressione. \u00c8 importante che i pazienti discutano la loro storia medica con il proprio medico prima di iniziare il Ritalin, soprattutto se hanno una storia di problemi cardiaci, malattie mentali o abuso di sostanze.<\/p>\n<h3 style=\"text-align: justify;\">Interazioni tra Ritalin e altri farmaci<\/h3>\n<p style=\"text-align: justify;\">Il Ritalin pu\u00f2 interagire con altri farmaci, rendendolo meno efficace o aumentando il rischio di effetti collaterali gravi. I pazienti devono informare il proprio medico di tutti i farmaci da prescrizione e da banco che stanno assumendo, comprese vitamine e integratori a base di erbe. Interazioni degne di nota includono alcuni antidepressivi, farmaci per la pressione sanguigna e anticoagulanti. L'alcol e altri stimolanti del sistema nervoso centrale dovrebbero essere evitati durante l'assunzione di Ritalin per prevenire il peggioramento degli effetti collaterali.<\/p>\n<p style=\"text-align: justify;\"><em><strong>Ordina il Ritalin online da GBL Express e attendi la consegna dei prodotti desiderati in breve tempo!<\/strong><\/em><\/p>\n\n\t\t<\/div>\n\t<\/div>\n<\/div><\/div><\/div><\/div><\/div><\/section><section class=\"wpb_row vc_row-fluid vc_custom_1675105544557\"><div class=\"container\"><div class=\"row\"><div class=\"wpb_column vc_column_container vc_col-sm-4\"><div class=\"vc_column-inner\"><div class=\"wpb_wrapper\"  >\n\t<div  class=\"wpb_single_image wpb_content_element vc_align_center\">\n\t\t\n\t\t<figure class=\"wpb_wrapper vc_figure\">\n\t\t\t<a href=\"https:\/\/gblexpress.com\/it\/gbl\/\" target=\"_self\" class=\"vc_single_image-wrapper vc_box_rounded  vc_box_border_grey\"><img loading=\"lazy\" decoding=\"async\" width=\"615\" height=\"350\" src=\"https:\/\/gblexpress.com\/wp-content\/uploads\/2023\/01\/gbl-liquid.jpg\" class=\"vc_single_image-img attachment-full\" alt=\"Gamma-butirrolattone GBL Compra online\" srcset=\"https:\/\/gblexpress.com\/wp-content\/uploads\/2023\/01\/gbl-liquid.jpg 615w, https:\/\/gblexpress.com\/wp-content\/uploads\/2023\/01\/gbl-liquid-300x171.jpg 300w\" sizes=\"auto, (max-width: 615px) 100vw, 615px\" title=\"Gamma-butirrolattone GBL Compra online\" \/><\/a>\n\t\t<\/figure>\n\t<\/div>\n<h3 style=\"text-align: left\" class=\"vc_custom_heading\" ><a href=\"https:\/\/gblexpress.com\/it\/gbl\/\">Compra GBL online<\/a><\/h3>\n\t<div class=\"wpb_text_column wpb_content_element\" >\n\t\t<div class=\"wpb_wrapper\">\n\t\t\t<p style=\"text-align: justify;\">GBL Express si occupa da decenni di farmaci GBL e comprende le esigenze dei clienti di tutto il mondo. Puoi facilmente acquistare GBL senza prescrizione medica qui.<\/p>\n\n\t\t<\/div>\n\t<\/div>\n<\/div><\/div><\/div><div class=\"wpb_column vc_column_container vc_col-sm-4\"><div class=\"vc_column-inner\"><div class=\"wpb_wrapper\"  >\n\t<div  class=\"wpb_single_image wpb_content_element vc_align_center\">\n\t\t\n\t\t<figure class=\"wpb_wrapper vc_figure\">\n\t\t\t<a href=\"https:\/\/gblexpress.com\/it\/ghb\/\" target=\"_self\" class=\"vc_single_image-wrapper vc_box_rounded  vc_box_border_grey\"><img loading=\"lazy\" decoding=\"async\" width=\"615\" height=\"350\" src=\"https:\/\/gblexpress.com\/wp-content\/uploads\/2023\/01\/ghb-liquid.jpg\" class=\"vc_single_image-img attachment-full\" alt=\"Gamma Idrossibutirrato compra GHB online\" srcset=\"https:\/\/gblexpress.com\/wp-content\/uploads\/2023\/01\/ghb-liquid.jpg 615w, https:\/\/gblexpress.com\/wp-content\/uploads\/2023\/01\/ghb-liquid-300x171.jpg 300w\" sizes=\"auto, (max-width: 615px) 100vw, 615px\" title=\"Gamma Idrossibutirrato compra GHB online\" \/><\/a>\n\t\t<\/figure>\n\t<\/div>\n<h3 style=\"text-align: left\" class=\"vc_custom_heading\" ><a href=\"https:\/\/gblexpress.com\/it\/ghb\/\">Compra GBL online<\/a><\/h3>\n\t<div class=\"wpb_text_column wpb_content_element\" >\n\t\t<div class=\"wpb_wrapper\">\n\t\t\t<p style=\"text-align: justify;\">Con la disponibilit\u00e0 del nostro negozio, non devi preoccuparti di dove acquistare GHB. Nel nostro negozio online puoi facilmente acquistare GHB senza prescrizione medica.<\/p>\n\n\t\t<\/div>\n\t<\/div>\n<\/div><\/div><\/div><div class=\"wpb_column vc_column_container vc_col-sm-4\"><div class=\"vc_column-inner\"><div class=\"wpb_wrapper\"  >\n\t<div  class=\"wpb_single_image wpb_content_element vc_align_center\">\n\t\t\n\t\t<figure class=\"wpb_wrapper vc_figure\">\n\t\t\t<a href=\"https:\/\/gblexpress.com\/it\/ko-gocce\/\" target=\"_self\" class=\"vc_single_image-wrapper vc_box_rounded  vc_box_border_grey\"><img loading=\"lazy\" decoding=\"async\" width=\"615\" height=\"350\" src=\"https:\/\/gblexpress.com\/wp-content\/uploads\/2023\/01\/ko-drops.jpg\" class=\"vc_single_image-img attachment-full\" alt=\"Comprare KO Drops online\" srcset=\"https:\/\/gblexpress.com\/wp-content\/uploads\/2023\/01\/ko-drops.jpg 615w, https:\/\/gblexpress.com\/wp-content\/uploads\/2023\/01\/ko-drops-300x171.jpg 300w\" sizes=\"auto, (max-width: 615px) 100vw, 615px\" title=\"Comprare KO Drops online\" \/><\/a>\n\t\t<\/figure>\n\t<\/div>\n<h3 style=\"text-align: left\" class=\"vc_custom_heading\" ><a href=\"https:\/\/gblexpress.com\/it\/ko-gocce\/\">Acquista gocce KO online<\/a><\/h3>\n\t<div class=\"wpb_text_column wpb_content_element\" >\n\t\t<div class=\"wpb_wrapper\">\n\t\t\t<p style=\"text-align: justify;\">Il nostro negozio online ti aiuter\u00e0 a ordinare drop knockout online ai migliori prezzi. Con il supporto del nostro negozio, non devi preoccuparti di dove acquistare gocce knockout.<\/p>\n\n\t\t<\/div>\n\t<\/div>\n<\/div><\/div><\/div><\/div><\/div><\/section><section class=\"wpb_row vc_row-fluid call-to-action text-light bg-color vc_custom_1675107688125\"><div class=\"container\"><div class=\"row\"><div class=\"wpb_column vc_column_container vc_col-sm-8\"><div class=\"vc_column-inner\"><div class=\"wpb_wrapper\"  ><h3 style=\"text-align: left\" class=\"vc_custom_heading mt20\" >Richiedi un preventivo gratuito per i nostri prodotti!<\/h3><\/div><\/div><\/div><div class=\"wpb_column vc_column_container vc_col-sm-4\"><div class=\"vc_column-inner\"><div class=\"wpb_wrapper\"  >\t\t\t\n\t<!-- Element: OT Button 2 --> \n\t<a href=\"http:\/\/gblexpress.com\/it\/contattaci\/\" title=\"Richiedi ora\" target=\" _blank\" class=\"btn btn-line btn-big mt10\">Richiedi ora<\/a>\t\n<\/div><\/div><\/div><\/div><\/div><\/section>","protected":false},"excerpt":{"rendered":"COMPRARE RITALIN ONLINE Comprare Ritalin puro 100 % online su GBLExpress Volete acquistare Ritalin online in modo sicuro e protetto? GBL Express \u00e8 la soluzione perfetta per voi. Il Ritalin \u00e8 un farmaco efficace ed essenziale per molti pazienti affetti da ADHD, ma pu\u00f2 essere difficile da ottenere e costoso. Acquistando il Ritalin da GBLExpress [...]","protected":false},"author":1,"featured_media":0,"parent":0,"menu_order":0,"comment_status":"closed","ping_status":"closed","template":"page-templates\/template-fullwidth.php","meta":{"_joinchat":[],"footnotes":""},"class_list":["post-424","page","type-page","status-publish","hentry"],"yoast_head":"<!-- This site is optimized with the Yoast SEO plugin v25.4 - https:\/\/yoast.com\/wordpress\/plugins\/seo\/ -->\n<title>Ritalin Online Kaufen - Ritalin online bestellen - Ritalin tabletten<\/title>\n<meta name=\"description\" content=\"Auf der Suche nach Ritalin-Tabletten in bester Qualit\u00e4t online 10 mg, 20 mg, 30 mg? Wir sind der beste Lieferant von Ritalin. Sie k\u00f6nnen Ritalin online kaufen, Ritalin legal bestellen.\" \/>\n<meta name=\"robots\" content=\"index, follow, max-snippet:-1, max-image-preview:large, max-video-preview:-1\" \/>\n<link rel=\"canonical\" href=\"https:\/\/gblexpress.com\/it\/ritalin\/\" \/>\n<meta property=\"og:locale\" content=\"it_IT\" \/>\n<meta property=\"og:type\" content=\"article\" \/>\n<meta property=\"og:title\" content=\"Ritalin Online Kaufen - Ritalin online bestellen - Ritalin tabletten\" \/>\n<meta property=\"og:description\" content=\"Auf der Suche nach Ritalin-Tabletten in bester Qualit\u00e4t online 10 mg, 20 mg, 30 mg? Wir sind der beste Lieferant von Ritalin. Sie k\u00f6nnen Ritalin online kaufen, Ritalin legal bestellen.\" \/>\n<meta property=\"og:url\" content=\"https:\/\/gblexpress.com\/it\/ritalin\/\" \/>\n<meta property=\"og:site_name\" content=\"GBL Express\" \/>\n<meta property=\"article:modified_time\" content=\"2024-06-07T10:17:46+00:00\" \/>\n<meta name=\"twitter:card\" content=\"summary_large_image\" \/>\n<meta name=\"twitter:label1\" content=\"Tempo di lettura stimato\" \/>\n\t<meta name=\"twitter:data1\" content=\"5 minuti\" \/>\n<!-- \/ Yoast SEO plugin. -->","yoast_head_json":{"title":"Comprare Ritalin online - Ordinare Ritalin online - Compresse di Ritalin","description":"Cercate le migliori compresse di Ritalin online da 10 mg, 20 mg, 30 mg? Siamo il miglior fornitore di Ritalin. \u00c8 possibile acquistare Ritalin online, ordinare Ritalin legalmente.","robots":{"index":"index","follow":"follow","max-snippet":"max-snippet:-1","max-image-preview":"max-image-preview:large","max-video-preview":"max-video-preview:-1"},"canonical":"https:\/\/gblexpress.com\/it\/ritalin\/","og_locale":"it_IT","og_type":"article","og_title":"Ritalin Online Kaufen - Ritalin online bestellen - Ritalin tabletten","og_description":"Auf der Suche nach Ritalin-Tabletten in bester Qualit\u00e4t online 10 mg, 20 mg, 30 mg? Wir sind der beste Lieferant von Ritalin. Sie k\u00f6nnen Ritalin online kaufen, Ritalin legal bestellen.","og_url":"https:\/\/gblexpress.com\/it\/ritalin\/","og_site_name":"GBL Express","article_modified_time":"2024-06-07T10:17:46+00:00","twitter_card":"summary_large_image","twitter_misc":{"Tempo di lettura stimato":"5 minuti"},"schema":{"@context":"https:\/\/schema.org","@graph":[{"@type":"WebPage","@id":"https:\/\/gblexpress.com\/ritalin\/","url":"https:\/\/gblexpress.com\/ritalin\/","name":"Comprare Ritalin online - Ordinare Ritalin online - Compresse di Ritalin","isPartOf":{"@id":"https:\/\/gblexpress.com\/#website"},"datePublished":"2023-01-31T09:04:08+00:00","dateModified":"2024-06-07T10:17:46+00:00","description":"Cercate le migliori compresse di Ritalin online da 10 mg, 20 mg, 30 mg? Siamo il miglior fornitore di Ritalin. \u00c8 possibile acquistare Ritalin online, ordinare Ritalin legalmente.","breadcrumb":{"@id":"https:\/\/gblexpress.com\/ritalin\/#breadcrumb"},"inLanguage":"it-IT","potentialAction":[{"@type":"ReadAction","target":["https:\/\/gblexpress.com\/ritalin\/"]}]},{"@type":"BreadcrumbList","@id":"https:\/\/gblexpress.com\/ritalin\/#breadcrumb","itemListElement":[{"@type":"ListItem","position":1,"name":"Home","item":"https:\/\/gblexpress.com\/"},{"@type":"ListItem","position":2,"name":"Ritalin Online Kaufen"}]},{"@type":"WebSite","@id":"https:\/\/gblexpress.com\/#website","url":"https:\/\/gblexpress.com\/","name":"GBL Express","description":"","publisher":{"@id":"https:\/\/gblexpress.com\/#organization"},"potentialAction":[{"@type":"SearchAction","target":{"@type":"EntryPoint","urlTemplate":"https:\/\/gblexpress.com\/?s={search_term_string}"},"query-input":{"@type":"PropertyValueSpecification","valueRequired":true,"valueName":"search_term_string"}}],"inLanguage":"it-IT"},{"@type":"Organization","@id":"https:\/\/gblexpress.com\/#organization","name":"GBL Express","url":"https:\/\/gblexpress.com\/","logo":{"@type":"ImageObject","inLanguage":"it-IT","@id":"https:\/\/gblexpress.com\/#\/schema\/logo\/image\/","url":"https:\/\/gblexpress.com\/wp-content\/uploads\/2023\/01\/logo.png","contentUrl":"https:\/\/gblexpress.com\/wp-content\/uploads\/2023\/01\/logo.png","width":250,"height":52,"caption":"GBL Express"},"image":{"@id":"https:\/\/gblexpress.com\/#\/schema\/logo\/image\/"}}]}},"jetpack-related-posts":[],"jetpack_sharing_enabled":true,"_links":{"self":[{"href":"https:\/\/gblexpress.com\/it\/wp-json\/wp\/v2\/pages\/424","targetHints":{"allow":["GET"]}}],"collection":[{"href":"https:\/\/gblexpress.com\/it\/wp-json\/wp\/v2\/pages"}],"about":[{"href":"https:\/\/gblexpress.com\/it\/wp-json\/wp\/v2\/types\/page"}],"author":[{"embeddable":true,"href":"https:\/\/gblexpress.com\/it\/wp-json\/wp\/v2\/users\/1"}],"replies":[{"embeddable":true,"href":"https:\/\/gblexpress.com\/it\/wp-json\/wp\/v2\/comments?post=424"}],"version-history":[{"count":9,"href":"https:\/\/gblexpress.com\/it\/wp-json\/wp\/v2\/pages\/424\/revisions"}],"predecessor-version":[{"id":1055,"href":"https:\/\/gblexpress.com\/it\/wp-json\/wp\/v2\/pages\/424\/revisions\/1055"}],"wp:attachment":[{"href":"https:\/\/gblexpress.com\/it\/wp-json\/wp\/v2\/media?parent=424"}],"curies":[{"name":"wp","href":"https:\/\/api.w.org\/{rel}","templated":true}]}}