{"id":1239,"date":"2024-11-26T05:39:52","date_gmt":"2024-11-26T05:39:52","guid":{"rendered":"https:\/\/gblexpress.com\/?post_type=product&#038;p=1239"},"modified":"2026-02-28T09:26:03","modified_gmt":"2026-02-28T09:26:03","slug":"metamfetamina","status":"publish","type":"product","link":"https:\/\/gblexpress.com\/it\/prodotto-2\/metamfetamina\/","title":{"rendered":"Metamfetamina"},"content":{"rendered":"<h2><strong>Metamfetamin Online kaufen: Alles \u00fcber Wirkung, Dosierung und sicheren\u00a0<\/strong><\/h2>\n<p><a href=\"https:\/\/gblexpress.com\/it\/prodotto-2\/metamfetamina\/\"><strong>Metamfetamina<\/strong><\/a>nota anche come crystal meth, \u00e8 un potente stimolante noto per i suoi intensi effetti energizzanti ed euforizzanti. Molte persone cercano specificamente <a href=\"https:\/\/en.wikipedia.org\/wiki\/Ketamine\"><strong>Cristalli di metamfetamina<\/strong><\/a> o <strong>Metamfetamina in polvere<\/strong>per sperimentare un'energia duratura e una maggiore vigilanza. Se <strong>Comprare Metamfetamine<\/strong>\u00e8 fondamentale conoscere l'effetto, il dosaggio e le misure di sicurezza<a href=\"https:\/\/gblexprimer.com\/product\/lsd-kwas\/\">.<\/a><\/p>\n<h3><strong>Che cos'\u00e8 la metamfetamina?<\/strong><\/h3>\n<p>La metamfetamina \u00e8 un composto chimico che agisce sul sistema nervoso centrale. Viene spesso offerta nelle seguenti forme:<\/p>\n<ul>\n<li><strong>Cristalli di metamfetamina:<\/strong> Forma ad alta purezza nota per un effetto forte e duraturo<a href=\"https:\/\/gblexpress.com\/it\/negozio\/gbl-acquista-online-butirrolattone-acquista\/\">.<\/a><\/li>\n<li><strong>Metamfetamina in polvere:<\/strong> Dosaggio flessibile e facile da usare.<\/li>\n<\/ul>\n<p>Questa sostanza \u00e8 spesso apprezzata per le sue propriet\u00e0 stimolanti, ma anche per la sua capacit\u00e0 di aumentare la vigilanza e le prestazioni fisiche.<\/p>\n<h3><strong>Effetto della metamfetamina<\/strong><\/h3>\n<p>Il <strong>Effetto della metamfetamina<\/strong> si manifesta tipicamente entro pochi minuti dall'ingestione (pi\u00f9 rapidamente se inalata o iniettata) e pu\u00f2 durare fino a 12 ore. Gli effetti pi\u00f9 comuni includono:<\/p>\n<ul>\n<li><strong>Energia estrema:<\/strong> Sensazione di aumento delle prestazioni fisiche e mentali.<\/li>\n<li><strong>Euforia:<\/strong> Uno sballo intenso che dura a lungo.<\/li>\n<li><strong>Concentrazione e vigilanza:<\/strong> Miglioramento della concentrazione e dell'attenzione.<\/li>\n<li><strong>Soppressione della stanchezza:<\/strong> Ideale per periodi di veglia o attivit\u00e0 prolungate.<\/li>\n<\/ul>\n<h3><strong>Dosaggio della metamfetamina<\/strong><\/h3>\n<p>Il diritto <strong>Dosaggio della metamfetamina<\/strong> varia a seconda dell'esperienza e del metodo di applicazione:<\/p>\n<ul>\n<li><strong>Principianti:<\/strong> 5-10 mg<\/li>\n<li><strong>Utenti esperti:<\/strong> 10-25 mg<\/li>\n<li><strong>Dosaggio elevato:<\/strong> A partire da 25 mg (solo per utenti molto esperti, poich\u00e9 il rischio di effetti collaterali aumenta).<\/li>\n<\/ul>\n<p>\u00c8 importante assumerlo in modo controllato e non sovradosare per evitare effetti collaterali indesiderati.<\/p>\n<h3><strong>Rischi e sicurezza<\/strong><\/h3>\n<p>La metamfetamina \u00e8 una sostanza potente e deve essere usata con cautela. I possibili effetti collaterali sono:<\/p>\n<ul>\n<li><strong>Effetti collaterali a breve termine:<\/strong> Palpitazioni, aumento della pressione sanguigna, perdita di appetito.<\/li>\n<li><strong>Rischi a lungo termine:<\/strong> Dipendenza, disturbi del sonno, nervosismo o stress psicologico.<\/li>\n<\/ul>\n<p>Un luogo di consumo sicuro e un'assunzione sufficiente di liquidi sono fondamentali per ridurre al minimo gli effetti negativi.<\/p>\n<h3><strong>Acquistare metamfetamine in modo sicuro online<\/strong><\/h3>\n<p>Al <strong>Acquistare metamfetamine online<\/strong> \u00e8 necessario cercare una fonte affidabile che garantisca qualit\u00e0 e discrezione. La nostra piattaforma offre:<\/p>\n<ul>\n<li><strong>Consegna discreta:<\/strong> Imballato in modo anonimo e sicuro.<\/li>\n<li><strong>Purezza testata:<\/strong> Prodotti di altissima qualit\u00e0 con informazioni chiare sul dosaggio.<\/li>\n<li><strong>Ordinazione semplice:<\/strong> Acquistare cristalli o polvere di metamfetamina in modo semplice e veloce.<\/li>\n<\/ul>\n<h3><strong>Acquista ora Metamfetamine<\/strong><\/h3>\n<p>Provate gli effetti intensi di <strong>Metamfetamina<\/strong>. Che preferiate i cristalli o la polvere, con noi potete ordinare online in modo sicuro e discreto. Scoprite un prodotto noto per la sua estrema energia, euforia e prontezza. <strong>Ordinate oggi stesso Metamfetamine online e godetevi un'esperienza unica.<\/strong><\/p>","protected":false},"excerpt":{"rendered":"<p><strong>Metamfetamina<\/strong>conosciuto anche come <strong>Metanfetamina<\/strong>\u00e8 un potente stimolante del sistema nervoso centrale (SNC) appartenente alla classe delle fenetilamine. Conosciuta per la sua capacit\u00e0 di aumentare l'energia e la concentrazione, \u00e8 <strong>Metamfetamina<\/strong> \u00e8 un importante oggetto di ricerca nelle neuroscienze e nella farmacologia, in particolare per lo studio dei neurotrasmettitori dopamina e noradrenalina.<\/p>\n<p><strong>Come funziona la metamfetamina?<\/strong><br \/>\n<strong>Metamfetamina<\/strong> aumenta il rilascio di <strong>Dopamina<\/strong>, <strong>Noradrenalina<\/strong> e <strong>Serotonina<\/strong> nel cervello, inibendo al contempo la loro ricaptazione. Questo porta a un'intensa attivit\u00e0 neuronale, a un aumento della vigilanza e dell'euforia.<\/p>\n<ul>\n<li><strong>Effetti:<\/strong> Aumento dell'energia, della concentrazione, dell'euforia e della vigilanza.<\/li>\n<li><strong>Insorgenza dell'effetto:<\/strong> 10-30 minuti dopo l'ingestione.<\/li>\n<li><strong>Durata dell'effetto:<\/strong> 6-12 ore, a seconda del dosaggio e dei fattori individuali.<\/li>\n<\/ul>\n<p><strong>Formula e propriet\u00e0<\/strong><\/p>\n<ul>\n<li><strong>Nome chimico:<\/strong> N-metil-1-fenilpropan-2-ammina<\/li>\n<li><strong>Formula molecolare:<\/strong> C10H15N<\/li>\n<li><strong>Peso molecolare:<\/strong> 149,24 g\/mol<\/li>\n<\/ul>","protected":false},"featured_media":1625,"comment_status":"open","ping_status":"closed","template":"","meta":{"_joinchat":[]},"product_brand":[],"product_cat":[246],"product_tag":[621,619,631,623,633,646,628,630,641,629,645,636,625,626,624,637,635,634,638,639,640,632,620,642,622,627,643,644],"class_list":{"0":"post-1239","1":"product","2":"type-product","3":"status-publish","4":"has-post-thumbnail","6":"product_cat-sex-meth","7":"product_tag-metamfetamina","8":"product_tag-metamphetamin","9":"product_tag-metamphetamin-anwendung","10":"product_tag-metamphetamin-bestellen","11":"product_tag-metamphetamin-dosierung","12":"product_tag-metamphetamin-fuer-apotheken","13":"product_tag-metamphetamin-fuer-forschung","14":"product_tag-metamphetamin-fuer-labore","15":"product_tag-metamphetamin-fuer-wissenschaftliche-studien","16":"product_tag-metamphetamin-grosshandel","17":"product_tag-metamphetamin-in-deutschland-kaufen","18":"product_tag-metamphetamin-lagerung","19":"product_tag-metamphetamin-lieferant","20":"product_tag-metamphetamin-online-kaufen","21":"product_tag-metamphetamin-preis","22":"product_tag-metamphetamin-reinheit","23":"product_tag-metamphetamin-risiken","24":"product_tag-metamphetamin-sicherheitsrichtlinien","25":"product_tag-metamphetamin-testsubstanzen","26":"product_tag-metamphetamin-vertrieb","27":"product_tag-metamphetamin-weltweit-bestellen","28":"product_tag-metamphetamin-wirkung","29":"product_tag-methamphetamin","30":"product_tag-methamphetamin-chemikalien","31":"product_tag-methamphetamin-kaufen","32":"product_tag-methamphetamin-legal-kaufen","33":"product_tag-methamphetamin-pulver-kaufen","34":"product_tag-wo-metamphetamin-kaufen","36":"first","37":"instock","38":"shipping-taxable","39":"purchasable","40":"product-type-variable"},"yoast_head":"<!-- This site is optimized with the Yoast SEO plugin v25.4 - https:\/\/yoast.com\/wordpress\/plugins\/seo\/ -->\n<title>Methamphetamin online kaufen \u2013 Methamphetamin zu verkaufen<\/title>\n<meta name=\"description\" content=\"Wenn Sie sich f\u00fcr Metamfetamin begeistern, ist unser Shop der beste Ort, um Metamfetamin online zu kaufen. Hier erhalten Sie Metamfetamin zum besten Preis. Bestellen Sie jetzt und erhalten Sie es in K\u00fcrze!\" \/>\n<meta name=\"robots\" content=\"index, follow, max-snippet:-1, max-image-preview:large, max-video-preview:-1\" \/>\n<link rel=\"canonical\" href=\"https:\/\/gblexpress.com\/it\/prodotto-2\/metamfetamina\/\" \/>\n<meta property=\"og:locale\" content=\"it_IT\" \/>\n<meta property=\"og:type\" content=\"article\" \/>\n<meta property=\"og:title\" content=\"Methamphetamin online kaufen \u2013 Methamphetamin zu verkaufen\" \/>\n<meta property=\"og:description\" content=\"Wenn Sie sich f\u00fcr Metamfetamin begeistern, ist unser Shop der beste Ort, um Metamfetamin online zu kaufen. Hier erhalten Sie Metamfetamin zum besten Preis. Bestellen Sie jetzt und erhalten Sie es in K\u00fcrze!\" \/>\n<meta property=\"og:url\" content=\"https:\/\/gblexpress.com\/it\/prodotto-2\/metamfetamina\/\" \/>\n<meta property=\"og:site_name\" content=\"GBL Express\" \/>\n<meta property=\"article:modified_time\" content=\"2026-02-28T09:26:03+00:00\" \/>\n<meta property=\"og:image\" content=\"https:\/\/gblexpress.com\/wp-content\/uploads\/2024\/11\/Metamfetamina.jpg\" \/>\n\t<meta property=\"og:image:width\" content=\"600\" \/>\n\t<meta property=\"og:image:height\" content=\"600\" \/>\n\t<meta property=\"og:image:type\" content=\"image\/jpeg\" \/>\n<meta name=\"twitter:card\" content=\"summary_large_image\" \/>\n<meta name=\"twitter:label1\" content=\"Tempo di lettura stimato\" \/>\n\t<meta name=\"twitter:data1\" content=\"2 minuti\" \/>\n<!-- \/ Yoast SEO plugin. -->","yoast_head_json":{"title":"Acquista metanfetamina online \u2013 Metanfetamina in vendita","description":"Se la metamfetamina ti appassiona, il nostro negozio \u00e8 il posto migliore per acquistarla online. Qui puoi acquistare la metamfetamina al miglior prezzo. Ordina ora e ricevilo presto!","robots":{"index":"index","follow":"follow","max-snippet":"max-snippet:-1","max-image-preview":"max-image-preview:large","max-video-preview":"max-video-preview:-1"},"canonical":"https:\/\/gblexpress.com\/it\/prodotto-2\/metamfetamina\/","og_locale":"it_IT","og_type":"article","og_title":"Methamphetamin online kaufen \u2013 Methamphetamin zu verkaufen","og_description":"Wenn Sie sich f\u00fcr Metamfetamin begeistern, ist unser Shop der beste Ort, um Metamfetamin online zu kaufen. Hier erhalten Sie Metamfetamin zum besten Preis. Bestellen Sie jetzt und erhalten Sie es in K\u00fcrze!","og_url":"https:\/\/gblexpress.com\/it\/prodotto-2\/metamfetamina\/","og_site_name":"GBL Express","article_modified_time":"2026-02-28T09:26:03+00:00","og_image":[{"width":600,"height":600,"url":"https:\/\/gblexpress.com\/wp-content\/uploads\/2024\/11\/Metamfetamina.jpg","type":"image\/jpeg"}],"twitter_card":"summary_large_image","twitter_misc":{"Tempo di lettura stimato":"2 minuti"},"schema":{"@context":"https:\/\/schema.org","@graph":[{"@type":"WebPage","@id":"https:\/\/gblexpress.com\/product\/metamfetamina\/","url":"https:\/\/gblexpress.com\/product\/metamfetamina\/","name":"Acquista metanfetamina online \u2013 Metanfetamina in vendita","isPartOf":{"@id":"https:\/\/gblexpress.com\/#website"},"primaryImageOfPage":{"@id":"https:\/\/gblexpress.com\/product\/metamfetamina\/#primaryimage"},"image":{"@id":"https:\/\/gblexpress.com\/product\/metamfetamina\/#primaryimage"},"thumbnailUrl":"https:\/\/gblexpress.com\/wp-content\/uploads\/2024\/11\/Metamfetamina.jpg","datePublished":"2024-11-26T05:39:52+00:00","dateModified":"2026-02-28T09:26:03+00:00","description":"Se la metamfetamina ti appassiona, il nostro negozio \u00e8 il posto migliore per acquistarla online. Qui puoi acquistare la metamfetamina al miglior prezzo. Ordina ora e ricevilo presto!","breadcrumb":{"@id":"https:\/\/gblexpress.com\/product\/metamfetamina\/#breadcrumb"},"inLanguage":"it-IT","potentialAction":[{"@type":"ReadAction","target":["https:\/\/gblexpress.com\/product\/metamfetamina\/"]}]},{"@type":"ImageObject","inLanguage":"it-IT","@id":"https:\/\/gblexpress.com\/product\/metamfetamina\/#primaryimage","url":"https:\/\/gblexpress.com\/wp-content\/uploads\/2024\/11\/Metamfetamina.jpg","contentUrl":"https:\/\/gblexpress.com\/wp-content\/uploads\/2024\/11\/Metamfetamina.jpg","width":600,"height":600,"caption":"Metamfetamina online kaufen"},{"@type":"BreadcrumbList","@id":"https:\/\/gblexpress.com\/product\/metamfetamina\/#breadcrumb","itemListElement":[{"@type":"ListItem","position":1,"name":"Home","item":"https:\/\/gblexpress.com\/"},{"@type":"ListItem","position":2,"name":"Shop","item":"https:\/\/gblexpress.com\/shop\/"},{"@type":"ListItem","position":3,"name":"Metamfetamina"}]},{"@type":"WebSite","@id":"https:\/\/gblexpress.com\/#website","url":"https:\/\/gblexpress.com\/","name":"GBL Express","description":"","publisher":{"@id":"https:\/\/gblexpress.com\/#organization"},"potentialAction":[{"@type":"SearchAction","target":{"@type":"EntryPoint","urlTemplate":"https:\/\/gblexpress.com\/?s={search_term_string}"},"query-input":{"@type":"PropertyValueSpecification","valueRequired":true,"valueName":"search_term_string"}}],"inLanguage":"it-IT"},{"@type":"Organization","@id":"https:\/\/gblexpress.com\/#organization","name":"GBL Express","url":"https:\/\/gblexpress.com\/","logo":{"@type":"ImageObject","inLanguage":"it-IT","@id":"https:\/\/gblexpress.com\/#\/schema\/logo\/image\/","url":"https:\/\/gblexpress.com\/wp-content\/uploads\/2023\/01\/logo.png","contentUrl":"https:\/\/gblexpress.com\/wp-content\/uploads\/2023\/01\/logo.png","width":250,"height":52,"caption":"GBL Express"},"image":{"@id":"https:\/\/gblexpress.com\/#\/schema\/logo\/image\/"}}]}},"jetpack-related-posts":[],"jetpack_sharing_enabled":true,"_links":{"self":[{"href":"https:\/\/gblexpress.com\/it\/wp-json\/wp\/v2\/product\/1239","targetHints":{"allow":["GET"]}}],"collection":[{"href":"https:\/\/gblexpress.com\/it\/wp-json\/wp\/v2\/product"}],"about":[{"href":"https:\/\/gblexpress.com\/it\/wp-json\/wp\/v2\/types\/product"}],"replies":[{"embeddable":true,"href":"https:\/\/gblexpress.com\/it\/wp-json\/wp\/v2\/comments?post=1239"}],"wp:featuredmedia":[{"embeddable":true,"href":"https:\/\/gblexpress.com\/it\/wp-json\/wp\/v2\/media\/1625"}],"wp:attachment":[{"href":"https:\/\/gblexpress.com\/it\/wp-json\/wp\/v2\/media?parent=1239"}],"wp:term":[{"taxonomy":"product_brand","embeddable":true,"href":"https:\/\/gblexpress.com\/it\/wp-json\/wp\/v2\/product_brand?post=1239"},{"taxonomy":"product_cat","embeddable":true,"href":"https:\/\/gblexpress.com\/it\/wp-json\/wp\/v2\/product_cat?post=1239"},{"taxonomy":"product_tag","embeddable":true,"href":"https:\/\/gblexpress.com\/it\/wp-json\/wp\/v2\/product_tag?post=1239"}],"curies":[{"name":"wp","href":"https:\/\/api.w.org\/{rel}","templated":true}]}}