{"id":1263,"date":"2024-11-26T08:00:49","date_gmt":"2024-11-26T08:00:49","guid":{"rendered":"https:\/\/gblexpress.com\/?post_type=product&#038;p=1263"},"modified":"2026-02-27T10:30:27","modified_gmt":"2026-02-27T10:30:27","slug":"lsd-kvass","status":"publish","type":"product","link":"https:\/\/gblexpress.com\/it\/prodotto-2\/lsd-kvass\/","title":{"rendered":"LSD (kvass)"},"content":{"rendered":"<h2><strong>Acquistare LSD: Ordina blotter, cartoncini e altre varianti in modo sicuro<\/strong><\/h2>\n<p>L'LSD, noto anche come dietilamide dell'acido lisergico, \u00e8 una delle sostanze psichedeliche pi\u00f9 conosciute ed \u00e8 apprezzato per i suoi intensi effetti di alterazione della mente. Che si tratti di <a href=\"https:\/\/en.wikipedia.org\/wiki\/LSD\"><strong>Comprare LSD Blotter<\/strong><\/a>, <a href=\"https:\/\/gblexpress.com\/it\/prodotto-2\/lsd-kvass\/\"><strong>Ordinare il cartone LSD<\/strong><\/a> o si vogliono provare altre varianti, \u00e8 importante capire gli effetti, il dosaggio e le opzioni di ordinazione sicure Comprare LSD<a href=\"https:\/\/gblexprimer.com\/product\/viagra\/\">.<\/a><\/p>\n<h3><strong>Perch\u00e9 acquistare LSD?<\/strong><\/h3>\n<p><strong>1. effetto unico<\/strong><br \/>\nIl <strong>Effetto dell'LSD<\/strong> \u00e8 noto per la sua capacit\u00e0 di cambiare la percezione, intensificare le emozioni e aprire nuove prospettive. Molti utenti riferiscono di un aumento della creativit\u00e0, di intuizioni profonde e di una migliore comprensione di se stessi.<\/p>\n<p><strong>2. forme diverse per esigenze diverse<\/strong><br \/>\nL'LSD \u00e8 disponibile in varie forme:<\/p>\n<ul>\n<li><strong>Blotter:<\/strong> Piccoli pezzi di carta con dosaggio preciso, facili da maneggiare.<\/li>\n<li><strong>Cartone:<\/strong> Ideale sia per i principianti che per gli utenti esperti<a href=\"https:\/\/gblexprimer.com\/product\/viagra\/\">.<\/a><\/li>\n<li><strong>Gocce:<\/strong> Forma liquida che pu\u00f2 essere dosata con precisione.<\/li>\n<\/ul>\n<p><strong>3. applicazioni terapeutiche<\/strong><br \/>\nUn numero sempre maggiore di studi sta esaminando i potenziali benefici terapeutici di <a href=\"https:\/\/www.bing.com\/search?q=LSD%20(Kwas)%20online%20kaufen&amp;qs=n&amp;form=QBRE&amp;sp=-1&amp;lq=0&amp;pq=lsd%20(kwas)%20online%20kaufen&amp;sc=0-24&amp;sk=&amp;cvid=81D4A479BF8B46308FAA2DD81FA77B41&amp;ghsh=0&amp;ghacc=0&amp;ghpl=\">LSD<\/a>, in particolare per depressione, ansia e disturbi da stress post-traumatico.<\/p>\n<h3><strong>Come si fa a dosare correttamente l'LSD?<\/strong><\/h3>\n<p>Il diritto <strong>Dosaggio dell'LSD<\/strong> \u00e8 fondamentale per ottenere l'effetto desiderato. I principianti dovrebbero iniziare con un dosaggio basso per familiarizzare con gli effetti individuali. Gli utenti pi\u00f9 esperti possono regolare gradualmente la quantit\u00e0, ma sempre in un ambiente sicuro.<\/p>\n<h3><strong>Vantaggi dell'acquisto di LSD online<\/strong><\/h3>\n<p>Se tu <strong>Ordinare LSD online<\/strong>beneficiate:<\/p>\n<ul>\n<li><strong>Consegna discreta:<\/strong> Il vostro ordine sar\u00e0 consegnato in forma anonima e confezionato in modo sicuro.<\/li>\n<li><strong>Qualit\u00e0 testata:<\/strong> Garantiamo la purezza e l'efficacia dei nostri prodotti.<\/li>\n<li><strong>Ordinazione semplice:<\/strong> \u00c8 possibile acquistare blotter, cartoncini o gocce di LSD in modo sicuro con pochi clic.<\/li>\n<\/ul>\n<h3><strong>Domande frequenti<\/strong><\/h3>\n<p><strong>L'LSD \u00e8 legale?<\/strong><br \/>\nL'LSD \u00e8 illegale in molti paesi. Informatevi sulle leggi locali prima di acquistare.<\/p>\n<p><strong>Come funziona l'LSD?<\/strong><br \/>\nGli effetti si manifestano circa 20-60 minuti dopo l'ingestione e possono durare fino a 12 ore. Gli effetti tipici includono distorsioni visive, alterazione del senso del tempo e intense esperienze emotive.<\/p>\n<p><strong>Come posso trovare l'offerta migliore?<\/strong><br \/>\nUtilizzate il nostro <strong>Confronto prezzi LSD<\/strong>per trovare prodotti di alta qualit\u00e0 al miglior prezzo.<\/p>\n<h3><strong>Acquista ora l'LSD<\/strong><\/h3>\n<p>Provate l'effetto trasformativo dell'LSD. Se siete alla ricerca di ispirazione creativa, riflessione personale o semplicemente volete scoprire nuove prospettive, qui troverete prodotti LSD di alta qualit\u00e0. <strong>Ordinate oggi stesso blotter, cartoncini o gocce di LSD in modo sicuro e discreto.<\/strong><\/p>","protected":false},"excerpt":{"rendered":"<p><strong>LSD<\/strong>chimicamente noto come <strong>Acido lisergico dietilamide<\/strong> e spesso come <strong>Kvass<\/strong> \u00e8 una sostanza altamente psicoattiva utilizzata per la ricerca sugli stati alterati di coscienza, sulle interazioni tra neurotrasmettitori e sulle applicazioni terapeutiche. Conosciuta per i suoi profondi effetti sulla cognizione e sull'umore, \u00e8 <strong>LSD<\/strong> una componente importante nella moderna neuro e psicofarmacologia.<\/p>\n<p><strong>Come funziona l'LSD?<\/strong><br \/>\n<strong>LSD<\/strong> si lega principalmente a <strong>Recettori 5-HT2A<\/strong> nel cervello, che fanno parte del sistema della serotonina. Questo porta a un aumento dell'attivit\u00e0 neuronale e a un'alterazione del collegamento in rete delle diverse regioni cerebrali.<\/p>\n<ul>\n<li><strong>Effetti:<\/strong> Cambiamenti nella percezione, aumento della creativit\u00e0 e profonde esperienze introspettive.<\/li>\n<li><strong>Insorgenza dell'effetto:<\/strong> 20-90 minuti dopo l'ingestione.<\/li>\n<li><strong>Durata dell'effetto:<\/strong> 6-12 ore, a seconda del dosaggio e del metabolismo individuale.<\/li>\n<\/ul>\n<p><strong>Formula e propriet\u00e0<\/strong><\/p>\n<ul>\n<li><strong>Nome chimico:<\/strong> Acido lisergico dietilamide<\/li>\n<li><strong>Formula molecolare:<\/strong> C20H25N3O<\/li>\n<li><strong>Peso molecolare:<\/strong> 323,44 g\/mol<\/li>\n<li><strong>Dose:<\/strong> In microgrammi (\u00b5g) per un controllo preciso.<\/li>\n<\/ul>","protected":false},"featured_media":1611,"comment_status":"open","ping_status":"closed","template":"","meta":{"_joinchat":[]},"product_brand":[],"product_cat":[246],"product_tag":[533,544,536,557,546,541,542,549,561,543,552,535,551,540,538,560,539,537,558,548,547,550,559,554,545,555,534,556,553],"class_list":{"0":"post-1263","1":"product","2":"type-product","3":"status-publish","4":"has-post-thumbnail","6":"product_cat-sex-meth","7":"product_tag-lsd","8":"product_tag-lsd-anwendung","9":"product_tag-lsd-bestellen","10":"product_tag-lsd-chemikalien","11":"product_tag-lsd-dosierung","12":"product_tag-lsd-fuer-forschung","13":"product_tag-lsd-fuer-labore","14":"product_tag-lsd-fuer-medizinische-studien","15":"product_tag-lsd-fuer-therapeutische-anwendungen","16":"product_tag-lsd-grosshandel","17":"product_tag-lsd-in-deutschland-kaufen","18":"product_tag-lsd-kaufen","19":"product_tag-lsd-lagerung","20":"product_tag-lsd-legal-kaufen","21":"product_tag-lsd-lieferant","22":"product_tag-lsd-mikro-dosierung","23":"product_tag-lsd-online-kaufen","24":"product_tag-lsd-preis","25":"product_tag-lsd-reinheit","26":"product_tag-lsd-risiken","27":"product_tag-lsd-sicherheitsrichtlinien","28":"product_tag-lsd-testsubstanzen","29":"product_tag-lsd-vertrieb","30":"product_tag-lsd-weltweit-bestellen","31":"product_tag-lsd-wirkung","32":"product_tag-lysergsaeure","33":"product_tag-lysergsaeurediethylamid","34":"product_tag-lysergsaeurediethylamid-kaufen","35":"product_tag-wo-lsd-kaufen","37":"first","38":"instock","39":"shipping-taxable","40":"purchasable","41":"product-type-variable"},"yoast_head":"<!-- This site is optimized with the Yoast SEO plugin v25.4 - https:\/\/yoast.com\/wordpress\/plugins\/seo\/ -->\n<title>LSD (Kwas) zu verkaufen \u2013 LSD (Kwas) online kaufen | Gblexpress<\/title>\n<meta name=\"description\" content=\"Holen Sie sich LSD (KWAS) zum Verkauf in einem der besten Online-Shops von gblexpress. Wir helfen Ihnen, hochwertiges LSD (KWAS) online zu kaufen. Z\u00f6gern Sie nicht, Ihre Bestellung aufzugeben und profitieren Sie von den neuesten Rabatten!\" \/>\n<meta name=\"robots\" content=\"index, follow, max-snippet:-1, max-image-preview:large, max-video-preview:-1\" \/>\n<link rel=\"canonical\" href=\"https:\/\/gblexpress.com\/it\/prodotto-2\/lsd-kvass\/\" \/>\n<meta property=\"og:locale\" content=\"it_IT\" \/>\n<meta property=\"og:type\" content=\"article\" \/>\n<meta property=\"og:title\" content=\"LSD (Kwas) zu verkaufen \u2013 LSD (Kwas) online kaufen | Gblexpress\" \/>\n<meta property=\"og:description\" content=\"Holen Sie sich LSD (KWAS) zum Verkauf in einem der besten Online-Shops von gblexpress. Wir helfen Ihnen, hochwertiges LSD (KWAS) online zu kaufen. Z\u00f6gern Sie nicht, Ihre Bestellung aufzugeben und profitieren Sie von den neuesten Rabatten!\" \/>\n<meta property=\"og:url\" content=\"https:\/\/gblexpress.com\/it\/prodotto-2\/lsd-kvass\/\" \/>\n<meta property=\"og:site_name\" content=\"GBL Express\" \/>\n<meta property=\"article:modified_time\" content=\"2026-02-27T10:30:27+00:00\" \/>\n<meta property=\"og:image\" content=\"https:\/\/gblexpress.com\/wp-content\/uploads\/2024\/11\/lsd.jpg\" \/>\n\t<meta property=\"og:image:width\" content=\"600\" \/>\n\t<meta property=\"og:image:height\" content=\"600\" \/>\n\t<meta property=\"og:image:type\" content=\"image\/jpeg\" \/>\n<meta name=\"twitter:card\" content=\"summary_large_image\" \/>\n<meta name=\"twitter:label1\" content=\"Tempo di lettura stimato\" \/>\n\t<meta name=\"twitter:data1\" content=\"2 minuti\" \/>\n<!-- \/ Yoast SEO plugin. -->","yoast_head_json":{"title":"LSD (Kvas) in vendita \u2013 Acquista LSD (Kvas) online | Gblexpress","description":"Acquista LSD (KWAS) in vendita presso uno dei migliori negozi online gblexpress. Ti aiutiamo ad acquistare LSD (KWAS) di alta qualit\u00e0 online. Non esitate a effettuare il vostro ordine e approfittate degli ultimi sconti!","robots":{"index":"index","follow":"follow","max-snippet":"max-snippet:-1","max-image-preview":"max-image-preview:large","max-video-preview":"max-video-preview:-1"},"canonical":"https:\/\/gblexpress.com\/it\/prodotto-2\/lsd-kvass\/","og_locale":"it_IT","og_type":"article","og_title":"LSD (Kwas) zu verkaufen \u2013 LSD (Kwas) online kaufen | Gblexpress","og_description":"Holen Sie sich LSD (KWAS) zum Verkauf in einem der besten Online-Shops von gblexpress. Wir helfen Ihnen, hochwertiges LSD (KWAS) online zu kaufen. Z\u00f6gern Sie nicht, Ihre Bestellung aufzugeben und profitieren Sie von den neuesten Rabatten!","og_url":"https:\/\/gblexpress.com\/it\/prodotto-2\/lsd-kvass\/","og_site_name":"GBL Express","article_modified_time":"2026-02-27T10:30:27+00:00","og_image":[{"width":600,"height":600,"url":"https:\/\/gblexpress.com\/wp-content\/uploads\/2024\/11\/lsd.jpg","type":"image\/jpeg"}],"twitter_card":"summary_large_image","twitter_misc":{"Tempo di lettura stimato":"2 minuti"},"schema":{"@context":"https:\/\/schema.org","@graph":[{"@type":"WebPage","@id":"https:\/\/gblexpress.com\/product\/lsd-kwas\/","url":"https:\/\/gblexpress.com\/product\/lsd-kwas\/","name":"LSD (Kvas) in vendita \u2013 Acquista LSD (Kvas) online | Gblexpress","isPartOf":{"@id":"https:\/\/gblexpress.com\/#website"},"primaryImageOfPage":{"@id":"https:\/\/gblexpress.com\/product\/lsd-kwas\/#primaryimage"},"image":{"@id":"https:\/\/gblexpress.com\/product\/lsd-kwas\/#primaryimage"},"thumbnailUrl":"https:\/\/gblexpress.com\/wp-content\/uploads\/2024\/11\/lsd.jpg","datePublished":"2024-11-26T08:00:49+00:00","dateModified":"2026-02-27T10:30:27+00:00","description":"Acquista LSD (KWAS) in vendita presso uno dei migliori negozi online gblexpress. Ti aiutiamo ad acquistare LSD (KWAS) di alta qualit\u00e0 online. Non esitate a effettuare il vostro ordine e approfittate degli ultimi sconti!","breadcrumb":{"@id":"https:\/\/gblexpress.com\/product\/lsd-kwas\/#breadcrumb"},"inLanguage":"it-IT","potentialAction":[{"@type":"ReadAction","target":["https:\/\/gblexpress.com\/product\/lsd-kwas\/"]}]},{"@type":"ImageObject","inLanguage":"it-IT","@id":"https:\/\/gblexpress.com\/product\/lsd-kwas\/#primaryimage","url":"https:\/\/gblexpress.com\/wp-content\/uploads\/2024\/11\/lsd.jpg","contentUrl":"https:\/\/gblexpress.com\/wp-content\/uploads\/2024\/11\/lsd.jpg","width":600,"height":600,"caption":"lsd online kaufen"},{"@type":"BreadcrumbList","@id":"https:\/\/gblexpress.com\/product\/lsd-kwas\/#breadcrumb","itemListElement":[{"@type":"ListItem","position":1,"name":"Home","item":"https:\/\/gblexpress.com\/"},{"@type":"ListItem","position":2,"name":"Shop","item":"https:\/\/gblexpress.com\/shop\/"},{"@type":"ListItem","position":3,"name":"LSD (Kwas)"}]},{"@type":"WebSite","@id":"https:\/\/gblexpress.com\/#website","url":"https:\/\/gblexpress.com\/","name":"GBL Express","description":"","publisher":{"@id":"https:\/\/gblexpress.com\/#organization"},"potentialAction":[{"@type":"SearchAction","target":{"@type":"EntryPoint","urlTemplate":"https:\/\/gblexpress.com\/?s={search_term_string}"},"query-input":{"@type":"PropertyValueSpecification","valueRequired":true,"valueName":"search_term_string"}}],"inLanguage":"it-IT"},{"@type":"Organization","@id":"https:\/\/gblexpress.com\/#organization","name":"GBL Express","url":"https:\/\/gblexpress.com\/","logo":{"@type":"ImageObject","inLanguage":"it-IT","@id":"https:\/\/gblexpress.com\/#\/schema\/logo\/image\/","url":"https:\/\/gblexpress.com\/wp-content\/uploads\/2023\/01\/logo.png","contentUrl":"https:\/\/gblexpress.com\/wp-content\/uploads\/2023\/01\/logo.png","width":250,"height":52,"caption":"GBL Express"},"image":{"@id":"https:\/\/gblexpress.com\/#\/schema\/logo\/image\/"}}]}},"jetpack-related-posts":[],"jetpack_sharing_enabled":true,"_links":{"self":[{"href":"https:\/\/gblexpress.com\/it\/wp-json\/wp\/v2\/product\/1263","targetHints":{"allow":["GET"]}}],"collection":[{"href":"https:\/\/gblexpress.com\/it\/wp-json\/wp\/v2\/product"}],"about":[{"href":"https:\/\/gblexpress.com\/it\/wp-json\/wp\/v2\/types\/product"}],"replies":[{"embeddable":true,"href":"https:\/\/gblexpress.com\/it\/wp-json\/wp\/v2\/comments?post=1263"}],"wp:featuredmedia":[{"embeddable":true,"href":"https:\/\/gblexpress.com\/it\/wp-json\/wp\/v2\/media\/1611"}],"wp:attachment":[{"href":"https:\/\/gblexpress.com\/it\/wp-json\/wp\/v2\/media?parent=1263"}],"wp:term":[{"taxonomy":"product_brand","embeddable":true,"href":"https:\/\/gblexpress.com\/it\/wp-json\/wp\/v2\/product_brand?post=1263"},{"taxonomy":"product_cat","embeddable":true,"href":"https:\/\/gblexpress.com\/it\/wp-json\/wp\/v2\/product_cat?post=1263"},{"taxonomy":"product_tag","embeddable":true,"href":"https:\/\/gblexpress.com\/it\/wp-json\/wp\/v2\/product_tag?post=1263"}],"curies":[{"name":"wp","href":"https:\/\/api.w.org\/{rel}","templated":true}]}}