{"id":1264,"date":"2024-11-26T08:00:45","date_gmt":"2024-11-26T08:00:45","guid":{"rendered":"https:\/\/gblexpress.com\/?post_type=product&#038;p=1264"},"modified":"2026-02-26T07:24:54","modified_gmt":"2026-02-26T07:24:54","slug":"eroina-2","status":"publish","type":"product","link":"https:\/\/gblexpress.com\/it\/prodotto-2\/eroina-2\/","title":{"rendered":"Eroina"},"content":{"rendered":"<h2><strong>Heroina Online kaufen: Wichtige Informationen zu Typen und Verwendung<\/strong><\/h2>\n<p><a href=\"https:\/\/en.wikipedia.org\/wiki\/Heroin\"><strong>Eroina<\/strong><\/a> \u00e8 una sostanza disponibile in varie forme e tipi. Grazie alle sue propriet\u00e0, \u00e8 spesso ricercata dagli utenti che cercano effetti e applicazioni specifiche. Se si <a href=\"https:\/\/gblexpress.com\/it\/prodotto-2\/eroina-2\/\"><strong>Comprare Heroina<\/strong><\/a> \u00e8 importante comprendere i diversi tipi, i loro effetti e gli usi sicuri.<a href=\"https:\/\/gblexprimer.com\/product\/ketamine-s-isomere-99-rene-500g\/\">.<\/a><\/p>\n<h3><strong>Tipi di eroina<\/strong><\/h3>\n<p><strong>1. polvere di eroina bianca<\/strong><br \/>\nL'eroina bianca \u00e8 altamente purificata e viene solitamente utilizzata per inalazione o iniezione. \u00c8 nota per i suoi effetti rapidi e forti ed \u00e8 preferita dai consumatori che vogliono ottenere i massimi risultati.<a href=\"https:\/\/gblexpress.com\/it\/negozio\/secco-cotto-ghb-500-grammi\/\">.<\/a><\/p>\n<p><strong>2. Eroina marrone (base)<\/strong><br \/>\nL'eroina marrone ha una struttura chimica leggermente diversa e viene spesso fumata o consumata con altri metodi alternativi. \u00c8 meno purificata dell'eroina bianca e viene spesso venduta nei mercati di strada.<\/p>\n<p><strong>3. catrame nero Heroina<\/strong><br \/>\nQuesta forma \u00e8 appiccicosa e di colore pi\u00f9 scuro, nota per la sua minore purezza. Di solito \u00e8 favorita in regioni specifiche e richiede un metodo di preparazione diverso.<\/p>\n<h3><strong>Perch\u00e9 scegliere Heroina?<\/strong><\/h3>\n<p><strong>1. effetto forte e veloce<\/strong><br \/>\nL'eroina \u00e8 nota per la sua capacit\u00e0 di produrre rapidamente un forte effetto, il che la rende una sostanza spesso richiesta.<\/p>\n<p><strong>2. opzioni diverse per esigenze diverse<\/strong><br \/>\nChe si preferisca la polvere bianca per un effetto pi\u00f9 rapido o l'eroina marrone per un effetto pi\u00f9 blando, i tipi offrono una scelta in base alle preferenze dell'utente.<\/p>\n<p><strong>3. applicazione discreta e semplice<\/strong><br \/>\nLa sostanza pu\u00f2 essere consumata in diversi modi, consentendo agli utenti di scegliere il metodo appropriato a seconda del livello di comfort e dell'obiettivo.<\/p>\n<h3><strong>Termini di ricerca e parole chiave popolari<\/strong><\/h3>\n<ul>\n<li><strong>Acquistare Heroina online<\/strong><\/li>\n<li><strong>Heroina Confronta il prezzo<\/strong><\/li>\n<li><strong>Eroina polvere bianca<\/strong><\/li>\n<li><strong>Effetto eroina marrone<\/strong><\/li>\n<li><strong>Comprare Black Tar Heroina<\/strong><\/li>\n<li><strong>Dosaggio dell'eroina<\/strong><\/li>\n<li><strong>Effetti collaterali di Heroina<\/strong><\/li>\n<li><strong>Acquistare Heroina in modo sicuro<\/strong><\/li>\n<\/ul>\n<h3>Acquisto sicuro di eroina<\/h3>\n<p>Offriamo una piattaforma su cui \u00e8 possibile <strong>Acquistare Heroina online<\/strong> con un imballaggio discreto e una consegna rapida. Il nostro obiettivo \u00e8 quello di fornirvi un accesso facile e sicuro ai prodotti di cui avete bisogno.<\/p>\n<h3>Istruzioni per l'uso<\/h3>\n<p>L'uso di <a href=\"https:\/\/duckduckgo.com\/?q=Heroin+online+kaufen&amp;t=h_&amp;ia=web\">Eroina<\/a> dovrebbe essere sempre fatto con cautela. In caso di dubbi sul dosaggio e sull'uso, consultare uno specialista. Prima di assumere la sostanza \u00e8 importante essere consapevoli dei possibili effetti collaterali e dei rischi.<\/p>\n<h3><strong>Acquista ora Heroina<\/strong><\/h3>\n<p>Trovate il tipo giusto per le vostre esigenze e ordinate <a href=\"https:\/\/www.google.de\/search?q=Anavar+50+mg+online+kaufen&amp;sca_esv=7d1b82273738a5db&amp;hl=en&amp;ei=foLiZ_nZK6qMm9cPv4Xd6AQ&amp;ved=0ahUKEwj5kMidgKWMAxUqxuYEHb9CF00Q4dUDCBA&amp;uact=5&amp;oq=Anavar+50+mg+online+kaufen&amp;gs_lp=Egxnd3Mtd2l6LXNlcnAiGkFuYXZhciA1MCBtZyBvbmxpbmUga2F1ZmVuSJsGUABYAHAAeACQAQCYAQCgAQCqAQC4AQPIAQD4AQL4AQGYAgCgAgCYAwCSBwCgBwCyBwC4BwA&amp;sclient=gws-wiz-serp\"><strong>Eroina<\/strong><\/a> online oggi. Scegli tra eroina bianca, eroina marrone o catrame nero<a href=\"https:\/\/www.google.de\/search?q=Anavar+50+mg+online+kaufen&amp;sca_esv=7d1b82273738a5db&amp;hl=en&amp;ei=foLiZ_nZK6qMm9cPv4Xd6AQ&amp;ved=0ahUKEwj5kMidgKWMAxUqxuYEHb9CF00Q4dUDCBA&amp;uact=5&amp;oq=Anavar+50+mg+online+kaufen&amp;gs_lp=Egxnd3Mtd2l6LXNlcnAiGkFuYXZhciA1MCBtZyBvbmxpbmUga2F1ZmVuSJsGUABYAHAAeACQAQCYAQCgAQCqAQC4AQPIAQD4AQL4AQGYAgCgAgCYAwCSBwCgBwCyBwC4BwA&amp;sclient=gws-wiz-serp\">Eroina \u2013 sicura<\/a>online oggi. Scegliete tra Heroina bianca, Heroina marrone o Heroina nera - sicura, discreta e senza complicazioni. Iniziate subito a scoprire le opzioni migliori per le vostre preferenze.<\/p>","protected":false},"excerpt":{"rendered":"<p><strong>Eroina<\/strong>chimicamente noto come <strong>Diacetilmorfina<\/strong>\u00e8 un oppioide semisintetico derivato dalla morfina. \u00c8 noto per le sue forti propriet\u00e0 analgesiche e sedative e viene studiato nella ricerca medica e per applicazioni specialistiche. <strong>Eroina<\/strong> svolge un ruolo fondamentale nella ricerca sui recettori degli oppioidi, sui meccanismi di dipendenza e sulla cura del dolore.<\/p>\n<p><strong>Come funziona l'eroina?<\/strong><br \/>\n<strong>Eroina<\/strong> ha l'effetto di <strong>Recettori \u00b5-opioidi<\/strong> nel sistema nervoso centrale. Questo legame blocca i segnali del dolore, innescando allo stesso tempo un forte rilascio di dopamina, che porta all'euforia e al rilassamento.<\/p>\n<ul>\n<li><strong>Effetti:<\/strong> Rapido sollievo dal dolore, rilassamento e sedazione intensivi.<\/li>\n<li><strong>Insorgenza dell'effetto:<\/strong> 2-10 minuti dopo la somministrazione (a seconda del metodo).<\/li>\n<li><strong>Durata dell'effetto:<\/strong> 3-6 ore.<\/li>\n<\/ul>\n<p><strong>Formula e propriet\u00e0<\/strong><\/p>\n<ul>\n<li><strong>Nome chimico:<\/strong> Diacetilmorfina<\/li>\n<li><strong>Formula molecolare:<\/strong> C21H23NO5<\/li>\n<li><strong>Peso molecolare:<\/strong> 369,41 g\/mol<\/li>\n<\/ul>","protected":false},"featured_media":1612,"comment_status":"open","ping_status":"closed","template":"","meta":{"_joinchat":[]},"product_brand":[],"product_cat":[246],"product_tag":[419,429,418,426,421,436,431,422,443,435,423,430,427,444,420,428,432,441,424,425,437,434,433,439,440,438,442],"class_list":{"0":"post-1264","1":"product","2":"type-product","3":"status-publish","4":"has-post-thumbnail","6":"product_cat-sex-meth","7":"product_tag-diacetylmorphin","8":"product_tag-diacetylmorphin-kaufen","9":"product_tag-heroin","10":"product_tag-heroin-anwendung","11":"product_tag-heroin-bestellen","12":"product_tag-heroin-chemie","13":"product_tag-heroin-dosierung","14":"product_tag-heroin-forschung","15":"product_tag-heroin-fuer-apotheken","16":"product_tag-heroin-fuer-forschung","17":"product_tag-heroin-fuer-medizinische-zwecke","18":"product_tag-heroin-fuer-wissenschaft","19":"product_tag-heroin-grosshandel","20":"product_tag-heroin-in-deutschland-kaufen","21":"product_tag-heroin-kaufen","22":"product_tag-heroin-laborbedarf","23":"product_tag-heroin-lagerung","24":"product_tag-heroin-legal-kaufen","25":"product_tag-heroin-lieferant","26":"product_tag-heroin-preis","27":"product_tag-heroin-reinheit","28":"product_tag-heroin-risiken","29":"product_tag-heroin-sicherheitsrichtlinien","30":"product_tag-heroin-testsubstanzen","31":"product_tag-heroin-weltweit-bestellen","32":"product_tag-heroin-wirkung","33":"product_tag-wo-heroin-kaufen","35":"first","36":"instock","37":"shipping-taxable","38":"purchasable","39":"product-type-variable"},"yoast_head":"<!-- This site is optimized with the Yoast SEO plugin v25.4 - https:\/\/yoast.com\/wordpress\/plugins\/seo\/ -->\n<title>Heroin online kaufen \u2013 Heroin zu verkaufen<\/title>\n<meta name=\"description\" content=\"Kaufen Sie Heroina online zu den besten Preisen in unserem Online-Shop. Wir bieten g\u00fcnstiges und hochwertiges Heroina an und liefern weltweit. Sie k\u00f6nnen jederzeit und \u00fcberall bestellen.\" \/>\n<meta name=\"robots\" content=\"index, follow, max-snippet:-1, max-image-preview:large, max-video-preview:-1\" \/>\n<link rel=\"canonical\" href=\"https:\/\/gblexpress.com\/it\/prodotto-2\/eroina-2\/\" \/>\n<meta property=\"og:locale\" content=\"it_IT\" \/>\n<meta property=\"og:type\" content=\"article\" \/>\n<meta property=\"og:title\" content=\"Heroin online kaufen \u2013 Heroin zu verkaufen\" \/>\n<meta property=\"og:description\" content=\"Kaufen Sie Heroina online zu den besten Preisen in unserem Online-Shop. Wir bieten g\u00fcnstiges und hochwertiges Heroina an und liefern weltweit. Sie k\u00f6nnen jederzeit und \u00fcberall bestellen.\" \/>\n<meta property=\"og:url\" content=\"https:\/\/gblexpress.com\/it\/prodotto-2\/eroina-2\/\" \/>\n<meta property=\"og:site_name\" content=\"GBL Express\" \/>\n<meta property=\"article:modified_time\" content=\"2026-02-26T07:24:54+00:00\" \/>\n<meta property=\"og:image\" content=\"https:\/\/gblexpress.com\/wp-content\/uploads\/2024\/11\/heroin.jpg\" \/>\n\t<meta property=\"og:image:width\" content=\"600\" \/>\n\t<meta property=\"og:image:height\" content=\"600\" \/>\n\t<meta property=\"og:image:type\" content=\"image\/jpeg\" \/>\n<meta name=\"twitter:card\" content=\"summary_large_image\" \/>\n<meta name=\"twitter:label1\" content=\"Tempo di lettura stimato\" \/>\n\t<meta name=\"twitter:data1\" content=\"2 minuti\" \/>\n<!-- \/ Yoast SEO plugin. -->","yoast_head_json":{"title":"Acquista eroina online \u2013 vendi eroina","description":"Acquista Heroina online ai migliori prezzi nel nostro negozio online. Offriamo eroina di alta qualit\u00e0 a prezzi accessibili e spediamo in tutto il mondo. Puoi ordinare sempre e ovunque.","robots":{"index":"index","follow":"follow","max-snippet":"max-snippet:-1","max-image-preview":"max-image-preview:large","max-video-preview":"max-video-preview:-1"},"canonical":"https:\/\/gblexpress.com\/it\/prodotto-2\/eroina-2\/","og_locale":"it_IT","og_type":"article","og_title":"Heroin online kaufen \u2013 Heroin zu verkaufen","og_description":"Kaufen Sie Heroina online zu den besten Preisen in unserem Online-Shop. Wir bieten g\u00fcnstiges und hochwertiges Heroina an und liefern weltweit. Sie k\u00f6nnen jederzeit und \u00fcberall bestellen.","og_url":"https:\/\/gblexpress.com\/it\/prodotto-2\/eroina-2\/","og_site_name":"GBL Express","article_modified_time":"2026-02-26T07:24:54+00:00","og_image":[{"width":600,"height":600,"url":"https:\/\/gblexpress.com\/wp-content\/uploads\/2024\/11\/heroin.jpg","type":"image\/jpeg"}],"twitter_card":"summary_large_image","twitter_misc":{"Tempo di lettura stimato":"2 minuti"},"schema":{"@context":"https:\/\/schema.org","@graph":[{"@type":"WebPage","@id":"https:\/\/gblexpress.com\/product\/heroina\/","url":"https:\/\/gblexpress.com\/product\/heroina\/","name":"Acquista eroina online \u2013 vendi eroina","isPartOf":{"@id":"https:\/\/gblexpress.com\/#website"},"primaryImageOfPage":{"@id":"https:\/\/gblexpress.com\/product\/heroina\/#primaryimage"},"image":{"@id":"https:\/\/gblexpress.com\/product\/heroina\/#primaryimage"},"thumbnailUrl":"https:\/\/gblexpress.com\/wp-content\/uploads\/2024\/11\/heroin.jpg","datePublished":"2024-11-26T08:00:45+00:00","dateModified":"2026-02-26T07:24:54+00:00","description":"Acquista Heroina online ai migliori prezzi nel nostro negozio online. Offriamo eroina di alta qualit\u00e0 a prezzi accessibili e spediamo in tutto il mondo. Puoi ordinare sempre e ovunque.","breadcrumb":{"@id":"https:\/\/gblexpress.com\/product\/heroina\/#breadcrumb"},"inLanguage":"it-IT","potentialAction":[{"@type":"ReadAction","target":["https:\/\/gblexpress.com\/product\/heroina\/"]}]},{"@type":"ImageObject","inLanguage":"it-IT","@id":"https:\/\/gblexpress.com\/product\/heroina\/#primaryimage","url":"https:\/\/gblexpress.com\/wp-content\/uploads\/2024\/11\/heroin.jpg","contentUrl":"https:\/\/gblexpress.com\/wp-content\/uploads\/2024\/11\/heroin.jpg","width":600,"height":600,"caption":"heroin online kaufen"},{"@type":"BreadcrumbList","@id":"https:\/\/gblexpress.com\/product\/heroina\/#breadcrumb","itemListElement":[{"@type":"ListItem","position":1,"name":"Home","item":"https:\/\/gblexpress.com\/"},{"@type":"ListItem","position":2,"name":"Shop","item":"https:\/\/gblexpress.com\/shop\/"},{"@type":"ListItem","position":3,"name":"Heroina"}]},{"@type":"WebSite","@id":"https:\/\/gblexpress.com\/#website","url":"https:\/\/gblexpress.com\/","name":"GBL Express","description":"","publisher":{"@id":"https:\/\/gblexpress.com\/#organization"},"potentialAction":[{"@type":"SearchAction","target":{"@type":"EntryPoint","urlTemplate":"https:\/\/gblexpress.com\/?s={search_term_string}"},"query-input":{"@type":"PropertyValueSpecification","valueRequired":true,"valueName":"search_term_string"}}],"inLanguage":"it-IT"},{"@type":"Organization","@id":"https:\/\/gblexpress.com\/#organization","name":"GBL Express","url":"https:\/\/gblexpress.com\/","logo":{"@type":"ImageObject","inLanguage":"it-IT","@id":"https:\/\/gblexpress.com\/#\/schema\/logo\/image\/","url":"https:\/\/gblexpress.com\/wp-content\/uploads\/2023\/01\/logo.png","contentUrl":"https:\/\/gblexpress.com\/wp-content\/uploads\/2023\/01\/logo.png","width":250,"height":52,"caption":"GBL Express"},"image":{"@id":"https:\/\/gblexpress.com\/#\/schema\/logo\/image\/"}}]}},"jetpack-related-posts":[],"jetpack_sharing_enabled":true,"_links":{"self":[{"href":"https:\/\/gblexpress.com\/it\/wp-json\/wp\/v2\/product\/1264","targetHints":{"allow":["GET"]}}],"collection":[{"href":"https:\/\/gblexpress.com\/it\/wp-json\/wp\/v2\/product"}],"about":[{"href":"https:\/\/gblexpress.com\/it\/wp-json\/wp\/v2\/types\/product"}],"replies":[{"embeddable":true,"href":"https:\/\/gblexpress.com\/it\/wp-json\/wp\/v2\/comments?post=1264"}],"wp:featuredmedia":[{"embeddable":true,"href":"https:\/\/gblexpress.com\/it\/wp-json\/wp\/v2\/media\/1612"}],"wp:attachment":[{"href":"https:\/\/gblexpress.com\/it\/wp-json\/wp\/v2\/media?parent=1264"}],"wp:term":[{"taxonomy":"product_brand","embeddable":true,"href":"https:\/\/gblexpress.com\/it\/wp-json\/wp\/v2\/product_brand?post=1264"},{"taxonomy":"product_cat","embeddable":true,"href":"https:\/\/gblexpress.com\/it\/wp-json\/wp\/v2\/product_cat?post=1264"},{"taxonomy":"product_tag","embeddable":true,"href":"https:\/\/gblexpress.com\/it\/wp-json\/wp\/v2\/product_tag?post=1264"}],"curies":[{"name":"wp","href":"https:\/\/api.w.org\/{rel}","templated":true}]}}