{"id":1802,"date":"2025-06-24T06:15:37","date_gmt":"2025-06-24T06:15:37","guid":{"rendered":"https:\/\/gblexpress.com\/?post_type=product&#038;p=1802"},"modified":"2026-02-25T05:20:14","modified_gmt":"2026-02-25T05:20:14","slug":"comprare-compresse-ghb-online","status":"publish","type":"product","link":"https:\/\/gblexpress.com\/it\/prodotto-2\/comprare-compresse-ghb-online\/","title":{"rendered":"Comprare compresse di GHB online"},"content":{"rendered":"<h2><strong>Acquistare le compresse di gamma-idrossibutirrato online - Assicuratevi la fornitura da fonti affidabili<\/strong><\/h2>\n<p><a href=\"https:\/\/gblexpress.com\/it\/prodotto-2\/comprare-compresse-ghb-online\/\">Le compresse di gamma-idrossibutirrato (GHB) possono essere acquistate online.<\/a> si pu\u00f2 ottenere. Il GHB, un depressore centrale con effetto rilassante, viene utilizzato in diversi ambiti, tra cui il settore del fitness e della salute. Acquistare il GHB da un fornitore affidabile \u00e8 fondamentale per il controllo della qualit\u00e0. Ordinate subito il GHB online da noi e approfittate di una spedizione rapida e discreta.<\/p>\n<h3><strong>Come funziona e cos'\u00e8 la compressa GHB?<\/strong><\/h3>\n<p>Il cervello produce spontaneamente <a href=\"https:\/\/en.wikipedia.org\/wiki\/%CE%93-Hydroxybutyric_acid\">Gamma-idrossibutirrato<\/a> (C4H8O3) come metabolita dell'importante neurotrasmettitore inibitorio acido gamma-aminobutirrico (GABA). Sebbene sia presente in natura, le concentrazioni nel cervello sono significativamente inferiori a quelle comunemente osservate nell'abuso di droghe. A causa dei suoi effetti sedativi e rilassanti, la vendita commerciale del GHB ha portato molte persone ad acquistarlo online. Viene comunemente abusato in discoteche, feste e rave, anche se viene utilizzato in medicina per trattare condizioni come la narcolessia. Il GHB viene spesso pubblicizzato come droga ricreativa quando viene venduto in forma liquida o in polvere.<\/p>\n<h3><strong>Perch\u00e9 le persone acquistano le compresse di GHB online?<\/strong><\/h3>\n<p>Ci sono diversi motivi per cui le persone acquistano compresse di GHB online. Sebbene sia utilizzato a livello medico, ad esempio come farmaco per la narcolessia con il nome commerciale di Xyrem, spesso se ne abusa anche come \"droga da discoteca\" o durante le feste. \u00c8 importante ricordare che esiste una linea sottile tra dosi sicure e nocive e che gli effetti possono essere imprevedibili. Coma, nausea, perdita di memoria e incoscienza sono possibili effetti collaterali. Nonostante queste preoccupazioni, molte persone acquistano ancora compresse di GHB online per scopi ricreativi, spesso senza rendersi conto delle gravi conseguenze.<\/p>\n<h3><strong>\u00c8 sicuro acquistare le compresse di GHB online?<\/strong><\/h3>\n<p>Quando si acquista il GHB online, \u00e8 importante essere consapevoli dei pericoli derivanti da un uso improprio e da prodotti scadenti. Alcuni siti web offrono GHB contaminato che \u00e8 stato mescolato con altre droghe, rendendo gli effetti ancora peggiori. A seconda del paese di origine, la qualit\u00e0 dei prodotti GHB pu\u00f2 variare notevolmente. Per ridurre il rischio di impurit\u00e0 pericolose, \u00e8 necessario assicurarsi sempre che il GHB provenga da un fornitore affidabile.<\/p>\n<h3><strong>GHB in vendita: Varie forme di compresse di GHB<\/strong><\/h3>\n<p>Il GHB \u00e8 disponibile in varie forme, come compresse, polvere e liquido. La forma pi\u00f9 popolare di GHB \u00e8 quella liquida, solitamente venduta in piccole fiale o contenitori. Mentre la polvere di GHB \u00e8 spesso offerta in piccole confezioni, le versioni da strada sono talvolta diluite con acqua. Per essere certi di ottenere una sostanza di alta qualit\u00e0 e sicura da consumare se assunta correttamente, \u00e8 bene ordinare il GHB online da siti web affidabili. \u00c8 importante notare che il GHB ha una finestra terapeutica limitata, il che significa che c'\u00e8 poca differenza tra una dose ricreativa e un'overdose.<\/p>\n<h3><strong>Pericoli derivanti dall'assunzione di compresse di GHB: capire la tossicit\u00e0<\/strong><\/h3>\n<p>Uno dei maggiori pericoli legati all'assunzione di GHB \u00e8 un'overdose accidentale. Ordinate il GHB online solo se siete consapevoli dei potenziali rischi per la salute. L'assunzione di una dose eccessiva di GHB pu\u00f2 provocare effetti collaterali pericolosi per la vita, come depressione respiratoria, perdita di coscienza e convulsioni. Poich\u00e9 la differenza tra una dose efficace e una dannosa \u00e8 minima, si consiglia la massima cautela.<\/p>\n<h3><strong>Quadro giuridico per le compresse di GHB<\/strong><\/h3>\n<p>Il GHB \u00e8 vietato per uso ricreativo in molti paesi. Laddove \u00e8 consentito, \u00e8 spesso soggetto a rigide regolamentazioni. In molti Paesi, l'acquisto di GHB online senza prescrizione medica \u00e8 illegale. Tuttavia, alcuni rivenditori e farmacie online lo vendono per scopi medici, ad esempio per trattare la narcolessia. Assicuratevi di rispettare le leggi e le normative locali se volete acquistare il GHB online.<\/p>\n<h3><strong>Assicuratevi ora il vostro acquisto online di GHB: qualit\u00e0 affidabile e spedizione rapida<\/strong><\/h3>\n<p>Volete ordinare il GHB online? Sul nostro mercato \u00e8 disponibile GHB puro e di alta qualit\u00e0, con spedizione rapida e imballaggio sicuro. Potete contare su di noi per la consegna di articoli affidabili e sicuri, sia che stiate acquistando per scopi medici, di ricerca o altri scopi controllati. Garantiamo che tutti i nostri prodotti siano della massima qualit\u00e0 e vengano consegnati con discrezione.<\/p>","protected":false},"excerpt":{"rendered":"<p><b>Acido gamma-idrossibutirrico<\/b>, breve\u00a0<b>GHB<\/b>\u00e8 uno con\u00a0<a class=\"mw-redirect\" href=\"https:\/\/flexikon.doccheck.com\/de\/GABA\" data-dc-preview-article-id=\"64774\" data-dc-popover-trigger=\"popover-64774\" data-dc-popover-trigger-mode=\"hover\" data-dc-popover-trigger-placement=\"top,left,bottom,right\" data-dc-popover-trigger-delay=\"300\">GABA<\/a>\u00a0sostanza correlata e presente in natura nel corpo umano, appartenente al gruppo delle\u00a0<a class=\"new\" title=\"Oxybat (Crea articolo ora...)\" href=\"https:\/\/flexikon.doccheck.com\/de\/index.php?title=Oxybat&amp;action=edit&amp;redlink=1\">Ossibuchi<\/a>. \u00c8 un potente\u00a0<a href=\"https:\/\/flexikon.doccheck.com\/de\/Narkotikum\" data-dc-preview-article-id=\"18899\" data-dc-popover-trigger=\"popover-18899\" data-dc-popover-trigger-mode=\"hover\" data-dc-popover-trigger-placement=\"top,left,bottom,right\" data-dc-popover-trigger-delay=\"300\">Narcotico<\/a>\u00a0e viene utilizzato principalmente come\u00a0<a href=\"https:\/\/flexikon.doccheck.com\/de\/Psychopharmakon\" data-dc-preview-article-id=\"8619\" data-dc-popover-trigger=\"popover-8619\" data-dc-popover-trigger-mode=\"hover\" data-dc-popover-trigger-placement=\"top,left,bottom,right\" data-dc-popover-trigger-delay=\"300\">Psicofarmaco<\/a>\u00a0per il trattamento di\u00a0<a href=\"https:\/\/flexikon.doccheck.com\/de\/Narkolepsie\" data-dc-preview-article-id=\"76449\" data-dc-popover-trigger=\"popover-76449\" data-dc-popover-trigger-mode=\"hover\" data-dc-popover-trigger-placement=\"top,left,bottom,right\" data-dc-popover-trigger-delay=\"300\">Narcolessia<\/a> Applicazione; compresse di GHB.<\/p>","protected":false},"featured_media":1804,"comment_status":"open","ping_status":"closed","template":"","meta":{"_joinchat":[]},"product_brand":[],"product_cat":[34],"product_tag":[],"class_list":{"0":"post-1802","1":"product","2":"type-product","3":"status-publish","4":"has-post-thumbnail","6":"product_cat-ghb","8":"first","9":"instock","10":"shipping-taxable","11":"purchasable","12":"product-type-variable"},"yoast_head":"<!-- This site is optimized with the Yoast SEO plugin v25.4 - https:\/\/yoast.com\/wordpress\/plugins\/seo\/ -->\n<title>GHB Tabletten online kaufen - GHB Tabletten verkaufen<\/title>\n<meta name=\"description\" content=\"Verpassen nicht die gelegenheit, GHB tabletten online in unserem Shop zu kaufen. Wir bieten ausschlie\u00dflich Feilen und GHB tabletten zu g\u00fcnstigen Preisen an. Bestellen Sie jetzt!\" \/>\n<meta name=\"robots\" content=\"index, follow, max-snippet:-1, max-image-preview:large, max-video-preview:-1\" \/>\n<link rel=\"canonical\" href=\"https:\/\/gblexpress.com\/it\/prodotto-2\/comprare-compresse-ghb-online\/\" \/>\n<meta property=\"og:locale\" content=\"it_IT\" \/>\n<meta property=\"og:type\" content=\"article\" \/>\n<meta property=\"og:title\" content=\"GHB Tabletten online kaufen - GHB Tabletten verkaufen\" \/>\n<meta property=\"og:description\" content=\"Verpassen nicht die gelegenheit, GHB tabletten online in unserem Shop zu kaufen. Wir bieten ausschlie\u00dflich Feilen und GHB tabletten zu g\u00fcnstigen Preisen an. Bestellen Sie jetzt!\" \/>\n<meta property=\"og:url\" content=\"https:\/\/gblexpress.com\/it\/prodotto-2\/comprare-compresse-ghb-online\/\" \/>\n<meta property=\"og:site_name\" content=\"GBL Express\" \/>\n<meta property=\"article:modified_time\" content=\"2026-02-25T05:20:14+00:00\" \/>\n<meta property=\"og:image\" content=\"https:\/\/gblexpress.com\/wp-content\/uploads\/2025\/06\/GHB-Tabletten-online-Kaufen.jpg\" \/>\n\t<meta property=\"og:image:width\" content=\"600\" \/>\n\t<meta property=\"og:image:height\" content=\"600\" \/>\n\t<meta property=\"og:image:type\" content=\"image\/jpeg\" \/>\n<meta name=\"twitter:card\" content=\"summary_large_image\" \/>\n<meta name=\"twitter:label1\" content=\"Tempo di lettura stimato\" \/>\n\t<meta name=\"twitter:data1\" content=\"3 minuti\" \/>\n<!-- \/ Yoast SEO plugin. -->","yoast_head_json":{"title":"Comprare compresse di GHB online - Compresse di GHB in vendita","description":"Non perdete l'occasione di acquistare le compresse di GHB online nel nostro negozio. Offriamo solo file e compresse di GHB a prezzi vantaggiosi. Ordinate ora!","robots":{"index":"index","follow":"follow","max-snippet":"max-snippet:-1","max-image-preview":"max-image-preview:large","max-video-preview":"max-video-preview:-1"},"canonical":"https:\/\/gblexpress.com\/it\/prodotto-2\/comprare-compresse-ghb-online\/","og_locale":"it_IT","og_type":"article","og_title":"GHB Tabletten online kaufen - GHB Tabletten verkaufen","og_description":"Verpassen nicht die gelegenheit, GHB tabletten online in unserem Shop zu kaufen. Wir bieten ausschlie\u00dflich Feilen und GHB tabletten zu g\u00fcnstigen Preisen an. Bestellen Sie jetzt!","og_url":"https:\/\/gblexpress.com\/it\/prodotto-2\/comprare-compresse-ghb-online\/","og_site_name":"GBL Express","article_modified_time":"2026-02-25T05:20:14+00:00","og_image":[{"width":600,"height":600,"url":"https:\/\/gblexpress.com\/wp-content\/uploads\/2025\/06\/GHB-Tabletten-online-Kaufen.jpg","type":"image\/jpeg"}],"twitter_card":"summary_large_image","twitter_misc":{"Tempo di lettura stimato":"3 minuti"},"schema":{"@context":"https:\/\/schema.org","@graph":[{"@type":"WebPage","@id":"https:\/\/gblexpress.com\/product\/ghb-tabletten-online-kaufen\/","url":"https:\/\/gblexpress.com\/product\/ghb-tabletten-online-kaufen\/","name":"Comprare compresse di GHB online - Compresse di GHB in vendita","isPartOf":{"@id":"https:\/\/gblexpress.com\/#website"},"primaryImageOfPage":{"@id":"https:\/\/gblexpress.com\/product\/ghb-tabletten-online-kaufen\/#primaryimage"},"image":{"@id":"https:\/\/gblexpress.com\/product\/ghb-tabletten-online-kaufen\/#primaryimage"},"thumbnailUrl":"https:\/\/gblexpress.com\/wp-content\/uploads\/2025\/06\/GHB-Tabletten-online-Kaufen.jpg","datePublished":"2025-06-24T06:15:37+00:00","dateModified":"2026-02-25T05:20:14+00:00","description":"Non perdete l'occasione di acquistare le compresse di GHB online nel nostro negozio. Offriamo solo file e compresse di GHB a prezzi vantaggiosi. Ordinate ora!","breadcrumb":{"@id":"https:\/\/gblexpress.com\/product\/ghb-tabletten-online-kaufen\/#breadcrumb"},"inLanguage":"it-IT","potentialAction":[{"@type":"ReadAction","target":["https:\/\/gblexpress.com\/product\/ghb-tabletten-online-kaufen\/"]}]},{"@type":"ImageObject","inLanguage":"it-IT","@id":"https:\/\/gblexpress.com\/product\/ghb-tabletten-online-kaufen\/#primaryimage","url":"https:\/\/gblexpress.com\/wp-content\/uploads\/2025\/06\/GHB-Tabletten-online-Kaufen.jpg","contentUrl":"https:\/\/gblexpress.com\/wp-content\/uploads\/2025\/06\/GHB-Tabletten-online-Kaufen.jpg","width":600,"height":600,"caption":"GHB-Tabletten-online-Kaufen"},{"@type":"BreadcrumbList","@id":"https:\/\/gblexpress.com\/product\/ghb-tabletten-online-kaufen\/#breadcrumb","itemListElement":[{"@type":"ListItem","position":1,"name":"Home","item":"https:\/\/gblexpress.com\/"},{"@type":"ListItem","position":2,"name":"Shop","item":"https:\/\/gblexpress.com\/shop\/"},{"@type":"ListItem","position":3,"name":"GHB-Tabletten online Kaufen"}]},{"@type":"WebSite","@id":"https:\/\/gblexpress.com\/#website","url":"https:\/\/gblexpress.com\/","name":"GBL Express","description":"","publisher":{"@id":"https:\/\/gblexpress.com\/#organization"},"potentialAction":[{"@type":"SearchAction","target":{"@type":"EntryPoint","urlTemplate":"https:\/\/gblexpress.com\/?s={search_term_string}"},"query-input":{"@type":"PropertyValueSpecification","valueRequired":true,"valueName":"search_term_string"}}],"inLanguage":"it-IT"},{"@type":"Organization","@id":"https:\/\/gblexpress.com\/#organization","name":"GBL Express","url":"https:\/\/gblexpress.com\/","logo":{"@type":"ImageObject","inLanguage":"it-IT","@id":"https:\/\/gblexpress.com\/#\/schema\/logo\/image\/","url":"https:\/\/gblexpress.com\/wp-content\/uploads\/2023\/01\/logo.png","contentUrl":"https:\/\/gblexpress.com\/wp-content\/uploads\/2023\/01\/logo.png","width":250,"height":52,"caption":"GBL Express"},"image":{"@id":"https:\/\/gblexpress.com\/#\/schema\/logo\/image\/"}}]}},"jetpack-related-posts":[],"jetpack_sharing_enabled":true,"_links":{"self":[{"href":"https:\/\/gblexpress.com\/it\/wp-json\/wp\/v2\/product\/1802","targetHints":{"allow":["GET"]}}],"collection":[{"href":"https:\/\/gblexpress.com\/it\/wp-json\/wp\/v2\/product"}],"about":[{"href":"https:\/\/gblexpress.com\/it\/wp-json\/wp\/v2\/types\/product"}],"replies":[{"embeddable":true,"href":"https:\/\/gblexpress.com\/it\/wp-json\/wp\/v2\/comments?post=1802"}],"wp:featuredmedia":[{"embeddable":true,"href":"https:\/\/gblexpress.com\/it\/wp-json\/wp\/v2\/media\/1804"}],"wp:attachment":[{"href":"https:\/\/gblexpress.com\/it\/wp-json\/wp\/v2\/media?parent=1802"}],"wp:term":[{"taxonomy":"product_brand","embeddable":true,"href":"https:\/\/gblexpress.com\/it\/wp-json\/wp\/v2\/product_brand?post=1802"},{"taxonomy":"product_cat","embeddable":true,"href":"https:\/\/gblexpress.com\/it\/wp-json\/wp\/v2\/product_cat?post=1802"},{"taxonomy":"product_tag","embeddable":true,"href":"https:\/\/gblexpress.com\/it\/wp-json\/wp\/v2\/product_tag?post=1802"}],"curies":[{"name":"wp","href":"https:\/\/api.w.org\/{rel}","templated":true}]}}