{"id":473,"date":"2023-05-17T10:31:35","date_gmt":"2023-05-17T10:31:35","guid":{"rendered":"https:\/\/gblexpress.com\/?post_type=product&#038;p=473"},"modified":"2026-02-25T05:20:28","modified_gmt":"2026-02-25T05:20:28","slug":"gbl-acquista-online-butirrolattone-acquista","status":"publish","type":"product","link":"https:\/\/gblexpress.com\/it\/prodotto-2\/gbl-acquista-online-butirrolattone-acquista\/","title":{"rendered":"Compra GBL online"},"content":{"rendered":"<h2><strong>Gamma-butirrolattone GBL Pulitore per cerchi<\/strong><\/h2>\n<p><a href=\"https:\/\/en.wikipedia.org\/wiki\/GBL\">gbl-acquisti<\/a>, Gamma-Butyrolacton-Produkte sind eine hygroskopische, farblose, \u00f6lige Fl\u00fcssigkeit mit einem schwachen charakteristischen Geruch und sind wasserl\u00f6slich. GBL ist ein g\u00e4ngiges L\u00f6sungsmittel und Reagens in der Chemie und wird als Aromastoff, Fleckentferner, Sekundenkleberentferner, Abbeizmittel und L\u00f6sungsmittel in einigen Nass-Aluminium-Elektrolytkondensatoren verwendet. Beim Menschen fungiert es als Prodrug f\u00fcr GHB und wird als Freizeitrauschmittel mit alkohol\u00e4hnlichen Wirkungen verwendet.<\/p>\n<h3><strong>Che cos'\u00e8 il gamma-butirrolattone?<a href=\"https:\/\/gblexpress.com\/it\/\">?<\/a><\/strong><\/h3>\n<p><a href=\"https:\/\/gblexpress.com\/it\/prodotto-2\/gbl-acquista-online-butirrolattone-acquista\/\">Gamma-butirrolattone<\/a> ist ein ideales Antioxidans, Weichmacher, Dispergiermittel und L\u00f6sungsmittel. GBL wird jedoch m\u00f6glicherweise am h\u00e4ufigsten als Zwischenprodukt bei der Herstellung von abgeleiteten Chemikalien wie Methyl-2-pyrrolidon, auch bekannt als NMP, verwendet. Neben seiner Verwendung in der chemischen Produktion ist GBL als Duftstoff in einigen Haushaltsprodukten sowie als L\u00f6sungsmittel in Lotionen, Nagellackentfernern und einigen Polymeren bekannt. Sie k\u00f6nnen es auch in der Batterie- und Kondensatorproduktion verwenden, wenn Sie es mit einer kleinen Menge Ethylenglykol mischen. Kaufen Sie Gamma-Butyrolacton GBL, gbl-Kaufen.<\/p>\n<h3><strong>Usi ed efficacia.<\/strong><\/h3>\n<p>Il Gamma-Butyrolactone GBL \u00e8 un detergente magico con un potere pulente unico.<br \/>\nCausa del rilassamento.<br \/>\nAumenta la chiarezza mentale.<br \/>\nAlleviare la depressione e lo stress.<br \/>\nProlungare la vita.<br \/>\nMigliorare le prestazioni e il piacere sessuale.<br \/>\nRidurre i grassi.<br \/>\nRilascio di ormoni della crescita.<br \/>\nMigliorare le prestazioni atletiche.<br \/>\nMiglioramento del sonno.<br \/>\nCome bodybuilder o costruttore di muscoli.<a href=\"https:\/\/en.wikipedia.org\/wiki\/GBL\">r.<\/a><br \/>\nCome droga ricreativa.<br \/>\nSverniciatore a base di gamma-butirrolattone<\/p>\n<div class=\"elementor-element elementor-element-9d8da53 elementor-widget elementor-widget-heading\" data-id=\"9d8da53\" data-element_type=\"widget\" data-widget_type=\"heading.default\">\n<div class=\"elementor-widget-container\">\n<h3 class=\"elementor-heading-title elementor-size-default\"><strong>Dove si pu\u00f2 acquistare il GBL?<\/strong><\/h3>\n<\/div>\n<\/div>\n<div class=\"elementor-element elementor-element-276da13 elementor-widget elementor-widget-text-editor\" data-id=\"276da13\" data-element_type=\"widget\" data-widget_type=\"text-editor.default\">\n<div class=\"elementor-widget-container\">\n<div class=\"elementor-element elementor-element-f935fcf elementor-widget elementor-widget-text-editor\" data-id=\"f935fcf\" data-element_type=\"widget\" data-widget_type=\"text-editor.default\">\n<div class=\"elementor-widget-container\">\n<p>Il GBL pu\u00f2 essere acquistato online sul nostro sito. Tuttavia, \u00e8 importante acquistare il GBL solo da una fonte affidabile. Ci sono molte truffe su Internet, quindi assicuratevi di fare le vostre ricerche prima di acquistare.<\/p>\n<\/div>\n<\/div>\n<\/div>\n<\/div>\n<div class=\"elementor-element elementor-element-d81d864 elementor-widget elementor-widget-heading\" data-id=\"d81d864\" data-element_type=\"widget\" data-widget_type=\"heading.default\">\n<div class=\"elementor-widget-container\">\n<h3 class=\"elementor-heading-title elementor-size-default\"><strong>Come usare il GBL in modo sicuro?<\/strong><\/h3>\n<\/div>\n<\/div>\n<div class=\"elementor-element elementor-element-b3595ad elementor-widget elementor-widget-text-editor\" data-id=\"b3595ad\" data-element_type=\"widget\" data-widget_type=\"text-editor.default\">\n<div class=\"elementor-widget-container\">\n<div class=\"elementor-element elementor-element-bfa46e2 elementor-widget elementor-widget-text-editor\" data-id=\"bfa46e2\" data-element_type=\"widget\" data-widget_type=\"text-editor.default\">\n<div class=\"elementor-widget-container\">\n<p>Come gi\u00e0 detto, il GBL \u00e8 un potente depressore del sistema nervoso centrale. Per questo motivo, \u00e8 importante utilizzare il GBL solo secondo le indicazioni e non consumare mai una quantit\u00e0 superiore a quella consigliata. Inoltre, quando si assume il GBL, \u00e8 necessario avere sempre con s\u00e9 un compagno che possa monitorare le proprie condizioni e fornire assistenza in caso di necessit\u00e0. Infine, tenere il GBL fuori dalla portata dei bambini e degli animali domestici.<\/p>\n<\/div>\n<\/div>\n<\/div>\n<\/div>\n<div class=\"elementor-element elementor-element-e2013c7 elementor-widget elementor-widget-heading\" data-id=\"e2013c7\" data-element_type=\"widget\" data-widget_type=\"heading.default\">\n<div class=\"elementor-widget-container\">\n<h3 class=\"elementor-heading-title elementor-size-default\"><strong>Conclusioni sul gamma-butirrolattone<\/strong><\/h3>\n<\/div>\n<\/div>\n<div class=\"elementor-element elementor-element-55fe5e1 elementor-widget elementor-widget-text-editor\" data-id=\"55fe5e1\" data-element_type=\"widget\" data-widget_type=\"text-editor.default\">\n<div class=\"elementor-widget-container\">\n<section class=\"elementor-section elementor-top-section elementor-element elementor-element-54e0bcc elementor-section-boxed elementor-section-height-default elementor-section-height-default\" data-id=\"54e0bcc\" data-element_type=\"section\">\n<div class=\"elementor-container elementor-column-gap-default\">\n<div class=\"elementor-column elementor-col-100 elementor-top-column elementor-element elementor-element-308d3b4\" data-id=\"308d3b4\" data-element_type=\"column\">\n<div class=\"elementor-widget-wrap elementor-element-populated\">\n<div class=\"elementor-element elementor-element-79e378f elementor-widget elementor-widget-text-editor\" data-id=\"79e378f\" data-element_type=\"widget\" data-widget_type=\"text-editor.default\">\n<div class=\"elementor-widget-container\">\n<p>Il GBL pu\u00f2 essere un utile solvente industriale e un agente pulente se usato come indicato. Tuttavia, \u00e8 anche un potente agente del sistema nervoso centrale che pu\u00f2 causare gravi effetti collaterali se usato in modo improprio. Per questo motivo, \u00e8 importante acquistare il GBL solo da una fonte affidabile e usarlo come indicato. In caso di dubbi sull'uso sicuro del GBL, prima di assumerlo \u00e8 bene consultare un medico.<\/p>\n<\/div>\n<\/div>\n<\/div>\n<\/div>\n<\/div>\n<\/section>\n<\/div>\n<\/div>","protected":false},"excerpt":{"rendered":"<p><strong>GBL<\/strong> (gamma-butirrolattone) \u00e8 un composto organico versatile ampiamente utilizzato nell'industria chimica, nella pulizia e nella ricerca. Noto per le sue potenti propriet\u00e0 solventi, \u00e8 <strong>GBL<\/strong> \u00e8 un componente indispensabile nella fabbricazione di prodotti chimici e un importante oggetto di ricerca nei processi biologici e chimici.<\/p>\n<p><strong>Come funziona il GBL?<\/strong><br \/>\n<strong>GBL<\/strong> viene convertito nell'organismo in acido gamma-idrossibutirrico (GHB), che agisce sul sistema nervoso centrale. Questa conversione chimica permette di sviluppare le sue propriet\u00e0 uniche. A livello industriale \u00e8 apprezzata per la sua elevata solubilit\u00e0 e reattivit\u00e0.<\/p>\n<ul>\n<li><strong>Effetto industriale:<\/strong> Dissoluzione efficace di grassi, resine e polimeri.<\/li>\n<li><strong>Effetto biologico:<\/strong> Dopo essere stato convertito in GHB, agisce come neurotrasmettitore in grado di influenzare il sonno, il rilassamento e i processi neuronali.<\/li>\n<\/ul>\n<p><strong>Durata ed effetti:<\/strong><\/p>\n<ul>\n<li><strong>Insorgenza dell'effetto:<\/strong> Entro 10-20 minuti con utilizzo biologico.<\/li>\n<li><strong>Durata dell'effetto:<\/strong> Da 1,5 a 3 ore, a seconda del dosaggio e del metodo di applicazione.<\/li>\n<li><strong>Utilizzo industriale:<\/strong> Effetto immediato durante la pulizia o la dissoluzione di sostanze.<\/li>\n<\/ul>\n<p><strong>Formula e propriet\u00e0<\/strong><\/p>\n<ul>\n<li><strong>Nome chimico:<\/strong> Gamma-butirrolattone<\/li>\n<li><strong>Formula molecolare:<\/strong> C4H6O2<\/li>\n<li><strong>Peso molecolare:<\/strong> 86,09 g\/mol<\/li>\n<\/ul>","protected":false},"featured_media":1643,"comment_status":"open","ping_status":"closed","template":"","meta":{"_joinchat":[]},"product_brand":[],"product_cat":[33,34,36,246],"product_tag":[250,270,249,258,248,269,276,256,260,271,262,265,266,275,261,255,274,273,251,264,268,254,272,257,252,277,253,263,279,259,267,278],"class_list":{"0":"post-473","1":"product","2":"type-product","3":"status-publish","4":"has-post-thumbnail","6":"product_cat-gbl-gamma-butyrolactone-25l","7":"product_cat-ghb","8":"product_cat-ko-drops","9":"product_cat-sex-meth","10":"product_tag-butyrolacton-kaufen","11":"product_tag-butyrolacton-lieferant","12":"product_tag-gamma-butyrolacton","13":"product_tag-gamma-butyrolacton-bestellen","14":"product_tag-gbl","15":"product_tag-gbl-anwendungen","16":"product_tag-gbl-chemie","17":"product_tag-gbl-fluessigkeit","18":"product_tag-gbl-fuer-industrielle-anwendungen","19":"product_tag-gbl-fuer-reinigung","20":"product_tag-gbl-grosshandel","21":"product_tag-gbl-handhabung","22":"product_tag-gbl-hersteller","23":"product_tag-gbl-im-labor","24":"product_tag-gbl-in-der-forschung","25":"product_tag-gbl-in-deutschland-kaufen","26":"product_tag-gbl-in-grossen-mengen","27":"product_tag-gbl-in-kleinen-mengen","28":"product_tag-gbl-kaufen","29":"product_tag-gbl-lagerung","30":"product_tag-gbl-legal","31":"product_tag-gbl-lieferant","32":"product_tag-gbl-loesung-kaufen","33":"product_tag-gbl-loesungsmittel","34":"product_tag-gbl-online-bestellen","35":"product_tag-gbl-online-anbieter","36":"product_tag-gbl-preis","37":"product_tag-gbl-sicherheitsrichtlinien","38":"product_tag-gbl-versand-weltweit","39":"product_tag-gbl-verwendung","40":"product_tag-gbl-zum-verkauf","41":"product_tag-wo-kann-man-gbl-kaufen","43":"first","44":"instock","45":"shipping-taxable","46":"purchasable","47":"product-type-variable"},"yoast_head":"<!-- This site is optimized with the Yoast SEO plugin v25.4 - https:\/\/yoast.com\/wordpress\/plugins\/seo\/ -->\n<title>GBL online kaufen - GBL zu verkaufen<\/title>\n<meta name=\"description\" content=\"Wo kaufen Sie GBL online zum besten Preis? Finden Sie hochwertiges GBL in unserem sicheren Online-Shop \u2013 genau das Richtige f\u00fcr Ihre Recherche. Jetzt bestellen!\" \/>\n<meta name=\"robots\" content=\"index, follow, max-snippet:-1, max-image-preview:large, max-video-preview:-1\" \/>\n<link rel=\"canonical\" href=\"https:\/\/gblexpress.com\/it\/prodotto-2\/gbl-acquista-online-butirrolattone-acquista\/\" \/>\n<meta property=\"og:locale\" content=\"it_IT\" \/>\n<meta property=\"og:type\" content=\"article\" \/>\n<meta property=\"og:title\" content=\"GBL online kaufen - GBL zu verkaufen\" \/>\n<meta property=\"og:description\" content=\"Wo kaufen Sie GBL online zum besten Preis? Finden Sie hochwertiges GBL in unserem sicheren Online-Shop \u2013 genau das Richtige f\u00fcr Ihre Recherche. Jetzt bestellen!\" \/>\n<meta property=\"og:url\" content=\"https:\/\/gblexpress.com\/it\/prodotto-2\/gbl-acquista-online-butirrolattone-acquista\/\" \/>\n<meta property=\"og:site_name\" content=\"GBL Express\" \/>\n<meta property=\"article:modified_time\" content=\"2026-02-25T05:20:28+00:00\" \/>\n<meta property=\"og:image\" content=\"https:\/\/gblexpress.com\/wp-content\/uploads\/2023\/05\/gbl-1.jpg\" \/>\n\t<meta property=\"og:image:width\" content=\"600\" \/>\n\t<meta property=\"og:image:height\" content=\"600\" \/>\n\t<meta property=\"og:image:type\" content=\"image\/jpeg\" \/>\n<meta name=\"twitter:card\" content=\"summary_large_image\" \/>\n<meta name=\"twitter:label1\" content=\"Tempo di lettura stimato\" \/>\n\t<meta name=\"twitter:data1\" content=\"2 minuti\" \/>\n<!-- \/ Yoast SEO plugin. -->","yoast_head_json":{"title":"Acquista GBL online - GBL in vendita","description":"Dove acquistare GBL online al miglior prezzo? Trova GBL di alta qualit\u00e0 nel nostro negozio online sicuro: proprio ci\u00f2 di cui hai bisogno per la tua ricerca. Ordina ora!","robots":{"index":"index","follow":"follow","max-snippet":"max-snippet:-1","max-image-preview":"max-image-preview:large","max-video-preview":"max-video-preview:-1"},"canonical":"https:\/\/gblexpress.com\/it\/prodotto-2\/gbl-acquista-online-butirrolattone-acquista\/","og_locale":"it_IT","og_type":"article","og_title":"GBL online kaufen - GBL zu verkaufen","og_description":"Wo kaufen Sie GBL online zum besten Preis? Finden Sie hochwertiges GBL in unserem sicheren Online-Shop \u2013 genau das Richtige f\u00fcr Ihre Recherche. Jetzt bestellen!","og_url":"https:\/\/gblexpress.com\/it\/prodotto-2\/gbl-acquista-online-butirrolattone-acquista\/","og_site_name":"GBL Express","article_modified_time":"2026-02-25T05:20:28+00:00","og_image":[{"width":600,"height":600,"url":"https:\/\/gblexpress.com\/wp-content\/uploads\/2023\/05\/gbl-1.jpg","type":"image\/jpeg"}],"twitter_card":"summary_large_image","twitter_misc":{"Tempo di lettura stimato":"2 minuti"},"schema":{"@context":"https:\/\/schema.org","@graph":[{"@type":"WebPage","@id":"https:\/\/gblexpress.com\/product\/gbl-online-kaufen-%ce%b3-butyrolacton-kaufen\/","url":"https:\/\/gblexpress.com\/product\/gbl-online-kaufen-%ce%b3-butyrolacton-kaufen\/","name":"Acquista GBL online - GBL in vendita","isPartOf":{"@id":"https:\/\/gblexpress.com\/#website"},"primaryImageOfPage":{"@id":"https:\/\/gblexpress.com\/product\/gbl-online-kaufen-%ce%b3-butyrolacton-kaufen\/#primaryimage"},"image":{"@id":"https:\/\/gblexpress.com\/product\/gbl-online-kaufen-%ce%b3-butyrolacton-kaufen\/#primaryimage"},"thumbnailUrl":"https:\/\/gblexpress.com\/wp-content\/uploads\/2023\/05\/gbl-1.jpg","datePublished":"2023-05-17T10:31:35+00:00","dateModified":"2026-02-25T05:20:28+00:00","description":"Dove acquistare GBL online al miglior prezzo? Trova GBL di alta qualit\u00e0 nel nostro negozio online sicuro: proprio ci\u00f2 di cui hai bisogno per la tua ricerca. Ordina ora!","breadcrumb":{"@id":"https:\/\/gblexpress.com\/product\/gbl-online-kaufen-%ce%b3-butyrolacton-kaufen\/#breadcrumb"},"inLanguage":"it-IT","potentialAction":[{"@type":"ReadAction","target":["https:\/\/gblexpress.com\/product\/gbl-online-kaufen-%ce%b3-butyrolacton-kaufen\/"]}]},{"@type":"ImageObject","inLanguage":"it-IT","@id":"https:\/\/gblexpress.com\/product\/gbl-online-kaufen-%ce%b3-butyrolacton-kaufen\/#primaryimage","url":"https:\/\/gblexpress.com\/wp-content\/uploads\/2023\/05\/gbl-1.jpg","contentUrl":"https:\/\/gblexpress.com\/wp-content\/uploads\/2023\/05\/gbl-1.jpg","width":600,"height":600,"caption":"gbl online kaufen"},{"@type":"BreadcrumbList","@id":"https:\/\/gblexpress.com\/product\/gbl-online-kaufen-%ce%b3-butyrolacton-kaufen\/#breadcrumb","itemListElement":[{"@type":"ListItem","position":1,"name":"Home","item":"https:\/\/gblexpress.com\/"},{"@type":"ListItem","position":2,"name":"Shop","item":"https:\/\/gblexpress.com\/shop\/"},{"@type":"ListItem","position":3,"name":"GBL Online Kaufen"}]},{"@type":"WebSite","@id":"https:\/\/gblexpress.com\/#website","url":"https:\/\/gblexpress.com\/","name":"GBL Express","description":"","publisher":{"@id":"https:\/\/gblexpress.com\/#organization"},"potentialAction":[{"@type":"SearchAction","target":{"@type":"EntryPoint","urlTemplate":"https:\/\/gblexpress.com\/?s={search_term_string}"},"query-input":{"@type":"PropertyValueSpecification","valueRequired":true,"valueName":"search_term_string"}}],"inLanguage":"it-IT"},{"@type":"Organization","@id":"https:\/\/gblexpress.com\/#organization","name":"GBL Express","url":"https:\/\/gblexpress.com\/","logo":{"@type":"ImageObject","inLanguage":"it-IT","@id":"https:\/\/gblexpress.com\/#\/schema\/logo\/image\/","url":"https:\/\/gblexpress.com\/wp-content\/uploads\/2023\/01\/logo.png","contentUrl":"https:\/\/gblexpress.com\/wp-content\/uploads\/2023\/01\/logo.png","width":250,"height":52,"caption":"GBL Express"},"image":{"@id":"https:\/\/gblexpress.com\/#\/schema\/logo\/image\/"}}]}},"jetpack-related-posts":[],"jetpack_sharing_enabled":true,"_links":{"self":[{"href":"https:\/\/gblexpress.com\/it\/wp-json\/wp\/v2\/product\/473","targetHints":{"allow":["GET"]}}],"collection":[{"href":"https:\/\/gblexpress.com\/it\/wp-json\/wp\/v2\/product"}],"about":[{"href":"https:\/\/gblexpress.com\/it\/wp-json\/wp\/v2\/types\/product"}],"replies":[{"embeddable":true,"href":"https:\/\/gblexpress.com\/it\/wp-json\/wp\/v2\/comments?post=473"}],"wp:featuredmedia":[{"embeddable":true,"href":"https:\/\/gblexpress.com\/it\/wp-json\/wp\/v2\/media\/1643"}],"wp:attachment":[{"href":"https:\/\/gblexpress.com\/it\/wp-json\/wp\/v2\/media?parent=473"}],"wp:term":[{"taxonomy":"product_brand","embeddable":true,"href":"https:\/\/gblexpress.com\/it\/wp-json\/wp\/v2\/product_brand?post=473"},{"taxonomy":"product_cat","embeddable":true,"href":"https:\/\/gblexpress.com\/it\/wp-json\/wp\/v2\/product_cat?post=473"},{"taxonomy":"product_tag","embeddable":true,"href":"https:\/\/gblexpress.com\/it\/wp-json\/wp\/v2\/product_tag?post=473"}],"curies":[{"name":"wp","href":"https:\/\/api.w.org\/{rel}","templated":true}]}}