{"id":475,"date":"2023-05-17T10:52:46","date_gmt":"2023-05-17T10:52:46","guid":{"rendered":"https:\/\/gblexpress.com\/?post_type=product&#038;p=475"},"modified":"2026-03-06T09:03:05","modified_gmt":"2026-03-06T09:03:05","slug":"acquistare-ritalin","status":"publish","type":"product","link":"https:\/\/gblexpress.com\/it\/prodotto-2\/acquistare-ritalin\/","title":{"rendered":"Acquista il Ritalin online"},"content":{"rendered":"<h2>Acquista il Ritalin online<\/h2>\n<p><a href=\"https:\/\/gblexpress.com\/it\/\">Metilfenidato<\/a> il farmaco acquistato \u00e8 camuffato da compressa di Ritalin per uso pubblico. Questo farmaco \u00e8 molto efficace nel curare i sintomi dell'ADHD. I medici possono <a href=\"https:\/\/gblexpress.com\/it\/prodotto-2\/acquistare-ritalin\/\">Ritalin compresse da 20 mg (metilfenidato)<\/a> ma anche prescriverlo come opzione terapeutica off-label per la depressione e il morbo di Parkinson.<\/p>\n<p>Il farmaco metilfenidato \u00e8 noto anche come stimolante nervoso centrale che contribuisce ad aumentare il livello di dopamina nel cervello di una persona. La dopamina \u00e8 un neurotrasmettitore che promuove sentimenti di motivazione ed entusiasmo. Ci\u00f2 significa che una maggiore quantit\u00e0 di dopamina pu\u00f2 aiutare una persona a concentrarsi meglio, a concentrarsi meglio sulla vita quotidiana e a ridurre altri sintomi dell'ADHD.<\/p>\n<h3><strong>Disponibilit\u00e0<\/strong><\/h3>\n<p>Il farmaco metilfenidato viene fornito sotto forma di compresse orali, compresse e capsule a rilascio prolungato, compresse masticabili, compresse masticabili a rilascio prolungato e compresse a rilascio prolungato disintegrabili per via orale. Oltre che con il Ritalin, \u00e8 venduto anche con altri nomi commerciali, quali: <a href=\"https:\/\/en.wikipedia.org\/wiki\/Methylphenidate\">comprare metilfenidato<\/a><\/p>\n<h3><strong>Perch\u00e9 acquistare il Ritalin online?<\/strong><\/h3>\n<h3>I vantaggi dell'acquisto di Ritalin online sono molteplici, ma alcuni dei pi\u00f9 importanti e comuni sono:<\/h3>\n<p>\u00c8 possibile acquistare online farmaci approvati dalla FDA senza la prescrizione del medico. Sebbene il Ritalin sia un farmaco legale, non \u00e8 facilmente reperibile nelle farmacie. Per acquistare questo farmaco, dovete prima ottenere la raccomandazione di un medico, ma a causa dei vostri impegni non sarete in grado di ottenerla, in questi casi l'acquisto di Ritalin online \u00e8 l'opzione migliore per voi. L'acquisto online consente di risparmiare non solo denaro ma anche tempo prezioso. Acquistare il Ritalin online senza ricetta.<\/p>\n<p>Un altro vantaggio dell'acquisto di Ritalin online \u00e8 che \u00e8 molto pi\u00f9 economico rispetto alle pillole di Ritalin disponibili nelle farmacie locali. Le pillole che si ottengono online non sono a buon mercato perch\u00e9 sono di bassa qualit\u00e0, infatti sono a buon mercato perch\u00e9 le farmacie online non devono pagare spese extra, per cui possono vendere queste pillole a un prezzo inferiore.<\/p>\n<h3><strong>Si pu\u00f2 acquistare il Ritalin online senza prescrizione medica?<\/strong><\/h3>\n<p>Ja! Bei uns k\u00f6nnen Sie Ritalin online kaufen, ohne ein Rezept zu haben. Sie m\u00fcssen nur Ihre Bestellung auf unserer Website aufgeben und die Zahlungsdetails ausf\u00fcllen. Ihre Ritalin-Pillen werden innerhalb von 24 bis 48 Stunden geliefert. Die Qualit\u00e4t und Wirksamkeit dieser Medikamente sind die gleichen wie die Pillen, die Sie von lokalen Apotheken kaufen.<\/p>\n<p>Ritalin online ohne Rezept kaufen.<\/p>\n<p>Metilina<\/p>\n<p>Concerto<\/p>\n<p>Metadati ER<\/p>\n<p>Pronto soccorso di Quillichew<\/p>\n<p>Quillivant<\/p>\n<p>Aptensio<\/p>\n<p>Cotempla XR-OTD<\/p>\n<p>Adhansia<\/p>\n<p>Tutti questi farmaci sono approvati dagli esperti per l'uso pubblico.<\/p>","protected":false},"excerpt":{"rendered":"<p>Informazioni sul Ritalin (generico)<\/p>\n<p>Questo farmaco \u00e8 utilizzato per trattare il disturbo da deficit di attenzione e iperattivit\u00e0 (ADHD). Agisce alterando la quantit\u00e0 di alcune sostanze naturali presenti nel cervello. Il metilfenidato appartiene a una classe di farmaci noti come stimolanti. Il metilfenidato pu\u00f2 aiutare ad aumentare l'attenzione, a concentrarsi su un'attivit\u00e0 e a controllare i problemi comportamentali. Pu\u00f2 anche aiutare a organizzare i compiti e a migliorare le capacit\u00e0 di ascolto.<\/p>\n<ol>\n<li><strong>Come funziona il Ritalin?<\/strong><br \/>\nIl Ritalin agisce inibendo la ricaptazione della dopamina e della noradrenalina nel cervello. Ci\u00f2 aumenta la disponibilit\u00e0 di questi neurotrasmettitori nella fessura sinaptica, migliorando cos\u00ec l'attenzione, il controllo degli impulsi e la vigilanza.<\/p>\n<ul>\n<li><strong>Effetti:<\/strong> Migliora la concentrazione, aumenta la vigilanza e riduce l'iperattivit\u00e0.<\/li>\n<li><strong>Insorgenza dell'effetto:<\/strong> 20-60 minuti dopo l'ingestione.<\/li>\n<li><strong>Durata dell'effetto:<\/strong> 3-6 ore per le compresse standard, fino a 12 ore per le capsule a rilascio prolungato.<\/li>\n<\/ul>\n<p><strong>Formula e propriet\u00e0<\/strong><\/p>\n<ul>\n<li><strong>Nome chimico:<\/strong> Metilfenil(piperidin-2-il)acetato<\/li>\n<li><strong>Formula molecolare:<\/strong> C14H19NO2<\/li>\n<li><strong>Peso molecolare:<\/strong> 233,31 g\/mol<\/li>\n<\/ul>\n<\/li>\n<\/ol>","protected":false},"featured_media":1639,"comment_status":"open","ping_status":"closed","template":"","meta":{"_joinchat":[]},"product_brand":[],"product_cat":[33,34,36,35,246],"product_tag":[98,134,108,99,118,106,105,104,107,110,329,114,115,100,101,113,112,111,117,116,119,120,310,311,121,317,318,312,124,328,313,314,325,315,322,327,306,319,316,308,321,103,129,307,102,130,320,326,309,122,323,324,125,126,127,123,128,131,133,132,109,135,330],"class_list":{"0":"post-475","1":"product","2":"type-product","3":"status-publish","4":"has-post-thumbnail","6":"product_cat-gbl-gamma-butyrolactone-25l","7":"product_cat-ghb","8":"product_cat-ko-drops","9":"product_cat-ritalin","10":"product_cat-sex-meth","11":"product_tag-adhd-methylphenidat","12":"product_tag-einnahme-von-ritalin","13":"product_tag-goodrx-methylphenidat","14":"product_tag-guenstiges-ritalin-online-kaufen","15":"product_tag-kein-rx-ritalin","16":"product_tag-koennen-sie-bekommen-rezeptfreie-adhs-medikamente","17":"product_tag-koennen-sie-ritalin-ohne-rezept-kaufen","18":"product_tag-koennen-sie-ritalin-rezeptfrei-in-grossbritannien-kaufen","19":"product_tag-koennen-sie-sich-ritalin-online-verschreiben-lassen","20":"product_tag-methylphenidat","21":"product_tag-methylphenidat-kaufen","22":"product_tag-methylphenidat-mg","23":"product_tag-methylphenidat-online","24":"product_tag-methylphenidat-online-kaufen","25":"product_tag-methylphenidat-online-ohne-rezept-kaufen","26":"product_tag-methylphenidat-zum-online-verkauf","27":"product_tag-methylphenidat-zum-verkauf","28":"product_tag-methylphenidat-kosten","29":"product_tag-methylphenidat-preis","30":"product_tag-methylphenidat-rezept","31":"product_tag-ritalin","32":"product_tag-ritalin-10-mg","33":"product_tag-ritalin-10mg","34":"product_tag-ritalin-20mg","35":"product_tag-ritalin-adh","36":"product_tag-ritalin-anwendung","37":"product_tag-ritalin-dosierung","38":"product_tag-ritalin-fuer-adhs","39":"product_tag-ritalin-fuer-erwachsene","40":"product_tag-ritalin-fuer-forschung","41":"product_tag-ritalin-fuer-kinder","42":"product_tag-ritalin-fuer-konzentration","43":"product_tag-ritalin-fuer-labore","44":"product_tag-ritalin-fuer-studienzwecke","45":"product_tag-ritalin-grosshandel","46":"product_tag-ritalin-in-deutschland-kaufen","47":"product_tag-ritalin-kaufen","48":"product_tag-ritalin-lagerung","49":"product_tag-ritalin-legal-kaufen","50":"product_tag-ritalin-lieferant","51":"product_tag-ritalin-nebenwirkungen","52":"product_tag-ritalin-ohne-rezept-kaufen","53":"product_tag-ritalin-online","54":"product_tag-ritalin-online-bestellen","55":"product_tag-ritalin-online-mit-nachtlieferung-kaufen","56":"product_tag-ritalin-online-ohne-rezept","57":"product_tag-ritalin-risiken","58":"product_tag-ritalin-sicherheit","59":"product_tag-ritalin-tabletten","60":"product_tag-ritalin-und-adh","61":"product_tag-ritalin-vertrieb","62":"product_tag-ritalin-weltweit-bestellen","63":"product_tag-ritalin-zum-verkauf","64":"product_tag-ritalin-zum-verkauf-in-den-usa","65":"product_tag-ritalin-zum-verkauf-online","66":"product_tag-ritalin-kosten","67":"product_tag-ritalin-medikamente","68":"product_tag-ritalin-pille","69":"product_tag-ritalin-preis","70":"product_tag-ritalin-rezept","71":"product_tag-so-bestellen-sie-ritalin-online","72":"product_tag-welche-rezeptfreien-medikamente-helfen-bei-adhs","73":"product_tag-wo-ritalin-kaufen","75":"first","76":"instock","77":"shipping-taxable","78":"purchasable","79":"product-type-variable","80":"has-default-attributes"},"yoast_head":"<!-- This site is optimized with the Yoast SEO plugin v25.4 - https:\/\/yoast.com\/wordpress\/plugins\/seo\/ -->\n<title>Ritalin online kaufen \u2013 Ritalin zu verkaufen | Gblexpress<\/title>\n<meta name=\"description\" content=\"M\u00f6chten Sie Ihre Forschung vorantreiben? Kaufen Sie Ritalin bequem und sicher online \u2013 mit einem unkomplizierten Bestellvorgang. Entdecken Sie die M\u00f6glichkeiten und kaufen Sie Ritalin noch heute online f\u00fcr Ihre Forschungsvorhaben.\" \/>\n<meta name=\"robots\" content=\"index, follow, max-snippet:-1, max-image-preview:large, max-video-preview:-1\" \/>\n<link rel=\"canonical\" href=\"https:\/\/gblexpress.com\/it\/prodotto-2\/acquistare-ritalin\/\" \/>\n<meta property=\"og:locale\" content=\"it_IT\" \/>\n<meta property=\"og:type\" content=\"article\" \/>\n<meta property=\"og:title\" content=\"Ritalin online kaufen \u2013 Ritalin zu verkaufen | Gblexpress\" \/>\n<meta property=\"og:description\" content=\"M\u00f6chten Sie Ihre Forschung vorantreiben? Kaufen Sie Ritalin bequem und sicher online \u2013 mit einem unkomplizierten Bestellvorgang. Entdecken Sie die M\u00f6glichkeiten und kaufen Sie Ritalin noch heute online f\u00fcr Ihre Forschungsvorhaben.\" \/>\n<meta property=\"og:url\" content=\"https:\/\/gblexpress.com\/it\/prodotto-2\/acquistare-ritalin\/\" \/>\n<meta property=\"og:site_name\" content=\"GBL Express\" \/>\n<meta property=\"article:modified_time\" content=\"2026-03-06T09:03:05+00:00\" \/>\n<meta property=\"og:image\" content=\"https:\/\/gblexpress.com\/wp-content\/uploads\/2023\/05\/Ritalin-1.jpg\" \/>\n\t<meta property=\"og:image:width\" content=\"600\" \/>\n\t<meta property=\"og:image:height\" content=\"600\" \/>\n\t<meta property=\"og:image:type\" content=\"image\/jpeg\" \/>\n<meta name=\"twitter:card\" content=\"summary_large_image\" \/>\n<meta name=\"twitter:label1\" content=\"Tempo di lettura stimato\" \/>\n\t<meta name=\"twitter:data1\" content=\"2 minuti\" \/>\n<!-- \/ Yoast SEO plugin. -->","yoast_head_json":{"title":"Acquista Ritalin online \u2013 Ritalin in vendita | Gblexpress","description":"Vorresti far progredire la tua ricerca? Acquista Ritalin online in modo comodo e sicuro, con una procedura d'ordine semplice. Scopri le possibilit\u00e0 e acquista subito Ritalin online per i tuoi progetti di ricerca.","robots":{"index":"index","follow":"follow","max-snippet":"max-snippet:-1","max-image-preview":"max-image-preview:large","max-video-preview":"max-video-preview:-1"},"canonical":"https:\/\/gblexpress.com\/it\/prodotto-2\/acquistare-ritalin\/","og_locale":"it_IT","og_type":"article","og_title":"Ritalin online kaufen \u2013 Ritalin zu verkaufen | Gblexpress","og_description":"M\u00f6chten Sie Ihre Forschung vorantreiben? Kaufen Sie Ritalin bequem und sicher online \u2013 mit einem unkomplizierten Bestellvorgang. Entdecken Sie die M\u00f6glichkeiten und kaufen Sie Ritalin noch heute online f\u00fcr Ihre Forschungsvorhaben.","og_url":"https:\/\/gblexpress.com\/it\/prodotto-2\/acquistare-ritalin\/","og_site_name":"GBL Express","article_modified_time":"2026-03-06T09:03:05+00:00","og_image":[{"width":600,"height":600,"url":"https:\/\/gblexpress.com\/wp-content\/uploads\/2023\/05\/Ritalin-1.jpg","type":"image\/jpeg"}],"twitter_card":"summary_large_image","twitter_misc":{"Tempo di lettura stimato":"2 minuti"},"schema":{"@context":"https:\/\/schema.org","@graph":[{"@type":"WebPage","@id":"https:\/\/gblexpress.com\/product\/ritalin-kaufen\/","url":"https:\/\/gblexpress.com\/product\/ritalin-kaufen\/","name":"Acquista Ritalin online \u2013 Ritalin in vendita | Gblexpress","isPartOf":{"@id":"https:\/\/gblexpress.com\/#website"},"primaryImageOfPage":{"@id":"https:\/\/gblexpress.com\/product\/ritalin-kaufen\/#primaryimage"},"image":{"@id":"https:\/\/gblexpress.com\/product\/ritalin-kaufen\/#primaryimage"},"thumbnailUrl":"https:\/\/gblexpress.com\/wp-content\/uploads\/2023\/05\/Ritalin-1.jpg","datePublished":"2023-05-17T10:52:46+00:00","dateModified":"2026-03-06T09:03:05+00:00","description":"Vorresti far progredire la tua ricerca? Acquista Ritalin online in modo comodo e sicuro, con una procedura d'ordine semplice. Scopri le possibilit\u00e0 e acquista subito Ritalin online per i tuoi progetti di ricerca.","breadcrumb":{"@id":"https:\/\/gblexpress.com\/product\/ritalin-kaufen\/#breadcrumb"},"inLanguage":"it-IT","potentialAction":[{"@type":"ReadAction","target":["https:\/\/gblexpress.com\/product\/ritalin-kaufen\/"]}]},{"@type":"ImageObject","inLanguage":"it-IT","@id":"https:\/\/gblexpress.com\/product\/ritalin-kaufen\/#primaryimage","url":"https:\/\/gblexpress.com\/wp-content\/uploads\/2023\/05\/Ritalin-1.jpg","contentUrl":"https:\/\/gblexpress.com\/wp-content\/uploads\/2023\/05\/Ritalin-1.jpg","width":600,"height":600,"caption":"Ritalin online kaufen"},{"@type":"BreadcrumbList","@id":"https:\/\/gblexpress.com\/product\/ritalin-kaufen\/#breadcrumb","itemListElement":[{"@type":"ListItem","position":1,"name":"Home","item":"https:\/\/gblexpress.com\/"},{"@type":"ListItem","position":2,"name":"Shop","item":"https:\/\/gblexpress.com\/shop\/"},{"@type":"ListItem","position":3,"name":"Ritalin Online Kaufen"}]},{"@type":"WebSite","@id":"https:\/\/gblexpress.com\/#website","url":"https:\/\/gblexpress.com\/","name":"GBL Express","description":"","publisher":{"@id":"https:\/\/gblexpress.com\/#organization"},"potentialAction":[{"@type":"SearchAction","target":{"@type":"EntryPoint","urlTemplate":"https:\/\/gblexpress.com\/?s={search_term_string}"},"query-input":{"@type":"PropertyValueSpecification","valueRequired":true,"valueName":"search_term_string"}}],"inLanguage":"it-IT"},{"@type":"Organization","@id":"https:\/\/gblexpress.com\/#organization","name":"GBL Express","url":"https:\/\/gblexpress.com\/","logo":{"@type":"ImageObject","inLanguage":"it-IT","@id":"https:\/\/gblexpress.com\/#\/schema\/logo\/image\/","url":"https:\/\/gblexpress.com\/wp-content\/uploads\/2023\/01\/logo.png","contentUrl":"https:\/\/gblexpress.com\/wp-content\/uploads\/2023\/01\/logo.png","width":250,"height":52,"caption":"GBL Express"},"image":{"@id":"https:\/\/gblexpress.com\/#\/schema\/logo\/image\/"}}]}},"jetpack-related-posts":[],"jetpack_sharing_enabled":true,"_links":{"self":[{"href":"https:\/\/gblexpress.com\/it\/wp-json\/wp\/v2\/product\/475","targetHints":{"allow":["GET"]}}],"collection":[{"href":"https:\/\/gblexpress.com\/it\/wp-json\/wp\/v2\/product"}],"about":[{"href":"https:\/\/gblexpress.com\/it\/wp-json\/wp\/v2\/types\/product"}],"replies":[{"embeddable":true,"href":"https:\/\/gblexpress.com\/it\/wp-json\/wp\/v2\/comments?post=475"}],"wp:featuredmedia":[{"embeddable":true,"href":"https:\/\/gblexpress.com\/it\/wp-json\/wp\/v2\/media\/1639"}],"wp:attachment":[{"href":"https:\/\/gblexpress.com\/it\/wp-json\/wp\/v2\/media?parent=475"}],"wp:term":[{"taxonomy":"product_brand","embeddable":true,"href":"https:\/\/gblexpress.com\/it\/wp-json\/wp\/v2\/product_brand?post=475"},{"taxonomy":"product_cat","embeddable":true,"href":"https:\/\/gblexpress.com\/it\/wp-json\/wp\/v2\/product_cat?post=475"},{"taxonomy":"product_tag","embeddable":true,"href":"https:\/\/gblexpress.com\/it\/wp-json\/wp\/v2\/product_tag?post=475"}],"curies":[{"name":"wp","href":"https:\/\/api.w.org\/{rel}","templated":true}]}}