{"id":613,"date":"2023-05-29T11:28:22","date_gmt":"2023-05-29T11:28:22","guid":{"rendered":"https:\/\/gblexpress.com\/?post_type=product&#038;p=613"},"modified":"2026-02-27T10:31:39","modified_gmt":"2026-02-27T10:31:39","slug":"ketamin-s-isomer-99-rein-50-g","status":"publish","type":"product","link":"https:\/\/gblexpress.com\/it\/prodotto-2\/ketamin-s-isomer-99-rein-50-g\/","title":{"rendered":"Ketamina S+ Isomero 99% puro | 500g"},"content":{"rendered":"<h2><strong>50 g Ketamin S+ Isomer, 99% rein online kaufen<\/strong><\/h2>\n<p><a href=\"https:\/\/gblexpress.com\/it\/prodotto-2\/ketamin-s-isomer-99-rein-50-g\/\">Acquista S-Isomer Ketamina online<\/a>, mehr als 25 Mal, Ketamin S+ Isomer. S(+)-Ketamin online kaufen, ein reines rechtsdrehendes Enantiomer von Ketamin, ist eine weitere Option. f\u00fcr den therapeutischen Einsatz in der An\u00e4sthesie und Analgesie zug\u00e4nglich ist. Dar\u00fcber hinaus vermittelt die nicht-kompetitive Hemmung des N-Methyl-D-Aspartat-Rezeptors (NMDA) die wichtigsten Verbindungen. interagiert jedoch mit Adenosin-, Monoamin-, Opioid- und anderen purinergen Rezeptoren.<\/p>\n<h3><strong>Acquistare la Ketamina S isomero per combattere la depressione<\/strong><\/h3>\n<p>Articoli che hanno come obiettivo il canale del calcio di tipo L. Recettori per il glutammato metabotropico (mGluR). Sono descritti anche i recettori dell'acido amino-3-idrossi-5-metil-4-isossazolopropionico (AMPA). Il sistema simpatico Whim-Whams viene stimolato. La S(+)-chetamina \u00e8 un farmaco eccellente per l'analgesia o l'induzione dell'anestesia quando le condizioni del paziente sono instabili. Anche i prodotti neuroprotettivi, broncodilatatori, antiiperalgesici o antiepilettici offrono interessanti alternative terapeutiche. In questo articolo vengono presentati i numerosi impieghi possibili della S(+)-chetamina da un punto di vista farmacologico e terapeutico, con un'attenzione particolare alle prescrizioni tipiche per la terapia d'urgenza e la terapia intensiva Acquista la ketamina S-isomero online .<\/p>\n<h3><strong>Acquistare Ketamine HCl Crystal online | Ketamine HCl Crystal in vendita<\/strong><\/h3>\n<p>Inoltre, forniamo efficacemente a produttori e rivenditori prodotti di qualit\u00e0. La nostra spedizione e consegna \u00e8 inoltre sicura e rilassante al 100%. Siamo lieti di vendere i nostri prodotti in piccole e grandi quantit\u00e0 in tutto il mondo. Acquistare S-Isomer Ketamine online,<\/p>\n<p>Inoltre, abbiamo spedito e distribuito farmaci in tutto il mondo per oltre 5 anni per garantire sempre la sicurezza al 100% e le consegne speciali. Offriamo anche uno sconto del 10-15 per cento su ordini di grandi dimensioni e pu\u00f2 variare con il vostro ordine. Acquistare Cristalli di Ketamina online<\/p>\n<p>Inoltre, tutti i nostri prezzi sono molto bassi e moderati, i prezzi sono buoni, \u00e8 fatto riducendo i costi. I servizi offerti ai nostri clienti sono una garanzia che tutti gli ordini vengano consegnati entro il tipo di spedizione scelto. Tuttavia, dopo aver confermato la fattura, di solito spediamo tutti gli ordini.<\/p>\n<p>Infine, assicuriamo una distribuzione rapida e sicura in tutto il mondo, con discrezione.<a href=\"https:\/\/en.wikipedia.org\/wiki\/Ketamine\">.<\/a><\/p>\n<h3><\/h3>","protected":false},"excerpt":{"rendered":"<p>Il <strong>Ketamina S+ isomero<\/strong> \u00e8 un composto di elevata purezza caratterizzato da un'eccellente composizione chimica. \u00c8 il <strong>Isomero S+ della ketamina<\/strong>che si distingue dalla forma racemica per la sua maggiore potenza e il suo effetto specifico.<\/p>\n<h3><strong>Formula chimica e propriet\u00e0<\/strong><\/h3>\n<ul>\n<li><strong>Formula chimica<\/strong>C13H16ClNO<\/li>\n<li><strong>Peso molecolare<\/strong>: 237,73 g\/mol<\/li>\n<li><strong>La purezza<\/strong>99% - garantisce la massima qualit\u00e0 per applicazioni precise.<\/li>\n<li><strong>Composizione isomerica<\/strong>Stereoselettivo, con legame preferenziale ai recettori NMDA per un effetto pi\u00f9 forte.<\/li>\n<li><strong>Aspetto<\/strong>Polvere bianca cristallina ad alta stabilit\u00e0.<\/li>\n<\/ul>\n<h3><strong>Dettagli funzionali<\/strong><\/h3>\n<p>L'isomero S+ della ketamina \u00e8 caratterizzato da:<\/p>\n<ul>\n<li><strong>Maggiore efficacia analgesica<\/strong>Fino a due volte pi\u00f9 forte della forma racemica.<\/li>\n<li><strong>Inizio d'azione pi\u00f9 rapido<\/strong>Ideale per applicazioni terapeutiche o sperimentali critiche dal punto di vista temporale.<\/li>\n<li><strong>Meno effetti collaterali<\/strong>Riduzione delle allucinazioni e degli effetti avversi rispetto alla miscela racemica.<\/li>\n<\/ul>","protected":false},"featured_media":1630,"comment_status":"open","ping_status":"closed","template":"","meta":{"_joinchat":[]},"product_brand":[],"product_cat":[32,35],"product_tag":[787,769,790,778,775,773,788,782,776,780,795,771,789,792,791,770,446,452,783,772,785,784,774,794,781,768,777,779,793,786],"class_list":{"0":"post-613","1":"product","2":"type-product","3":"status-publish","4":"has-post-thumbnail","6":"product_cat-uncategorized","7":"product_cat-ritalin","8":"product_tag-99-reines-ketamin-fuer-laborzwecke","9":"product_tag-99-reinheit","10":"product_tag-beste-ketamin-anbieter-deutschland","11":"product_tag-beste-qualitaet-ketamin","12":"product_tag-chemisches-reagenz","13":"product_tag-diskreter-versand-ketamin","14":"product_tag-diskreter-versand-von-chemischen-produkten","15":"product_tag-forschung-isomer-kaufen","16":"product_tag-forschungsketamin","17":"product_tag-gblexpress-ketamin","18":"product_tag-gblexpress-ketamin-schweiz","19":"product_tag-hochreines-ketamin","20":"product_tag-hochreines-ketamin-online-bestellen","21":"product_tag-ketamin-bestellen-deutschland","22":"product_tag-ketamin-fuer-forschungszwecke-kaufen","23":"product_tag-ketamin-isomer-bestellen","24":"product_tag-ketamin-kaufen","25":"product_tag-ketamin-online-kaufen","26":"product_tag-ketamin-reinheit-99","27":"product_tag-ketamin-versand","28":"product_tag-laborketamin-bestellen","29":"product_tag-premium-ketamin","30":"product_tag-qualitatives-ketamin","31":"product_tag-reines-ketamin-kaufen-oesterreich","32":"product_tag-reines-s-isomer","33":"product_tag-s-isomer","34":"product_tag-s-isomer-hochrein","35":"product_tag-schneller-ketamin-versand","36":"product_tag-schneller-ketamin-versand-europa","37":"product_tag-wo-kann-ich-ketamin-s-isomer-kaufen","39":"first","40":"instock","41":"shipping-taxable","42":"purchasable","43":"product-type-variable"},"yoast_head":"<!-- This site is optimized with the Yoast SEO plugin v25.4 - https:\/\/yoast.com\/wordpress\/plugins\/seo\/ -->\n<title>Ketamin S+ Isomer 99% rein 500g online kaufen | Gbi Express<\/title>\n<meta name=\"description\" content=\"Entdecken Sie unseren Online-Shop f\u00fcr Ketamin S+ Isomer 99% rein | 500 g. Wir bieten hochwertiges Ketamin S+ Isomer 99% rein | 500 g an. Kaufen Sie Ketamin S+ Isomer 99% rein | 500 g online. Jetzt bestellen\" \/>\n<meta name=\"robots\" content=\"index, follow, max-snippet:-1, max-image-preview:large, max-video-preview:-1\" \/>\n<link rel=\"canonical\" href=\"https:\/\/gblexpress.com\/it\/prodotto-2\/ketamin-s-isomer-99-rein-50-g\/\" \/>\n<meta property=\"og:locale\" content=\"it_IT\" \/>\n<meta property=\"og:type\" content=\"article\" \/>\n<meta property=\"og:title\" content=\"Ketamin S+ Isomer 99% rein 500g online kaufen | Gbi Express\" \/>\n<meta property=\"og:description\" content=\"Entdecken Sie unseren Online-Shop f\u00fcr Ketamin S+ Isomer 99% rein | 500 g. Wir bieten hochwertiges Ketamin S+ Isomer 99% rein | 500 g an. Kaufen Sie Ketamin S+ Isomer 99% rein | 500 g online. Jetzt bestellen\" \/>\n<meta property=\"og:url\" content=\"https:\/\/gblexpress.com\/it\/prodotto-2\/ketamin-s-isomer-99-rein-50-g\/\" \/>\n<meta property=\"og:site_name\" content=\"GBL Express\" \/>\n<meta property=\"article:modified_time\" content=\"2026-02-27T10:31:39+00:00\" \/>\n<meta property=\"og:image\" content=\"https:\/\/gblexpress.com\/wp-content\/uploads\/2023\/05\/Ketamin-s.jpg\" \/>\n\t<meta property=\"og:image:width\" content=\"600\" \/>\n\t<meta property=\"og:image:height\" content=\"600\" \/>\n\t<meta property=\"og:image:type\" content=\"image\/jpeg\" \/>\n<meta name=\"twitter:card\" content=\"summary_large_image\" \/>\n<meta name=\"twitter:label1\" content=\"Tempo di lettura stimato\" \/>\n\t<meta name=\"twitter:data1\" content=\"2 minuti\" \/>\n<!-- \/ Yoast SEO plugin. -->","yoast_head_json":{"title":"Acquista online Ketamina S+ Isomer 99% pura 500g | Gbi Espresso","description":"Scopri il nostro negozio online per Ketamina S+ Isomero 99% puro | 500 g Offriamo Ketamina S+ Isomero di alta qualit\u00e0 99% puro | 500 grammi Acquista Ketamina S+ Isomer 99% Puro | 500g in linea. Ordina ora","robots":{"index":"index","follow":"follow","max-snippet":"max-snippet:-1","max-image-preview":"max-image-preview:large","max-video-preview":"max-video-preview:-1"},"canonical":"https:\/\/gblexpress.com\/it\/prodotto-2\/ketamin-s-isomer-99-rein-50-g\/","og_locale":"it_IT","og_type":"article","og_title":"Ketamin S+ Isomer 99% rein 500g online kaufen | Gbi Express","og_description":"Entdecken Sie unseren Online-Shop f\u00fcr Ketamin S+ Isomer 99% rein | 500 g. Wir bieten hochwertiges Ketamin S+ Isomer 99% rein | 500 g an. Kaufen Sie Ketamin S+ Isomer 99% rein | 500 g online. Jetzt bestellen","og_url":"https:\/\/gblexpress.com\/it\/prodotto-2\/ketamin-s-isomer-99-rein-50-g\/","og_site_name":"GBL Express","article_modified_time":"2026-02-27T10:31:39+00:00","og_image":[{"width":600,"height":600,"url":"https:\/\/gblexpress.com\/wp-content\/uploads\/2023\/05\/Ketamin-s.jpg","type":"image\/jpeg"}],"twitter_card":"summary_large_image","twitter_misc":{"Tempo di lettura stimato":"2 minuti"},"schema":{"@context":"https:\/\/schema.org","@graph":[{"@type":"WebPage","@id":"https:\/\/gblexpress.com\/product\/ketamin-s-isomer-99-rein-50-g\/","url":"https:\/\/gblexpress.com\/product\/ketamin-s-isomer-99-rein-50-g\/","name":"Acquista online Ketamina S+ Isomer 99% pura 500g | Gbi Espresso","isPartOf":{"@id":"https:\/\/gblexpress.com\/#website"},"primaryImageOfPage":{"@id":"https:\/\/gblexpress.com\/product\/ketamin-s-isomer-99-rein-50-g\/#primaryimage"},"image":{"@id":"https:\/\/gblexpress.com\/product\/ketamin-s-isomer-99-rein-50-g\/#primaryimage"},"thumbnailUrl":"https:\/\/gblexpress.com\/wp-content\/uploads\/2023\/05\/Ketamin-s.jpg","datePublished":"2023-05-29T11:28:22+00:00","dateModified":"2026-02-27T10:31:39+00:00","description":"Scopri il nostro negozio online per Ketamina S+ Isomero 99% puro | 500 g Offriamo Ketamina S+ Isomero di alta qualit\u00e0 99% puro | 500 grammi Acquista Ketamina S+ Isomer 99% Puro | 500g in linea. Ordina ora","breadcrumb":{"@id":"https:\/\/gblexpress.com\/product\/ketamin-s-isomer-99-rein-50-g\/#breadcrumb"},"inLanguage":"it-IT","potentialAction":[{"@type":"ReadAction","target":["https:\/\/gblexpress.com\/product\/ketamin-s-isomer-99-rein-50-g\/"]}]},{"@type":"ImageObject","inLanguage":"it-IT","@id":"https:\/\/gblexpress.com\/product\/ketamin-s-isomer-99-rein-50-g\/#primaryimage","url":"https:\/\/gblexpress.com\/wp-content\/uploads\/2023\/05\/Ketamin-s.jpg","contentUrl":"https:\/\/gblexpress.com\/wp-content\/uploads\/2023\/05\/Ketamin-s.jpg","width":600,"height":600,"caption":"Ketamin-s online kaufen"},{"@type":"BreadcrumbList","@id":"https:\/\/gblexpress.com\/product\/ketamin-s-isomer-99-rein-50-g\/#breadcrumb","itemListElement":[{"@type":"ListItem","position":1,"name":"Home","item":"https:\/\/gblexpress.com\/"},{"@type":"ListItem","position":2,"name":"Shop","item":"https:\/\/gblexpress.com\/shop\/"},{"@type":"ListItem","position":3,"name":"Ketamin S+ Isomer 99% rein | 500g"}]},{"@type":"WebSite","@id":"https:\/\/gblexpress.com\/#website","url":"https:\/\/gblexpress.com\/","name":"GBL Express","description":"","publisher":{"@id":"https:\/\/gblexpress.com\/#organization"},"potentialAction":[{"@type":"SearchAction","target":{"@type":"EntryPoint","urlTemplate":"https:\/\/gblexpress.com\/?s={search_term_string}"},"query-input":{"@type":"PropertyValueSpecification","valueRequired":true,"valueName":"search_term_string"}}],"inLanguage":"it-IT"},{"@type":"Organization","@id":"https:\/\/gblexpress.com\/#organization","name":"GBL Express","url":"https:\/\/gblexpress.com\/","logo":{"@type":"ImageObject","inLanguage":"it-IT","@id":"https:\/\/gblexpress.com\/#\/schema\/logo\/image\/","url":"https:\/\/gblexpress.com\/wp-content\/uploads\/2023\/01\/logo.png","contentUrl":"https:\/\/gblexpress.com\/wp-content\/uploads\/2023\/01\/logo.png","width":250,"height":52,"caption":"GBL Express"},"image":{"@id":"https:\/\/gblexpress.com\/#\/schema\/logo\/image\/"}}]}},"jetpack-related-posts":[],"jetpack_sharing_enabled":true,"_links":{"self":[{"href":"https:\/\/gblexpress.com\/it\/wp-json\/wp\/v2\/product\/613","targetHints":{"allow":["GET"]}}],"collection":[{"href":"https:\/\/gblexpress.com\/it\/wp-json\/wp\/v2\/product"}],"about":[{"href":"https:\/\/gblexpress.com\/it\/wp-json\/wp\/v2\/types\/product"}],"replies":[{"embeddable":true,"href":"https:\/\/gblexpress.com\/it\/wp-json\/wp\/v2\/comments?post=613"}],"wp:featuredmedia":[{"embeddable":true,"href":"https:\/\/gblexpress.com\/it\/wp-json\/wp\/v2\/media\/1630"}],"wp:attachment":[{"href":"https:\/\/gblexpress.com\/it\/wp-json\/wp\/v2\/media?parent=613"}],"wp:term":[{"taxonomy":"product_brand","embeddable":true,"href":"https:\/\/gblexpress.com\/it\/wp-json\/wp\/v2\/product_brand?post=613"},{"taxonomy":"product_cat","embeddable":true,"href":"https:\/\/gblexpress.com\/it\/wp-json\/wp\/v2\/product_cat?post=613"},{"taxonomy":"product_tag","embeddable":true,"href":"https:\/\/gblexpress.com\/it\/wp-json\/wp\/v2\/product_tag?post=613"}],"curies":[{"name":"wp","href":"https:\/\/api.w.org\/{rel}","templated":true}]}}