{"id":422,"date":"2023-01-31T08:56:25","date_gmt":"2023-01-31T08:56:25","guid":{"rendered":"https:\/\/chemswell.com\/gbl\/?page_id=422"},"modified":"2024-06-07T10:20:31","modified_gmt":"2024-06-07T10:20:31","slug":"ko-krople","status":"publish","type":"page","link":"https:\/\/gblexpress.com\/pl\/ko-krople\/","title":{"rendered":"Kup KO Drops online"},"content":{"rendered":"<section class=\"wpb_row vc_row-fluid vc_custom_1675150671160\"><div class=\"container\"><div class=\"row\"><div class=\"wpb_column vc_column_container vc_col-sm-12\"><div class=\"vc_column-inner\"><div class=\"wpb_wrapper\"  >\n\t<div class=\"wpb_text_column wpb_content_element\" >\n\t\t<div class=\"wpb_wrapper\">\n\t\t\t<h2 style=\"text-align: center; font-size: 30px;\">KUP KO POTS ONLINE<\/h2>\n<h3 style=\"text-align: center;\">Kup 100% czystych kropli KO online w GBLExpress<\/h3>\n<p style=\"text-align: center; font-size: 19px;\">KO Drops to pot\u0119\u017cny i niedrogi spos\u00f3b na popraw\u0119 zdrowia. Nazywa si\u0119 je kroplami KO, poniewa\u017c dzia\u0142aj\u0105 poprzez rozpuszczanie wapnia, kt\u00f3ry blokuje t\u0119tnice. U\u017cywaj\u0105c kropli nokautuj\u0105cych do snu, mo\u017cesz poprawi\u0107 kr\u0105\u017cenie i og\u00f3lny stan zdrowia. Korzystanie z KO Drops ma wiele zalet, dlatego wa\u017cne jest, aby kupowa\u0107 je z wiarygodnego \u017ar\u00f3d\u0142a, takiego jak GBL Express. Nasz sklep internetowy pomo\u017ce Ci zam\u00f3wi\u0107 krople nokaut online w najlepszych cenach. Dzi\u0119ki wsparciu naszego sklepu nie musisz martwi\u0107 si\u0119 o to, gdzie jeste\u015b <a href=\"https:\/\/gblexpress.com\/pl\/ko-krople\/\"><strong>Kup Knockout Drops<\/strong><\/a> M\u00f3c.<\/p>\n\n\t\t<\/div>\n\t<\/div>\n<div class=\"vc_btn3-container vc_btn3-center\" ><a class=\"vc_general vc_btn3 vc_btn3-size-md vc_btn3-shape-square vc_btn3-style-modern vc_btn3-color-black\" href=\"https:\/\/gblexpress.com\/pl\/sklep\/ko-drops-zakup-online\/\" title=\"\">Kup teraz<\/a><\/div><\/div><\/div><\/div><\/div><\/div><\/section><section class=\"wpb_row vc_row-fluid vc_custom_1675104750211\"><div class=\"container\"><div class=\"row\"><div class=\"wpb_column vc_column_container vc_col-sm-6\"><div class=\"vc_column-inner\"><div class=\"wpb_wrapper\"  >\n\t<div class=\"wpb_text_column wpb_content_element\" >\n\t\t<div class=\"wpb_wrapper\">\n\t\t\t<h2 style=\"text-align: justify;\">Kup krople KO online bez recepty<\/h2>\n<p style=\"text-align: justify;\">Knockout Drops to coraz bardziej popularny produkt, kt\u00f3ry mo\u017cna wykorzysta\u0107 do r\u00f3\u017cnych cel\u00f3w. Te pot\u0119\u017cne krople mog\u0105 pom\u00f3c Ci si\u0119 zrelaksowa\u0107, lepiej spa\u0107, a nawet zmniejszy\u0107 stres i niepok\u00f3j. Ale gdzie kupi\u0107 krople KO online bez recepty? Odpowiedzi\u0105 jest GBL Express. W GBL Express mo\u017cesz szybko i bezpiecznie kupi\u0107 Knockout Drops online.<\/p>\n<h2 style=\"text-align: justify;\">Zastosowanie i skuteczno\u015b\u0107 kropli nokautuj\u0105cych<\/h2>\n<p style=\"text-align: justify;\">Sen ma kluczowe znaczenie dla og\u00f3lnego samopoczucia i czasami mo\u017ce by\u0107 trudny do zdobycia. Na szcz\u0119\u015bcie istnieje wiele opcji, kt\u00f3re pomog\u0105 Ci zasn\u0105\u0107 tak, jak potrzebujesz. Krople Knockout s\u0105 jedn\u0105 z takich opcji \u2013 promuj\u0105 sen poprzez blokowanie niekt\u00f3rych hormon\u00f3w, o kt\u00f3rych wiadomo, \u017ce powoduj\u0105 bezsenno\u015b\u0107. Knockout Drops mo\u017cna kupi\u0107 online na wiele sposob\u00f3w. Mo\u017cesz kupi\u0107 krople KO online jako pojedyncze krople lub w paczkach po sze\u015b\u0107 lub wi\u0119cej kropli. Dodatkowo Knockout Drops mo\u017cna znale\u017a\u0107 w wielu sklepach wielobran\u017cowych i aptekach.<\/p>\n\n\t\t<\/div>\n\t<\/div>\n\t\t\t\n\t<!-- Element: OT Button --> \n\t\t\t<a href=\"https:\/\/gblexpress.com\/pl\/sklep\/ko-drops-zakup-online\/\" target=\"_self\" class=\"btn btn-line-black btn-big\">Kup teraz<\/a>\n\t    \n<\/div><\/div><\/div><div class=\"wpb_column vc_column_container vc_col-sm-6\"><div class=\"vc_column-inner\"><div class=\"wpb_wrapper\"  >\n\t<div  class=\"wpb_single_image wpb_content_element vc_align_left\">\n\t\t\n\t\t<figure class=\"wpb_wrapper vc_figure\">\n\t\t\t<div class=\"vc_single_image-wrapper vc_box_rounded  vc_box_border_grey\"><img loading=\"lazy\" decoding=\"async\" width=\"615\" height=\"615\" src=\"https:\/\/gblexpress.com\/wp-content\/uploads\/2023\/01\/buy-knockout-drops-online.jpg\" class=\"vc_single_image-img attachment-full\" alt=\"Kup Knockout Drops online\" srcset=\"https:\/\/gblexpress.com\/wp-content\/uploads\/2023\/01\/buy-knockout-drops-online.jpg 615w, https:\/\/gblexpress.com\/wp-content\/uploads\/2023\/01\/buy-knockout-drops-online-300x300.jpg 300w, https:\/\/gblexpress.com\/wp-content\/uploads\/2023\/01\/buy-knockout-drops-online-150x150.jpg 150w\" sizes=\"auto, (max-width: 615px) 100vw, 615px\" title=\"Kup Knockout Drops online\" \/><\/div>\n\t\t<\/figure>\n\t<\/div>\n<\/div><\/div><\/div><\/div><\/div><\/section><section class=\"wpb_row vc_row-fluid\"><div class=\"container\"><div class=\"row\"><div class=\"wpb_column vc_column_container vc_col-sm-6\"><div class=\"vc_column-inner\"><div class=\"wpb_wrapper\"  >\n\t<div  class=\"wpb_single_image wpb_content_element vc_align_left\">\n\t\t\n\t\t<figure class=\"wpb_wrapper vc_figure\">\n\t\t\t<div class=\"vc_single_image-wrapper vc_box_rounded  vc_box_border_grey\"><img loading=\"lazy\" decoding=\"async\" width=\"615\" height=\"350\" src=\"https:\/\/gblexpress.com\/wp-content\/uploads\/2023\/01\/ko-drops.jpg\" class=\"vc_single_image-img attachment-full\" alt=\"Kup KO Drops online\" srcset=\"https:\/\/gblexpress.com\/wp-content\/uploads\/2023\/01\/ko-drops.jpg 615w, https:\/\/gblexpress.com\/wp-content\/uploads\/2023\/01\/ko-drops-300x171.jpg 300w\" sizes=\"auto, (max-width: 615px) 100vw, 615px\" title=\"Kup KO Drops online\" \/><\/div>\n\t\t<\/figure>\n\t<\/div>\n<\/div><\/div><\/div><div class=\"wpb_column vc_column_container vc_col-sm-6\"><div class=\"vc_column-inner vc_custom_1675105084996\"><div class=\"wpb_wrapper\"  >\n\t<div class=\"wpb_text_column wpb_content_element\" >\n\t\t<div class=\"wpb_wrapper\">\n\t\t\t<h2>Dlaczego warto kupowa\u0107 u nas krople nokautuj\u0105ce przez Internet?<\/h2>\n<p style=\"text-align: justify;\">Je\u015bli chodzi o opiek\u0119 zdrowotn\u0105, musisz zaufa\u0107 najlepszym. Dlatego w ka\u017cdej partii Knockout Drops oferujemy sk\u0142adniki o zapewnionej jako\u015bci. Posiadamy r\u00f3wnie\u017c szerok\u0105 gam\u0119 produkt\u00f3w idealnie dostosowanych do Twoich potrzeb, niezale\u017cnie od tego, jakie one s\u0105. Dodatkowo, nasza szybka dostawa oznacza, \u017ce otrzymasz swoje krople szybko - bez czekania!<\/p>\n<p style=\"text-align: justify;\">Je\u015bli z jakiegokolwiek powodu nie jeste\u015b zadowolony z naszych produkt\u00f3w, oferujemy gwarancj\u0119 100% satysfakcji. Ponadto nasze bezpieczne opcje p\u0142atno\u015bci u\u0142atwiaj\u0105 bezproblemowy zakup Knockout Drops. Wreszcie, nasze dyskretne opakowanie oznacza, \u017ce mo\u017cesz zabra\u0107 Knockout Drops w dowolne miejsce i nikt si\u0119 o tym nie dowie. Kup krople KO bez recepty od GBL Express teraz!<\/p>\n\n\t\t<\/div>\n\t<\/div>\n\t\t\t\n\t<!-- Element: OT Button --> \n\t\t\t<a href=\"https:\/\/gblexpress.com\/pl\/sklep\/ko-drops-zakup-online\/\" target=\"_self\" class=\"btn btn-line-black btn-big\">Kup teraz<\/a>\n\t    \n<\/div><\/div><\/div><\/div><\/div><\/section><section class=\"wpb_row vc_row-fluid\"><div class=\"container\"><div class=\"row\"><div class=\"wpb_column vc_column_container vc_col-sm-12\"><div class=\"vc_column-inner\"><div class=\"wpb_wrapper\"  >\n\t<div class=\"wpb_text_column wpb_content_element\" >\n\t\t<div class=\"wpb_wrapper\">\n\t\t\t<h2 style=\"text-align: center;\">Co robi\u0105 krople nokautuj\u0105ce?<\/h2>\n<p style=\"text-align: center;\">Je\u015bli szukasz sposobu na zwi\u0119kszenie swojej energii i skupienia, koniecznie zam\u00f3w krople KO. Te krople s\u0105 wykonane z naturalnych sk\u0142adnik\u00f3w i wykazano, \u017ce skutecznie zwi\u0119kszaj\u0105 energi\u0119 i koncentracj\u0119. S\u0105 r\u00f3wnie\u017c dost\u0119pne na ca\u0142ym \u015bwiecie, co czyni je doskona\u0142ym wyborem dla ka\u017cdego, kto szuka zastrzyku energii w podr\u00f3\u017cy. Istnieje wiele alternatyw dla stosowania kropli nokautuj\u0105cych, w tym picie napoj\u00f3w zawieraj\u0105cych kofein\u0119 lub jedzenie produkt\u00f3w zawieraj\u0105cych kofein\u0119, takich jak czekolada lub batoniki.<\/p>\n\n\t\t<\/div>\n\t<\/div>\n<\/div><\/div><\/div><\/div><\/div><\/section><section class=\"wpb_row vc_row-fluid\"><div class=\"container\"><div class=\"row\"><div class=\"wpb_column vc_column_container vc_col-sm-12\"><div class=\"vc_column-inner\"><div class=\"wpb_wrapper\"  >\n\t<div class=\"wpb_text_column wpb_content_element\" >\n\t\t<div class=\"wpb_wrapper\">\n\t\t\t<h3 style=\"text-align: justify;\">Typowe substancje w kroplach KO<\/h3>\n<p style=\"text-align: justify;\">Sprzedawane krople KO mog\u0105 zawiera\u0107 r\u00f3\u017cne \u015brodki uspokajaj\u0105ce, niekt\u00f3re z najcz\u0119stszych to:<\/p>\n<p style=\"text-align: justify;\">1. GHB (gamma-hydroksyma\u015blan): Cz\u0119sto nazywany \u201ekroplami nokautuj\u0105cymi\u201d. GHB jest \u015brodkiem dzia\u0142aj\u0105cym depresyjnie na o\u015brodkowy uk\u0142ad nerwowy, kt\u00f3ry mo\u017ce powodowa\u0107 senno\u015b\u0107, utrat\u0119 przytomno\u015bci i utrat\u0119 pami\u0119ci.<\/p>\n<p style=\"text-align: justify;\">2. Rohypnol (flunitrazepam): Kolejny znany lek obezw\u0142adniaj\u0105cy, Rohypnol to benzodiazepina powoduj\u0105ca g\u0142\u0119bok\u0105 sedacj\u0119, rozlu\u017anienie mi\u0119\u015bni i amnezj\u0119.<\/p>\n<p style=\"text-align: justify;\">3. Wodzian chloralu: \u015arodek uspokajaj\u0105cy i nasenny, niegdy\u015b stosowany w leczeniu bezsenno\u015bci, ale obecnie jest bardziej znany z nadu\u017cywania go w celu znieczulenia.<\/p>\n<p style=\"text-align: justify;\">Zapraszamy do kontaktu z naszym sklepem internetowym w celu zakupu kropli KO online!<\/p>\n<h3 style=\"text-align: justify;\">Skutki i zagro\u017cenia<\/h3>\n<p style=\"text-align: justify;\">Kiedy kupujesz krople KO przez Internet, efekty r\u00f3\u017cni\u0105 si\u0119 w zale\u017cno\u015bci od u\u017cytej substancji, dawki i fizjologii danej osoby. Typowe skutki to:<\/p>\n<p style=\"text-align: justify;\">\u25cf Uspokojenie i senno\u015b\u0107: Krople KO to silne \u015brodki uspokajaj\u0105ce, kt\u00f3re mog\u0105 powodowa\u0107 skrajn\u0105 senno\u015b\u0107 lub utrat\u0119 przytomno\u015bci.<\/p>\n<p style=\"text-align: justify;\">\u25cf Utrata pami\u0119ci: Wiele z tych substancji mo\u017ce powodowa\u0107 cz\u0119\u015bciow\u0105 lub ca\u0142kowit\u0105 amnezj\u0119, utrudniaj\u0105c ludziom zapami\u0119tywanie wydarze\u0144, kt\u00f3re mia\u0142y miejsce pod wp\u0142ywem danej substancji.<\/p>\n<p style=\"text-align: justify;\">\u25cf Utrata kontroli motorycznej: Leki te mog\u0105 wp\u0142ywa\u0107 na koordynacj\u0119 i funkcje motoryczne, utrudniaj\u0105c poruszanie si\u0119 lub stawianie oporu.<\/p>\n<p style=\"text-align: justify;\">Ryzyko zwi\u0105zane z KO Drops online jest znaczne. Przedawkowanie tych substancji mo\u017ce prowadzi\u0107 do ci\u0119\u017ckiej depresji oddechowej, \u015bpi\u0105czki, a nawet \u015bmierci. Ponadto ich wykorzystanie w dzia\u0142alno\u015bci przest\u0119pczej, takiej jak napa\u015bci na tle seksualnym czy rabunki, stwarza powa\u017cne zagro\u017cenie dla bezpiecze\u0144stwa publicznego.<\/p>\n<h3 style=\"text-align: justify;\">\u015arodki zapobiegawcze i zabezpieczaj\u0105ce<\/h3>\n<p style=\"text-align: justify;\">Aby uchroni\u0107 si\u0119 przed niebezpiecze\u0144stwami zwi\u0105zanymi z kroplami KO, wa\u017cne jest, aby:<\/p>\n<p style=\"text-align: justify;\">\u25cf Zachowaj czujno\u015b\u0107: zwracaj uwag\u0119 na swoje otoczenie, szczeg\u00f3lnie w miejscach towarzyskich, takich jak bary i kluby.<\/p>\n<p style=\"text-align: justify;\">\u25cf Uwa\u017caj na drinka: nigdy nie zostawiaj napoju bez nadzoru i zachowaj ostro\u017cno\u015b\u0107 przy przyjmowaniu napoj\u00f3w od nieznajomych.<br \/>\n\u25cf Natychmiast szukaj pomocy: Je\u015bli podejrzewasz, \u017ce Ty lub kto\u015b inny zosta\u0142 odurzony, natychmiast zwr\u00f3\u0107 si\u0119 o pomoc lekarsk\u0105 i powiadom policj\u0119.<\/p>\n\n\t\t<\/div>\n\t<\/div>\n<\/div><\/div><\/div><\/div><\/div><\/section><section class=\"wpb_row vc_row-fluid vc_custom_1675105544557\"><div class=\"container\"><div class=\"row\"><div class=\"wpb_column vc_column_container vc_col-sm-4\"><div class=\"vc_column-inner\"><div class=\"wpb_wrapper\"  >\n\t<div  class=\"wpb_single_image wpb_content_element vc_align_center\">\n\t\t\n\t\t<figure class=\"wpb_wrapper vc_figure\">\n\t\t\t<a href=\"https:\/\/gblexpress.com\/pl\/gbl\/\" target=\"_self\" class=\"vc_single_image-wrapper vc_box_rounded  vc_box_border_grey\"><img loading=\"lazy\" decoding=\"async\" width=\"615\" height=\"350\" src=\"https:\/\/gblexpress.com\/wp-content\/uploads\/2023\/01\/gbl-liquid.jpg\" class=\"vc_single_image-img attachment-full\" alt=\"Gamma-butyrolakton GBL Kup online\" srcset=\"https:\/\/gblexpress.com\/wp-content\/uploads\/2023\/01\/gbl-liquid.jpg 615w, https:\/\/gblexpress.com\/wp-content\/uploads\/2023\/01\/gbl-liquid-300x171.jpg 300w\" sizes=\"auto, (max-width: 615px) 100vw, 615px\" title=\"Gamma-butyrolakton GBL Kup online\" \/><\/a>\n\t\t<\/figure>\n\t<\/div>\n<h3 style=\"text-align: left\" class=\"vc_custom_heading\" ><a href=\"https:\/\/gblexpress.com\/pl\/gbl\/\">Kup GBL Online<\/a><\/h3>\n\t<div class=\"wpb_text_column wpb_content_element\" >\n\t\t<div class=\"wpb_wrapper\">\n\t\t\t<p style=\"text-align: justify;\">GBL Express zajmuje si\u0119 lekami GBL od dziesi\u0119cioleci i rozumie potrzeby klient\u00f3w z ca\u0142ego \u015bwiata. Mo\u017cesz \u0142atwo kupi\u0107 GBL bez recepty tutaj.<\/p>\n\n\t\t<\/div>\n\t<\/div>\n<\/div><\/div><\/div><div class=\"wpb_column vc_column_container vc_col-sm-4\"><div class=\"vc_column-inner\"><div class=\"wpb_wrapper\"  >\n\t<div  class=\"wpb_single_image wpb_content_element vc_align_center\">\n\t\t\n\t\t<figure class=\"wpb_wrapper vc_figure\">\n\t\t\t<a href=\"https:\/\/gblexpress.com\/pl\/ritalin\/\" target=\"_self\" class=\"vc_single_image-wrapper vc_box_rounded  vc_box_border_grey\"><img loading=\"lazy\" decoding=\"async\" width=\"615\" height=\"350\" src=\"https:\/\/gblexpress.com\/wp-content\/uploads\/2023\/01\/ritalin-tablets.jpg\" class=\"vc_single_image-img attachment-full\" alt=\"Kup tabletki Ritalin online\" srcset=\"https:\/\/gblexpress.com\/wp-content\/uploads\/2023\/01\/ritalin-tablets.jpg 615w, https:\/\/gblexpress.com\/wp-content\/uploads\/2023\/01\/ritalin-tablets-300x171.jpg 300w\" sizes=\"auto, (max-width: 615px) 100vw, 615px\" title=\"Kup tabletki Ritalin online\" \/><\/a>\n\t\t<\/figure>\n\t<\/div>\n<h3 style=\"text-align: left\" class=\"vc_custom_heading\" ><a href=\"https:\/\/gblexpress.com\/pl\/ritalin\/\">Kup Ritalin online<\/a><\/h3>\n\t<div class=\"wpb_text_column wpb_content_element\" >\n\t\t<div class=\"wpb_wrapper\">\n\t\t\t<p style=\"text-align: justify;\">Kupuj\u0105c Ritalin online od GBLExpress mo\u017cesz skorzysta\u0107 z bezpiecznej dostawy i konkurencyjnych cen. Jako zarejestrowana apteka gwarantujemy, \u017ce wszystkie nasze produkty s\u0105 zatwierdzone dla pacjent\u00f3w z ADHD.<\/p>\n\n\t\t<\/div>\n\t<\/div>\n<\/div><\/div><\/div><div class=\"wpb_column vc_column_container vc_col-sm-4\"><div class=\"vc_column-inner\"><div class=\"wpb_wrapper\"  >\n\t<div  class=\"wpb_single_image wpb_content_element vc_align_center\">\n\t\t\n\t\t<figure class=\"wpb_wrapper vc_figure\">\n\t\t\t<a href=\"https:\/\/gblexpress.com\/pl\/ghb\/\" target=\"_self\" class=\"vc_single_image-wrapper vc_box_rounded  vc_box_border_grey\"><img loading=\"lazy\" decoding=\"async\" width=\"615\" height=\"350\" src=\"https:\/\/gblexpress.com\/wp-content\/uploads\/2023\/01\/ghb-liquid.jpg\" class=\"vc_single_image-img attachment-full\" alt=\"Gamma hydroksyma\u015blan (GHB) Kup online\" srcset=\"https:\/\/gblexpress.com\/wp-content\/uploads\/2023\/01\/ghb-liquid.jpg 615w, https:\/\/gblexpress.com\/wp-content\/uploads\/2023\/01\/ghb-liquid-300x171.jpg 300w\" sizes=\"auto, (max-width: 615px) 100vw, 615px\" title=\"Gamma hydroksyma\u015blan (GHB) Kup online\" \/><\/a>\n\t\t<\/figure>\n\t<\/div>\n<h3 style=\"text-align: left\" class=\"vc_custom_heading\" ><a href=\"https:\/\/gblexpress.com\/pl\/ghb\/\">GHB Kup online<\/a><\/h3>\n\t<div class=\"wpb_text_column wpb_content_element\" >\n\t\t<div class=\"wpb_wrapper\">\n\t\t\t<p style=\"text-align: justify;\">Dzi\u0119ki dost\u0119pno\u015bci naszego sklepu nie musisz si\u0119 martwi\u0107 gdzie kupi\u0107 GHB. W naszym sklepie internetowym bez problemu kupisz GHB bez recepty.<\/p>\n\n\t\t<\/div>\n\t<\/div>\n<\/div><\/div><\/div><\/div><\/div><\/section><section class=\"wpb_row vc_row-fluid call-to-action text-light bg-color vc_custom_1675107688125\"><div class=\"container\"><div class=\"row\"><div class=\"wpb_column vc_column_container vc_col-sm-8\"><div class=\"vc_column-inner\"><div class=\"wpb_wrapper\"  ><h3 style=\"text-align: left\" class=\"vc_custom_heading mt20\" >Popro\u015b o bezp\u0142atn\u0105 wycen\u0119 naszych produkt\u00f3w!<\/h3><\/div><\/div><\/div><div class=\"wpb_column vc_column_container vc_col-sm-4\"><div class=\"vc_column-inner\"><div class=\"wpb_wrapper\"  >\t\t\t\n\t<!-- Element: OT Button 2 --> \n\t<a href=\"http:\/\/gblexpress.com\/pl\/skontaktuj-sie-z-nami\/\" title=\"Popro\u015b teraz\" target=\" _blank\" class=\"btn btn-line btn-big mt10\">Popro\u015b teraz<\/a>\t\n<\/div><\/div><\/div><\/div><\/div><\/section>","protected":false},"excerpt":{"rendered":"KUP KROPLE KO ONLINE Kup 100 % czystych kropli KO online w GBLExpress Krople KO to skuteczny i niedrogi spos\u00f3b na popraw\u0119 zdrowia. Nazywane s\u0105 kroplami KO, poniewa\u017c dzia\u0142aj\u0105 poprzez rozpuszczanie wapnia, kt\u00f3ry blokuje t\u0119tnice. U\u017cywaj\u0105c kropli knockout do snu, mo\u017cesz poprawi\u0107 kr\u0105\u017cenie i [...]","protected":false},"author":1,"featured_media":0,"parent":0,"menu_order":0,"comment_status":"closed","ping_status":"closed","template":"page-templates\/template-fullwidth.php","meta":{"_joinchat":[],"footnotes":""},"class_list":["post-422","page","type-page","status-publish","hentry"],"yoast_head":"<!-- This site is optimized with the Yoast SEO plugin v25.4 - https:\/\/yoast.com\/wordpress\/plugins\/seo\/ -->\n<title>KO Tropfen Online Kaufen - Knockout Tropfen Bestellen - KO Tropfen<\/title>\n<meta name=\"description\" content=\"Auf der Suche nach den besten Knockout-Tropfen zum Schlafen? Hier kannst du KO Tropfen kaufen, KO Tropfen kaufen, KO Tropfen online bestellen, KO Tropfen zum Verkauf.\" \/>\n<meta name=\"robots\" content=\"index, follow, max-snippet:-1, max-image-preview:large, max-video-preview:-1\" \/>\n<link rel=\"canonical\" href=\"https:\/\/gblexpress.com\/pl\/ko-krople\/\" \/>\n<meta property=\"og:locale\" content=\"pl_PL\" \/>\n<meta property=\"og:type\" content=\"article\" \/>\n<meta property=\"og:title\" content=\"KO Tropfen Online Kaufen - Knockout Tropfen Bestellen - KO Tropfen\" \/>\n<meta property=\"og:description\" content=\"Auf der Suche nach den besten Knockout-Tropfen zum Schlafen? Hier kannst du KO Tropfen kaufen, KO Tropfen kaufen, KO Tropfen online bestellen, KO Tropfen zum Verkauf.\" \/>\n<meta property=\"og:url\" content=\"https:\/\/gblexpress.com\/pl\/ko-krople\/\" \/>\n<meta property=\"og:site_name\" content=\"GBL Express\" \/>\n<meta property=\"article:modified_time\" content=\"2024-06-07T10:20:31+00:00\" \/>\n<meta name=\"twitter:card\" content=\"summary_large_image\" \/>\n<meta name=\"twitter:label1\" content=\"Szacowany czas czytania\" \/>\n\t<meta name=\"twitter:data1\" content=\"5 minut\" \/>\n<!-- \/ Yoast SEO plugin. -->","yoast_head_json":{"title":"Kup KO Drops Online - Knockout Drops Zam\u00f3wienie - KO Drops","description":"Szukasz najlepszych knockout drops do spania? Tutaj mo\u017cesz kupi\u0107 KO drops, kupi\u0107 KO drops, zam\u00f3wi\u0107 KO drops online, KO drops na sprzeda\u017c.","robots":{"index":"index","follow":"follow","max-snippet":"max-snippet:-1","max-image-preview":"max-image-preview:large","max-video-preview":"max-video-preview:-1"},"canonical":"https:\/\/gblexpress.com\/pl\/ko-krople\/","og_locale":"pl_PL","og_type":"article","og_title":"KO Tropfen Online Kaufen - Knockout Tropfen Bestellen - KO Tropfen","og_description":"Auf der Suche nach den besten Knockout-Tropfen zum Schlafen? Hier kannst du KO Tropfen kaufen, KO Tropfen kaufen, KO Tropfen online bestellen, KO Tropfen zum Verkauf.","og_url":"https:\/\/gblexpress.com\/pl\/ko-krople\/","og_site_name":"GBL Express","article_modified_time":"2024-06-07T10:20:31+00:00","twitter_card":"summary_large_image","twitter_misc":{"Szacowany czas czytania":"5 minut"},"schema":{"@context":"https:\/\/schema.org","@graph":[{"@type":"WebPage","@id":"https:\/\/gblexpress.com\/ko-tropfen\/","url":"https:\/\/gblexpress.com\/ko-tropfen\/","name":"Kup KO Drops Online - Knockout Drops Zam\u00f3wienie - KO Drops","isPartOf":{"@id":"https:\/\/gblexpress.com\/#website"},"datePublished":"2023-01-31T08:56:25+00:00","dateModified":"2024-06-07T10:20:31+00:00","description":"Szukasz najlepszych knockout drops do spania? Tutaj mo\u017cesz kupi\u0107 KO drops, kupi\u0107 KO drops, zam\u00f3wi\u0107 KO drops online, KO drops na sprzeda\u017c.","breadcrumb":{"@id":"https:\/\/gblexpress.com\/ko-tropfen\/#breadcrumb"},"inLanguage":"pl-PL","potentialAction":[{"@type":"ReadAction","target":["https:\/\/gblexpress.com\/ko-tropfen\/"]}]},{"@type":"BreadcrumbList","@id":"https:\/\/gblexpress.com\/ko-tropfen\/#breadcrumb","itemListElement":[{"@type":"ListItem","position":1,"name":"Home","item":"https:\/\/gblexpress.com\/"},{"@type":"ListItem","position":2,"name":"KO Tropfen Kaufen Online"}]},{"@type":"WebSite","@id":"https:\/\/gblexpress.com\/#website","url":"https:\/\/gblexpress.com\/","name":"GBL Express","description":"","publisher":{"@id":"https:\/\/gblexpress.com\/#organization"},"potentialAction":[{"@type":"SearchAction","target":{"@type":"EntryPoint","urlTemplate":"https:\/\/gblexpress.com\/?s={search_term_string}"},"query-input":{"@type":"PropertyValueSpecification","valueRequired":true,"valueName":"search_term_string"}}],"inLanguage":"pl-PL"},{"@type":"Organization","@id":"https:\/\/gblexpress.com\/#organization","name":"GBL Express","url":"https:\/\/gblexpress.com\/","logo":{"@type":"ImageObject","inLanguage":"pl-PL","@id":"https:\/\/gblexpress.com\/#\/schema\/logo\/image\/","url":"https:\/\/gblexpress.com\/wp-content\/uploads\/2023\/01\/logo.png","contentUrl":"https:\/\/gblexpress.com\/wp-content\/uploads\/2023\/01\/logo.png","width":250,"height":52,"caption":"GBL Express"},"image":{"@id":"https:\/\/gblexpress.com\/#\/schema\/logo\/image\/"}}]}},"jetpack-related-posts":[],"jetpack_sharing_enabled":true,"_links":{"self":[{"href":"https:\/\/gblexpress.com\/pl\/wp-json\/wp\/v2\/pages\/422","targetHints":{"allow":["GET"]}}],"collection":[{"href":"https:\/\/gblexpress.com\/pl\/wp-json\/wp\/v2\/pages"}],"about":[{"href":"https:\/\/gblexpress.com\/pl\/wp-json\/wp\/v2\/types\/page"}],"author":[{"embeddable":true,"href":"https:\/\/gblexpress.com\/pl\/wp-json\/wp\/v2\/users\/1"}],"replies":[{"embeddable":true,"href":"https:\/\/gblexpress.com\/pl\/wp-json\/wp\/v2\/comments?post=422"}],"version-history":[{"count":6,"href":"https:\/\/gblexpress.com\/pl\/wp-json\/wp\/v2\/pages\/422\/revisions"}],"predecessor-version":[{"id":1056,"href":"https:\/\/gblexpress.com\/pl\/wp-json\/wp\/v2\/pages\/422\/revisions\/1056"}],"wp:attachment":[{"href":"https:\/\/gblexpress.com\/pl\/wp-json\/wp\/v2\/media?parent=422"}],"curies":[{"name":"wp","href":"https:\/\/api.w.org\/{rel}","templated":true}]}}