{"id":424,"date":"2023-01-31T09:04:08","date_gmt":"2023-01-31T09:04:08","guid":{"rendered":"https:\/\/chemswell.com\/gbl\/?page_id=424"},"modified":"2024-06-07T10:17:46","modified_gmt":"2024-06-07T10:17:46","slug":"ritalin","status":"publish","type":"page","link":"https:\/\/gblexpress.com\/pl\/ritalin\/","title":{"rendered":"Kup Ritalin online"},"content":{"rendered":"<section class=\"wpb_row vc_row-fluid vc_custom_1675150671160\"><div class=\"container\"><div class=\"row\"><div class=\"wpb_column vc_column_container vc_col-sm-12\"><div class=\"vc_column-inner\"><div class=\"wpb_wrapper\"  >\n\t<div class=\"wpb_text_column wpb_content_element\" >\n\t\t<div class=\"wpb_wrapper\">\n\t\t\t<h2 style=\"text-align: center; font-size: 30px;\">KUP RITALIN ONLINE<\/h2>\n<h3 style=\"text-align: center;\">Kup 100% czysty Ritalin online w GBLExpress<\/h3>\n<p style=\"text-align: center; font-size: 19px;\">Czy chcesz <a href=\"https:\/\/gblexpress.com\/pl\/ritalin\/\"><strong>Kup Ritalin online<\/strong><\/a> w bezpieczny spos\u00f3b? GBL Express to idealne rozwi\u0105zanie dla Ciebie. Ritalin jest skutecznym i niezb\u0119dnym lekiem dla wielu os\u00f3b cierpi\u0105cych na ADHD, ale mo\u017ce by\u0107 trudny do zdobycia i drogi. Kiedy kupujesz Ritalin<br \/>\nW GBLExpress mo\u017cesz skorzysta\u0107 z bezpiecznej dostawy i konkurencyjnych cen. Jako zarejestrowana apteka gwarantujemy, \u017ce wszystkie nasze produkty s\u0105 zatwierdzone dla pacjent\u00f3w z ADHD. Wi\u0119c je\u015bli zastanawiasz si\u0119, gdzie kupi\u0107 Ritalin online, nie szukaj dalej ni\u017c GBLExpress w konkurencyjnych cenach! Skorzystaj z naszych us\u0142ug ju\u017c dzi\u015b i bezpiecznie zam\u00f3w u nas sw\u00f3j Ritalin.<\/p>\n\n\t\t<\/div>\n\t<\/div>\n<div class=\"vc_btn3-container vc_btn3-center\" ><a class=\"vc_general vc_btn3 vc_btn3-size-md vc_btn3-shape-square vc_btn3-style-modern vc_btn3-color-black\" href=\"https:\/\/gblexpress.com\/pl\/sklep\/kupic-ritalin\/\" title=\"\">Kup teraz<\/a><\/div><\/div><\/div><\/div><\/div><\/div><\/section><section class=\"wpb_row vc_row-fluid vc_custom_1675104750211\"><div class=\"container\"><div class=\"row\"><div class=\"wpb_column vc_column_container vc_col-sm-6\"><div class=\"vc_column-inner\"><div class=\"wpb_wrapper\"  >\n\t<div class=\"wpb_text_column wpb_content_element\" >\n\t\t<div class=\"wpb_wrapper\">\n\t\t\t<h2 style=\"text-align: justify;\">Co to jest Ritalin i jak kupi\u0107 Ritalin?<\/h2>\n<p style=\"text-align: justify;\">Je\u015bli jeste\u015b jak wi\u0119kszo\u015b\u0107 ludzi, znasz przynajmniej jedn\u0105 osob\u0119, kt\u00f3ra ma zesp\u00f3\u0142 nadpobudliwo\u015bci psychoruchowej z deficytem uwagi (ADHD). ADHD to zaburzenie psychiczne, kt\u00f3re wp\u0142ywa na spos\u00f3b, w jaki dana osoba reguluje swoj\u0105 uwag\u0119 i zachowanie. Osoby z ADHD cz\u0119sto maj\u0105 problemy ze skupieniem, koncentracj\u0105 i kontrolowaniem impuls\u00f3w. Chocia\u017c nie ma jednego lekarstwa na ADHD, leczenie zazwyczaj obejmuje leki takie jak Ritalin. Mo\u017cesz <a href=\"https:\/\/en.wikipedia.org\/wiki\/Methylphenidate\" target=\"_blank\" rel=\"noopener\">Ritalin<\/a> Wystarczy zam\u00f3wi\u0107 online w GBLExpress i wkr\u00f3tce spodziewa\u0107 si\u0119 dostawy!<\/p>\n<h2 style=\"text-align: justify;\">Zastosowanie i skuteczno\u015b\u0107 Ritalinu<\/h2>\n<p style=\"text-align: justify;\">Une drogue connue sous le nom d'amph\u00e9tamines, qui comprend le Ritalin, est appel\u00e9e un stimulant de la classe des amph\u00e9tamines. Son utilisation augmente les niveaux de dopamine dans le cerveau, ce qui am\u00e9liore la concentration et la capacit\u00e9 \u00e0 rester attentif plus longtemps. Les personnes souffrant de TDAH se tournent souvent vers ce m\u00e9dicament pour un meilleur contr\u00f4le de leurs sympt\u00f4mes.<\/p>\n\n\t\t<\/div>\n\t<\/div>\n\t\t\t\n\t<!-- Element: OT Button --> \n\t\t\t<a href=\"https:\/\/gblexpress.com\/pl\/sklep\/kupic-ritalin\/\" target=\"_self\" class=\"btn btn-line-black btn-big\">Kup teraz<\/a>\n\t    \n<\/div><\/div><\/div><div class=\"wpb_column vc_column_container vc_col-sm-6\"><div class=\"vc_column-inner\"><div class=\"wpb_wrapper\"  >\n\t<div  class=\"wpb_single_image wpb_content_element vc_align_left\">\n\t\t\n\t\t<figure class=\"wpb_wrapper vc_figure\">\n\t\t\t<div class=\"vc_single_image-wrapper vc_box_rounded  vc_box_border_grey\"><img loading=\"lazy\" decoding=\"async\" width=\"615\" height=\"615\" src=\"https:\/\/gblexpress.com\/wp-content\/uploads\/2023\/01\/buy-ritalin-online.jpg\" class=\"vc_single_image-img attachment-full\" alt=\"Kup Ritalin online\" srcset=\"https:\/\/gblexpress.com\/wp-content\/uploads\/2023\/01\/buy-ritalin-online.jpg 615w, https:\/\/gblexpress.com\/wp-content\/uploads\/2023\/01\/buy-ritalin-online-300x300.jpg 300w, https:\/\/gblexpress.com\/wp-content\/uploads\/2023\/01\/buy-ritalin-online-150x150.jpg 150w\" sizes=\"auto, (max-width: 615px) 100vw, 615px\" title=\"Kup Ritalin online\" \/><\/div>\n\t\t<\/figure>\n\t<\/div>\n<\/div><\/div><\/div><\/div><\/div><\/section><section class=\"wpb_row vc_row-fluid\"><div class=\"container\"><div class=\"row\"><div class=\"wpb_column vc_column_container vc_col-sm-6\"><div class=\"vc_column-inner\"><div class=\"wpb_wrapper\"  >\n\t<div  class=\"wpb_single_image wpb_content_element vc_align_left\">\n\t\t\n\t\t<figure class=\"wpb_wrapper vc_figure\">\n\t\t\t<div class=\"vc_single_image-wrapper vc_box_rounded  vc_box_border_grey\"><img loading=\"lazy\" decoding=\"async\" width=\"615\" height=\"350\" src=\"https:\/\/gblexpress.com\/wp-content\/uploads\/2023\/01\/ritalin-tablets.jpg\" class=\"vc_single_image-img attachment-full\" alt=\"Kup tabletki Ritalin online\" srcset=\"https:\/\/gblexpress.com\/wp-content\/uploads\/2023\/01\/ritalin-tablets.jpg 615w, https:\/\/gblexpress.com\/wp-content\/uploads\/2023\/01\/ritalin-tablets-300x171.jpg 300w\" sizes=\"auto, (max-width: 615px) 100vw, 615px\" title=\"Kup tabletki Ritalin online\" \/><\/div>\n\t\t<\/figure>\n\t<\/div>\n<\/div><\/div><\/div><div class=\"wpb_column vc_column_container vc_col-sm-6\"><div class=\"vc_column-inner vc_custom_1675105084996\"><div class=\"wpb_wrapper\"  >\n\t<div class=\"wpb_text_column wpb_content_element\" >\n\t\t<div class=\"wpb_wrapper\">\n\t\t\t<h2>Dlaczego warto kupowa\u0107 u nas Ritalin online?<\/h2>\n<p style=\"text-align: justify;\">W GBLExpress rozumiemy, jak wa\u017cne jest bezpieczne kupowanie Ritalin 10mg, 20mg. Dlatego oferujemy ni\u017csze ceny ni\u017c w tradycyjnych aptekach, a nasz system kasowy jest bezpieczny i szybki. Nasz personel obs\u0142ugi klienta jest do\u015bwiadczony i gotowy odpowiedzie\u0107 na wszelkie pytania dotycz\u0105ce tego leku lub jakiegokolwiek innego sprzedawanego przez nas produktu.<\/p>\n<p style=\"text-align: justify;\">Niezale\u017cnie od tego, czy szukasz markowego, czy generycznego Ritalinu, zapewniamy Ci ochron\u0119 - bezpieczn\u0105 i bezpieczn\u0105. Kup teraz Ritalin bez recepty w GBLExpress!<\/p>\n\n\t\t<\/div>\n\t<\/div>\n\t\t\t\n\t<!-- Element: OT Button --> \n\t\t\t<a href=\"https:\/\/gblexpress.com\/pl\/sklep\/kupic-ritalin\/\" target=\"_self\" class=\"btn btn-line-black btn-big\">Kup teraz<\/a>\n\t    \n<\/div><\/div><\/div><\/div><\/div><\/section><section class=\"wpb_row vc_row-fluid\"><div class=\"container\"><div class=\"row\"><div class=\"wpb_column vc_column_container vc_col-sm-12\"><div class=\"vc_column-inner\"><div class=\"wpb_wrapper\"  >\n\t<div class=\"wpb_text_column wpb_content_element\" >\n\t\t<div class=\"wpb_wrapper\">\n\t\t\t<h2 style=\"text-align: center;\">Co robi Ritalin?<\/h2>\n<p style=\"text-align: center;\">W szczeg\u00f3lno\u015bci Ritalin zwi\u0119ksza ilo\u015b\u0107 dopaminy w m\u00f3zgu na dwa r\u00f3\u017cne sposoby: po pierwsze, hamuje wychwyt zwrotny dopaminy, a po drugie, stymuluje uwalnianie dopaminy z kom\u00f3rek. Oznacza to, \u017ce wi\u0119cej dopaminy jest dost\u0119pnych do interakcji z receptorami w m\u00f3zgu, co pomaga zwi\u0119kszy\u0107 zdolno\u015b\u0107 koncentracji i utrzymania uwagi przez d\u0142u\u017cszy czas.<\/p>\n\n\t\t<\/div>\n\t<\/div>\n<\/div><\/div><\/div><\/div><\/div><\/section><section class=\"wpb_row vc_row-fluid\"><div class=\"container\"><div class=\"row\"><div class=\"wpb_column vc_column_container vc_col-sm-12\"><div class=\"vc_column-inner\"><div class=\"wpb_wrapper\"  >\n\t<div class=\"wpb_text_column wpb_content_element\" >\n\t\t<div class=\"wpb_wrapper\">\n\t\t\t<h3 style=\"text-align: justify;\">Tak dzia\u0142a Ritalin<\/h3>\n<p style=\"text-align: justify;\">Ritalin dzia\u0142a poprzez wp\u0142yw na poziom niekt\u00f3rych substancji chemicznych w m\u00f3zgu, szczeg\u00f3lnie dopaminy i noradrenaliny. Te neuroprzeka\u017aniki odgrywaj\u0105 kluczow\u0105 rol\u0119 w regulacji uwagi, zachowania i snu. Sprzedawany Ritalin zwi\u0119ksza st\u0119\u017cenie tych substancji chemicznych w szczelinie synaptycznej, hamuj\u0105c ich wychwyt zwrotny do neuron\u00f3w i zwi\u0119kszaj\u0105c ich uwalnianie, poprawiaj\u0105c w ten spos\u00f3b komunikacj\u0119 mi\u0119dzy neuronami. Ta zwi\u0119kszona aktywno\u015b\u0107 neuroprzeka\u017anik\u00f3w pomaga poprawi\u0107 koncentracj\u0119, czas skupienia uwagi i kontrol\u0119 impuls\u00f3w u os\u00f3b z ADHD oraz wspiera czujno\u015b\u0107 u os\u00f3b z narkolepsj\u0105. W GBL Express pomo\u017cemy Ci kupi\u0107 Ritalin online w przyst\u0119pnych cenach.<\/p>\n<h3 style=\"text-align: justify;\">Dawkowanie i spos\u00f3b podawania<\/h3>\n<p style=\"text-align: justify;\">Ritalin dost\u0119pny jest w naszym sklepie Ritan w r\u00f3\u017cnych postaciach, w tym w postaci tabletek o natychmiastowym i przed\u0142u\u017conym uwalnianiu, a dawkowanie dostosowywane jest do indywidualnych potrzeb pacjenta. Posta\u0107 o natychmiastowym uwalnianiu przyjmuje si\u0119 zwykle dwa do trzech razy dziennie, 30 do 45 minut przed posi\u0142kiem. Z drugiej strony posta\u0107 o przed\u0142u\u017conym uwalnianiu jest zwykle przyjmowana raz dziennie rano. Wa\u017cne jest, aby post\u0119powa\u0107 zgodnie z instrukcjami lekarza przepisuj\u0105cego dotycz\u0105cymi dawkowania i podawania, aby zmaksymalizowa\u0107 skuteczno\u015b\u0107 leku i zminimalizowa\u0107 mo\u017cliwe skutki uboczne.<\/p>\n<h3 style=\"text-align: justify;\">Skutki uboczne i \u015brodki ostro\u017cno\u015bci<\/h3>\n<p style=\"text-align: justify;\">Cz\u0119ste dzia\u0142ania niepo\u017c\u0105dane Ritalinu obejmuj\u0105 nerwowo\u015b\u0107, problemy ze snem, utrat\u0119 apetytu, utrat\u0119 wagi, zawroty g\u0142owy, nudno\u015bci, wymioty i b\u00f3le g\u0142owy. Powa\u017cniejsze dzia\u0142ania niepo\u017c\u0105dane, cho\u0107 rzadkie, mog\u0105 obejmowa\u0107 ko\u0142atanie serca, podwy\u017cszone ci\u015bnienie krwi i zmiany psychiczne\/nastroju, takie jak pobudzenie, agresja lub depresja. Wa\u017cne jest, aby pacjenci przed rozpocz\u0119ciem stosowania leku Ritalin om\u00f3wili z lekarzem histori\u0119 swojej choroby, zw\u0142aszcza je\u015bli w przesz\u0142o\u015bci mieli problemy z sercem, choroby psychiczne lub nadu\u017cywali substancji psychoaktywnych.<\/p>\n<h3 style=\"text-align: justify;\">Interakcje Ritalinu z innymi lekami<\/h3>\n<p style=\"text-align: justify;\">Ritalin mo\u017ce wchodzi\u0107 w interakcje z innymi lekami, zmniejszaj\u0105c jego skuteczno\u015b\u0107 lub zwi\u0119kszaj\u0105c ryzyko wyst\u0105pienia powa\u017cnych dzia\u0142a\u0144 niepo\u017c\u0105danych. Pacjenci powinni poinformowa\u0107 lekarza o wszystkich przyjmowanych lekach na recept\u0119 i bez recepty, w tym o witaminach i suplementach zio\u0142owych. Godne uwagi interakcje obejmuj\u0105 niekt\u00f3re leki przeciwdepresyjne, leki na ci\u015bnienie krwi i antykoagulanty. Podczas stosowania leku Ritalin nale\u017cy unika\u0107 alkoholu i innych \u015brodk\u00f3w pobudzaj\u0105cych o\u015brodkowy uk\u0142ad nerwowy, aby zapobiec pogorszeniu si\u0119 dzia\u0142a\u0144 niepo\u017c\u0105danych.<\/p>\n<p style=\"text-align: justify;\"><em><strong>Zam\u00f3w Ritalin online w GBL Express i oczekuj dostawy wybranych produkt\u00f3w w kr\u00f3tkim czasie!<\/strong><\/em><\/p>\n\n\t\t<\/div>\n\t<\/div>\n<\/div><\/div><\/div><\/div><\/div><\/section><section class=\"wpb_row vc_row-fluid vc_custom_1675105544557\"><div class=\"container\"><div class=\"row\"><div class=\"wpb_column vc_column_container vc_col-sm-4\"><div class=\"vc_column-inner\"><div class=\"wpb_wrapper\"  >\n\t<div  class=\"wpb_single_image wpb_content_element vc_align_center\">\n\t\t\n\t\t<figure class=\"wpb_wrapper vc_figure\">\n\t\t\t<a href=\"https:\/\/gblexpress.com\/pl\/gbl\/\" target=\"_self\" class=\"vc_single_image-wrapper vc_box_rounded  vc_box_border_grey\"><img loading=\"lazy\" decoding=\"async\" width=\"615\" height=\"350\" src=\"https:\/\/gblexpress.com\/wp-content\/uploads\/2023\/01\/gbl-liquid.jpg\" class=\"vc_single_image-img attachment-full\" alt=\"Gamma-butyrolakton GBL Kup online\" srcset=\"https:\/\/gblexpress.com\/wp-content\/uploads\/2023\/01\/gbl-liquid.jpg 615w, https:\/\/gblexpress.com\/wp-content\/uploads\/2023\/01\/gbl-liquid-300x171.jpg 300w\" sizes=\"auto, (max-width: 615px) 100vw, 615px\" title=\"Gamma-butyrolakton GBL Kup online\" \/><\/a>\n\t\t<\/figure>\n\t<\/div>\n<h3 style=\"text-align: left\" class=\"vc_custom_heading\" ><a href=\"https:\/\/gblexpress.com\/pl\/gbl\/\">Kup GBL Online<\/a><\/h3>\n\t<div class=\"wpb_text_column wpb_content_element\" >\n\t\t<div class=\"wpb_wrapper\">\n\t\t\t<p style=\"text-align: justify;\">GBL Express zajmuje si\u0119 lekami GBL od dziesi\u0119cioleci i rozumie potrzeby klient\u00f3w z ca\u0142ego \u015bwiata. Mo\u017cesz \u0142atwo kupi\u0107 GBL bez recepty tutaj.<\/p>\n\n\t\t<\/div>\n\t<\/div>\n<\/div><\/div><\/div><div class=\"wpb_column vc_column_container vc_col-sm-4\"><div class=\"vc_column-inner\"><div class=\"wpb_wrapper\"  >\n\t<div  class=\"wpb_single_image wpb_content_element vc_align_center\">\n\t\t\n\t\t<figure class=\"wpb_wrapper vc_figure\">\n\t\t\t<a href=\"https:\/\/gblexpress.com\/pl\/ghb\/\" target=\"_self\" class=\"vc_single_image-wrapper vc_box_rounded  vc_box_border_grey\"><img loading=\"lazy\" decoding=\"async\" width=\"615\" height=\"350\" src=\"https:\/\/gblexpress.com\/wp-content\/uploads\/2023\/01\/ghb-liquid.jpg\" class=\"vc_single_image-img attachment-full\" alt=\"Gamma hydroksyma\u015blan (GHB) Kup online\" srcset=\"https:\/\/gblexpress.com\/wp-content\/uploads\/2023\/01\/ghb-liquid.jpg 615w, https:\/\/gblexpress.com\/wp-content\/uploads\/2023\/01\/ghb-liquid-300x171.jpg 300w\" sizes=\"auto, (max-width: 615px) 100vw, 615px\" title=\"Gamma hydroksyma\u015blan (GHB) Kup online\" \/><\/a>\n\t\t<\/figure>\n\t<\/div>\n<h3 style=\"text-align: left\" class=\"vc_custom_heading\" ><a href=\"https:\/\/gblexpress.com\/pl\/ghb\/\">Kup GBL online<\/a><\/h3>\n\t<div class=\"wpb_text_column wpb_content_element\" >\n\t\t<div class=\"wpb_wrapper\">\n\t\t\t<p style=\"text-align: justify;\">Dzi\u0119ki dost\u0119pno\u015bci naszego sklepu nie musisz si\u0119 martwi\u0107 gdzie kupi\u0107 GHB. W naszym sklepie internetowym bez problemu kupisz GHB bez recepty.<\/p>\n\n\t\t<\/div>\n\t<\/div>\n<\/div><\/div><\/div><div class=\"wpb_column vc_column_container vc_col-sm-4\"><div class=\"vc_column-inner\"><div class=\"wpb_wrapper\"  >\n\t<div  class=\"wpb_single_image wpb_content_element vc_align_center\">\n\t\t\n\t\t<figure class=\"wpb_wrapper vc_figure\">\n\t\t\t<a href=\"https:\/\/gblexpress.com\/pl\/ko-krople\/\" target=\"_self\" class=\"vc_single_image-wrapper vc_box_rounded  vc_box_border_grey\"><img loading=\"lazy\" decoding=\"async\" width=\"615\" height=\"350\" src=\"https:\/\/gblexpress.com\/wp-content\/uploads\/2023\/01\/ko-drops.jpg\" class=\"vc_single_image-img attachment-full\" alt=\"Kup KO Drops online\" srcset=\"https:\/\/gblexpress.com\/wp-content\/uploads\/2023\/01\/ko-drops.jpg 615w, https:\/\/gblexpress.com\/wp-content\/uploads\/2023\/01\/ko-drops-300x171.jpg 300w\" sizes=\"auto, (max-width: 615px) 100vw, 615px\" title=\"Kup KO Drops online\" \/><\/a>\n\t\t<\/figure>\n\t<\/div>\n<h3 style=\"text-align: left\" class=\"vc_custom_heading\" ><a href=\"https:\/\/gblexpress.com\/pl\/ko-krople\/\">Kup KO Drops online<\/a><\/h3>\n\t<div class=\"wpb_text_column wpb_content_element\" >\n\t\t<div class=\"wpb_wrapper\">\n\t\t\t<p style=\"text-align: justify;\">Nasz sklep internetowy pomo\u017ce Ci zam\u00f3wi\u0107 krople nokaut online w najlepszych cenach. Dzi\u0119ki wsparciu naszego sklepu nie musisz martwi\u0107 si\u0119 o to, gdzie kupi\u0107 krople nokautuj\u0105ce.<\/p>\n\n\t\t<\/div>\n\t<\/div>\n<\/div><\/div><\/div><\/div><\/div><\/section><section class=\"wpb_row vc_row-fluid call-to-action text-light bg-color vc_custom_1675107688125\"><div class=\"container\"><div class=\"row\"><div class=\"wpb_column vc_column_container vc_col-sm-8\"><div class=\"vc_column-inner\"><div class=\"wpb_wrapper\"  ><h3 style=\"text-align: left\" class=\"vc_custom_heading mt20\" >Popro\u015b o bezp\u0142atn\u0105 wycen\u0119 naszych produkt\u00f3w!<\/h3><\/div><\/div><\/div><div class=\"wpb_column vc_column_container vc_col-sm-4\"><div class=\"vc_column-inner\"><div class=\"wpb_wrapper\"  >\t\t\t\n\t<!-- Element: OT Button 2 --> \n\t<a href=\"http:\/\/gblexpress.com\/pl\/skontaktuj-sie-z-nami\/\" title=\"Popro\u015b teraz\" target=\" _blank\" class=\"btn btn-line btn-big mt10\">Popro\u015b teraz<\/a>\t\n<\/div><\/div><\/div><\/div><\/div><\/section>","protected":false},"excerpt":{"rendered":"KUP RITALIN ONLINE Kup 100 % czystego Ritalinu online w GBLExpress Chcesz kupi\u0107 Ritalin online w bezpieczny spos\u00f3b? GBL Express to idealne rozwi\u0105zanie dla Ciebie. Ritalin jest skutecznym i niezb\u0119dnym lekiem dla wielu pacjent\u00f3w z ADHD, ale mo\u017ce by\u0107 trudny do zdobycia i drogi. Kiedy kupujesz Ritalin z GBLExpress [...]","protected":false},"author":1,"featured_media":0,"parent":0,"menu_order":0,"comment_status":"closed","ping_status":"closed","template":"page-templates\/template-fullwidth.php","meta":{"_joinchat":[],"footnotes":""},"class_list":["post-424","page","type-page","status-publish","hentry"],"yoast_head":"<!-- This site is optimized with the Yoast SEO plugin v25.4 - https:\/\/yoast.com\/wordpress\/plugins\/seo\/ -->\n<title>Ritalin Online Kaufen - Ritalin online bestellen - Ritalin tabletten<\/title>\n<meta name=\"description\" content=\"Auf der Suche nach Ritalin-Tabletten in bester Qualit\u00e4t online 10 mg, 20 mg, 30 mg? Wir sind der beste Lieferant von Ritalin. Sie k\u00f6nnen Ritalin online kaufen, Ritalin legal bestellen.\" \/>\n<meta name=\"robots\" content=\"index, follow, max-snippet:-1, max-image-preview:large, max-video-preview:-1\" \/>\n<link rel=\"canonical\" href=\"https:\/\/gblexpress.com\/pl\/ritalin\/\" \/>\n<meta property=\"og:locale\" content=\"pl_PL\" \/>\n<meta property=\"og:type\" content=\"article\" \/>\n<meta property=\"og:title\" content=\"Ritalin Online Kaufen - Ritalin online bestellen - Ritalin tabletten\" \/>\n<meta property=\"og:description\" content=\"Auf der Suche nach Ritalin-Tabletten in bester Qualit\u00e4t online 10 mg, 20 mg, 30 mg? Wir sind der beste Lieferant von Ritalin. Sie k\u00f6nnen Ritalin online kaufen, Ritalin legal bestellen.\" \/>\n<meta property=\"og:url\" content=\"https:\/\/gblexpress.com\/pl\/ritalin\/\" \/>\n<meta property=\"og:site_name\" content=\"GBL Express\" \/>\n<meta property=\"article:modified_time\" content=\"2024-06-07T10:17:46+00:00\" \/>\n<meta name=\"twitter:card\" content=\"summary_large_image\" \/>\n<meta name=\"twitter:label1\" content=\"Szacowany czas czytania\" \/>\n\t<meta name=\"twitter:data1\" content=\"5 minut\" \/>\n<!-- \/ Yoast SEO plugin. -->","yoast_head_json":{"title":"Kup Ritalin Online - Zam\u00f3w Ritalin Online - Tabletki Ritalin","description":"Szukasz najlepszej jako\u015bci Ritalin tabletki online 10 mg, 20 mg, 30 mg? Jeste\u015bmy najlepszym dostawc\u0105 Ritalin. Mo\u017cesz kupi\u0107 Ritalin online, zam\u00f3wi\u0107 Ritalin legalnie.","robots":{"index":"index","follow":"follow","max-snippet":"max-snippet:-1","max-image-preview":"max-image-preview:large","max-video-preview":"max-video-preview:-1"},"canonical":"https:\/\/gblexpress.com\/pl\/ritalin\/","og_locale":"pl_PL","og_type":"article","og_title":"Ritalin Online Kaufen - Ritalin online bestellen - Ritalin tabletten","og_description":"Auf der Suche nach Ritalin-Tabletten in bester Qualit\u00e4t online 10 mg, 20 mg, 30 mg? Wir sind der beste Lieferant von Ritalin. Sie k\u00f6nnen Ritalin online kaufen, Ritalin legal bestellen.","og_url":"https:\/\/gblexpress.com\/pl\/ritalin\/","og_site_name":"GBL Express","article_modified_time":"2024-06-07T10:17:46+00:00","twitter_card":"summary_large_image","twitter_misc":{"Szacowany czas czytania":"5 minut"},"schema":{"@context":"https:\/\/schema.org","@graph":[{"@type":"WebPage","@id":"https:\/\/gblexpress.com\/ritalin\/","url":"https:\/\/gblexpress.com\/ritalin\/","name":"Kup Ritalin Online - Zam\u00f3w Ritalin Online - Tabletki Ritalin","isPartOf":{"@id":"https:\/\/gblexpress.com\/#website"},"datePublished":"2023-01-31T09:04:08+00:00","dateModified":"2024-06-07T10:17:46+00:00","description":"Szukasz najlepszej jako\u015bci Ritalin tabletki online 10 mg, 20 mg, 30 mg? Jeste\u015bmy najlepszym dostawc\u0105 Ritalin. Mo\u017cesz kupi\u0107 Ritalin online, zam\u00f3wi\u0107 Ritalin legalnie.","breadcrumb":{"@id":"https:\/\/gblexpress.com\/ritalin\/#breadcrumb"},"inLanguage":"pl-PL","potentialAction":[{"@type":"ReadAction","target":["https:\/\/gblexpress.com\/ritalin\/"]}]},{"@type":"BreadcrumbList","@id":"https:\/\/gblexpress.com\/ritalin\/#breadcrumb","itemListElement":[{"@type":"ListItem","position":1,"name":"Home","item":"https:\/\/gblexpress.com\/"},{"@type":"ListItem","position":2,"name":"Ritalin Online Kaufen"}]},{"@type":"WebSite","@id":"https:\/\/gblexpress.com\/#website","url":"https:\/\/gblexpress.com\/","name":"GBL Express","description":"","publisher":{"@id":"https:\/\/gblexpress.com\/#organization"},"potentialAction":[{"@type":"SearchAction","target":{"@type":"EntryPoint","urlTemplate":"https:\/\/gblexpress.com\/?s={search_term_string}"},"query-input":{"@type":"PropertyValueSpecification","valueRequired":true,"valueName":"search_term_string"}}],"inLanguage":"pl-PL"},{"@type":"Organization","@id":"https:\/\/gblexpress.com\/#organization","name":"GBL Express","url":"https:\/\/gblexpress.com\/","logo":{"@type":"ImageObject","inLanguage":"pl-PL","@id":"https:\/\/gblexpress.com\/#\/schema\/logo\/image\/","url":"https:\/\/gblexpress.com\/wp-content\/uploads\/2023\/01\/logo.png","contentUrl":"https:\/\/gblexpress.com\/wp-content\/uploads\/2023\/01\/logo.png","width":250,"height":52,"caption":"GBL Express"},"image":{"@id":"https:\/\/gblexpress.com\/#\/schema\/logo\/image\/"}}]}},"jetpack-related-posts":[],"jetpack_sharing_enabled":true,"_links":{"self":[{"href":"https:\/\/gblexpress.com\/pl\/wp-json\/wp\/v2\/pages\/424","targetHints":{"allow":["GET"]}}],"collection":[{"href":"https:\/\/gblexpress.com\/pl\/wp-json\/wp\/v2\/pages"}],"about":[{"href":"https:\/\/gblexpress.com\/pl\/wp-json\/wp\/v2\/types\/page"}],"author":[{"embeddable":true,"href":"https:\/\/gblexpress.com\/pl\/wp-json\/wp\/v2\/users\/1"}],"replies":[{"embeddable":true,"href":"https:\/\/gblexpress.com\/pl\/wp-json\/wp\/v2\/comments?post=424"}],"version-history":[{"count":9,"href":"https:\/\/gblexpress.com\/pl\/wp-json\/wp\/v2\/pages\/424\/revisions"}],"predecessor-version":[{"id":1055,"href":"https:\/\/gblexpress.com\/pl\/wp-json\/wp\/v2\/pages\/424\/revisions\/1055"}],"wp:attachment":[{"href":"https:\/\/gblexpress.com\/pl\/wp-json\/wp\/v2\/media?parent=424"}],"curies":[{"name":"wp","href":"https:\/\/api.w.org\/{rel}","templated":true}]}}