{"id":1239,"date":"2024-11-26T05:39:52","date_gmt":"2024-11-26T05:39:52","guid":{"rendered":"https:\/\/gblexpress.com\/?post_type=product&#038;p=1239"},"modified":"2026-02-28T09:26:03","modified_gmt":"2026-02-28T09:26:03","slug":"metamfetamina","status":"publish","type":"product","link":"https:\/\/gblexpress.com\/pl\/produkt-2\/metamfetamina\/","title":{"rendered":"Metamfetamina"},"content":{"rendered":"<h2><strong>Metamfetamin Online kaufen: Alles \u00fcber Wirkung, Dosierung und sicheren\u00a0<\/strong><\/h2>\n<p><a href=\"https:\/\/gblexpress.com\/pl\/produkt-2\/metamfetamina\/\"><strong>Metamfetamina<\/strong><\/a>znana r\u00f3wnie\u017c jako metamfetamina, jest silnym stymulantem znanym z intensywnych efekt\u00f3w energetyzuj\u0105cych i euforycznych. Wiele os\u00f3b poszukuje <a href=\"https:\/\/en.wikipedia.org\/wiki\/Ketamine\"><strong>Kryszta\u0142y metamfetaminy<\/strong><\/a> lub <strong>Metamfetamina w proszku<\/strong>aby do\u015bwiadczy\u0107 d\u0142ugotrwa\u0142ej energii i zwi\u0119kszonej czujno\u015bci. Je\u015bli <strong>Kup metamfetamin\u0119<\/strong>wa\u017cne jest, aby zna\u0107 dzia\u0142anie, dawkowanie i \u015brodki bezpiecze\u0144stwa<a href=\"https:\/\/gblexprimer.com\/product\/lsd-kwas\/\">.<\/a><\/p>\n<h3><strong>Co to jest metamfetamina?<\/strong><\/h3>\n<p>Metamfetamina jest zwi\u0105zkiem chemicznym dzia\u0142aj\u0105cym na o\u015brodkowy uk\u0142ad nerwowy. Cz\u0119sto oferowana jest w nast\u0119puj\u0105cych postaciach:<\/p>\n<ul>\n<li><strong>Kryszta\u0142y metamfetaminy:<\/strong> Forma o wysokiej czysto\u015bci znana z silnego i d\u0142ugotrwa\u0142ego dzia\u0142ania<a href=\"https:\/\/gblexpress.com\/pl\/sklep\/gbl-kup-online-butyrolakton-kup\/\">.<\/a><\/li>\n<li><strong>Metamfetamina w proszku:<\/strong> Elastyczne dawkowanie i \u0142atwa obs\u0142uga.<\/li>\n<\/ul>\n<p>Substancja ta jest cz\u0119sto ceniona za swoje w\u0142a\u015bciwo\u015bci pobudzaj\u0105ce, ale tak\u017ce za zdolno\u015b\u0107 do zwi\u0119kszania czujno\u015bci i sprawno\u015bci fizycznej.<\/p>\n<h3><strong>Dzia\u0142anie metamfetaminy<\/strong><\/h3>\n<p>The <strong>Dzia\u0142anie metamfetaminy<\/strong> zwykle wyst\u0119puje w ci\u0105gu kilku minut od spo\u017cycia (szybciej w przypadku wdychania lub wstrzykni\u0119cia) i mo\u017ce trwa\u0107 do 12 godzin. Najcz\u0119stsze efekty obejmuj\u0105:<\/p>\n<ul>\n<li><strong>Ekstremalna energia:<\/strong> Uczucie zwi\u0119kszonej wydajno\u015bci fizycznej i umys\u0142owej.<\/li>\n<li><strong>Euforia:<\/strong> Intensywny haj, kt\u00f3ry utrzymuje si\u0119 przez d\u0142ugi czas.<\/li>\n<li><strong>Skupienie i czujno\u015b\u0107:<\/strong> Lepsza koncentracja i uwaga.<\/li>\n<li><strong>T\u0142umienie zm\u0119czenia:<\/strong> Idealny do d\u0142u\u017cszych okres\u00f3w czuwania lub aktywno\u015bci.<\/li>\n<\/ul>\n<h3><strong>Dawkowanie metamfetaminy<\/strong><\/h3>\n<p>Prawo <strong>Dawkowanie metamfetaminy<\/strong> r\u00f3\u017cni si\u0119 w zale\u017cno\u015bci od do\u015bwiadczenia i metody aplikacji:<\/p>\n<ul>\n<li><strong>Pocz\u0105tkuj\u0105cy:<\/strong> 5-10 mg<\/li>\n<li><strong>Do\u015bwiadczeni u\u017cytkownicy:<\/strong> 10-25 mg<\/li>\n<li><strong>Wysoka dawka:<\/strong> Od 25 mg (tylko dla bardzo do\u015bwiadczonych u\u017cytkownik\u00f3w, poniewa\u017c zwi\u0119ksza si\u0119 ryzyko wyst\u0105pienia dzia\u0142a\u0144 niepo\u017c\u0105danych).<\/li>\n<\/ul>\n<p>Wa\u017cne jest, aby przyjmowa\u0107 go w spos\u00f3b kontrolowany i nie przedawkowa\u0107, aby unikn\u0105\u0107 niepo\u017c\u0105danych skutk\u00f3w ubocznych.<\/p>\n<h3><strong>Ryzyko i bezpiecze\u0144stwo<\/strong><\/h3>\n<p>Metamfetamina jest siln\u0105 substancj\u0105 i powinna by\u0107 stosowana z ostro\u017cno\u015bci\u0105. Mo\u017cliwe skutki uboczne to:<\/p>\n<ul>\n<li><strong>Kr\u00f3tkoterminowe skutki uboczne:<\/strong> Ko\u0142atanie serca, podwy\u017cszone ci\u015bnienie krwi, utrata apetytu.<\/li>\n<li><strong>Ryzyko d\u0142ugoterminowe:<\/strong> Uzale\u017cnienie, zaburzenia snu, nerwowo\u015b\u0107 lub stres psychiczny.<\/li>\n<\/ul>\n<p>Bezpieczne miejsce spo\u017cycia i wystarczaj\u0105ca ilo\u015b\u0107 p\u0142yn\u00f3w maj\u0105 kluczowe znaczenie dla zminimalizowania negatywnych skutk\u00f3w.<\/p>\n<h3><strong>Kup metamfetamin\u0119 bezpiecznie online<\/strong><\/h3>\n<p>Na <strong>Kup metamfetamin\u0119 online<\/strong> powiniene\u015b poszuka\u0107 renomowanego \u017ar\u00f3d\u0142a, kt\u00f3re gwarantuje jako\u015b\u0107 i dyskrecj\u0119. Nasza platforma oferuje:<\/p>\n<ul>\n<li><strong>Dyskretna dostawa:<\/strong> Zapakowane anonimowo i bezpiecznie.<\/li>\n<li><strong>Sprawdzona czysto\u015b\u0107:<\/strong> Produkty najwy\u017cszej jako\u015bci z jasnymi informacjami o dawkowaniu.<\/li>\n<li><strong>Proste zamawianie:<\/strong> Kup kryszta\u0142y lub proszek metamfetaminy szybko i \u0142atwo.<\/li>\n<\/ul>\n<h3><strong>Kup metamfetamin\u0119 teraz<\/strong><\/h3>\n<p>Do\u015bwiadcz intensywnych efekt\u00f3w <strong>Metamfetamina<\/strong>. Niezale\u017cnie od tego, czy wolisz kryszta\u0142y, czy proszek, mo\u017cesz u nas bezpiecznie i dyskretnie zamawia\u0107 online. Odkryj produkt, kt\u00f3ry jest znany z ekstremalnej energii, euforii i czujno\u015bci. <strong>Zam\u00f3w Metamfetamin\u0119 online ju\u017c dzi\u015b i ciesz si\u0119 wyj\u0105tkowym do\u015bwiadczeniem.<\/strong><\/p>","protected":false},"excerpt":{"rendered":"<p><strong>Metamfetamina<\/strong>znany r\u00f3wnie\u017c jako <strong>Metamfetamina<\/strong>jest silnym stymulantem o\u015brodkowego uk\u0142adu nerwowego (OUN) z klasy fenetyloamin. Znany ze swojej zdolno\u015bci do zwi\u0119kszania energii i koncentracji, jest <strong>Metamfetamina<\/strong> jest wa\u017cnym przedmiotem bada\u0144 w neuronauce i farmakologii, szczeg\u00f3lnie w zakresie badania neuroprzeka\u017anik\u00f3w dopaminy i noradrenaliny.<\/p>\n<p><strong>Jak dzia\u0142a metamfetamina?<\/strong><br \/>\n<strong>Metamfetamina<\/strong> zwi\u0119ksza uwalnianie <strong>Dopamina<\/strong>, <strong>Noradrenalina<\/strong> oraz <strong>Serotonina<\/strong> w m\u00f3zgu, jednocze\u015bnie hamuj\u0105c ich wychwyt zwrotny. Prowadzi to do intensywnej aktywno\u015bci neuron\u00f3w, zwi\u0119kszonej czujno\u015bci i euforii.<\/p>\n<ul>\n<li><strong>Efekty:<\/strong> Zwi\u0119kszona energia, zwi\u0119kszona koncentracja, euforia i czujno\u015b\u0107.<\/li>\n<li><strong>Pocz\u0105tek dzia\u0142ania:<\/strong> 10-30 minut po spo\u017cyciu.<\/li>\n<li><strong>Czas trwania efektu:<\/strong> 6-12 godzin, w zale\u017cno\u015bci od dawki i indywidualnych czynnik\u00f3w.<\/li>\n<\/ul>\n<p><strong>Formu\u0142a i w\u0142a\u015bciwo\u015bci<\/strong><\/p>\n<ul>\n<li><strong>Nazwa chemiczna:<\/strong> N-metylo-1-fenylopropan-2-amina<\/li>\n<li><strong>Wz\u00f3r cz\u0105steczkowy:<\/strong> C10H15N<\/li>\n<li><strong>Masa cz\u0105steczkowa:<\/strong> 149,24 g\/mol<\/li>\n<\/ul>","protected":false},"featured_media":1625,"comment_status":"open","ping_status":"closed","template":"","meta":{"_joinchat":[]},"product_brand":[],"product_cat":[246],"product_tag":[621,619,631,623,633,646,628,630,641,629,645,636,625,626,624,637,635,634,638,639,640,632,620,642,622,627,643,644],"class_list":{"0":"post-1239","1":"product","2":"type-product","3":"status-publish","4":"has-post-thumbnail","6":"product_cat-sex-meth","7":"product_tag-metamfetamina","8":"product_tag-metamphetamin","9":"product_tag-metamphetamin-anwendung","10":"product_tag-metamphetamin-bestellen","11":"product_tag-metamphetamin-dosierung","12":"product_tag-metamphetamin-fuer-apotheken","13":"product_tag-metamphetamin-fuer-forschung","14":"product_tag-metamphetamin-fuer-labore","15":"product_tag-metamphetamin-fuer-wissenschaftliche-studien","16":"product_tag-metamphetamin-grosshandel","17":"product_tag-metamphetamin-in-deutschland-kaufen","18":"product_tag-metamphetamin-lagerung","19":"product_tag-metamphetamin-lieferant","20":"product_tag-metamphetamin-online-kaufen","21":"product_tag-metamphetamin-preis","22":"product_tag-metamphetamin-reinheit","23":"product_tag-metamphetamin-risiken","24":"product_tag-metamphetamin-sicherheitsrichtlinien","25":"product_tag-metamphetamin-testsubstanzen","26":"product_tag-metamphetamin-vertrieb","27":"product_tag-metamphetamin-weltweit-bestellen","28":"product_tag-metamphetamin-wirkung","29":"product_tag-methamphetamin","30":"product_tag-methamphetamin-chemikalien","31":"product_tag-methamphetamin-kaufen","32":"product_tag-methamphetamin-legal-kaufen","33":"product_tag-methamphetamin-pulver-kaufen","34":"product_tag-wo-metamphetamin-kaufen","36":"first","37":"instock","38":"shipping-taxable","39":"purchasable","40":"product-type-variable"},"yoast_head":"<!-- This site is optimized with the Yoast SEO plugin v25.4 - https:\/\/yoast.com\/wordpress\/plugins\/seo\/ -->\n<title>Methamphetamin online kaufen \u2013 Methamphetamin zu verkaufen<\/title>\n<meta name=\"description\" content=\"Wenn Sie sich f\u00fcr Metamfetamin begeistern, ist unser Shop der beste Ort, um Metamfetamin online zu kaufen. Hier erhalten Sie Metamfetamin zum besten Preis. Bestellen Sie jetzt und erhalten Sie es in K\u00fcrze!\" \/>\n<meta name=\"robots\" content=\"index, follow, max-snippet:-1, max-image-preview:large, max-video-preview:-1\" \/>\n<link rel=\"canonical\" href=\"https:\/\/gblexpress.com\/pl\/produkt-2\/metamfetamina\/\" \/>\n<meta property=\"og:locale\" content=\"pl_PL\" \/>\n<meta property=\"og:type\" content=\"article\" \/>\n<meta property=\"og:title\" content=\"Methamphetamin online kaufen \u2013 Methamphetamin zu verkaufen\" \/>\n<meta property=\"og:description\" content=\"Wenn Sie sich f\u00fcr Metamfetamin begeistern, ist unser Shop der beste Ort, um Metamfetamin online zu kaufen. Hier erhalten Sie Metamfetamin zum besten Preis. Bestellen Sie jetzt und erhalten Sie es in K\u00fcrze!\" \/>\n<meta property=\"og:url\" content=\"https:\/\/gblexpress.com\/pl\/produkt-2\/metamfetamina\/\" \/>\n<meta property=\"og:site_name\" content=\"GBL Express\" \/>\n<meta property=\"article:modified_time\" content=\"2026-02-28T09:26:03+00:00\" \/>\n<meta property=\"og:image\" content=\"https:\/\/gblexpress.com\/wp-content\/uploads\/2024\/11\/Metamfetamina.jpg\" \/>\n\t<meta property=\"og:image:width\" content=\"600\" \/>\n\t<meta property=\"og:image:height\" content=\"600\" \/>\n\t<meta property=\"og:image:type\" content=\"image\/jpeg\" \/>\n<meta name=\"twitter:card\" content=\"summary_large_image\" \/>\n<meta name=\"twitter:label1\" content=\"Szacowany czas czytania\" \/>\n\t<meta name=\"twitter:data1\" content=\"2 minuty\" \/>\n<!-- \/ Yoast SEO plugin. -->","yoast_head_json":{"title":"Kup metamfetamin\u0119 online \u2013 Metamfetamina na sprzeda\u017c","description":"Je\u017celi pasjonujesz si\u0119 metamfetamin\u0105, nasz sklep jest najlepszym miejscem do zakupu metamfetaminy online. Tutaj mo\u017cesz kupi\u0107 metamfetamin\u0119 w najlepszej cenie. Zam\u00f3w teraz i otrzymaj wkr\u00f3tce!","robots":{"index":"index","follow":"follow","max-snippet":"max-snippet:-1","max-image-preview":"max-image-preview:large","max-video-preview":"max-video-preview:-1"},"canonical":"https:\/\/gblexpress.com\/pl\/produkt-2\/metamfetamina\/","og_locale":"pl_PL","og_type":"article","og_title":"Methamphetamin online kaufen \u2013 Methamphetamin zu verkaufen","og_description":"Wenn Sie sich f\u00fcr Metamfetamin begeistern, ist unser Shop der beste Ort, um Metamfetamin online zu kaufen. Hier erhalten Sie Metamfetamin zum besten Preis. Bestellen Sie jetzt und erhalten Sie es in K\u00fcrze!","og_url":"https:\/\/gblexpress.com\/pl\/produkt-2\/metamfetamina\/","og_site_name":"GBL Express","article_modified_time":"2026-02-28T09:26:03+00:00","og_image":[{"width":600,"height":600,"url":"https:\/\/gblexpress.com\/wp-content\/uploads\/2024\/11\/Metamfetamina.jpg","type":"image\/jpeg"}],"twitter_card":"summary_large_image","twitter_misc":{"Szacowany czas czytania":"2 minuty"},"schema":{"@context":"https:\/\/schema.org","@graph":[{"@type":"WebPage","@id":"https:\/\/gblexpress.com\/product\/metamfetamina\/","url":"https:\/\/gblexpress.com\/product\/metamfetamina\/","name":"Kup metamfetamin\u0119 online \u2013 Metamfetamina na sprzeda\u017c","isPartOf":{"@id":"https:\/\/gblexpress.com\/#website"},"primaryImageOfPage":{"@id":"https:\/\/gblexpress.com\/product\/metamfetamina\/#primaryimage"},"image":{"@id":"https:\/\/gblexpress.com\/product\/metamfetamina\/#primaryimage"},"thumbnailUrl":"https:\/\/gblexpress.com\/wp-content\/uploads\/2024\/11\/Metamfetamina.jpg","datePublished":"2024-11-26T05:39:52+00:00","dateModified":"2026-02-28T09:26:03+00:00","description":"Je\u017celi pasjonujesz si\u0119 metamfetamin\u0105, nasz sklep jest najlepszym miejscem do zakupu metamfetaminy online. Tutaj mo\u017cesz kupi\u0107 metamfetamin\u0119 w najlepszej cenie. Zam\u00f3w teraz i otrzymaj wkr\u00f3tce!","breadcrumb":{"@id":"https:\/\/gblexpress.com\/product\/metamfetamina\/#breadcrumb"},"inLanguage":"pl-PL","potentialAction":[{"@type":"ReadAction","target":["https:\/\/gblexpress.com\/product\/metamfetamina\/"]}]},{"@type":"ImageObject","inLanguage":"pl-PL","@id":"https:\/\/gblexpress.com\/product\/metamfetamina\/#primaryimage","url":"https:\/\/gblexpress.com\/wp-content\/uploads\/2024\/11\/Metamfetamina.jpg","contentUrl":"https:\/\/gblexpress.com\/wp-content\/uploads\/2024\/11\/Metamfetamina.jpg","width":600,"height":600,"caption":"Metamfetamina online kaufen"},{"@type":"BreadcrumbList","@id":"https:\/\/gblexpress.com\/product\/metamfetamina\/#breadcrumb","itemListElement":[{"@type":"ListItem","position":1,"name":"Home","item":"https:\/\/gblexpress.com\/"},{"@type":"ListItem","position":2,"name":"Shop","item":"https:\/\/gblexpress.com\/shop\/"},{"@type":"ListItem","position":3,"name":"Metamfetamina"}]},{"@type":"WebSite","@id":"https:\/\/gblexpress.com\/#website","url":"https:\/\/gblexpress.com\/","name":"GBL Express","description":"","publisher":{"@id":"https:\/\/gblexpress.com\/#organization"},"potentialAction":[{"@type":"SearchAction","target":{"@type":"EntryPoint","urlTemplate":"https:\/\/gblexpress.com\/?s={search_term_string}"},"query-input":{"@type":"PropertyValueSpecification","valueRequired":true,"valueName":"search_term_string"}}],"inLanguage":"pl-PL"},{"@type":"Organization","@id":"https:\/\/gblexpress.com\/#organization","name":"GBL Express","url":"https:\/\/gblexpress.com\/","logo":{"@type":"ImageObject","inLanguage":"pl-PL","@id":"https:\/\/gblexpress.com\/#\/schema\/logo\/image\/","url":"https:\/\/gblexpress.com\/wp-content\/uploads\/2023\/01\/logo.png","contentUrl":"https:\/\/gblexpress.com\/wp-content\/uploads\/2023\/01\/logo.png","width":250,"height":52,"caption":"GBL Express"},"image":{"@id":"https:\/\/gblexpress.com\/#\/schema\/logo\/image\/"}}]}},"jetpack-related-posts":[],"jetpack_sharing_enabled":true,"_links":{"self":[{"href":"https:\/\/gblexpress.com\/pl\/wp-json\/wp\/v2\/product\/1239","targetHints":{"allow":["GET"]}}],"collection":[{"href":"https:\/\/gblexpress.com\/pl\/wp-json\/wp\/v2\/product"}],"about":[{"href":"https:\/\/gblexpress.com\/pl\/wp-json\/wp\/v2\/types\/product"}],"replies":[{"embeddable":true,"href":"https:\/\/gblexpress.com\/pl\/wp-json\/wp\/v2\/comments?post=1239"}],"wp:featuredmedia":[{"embeddable":true,"href":"https:\/\/gblexpress.com\/pl\/wp-json\/wp\/v2\/media\/1625"}],"wp:attachment":[{"href":"https:\/\/gblexpress.com\/pl\/wp-json\/wp\/v2\/media?parent=1239"}],"wp:term":[{"taxonomy":"product_brand","embeddable":true,"href":"https:\/\/gblexpress.com\/pl\/wp-json\/wp\/v2\/product_brand?post=1239"},{"taxonomy":"product_cat","embeddable":true,"href":"https:\/\/gblexpress.com\/pl\/wp-json\/wp\/v2\/product_cat?post=1239"},{"taxonomy":"product_tag","embeddable":true,"href":"https:\/\/gblexpress.com\/pl\/wp-json\/wp\/v2\/product_tag?post=1239"}],"curies":[{"name":"wp","href":"https:\/\/api.w.org\/{rel}","templated":true}]}}