{"id":1262,"date":"2024-11-26T08:00:50","date_gmt":"2024-11-26T08:00:50","guid":{"rendered":"https:\/\/gblexpress.com\/?post_type=product&#038;p=1262"},"modified":"2026-02-24T11:30:35","modified_gmt":"2026-02-24T11:30:35","slug":"amfetamina","status":"publish","type":"product","link":"https:\/\/gblexpress.com\/pl\/produkt-2\/amfetamina\/","title":{"rendered":"Amfetamina"},"content":{"rendered":"<h2><strong>Amfetamina online Kaufen: Maximieren Sie Ihre Konzentration und Produktivit\u00e4t<\/strong><\/h2>\n<p>Amfetamina ist ein bekanntes Mittel, das h\u00e4ufig verwendet wird, um die Konzentration zu steigern, den Fokus zu verbessern und die Symptome von ADHS zu behandeln. Wenn Sie auf der Suche nach einer effektiven L\u00f6sung sind, um Ihre kognitiven F\u00e4higkeiten zu verbessern oder Ihre Produktivit\u00e4t zu steigern, ist Amfetamina die ideale Wahl <a href=\"https:\/\/gblexpress.com\/pl\/produkt-2\/amfetamina\/\">Kup Amfetamin\u0119 online<\/a><a href=\"https:\/\/gblexpress.com\/pl\/sklep\/gbl-kup-online-butyrolakton-kup\/\">.<\/a><\/p>\n<h3><strong>Dlaczego warto wybra\u0107 Amfetamin\u0119?<\/strong><\/h3>\n<p><strong>1. amfetamina dla skupienia i koncentracji<\/strong><br \/>\nAmfetamina dzia\u0142a bezpo\u015brednio na o\u015brodkowy uk\u0142ad nerwowy i pomaga zwi\u0119kszy\u0107 koncentracj\u0119 i skupienie umys\u0142u. Jest to doskona\u0142e wsparcie zw\u0142aszcza dla student\u00f3w lub profesjonalist\u00f3w, kt\u00f3rzy chc\u0105 zmaksymalizowa\u0107 swoj\u0105 wydajno\u015b\u0107<a href=\"https:\/\/cokebricks.com\/product\/fishscale-cocaine\/\">.<\/a><\/p>\n<p><strong>2. amfetamina w leczeniu ADHD<\/strong><br \/>\nAmfetamina jest cz\u0119sto stosowana w leczeniu ADHD, poniewa\u017c pomaga zmniejszy\u0107 objawy, takie jak nieuwaga, impulsywno\u015b\u0107 i nadpobudliwo\u015b\u0107. Pozwala to osobom dotkni\u0119tym chorob\u0105 lepiej skoncentrowa\u0107 si\u0119 na zadaniach i osi\u0105gn\u0105\u0107 swoje cele.<\/p>\n<p><strong>3. skuteczne dozowanie i szybki efekt<\/strong><br \/>\nPrawid\u0142owe dawkowanie Amfetaminy pozwala osi\u0105gn\u0105\u0107 szybkie rezultaty. Preparat jest dost\u0119pny w postaci tabletek, dzi\u0119ki czemu jest \u0142atwy i dyskretny w u\u017cyciu. Dowiedz si\u0119 o prawid\u0142owym dawkowaniu, aby osi\u0105gn\u0105\u0107 najlepsze wyniki.<\/p>\n<p><strong>4. amfetamina do nauki i produktywno\u015bci<\/strong><br \/>\nAmfetamina jest cz\u0119sto poszukiwana przez osoby, kt\u00f3re chc\u0105 poprawi\u0107 swoj\u0105 wydajno\u015b\u0107 umys\u0142ow\u0105, szczeg\u00f3lnie w stresuj\u0105cych okresach, takich jak egzaminy lub intensywne okresy pracy. Pomaga utrzyma\u0107 koncentracj\u0119 przez d\u0142u\u017cszy czas i pracowa\u0107 wydajniej.<\/p>\n<p><strong>Gdzie mo\u017cna kupi\u0107 Amfetamin\u0119?<\/strong><\/p>\n<p>Wielu u\u017cytkownik\u00f3w szuka bezpiecznych i niezawodnych opcji, <a href=\"https:\/\/en.wikipedia.org\/wiki\/Amphetamine\"><strong>Kup Amfetamin\u0119 online<\/strong><\/a>. W naszej aptece internetowej mo\u017cna zam\u00f3wi\u0107 Amfetamin\u0119 bez recepty i skorzysta\u0107 z szybkiej dostawy. Nasz serwis oferuje proste opcje zamawiania i dyskretne opakowanie, aby chroni\u0107 Twoj\u0105 prywatno\u015b\u0107.<\/p>\n<p><strong>Cz\u0119ste zapytania od naszych u\u017cytkownik\u00f3w<\/strong><\/p>\n<ol>\n<li><strong>Kup Amfetamin\u0119 online<\/strong><\/li>\n<li><strong>Por\u00f3wnaj cen\u0119 Amfetaminy<\/strong><\/li>\n<li><strong>Dawkowanie amfetaminy dla ADHD<\/strong><\/li>\n<li><strong>Amfetamina dla skupienia i koncentracji<\/strong><\/li>\n<li><strong>Zam\u00f3w tani\u0105 Amfetamin\u0119<\/strong><\/li>\n<li><strong>Kup Amfetamin\u0119 bez recepty<\/strong><\/li>\n<li><strong>Amfetamina dla nauki i produktywno\u015bci<\/strong><\/li>\n<\/ol>\n<h3><strong>Jak bezpieczna jest Amfetamina?<\/strong><\/h3>\n<p>Prawid\u0142owe stosowanie Amfetaminy ma kluczowe znaczenie dla osi\u0105gni\u0119cia maksymalnych korzy\u015bci i zminimalizowania skutk\u00f3w ubocznych. Dowiedz si\u0119 wi\u0119cej o mo\u017cliwych <strong>Amfetamina skutki uboczne<\/strong> i trzyma\u0107 si\u0119 zalecanej dawki. Dzi\u0119ki odpowiedzialnemu stosowaniu mo\u017cna bezpiecznie osi\u0105gn\u0105\u0107 swoje cele.<\/p>\n<h3><strong>Zam\u00f3w Amfetamin\u0119 ju\u017c teraz<\/strong><\/h3>\n<p>Zr\u00f3b pierwszy krok w kierunku wi\u0119kszej koncentracji i produktywno\u015bci. <strong>Zam\u00f3w Amfetamin\u0119 online<\/strong> i skorzystaj z szybkiej i niezawodnej dostawy. Odkryj, jak \u0142atwo jest zwi\u0119kszy\u0107 wydajno\u015b\u0107 umys\u0142ow\u0105 i radzi\u0107 sobie z codziennymi wyzwaniami z wi\u0119ksz\u0105 energi\u0105 i jasno\u015bci\u0105.<\/p>","protected":false},"excerpt":{"rendered":"<p><strong>Amfetamina<\/strong>silny \u015brodek pobudzaj\u0105cy <strong>Klasa fenetyloaminy<\/strong>jest cz\u0119sto stosowany w leczeniu zespo\u0142u nadpobudliwo\u015bci psychoruchowej z deficytem uwagi (ADHD) i narkolepsji. Jest r\u00f3wnie\u017c wa\u017cnym przedmiotem bada\u0144 w dziedzinie neuronauki i farmakologii w celu zrozumienia wp\u0142ywu stymulant\u00f3w na funkcje poznawcze, motywacj\u0119 i mechanizmy neurologiczne.<\/p>\n<p><strong>Jak dzia\u0142a Amfetamina?<\/strong><br \/>\nAmfetamina zwi\u0119ksza uwalnianie <strong>Dopamina<\/strong> oraz <strong>Noradrenalina<\/strong> w m\u00f3zgu i jednocze\u015bnie hamuje ich wychwyt zwrotny. Prowadzi to do zwi\u0119kszenia koncentracji, zwi\u0119kszenia energii i poprawy zdolno\u015bci poznawczych.<\/p>\n<ul>\n<li><strong>Efekty:<\/strong> Poprawiona czujno\u015b\u0107, zwi\u0119kszona motywacja i zwi\u0119kszona uwaga.<\/li>\n<li><strong>Pocz\u0105tek dzia\u0142ania:<\/strong> 20-60 minut po spo\u017cyciu.<\/li>\n<li><strong>Czas trwania efektu:<\/strong> 4-8 godzin, w zale\u017cno\u015bci od dawki i indywidualnej reakcji.<\/li>\n<\/ul>\n<p><strong>Formu\u0142a i w\u0142a\u015bciwo\u015bci<\/strong><\/p>\n<ul>\n<li><strong>Nazwa chemiczna:<\/strong> Alfa-metylofenyloetyloamina<\/li>\n<li><strong>Wz\u00f3r cz\u0105steczkowy:<\/strong> C9H13N<\/li>\n<li><strong>Masa cz\u0105steczkowa:<\/strong> 135,21 g\/mol<\/li>\n<\/ul>","protected":false},"featured_media":1610,"comment_status":"open","ping_status":"closed","template":"","meta":{"_joinchat":[]},"product_brand":[],"product_cat":[33,34,36,35,246],"product_tag":[358,366,361,385,367,383,369,379,378,370,371,368,384,360,372,365,363,364,362,377,386,374,373,376,381,380,359,375,382],"class_list":{"0":"post-1262","1":"product","2":"type-product","3":"status-publish","4":"has-post-thumbnail","6":"product_cat-gbl-gamma-butyrolactone-25l","7":"product_cat-ghb","8":"product_cat-ko-drops","9":"product_cat-ritalin","10":"product_cat-sex-meth","11":"product_tag-amfetamina","12":"product_tag-amfetamina-anwendung","13":"product_tag-amfetamina-bestellen","14":"product_tag-amfetamina-chemikalien","15":"product_tag-amfetamina-dosierung","16":"product_tag-amfetamina-fuer-apotheken","17":"product_tag-amfetamina-fuer-forschung","18":"product_tag-amfetamina-fuer-industrielle-zwecke","19":"product_tag-amfetamina-fuer-konzentration","20":"product_tag-amfetamina-fuer-labore","21":"product_tag-amfetamina-fuer-medizinische-zwecke","22":"product_tag-amfetamina-grosshandel","23":"product_tag-amfetamina-in-deutschland-kaufen","24":"product_tag-amfetamina-kaufen","25":"product_tag-amfetamina-lagerung","26":"product_tag-amfetamina-legal-kaufen","27":"product_tag-amfetamina-lieferant","28":"product_tag-amfetamina-online-kaufen","29":"product_tag-amfetamina-preis","30":"product_tag-amfetamina-pulver","31":"product_tag-amfetamina-reinheit","32":"product_tag-amfetamina-risiken","33":"product_tag-amfetamina-sicherheitsrichtlinien","34":"product_tag-amfetamina-tabletten","35":"product_tag-amfetamina-vertrieb","36":"product_tag-amfetamina-weltweit-bestellen","37":"product_tag-amphetamin","38":"product_tag-amphetamin-kaufen","39":"product_tag-wo-amfetamina-kaufen","41":"first","42":"instock","43":"shipping-taxable","44":"purchasable","45":"product-type-variable"},"yoast_head":"<!-- This site is optimized with the Yoast SEO plugin v25.4 - https:\/\/yoast.com\/wordpress\/plugins\/seo\/ -->\n<title>Amfetamina online kaufen \u2013 Amfetamina zum Verkauf<\/title>\n<meta name=\"description\" content=\"M\u00f6chten Sie Amfetamin online kaufen? Entdecken Sie die nahtlose Plattform unseres Online-Shops, auf der Sie Amfetamin in h\u00f6chster Qualit\u00e4t f\u00fcr Ihre Forschungsanforderungen erwerben k\u00f6nnen.\" \/>\n<meta name=\"robots\" content=\"index, follow, max-snippet:-1, max-image-preview:large, max-video-preview:-1\" \/>\n<link rel=\"canonical\" href=\"https:\/\/gblexpress.com\/pl\/produkt-2\/amfetamina\/\" \/>\n<meta property=\"og:locale\" content=\"pl_PL\" \/>\n<meta property=\"og:type\" content=\"article\" \/>\n<meta property=\"og:title\" content=\"Amfetamina online kaufen \u2013 Amfetamina zum Verkauf\" \/>\n<meta property=\"og:description\" content=\"M\u00f6chten Sie Amfetamin online kaufen? Entdecken Sie die nahtlose Plattform unseres Online-Shops, auf der Sie Amfetamin in h\u00f6chster Qualit\u00e4t f\u00fcr Ihre Forschungsanforderungen erwerben k\u00f6nnen.\" \/>\n<meta property=\"og:url\" content=\"https:\/\/gblexpress.com\/pl\/produkt-2\/amfetamina\/\" \/>\n<meta property=\"og:site_name\" content=\"GBL Express\" \/>\n<meta property=\"article:modified_time\" content=\"2026-02-24T11:30:35+00:00\" \/>\n<meta property=\"og:image\" content=\"https:\/\/gblexpress.com\/wp-content\/uploads\/2024\/11\/Amfetamina.jpg\" \/>\n\t<meta property=\"og:image:width\" content=\"600\" \/>\n\t<meta property=\"og:image:height\" content=\"600\" \/>\n\t<meta property=\"og:image:type\" content=\"image\/jpeg\" \/>\n<meta name=\"twitter:card\" content=\"summary_large_image\" \/>\n<meta name=\"twitter:label1\" content=\"Szacowany czas czytania\" \/>\n\t<meta name=\"twitter:data1\" content=\"2 minuty\" \/>\n<!-- \/ Yoast SEO plugin. -->","yoast_head_json":{"title":"Kup Amfetamin\u0119 online \u2013 Amfetamina na sprzeda\u017c","description":"Czy chcesz kupi\u0107 amfetamin\u0119 online? Odkryj nasz\u0105 kompleksow\u0105 platform\u0119 sklepu internetowego, w kt\u00f3rym mo\u017cesz zakupi\u0107 najwy\u017cszej jako\u015bci amfetamin\u0119 na potrzeby swoich bada\u0144.","robots":{"index":"index","follow":"follow","max-snippet":"max-snippet:-1","max-image-preview":"max-image-preview:large","max-video-preview":"max-video-preview:-1"},"canonical":"https:\/\/gblexpress.com\/pl\/produkt-2\/amfetamina\/","og_locale":"pl_PL","og_type":"article","og_title":"Amfetamina online kaufen \u2013 Amfetamina zum Verkauf","og_description":"M\u00f6chten Sie Amfetamin online kaufen? Entdecken Sie die nahtlose Plattform unseres Online-Shops, auf der Sie Amfetamin in h\u00f6chster Qualit\u00e4t f\u00fcr Ihre Forschungsanforderungen erwerben k\u00f6nnen.","og_url":"https:\/\/gblexpress.com\/pl\/produkt-2\/amfetamina\/","og_site_name":"GBL Express","article_modified_time":"2026-02-24T11:30:35+00:00","og_image":[{"width":600,"height":600,"url":"https:\/\/gblexpress.com\/wp-content\/uploads\/2024\/11\/Amfetamina.jpg","type":"image\/jpeg"}],"twitter_card":"summary_large_image","twitter_misc":{"Szacowany czas czytania":"2 minuty"},"schema":{"@context":"https:\/\/schema.org","@graph":[{"@type":"WebPage","@id":"https:\/\/gblexpress.com\/product\/amfetamina\/","url":"https:\/\/gblexpress.com\/product\/amfetamina\/","name":"Kup Amfetamin\u0119 online \u2013 Amfetamina na sprzeda\u017c","isPartOf":{"@id":"https:\/\/gblexpress.com\/#website"},"primaryImageOfPage":{"@id":"https:\/\/gblexpress.com\/product\/amfetamina\/#primaryimage"},"image":{"@id":"https:\/\/gblexpress.com\/product\/amfetamina\/#primaryimage"},"thumbnailUrl":"https:\/\/gblexpress.com\/wp-content\/uploads\/2024\/11\/Amfetamina.jpg","datePublished":"2024-11-26T08:00:50+00:00","dateModified":"2026-02-24T11:30:35+00:00","description":"Czy chcesz kupi\u0107 amfetamin\u0119 online? Odkryj nasz\u0105 kompleksow\u0105 platform\u0119 sklepu internetowego, w kt\u00f3rym mo\u017cesz zakupi\u0107 najwy\u017cszej jako\u015bci amfetamin\u0119 na potrzeby swoich bada\u0144.","breadcrumb":{"@id":"https:\/\/gblexpress.com\/product\/amfetamina\/#breadcrumb"},"inLanguage":"pl-PL","potentialAction":[{"@type":"ReadAction","target":["https:\/\/gblexpress.com\/product\/amfetamina\/"]}]},{"@type":"ImageObject","inLanguage":"pl-PL","@id":"https:\/\/gblexpress.com\/product\/amfetamina\/#primaryimage","url":"https:\/\/gblexpress.com\/wp-content\/uploads\/2024\/11\/Amfetamina.jpg","contentUrl":"https:\/\/gblexpress.com\/wp-content\/uploads\/2024\/11\/Amfetamina.jpg","width":600,"height":600,"caption":"Amfetamina online kaufen"},{"@type":"BreadcrumbList","@id":"https:\/\/gblexpress.com\/product\/amfetamina\/#breadcrumb","itemListElement":[{"@type":"ListItem","position":1,"name":"Home","item":"https:\/\/gblexpress.com\/"},{"@type":"ListItem","position":2,"name":"Shop","item":"https:\/\/gblexpress.com\/shop\/"},{"@type":"ListItem","position":3,"name":"Amfetamina"}]},{"@type":"WebSite","@id":"https:\/\/gblexpress.com\/#website","url":"https:\/\/gblexpress.com\/","name":"GBL Express","description":"","publisher":{"@id":"https:\/\/gblexpress.com\/#organization"},"potentialAction":[{"@type":"SearchAction","target":{"@type":"EntryPoint","urlTemplate":"https:\/\/gblexpress.com\/?s={search_term_string}"},"query-input":{"@type":"PropertyValueSpecification","valueRequired":true,"valueName":"search_term_string"}}],"inLanguage":"pl-PL"},{"@type":"Organization","@id":"https:\/\/gblexpress.com\/#organization","name":"GBL Express","url":"https:\/\/gblexpress.com\/","logo":{"@type":"ImageObject","inLanguage":"pl-PL","@id":"https:\/\/gblexpress.com\/#\/schema\/logo\/image\/","url":"https:\/\/gblexpress.com\/wp-content\/uploads\/2023\/01\/logo.png","contentUrl":"https:\/\/gblexpress.com\/wp-content\/uploads\/2023\/01\/logo.png","width":250,"height":52,"caption":"GBL Express"},"image":{"@id":"https:\/\/gblexpress.com\/#\/schema\/logo\/image\/"}}]}},"jetpack-related-posts":[],"jetpack_sharing_enabled":true,"_links":{"self":[{"href":"https:\/\/gblexpress.com\/pl\/wp-json\/wp\/v2\/product\/1262","targetHints":{"allow":["GET"]}}],"collection":[{"href":"https:\/\/gblexpress.com\/pl\/wp-json\/wp\/v2\/product"}],"about":[{"href":"https:\/\/gblexpress.com\/pl\/wp-json\/wp\/v2\/types\/product"}],"replies":[{"embeddable":true,"href":"https:\/\/gblexpress.com\/pl\/wp-json\/wp\/v2\/comments?post=1262"}],"wp:featuredmedia":[{"embeddable":true,"href":"https:\/\/gblexpress.com\/pl\/wp-json\/wp\/v2\/media\/1610"}],"wp:attachment":[{"href":"https:\/\/gblexpress.com\/pl\/wp-json\/wp\/v2\/media?parent=1262"}],"wp:term":[{"taxonomy":"product_brand","embeddable":true,"href":"https:\/\/gblexpress.com\/pl\/wp-json\/wp\/v2\/product_brand?post=1262"},{"taxonomy":"product_cat","embeddable":true,"href":"https:\/\/gblexpress.com\/pl\/wp-json\/wp\/v2\/product_cat?post=1262"},{"taxonomy":"product_tag","embeddable":true,"href":"https:\/\/gblexpress.com\/pl\/wp-json\/wp\/v2\/product_tag?post=1262"}],"curies":[{"name":"wp","href":"https:\/\/api.w.org\/{rel}","templated":true}]}}