{"id":1263,"date":"2024-11-26T08:00:49","date_gmt":"2024-11-26T08:00:49","guid":{"rendered":"https:\/\/gblexpress.com\/?post_type=product&#038;p=1263"},"modified":"2026-02-27T10:30:27","modified_gmt":"2026-02-27T10:30:27","slug":"lsd-kvass","status":"publish","type":"product","link":"https:\/\/gblexpress.com\/pl\/produkt-2\/lsd-kvass\/","title":{"rendered":"LSD (kwas chlebowy)"},"content":{"rendered":"<h2><strong>Kup LSD: Bezpieczne zamawianie bletek, karton\u00f3w i innych wariant\u00f3w<\/strong><\/h2>\n<p>LSD, znane r\u00f3wnie\u017c jako dietyloamid kwasu lizergowego, jest jedn\u0105 z najbardziej znanych substancji psychodelicznych i jest cenione za swoje intensywne, zmieniaj\u0105ce umys\u0142 efekty. Niezale\u017cnie od tego, czy <a href=\"https:\/\/en.wikipedia.org\/wiki\/LSD\"><strong>Kup LSD Blotter<\/strong><\/a>, <a href=\"https:\/\/gblexpress.com\/pl\/produkt-2\/lsd-kvass\/\"><strong>Zam\u00f3w karton LSD<\/strong><\/a> lub chcesz wypr\u00f3bowa\u0107 inne warianty, wa\u017cne jest, aby zrozumie\u0107 efekty, dawkowanie i bezpieczne opcje zamawiania Kup LSD<a href=\"https:\/\/gblexprimer.com\/product\/viagra\/\">.<\/a><\/p>\n<h3><strong>Dlaczego warto kupi\u0107 LSD?<\/strong><\/h3>\n<p><strong>1. wyj\u0105tkowy efekt<\/strong><br \/>\nThe <strong>Efekt LSD<\/strong> jest znany ze swojej zdolno\u015bci do zmiany percepcji, intensyfikacji emocji i otwierania nowych perspektyw. Wielu u\u017cytkownik\u00f3w zg\u0142asza zwi\u0119kszon\u0105 kreatywno\u015b\u0107, g\u0142\u0119boki wgl\u0105d i lepsze zrozumienie siebie.<\/p>\n<p><strong>2. r\u00f3\u017cne kszta\u0142ty dla r\u00f3\u017cnych potrzeb<\/strong><br \/>\nLSD jest dost\u0119pne w r\u00f3\u017cnych formach:<\/p>\n<ul>\n<li><strong>Blotter:<\/strong> Ma\u0142e kawa\u0142ki papieru z precyzyjnym dozowaniem, \u0142atwe w obs\u0142udze.<\/li>\n<li><strong>Karton:<\/strong> Idealny zar\u00f3wno dla pocz\u0105tkuj\u0105cych, jak i do\u015bwiadczonych u\u017cytkownik\u00f3w<a href=\"https:\/\/gblexprimer.com\/product\/viagra\/\">.<\/a><\/li>\n<li><strong>Krople:<\/strong> P\u0142ynna posta\u0107, kt\u00f3r\u0105 mo\u017cna precyzyjnie dozowa\u0107.<\/li>\n<\/ul>\n<p><strong>3. zastosowania terapeutyczne<\/strong><br \/>\nCoraz wi\u0119cej bada\u0144 analizuje potencjalne korzy\u015bci terapeutyczne p\u0142yn\u0105ce z <a href=\"https:\/\/www.bing.com\/search?q=LSD%20(Kwas)%20online%20kaufen&amp;qs=n&amp;form=QBRE&amp;sp=-1&amp;lq=0&amp;pq=lsd%20(kwas)%20online%20kaufen&amp;sc=0-24&amp;sk=&amp;cvid=81D4A479BF8B46308FAA2DD81FA77B41&amp;ghsh=0&amp;ghacc=0&amp;ghpl=\">LSD<\/a>, zw\u0142aszcza w przypadku depresji, l\u0119ku i zespo\u0142u stresu pourazowego.<\/p>\n<h3><strong>Jak prawid\u0142owo dawkowa\u0107 LSD?<\/strong><\/h3>\n<p>Prawo <strong>Dawkowanie LSD<\/strong> ma kluczowe znaczenie dla osi\u0105gni\u0119cia po\u017c\u0105danego efektu. Pocz\u0105tkuj\u0105cy powinni zacz\u0105\u0107 od niskich dawek, aby zapozna\u0107 si\u0119 z indywidualnymi efektami. Do\u015bwiadczeni u\u017cytkownicy mog\u0105 stopniowo dostosowywa\u0107 ilo\u015b\u0107, ale zawsze w bezpiecznym \u015brodowisku.<\/p>\n<h3><strong>Zalety kupowania LSD online<\/strong><\/h3>\n<p>Je\u015bli ty <strong>Zam\u00f3w LSD online<\/strong>korzy\u015bci:<\/p>\n<ul>\n<li><strong>Dyskretna dostawa:<\/strong> Zam\u00f3wienie zostanie dostarczone anonimowo i bezpiecznie zapakowane.<\/li>\n<li><strong>Sprawdzona jako\u015b\u0107:<\/strong> Gwarantujemy czysto\u015b\u0107 i skuteczno\u015b\u0107 naszych produkt\u00f3w.<\/li>\n<li><strong>Proste zamawianie:<\/strong> Mo\u017cesz bezpiecznie kupi\u0107 bibu\u0142ki, kartony lub krople LSD za pomoc\u0105 zaledwie kilku klikni\u0119\u0107.<\/li>\n<\/ul>\n<h3><strong>Cz\u0119sto zadawane pytania<\/strong><\/h3>\n<p><strong>Czy LSD jest legalne?<\/strong><br \/>\nLSD jest nielegalne w wielu krajach. Przed zakupem nale\u017cy zapozna\u0107 si\u0119 z lokalnymi przepisami.<\/p>\n<p><strong>Jak dzia\u0142a LSD?<\/strong><br \/>\nEfekty pojawiaj\u0105 si\u0119 oko\u0142o 20-60 minut po spo\u017cyciu i mog\u0105 trwa\u0107 do 12 godzin. Typowe efekty obejmuj\u0105 zaburzenia widzenia, zmienione poczucie czasu i intensywne doznania emocjonalne.<\/p>\n<p><strong>Jak znale\u017a\u0107 najlepsz\u0105 ofert\u0119?<\/strong><br \/>\nSkorzystaj z naszego <strong>Por\u00f3wnanie cen LSD<\/strong>aby znale\u017a\u0107 produkty wysokiej jako\u015bci w najlepszej cenie.<\/p>\n<h3><strong>Kup LSD teraz<\/strong><\/h3>\n<p>Do\u015bwiadcz transformuj\u0105cego dzia\u0142ania LSD. Niezale\u017cnie od tego, czy szukasz kreatywnej inspiracji, osobistej refleksji, czy po prostu chcesz odkry\u0107 nowe perspektywy, tutaj znajdziesz wysokiej jako\u015bci produkty LSD. <strong>Zam\u00f3w bibu\u0142ki, kartoniki lub krople LSD bezpiecznie i dyskretnie online ju\u017c dzi\u015b.<\/strong><\/p>","protected":false},"excerpt":{"rendered":"<p><strong>LSD<\/strong>chemicznie znany jako <strong>Dietyloamid kwasu lizergowego<\/strong> i cz\u0119sto jako <strong>Kvass<\/strong> to wysoce psychoaktywna substancja wykorzystywana do bada\u0144 nad zmienionymi stanami \u015bwiadomo\u015bci, interakcjami neuroprzeka\u017anik\u00f3w i zastosowaniami terapeutycznymi. Znana jest ze swojego g\u0142\u0119bokiego wp\u0142ywu na funkcje poznawcze i nastr\u00f3j. <strong>LSD<\/strong> wa\u017cnym elementem wsp\u00f3\u0142czesnej neuro- i psychofarmakologii.<\/p>\n<p><strong>Jak dzia\u0142a LSD?<\/strong><br \/>\n<strong>LSD<\/strong> wi\u0105\u017ce si\u0119 g\u0142\u00f3wnie z <strong>Receptory 5-HT2A<\/strong> w m\u00f3zgu, kt\u00f3re s\u0105 cz\u0119\u015bci\u0105 uk\u0142adu serotoninowego. Prowadzi to do zwi\u0119kszonej aktywno\u015bci neuron\u00f3w i zmienionego po\u0142\u0105czenia r\u00f3\u017cnych obszar\u00f3w m\u00f3zgu.<\/p>\n<ul>\n<li><strong>Efekty:<\/strong> Zmiany w percepcji, zwi\u0119kszona kreatywno\u015b\u0107 i g\u0142\u0119bokie do\u015bwiadczenia introspekcyjne.<\/li>\n<li><strong>Pocz\u0105tek dzia\u0142ania:<\/strong> 20-90 minut po spo\u017cyciu.<\/li>\n<li><strong>Czas trwania efektu:<\/strong> 6-12 godzin, w zale\u017cno\u015bci od dawki i indywidualnego metabolizmu.<\/li>\n<\/ul>\n<p><strong>Formu\u0142a i w\u0142a\u015bciwo\u015bci<\/strong><\/p>\n<ul>\n<li><strong>Nazwa chemiczna:<\/strong> Dietyloamid kwasu lizergowego<\/li>\n<li><strong>Wz\u00f3r cz\u0105steczkowy:<\/strong> C20H25N3O<\/li>\n<li><strong>Masa cz\u0105steczkowa:<\/strong> 323,44 g\/mol<\/li>\n<li><strong>Dawka:<\/strong> W mikrogramach (\u00b5g) dla precyzyjnej kontroli.<\/li>\n<\/ul>","protected":false},"featured_media":1611,"comment_status":"open","ping_status":"closed","template":"","meta":{"_joinchat":[]},"product_brand":[],"product_cat":[246],"product_tag":[533,544,536,557,546,541,542,549,561,543,552,535,551,540,538,560,539,537,558,548,547,550,559,554,545,555,534,556,553],"class_list":{"0":"post-1263","1":"product","2":"type-product","3":"status-publish","4":"has-post-thumbnail","6":"product_cat-sex-meth","7":"product_tag-lsd","8":"product_tag-lsd-anwendung","9":"product_tag-lsd-bestellen","10":"product_tag-lsd-chemikalien","11":"product_tag-lsd-dosierung","12":"product_tag-lsd-fuer-forschung","13":"product_tag-lsd-fuer-labore","14":"product_tag-lsd-fuer-medizinische-studien","15":"product_tag-lsd-fuer-therapeutische-anwendungen","16":"product_tag-lsd-grosshandel","17":"product_tag-lsd-in-deutschland-kaufen","18":"product_tag-lsd-kaufen","19":"product_tag-lsd-lagerung","20":"product_tag-lsd-legal-kaufen","21":"product_tag-lsd-lieferant","22":"product_tag-lsd-mikro-dosierung","23":"product_tag-lsd-online-kaufen","24":"product_tag-lsd-preis","25":"product_tag-lsd-reinheit","26":"product_tag-lsd-risiken","27":"product_tag-lsd-sicherheitsrichtlinien","28":"product_tag-lsd-testsubstanzen","29":"product_tag-lsd-vertrieb","30":"product_tag-lsd-weltweit-bestellen","31":"product_tag-lsd-wirkung","32":"product_tag-lysergsaeure","33":"product_tag-lysergsaeurediethylamid","34":"product_tag-lysergsaeurediethylamid-kaufen","35":"product_tag-wo-lsd-kaufen","37":"first","38":"instock","39":"shipping-taxable","40":"purchasable","41":"product-type-variable"},"yoast_head":"<!-- This site is optimized with the Yoast SEO plugin v25.4 - https:\/\/yoast.com\/wordpress\/plugins\/seo\/ -->\n<title>LSD (Kwas) zu verkaufen \u2013 LSD (Kwas) online kaufen | Gblexpress<\/title>\n<meta name=\"description\" content=\"Holen Sie sich LSD (KWAS) zum Verkauf in einem der besten Online-Shops von gblexpress. Wir helfen Ihnen, hochwertiges LSD (KWAS) online zu kaufen. Z\u00f6gern Sie nicht, Ihre Bestellung aufzugeben und profitieren Sie von den neuesten Rabatten!\" \/>\n<meta name=\"robots\" content=\"index, follow, max-snippet:-1, max-image-preview:large, max-video-preview:-1\" \/>\n<link rel=\"canonical\" href=\"https:\/\/gblexpress.com\/pl\/produkt-2\/lsd-kvass\/\" \/>\n<meta property=\"og:locale\" content=\"pl_PL\" \/>\n<meta property=\"og:type\" content=\"article\" \/>\n<meta property=\"og:title\" content=\"LSD (Kwas) zu verkaufen \u2013 LSD (Kwas) online kaufen | Gblexpress\" \/>\n<meta property=\"og:description\" content=\"Holen Sie sich LSD (KWAS) zum Verkauf in einem der besten Online-Shops von gblexpress. Wir helfen Ihnen, hochwertiges LSD (KWAS) online zu kaufen. Z\u00f6gern Sie nicht, Ihre Bestellung aufzugeben und profitieren Sie von den neuesten Rabatten!\" \/>\n<meta property=\"og:url\" content=\"https:\/\/gblexpress.com\/pl\/produkt-2\/lsd-kvass\/\" \/>\n<meta property=\"og:site_name\" content=\"GBL Express\" \/>\n<meta property=\"article:modified_time\" content=\"2026-02-27T10:30:27+00:00\" \/>\n<meta property=\"og:image\" content=\"https:\/\/gblexpress.com\/wp-content\/uploads\/2024\/11\/lsd.jpg\" \/>\n\t<meta property=\"og:image:width\" content=\"600\" \/>\n\t<meta property=\"og:image:height\" content=\"600\" \/>\n\t<meta property=\"og:image:type\" content=\"image\/jpeg\" \/>\n<meta name=\"twitter:card\" content=\"summary_large_image\" \/>\n<meta name=\"twitter:label1\" content=\"Szacowany czas czytania\" \/>\n\t<meta name=\"twitter:data1\" content=\"2 minuty\" \/>\n<!-- \/ Yoast SEO plugin. -->","yoast_head_json":{"title":"LSD (kwas chlebowy) na sprzeda\u017c \u2013 Kup LSD (kwas chlebowy) online | Gblexpress","description":"Kup LSD (KWAS) w jednym z najlepszych sklep\u00f3w internetowych gblexpress. Pomagamy w zakupie wysokiej jako\u015bci LSD (KWAS) online. Nie wahaj si\u0119 z\u0142o\u017cy\u0107 zam\u00f3wienia i skorzysta\u0107 z najnowszych rabat\u00f3w!","robots":{"index":"index","follow":"follow","max-snippet":"max-snippet:-1","max-image-preview":"max-image-preview:large","max-video-preview":"max-video-preview:-1"},"canonical":"https:\/\/gblexpress.com\/pl\/produkt-2\/lsd-kvass\/","og_locale":"pl_PL","og_type":"article","og_title":"LSD (Kwas) zu verkaufen \u2013 LSD (Kwas) online kaufen | Gblexpress","og_description":"Holen Sie sich LSD (KWAS) zum Verkauf in einem der besten Online-Shops von gblexpress. Wir helfen Ihnen, hochwertiges LSD (KWAS) online zu kaufen. Z\u00f6gern Sie nicht, Ihre Bestellung aufzugeben und profitieren Sie von den neuesten Rabatten!","og_url":"https:\/\/gblexpress.com\/pl\/produkt-2\/lsd-kvass\/","og_site_name":"GBL Express","article_modified_time":"2026-02-27T10:30:27+00:00","og_image":[{"width":600,"height":600,"url":"https:\/\/gblexpress.com\/wp-content\/uploads\/2024\/11\/lsd.jpg","type":"image\/jpeg"}],"twitter_card":"summary_large_image","twitter_misc":{"Szacowany czas czytania":"2 minuty"},"schema":{"@context":"https:\/\/schema.org","@graph":[{"@type":"WebPage","@id":"https:\/\/gblexpress.com\/product\/lsd-kwas\/","url":"https:\/\/gblexpress.com\/product\/lsd-kwas\/","name":"LSD (kwas chlebowy) na sprzeda\u017c \u2013 Kup LSD (kwas chlebowy) online | Gblexpress","isPartOf":{"@id":"https:\/\/gblexpress.com\/#website"},"primaryImageOfPage":{"@id":"https:\/\/gblexpress.com\/product\/lsd-kwas\/#primaryimage"},"image":{"@id":"https:\/\/gblexpress.com\/product\/lsd-kwas\/#primaryimage"},"thumbnailUrl":"https:\/\/gblexpress.com\/wp-content\/uploads\/2024\/11\/lsd.jpg","datePublished":"2024-11-26T08:00:49+00:00","dateModified":"2026-02-27T10:30:27+00:00","description":"Kup LSD (KWAS) w jednym z najlepszych sklep\u00f3w internetowych gblexpress. Pomagamy w zakupie wysokiej jako\u015bci LSD (KWAS) online. Nie wahaj si\u0119 z\u0142o\u017cy\u0107 zam\u00f3wienia i skorzysta\u0107 z najnowszych rabat\u00f3w!","breadcrumb":{"@id":"https:\/\/gblexpress.com\/product\/lsd-kwas\/#breadcrumb"},"inLanguage":"pl-PL","potentialAction":[{"@type":"ReadAction","target":["https:\/\/gblexpress.com\/product\/lsd-kwas\/"]}]},{"@type":"ImageObject","inLanguage":"pl-PL","@id":"https:\/\/gblexpress.com\/product\/lsd-kwas\/#primaryimage","url":"https:\/\/gblexpress.com\/wp-content\/uploads\/2024\/11\/lsd.jpg","contentUrl":"https:\/\/gblexpress.com\/wp-content\/uploads\/2024\/11\/lsd.jpg","width":600,"height":600,"caption":"lsd online kaufen"},{"@type":"BreadcrumbList","@id":"https:\/\/gblexpress.com\/product\/lsd-kwas\/#breadcrumb","itemListElement":[{"@type":"ListItem","position":1,"name":"Home","item":"https:\/\/gblexpress.com\/"},{"@type":"ListItem","position":2,"name":"Shop","item":"https:\/\/gblexpress.com\/shop\/"},{"@type":"ListItem","position":3,"name":"LSD (Kwas)"}]},{"@type":"WebSite","@id":"https:\/\/gblexpress.com\/#website","url":"https:\/\/gblexpress.com\/","name":"GBL Express","description":"","publisher":{"@id":"https:\/\/gblexpress.com\/#organization"},"potentialAction":[{"@type":"SearchAction","target":{"@type":"EntryPoint","urlTemplate":"https:\/\/gblexpress.com\/?s={search_term_string}"},"query-input":{"@type":"PropertyValueSpecification","valueRequired":true,"valueName":"search_term_string"}}],"inLanguage":"pl-PL"},{"@type":"Organization","@id":"https:\/\/gblexpress.com\/#organization","name":"GBL Express","url":"https:\/\/gblexpress.com\/","logo":{"@type":"ImageObject","inLanguage":"pl-PL","@id":"https:\/\/gblexpress.com\/#\/schema\/logo\/image\/","url":"https:\/\/gblexpress.com\/wp-content\/uploads\/2023\/01\/logo.png","contentUrl":"https:\/\/gblexpress.com\/wp-content\/uploads\/2023\/01\/logo.png","width":250,"height":52,"caption":"GBL Express"},"image":{"@id":"https:\/\/gblexpress.com\/#\/schema\/logo\/image\/"}}]}},"jetpack-related-posts":[],"jetpack_sharing_enabled":true,"_links":{"self":[{"href":"https:\/\/gblexpress.com\/pl\/wp-json\/wp\/v2\/product\/1263","targetHints":{"allow":["GET"]}}],"collection":[{"href":"https:\/\/gblexpress.com\/pl\/wp-json\/wp\/v2\/product"}],"about":[{"href":"https:\/\/gblexpress.com\/pl\/wp-json\/wp\/v2\/types\/product"}],"replies":[{"embeddable":true,"href":"https:\/\/gblexpress.com\/pl\/wp-json\/wp\/v2\/comments?post=1263"}],"wp:featuredmedia":[{"embeddable":true,"href":"https:\/\/gblexpress.com\/pl\/wp-json\/wp\/v2\/media\/1611"}],"wp:attachment":[{"href":"https:\/\/gblexpress.com\/pl\/wp-json\/wp\/v2\/media?parent=1263"}],"wp:term":[{"taxonomy":"product_brand","embeddable":true,"href":"https:\/\/gblexpress.com\/pl\/wp-json\/wp\/v2\/product_brand?post=1263"},{"taxonomy":"product_cat","embeddable":true,"href":"https:\/\/gblexpress.com\/pl\/wp-json\/wp\/v2\/product_cat?post=1263"},{"taxonomy":"product_tag","embeddable":true,"href":"https:\/\/gblexpress.com\/pl\/wp-json\/wp\/v2\/product_tag?post=1263"}],"curies":[{"name":"wp","href":"https:\/\/api.w.org\/{rel}","templated":true}]}}