{"id":1337,"date":"2024-11-27T09:59:17","date_gmt":"2024-11-27T09:59:17","guid":{"rendered":"https:\/\/gblexpress.com\/?post_type=product&#038;p=1337"},"modified":"2026-02-25T05:17:03","modified_gmt":"2026-02-25T05:17:03","slug":"dianabol-10mg","status":"publish","type":"product","link":"https:\/\/gblexpress.com\/pl\/produkt-2\/dianabol-10mg\/","title":{"rendered":"Dianabol 10mg"},"content":{"rendered":"<h2><strong>Dianabol 10mg online kaufen \u2013 Maximale Ergebnisse f\u00fcr Bodybuilding<\/strong><\/h2>\n<p>Dianabol 10mg, znany r\u00f3wnie\u017c jako <a href=\"https:\/\/en.wikipedia.org\/?title=Dianabol&amp;redirect=no\"><strong>Metandienon<\/strong><\/a>to jeden z najpopularniejszych steryd\u00f3w dla kulturyst\u00f3w. Promuje szybki wzrost mi\u0119\u015bni, zwi\u0119ksza si\u0142\u0119 i wspomaga intensywne fazy treningowe. Idealny do cyklu rozbudowy, Dianabol oferuje skuteczne wyniki dzi\u0119ki niezawodnej formule Kup Dianabol 10mg<a href=\"https:\/\/gblexprimer.com\/product\/achats-en-ligne-gbl\/\">.<\/a><\/p>\n<h3><strong>Zalety Dianabol 10mg:<\/strong><\/h3>\n<ul>\n<li><strong>Szybkie budowanie mi\u0119\u015bni:<\/strong> Zwi\u0119ksza si\u0119 <a href=\"https:\/\/gblexpress.com\/pl\/produkt-2\/dianabol-10mg\/\">Masa mi\u0119\u015bniowa<\/a> w kr\u00f3tkim czasie.<\/li>\n<li><strong>Wzrost wytrzyma\u0142o\u015bci:<\/strong> Idealny dla sportowc\u00f3w w intensywnych fazach treningowych.<\/li>\n<li><strong>Sprawdzona jako\u015b\u0107:<\/strong> Niezawodne wyniki przy ka\u017cdej dawce<a href=\"https:\/\/gblexpress.com\/pl\/sklep\/suchy-gotowany-ghb-500-gramow\/\">.<\/a><\/li>\n<\/ul>\n<p><strong>Kup teraz Dianabol<\/strong> i skorzystaj z bezpiecznej, dyskretnej wysy\u0142ki!<\/p>","protected":false},"excerpt":{"rendered":"<p>Dianabol 10mg, znany r\u00f3wnie\u017c jako <strong>Metandienon<\/strong>to jeden z najpopularniejszych steryd\u00f3w anabolicznych w kulturystyce. Zosta\u0142 specjalnie opracowany w celu wspierania szybkiego wzrostu mi\u0119\u015bni, poprawy si\u0142y i zwi\u0119kszenia wydajno\u015bci treningu. Dzi\u0119ki sprawdzonej formule jest idealny dla sportowc\u00f3w, kt\u00f3rzy chc\u0105 osi\u0105gn\u0105\u0107 maksymalne wyniki w jak najkr\u00f3tszym czasie.<\/p>\n<h3><strong>Zalety Dianabol 10mg<\/strong><\/h3>\n<ul>\n<li><strong>Szybkie budowanie mi\u0119\u015bni<\/strong>Skutecznie zwi\u0119ksza mas\u0119 mi\u0119\u015bniow\u0105.<\/li>\n<li><strong>Wzrost wytrzyma\u0142o\u015bci<\/strong>Idealny do intensywnego treningu i maksymalnej wydajno\u015bci.<\/li>\n<li><strong>Proste dozowanie<\/strong>Ka\u017cda tabletka zawiera 10 mg dla precyzyjnego spo\u017cycia.<\/li>\n<\/ul>\n<h3><strong>Dlaczego warto kupi\u0107 Dianabol 10mg?<\/strong><\/h3>\n<ul>\n<li><strong>Sprawdzona jako\u015b\u0107<\/strong>Bezpieczne i wiarygodne wyniki.<\/li>\n<li><strong>Elastyczne u\u017cytkowanie<\/strong>Nadaje si\u0119 do budowania masy i poprawy wydajno\u015bci.<\/li>\n<li><strong>Dyskretna wysy\u0142ka<\/strong>Bezpieczna i anonimowa dostawa.<\/li>\n<\/ul>","protected":false},"featured_media":1615,"comment_status":"open","ping_status":"closed","template":"","meta":{"_joinchat":[]},"product_brand":[],"product_cat":[247],"product_tag":[755,753,756,754,757],"class_list":{"0":"post-1337","1":"product","2":"type-product","3":"status-publish","4":"has-post-thumbnail","6":"product_cat-steroid","7":"product_tag-anabolika-muskelaufbau","8":"product_tag-dianabol-10mg-kaufen","9":"product_tag-dianabol-fuer-bodybuilder","10":"product_tag-methandienon-bestellen","11":"product_tag-steroide-fuer-kraftsteigerung","13":"first","14":"instock","15":"shipping-taxable","16":"purchasable","17":"product-type-variable"},"yoast_head":"<!-- This site is optimized with the Yoast SEO plugin v25.4 - https:\/\/yoast.com\/wordpress\/plugins\/seo\/ -->\n<title>Dianabol 10 mg online kaufen \u2013 Dianabol 10 mg zu verkaufen<\/title>\n<meta name=\"description\" content=\"M\u00f6chten Sie Ihre Forschung vorantreiben? Kaufen Sie Dianabol 10 mg bequem und sicher online \u2013 mit einem unkomplizierten Bestellvorgang. Entdecken Sie die M\u00f6glichkeiten und kaufen Sie Dianabol 10 mg noch heute online f\u00fcr Ihre Forschungsvorhaben.\" \/>\n<meta name=\"robots\" content=\"index, follow, max-snippet:-1, max-image-preview:large, max-video-preview:-1\" \/>\n<link rel=\"canonical\" href=\"https:\/\/gblexpress.com\/pl\/produkt-2\/dianabol-10mg\/\" \/>\n<meta property=\"og:locale\" content=\"pl_PL\" \/>\n<meta property=\"og:type\" content=\"article\" \/>\n<meta property=\"og:title\" content=\"Dianabol 10 mg online kaufen \u2013 Dianabol 10 mg zu verkaufen\" \/>\n<meta property=\"og:description\" content=\"M\u00f6chten Sie Ihre Forschung vorantreiben? Kaufen Sie Dianabol 10 mg bequem und sicher online \u2013 mit einem unkomplizierten Bestellvorgang. Entdecken Sie die M\u00f6glichkeiten und kaufen Sie Dianabol 10 mg noch heute online f\u00fcr Ihre Forschungsvorhaben.\" \/>\n<meta property=\"og:url\" content=\"https:\/\/gblexpress.com\/pl\/produkt-2\/dianabol-10mg\/\" \/>\n<meta property=\"og:site_name\" content=\"GBL Express\" \/>\n<meta property=\"article:modified_time\" content=\"2026-02-25T05:17:03+00:00\" \/>\n<meta property=\"og:image\" content=\"https:\/\/gblexpress.com\/wp-content\/uploads\/2024\/11\/Dianabol-10mg.jpg\" \/>\n\t<meta property=\"og:image:width\" content=\"600\" \/>\n\t<meta property=\"og:image:height\" content=\"600\" \/>\n\t<meta property=\"og:image:type\" content=\"image\/jpeg\" \/>\n<meta name=\"twitter:card\" content=\"summary_large_image\" \/>\n<meta name=\"twitter:label1\" content=\"Szacowany czas czytania\" \/>\n\t<meta name=\"twitter:data1\" content=\"1 minuta\" \/>\n<!-- \/ Yoast SEO plugin. -->","yoast_head_json":{"title":"Kup Dianabol 10 mg online \u2013 Dianabol 10 mg na sprzeda\u017c","description":"Chcesz poszerzy\u0107 swoje badania? Kup Dianabol 10 mg wygodnie i bezpiecznie online \u2013 dzi\u0119ki przejrzystemu procesowi sk\u0142adania zam\u00f3wienia. Odkryj mo\u017cliwo\u015bci i kup Dianabol 10 mg online ju\u017c dzi\u015b na potrzeby swoich projekt\u00f3w badawczych.","robots":{"index":"index","follow":"follow","max-snippet":"max-snippet:-1","max-image-preview":"max-image-preview:large","max-video-preview":"max-video-preview:-1"},"canonical":"https:\/\/gblexpress.com\/pl\/produkt-2\/dianabol-10mg\/","og_locale":"pl_PL","og_type":"article","og_title":"Dianabol 10 mg online kaufen \u2013 Dianabol 10 mg zu verkaufen","og_description":"M\u00f6chten Sie Ihre Forschung vorantreiben? Kaufen Sie Dianabol 10 mg bequem und sicher online \u2013 mit einem unkomplizierten Bestellvorgang. Entdecken Sie die M\u00f6glichkeiten und kaufen Sie Dianabol 10 mg noch heute online f\u00fcr Ihre Forschungsvorhaben.","og_url":"https:\/\/gblexpress.com\/pl\/produkt-2\/dianabol-10mg\/","og_site_name":"GBL Express","article_modified_time":"2026-02-25T05:17:03+00:00","og_image":[{"width":600,"height":600,"url":"https:\/\/gblexpress.com\/wp-content\/uploads\/2024\/11\/Dianabol-10mg.jpg","type":"image\/jpeg"}],"twitter_card":"summary_large_image","twitter_misc":{"Szacowany czas czytania":"1 minuta"},"schema":{"@context":"https:\/\/schema.org","@graph":[{"@type":"WebPage","@id":"https:\/\/gblexpress.com\/product\/dianabol-10mg\/","url":"https:\/\/gblexpress.com\/product\/dianabol-10mg\/","name":"Kup Dianabol 10 mg online \u2013 Dianabol 10 mg na sprzeda\u017c","isPartOf":{"@id":"https:\/\/gblexpress.com\/#website"},"primaryImageOfPage":{"@id":"https:\/\/gblexpress.com\/product\/dianabol-10mg\/#primaryimage"},"image":{"@id":"https:\/\/gblexpress.com\/product\/dianabol-10mg\/#primaryimage"},"thumbnailUrl":"https:\/\/gblexpress.com\/wp-content\/uploads\/2024\/11\/Dianabol-10mg.jpg","datePublished":"2024-11-27T09:59:17+00:00","dateModified":"2026-02-25T05:17:03+00:00","description":"Chcesz poszerzy\u0107 swoje badania? Kup Dianabol 10 mg wygodnie i bezpiecznie online \u2013 dzi\u0119ki przejrzystemu procesowi sk\u0142adania zam\u00f3wienia. Odkryj mo\u017cliwo\u015bci i kup Dianabol 10 mg online ju\u017c dzi\u015b na potrzeby swoich projekt\u00f3w badawczych.","breadcrumb":{"@id":"https:\/\/gblexpress.com\/product\/dianabol-10mg\/#breadcrumb"},"inLanguage":"pl-PL","potentialAction":[{"@type":"ReadAction","target":["https:\/\/gblexpress.com\/product\/dianabol-10mg\/"]}]},{"@type":"ImageObject","inLanguage":"pl-PL","@id":"https:\/\/gblexpress.com\/product\/dianabol-10mg\/#primaryimage","url":"https:\/\/gblexpress.com\/wp-content\/uploads\/2024\/11\/Dianabol-10mg.jpg","contentUrl":"https:\/\/gblexpress.com\/wp-content\/uploads\/2024\/11\/Dianabol-10mg.jpg","width":600,"height":600,"caption":"Dianabol-10mg online kaufen"},{"@type":"BreadcrumbList","@id":"https:\/\/gblexpress.com\/product\/dianabol-10mg\/#breadcrumb","itemListElement":[{"@type":"ListItem","position":1,"name":"Home","item":"https:\/\/gblexpress.com\/"},{"@type":"ListItem","position":2,"name":"Shop","item":"https:\/\/gblexpress.com\/shop\/"},{"@type":"ListItem","position":3,"name":"Dianabol 10mg"}]},{"@type":"WebSite","@id":"https:\/\/gblexpress.com\/#website","url":"https:\/\/gblexpress.com\/","name":"GBL Express","description":"","publisher":{"@id":"https:\/\/gblexpress.com\/#organization"},"potentialAction":[{"@type":"SearchAction","target":{"@type":"EntryPoint","urlTemplate":"https:\/\/gblexpress.com\/?s={search_term_string}"},"query-input":{"@type":"PropertyValueSpecification","valueRequired":true,"valueName":"search_term_string"}}],"inLanguage":"pl-PL"},{"@type":"Organization","@id":"https:\/\/gblexpress.com\/#organization","name":"GBL Express","url":"https:\/\/gblexpress.com\/","logo":{"@type":"ImageObject","inLanguage":"pl-PL","@id":"https:\/\/gblexpress.com\/#\/schema\/logo\/image\/","url":"https:\/\/gblexpress.com\/wp-content\/uploads\/2023\/01\/logo.png","contentUrl":"https:\/\/gblexpress.com\/wp-content\/uploads\/2023\/01\/logo.png","width":250,"height":52,"caption":"GBL Express"},"image":{"@id":"https:\/\/gblexpress.com\/#\/schema\/logo\/image\/"}}]}},"jetpack-related-posts":[],"jetpack_sharing_enabled":true,"_links":{"self":[{"href":"https:\/\/gblexpress.com\/pl\/wp-json\/wp\/v2\/product\/1337","targetHints":{"allow":["GET"]}}],"collection":[{"href":"https:\/\/gblexpress.com\/pl\/wp-json\/wp\/v2\/product"}],"about":[{"href":"https:\/\/gblexpress.com\/pl\/wp-json\/wp\/v2\/types\/product"}],"replies":[{"embeddable":true,"href":"https:\/\/gblexpress.com\/pl\/wp-json\/wp\/v2\/comments?post=1337"}],"wp:featuredmedia":[{"embeddable":true,"href":"https:\/\/gblexpress.com\/pl\/wp-json\/wp\/v2\/media\/1615"}],"wp:attachment":[{"href":"https:\/\/gblexpress.com\/pl\/wp-json\/wp\/v2\/media?parent=1337"}],"wp:term":[{"taxonomy":"product_brand","embeddable":true,"href":"https:\/\/gblexpress.com\/pl\/wp-json\/wp\/v2\/product_brand?post=1337"},{"taxonomy":"product_cat","embeddable":true,"href":"https:\/\/gblexpress.com\/pl\/wp-json\/wp\/v2\/product_cat?post=1337"},{"taxonomy":"product_tag","embeddable":true,"href":"https:\/\/gblexpress.com\/pl\/wp-json\/wp\/v2\/product_tag?post=1337"}],"curies":[{"name":"wp","href":"https:\/\/api.w.org\/{rel}","templated":true}]}}