{"id":1340,"date":"2024-11-27T09:58:57","date_gmt":"2024-11-27T09:58:57","guid":{"rendered":"https:\/\/gblexpress.com\/?post_type=product&#038;p=1340"},"modified":"2025-05-06T05:53:51","modified_gmt":"2025-05-06T05:53:51","slug":"deca-durabin-300mg","status":"publish","type":"product","link":"https:\/\/gblexpress.com\/pl\/produkt-2\/deca-durabin-300mg\/","title":{"rendered":"Deca Durabin 300mg"},"content":{"rendered":"<h2><strong>Kup Deca Durabin 300mg - Budowanie mi\u0119\u015bni sta\u0142o si\u0119 \u0142atwe<\/strong><\/h2>\n<p><a href=\"https:\/\/gblexpress.com\/pl\/produkt-2\/deca-durabin-300mg\/\">Deca Durabin 300mg<\/a>znany r\u00f3wnie\u017c jako <a href=\"https:\/\/pl.wikipedia.org\/wiki\/Nandrolone_decanoate\"><strong>Dekanian nandrolonu<\/strong><\/a>to idealny wyb\u00f3r dla kulturyst\u00f3w i sportowc\u00f3w poszukuj\u0105cych sposobu na budow\u0119 mi\u0119\u015bni, regeneracj\u0119 i ochron\u0119 staw\u00f3w. Dzi\u0119ki d\u0142ugotrwa\u0142ym efektom i niezawodnej jako\u015bci wspomaga przyrost si\u0142y i szybsz\u0105 regeneracj\u0119 Kup Deca Durabin<a href=\"https:\/\/gblexpress.com\/pl\/sklep\/tilidin-ratiopharm-plus-50-4-mg-tilidin-naloxon\/\">.<\/a><\/p>\n<p>Teraz <a href=\"https:\/\/gblexpress.com\/pl\/\"><strong>Kup sterydy Deca<\/strong><\/a> i korzystaj z dyskretnej wysy\u0142ki i najwy\u017cszej jako\u015bci<a href=\"https:\/\/gblexprimer.com\/\">!<\/a><\/p>","protected":false},"excerpt":{"rendered":"<p><strong>Deca Durabin 300mg<\/strong> to dobrze znany steryd anaboliczny, kt\u00f3ry jest ceniony za wszechstronne zastosowanie w budowaniu mi\u0119\u015bni i zabiegach terapeutycznych. Dzi\u0119ki sprawdzonej formule i d\u0142ugotrwa\u0142ym efektom jest to jeden z najpopularniejszych wybor\u00f3w dla kulturyst\u00f3w i pracownik\u00f3w s\u0142u\u017cby zdrowia.<\/p>\n<h3><strong>Co to jest Deca Durabin 300mg?<\/strong><\/h3>\n<p>Deca Durabin, znany r\u00f3wnie\u017c jako <strong>Dekanian nandrolonu<\/strong>to steryd do wstrzykiwa\u0144, kt\u00f3ry umo\u017cliwia powolne i r\u00f3wnomierne uwalnianie substancji czynnej. Wspomaga budowanie masy mi\u0119\u015bniowej, poprawia regeneracj\u0119 i zmniejsza b\u00f3l staw\u00f3w.<\/p>\n<h3><strong>W\u0142a\u015bciwo\u015bci i zalety<\/strong><\/h3>\n<ul>\n<li><strong>Budowanie mi\u0119\u015bni<\/strong>Promuje znaczny wzrost masy mi\u0119\u015bniowej i si\u0142y.<\/li>\n<li><strong>Regeneracja<\/strong>Wspomaga szybsz\u0105 regeneracj\u0119 po intensywnych sesjach treningowych.<\/li>\n<li><strong>Ochrona staw\u00f3w<\/strong>Pomaga z\u0142agodzi\u0107 b\u00f3l staw\u00f3w i poprawia mobilno\u015b\u0107.<\/li>\n<li><strong>D\u0142ugotrwa\u0142y efekt<\/strong>Dawka 300 mg zapewnia stabilne uwalnianie przez kilka dni.<\/li>\n<\/ul>\n<h3><strong>Zastosowania<\/strong><\/h3>\n<ol>\n<li><strong>Kulturystyka<\/strong>:\n<ul>\n<li>Promuje mas\u0119 mi\u0119\u015bniow\u0105 i zwi\u0119ksza si\u0142\u0119.<\/li>\n<li>Popularny w fazach rozbudowy i konserwacji.<\/li>\n<\/ul>\n<\/li>\n<li><strong>Zastosowanie terapeutyczne<\/strong>:\n<ul>\n<li>Leczy choroby przewlek\u0142e, takie jak osteoporoza lub zanik mi\u0119\u015bni.<\/li>\n<\/ul>\n<\/li>\n<li><strong>Odzyskiwanie i regeneracja<\/strong>:\n<ul>\n<li>Idealny dla sportowc\u00f3w w celu wsparcia proces\u00f3w gojenia i zmniejszenia stresu treningowego.<\/li>\n<\/ul>\n<\/li>\n<\/ol>\n<h3><strong>Dlaczego warto kupi\u0107 Deca Durabin 300mg?<\/strong><\/h3>\n<ul>\n<li><strong>niezawodno\u015b\u0107<\/strong>Testowane i sprawdzone klinicznie.<\/li>\n<li><strong>Dyskretna wysy\u0142ka<\/strong>Bezpieczna i poufna dostawa.<\/li>\n<li><strong>Wysokiej jako\u015bci formu\u0142a<\/strong>Gwarantuje najlepsze rezultaty w profesjonalnych zastosowaniach.<\/li>\n<\/ul>","protected":false},"featured_media":1617,"comment_status":"open","ping_status":"closed","template":"","meta":{"_joinchat":[]},"product_brand":[],"product_cat":[247],"product_tag":[744,751,747,746,748,742,750,752,745,749,743],"class_list":{"0":"post-1340","1":"product","2":"type-product","3":"status-publish","4":"has-post-thumbnail","6":"product_cat-steroid","7":"product_tag-deca-300mg-online-kaufen","8":"product_tag-deca-bodybuilding-injektionen","9":"product_tag-deca-durabin-bodybuilding","10":"product_tag-deca-durabin-grosshandel","11":"product_tag-deca-durabin-injektionen-kaufen","12":"product_tag-deca-durabin-kaufen","13":"product_tag-deca-durabin-sicher-kaufen","14":"product_tag-deca-regeneration-sicher-kaufen","15":"product_tag-deca-steroide-muskelaufbau-deca-durabin-wirkung","16":"product_tag-deca-steroide-regeneration","17":"product_tag-nandrolon-decanoat-bestellen","19":"first","20":"instock","21":"shipping-taxable","22":"purchasable","23":"product-type-variable"},"yoast_head":"<!-- This site is optimized with the Yoast SEO plugin v25.4 - https:\/\/yoast.com\/wordpress\/plugins\/seo\/ -->\n<title>Deca Durabin 300 mg online \u2013 Deca Durabin 300 mg zu verkaufen<\/title>\n<meta name=\"description\" content=\"Finden Sie hochwertiges Deca Durabin 300 mg zum Verkauf in unserem Online-Shop. Wir bieten eine sichere Plattform, um Deca Durabin 300 mg ganz einfach online zu kaufen und Ihren Forschungsanforderungen gerecht zu werden.\" \/>\n<meta name=\"robots\" content=\"index, follow, max-snippet:-1, max-image-preview:large, max-video-preview:-1\" \/>\n<link rel=\"canonical\" href=\"https:\/\/gblexpress.com\/pl\/produkt-2\/deca-durabin-300mg\/\" \/>\n<meta property=\"og:locale\" content=\"pl_PL\" \/>\n<meta property=\"og:type\" content=\"article\" \/>\n<meta property=\"og:title\" content=\"Deca Durabin 300 mg online \u2013 Deca Durabin 300 mg zu verkaufen\" \/>\n<meta property=\"og:description\" content=\"Finden Sie hochwertiges Deca Durabin 300 mg zum Verkauf in unserem Online-Shop. Wir bieten eine sichere Plattform, um Deca Durabin 300 mg ganz einfach online zu kaufen und Ihren Forschungsanforderungen gerecht zu werden.\" \/>\n<meta property=\"og:url\" content=\"https:\/\/gblexpress.com\/pl\/produkt-2\/deca-durabin-300mg\/\" \/>\n<meta property=\"og:site_name\" content=\"GBL Express\" \/>\n<meta property=\"article:modified_time\" content=\"2025-05-06T05:53:51+00:00\" \/>\n<meta property=\"og:image\" content=\"https:\/\/gblexpress.com\/wp-content\/uploads\/2024\/11\/Deca-Durabin-300mg.jpg\" \/>\n\t<meta property=\"og:image:width\" content=\"600\" \/>\n\t<meta property=\"og:image:height\" content=\"600\" \/>\n\t<meta property=\"og:image:type\" content=\"image\/jpeg\" \/>\n<meta name=\"twitter:card\" content=\"summary_large_image\" \/>\n<meta name=\"twitter:label1\" content=\"Szacowany czas czytania\" \/>\n\t<meta name=\"twitter:data1\" content=\"1 minuta\" \/>\n<!-- \/ Yoast SEO plugin. -->","yoast_head_json":{"title":"Deca Durabolin 300 mg online \u2013 Deca Durabolin 300 mg na sprzeda\u017c","description":"Znajd\u017a wysokiej jako\u015bci Deca Durabin 300 mg na sprzeda\u017c w naszym sklepie internetowym. Oferujemy bezpieczn\u0105 platform\u0119, na kt\u00f3rej mo\u017cesz \u0142atwo kupi\u0107 Deca Durabin 300 mg online i zaspokoi\u0107 swoje potrzeby badawcze.","robots":{"index":"index","follow":"follow","max-snippet":"max-snippet:-1","max-image-preview":"max-image-preview:large","max-video-preview":"max-video-preview:-1"},"canonical":"https:\/\/gblexpress.com\/pl\/produkt-2\/deca-durabin-300mg\/","og_locale":"pl_PL","og_type":"article","og_title":"Deca Durabin 300 mg online \u2013 Deca Durabin 300 mg zu verkaufen","og_description":"Finden Sie hochwertiges Deca Durabin 300 mg zum Verkauf in unserem Online-Shop. Wir bieten eine sichere Plattform, um Deca Durabin 300 mg ganz einfach online zu kaufen und Ihren Forschungsanforderungen gerecht zu werden.","og_url":"https:\/\/gblexpress.com\/pl\/produkt-2\/deca-durabin-300mg\/","og_site_name":"GBL Express","article_modified_time":"2025-05-06T05:53:51+00:00","og_image":[{"width":600,"height":600,"url":"https:\/\/gblexpress.com\/wp-content\/uploads\/2024\/11\/Deca-Durabin-300mg.jpg","type":"image\/jpeg"}],"twitter_card":"summary_large_image","twitter_misc":{"Szacowany czas czytania":"1 minuta"},"schema":{"@context":"https:\/\/schema.org","@graph":[{"@type":"WebPage","@id":"https:\/\/gblexpress.com\/product\/deca-durabin-300mg\/","url":"https:\/\/gblexpress.com\/product\/deca-durabin-300mg\/","name":"Deca Durabolin 300 mg online \u2013 Deca Durabolin 300 mg na sprzeda\u017c","isPartOf":{"@id":"https:\/\/gblexpress.com\/#website"},"primaryImageOfPage":{"@id":"https:\/\/gblexpress.com\/product\/deca-durabin-300mg\/#primaryimage"},"image":{"@id":"https:\/\/gblexpress.com\/product\/deca-durabin-300mg\/#primaryimage"},"thumbnailUrl":"https:\/\/gblexpress.com\/wp-content\/uploads\/2024\/11\/Deca-Durabin-300mg.jpg","datePublished":"2024-11-27T09:58:57+00:00","dateModified":"2025-05-06T05:53:51+00:00","description":"Znajd\u017a wysokiej jako\u015bci Deca Durabin 300 mg na sprzeda\u017c w naszym sklepie internetowym. Oferujemy bezpieczn\u0105 platform\u0119, na kt\u00f3rej mo\u017cesz \u0142atwo kupi\u0107 Deca Durabin 300 mg online i zaspokoi\u0107 swoje potrzeby badawcze.","breadcrumb":{"@id":"https:\/\/gblexpress.com\/product\/deca-durabin-300mg\/#breadcrumb"},"inLanguage":"pl-PL","potentialAction":[{"@type":"ReadAction","target":["https:\/\/gblexpress.com\/product\/deca-durabin-300mg\/"]}]},{"@type":"ImageObject","inLanguage":"pl-PL","@id":"https:\/\/gblexpress.com\/product\/deca-durabin-300mg\/#primaryimage","url":"https:\/\/gblexpress.com\/wp-content\/uploads\/2024\/11\/Deca-Durabin-300mg.jpg","contentUrl":"https:\/\/gblexpress.com\/wp-content\/uploads\/2024\/11\/Deca-Durabin-300mg.jpg","width":600,"height":600,"caption":"Deca-Durabin-300mg online kaufen"},{"@type":"BreadcrumbList","@id":"https:\/\/gblexpress.com\/product\/deca-durabin-300mg\/#breadcrumb","itemListElement":[{"@type":"ListItem","position":1,"name":"Home","item":"https:\/\/gblexpress.com\/"},{"@type":"ListItem","position":2,"name":"Shop","item":"https:\/\/gblexpress.com\/shop\/"},{"@type":"ListItem","position":3,"name":"Deca Durabin 300mg"}]},{"@type":"WebSite","@id":"https:\/\/gblexpress.com\/#website","url":"https:\/\/gblexpress.com\/","name":"GBL Express","description":"","publisher":{"@id":"https:\/\/gblexpress.com\/#organization"},"potentialAction":[{"@type":"SearchAction","target":{"@type":"EntryPoint","urlTemplate":"https:\/\/gblexpress.com\/?s={search_term_string}"},"query-input":{"@type":"PropertyValueSpecification","valueRequired":true,"valueName":"search_term_string"}}],"inLanguage":"pl-PL"},{"@type":"Organization","@id":"https:\/\/gblexpress.com\/#organization","name":"GBL Express","url":"https:\/\/gblexpress.com\/","logo":{"@type":"ImageObject","inLanguage":"pl-PL","@id":"https:\/\/gblexpress.com\/#\/schema\/logo\/image\/","url":"https:\/\/gblexpress.com\/wp-content\/uploads\/2023\/01\/logo.png","contentUrl":"https:\/\/gblexpress.com\/wp-content\/uploads\/2023\/01\/logo.png","width":250,"height":52,"caption":"GBL Express"},"image":{"@id":"https:\/\/gblexpress.com\/#\/schema\/logo\/image\/"}}]}},"jetpack-related-posts":[],"jetpack_sharing_enabled":true,"_links":{"self":[{"href":"https:\/\/gblexpress.com\/pl\/wp-json\/wp\/v2\/product\/1340","targetHints":{"allow":["GET"]}}],"collection":[{"href":"https:\/\/gblexpress.com\/pl\/wp-json\/wp\/v2\/product"}],"about":[{"href":"https:\/\/gblexpress.com\/pl\/wp-json\/wp\/v2\/types\/product"}],"replies":[{"embeddable":true,"href":"https:\/\/gblexpress.com\/pl\/wp-json\/wp\/v2\/comments?post=1340"}],"wp:featuredmedia":[{"embeddable":true,"href":"https:\/\/gblexpress.com\/pl\/wp-json\/wp\/v2\/media\/1617"}],"wp:attachment":[{"href":"https:\/\/gblexpress.com\/pl\/wp-json\/wp\/v2\/media?parent=1340"}],"wp:term":[{"taxonomy":"product_brand","embeddable":true,"href":"https:\/\/gblexpress.com\/pl\/wp-json\/wp\/v2\/product_brand?post=1340"},{"taxonomy":"product_cat","embeddable":true,"href":"https:\/\/gblexpress.com\/pl\/wp-json\/wp\/v2\/product_cat?post=1340"},{"taxonomy":"product_tag","embeddable":true,"href":"https:\/\/gblexpress.com\/pl\/wp-json\/wp\/v2\/product_tag?post=1340"}],"curies":[{"name":"wp","href":"https:\/\/api.w.org\/{rel}","templated":true}]}}