{"id":473,"date":"2023-05-17T10:31:35","date_gmt":"2023-05-17T10:31:35","guid":{"rendered":"https:\/\/gblexpress.com\/?post_type=product&#038;p=473"},"modified":"2026-02-25T05:20:28","modified_gmt":"2026-02-25T05:20:28","slug":"gbl-kup-online-butyrolakton-kup","status":"publish","type":"product","link":"https:\/\/gblexpress.com\/pl\/produkt-2\/gbl-kup-online-butyrolakton-kup\/","title":{"rendered":"Kup GBL Online"},"content":{"rendered":"<h2><strong>\u015arodek do czyszczenia felg Gamma-Butyrolakton GBL<\/strong><\/h2>\n<p><a href=\"https:\/\/en.wikipedia.org\/wiki\/GBL\">gbl-buying<\/a>, Gamma-Butyrolacton-Produkte sind eine hygroskopische, farblose, \u00f6lige Fl\u00fcssigkeit mit einem schwachen charakteristischen Geruch und sind wasserl\u00f6slich. GBL ist ein g\u00e4ngiges L\u00f6sungsmittel und Reagens in der Chemie und wird als Aromastoff, Fleckentferner, Sekundenkleberentferner, Abbeizmittel und L\u00f6sungsmittel in einigen Nass-Aluminium-Elektrolytkondensatoren verwendet. Beim Menschen fungiert es als Prodrug f\u00fcr GHB und wird als Freizeitrauschmittel mit alkohol\u00e4hnlichen Wirkungen verwendet.<\/p>\n<h3><strong>Czym jest gamma-butyrolakton?<a href=\"https:\/\/gblexpress.com\/pl\/\">?<\/a><\/strong><\/h3>\n<p><a href=\"https:\/\/gblexpress.com\/pl\/produkt-2\/gbl-kup-online-butyrolakton-kup\/\">Gamma-butyrolakton<\/a> ist ein ideales Antioxidans, Weichmacher, Dispergiermittel und L\u00f6sungsmittel. GBL wird jedoch m\u00f6glicherweise am h\u00e4ufigsten als Zwischenprodukt bei der Herstellung von abgeleiteten Chemikalien wie Methyl-2-pyrrolidon, auch bekannt als NMP, verwendet. Neben seiner Verwendung in der chemischen Produktion ist GBL als Duftstoff in einigen Haushaltsprodukten sowie als L\u00f6sungsmittel in Lotionen, Nagellackentfernern und einigen Polymeren bekannt. Sie k\u00f6nnen es auch in der Batterie- und Kondensatorproduktion verwenden, wenn Sie es mit einer kleinen Menge Ethylenglykol mischen. Kaufen Sie Gamma-Butyrolacton GBL, gbl-Kaufen.<\/p>\n<h3><strong>Zastosowanie i skuteczno\u015b\u0107.<\/strong><\/h3>\n<p>Gamma-Butyrolakton GBL to magiczny \u015brodek czyszcz\u0105cy o wyj\u0105tkowej mocy czyszczenia.<br \/>\nPrzyczyna relaksu.<br \/>\nZwi\u0119kszenie jasno\u015bci umys\u0142u.<br \/>\nUwolnienie od depresji i stresu.<br \/>\nPrzed\u0142u\u017cenie \u017cycia.<br \/>\nPoprawia sprawno\u015b\u0107 seksualn\u0105 i przyjemno\u015b\u0107 z seksu.<br \/>\nRedukcja tkanki t\u0142uszczowej.<br \/>\nUwalnianie hormon\u00f3w wzrostu.<br \/>\nPoprawa wynik\u00f3w sportowych.<br \/>\nPoprawa jako\u015bci snu.<br \/>\nJako kulturysta lub osoba buduj\u0105ca mi\u0119\u015bnie<a href=\"https:\/\/en.wikipedia.org\/wiki\/GBL\">r.<\/a><br \/>\nJako narkotyk rekreacyjny.<br \/>\nZmywacz do farb z gamma butyrolaktonem<\/p>\n<div class=\"elementor-element elementor-element-9d8da53 elementor-widget elementor-widget-heading\" data-id=\"9d8da53\" data-element_type=\"widget\" data-widget_type=\"heading.default\">\n<div class=\"elementor-widget-container\">\n<h3 class=\"elementor-heading-title elementor-size-default\"><strong>Gdzie mo\u017cna kupi\u0107 GBL?<\/strong><\/h3>\n<\/div>\n<\/div>\n<div class=\"elementor-element elementor-element-276da13 elementor-widget elementor-widget-text-editor\" data-id=\"276da13\" data-element_type=\"widget\" data-widget_type=\"text-editor.default\">\n<div class=\"elementor-widget-container\">\n<div class=\"elementor-element elementor-element-f935fcf elementor-widget elementor-widget-text-editor\" data-id=\"f935fcf\" data-element_type=\"widget\" data-widget_type=\"text-editor.default\">\n<div class=\"elementor-widget-container\">\n<p>GBL mo\u017cna kupi\u0107 online na naszej stronie internetowej. Wa\u017cne jest jednak, aby kupowa\u0107 GBL tylko z renomowanego \u017ar\u00f3d\u0142a. W Internecie jest wiele oszustw, wi\u0119c upewnij si\u0119, \u017ce zrobi\u0142e\u015b rozeznanie przed zakupem.<\/p>\n<\/div>\n<\/div>\n<\/div>\n<\/div>\n<div class=\"elementor-element elementor-element-d81d864 elementor-widget elementor-widget-heading\" data-id=\"d81d864\" data-element_type=\"widget\" data-widget_type=\"heading.default\">\n<div class=\"elementor-widget-container\">\n<h3 class=\"elementor-heading-title elementor-size-default\"><strong>Jak bezpiecznie korzysta\u0107 z GBL?<\/strong><\/h3>\n<\/div>\n<\/div>\n<div class=\"elementor-element elementor-element-b3595ad elementor-widget elementor-widget-text-editor\" data-id=\"b3595ad\" data-element_type=\"widget\" data-widget_type=\"text-editor.default\">\n<div class=\"elementor-widget-container\">\n<div class=\"elementor-element elementor-element-bfa46e2 elementor-widget elementor-widget-text-editor\" data-id=\"bfa46e2\" data-element_type=\"widget\" data-widget_type=\"text-editor.default\">\n<div class=\"elementor-widget-container\">\n<p>Jak ju\u017c wspomniano, GBL jest silnym depresantem o\u015brodkowego uk\u0142adu nerwowego. Z tego powodu wa\u017cne jest, aby u\u017cywa\u0107 GBL tylko zgodnie z zaleceniami i nigdy nie spo\u017cywa\u0107 wi\u0119cej ni\u017c zalecana ilo\u015b\u0107. Ponadto podczas przyjmowania GBL nale\u017cy zawsze mie\u0107 przy sobie osob\u0119 towarzysz\u0105c\u0105, kt\u00f3ra mo\u017ce monitorowa\u0107 stan pacjenta i w razie potrzeby udzieli\u0107 pomocy. Wreszcie, GBL nale\u017cy przechowywa\u0107 w miejscu niedost\u0119pnym dla dzieci i zwierz\u0105t domowych.<\/p>\n<\/div>\n<\/div>\n<\/div>\n<\/div>\n<div class=\"elementor-element elementor-element-e2013c7 elementor-widget elementor-widget-heading\" data-id=\"e2013c7\" data-element_type=\"widget\" data-widget_type=\"heading.default\">\n<div class=\"elementor-widget-container\">\n<h3 class=\"elementor-heading-title elementor-size-default\"><strong>Wnioski dotycz\u0105ce gamma-butyrolaktonu<\/strong><\/h3>\n<\/div>\n<\/div>\n<div class=\"elementor-element elementor-element-55fe5e1 elementor-widget elementor-widget-text-editor\" data-id=\"55fe5e1\" data-element_type=\"widget\" data-widget_type=\"text-editor.default\">\n<div class=\"elementor-widget-container\">\n<section class=\"elementor-section elementor-top-section elementor-element elementor-element-54e0bcc elementor-section-boxed elementor-section-height-default elementor-section-height-default\" data-id=\"54e0bcc\" data-element_type=\"section\">\n<div class=\"elementor-container elementor-column-gap-default\">\n<div class=\"elementor-column elementor-col-100 elementor-top-column elementor-element elementor-element-308d3b4\" data-id=\"308d3b4\" data-element_type=\"column\">\n<div class=\"elementor-widget-wrap elementor-element-populated\">\n<div class=\"elementor-element elementor-element-79e378f elementor-widget elementor-widget-text-editor\" data-id=\"79e378f\" data-element_type=\"widget\" data-widget_type=\"text-editor.default\">\n<div class=\"elementor-widget-container\">\n<p>GBL mo\u017ce by\u0107 u\u017cytecznym rozpuszczalnikiem przemys\u0142owym i \u015brodkiem czyszcz\u0105cym, gdy jest stosowany zgodnie z zaleceniami. Jest to jednak r\u00f3wnie\u017c silny \u015brodek dzia\u0142aj\u0105cy na o\u015brodkowy uk\u0142ad nerwowy, kt\u00f3ry mo\u017ce powodowa\u0107 powa\u017cne skutki uboczne w przypadku niew\u0142a\u015bciwego u\u017cycia. Z tego powodu wa\u017cne jest, aby kupowa\u0107 GBL tylko z renomowanego \u017ar\u00f3d\u0142a i u\u017cywa\u0107 go zgodnie z zaleceniami. Je\u015bli masz jakiekolwiek pytania dotycz\u0105ce bezpiecznego stosowania GBL, przed za\u017cyciem skonsultuj si\u0119 z lekarzem.<\/p>\n<\/div>\n<\/div>\n<\/div>\n<\/div>\n<\/div>\n<\/section>\n<\/div>\n<\/div>","protected":false},"excerpt":{"rendered":"<p><strong>GBL<\/strong> (gamma-butyrolakton) to wszechstronny zwi\u0105zek organiczny, kt\u00f3ry jest szeroko stosowany w przemy\u015ble chemicznym, czyszczeniu i badaniach. Znany ze swoich silnych w\u0142a\u015bciwo\u015bci rozpuszczalnika, jest <strong>GBL<\/strong> jest niezb\u0119dnym sk\u0142adnikiem w wytwarzaniu produkt\u00f3w chemicznych i wa\u017cnym przedmiotem bada\u0144 w procesach biologicznych i chemicznych.<\/p>\n<p><strong>Jak dzia\u0142a GBL?<\/strong><br \/>\n<strong>GBL<\/strong> jest przekszta\u0142cany w organizmie w kwas gamma-hydroksymas\u0142owy (GHB), kt\u00f3ry wp\u0142ywa na o\u015brodkowy uk\u0142ad nerwowy. Ta chemiczna konwersja pozwala rozwin\u0105\u0107 jego unikalne w\u0142a\u015bciwo\u015bci. W przemy\u015ble jest ceniony ze wzgl\u0119du na wysok\u0105 rozpuszczalno\u015b\u0107 i reaktywno\u015b\u0107.<\/p>\n<ul>\n<li><strong>Efekt przemys\u0142owy:<\/strong> Skuteczne rozpuszczanie smar\u00f3w, \u017cywic i polimer\u00f3w.<\/li>\n<li><strong>Dzia\u0142anie biologiczne:<\/strong> Po przekszta\u0142ceniu w GHB dzia\u0142a jako neuroprzeka\u017anik, kt\u00f3ry mo\u017ce wp\u0142ywa\u0107 na sen, relaksacj\u0119 i procesy neuronalne.<\/li>\n<\/ul>\n<p><strong>Czas trwania i skutki:<\/strong><\/p>\n<ul>\n<li><strong>Pocz\u0105tek dzia\u0142ania:<\/strong> W ci\u0105gu 10-20 minut z biologicznym wykorzystaniem.<\/li>\n<li><strong>Czas trwania efektu:<\/strong> 1,5 do 3 godzin, w zale\u017cno\u015bci od dawki i metody aplikacji.<\/li>\n<li><strong>Wykorzystanie przemys\u0142owe:<\/strong> Natychmiastowy efekt podczas czyszczenia lub rozpuszczania substancji.<\/li>\n<\/ul>\n<p><strong>Formu\u0142a i w\u0142a\u015bciwo\u015bci<\/strong><\/p>\n<ul>\n<li><strong>Nazwa chemiczna:<\/strong> Gamma-butyrolakton<\/li>\n<li><strong>Wz\u00f3r cz\u0105steczkowy:<\/strong> C4H6O2<\/li>\n<li><strong>Masa cz\u0105steczkowa:<\/strong> 86,09 g\/mol<\/li>\n<\/ul>","protected":false},"featured_media":1643,"comment_status":"open","ping_status":"closed","template":"","meta":{"_joinchat":[]},"product_brand":[],"product_cat":[33,34,36,246],"product_tag":[250,270,249,258,248,269,276,256,260,271,262,265,266,275,261,255,274,273,251,264,268,254,272,257,252,277,253,263,279,259,267,278],"class_list":{"0":"post-473","1":"product","2":"type-product","3":"status-publish","4":"has-post-thumbnail","6":"product_cat-gbl-gamma-butyrolactone-25l","7":"product_cat-ghb","8":"product_cat-ko-drops","9":"product_cat-sex-meth","10":"product_tag-butyrolacton-kaufen","11":"product_tag-butyrolacton-lieferant","12":"product_tag-gamma-butyrolacton","13":"product_tag-gamma-butyrolacton-bestellen","14":"product_tag-gbl","15":"product_tag-gbl-anwendungen","16":"product_tag-gbl-chemie","17":"product_tag-gbl-fluessigkeit","18":"product_tag-gbl-fuer-industrielle-anwendungen","19":"product_tag-gbl-fuer-reinigung","20":"product_tag-gbl-grosshandel","21":"product_tag-gbl-handhabung","22":"product_tag-gbl-hersteller","23":"product_tag-gbl-im-labor","24":"product_tag-gbl-in-der-forschung","25":"product_tag-gbl-in-deutschland-kaufen","26":"product_tag-gbl-in-grossen-mengen","27":"product_tag-gbl-in-kleinen-mengen","28":"product_tag-gbl-kaufen","29":"product_tag-gbl-lagerung","30":"product_tag-gbl-legal","31":"product_tag-gbl-lieferant","32":"product_tag-gbl-loesung-kaufen","33":"product_tag-gbl-loesungsmittel","34":"product_tag-gbl-online-bestellen","35":"product_tag-gbl-online-anbieter","36":"product_tag-gbl-preis","37":"product_tag-gbl-sicherheitsrichtlinien","38":"product_tag-gbl-versand-weltweit","39":"product_tag-gbl-verwendung","40":"product_tag-gbl-zum-verkauf","41":"product_tag-wo-kann-man-gbl-kaufen","43":"first","44":"instock","45":"shipping-taxable","46":"purchasable","47":"product-type-variable"},"yoast_head":"<!-- This site is optimized with the Yoast SEO plugin v25.4 - https:\/\/yoast.com\/wordpress\/plugins\/seo\/ -->\n<title>GBL online kaufen - GBL zu verkaufen<\/title>\n<meta name=\"description\" content=\"Wo kaufen Sie GBL online zum besten Preis? Finden Sie hochwertiges GBL in unserem sicheren Online-Shop \u2013 genau das Richtige f\u00fcr Ihre Recherche. Jetzt bestellen!\" \/>\n<meta name=\"robots\" content=\"index, follow, max-snippet:-1, max-image-preview:large, max-video-preview:-1\" \/>\n<link rel=\"canonical\" href=\"https:\/\/gblexpress.com\/pl\/produkt-2\/gbl-kup-online-butyrolakton-kup\/\" \/>\n<meta property=\"og:locale\" content=\"pl_PL\" \/>\n<meta property=\"og:type\" content=\"article\" \/>\n<meta property=\"og:title\" content=\"GBL online kaufen - GBL zu verkaufen\" \/>\n<meta property=\"og:description\" content=\"Wo kaufen Sie GBL online zum besten Preis? Finden Sie hochwertiges GBL in unserem sicheren Online-Shop \u2013 genau das Richtige f\u00fcr Ihre Recherche. Jetzt bestellen!\" \/>\n<meta property=\"og:url\" content=\"https:\/\/gblexpress.com\/pl\/produkt-2\/gbl-kup-online-butyrolakton-kup\/\" \/>\n<meta property=\"og:site_name\" content=\"GBL Express\" \/>\n<meta property=\"article:modified_time\" content=\"2026-02-25T05:20:28+00:00\" \/>\n<meta property=\"og:image\" content=\"https:\/\/gblexpress.com\/wp-content\/uploads\/2023\/05\/gbl-1.jpg\" \/>\n\t<meta property=\"og:image:width\" content=\"600\" \/>\n\t<meta property=\"og:image:height\" content=\"600\" \/>\n\t<meta property=\"og:image:type\" content=\"image\/jpeg\" \/>\n<meta name=\"twitter:card\" content=\"summary_large_image\" \/>\n<meta name=\"twitter:label1\" content=\"Szacowany czas czytania\" \/>\n\t<meta name=\"twitter:data1\" content=\"2 minuty\" \/>\n<!-- \/ Yoast SEO plugin. -->","yoast_head_json":{"title":"Kup GBL online - GBL na sprzeda\u017c","description":"Gdzie kupi\u0107 GBL online w najlepszej cenie? Znajd\u017a wysokiej jako\u015bci GBL w naszym bezpiecznym sklepie internetowym \u2013 dok\u0142adnie to, czego potrzebujesz do swoich bada\u0144. Zam\u00f3w teraz!","robots":{"index":"index","follow":"follow","max-snippet":"max-snippet:-1","max-image-preview":"max-image-preview:large","max-video-preview":"max-video-preview:-1"},"canonical":"https:\/\/gblexpress.com\/pl\/produkt-2\/gbl-kup-online-butyrolakton-kup\/","og_locale":"pl_PL","og_type":"article","og_title":"GBL online kaufen - GBL zu verkaufen","og_description":"Wo kaufen Sie GBL online zum besten Preis? Finden Sie hochwertiges GBL in unserem sicheren Online-Shop \u2013 genau das Richtige f\u00fcr Ihre Recherche. Jetzt bestellen!","og_url":"https:\/\/gblexpress.com\/pl\/produkt-2\/gbl-kup-online-butyrolakton-kup\/","og_site_name":"GBL Express","article_modified_time":"2026-02-25T05:20:28+00:00","og_image":[{"width":600,"height":600,"url":"https:\/\/gblexpress.com\/wp-content\/uploads\/2023\/05\/gbl-1.jpg","type":"image\/jpeg"}],"twitter_card":"summary_large_image","twitter_misc":{"Szacowany czas czytania":"2 minuty"},"schema":{"@context":"https:\/\/schema.org","@graph":[{"@type":"WebPage","@id":"https:\/\/gblexpress.com\/product\/gbl-online-kaufen-%ce%b3-butyrolacton-kaufen\/","url":"https:\/\/gblexpress.com\/product\/gbl-online-kaufen-%ce%b3-butyrolacton-kaufen\/","name":"Kup GBL online - GBL na sprzeda\u017c","isPartOf":{"@id":"https:\/\/gblexpress.com\/#website"},"primaryImageOfPage":{"@id":"https:\/\/gblexpress.com\/product\/gbl-online-kaufen-%ce%b3-butyrolacton-kaufen\/#primaryimage"},"image":{"@id":"https:\/\/gblexpress.com\/product\/gbl-online-kaufen-%ce%b3-butyrolacton-kaufen\/#primaryimage"},"thumbnailUrl":"https:\/\/gblexpress.com\/wp-content\/uploads\/2023\/05\/gbl-1.jpg","datePublished":"2023-05-17T10:31:35+00:00","dateModified":"2026-02-25T05:20:28+00:00","description":"Gdzie kupi\u0107 GBL online w najlepszej cenie? Znajd\u017a wysokiej jako\u015bci GBL w naszym bezpiecznym sklepie internetowym \u2013 dok\u0142adnie to, czego potrzebujesz do swoich bada\u0144. Zam\u00f3w teraz!","breadcrumb":{"@id":"https:\/\/gblexpress.com\/product\/gbl-online-kaufen-%ce%b3-butyrolacton-kaufen\/#breadcrumb"},"inLanguage":"pl-PL","potentialAction":[{"@type":"ReadAction","target":["https:\/\/gblexpress.com\/product\/gbl-online-kaufen-%ce%b3-butyrolacton-kaufen\/"]}]},{"@type":"ImageObject","inLanguage":"pl-PL","@id":"https:\/\/gblexpress.com\/product\/gbl-online-kaufen-%ce%b3-butyrolacton-kaufen\/#primaryimage","url":"https:\/\/gblexpress.com\/wp-content\/uploads\/2023\/05\/gbl-1.jpg","contentUrl":"https:\/\/gblexpress.com\/wp-content\/uploads\/2023\/05\/gbl-1.jpg","width":600,"height":600,"caption":"gbl online kaufen"},{"@type":"BreadcrumbList","@id":"https:\/\/gblexpress.com\/product\/gbl-online-kaufen-%ce%b3-butyrolacton-kaufen\/#breadcrumb","itemListElement":[{"@type":"ListItem","position":1,"name":"Home","item":"https:\/\/gblexpress.com\/"},{"@type":"ListItem","position":2,"name":"Shop","item":"https:\/\/gblexpress.com\/shop\/"},{"@type":"ListItem","position":3,"name":"GBL Online Kaufen"}]},{"@type":"WebSite","@id":"https:\/\/gblexpress.com\/#website","url":"https:\/\/gblexpress.com\/","name":"GBL Express","description":"","publisher":{"@id":"https:\/\/gblexpress.com\/#organization"},"potentialAction":[{"@type":"SearchAction","target":{"@type":"EntryPoint","urlTemplate":"https:\/\/gblexpress.com\/?s={search_term_string}"},"query-input":{"@type":"PropertyValueSpecification","valueRequired":true,"valueName":"search_term_string"}}],"inLanguage":"pl-PL"},{"@type":"Organization","@id":"https:\/\/gblexpress.com\/#organization","name":"GBL Express","url":"https:\/\/gblexpress.com\/","logo":{"@type":"ImageObject","inLanguage":"pl-PL","@id":"https:\/\/gblexpress.com\/#\/schema\/logo\/image\/","url":"https:\/\/gblexpress.com\/wp-content\/uploads\/2023\/01\/logo.png","contentUrl":"https:\/\/gblexpress.com\/wp-content\/uploads\/2023\/01\/logo.png","width":250,"height":52,"caption":"GBL Express"},"image":{"@id":"https:\/\/gblexpress.com\/#\/schema\/logo\/image\/"}}]}},"jetpack-related-posts":[],"jetpack_sharing_enabled":true,"_links":{"self":[{"href":"https:\/\/gblexpress.com\/pl\/wp-json\/wp\/v2\/product\/473","targetHints":{"allow":["GET"]}}],"collection":[{"href":"https:\/\/gblexpress.com\/pl\/wp-json\/wp\/v2\/product"}],"about":[{"href":"https:\/\/gblexpress.com\/pl\/wp-json\/wp\/v2\/types\/product"}],"replies":[{"embeddable":true,"href":"https:\/\/gblexpress.com\/pl\/wp-json\/wp\/v2\/comments?post=473"}],"wp:featuredmedia":[{"embeddable":true,"href":"https:\/\/gblexpress.com\/pl\/wp-json\/wp\/v2\/media\/1643"}],"wp:attachment":[{"href":"https:\/\/gblexpress.com\/pl\/wp-json\/wp\/v2\/media?parent=473"}],"wp:term":[{"taxonomy":"product_brand","embeddable":true,"href":"https:\/\/gblexpress.com\/pl\/wp-json\/wp\/v2\/product_brand?post=473"},{"taxonomy":"product_cat","embeddable":true,"href":"https:\/\/gblexpress.com\/pl\/wp-json\/wp\/v2\/product_cat?post=473"},{"taxonomy":"product_tag","embeddable":true,"href":"https:\/\/gblexpress.com\/pl\/wp-json\/wp\/v2\/product_tag?post=473"}],"curies":[{"name":"wp","href":"https:\/\/api.w.org\/{rel}","templated":true}]}}