{"id":474,"date":"2023-05-17T10:39:29","date_gmt":"2023-05-17T10:39:29","guid":{"rendered":"https:\/\/gblexpress.com\/?post_type=product&#038;p=474"},"modified":"2026-02-25T05:19:56","modified_gmt":"2026-02-25T05:19:56","slug":"kup-gamma-hydroksymaslan","status":"publish","type":"product","link":"https:\/\/gblexpress.com\/pl\/produkt-2\/kup-gamma-hydroksymaslan\/","title":{"rendered":"Kup GBL online"},"content":{"rendered":"<h2><strong>Gamma-Hydroxybutyrat kaufen | Gamma-Hydroxybutyrat-Pulver und -Fl\u00fcssigkeit zu verkaufen | Gamma-Hydroxybutyrat zu verkaufen<\/strong><\/h2>\n<p>Thor Pharmaceuticals bietet verschiedene pharmazeutische Produkte, darunter <strong><a href=\"https:\/\/gblexpress.com\/pl\/produkt-2\/kup-gamma-hydroksymaslan\/\">GHB w proszku<\/a><\/strong> und -Fl\u00fcssigkeit, zum Verkauf an. Sie k\u00f6nnen GHB hier bei Thor Pharmaceuticals online zu g\u00fcnstigen Preisen kaufen. Verpackung und Versand erfolgen absolut diskret.<\/p>\n<p>G\u00e4ngige Bezeichnungen: Liquid X, Liquid Ecstasy, Georgia Home Boy, GHB, Gamma-oh, Grievous bodily harm, Mils, G, Liquid G, Fantasy, <strong><a href=\"https:\/\/en.wikipedia.org\/wiki\/%CE%93-Hydroxybutyric_acid\">Kup GHB online<\/a><\/strong><\/p>\n<p>Suchen Sie nach einer vertrauensw\u00fcrdigen, zuverl\u00e4ssigen und diskreten Bezugsquelle f\u00fcr GHB? Dann sind Sie bei Thor Pharmaceuticals genau richtig. Wir bieten GHB-Pulver und -Fl\u00fcssigkeit zu sehr g\u00fcnstigen Preisen an.<\/p>\n<h3><strong>CZYM JEST GAMMA-HYDROKSYMA\u015aLAN (C4H8O3)?<\/strong><\/h3>\n<p>GHB, oder Gamma-Hydroxybutyrat (C4H8O3), ist ein zentralnerv\u00f6ses D\u00e4mpfungsmittel. Es wird h\u00e4ufig als \u201ePartydroge\u201c oder \u201eDate-Rape-Droge\u201c bezeichnet. Jugendliche und junge Erwachsene missbrauchen GHB in Bars, auf Partys, in Clubs und auf Raves (durchtanzten N\u00e4chten). Diese Gruppe kauft GHB oft online und mischt es in alkoholische Getr\u00e4nke. Zu den m\u00f6glichen Nebenwirkungen geh\u00f6ren Schwitzen, Bewusstlosigkeit (von 69 Prozent der Konsumenten berichtet), \u00dcbelkeit, Halluzinationen, Amnesie und Koma. Kaufen Sie GHB online bei Thor Pharmaceuticals.<\/p>\n<p>Xylem (Natriumoxid), ein Markenmedikament, wurde 2002 von der US-amerikanischen Arzneimittelbeh\u00f6rde FDA zur Behandlung von Narkolepsie zugelassen, einer Schlafst\u00f6rung, die \u00fcberm\u00e4\u00dfige Schl\u00e4frigkeit und wiederkehrende Tagesschl\u00e4frigkeit verursacht. Es handelt sich um das Natriumsalz von Gamma-Hydroxybutyrat. GHB ist online erh\u00e4ltlich. Wir bieten GHB-Pulver und -Fl\u00fcssigkeit in unserem Produktkatalog an.<\/p>\n<p>GHB ist ein nat\u00fcrlich vorkommendes Stoffwechselprodukt des hemmenden Neurotransmitters Gamma-Aminobutters\u00e4ure (GABA), der im Gehirn vorkommt. Die Konzentration des nat\u00fcrlich vorkommenden GHB-Stoffwechselprodukts im Gehirn ist deutlich geringer als die in Drogenmissbrauchsmitteln. Durch Fermentation k\u00f6nnen zudem geringe, aber unbedeutende Mengen an nat\u00fcrlichem GHB in einigen Bieren und Weinen entstehen.<\/p>\n<h3><strong>Co to jest GHB?<\/strong><\/h3>\n<p>GHB ist eine synthetische Droge, die urspr\u00fcnglich als An\u00e4sthetikum verwendet wurde. Aufgrund ihrer Verbindung mit sexuellen \u00dcbergriffen ist sie auch als \u201eDate-Rape-Droge\u201c bekannt. GHB ruft in der Regel Gef\u00fchle der Euphorie und Entspannung hervor, was sie f\u00fcr manche Menschen sehr attraktiv machen kann. Wie jede psychoaktive Substanz birgt sie jedoch erhebliche Risiken.<\/p>\n<h3><strong>Die Gefahren des GHB-Kaufs<\/strong><\/h3>\n<p>Der Kauf von GHB ist mit einem hohen Risiko verbunden, da es illegal und nicht reguliert ist. Die meisten auf dem Schwarzmarkt erh\u00e4ltlichen Chemikalien sind ungetestet, daher wei\u00df man nicht genau, was man kauft. Zudem ist die Dosierung \u00e4u\u00dferst schwierig, da es nahezu unm\u00f6glich ist, die richtige Dosis zu bestimmen. Dadurch besteht die Gefahr einer \u00dcberdosierung, die sehr gef\u00e4hrlich und sogar t\u00f6dlich sein kann.<\/p>\n<div class=\"elementor-element elementor-element-5ac7237 elementor-widget elementor-widget-text-editor\" data-id=\"5ac7237\" data-element_type=\"widget\" data-widget_type=\"text-editor.default\">\n<div class=\"elementor-widget-container\">\n<p>Zus\u00e4tzlich wird GHB h\u00e4ufig mit anderen Substanzen gemischt, was das Risiko einer \u00dcberdosierung erh\u00f6ht. Manche Menschen mischen GHB auch mit Alkohol, was zu noch schwerwiegenderen Nebenwirkungen f\u00fchren kann. Schlie\u00dflich kann der Konsum von GHB zu k\u00f6rperlicher und psychischer Abh\u00e4ngigkeit f\u00fchren, die verheerende Folgen f\u00fcr den Konsumenten haben kann.<\/p>\n<h3><strong>Wie kommt man an GHB?<\/strong><\/h3>\n<p>Viele Menschen kaufen GHB online, obwohl dies in der Regel nicht empfehlenswert ist. Viele der Webseiten, die dieses Produkt anbieten, sind betr\u00fcgerisch, und es ist sehr schwierig festzustellen, ob die angebotene Substanz echt ist. Au\u00dferdem gibt es eine Vielzahl von Webseiten, die solche Produkte verkaufen, sodass es schwierig sein kann, die vertrauensw\u00fcrdigsten zu finden.<\/p>\n<p>Dar\u00fcber hinaus ist der Verkauf und Kauf von GHB in den meisten L\u00e4ndern verboten, und der Erwerb und Besitz von GHB kann schwere strafrechtliche Konsequenzen haben. Wenn Sie sich also f\u00fcr den Kauf von GHB entscheiden, sollten Sie vorsichtig sein und sicherstellen, dass Sie ein echtes und sicheres Produkt erwerben.<\/p>\n<\/div>\n<\/div>","protected":false},"excerpt":{"rendered":"<p><span style=\"vertical-align: inherit;\"><span style=\"vertical-align: inherit;\">Dawkowanie: <\/span><\/span><br \/>\n<span style=\"vertical-align: inherit;\"><span style=\"vertical-align: inherit;\">Pocz\u0105tkuj\u0105cy: Najpierw 3,5 ml, a nast\u0119pnie 3 ml co 2 godziny. <\/span><\/span><br \/>\n<span style=\"vertical-align: inherit;\"><span style=\"vertical-align: inherit;\">Zaawansowane: 4,5 ml, nast\u0119pnie 4 ml co 2 godziny<\/span><\/span><\/p>\n<p><span style=\"vertical-align: inherit;\"><span style=\"vertical-align: inherit;\">Zdj\u0119cie nie jest takie, jakie zosta\u0142o wys\u0142ane. Nie pokazujemy prawdziwej butelki, poniewa\u017c nie jest dobra pod wzgl\u0119dem LE<\/span><\/span><\/p>\n<p><span style=\"vertical-align: inherit;\"><span style=\"vertical-align: inherit;\">Nasz zesp\u00f3\u0142 produkuje GHB od ponad 6 lat. Je\u015bli istnieje spos\u00f3b na udoskonalenie tej substancji, nasi pracownicy laboratorium wypr\u00f3bowali j\u0105 i przetestowali! Nasz GHB ma najwy\u017csz\u0105 mo\u017cliw\u0105 moc bez krzepni\u0119cia. Jest tak mocny, jak to tylko mo\u017cliwe, a mimo to pozostaje p\u0142ynny. Po prostu najwy\u017cszej jako\u015bci, s\u0142ona, mydlana dobro\u0107!<\/span><\/span><\/p>\n<p><span style=\"vertical-align: inherit;\"><span style=\"vertical-align: inherit;\">Je\u015bli jeste\u015b do\u015bwiadczonym u\u017cytkownikiem GHB, znasz to uczucie. Nie b\u0119dziesz zawiedziony tym produktem. Je\u015bli chcesz spr\u00f3bowa\u0107 czego\u015b nowego, poni\u017csze informacje mog\u0105 by\u0107 pomocne:<\/span><\/span><\/p>\n<p><span style=\"vertical-align: inherit;\"><span style=\"vertical-align: inherit;\">GHB jest r\u00f3wnie\u017c znane jako Fantasy, Fanta, Grievous Bodily Harm, GHB, G, G-riffic, Cherry Meth, Goop, Great Hormones at Bedtime, Liquid E, Liquid Ecstasy, Liquid X, Scoop, Soap i Vita-G. Efekty GHB s\u0105 opisane przez Psychonautwiki w nast\u0119puj\u0105cy spos\u00f3b:<\/span><\/span><\/p>\n<p><span style=\"vertical-align: inherit;\"><span style=\"vertical-align: inherit;\">\u201eEuforia poznawcza \u2013 GHB wywo\u0142uje intensywne stany euforii por\u00f3wnywalne do tych, kt\u00f3re wywo\u0142uj\u0105 kokaina, MDMA i opiaty. Z tego powodu jest czasami okre\u015blany jako \u201ep\u0142ynna ekstaza\u201d. Powszechnie jest opisywany jako bardziej euforyczna i rozhamowana wersja alkoholu\u201d.<\/span><\/span><\/p>\n<p><span style=\"vertical-align: inherit;\"><span style=\"vertical-align: inherit;\">M\u00f3wi si\u0119 r\u00f3wnie\u017c, \u017ce GHB zwi\u0119ksza libido i przyjemno\u015b\u0107 s\u0142uchania muzyki \u2013<\/span><\/span><\/p>\n<p><span style=\"vertical-align: inherit;\"><span style=\"vertical-align: inherit;\">\u201eEmpatia, uczucie i zwi\u0119kszona towarzysko\u015b\u0107 \u2013 GHB ma silne dzia\u0142anie entaktogenne, kt\u00f3re, cho\u0107 s\u0142absze ni\u017c w przypadku MDMA, jest nadal wyra\u017ane i dobrze zdefiniowane\u201d (Psychonautwiki).<\/span><\/span><\/p>\n<p><span style=\"vertical-align: inherit;\"><span style=\"vertical-align: inherit;\">Innym atrakcyjnym aspektem GHB jest \u0142agodny powr\u00f3t do punktu wyj\u015bcia. Nie ma nieprzyjemnego zej\u015bcia. Nie zostaniesz wyrzucony.<\/span><\/span><\/p>\n<p><span style=\"vertical-align: inherit;\"><span style=\"vertical-align: inherit;\">Ka\u017cdy toleruje GHB inaczej, dlatego dawkowanie nale\u017cy stosowa\u0107 ostro\u017cnie. Do\u015bwiadczeni u\u017cytkownicy naszego produktu podaj\u0105, \u017ce optymalna dawka wynosi 3,5\u20134,5 ml. Umiarkowana dawka wynosi 2\u20133 ml. Benzodiazepiny, alkohol, \u015brodki uspokajaj\u0105ce i niekt\u00f3re inne substancje mog\u0105 w nieprzewidywalny spos\u00f3b nasila\u0107 dzia\u0142anie GHB, co mo\u017ce prowadzi\u0107 do katastrofalnych skutk\u00f3w i nie jest zalecane.<\/span><\/span><\/p>\n<p><span style=\"vertical-align: inherit;\"><span style=\"vertical-align: inherit;\">Chocia\u017c mamy du\u017ce do\u015bwiadczenie w sprzeda\u017cy naszych produkt\u00f3w na platformie GBL EXPRESS, jeste\u015bmy tutaj na Empire nowi, wi\u0119c Twoja pozytywna opinia jest dla nas bardzo cenna.<\/span><\/span><\/p>","protected":false},"featured_media":1638,"comment_status":"open","ping_status":"closed","template":"","meta":{"_joinchat":[]},"product_brand":[],"product_cat":[34],"product_tag":[72,78,73,79,80,92,82,74,87,93,75,88,81,76,83,85,84,86,77,91,94,97,90,89,95,96],"class_list":{"0":"post-474","1":"product","2":"type-product","3":"status-publish","4":"has-post-thumbnail","6":"product_cat-ghb","7":"product_tag-bester-ghb-pulver-onlineshop","8":"product_tag-ghb","9":"product_tag-ghb-online-kaufen","10":"product_tag-ghb-online-zum-verkauf","11":"product_tag-ghb-pulver","12":"product_tag-ghb-pulver-bestellen","13":"product_tag-ghb-pulver-dubai","14":"product_tag-ghb-pulver-eu-kaufen","15":"product_tag-ghb-pulver-online","16":"product_tag-ghb-pulver-online-bestellen","17":"product_tag-ghb-pulver-online-kaufen","18":"product_tag-ghb-pulver-online-shoppen","19":"product_tag-ghb-pulver-und-fluessigkeit","20":"product_tag-ghb-pulver-usa-kaufen","21":"product_tag-ghb-pulver-zum-verkauf","22":"product_tag-ghb-pulver-zum-verkauf-in-den-usa","23":"product_tag-ghb-pulver-zum-verkauf-in-grossbritannien","24":"product_tag-ghb-pulver-zum-verkauf-online","25":"product_tag-guenstiges-ghb-pulver-online-kaufen","26":"product_tag-legitimer-ghb-pulverlieferant","27":"product_tag-us-anbieter-von-ghb-pulver-online","28":"product_tag-weltweiter-lieferant-von-ghb-pulver-online","29":"product_tag-wie-bestelle-ich-ghb-pulver","30":"product_tag-wie-kann-ich-ghb-pulver-online-kaufen","31":"product_tag-wo-ghb-pulver-online-zu-kaufen-ist","32":"product_tag-wo-man-ghb-pulver-im-grosshandel-kaufen-kann","34":"first","35":"instock","36":"shipping-taxable","37":"purchasable","38":"product-type-variable"},"yoast_head":"<!-- This site is optimized with the Yoast SEO plugin v25.4 - https:\/\/yoast.com\/wordpress\/plugins\/seo\/ -->\n<title>GAMMA HYDROXYBUTYRAT KAUFEN<\/title>\n<meta name=\"description\" content=\"Verpassen Sie nicht die Gelegenheit, GHB online in unserem Shop zu kaufen. Wir bieten ausschlie\u00dflich Feilen und GHB zu g\u00fcnstigen Preisen an. Wir helfen Ihnen gerne weiter. Bestellen Sie jetzt!\" \/>\n<meta name=\"robots\" content=\"index, follow, max-snippet:-1, max-image-preview:large, max-video-preview:-1\" \/>\n<link rel=\"canonical\" href=\"https:\/\/gblexpress.com\/pl\/produkt-2\/kup-gamma-hydroksymaslan\/\" \/>\n<meta property=\"og:locale\" content=\"pl_PL\" \/>\n<meta property=\"og:type\" content=\"article\" \/>\n<meta property=\"og:title\" content=\"GAMMA HYDROXYBUTYRAT KAUFEN\" \/>\n<meta property=\"og:description\" content=\"Verpassen Sie nicht die Gelegenheit, GHB online in unserem Shop zu kaufen. Wir bieten ausschlie\u00dflich Feilen und GHB zu g\u00fcnstigen Preisen an. Wir helfen Ihnen gerne weiter. Bestellen Sie jetzt!\" \/>\n<meta property=\"og:url\" content=\"https:\/\/gblexpress.com\/pl\/produkt-2\/kup-gamma-hydroksymaslan\/\" \/>\n<meta property=\"og:site_name\" content=\"GBL Express\" \/>\n<meta property=\"article:modified_time\" content=\"2026-02-25T05:19:56+00:00\" \/>\n<meta property=\"og:image\" content=\"https:\/\/gblexpress.com\/wp-content\/uploads\/2023\/05\/GHB-1.jpg\" \/>\n\t<meta property=\"og:image:width\" content=\"600\" \/>\n\t<meta property=\"og:image:height\" content=\"600\" \/>\n\t<meta property=\"og:image:type\" content=\"image\/jpeg\" \/>\n<meta name=\"twitter:card\" content=\"summary_large_image\" \/>\n<meta name=\"twitter:label1\" content=\"Szacowany czas czytania\" \/>\n\t<meta name=\"twitter:data1\" content=\"3 minuty\" \/>\n<!-- \/ Yoast SEO plugin. -->","yoast_head_json":{"title":"KUPI\u0106 GAMMA HYDROKSYMA\u015aLAN","description":"Nie przegap okazji i kup GHB online w naszym sklepie. Oferujemy wy\u0142\u0105cznie pliki i GHB w rozs\u0105dnych cenach. Ch\u0119tnie Ci pomo\u017cemy. Zam\u00f3w teraz!","robots":{"index":"index","follow":"follow","max-snippet":"max-snippet:-1","max-image-preview":"max-image-preview:large","max-video-preview":"max-video-preview:-1"},"canonical":"https:\/\/gblexpress.com\/pl\/produkt-2\/kup-gamma-hydroksymaslan\/","og_locale":"pl_PL","og_type":"article","og_title":"GAMMA HYDROXYBUTYRAT KAUFEN","og_description":"Verpassen Sie nicht die Gelegenheit, GHB online in unserem Shop zu kaufen. Wir bieten ausschlie\u00dflich Feilen und GHB zu g\u00fcnstigen Preisen an. Wir helfen Ihnen gerne weiter. Bestellen Sie jetzt!","og_url":"https:\/\/gblexpress.com\/pl\/produkt-2\/kup-gamma-hydroksymaslan\/","og_site_name":"GBL Express","article_modified_time":"2026-02-25T05:19:56+00:00","og_image":[{"width":600,"height":600,"url":"https:\/\/gblexpress.com\/wp-content\/uploads\/2023\/05\/GHB-1.jpg","type":"image\/jpeg"}],"twitter_card":"summary_large_image","twitter_misc":{"Szacowany czas czytania":"3 minuty"},"schema":{"@context":"https:\/\/schema.org","@graph":[{"@type":"WebPage","@id":"https:\/\/gblexpress.com\/product\/gamma-hydroxybutyrat-kaufen\/","url":"https:\/\/gblexpress.com\/product\/gamma-hydroxybutyrat-kaufen\/","name":"KUPI\u0106 GAMMA HYDROKSYMA\u015aLAN","isPartOf":{"@id":"https:\/\/gblexpress.com\/#website"},"primaryImageOfPage":{"@id":"https:\/\/gblexpress.com\/product\/gamma-hydroxybutyrat-kaufen\/#primaryimage"},"image":{"@id":"https:\/\/gblexpress.com\/product\/gamma-hydroxybutyrat-kaufen\/#primaryimage"},"thumbnailUrl":"https:\/\/gblexpress.com\/wp-content\/uploads\/2023\/05\/GHB-1.jpg","datePublished":"2023-05-17T10:39:29+00:00","dateModified":"2026-02-25T05:19:56+00:00","description":"Nie przegap okazji i kup GHB online w naszym sklepie. Oferujemy wy\u0142\u0105cznie pliki i GHB w rozs\u0105dnych cenach. Ch\u0119tnie Ci pomo\u017cemy. Zam\u00f3w teraz!","breadcrumb":{"@id":"https:\/\/gblexpress.com\/product\/gamma-hydroxybutyrat-kaufen\/#breadcrumb"},"inLanguage":"pl-PL","potentialAction":[{"@type":"ReadAction","target":["https:\/\/gblexpress.com\/product\/gamma-hydroxybutyrat-kaufen\/"]}]},{"@type":"ImageObject","inLanguage":"pl-PL","@id":"https:\/\/gblexpress.com\/product\/gamma-hydroxybutyrat-kaufen\/#primaryimage","url":"https:\/\/gblexpress.com\/wp-content\/uploads\/2023\/05\/GHB-1.jpg","contentUrl":"https:\/\/gblexpress.com\/wp-content\/uploads\/2023\/05\/GHB-1.jpg","width":600,"height":600,"caption":"GHB online kaufen"},{"@type":"BreadcrumbList","@id":"https:\/\/gblexpress.com\/product\/gamma-hydroxybutyrat-kaufen\/#breadcrumb","itemListElement":[{"@type":"ListItem","position":1,"name":"Home","item":"https:\/\/gblexpress.com\/"},{"@type":"ListItem","position":2,"name":"Shop","item":"https:\/\/gblexpress.com\/shop\/"},{"@type":"ListItem","position":3,"name":"GHB Online Kaufen"}]},{"@type":"WebSite","@id":"https:\/\/gblexpress.com\/#website","url":"https:\/\/gblexpress.com\/","name":"GBL Express","description":"","publisher":{"@id":"https:\/\/gblexpress.com\/#organization"},"potentialAction":[{"@type":"SearchAction","target":{"@type":"EntryPoint","urlTemplate":"https:\/\/gblexpress.com\/?s={search_term_string}"},"query-input":{"@type":"PropertyValueSpecification","valueRequired":true,"valueName":"search_term_string"}}],"inLanguage":"pl-PL"},{"@type":"Organization","@id":"https:\/\/gblexpress.com\/#organization","name":"GBL Express","url":"https:\/\/gblexpress.com\/","logo":{"@type":"ImageObject","inLanguage":"pl-PL","@id":"https:\/\/gblexpress.com\/#\/schema\/logo\/image\/","url":"https:\/\/gblexpress.com\/wp-content\/uploads\/2023\/01\/logo.png","contentUrl":"https:\/\/gblexpress.com\/wp-content\/uploads\/2023\/01\/logo.png","width":250,"height":52,"caption":"GBL Express"},"image":{"@id":"https:\/\/gblexpress.com\/#\/schema\/logo\/image\/"}}]}},"jetpack-related-posts":[],"jetpack_sharing_enabled":true,"_links":{"self":[{"href":"https:\/\/gblexpress.com\/pl\/wp-json\/wp\/v2\/product\/474","targetHints":{"allow":["GET"]}}],"collection":[{"href":"https:\/\/gblexpress.com\/pl\/wp-json\/wp\/v2\/product"}],"about":[{"href":"https:\/\/gblexpress.com\/pl\/wp-json\/wp\/v2\/types\/product"}],"replies":[{"embeddable":true,"href":"https:\/\/gblexpress.com\/pl\/wp-json\/wp\/v2\/comments?post=474"}],"wp:featuredmedia":[{"embeddable":true,"href":"https:\/\/gblexpress.com\/pl\/wp-json\/wp\/v2\/media\/1638"}],"wp:attachment":[{"href":"https:\/\/gblexpress.com\/pl\/wp-json\/wp\/v2\/media?parent=474"}],"wp:term":[{"taxonomy":"product_brand","embeddable":true,"href":"https:\/\/gblexpress.com\/pl\/wp-json\/wp\/v2\/product_brand?post=474"},{"taxonomy":"product_cat","embeddable":true,"href":"https:\/\/gblexpress.com\/pl\/wp-json\/wp\/v2\/product_cat?post=474"},{"taxonomy":"product_tag","embeddable":true,"href":"https:\/\/gblexpress.com\/pl\/wp-json\/wp\/v2\/product_tag?post=474"}],"curies":[{"name":"wp","href":"https:\/\/api.w.org\/{rel}","templated":true}]}}