{"id":475,"date":"2023-05-17T10:52:46","date_gmt":"2023-05-17T10:52:46","guid":{"rendered":"https:\/\/gblexpress.com\/?post_type=product&#038;p=475"},"modified":"2026-03-06T09:03:05","modified_gmt":"2026-03-06T09:03:05","slug":"kupic-ritalin","status":"publish","type":"product","link":"https:\/\/gblexpress.com\/pl\/produkt-2\/kupic-ritalin\/","title":{"rendered":"Kup Ritalin online"},"content":{"rendered":"<h2>Kup Ritalin online<\/h2>\n<p><a href=\"https:\/\/gblexpress.com\/pl\/\">Metylofenidat<\/a> Lek sprzedawany jest pod nazw\u0105 tabletki Ritalinu i przeznaczony do publicznego u\u017cytku. Lek ten jest bardzo skuteczny w leczeniu objaw\u00f3w ADHD. Lekarze mog\u0105 <a href=\"https:\/\/gblexpress.com\/pl\/produkt-2\/kupic-ritalin\/\">Tabletki Ritalin 20 mg (metylofenidat)<\/a> ale s\u0105 r\u00f3wnie\u017c przepisywane jako leczenie poza wskazaniami w leczeniu depresji i choroby Parkinsona.<\/p>\n<p>Lek metylofenidat jest r\u00f3wnie\u017c znany jako stymulant o\u015brodkowego uk\u0142adu nerwowego, kt\u00f3ry pomaga zwi\u0119kszy\u0107 poziom dopaminy w m\u00f3zgu. Dopamina jest neuroprzeka\u017anikiem, kt\u00f3ry promuje uczucie motywacji i entuzjazmu. Oznacza to, \u017ce wi\u0119ksza ilo\u015b\u0107 dopaminy mo\u017ce pom\u00f3c osobie lepiej si\u0119 skoncentrowa\u0107, lepiej skupi\u0107 si\u0119 na codziennym \u017cyciu i zmniejszy\u0107 inne objawy ADHD.<\/p>\n<h3><strong>Dost\u0119pno\u015b\u0107<\/strong><\/h3>\n<p>Lek metylofenidat jest dostarczany w postaci tabletek doustnych, tabletek i kapsu\u0142ek o przed\u0142u\u017conym uwalnianiu, tabletek do \u017cucia, tabletek do \u017cucia o przed\u0142u\u017conym uwalnianiu oraz tabletek o przed\u0142u\u017conym uwalnianiu ulegaj\u0105cych rozpadowi w jamie ustnej. Opr\u00f3cz Ritalin, jest on r\u00f3wnie\u017c sprzedawany pod innymi nazwami handlowymi, takimi jak: <a href=\"https:\/\/en.wikipedia.org\/wiki\/Methylphenidate\">kupi\u0107 metylofenidat<\/a><\/p>\n<h3><strong>Dlaczego warto kupi\u0107 Ritalin online?<\/strong><\/h3>\n<h3>Istnieje wiele korzy\u015bci p\u0142yn\u0105cych z zakupu Ritalinu online, ale niekt\u00f3re z najwa\u017cniejszych i najcz\u0119stszych s\u0105 nast\u0119puj\u0105ce:<\/h3>\n<p>Leki zatwierdzone przez FDA mo\u017cna kupi\u0107 online bez recepty lekarskiej. Chocia\u017c Ritalin jest legalnym lekiem, nie jest \u0142atwo dost\u0119pny w aptekach. Aby kupi\u0107 ten lek, musisz najpierw uzyska\u0107 zalecenie lekarza, ale ze wzgl\u0119du na napi\u0119ty harmonogram nie b\u0119dziesz w stanie go uzyska\u0107 w takich przypadkach zakup Ritalin online jest najlepsz\u0105 opcj\u0105 dla Ciebie. Zakup online to nie tylko oszcz\u0119dno\u015b\u0107 pieni\u0119dzy, ale tak\u017ce cennego czasu. Kup Ritalin online bez recepty.<\/p>\n<p>Kolejn\u0105 zalet\u0105 zakupu Ritalinu online jest to, \u017ce jest on znacznie ta\u0144szy ni\u017c tabletki Ritalin dost\u0119pne w lokalnych aptekach. Tabletki dost\u0119pne online nie s\u0105 tanie, poniewa\u017c s\u0105 niskiej jako\u015bci, w rzeczywisto\u015bci s\u0105 tanie, poniewa\u017c apteki internetowe nie musz\u0105 p\u0142aci\u0107 dodatkowych op\u0142at, dzi\u0119ki czemu mog\u0105 sprzedawa\u0107 te tabletki po ni\u017cszej cenie.<\/p>\n<h3><strong>Czy mo\u017cna kupi\u0107 Ritalin online bez recepty?<\/strong><\/h3>\n<p>Ja! Bei uns k\u00f6nnen Sie Ritalin online kaufen, ohne ein Rezept zu haben. Sie m\u00fcssen nur Ihre Bestellung auf unserer Website aufgeben und die Zahlungsdetails ausf\u00fcllen. Ihre Ritalin-Pillen werden innerhalb von 24 bis 48 Stunden geliefert. Die Qualit\u00e4t und Wirksamkeit dieser Medikamente sind die gleichen wie die Pillen, die Sie von lokalen Apotheken kaufen.<\/p>\n<p>Ritalin online ohne Rezept kaufen.<\/p>\n<p>Metylina<\/p>\n<p>Koncert<\/p>\n<p>Metadane ER<\/p>\n<p>Pogotowie ratunkowe Quillichew<\/p>\n<p>Quillivant<\/p>\n<p>Aptensio<\/p>\n<p>Cotempla XR-OTD<\/p>\n<p>Adhansia<\/p>\n<p>Wszystkie te leki zosta\u0142y zatwierdzone przez ekspert\u00f3w do u\u017cytku publicznego.<\/p>","protected":false},"excerpt":{"rendered":"<p>Informacje o leku Ritalin (lek generyczny)<\/p>\n<p>Lek ten jest stosowany w leczeniu zespo\u0142u nadpobudliwo\u015bci psychoruchowej z deficytem uwagi (ADHD). Jego dzia\u0142anie polega na zmianie ilo\u015bci pewnych naturalnych substancji w m\u00f3zgu. Metylofenidat nale\u017cy do klasy lek\u00f3w zwanych stymulantami. Metylofenidat mo\u017ce pom\u00f3c zwi\u0119kszy\u0107 uwag\u0119, skupi\u0107 si\u0119 na wykonywanej czynno\u015bci i kontrolowa\u0107 problemy behawioralne. Mo\u017ce r\u00f3wnie\u017c pom\u00f3c w organizacji zada\u0144 i poprawie umiej\u0119tno\u015bci s\u0142uchania.<\/p>\n<ol>\n<li><strong>Jak dzia\u0142a Ritalin?<\/strong><br \/>\nRitalin dzia\u0142a poprzez hamowanie wychwytu zwrotnego dopaminy i noradrenaliny w m\u00f3zgu. Zwi\u0119ksza to dost\u0119pno\u015b\u0107 tych neuroprzeka\u017anik\u00f3w w szczelinie synaptycznej, a tym samym poprawia uwag\u0119, kontrol\u0119 impuls\u00f3w i czujno\u015b\u0107.<\/p>\n<ul>\n<li><strong>Efekty:<\/strong> Poprawiona koncentracja, zwi\u0119kszona czujno\u015b\u0107 i zmniejszona nadpobudliwo\u015b\u0107.<\/li>\n<li><strong>Pocz\u0105tek dzia\u0142ania:<\/strong> 20-60 minut po spo\u017cyciu.<\/li>\n<li><strong>Czas trwania efektu:<\/strong> 3-6 godzin w przypadku standardowych tabletek, do 12 godzin w przypadku kapsu\u0142ek o przed\u0142u\u017conym uwalnianiu.<\/li>\n<\/ul>\n<p><strong>Formu\u0142a i w\u0142a\u015bciwo\u015bci<\/strong><\/p>\n<ul>\n<li><strong>Nazwa chemiczna:<\/strong> Octan metylofenylo(piperydyn-2-ylu)<\/li>\n<li><strong>Wz\u00f3r cz\u0105steczkowy:<\/strong> C14H19NO2<\/li>\n<li><strong>Masa cz\u0105steczkowa:<\/strong> 233,31 g\/mol<\/li>\n<\/ul>\n<\/li>\n<\/ol>","protected":false},"featured_media":1639,"comment_status":"open","ping_status":"closed","template":"","meta":{"_joinchat":[]},"product_brand":[],"product_cat":[33,34,36,35,246],"product_tag":[98,134,108,99,118,106,105,104,107,110,329,114,115,100,101,113,112,111,117,116,119,120,310,311,121,317,318,312,124,328,313,314,325,315,322,327,306,319,316,308,321,103,129,307,102,130,320,326,309,122,323,324,125,126,127,123,128,131,133,132,109,135,330],"class_list":{"0":"post-475","1":"product","2":"type-product","3":"status-publish","4":"has-post-thumbnail","6":"product_cat-gbl-gamma-butyrolactone-25l","7":"product_cat-ghb","8":"product_cat-ko-drops","9":"product_cat-ritalin","10":"product_cat-sex-meth","11":"product_tag-adhd-methylphenidat","12":"product_tag-einnahme-von-ritalin","13":"product_tag-goodrx-methylphenidat","14":"product_tag-guenstiges-ritalin-online-kaufen","15":"product_tag-kein-rx-ritalin","16":"product_tag-koennen-sie-bekommen-rezeptfreie-adhs-medikamente","17":"product_tag-koennen-sie-ritalin-ohne-rezept-kaufen","18":"product_tag-koennen-sie-ritalin-rezeptfrei-in-grossbritannien-kaufen","19":"product_tag-koennen-sie-sich-ritalin-online-verschreiben-lassen","20":"product_tag-methylphenidat","21":"product_tag-methylphenidat-kaufen","22":"product_tag-methylphenidat-mg","23":"product_tag-methylphenidat-online","24":"product_tag-methylphenidat-online-kaufen","25":"product_tag-methylphenidat-online-ohne-rezept-kaufen","26":"product_tag-methylphenidat-zum-online-verkauf","27":"product_tag-methylphenidat-zum-verkauf","28":"product_tag-methylphenidat-kosten","29":"product_tag-methylphenidat-preis","30":"product_tag-methylphenidat-rezept","31":"product_tag-ritalin","32":"product_tag-ritalin-10-mg","33":"product_tag-ritalin-10mg","34":"product_tag-ritalin-20mg","35":"product_tag-ritalin-adh","36":"product_tag-ritalin-anwendung","37":"product_tag-ritalin-dosierung","38":"product_tag-ritalin-fuer-adhs","39":"product_tag-ritalin-fuer-erwachsene","40":"product_tag-ritalin-fuer-forschung","41":"product_tag-ritalin-fuer-kinder","42":"product_tag-ritalin-fuer-konzentration","43":"product_tag-ritalin-fuer-labore","44":"product_tag-ritalin-fuer-studienzwecke","45":"product_tag-ritalin-grosshandel","46":"product_tag-ritalin-in-deutschland-kaufen","47":"product_tag-ritalin-kaufen","48":"product_tag-ritalin-lagerung","49":"product_tag-ritalin-legal-kaufen","50":"product_tag-ritalin-lieferant","51":"product_tag-ritalin-nebenwirkungen","52":"product_tag-ritalin-ohne-rezept-kaufen","53":"product_tag-ritalin-online","54":"product_tag-ritalin-online-bestellen","55":"product_tag-ritalin-online-mit-nachtlieferung-kaufen","56":"product_tag-ritalin-online-ohne-rezept","57":"product_tag-ritalin-risiken","58":"product_tag-ritalin-sicherheit","59":"product_tag-ritalin-tabletten","60":"product_tag-ritalin-und-adh","61":"product_tag-ritalin-vertrieb","62":"product_tag-ritalin-weltweit-bestellen","63":"product_tag-ritalin-zum-verkauf","64":"product_tag-ritalin-zum-verkauf-in-den-usa","65":"product_tag-ritalin-zum-verkauf-online","66":"product_tag-ritalin-kosten","67":"product_tag-ritalin-medikamente","68":"product_tag-ritalin-pille","69":"product_tag-ritalin-preis","70":"product_tag-ritalin-rezept","71":"product_tag-so-bestellen-sie-ritalin-online","72":"product_tag-welche-rezeptfreien-medikamente-helfen-bei-adhs","73":"product_tag-wo-ritalin-kaufen","75":"first","76":"instock","77":"shipping-taxable","78":"purchasable","79":"product-type-variable","80":"has-default-attributes"},"yoast_head":"<!-- This site is optimized with the Yoast SEO plugin v25.4 - https:\/\/yoast.com\/wordpress\/plugins\/seo\/ -->\n<title>Ritalin online kaufen \u2013 Ritalin zu verkaufen | Gblexpress<\/title>\n<meta name=\"description\" content=\"M\u00f6chten Sie Ihre Forschung vorantreiben? Kaufen Sie Ritalin bequem und sicher online \u2013 mit einem unkomplizierten Bestellvorgang. Entdecken Sie die M\u00f6glichkeiten und kaufen Sie Ritalin noch heute online f\u00fcr Ihre Forschungsvorhaben.\" \/>\n<meta name=\"robots\" content=\"index, follow, max-snippet:-1, max-image-preview:large, max-video-preview:-1\" \/>\n<link rel=\"canonical\" href=\"https:\/\/gblexpress.com\/pl\/produkt-2\/kupic-ritalin\/\" \/>\n<meta property=\"og:locale\" content=\"pl_PL\" \/>\n<meta property=\"og:type\" content=\"article\" \/>\n<meta property=\"og:title\" content=\"Ritalin online kaufen \u2013 Ritalin zu verkaufen | Gblexpress\" \/>\n<meta property=\"og:description\" content=\"M\u00f6chten Sie Ihre Forschung vorantreiben? Kaufen Sie Ritalin bequem und sicher online \u2013 mit einem unkomplizierten Bestellvorgang. Entdecken Sie die M\u00f6glichkeiten und kaufen Sie Ritalin noch heute online f\u00fcr Ihre Forschungsvorhaben.\" \/>\n<meta property=\"og:url\" content=\"https:\/\/gblexpress.com\/pl\/produkt-2\/kupic-ritalin\/\" \/>\n<meta property=\"og:site_name\" content=\"GBL Express\" \/>\n<meta property=\"article:modified_time\" content=\"2026-03-06T09:03:05+00:00\" \/>\n<meta property=\"og:image\" content=\"https:\/\/gblexpress.com\/wp-content\/uploads\/2023\/05\/Ritalin-1.jpg\" \/>\n\t<meta property=\"og:image:width\" content=\"600\" \/>\n\t<meta property=\"og:image:height\" content=\"600\" \/>\n\t<meta property=\"og:image:type\" content=\"image\/jpeg\" \/>\n<meta name=\"twitter:card\" content=\"summary_large_image\" \/>\n<meta name=\"twitter:label1\" content=\"Szacowany czas czytania\" \/>\n\t<meta name=\"twitter:data1\" content=\"2 minuty\" \/>\n<!-- \/ Yoast SEO plugin. -->","yoast_head_json":{"title":"Kup Ritalin online \u2013 Ritalin na sprzeda\u017c | Gblexpress","description":"Chcesz poszerzy\u0107 swoje badania? Kupuj Ritalin wygodnie i bezpiecznie online \u2013 dzi\u0119ki przejrzystemu procesowi zamawiania. Odkryj mo\u017cliwo\u015bci i kup Ritalin online ju\u017c dzi\u015b na potrzeby swoich projekt\u00f3w badawczych.","robots":{"index":"index","follow":"follow","max-snippet":"max-snippet:-1","max-image-preview":"max-image-preview:large","max-video-preview":"max-video-preview:-1"},"canonical":"https:\/\/gblexpress.com\/pl\/produkt-2\/kupic-ritalin\/","og_locale":"pl_PL","og_type":"article","og_title":"Ritalin online kaufen \u2013 Ritalin zu verkaufen | Gblexpress","og_description":"M\u00f6chten Sie Ihre Forschung vorantreiben? Kaufen Sie Ritalin bequem und sicher online \u2013 mit einem unkomplizierten Bestellvorgang. Entdecken Sie die M\u00f6glichkeiten und kaufen Sie Ritalin noch heute online f\u00fcr Ihre Forschungsvorhaben.","og_url":"https:\/\/gblexpress.com\/pl\/produkt-2\/kupic-ritalin\/","og_site_name":"GBL Express","article_modified_time":"2026-03-06T09:03:05+00:00","og_image":[{"width":600,"height":600,"url":"https:\/\/gblexpress.com\/wp-content\/uploads\/2023\/05\/Ritalin-1.jpg","type":"image\/jpeg"}],"twitter_card":"summary_large_image","twitter_misc":{"Szacowany czas czytania":"2 minuty"},"schema":{"@context":"https:\/\/schema.org","@graph":[{"@type":"WebPage","@id":"https:\/\/gblexpress.com\/product\/ritalin-kaufen\/","url":"https:\/\/gblexpress.com\/product\/ritalin-kaufen\/","name":"Kup Ritalin online \u2013 Ritalin na sprzeda\u017c | Gblexpress","isPartOf":{"@id":"https:\/\/gblexpress.com\/#website"},"primaryImageOfPage":{"@id":"https:\/\/gblexpress.com\/product\/ritalin-kaufen\/#primaryimage"},"image":{"@id":"https:\/\/gblexpress.com\/product\/ritalin-kaufen\/#primaryimage"},"thumbnailUrl":"https:\/\/gblexpress.com\/wp-content\/uploads\/2023\/05\/Ritalin-1.jpg","datePublished":"2023-05-17T10:52:46+00:00","dateModified":"2026-03-06T09:03:05+00:00","description":"Chcesz poszerzy\u0107 swoje badania? Kupuj Ritalin wygodnie i bezpiecznie online \u2013 dzi\u0119ki przejrzystemu procesowi zamawiania. Odkryj mo\u017cliwo\u015bci i kup Ritalin online ju\u017c dzi\u015b na potrzeby swoich projekt\u00f3w badawczych.","breadcrumb":{"@id":"https:\/\/gblexpress.com\/product\/ritalin-kaufen\/#breadcrumb"},"inLanguage":"pl-PL","potentialAction":[{"@type":"ReadAction","target":["https:\/\/gblexpress.com\/product\/ritalin-kaufen\/"]}]},{"@type":"ImageObject","inLanguage":"pl-PL","@id":"https:\/\/gblexpress.com\/product\/ritalin-kaufen\/#primaryimage","url":"https:\/\/gblexpress.com\/wp-content\/uploads\/2023\/05\/Ritalin-1.jpg","contentUrl":"https:\/\/gblexpress.com\/wp-content\/uploads\/2023\/05\/Ritalin-1.jpg","width":600,"height":600,"caption":"Ritalin online kaufen"},{"@type":"BreadcrumbList","@id":"https:\/\/gblexpress.com\/product\/ritalin-kaufen\/#breadcrumb","itemListElement":[{"@type":"ListItem","position":1,"name":"Home","item":"https:\/\/gblexpress.com\/"},{"@type":"ListItem","position":2,"name":"Shop","item":"https:\/\/gblexpress.com\/shop\/"},{"@type":"ListItem","position":3,"name":"Ritalin Online Kaufen"}]},{"@type":"WebSite","@id":"https:\/\/gblexpress.com\/#website","url":"https:\/\/gblexpress.com\/","name":"GBL Express","description":"","publisher":{"@id":"https:\/\/gblexpress.com\/#organization"},"potentialAction":[{"@type":"SearchAction","target":{"@type":"EntryPoint","urlTemplate":"https:\/\/gblexpress.com\/?s={search_term_string}"},"query-input":{"@type":"PropertyValueSpecification","valueRequired":true,"valueName":"search_term_string"}}],"inLanguage":"pl-PL"},{"@type":"Organization","@id":"https:\/\/gblexpress.com\/#organization","name":"GBL Express","url":"https:\/\/gblexpress.com\/","logo":{"@type":"ImageObject","inLanguage":"pl-PL","@id":"https:\/\/gblexpress.com\/#\/schema\/logo\/image\/","url":"https:\/\/gblexpress.com\/wp-content\/uploads\/2023\/01\/logo.png","contentUrl":"https:\/\/gblexpress.com\/wp-content\/uploads\/2023\/01\/logo.png","width":250,"height":52,"caption":"GBL Express"},"image":{"@id":"https:\/\/gblexpress.com\/#\/schema\/logo\/image\/"}}]}},"jetpack-related-posts":[],"jetpack_sharing_enabled":true,"_links":{"self":[{"href":"https:\/\/gblexpress.com\/pl\/wp-json\/wp\/v2\/product\/475","targetHints":{"allow":["GET"]}}],"collection":[{"href":"https:\/\/gblexpress.com\/pl\/wp-json\/wp\/v2\/product"}],"about":[{"href":"https:\/\/gblexpress.com\/pl\/wp-json\/wp\/v2\/types\/product"}],"replies":[{"embeddable":true,"href":"https:\/\/gblexpress.com\/pl\/wp-json\/wp\/v2\/comments?post=475"}],"wp:featuredmedia":[{"embeddable":true,"href":"https:\/\/gblexpress.com\/pl\/wp-json\/wp\/v2\/media\/1639"}],"wp:attachment":[{"href":"https:\/\/gblexpress.com\/pl\/wp-json\/wp\/v2\/media?parent=475"}],"wp:term":[{"taxonomy":"product_brand","embeddable":true,"href":"https:\/\/gblexpress.com\/pl\/wp-json\/wp\/v2\/product_brand?post=475"},{"taxonomy":"product_cat","embeddable":true,"href":"https:\/\/gblexpress.com\/pl\/wp-json\/wp\/v2\/product_cat?post=475"},{"taxonomy":"product_tag","embeddable":true,"href":"https:\/\/gblexpress.com\/pl\/wp-json\/wp\/v2\/product_tag?post=475"}],"curies":[{"name":"wp","href":"https:\/\/api.w.org\/{rel}","templated":true}]}}