{"id":559,"date":"2023-05-24T06:32:08","date_gmt":"2023-05-24T06:32:08","guid":{"rendered":"https:\/\/gblexpress.com\/?post_type=product&#038;p=559"},"modified":"2026-02-28T09:33:34","modified_gmt":"2026-02-28T09:33:34","slug":"tilidin-ratiopharm-plus-50-4-mg-tilidin-naloxon","status":"publish","type":"product","link":"https:\/\/gblexpress.com\/pl\/produkt-2\/tilidin-ratiopharm-plus-50-4-mg-tilidin-naloxon\/","title":{"rendered":"Tilidine-ratiopharm plus 50\/4 mg tilidyny\/naloksonu"},"content":{"rendered":"<div class=\"woocommerce-tabs wc-tabs-wrapper\">\n<div id=\"tab-description\" class=\"woocommerce-Tabs-panel woocommerce-Tabs-panel--description panel entry-content wc-tab\" role=\"tabpanel\" aria-labelledby=\"tab-title-description\">\n<h2><strong>Kup Tilidin-ratiopharm plus 50\/4 mg: Wszystko o dzia\u0142aniu, zastosowaniu i bezpiecznym zakupie online<\/strong><\/h2>\n<p><a href=\"https:\/\/en.wikipedia.org\/wiki\/Tilidine\">Kup krople Tilidine online<\/a>, Die von uns zur Verf\u00fcgung gestellten Einheiten des Produkts mit der Bezeichnung Tilidin Tropfen sind ausnahmslos neuwertige Artikel in Apothekenqualit\u00e4t. Sollten Sie aus Versehen eine Lieferung erhalten, die dieser Spezifikation nicht entspricht, erhalten Sie Ihr Geld zur\u00fcck oder eine neue Lieferung. Nach Ablauf der Haltbarkeit ist das Medikament lt. Herstellerangaben zu entsorgen (siehe Packungsbeilage Tilidin Tropfen online kaufen)<a href=\"https:\/\/gblexprimer.com\/product\/kokaina\/\">.<\/a><\/p>\n<h3><strong>Co to jest lek Tilidin-ratiopharm plus 50\/4 mg?<\/strong><\/h3>\n<p>Tilidyna jest silnym lekiem przeciwb\u00f3lowym z grupy opioid\u00f3w, stosowanym w leczeniu przewlek\u0142ego lub ostrego b\u00f3lu. W po\u0142\u0105czeniu z naloksonem, kt\u00f3ry blokuje dzia\u0142anie tyldyny w przypadku niew\u0142a\u015bciwego u\u017cycia (np. wstrzykni\u0119cia), zapewnia ona <a href=\"https:\/\/gblexpress.com\/pl\/produkt-2\/tilidin-ratiopharm-plus-50-4-mg-tilidin-naloxon\/\"><strong>Tilidine-ratiopharm plus 50\/4 mg<\/strong><\/a> Bezpieczne i skuteczne rozwi\u0105zanie do leczenia b\u00f3lu<a href=\"https:\/\/gblexpress.com\/pl\/sklep\/amfetamina\/\">.<\/a><\/p>\n<h3><strong>Dzia\u0142anie leku Tilidin-ratiopharm plus 50\/4 mg<\/strong><\/h3>\n<p>The <strong>Dzia\u0142anie leku Tilidin-ratiopharm plus<\/strong> dzia\u0142a szybko i utrzymuje si\u0119 przez kilka godzin. Skutecznie \u0142agodzi b\u00f3l bez zak\u0142\u00f3cania codziennego \u017cycia. Zalety po\u0142\u0105czenia:<\/p>\n<ul>\n<li><strong>U\u015bmierzanie b\u00f3lu:<\/strong> Zmniejszenie silnego b\u00f3lu.<\/li>\n<li><strong>Ochrona przed nadu\u017cyciami:<\/strong> Nalokson minimalizuje ryzyko uzale\u017cnienia.<\/li>\n<li><strong>Lepsza jako\u015b\u0107 \u017cycia:<\/strong> Idealny dla pacjent\u00f3w z przewlek\u0142ym b\u00f3lem.<\/li>\n<\/ul>\n<h3><strong>Dawkowanie i zastosowanie<\/strong><\/h3>\n<p>Prawo <strong>Dawkowanie leku Tilidin-ratiopharm plus 50\/4 mg<\/strong> zale\u017cy od nasilenia b\u00f3lu i indywidualnych potrzeb pacjenta. Typowe wytyczne s\u0105 nast\u0119puj\u0105ce<\/p>\n<ul>\n<li><strong>Doro\u015bli:<\/strong> 1 tabletka 2 do 4 razy dziennie.<\/li>\n<li><strong>Maksymalna dawka:<\/strong> Nie nale\u017cy przyjmowa\u0107 wi\u0119cej ni\u017c 8 tabletek dziennie.<\/li>\n<\/ul>\n<p><strong>Uwaga:<\/strong> Lek nale\u017cy przyjmowa\u0107 w ca\u0142o\u015bci, popijaj\u0105c du\u017c\u0105 ilo\u015bci\u0105 p\u0142ynu i zgodnie z zaleceniami lekarza.<\/p>\n<h3><strong>Zagro\u017cenia i skutki uboczne<\/strong><\/h3>\n<p>Jak ka\u017cdy lek, tynidyna mo\u017ce powodowa\u0107 dzia\u0142ania niepo\u017c\u0105dane. Cz\u0119ste dzia\u0142ania niepo\u017c\u0105dane to<\/p>\n<ul>\n<li><strong>Nudno\u015bci i wymioty<\/strong><\/li>\n<li><strong>Zm\u0119czenie lub zawroty g\u0142owy<\/strong><\/li>\n<li><strong>Zaparcia<\/strong><\/li>\n<\/ul>\n<p>W przypadku d\u0142ugotrwa\u0142ego stosowania, spo\u017cycie powinno by\u0107 regularnie monitorowane przez lekarza w celu unikni\u0119cia uzale\u017cnienia.<\/p>\n<h3><strong>Kup Tilidin-ratiopharm plus 50\/4 mg bezpiecznie online<\/strong><\/h3>\n<p>Na <strong>Kup Tilidine online<\/strong> nale\u017cy zwr\u00f3ci\u0107 uwag\u0119 na jako\u015b\u0107 i dyskrecj\u0119. Nasza platforma oferuje:<\/p>\n<ul>\n<li><strong>Sprawdzona jako\u015b\u0107:<\/strong> Oryginalne produkty bezpo\u015brednio od producenta.<\/li>\n<li><strong>Dyskretna dostawa:<\/strong> Zapakowane anonimowo i bezpiecznie.<\/li>\n<li><strong>Proste zamawianie:<\/strong> Kup Tilidin-ratiopharm plus 50\/4 mg wygodnie online.<\/li>\n<\/ul>\n<h3><strong>Kup teraz Tilidin-ratiopharm plus 50\/4 mg<\/strong><\/h3>\n<p>Skuteczne u\u015bmierzanie b\u00f3lu dzi\u0119ki <strong>Tilidin-<\/strong><strong>ratiopharm <\/strong><strong>plus 50\/4 mg<\/strong>. Niezale\u017cnie od tego, czy chodzi o przewlek\u0142e dolegliwo\u015bci, czy ostry b\u00f3l - u nas mo\u017cesz bezpiecznie i dyskretnie zam\u00f3wi\u0107 lek online. Korzystaj ze sprawdzonej jako\u015bci i niezawodnej dostawy. <strong>Zam\u00f3w ju\u017c dzi\u015b i ciesz si\u0119 lepsz\u0105 jako\u015bci\u0105 \u017cycia.<\/strong><\/p>\n<\/div>\n<\/div>","protected":false},"excerpt":{"rendered":"<p><strong>Tilidine-ratiopharm Plus 50\/4 mg<\/strong> to nowoczesny \u015brodek przeciwb\u00f3lowy, kt\u00f3ry zosta\u0142 opracowany specjalnie do leczenia silnego i bardzo silnego b\u00f3lu. Po\u0142\u0105czenie <strong>Tilidyna<\/strong> oraz <strong>Nalokson<\/strong> Zapewnia skuteczn\u0105 ulg\u0119 w b\u00f3lu przy jednoczesnej ochronie przed nadu\u017cyciami.<\/p>\n<p><strong>Jak dzia\u0142a lek Tilidin-ratiopharm Plus?<\/strong><br \/>\nTilidine-ratiopharm Plus \u0142\u0105czy w sobie dwa aktywne sk\u0142adniki, kt\u00f3re razem zapewniaj\u0105 bezpieczn\u0105 i skuteczn\u0105 terapi\u0119 przeciwb\u00f3low\u0105:<\/p>\n<ul>\n<li><strong>Tilidine:<\/strong> Jako opioidowy \u015brodek przeciwb\u00f3lowy, tydyna wi\u0105\u017ce si\u0119 z receptorami opioidowymi w o\u015brodkowym uk\u0142adzie nerwowym, blokuje percepcj\u0119 b\u00f3lu i skutecznie \u0142agodzi b\u00f3l.<\/li>\n<li><strong>Nalokson:<\/strong> Antagonista opioid\u00f3w, kt\u00f3ry pozostaje nieaktywny przy regularnym przyjmowaniu. W przypadku niew\u0142a\u015bciwego u\u017cycia (np. przez wstrzykni\u0119cie) nalokson blokuje dzia\u0142anie tyldyny, a tym samym zapobiega efektom euforycznym.<\/li>\n<\/ul>\n<p>Tabletki o przed\u0142u\u017conym uwalnianiu zapewniaj\u0105 r\u00f3wnomierne uwalnianie substancji czynnej i zapewniaj\u0105 d\u0142ugotrwa\u0142\u0105 ulg\u0119 w b\u00f3lu przez kilka godzin.<\/p>\n<ul>\n<li><strong>Pocz\u0105tek dzia\u0142ania:<\/strong> 30-60 minut po spo\u017cyciu.<\/li>\n<li><strong>Czas trwania efektu:<\/strong> 8-12 godzin dzi\u0119ki przed\u0142u\u017conemu uwalnianiu.<\/li>\n<\/ul>\n<p><strong>Formu\u0142a i w\u0142a\u015bciwo\u015bci produktu<\/strong><\/p>\n<ul>\n<li><strong>Chlorowodorek tydyny:<\/strong> 50 mg w tabletce - substancja czynna o dzia\u0142aniu przeciwb\u00f3lowym.<\/li>\n<li><strong>Chlorowodorek naloksonu:<\/strong> 4 mg na tabletk\u0119 - ochrona przed nadu\u017cywaniem.<\/li>\n<li><strong>Substancje pomocnicze:<\/strong> Zawiera monohydrat laktozy i celuloz\u0119, aby zapewni\u0107 op\u00f3\u017anienie.<\/li>\n<\/ul>","protected":false},"featured_media":1635,"comment_status":"open","ping_status":"closed","template":"","meta":{"_joinchat":[]},"product_brand":[],"product_cat":[36],"product_tag":[53,54,728,717,716,733,721,722,713,730,708,723,732,731,725,715,712,724,720,714,48,49,50,51,52,55,718,707,709,727,726,719,706,711,710,734,729],"class_list":{"0":"post-559","1":"product","2":"type-product","3":"status-publish","4":"has-post-thumbnail","6":"product_cat-ko-drops","7":"product_tag-bestellen-tilidin-tropfen-online","8":"product_tag-kaufen-tilidin-tropfen-rezeptfre","9":"product_tag-tilidin-50-mg-kaufen","10":"product_tag-tilidin-anwendung","11":"product_tag-tilidin-dosierung","12":"product_tag-tilidin-fuer-forschung","13":"product_tag-tilidin-fuer-mittelstarke-schmerzen","14":"product_tag-tilidin-fuer-starke-schmerzen","15":"product_tag-tilidin-gegen-schmerzen","16":"product_tag-tilidin-in-deutschland-kaufen","17":"product_tag-tilidin-kaufen","18":"product_tag-tilidin-lagerung","19":"product_tag-tilidin-legal-kaufen","20":"product_tag-tilidin-mit-naloxon","21":"product_tag-tilidin-nebenwirkungen","22":"product_tag-tilidin-retardtabletten","23":"product_tag-tilidin-rezeptpflichtig","24":"product_tag-tilidin-risiken","25":"product_tag-tilidin-sicher-kaufen","26":"product_tag-tilidin-tabletten-50-4-mg","27":"product_tag-tilidin-tropfen","28":"product_tag-tilidin-tropfen-bestellen","29":"product_tag-tilidin-tropfen-kaufen","30":"product_tag-tilidin-tropfen-ohne-rezept","31":"product_tag-tilidin-tropfen-online","32":"product_tag-tilidin-tropfen-shop","33":"product_tag-tilidin-wirkung","34":"product_tag-tilidin-naloxon","35":"product_tag-tilidin-ratiopharm-bestellen","36":"product_tag-tilidin-ratiopharm-fuer-apotheken","37":"product_tag-tilidin-ratiopharm-grosshandel","38":"product_tag-tilidin-ratiopharm-packung","39":"product_tag-tilidin-ratiopharm-plus-50-4-mg","40":"product_tag-tilidin-ratiopharm-plus-online-kaufen","41":"product_tag-tilidin-ratiopharm-preis","42":"product_tag-tilidin-ratiopharm-weltweit-bestellen","43":"product_tag-wo-tilidin-kaufen","45":"first","46":"instock","47":"shipping-taxable","48":"purchasable","49":"product-type-variable","50":"has-default-attributes"},"yoast_head":"<!-- This site is optimized with the Yoast SEO plugin v25.4 - https:\/\/yoast.com\/wordpress\/plugins\/seo\/ -->\n<title>Tilidin-ratiopharm plus 50\/4 mg Tilidin\/Naloxon online kaufen<\/title>\n<meta name=\"description\" content=\"Wo kaufen Sie Tilidin-ratiopharm plus 50\/4 mg Tilidin\/Naloxon online zum besten Preis? Finden Sie hochwertiges Tilidin-ratiopharm plus 50\/4 mg Tilidin\/Naloxon in unserem sicheren Online-Shop \u2013 genau das Richtige f\u00fcr Ihre Forschungsbed\u00fcrfnisse. Jetzt bestellen!\" \/>\n<meta name=\"robots\" content=\"index, follow, max-snippet:-1, max-image-preview:large, max-video-preview:-1\" \/>\n<link rel=\"canonical\" href=\"https:\/\/gblexpress.com\/pl\/produkt-2\/tilidin-ratiopharm-plus-50-4-mg-tilidin-naloxon\/\" \/>\n<meta property=\"og:locale\" content=\"pl_PL\" \/>\n<meta property=\"og:type\" content=\"article\" \/>\n<meta property=\"og:title\" content=\"Tilidin-ratiopharm plus 50\/4 mg Tilidin\/Naloxon online kaufen\" \/>\n<meta property=\"og:description\" content=\"Wo kaufen Sie Tilidin-ratiopharm plus 50\/4 mg Tilidin\/Naloxon online zum besten Preis? Finden Sie hochwertiges Tilidin-ratiopharm plus 50\/4 mg Tilidin\/Naloxon in unserem sicheren Online-Shop \u2013 genau das Richtige f\u00fcr Ihre Forschungsbed\u00fcrfnisse. Jetzt bestellen!\" \/>\n<meta property=\"og:url\" content=\"https:\/\/gblexpress.com\/pl\/produkt-2\/tilidin-ratiopharm-plus-50-4-mg-tilidin-naloxon\/\" \/>\n<meta property=\"og:site_name\" content=\"GBL Express\" \/>\n<meta property=\"article:modified_time\" content=\"2026-02-28T09:33:34+00:00\" \/>\n<meta property=\"og:image\" content=\"https:\/\/gblexpress.com\/wp-content\/uploads\/2023\/05\/Tramadol-Ratiopharm-1.jpg\" \/>\n\t<meta property=\"og:image:width\" content=\"600\" \/>\n\t<meta property=\"og:image:height\" content=\"600\" \/>\n\t<meta property=\"og:image:type\" content=\"image\/jpeg\" \/>\n<meta name=\"twitter:card\" content=\"summary_large_image\" \/>\n<meta name=\"twitter:label1\" content=\"Szacowany czas czytania\" \/>\n\t<meta name=\"twitter:data1\" content=\"2 minuty\" \/>\n<!-- \/ Yoast SEO plugin. -->","yoast_head_json":{"title":"Kup Tilidin-ratiopharm plus 50\/4 mg Tilidine\/Naloxone online","description":"Gdzie mo\u017cna kupi\u0107 Tilidin-ratiopharm plus 50\/4 mg Tilidine\/Naloxone online w najlepszej cenie? Znajd\u017a wysokiej jako\u015bci Tilidin-ratiopharm plus 50\/4 mg Tylidyna\/Nalokson w naszym bezpiecznym sklepie internetowym \u2013 w sam raz dla Twoich potrzeb badawczych. Zam\u00f3w teraz!","robots":{"index":"index","follow":"follow","max-snippet":"max-snippet:-1","max-image-preview":"max-image-preview:large","max-video-preview":"max-video-preview:-1"},"canonical":"https:\/\/gblexpress.com\/pl\/produkt-2\/tilidin-ratiopharm-plus-50-4-mg-tilidin-naloxon\/","og_locale":"pl_PL","og_type":"article","og_title":"Tilidin-ratiopharm plus 50\/4 mg Tilidin\/Naloxon online kaufen","og_description":"Wo kaufen Sie Tilidin-ratiopharm plus 50\/4 mg Tilidin\/Naloxon online zum besten Preis? Finden Sie hochwertiges Tilidin-ratiopharm plus 50\/4 mg Tilidin\/Naloxon in unserem sicheren Online-Shop \u2013 genau das Richtige f\u00fcr Ihre Forschungsbed\u00fcrfnisse. Jetzt bestellen!","og_url":"https:\/\/gblexpress.com\/pl\/produkt-2\/tilidin-ratiopharm-plus-50-4-mg-tilidin-naloxon\/","og_site_name":"GBL Express","article_modified_time":"2026-02-28T09:33:34+00:00","og_image":[{"width":600,"height":600,"url":"https:\/\/gblexpress.com\/wp-content\/uploads\/2023\/05\/Tramadol-Ratiopharm-1.jpg","type":"image\/jpeg"}],"twitter_card":"summary_large_image","twitter_misc":{"Szacowany czas czytania":"2 minuty"},"schema":{"@context":"https:\/\/schema.org","@graph":[{"@type":"WebPage","@id":"https:\/\/gblexpress.com\/product\/tilidin-ratiopharm-plus-50-4-mg-tilidin-naloxon\/","url":"https:\/\/gblexpress.com\/product\/tilidin-ratiopharm-plus-50-4-mg-tilidin-naloxon\/","name":"Kup Tilidin-ratiopharm plus 50\/4 mg Tilidine\/Naloxone online","isPartOf":{"@id":"https:\/\/gblexpress.com\/#website"},"primaryImageOfPage":{"@id":"https:\/\/gblexpress.com\/product\/tilidin-ratiopharm-plus-50-4-mg-tilidin-naloxon\/#primaryimage"},"image":{"@id":"https:\/\/gblexpress.com\/product\/tilidin-ratiopharm-plus-50-4-mg-tilidin-naloxon\/#primaryimage"},"thumbnailUrl":"https:\/\/gblexpress.com\/wp-content\/uploads\/2023\/05\/Tramadol-Ratiopharm-1.jpg","datePublished":"2023-05-24T06:32:08+00:00","dateModified":"2026-02-28T09:33:34+00:00","description":"Gdzie mo\u017cna kupi\u0107 Tilidin-ratiopharm plus 50\/4 mg Tilidine\/Naloxone online w najlepszej cenie? Znajd\u017a wysokiej jako\u015bci Tilidin-ratiopharm plus 50\/4 mg Tylidyna\/Nalokson w naszym bezpiecznym sklepie internetowym \u2013 w sam raz dla Twoich potrzeb badawczych. Zam\u00f3w teraz!","breadcrumb":{"@id":"https:\/\/gblexpress.com\/product\/tilidin-ratiopharm-plus-50-4-mg-tilidin-naloxon\/#breadcrumb"},"inLanguage":"pl-PL","potentialAction":[{"@type":"ReadAction","target":["https:\/\/gblexpress.com\/product\/tilidin-ratiopharm-plus-50-4-mg-tilidin-naloxon\/"]}]},{"@type":"ImageObject","inLanguage":"pl-PL","@id":"https:\/\/gblexpress.com\/product\/tilidin-ratiopharm-plus-50-4-mg-tilidin-naloxon\/#primaryimage","url":"https:\/\/gblexpress.com\/wp-content\/uploads\/2023\/05\/Tramadol-Ratiopharm-1.jpg","contentUrl":"https:\/\/gblexpress.com\/wp-content\/uploads\/2023\/05\/Tramadol-Ratiopharm-1.jpg","width":600,"height":600,"caption":"Tramadol-Ratiopharm online kaufen"},{"@type":"BreadcrumbList","@id":"https:\/\/gblexpress.com\/product\/tilidin-ratiopharm-plus-50-4-mg-tilidin-naloxon\/#breadcrumb","itemListElement":[{"@type":"ListItem","position":1,"name":"Home","item":"https:\/\/gblexpress.com\/"},{"@type":"ListItem","position":2,"name":"Shop","item":"https:\/\/gblexpress.com\/shop\/"},{"@type":"ListItem","position":3,"name":"Tilidin-ratiopharm plus 50\/4 mg Tilidin\/Naloxon"}]},{"@type":"WebSite","@id":"https:\/\/gblexpress.com\/#website","url":"https:\/\/gblexpress.com\/","name":"GBL Express","description":"","publisher":{"@id":"https:\/\/gblexpress.com\/#organization"},"potentialAction":[{"@type":"SearchAction","target":{"@type":"EntryPoint","urlTemplate":"https:\/\/gblexpress.com\/?s={search_term_string}"},"query-input":{"@type":"PropertyValueSpecification","valueRequired":true,"valueName":"search_term_string"}}],"inLanguage":"pl-PL"},{"@type":"Organization","@id":"https:\/\/gblexpress.com\/#organization","name":"GBL Express","url":"https:\/\/gblexpress.com\/","logo":{"@type":"ImageObject","inLanguage":"pl-PL","@id":"https:\/\/gblexpress.com\/#\/schema\/logo\/image\/","url":"https:\/\/gblexpress.com\/wp-content\/uploads\/2023\/01\/logo.png","contentUrl":"https:\/\/gblexpress.com\/wp-content\/uploads\/2023\/01\/logo.png","width":250,"height":52,"caption":"GBL Express"},"image":{"@id":"https:\/\/gblexpress.com\/#\/schema\/logo\/image\/"}}]}},"jetpack-related-posts":[],"jetpack_sharing_enabled":true,"_links":{"self":[{"href":"https:\/\/gblexpress.com\/pl\/wp-json\/wp\/v2\/product\/559","targetHints":{"allow":["GET"]}}],"collection":[{"href":"https:\/\/gblexpress.com\/pl\/wp-json\/wp\/v2\/product"}],"about":[{"href":"https:\/\/gblexpress.com\/pl\/wp-json\/wp\/v2\/types\/product"}],"replies":[{"embeddable":true,"href":"https:\/\/gblexpress.com\/pl\/wp-json\/wp\/v2\/comments?post=559"}],"wp:featuredmedia":[{"embeddable":true,"href":"https:\/\/gblexpress.com\/pl\/wp-json\/wp\/v2\/media\/1635"}],"wp:attachment":[{"href":"https:\/\/gblexpress.com\/pl\/wp-json\/wp\/v2\/media?parent=559"}],"wp:term":[{"taxonomy":"product_brand","embeddable":true,"href":"https:\/\/gblexpress.com\/pl\/wp-json\/wp\/v2\/product_brand?post=559"},{"taxonomy":"product_cat","embeddable":true,"href":"https:\/\/gblexpress.com\/pl\/wp-json\/wp\/v2\/product_cat?post=559"},{"taxonomy":"product_tag","embeddable":true,"href":"https:\/\/gblexpress.com\/pl\/wp-json\/wp\/v2\/product_tag?post=559"}],"curies":[{"name":"wp","href":"https:\/\/api.w.org\/{rel}","templated":true}]}}