{"id":565,"date":"2023-05-24T07:11:22","date_gmt":"2023-05-24T07:11:22","guid":{"rendered":"https:\/\/gblexpress.com\/?post_type=product&#038;p=565"},"modified":"2026-03-02T11:07:45","modified_gmt":"2026-03-02T11:07:45","slug":"xyrem-180-ml-500-mg-%ce%b3-kwas-hydroksymaslowy-ghb-2","status":"publish","type":"product","link":"https:\/\/gblexpress.com\/pl\/produkt-2\/xyrem-180-ml-500-mg-%ce%b3-kwas-hydroksymaslowy-ghb-2\/","title":{"rendered":"Xyrem 180 ml 500 mg kwasu \u03b3-hydroksymas\u0142owego (GHB)"},"content":{"rendered":"<h2><strong>Informacje o okresie trwa\u0142o\u015bci:<\/strong><\/h2>\n<p><a href=\"https:\/\/gblexpress.com\/pl\/produkt-2\/xyrem-180-ml-500-mg-%ce%b3-kwas-hydroksymaslowy-ghb-2\/\">xyrem online kaufen<\/a>Kup xyrem, Jednostki produktu o nazwie Xyrem, kt\u00f3re dostarczamy, s\u0105 produktami klasy farmaceutycznej, tak dobrymi jak nowe, bez wyj\u0105tku. Je\u015bli przypadkowo otrzymasz dostaw\u0119, kt\u00f3ra nie spe\u0142nia tej specyfikacji, otrzymasz zwrot pieni\u0119dzy lub now\u0105 dostaw\u0119. Po up\u0142ywie terminu wa\u017cno\u015bci lek nale\u017cy zutylizowa\u0107 zgodnie z instrukcjami producenta (patrz ulotka do\u0142\u0105czona do opakowania).<\/p>\n<h3><strong>Szczeg\u00f3\u0142y dost\u0119pno\u015bci:<\/strong><\/h3>\n<p>Produkt o nazwie Xyrem jest natychmiast dost\u0119pny.<\/p>\n<h3><strong>Ograniczenia dotycz\u0105ce dostarczalno\u015bci w poszczeg\u00f3lnych krajach:<\/strong><\/h3>\n<p>Dla produktu z oznaczeniem <a href=\"https:\/\/en.wikipedia.org\/wiki\/%CE%93-Hydroxybutyric_acid\">Xyrem<\/a> W chwili obecnej nie obowi\u0105zuj\u0105 \u017cadne ograniczenia dotycz\u0105ce dostaw w poszczeg\u00f3lnych krajach.<\/p>\n<h3><strong>Przechowywanie:<\/strong><\/h3>\n<p>Produkt Xyrem nale\u017cy przechowywa\u0107 w oryginalnym opakowaniu, w miejscu niedost\u0119pnym dla dzieci. Dodatkowe informacje na temat prawid\u0142owego przechowywania i usuwania produktu znajduj\u0105 si\u0119 w ulotce do\u0142\u0105czonej do opakowania.<br \/>\ni utylizacji nale\u017cy zapozna\u0107 si\u0119 z ulotk\u0105 do\u0142\u0105czon\u0105 do opakowania.<\/p>","protected":false},"excerpt":{"rendered":"<p>Angaben zur Haltbarkeit: xyrem online kaufen, Die von uns zur Verf\u00fcgung gestellten Einheiten des Produkts mit der Bezeichnung Xyrem sind ausnahmslos neuwertige Artikel in Apothekenqualit\u00e4t. Sollten Sie aus Versehen eine Lieferung erhalten, die dieser Spezifikation nicht entspricht, erhalten Sie Ihr Geld zur\u00fcck oder eine neue Lieferung. Nach Ablauf der Haltbarkeit ist das Medikament lt. Herstellerangaben [&hellip;]<\/p>","protected":false},"featured_media":1632,"comment_status":"open","ping_status":"closed","template":"","meta":{"_joinchat":[]},"product_brand":[],"product_cat":[34],"product_tag":[],"class_list":{"0":"post-565","1":"product","2":"type-product","3":"status-publish","4":"has-post-thumbnail","6":"product_cat-ghb","8":"first","9":"instock","10":"shipping-taxable","11":"purchasable","12":"product-type-variable"},"yoast_head":"<!-- This site is optimized with the Yoast SEO plugin v25.4 - https:\/\/yoast.com\/wordpress\/plugins\/seo\/ -->\n<title>Xyrem 180 ml zu 500 mg \u03b3-Hydroxybutters\u00e4ure (GHB)<\/title>\n<meta name=\"description\" content=\"M\u00f6chten Sie Xyrem 180 ml zu 500 mg \u03b3-Hydroxybutters\u00e4ure (GHB) online kaufen? Entdecken Sie die nahtlose Plattform in unserem Online-Shop, auf der Sie Xyrem 180 ml zu 500 mg \u03b3-Hydroxybutters\u00e4ure (GHB) in h\u00f6chster Qualit\u00e4t f\u00fcr Ihre Forschungsanforderungen kaufen k\u00f6nnen.\" \/>\n<meta name=\"robots\" content=\"index, follow, max-snippet:-1, max-image-preview:large, max-video-preview:-1\" \/>\n<link rel=\"canonical\" href=\"https:\/\/gblexpress.com\/pl\/produkt-2\/xyrem-180-ml-500-mg-\u03b3-kwas-hydroksymaslowy-ghb-2\/\" \/>\n<meta property=\"og:locale\" content=\"pl_PL\" \/>\n<meta property=\"og:type\" content=\"article\" \/>\n<meta property=\"og:title\" content=\"Xyrem 180 ml zu 500 mg \u03b3-Hydroxybutters\u00e4ure (GHB)\" \/>\n<meta property=\"og:description\" content=\"M\u00f6chten Sie Xyrem 180 ml zu 500 mg \u03b3-Hydroxybutters\u00e4ure (GHB) online kaufen? Entdecken Sie die nahtlose Plattform in unserem Online-Shop, auf der Sie Xyrem 180 ml zu 500 mg \u03b3-Hydroxybutters\u00e4ure (GHB) in h\u00f6chster Qualit\u00e4t f\u00fcr Ihre Forschungsanforderungen kaufen k\u00f6nnen.\" \/>\n<meta property=\"og:url\" content=\"https:\/\/gblexpress.com\/pl\/produkt-2\/xyrem-180-ml-500-mg-\u03b3-kwas-hydroksymaslowy-ghb-2\/\" \/>\n<meta property=\"og:site_name\" content=\"GBL Express\" \/>\n<meta property=\"article:modified_time\" content=\"2026-03-02T11:07:45+00:00\" \/>\n<meta property=\"og:image\" content=\"https:\/\/gblexpress.com\/wp-content\/uploads\/2023\/05\/Xyrem-180-ml-zu-500-mg.jpg\" \/>\n\t<meta property=\"og:image:width\" content=\"600\" \/>\n\t<meta property=\"og:image:height\" content=\"600\" \/>\n\t<meta property=\"og:image:type\" content=\"image\/jpeg\" \/>\n<meta name=\"twitter:card\" content=\"summary_large_image\" \/>\n<meta name=\"twitter:label1\" content=\"Szacowany czas czytania\" \/>\n\t<meta name=\"twitter:data1\" content=\"1 minuta\" \/>\n<!-- \/ Yoast SEO plugin. -->","yoast_head_json":{"title":"Xyrem 180 ml 500 mg kwasu \u03b3-hydroksymas\u0142owego (GHB)","description":"Czy chcesz kupi\u0107 Xyrem 180 ml zawieraj\u0105cy 500 mg kwasu \u03b3-hydroksymas\u0142owego (GHB) online? Odkryj kompleksow\u0105 platform\u0119 w naszym sklepie internetowym, w kt\u00f3rym mo\u017cesz kupi\u0107 Xyrem 180 ml zawieraj\u0105cy 500 mg kwasu \u03b3-hydroksymas\u0142owego (GHB) najwy\u017cszej jako\u015bci na potrzeby Twoich bada\u0144.","robots":{"index":"index","follow":"follow","max-snippet":"max-snippet:-1","max-image-preview":"max-image-preview:large","max-video-preview":"max-video-preview:-1"},"canonical":"https:\/\/gblexpress.com\/pl\/produkt-2\/xyrem-180-ml-500-mg-\u03b3-kwas-hydroksymaslowy-ghb-2\/","og_locale":"pl_PL","og_type":"article","og_title":"Xyrem 180 ml zu 500 mg \u03b3-Hydroxybutters\u00e4ure (GHB)","og_description":"M\u00f6chten Sie Xyrem 180 ml zu 500 mg \u03b3-Hydroxybutters\u00e4ure (GHB) online kaufen? Entdecken Sie die nahtlose Plattform in unserem Online-Shop, auf der Sie Xyrem 180 ml zu 500 mg \u03b3-Hydroxybutters\u00e4ure (GHB) in h\u00f6chster Qualit\u00e4t f\u00fcr Ihre Forschungsanforderungen kaufen k\u00f6nnen.","og_url":"https:\/\/gblexpress.com\/pl\/produkt-2\/xyrem-180-ml-500-mg-\u03b3-kwas-hydroksymaslowy-ghb-2\/","og_site_name":"GBL Express","article_modified_time":"2026-03-02T11:07:45+00:00","og_image":[{"width":600,"height":600,"url":"https:\/\/gblexpress.com\/wp-content\/uploads\/2023\/05\/Xyrem-180-ml-zu-500-mg.jpg","type":"image\/jpeg"}],"twitter_card":"summary_large_image","twitter_misc":{"Szacowany czas czytania":"1 minuta"},"schema":{"@context":"https:\/\/schema.org","@graph":[{"@type":"WebPage","@id":"https:\/\/gblexpress.com\/product\/xyrem-180-ml-zu-500-mg-%ce%b3-hydroxybuttersaeure-ghb\/","url":"https:\/\/gblexpress.com\/product\/xyrem-180-ml-zu-500-mg-%ce%b3-hydroxybuttersaeure-ghb\/","name":"Xyrem 180 ml 500 mg kwasu \u03b3-hydroksymas\u0142owego (GHB)","isPartOf":{"@id":"https:\/\/gblexpress.com\/#website"},"primaryImageOfPage":{"@id":"https:\/\/gblexpress.com\/product\/xyrem-180-ml-zu-500-mg-%ce%b3-hydroxybuttersaeure-ghb\/#primaryimage"},"image":{"@id":"https:\/\/gblexpress.com\/product\/xyrem-180-ml-zu-500-mg-%ce%b3-hydroxybuttersaeure-ghb\/#primaryimage"},"thumbnailUrl":"https:\/\/gblexpress.com\/wp-content\/uploads\/2023\/05\/Xyrem-180-ml-zu-500-mg.jpg","datePublished":"2023-05-24T07:11:22+00:00","dateModified":"2026-03-02T11:07:45+00:00","description":"Czy chcesz kupi\u0107 Xyrem 180 ml zawieraj\u0105cy 500 mg kwasu \u03b3-hydroksymas\u0142owego (GHB) online? Odkryj kompleksow\u0105 platform\u0119 w naszym sklepie internetowym, w kt\u00f3rym mo\u017cesz kupi\u0107 Xyrem 180 ml zawieraj\u0105cy 500 mg kwasu \u03b3-hydroksymas\u0142owego (GHB) najwy\u017cszej jako\u015bci na potrzeby Twoich bada\u0144.","breadcrumb":{"@id":"https:\/\/gblexpress.com\/product\/xyrem-180-ml-zu-500-mg-%ce%b3-hydroxybuttersaeure-ghb\/#breadcrumb"},"inLanguage":"pl-PL","potentialAction":[{"@type":"ReadAction","target":["https:\/\/gblexpress.com\/product\/xyrem-180-ml-zu-500-mg-%ce%b3-hydroxybuttersaeure-ghb\/"]}]},{"@type":"ImageObject","inLanguage":"pl-PL","@id":"https:\/\/gblexpress.com\/product\/xyrem-180-ml-zu-500-mg-%ce%b3-hydroxybuttersaeure-ghb\/#primaryimage","url":"https:\/\/gblexpress.com\/wp-content\/uploads\/2023\/05\/Xyrem-180-ml-zu-500-mg.jpg","contentUrl":"https:\/\/gblexpress.com\/wp-content\/uploads\/2023\/05\/Xyrem-180-ml-zu-500-mg.jpg","width":600,"height":600,"caption":"Xyrem-180-ml-zu-500-mg online kaufen"},{"@type":"BreadcrumbList","@id":"https:\/\/gblexpress.com\/product\/xyrem-180-ml-zu-500-mg-%ce%b3-hydroxybuttersaeure-ghb\/#breadcrumb","itemListElement":[{"@type":"ListItem","position":1,"name":"Home","item":"https:\/\/gblexpress.com\/"},{"@type":"ListItem","position":2,"name":"Shop","item":"https:\/\/gblexpress.com\/shop\/"},{"@type":"ListItem","position":3,"name":"Xyrem 180 ml zu 500 mg \u03b3-Hydroxybutters\u00e4ure (GHB)"}]},{"@type":"WebSite","@id":"https:\/\/gblexpress.com\/#website","url":"https:\/\/gblexpress.com\/","name":"GBL Express","description":"","publisher":{"@id":"https:\/\/gblexpress.com\/#organization"},"potentialAction":[{"@type":"SearchAction","target":{"@type":"EntryPoint","urlTemplate":"https:\/\/gblexpress.com\/?s={search_term_string}"},"query-input":{"@type":"PropertyValueSpecification","valueRequired":true,"valueName":"search_term_string"}}],"inLanguage":"pl-PL"},{"@type":"Organization","@id":"https:\/\/gblexpress.com\/#organization","name":"GBL Express","url":"https:\/\/gblexpress.com\/","logo":{"@type":"ImageObject","inLanguage":"pl-PL","@id":"https:\/\/gblexpress.com\/#\/schema\/logo\/image\/","url":"https:\/\/gblexpress.com\/wp-content\/uploads\/2023\/01\/logo.png","contentUrl":"https:\/\/gblexpress.com\/wp-content\/uploads\/2023\/01\/logo.png","width":250,"height":52,"caption":"GBL Express"},"image":{"@id":"https:\/\/gblexpress.com\/#\/schema\/logo\/image\/"}}]}},"jetpack-related-posts":[],"jetpack_sharing_enabled":true,"_links":{"self":[{"href":"https:\/\/gblexpress.com\/pl\/wp-json\/wp\/v2\/product\/565","targetHints":{"allow":["GET"]}}],"collection":[{"href":"https:\/\/gblexpress.com\/pl\/wp-json\/wp\/v2\/product"}],"about":[{"href":"https:\/\/gblexpress.com\/pl\/wp-json\/wp\/v2\/types\/product"}],"replies":[{"embeddable":true,"href":"https:\/\/gblexpress.com\/pl\/wp-json\/wp\/v2\/comments?post=565"}],"wp:featuredmedia":[{"embeddable":true,"href":"https:\/\/gblexpress.com\/pl\/wp-json\/wp\/v2\/media\/1632"}],"wp:attachment":[{"href":"https:\/\/gblexpress.com\/pl\/wp-json\/wp\/v2\/media?parent=565"}],"wp:term":[{"taxonomy":"product_brand","embeddable":true,"href":"https:\/\/gblexpress.com\/pl\/wp-json\/wp\/v2\/product_brand?post=565"},{"taxonomy":"product_cat","embeddable":true,"href":"https:\/\/gblexpress.com\/pl\/wp-json\/wp\/v2\/product_cat?post=565"},{"taxonomy":"product_tag","embeddable":true,"href":"https:\/\/gblexpress.com\/pl\/wp-json\/wp\/v2\/product_tag?post=565"}],"curies":[{"name":"wp","href":"https:\/\/api.w.org\/{rel}","templated":true}]}}