{"id":611,"date":"2023-05-29T11:11:08","date_gmt":"2023-05-29T11:11:08","guid":{"rendered":"https:\/\/gblexpress.com\/?post_type=product&#038;p=611"},"modified":"2026-02-24T11:30:39","modified_gmt":"2026-02-24T11:30:39","slug":"100-gramm-reines-mdma-rocks","status":"publish","type":"product","link":"https:\/\/gblexpress.com\/pl\/produkt-2\/100-gramm-reines-mdma-rocks\/","title":{"rendered":"100 gram\u00f3w czystego MDMA Rocks"},"content":{"rendered":"<h2><strong>MDMA Online Kaufen | MDMA rocks zum Verkauf Online Mit Niedrigsten Preisen<\/strong><\/h2>\n<h2><strong>KTO U\u017bYWA MDMA<\/strong><\/h2>\n<p>Reines MDMA Rock Online zu verkaufen, Ecstasy, gemeinhin als <a href=\"https:\/\/de.wikipedia.org\/wiki\/MDMA\">Metylenodioksymetamfetamina (MDMA)<\/a> Pure MDMA Rock For Sale Online Ecstasy, powszechnie znane jako metylenodioksymetamfetamina (MDMA), jest stymulantem i halucynogenem. Powoduje zmiany w postrzeganiu czasu, przyspiesza m\u00f3zg i centralny uk\u0142ad nerwowy, zwi\u0119ksza przyjemno\u015b\u0107 z bod\u017ac\u00f3w zmys\u0142owych i promuje empati\u0119 lub komunikacj\u0119 emocjonaln\u0105.<\/p>\n<p>Drogen, die als Ecstasy oder MDMA verkauft werden, enthalten unterschiedliche Mengen an <a href=\"https:\/\/gblexpress.com\/pl\/produkt-2\/100-gramm-reines-mdma-rocks\/\">MDMA<\/a>. Niekt\u00f3re z nich stanowi\u0105 kombinacj\u0119 innych narkotyk\u00f3w, takich jak amfetamina, ketamina lub co\u015b innego, i zawieraj\u0105 bardzo ma\u0142e ilo\u015bci lub nie zawieraj\u0105 ich wcale. Inne mog\u0105 by\u0107 \u201erozcie\u0144czane\u201d wype\u0142niaczami, takimi jak domowe \u015brodki czyszcz\u0105ce lub inne potencjalnie niebezpieczne substancje chemiczne.<\/p>\n<p>Narkotyki oznaczone jako MDMA mog\u0105 r\u00f3wnie\u017c zawiera\u0107 wysoce skoncentrowane MDMA lub inne potencjalnie niebezpieczne substancje chemiczne.<\/p>\n<p>Najpopularniejszymi formami MDMA s\u0105 tabletki, kapsu\u0142ki i proszek. Chocia\u017c zwykle przyjmuje si\u0119 go doustnie, mo\u017cna go r\u00f3wnie\u017c kroi\u0107 i wci\u0105ga\u0107, wk\u0142ada\u0107 do odbytu lub (rzadko) wstrzykiwa\u0107.<\/p>\n<h3>JAK DZIA\u0141A MDMA<\/h3>\n<p>A MDMA tem um efeito diferente em cada pessoa. O efeito depende da quantidade ingerida, do tamanho do corpo, da predisposi\u00e7\u00e3o gen\u00e9tica, do estado geral de sa\u00fade, do humor, da quantidade de alimentos ingeridos anteriormente, de outras drogas e medicamentos prescritos e do m\u00e9todo de ingest\u00e3o. Quando tomado por via oral, o MDMA tem efeito entre 30 e 90 minutos, com um pico ap\u00f3s cerca de 2 a 3 horas e pode durar at\u00e9 6 horas.<\/p>\n<p>Skutki MDMA obejmuj\u0105 uczucie euforii i zwi\u0119kszonej pewno\u015bci siebie, rozszerzone \u017arenice, zmniejszone zahamowania, zaciskanie szcz\u0119ki, zwi\u0119kszon\u0105 \u015bwiadomo\u015b\u0107 sensoryczn\u0105, nadmierne pocenie si\u0119, nudno\u015bci i zmniejszony apetyt, zwi\u0119kszon\u0105 cz\u0119sto\u015b\u0107 akcji serca, zwi\u0119kszone ryzyko odwodnienia i udaru cieplnego. MDMA mo\u017ce r\u00f3wnie\u017c powodowa\u0107 drganie oczu (oczopl\u0105s) i uniemo\u017cliwia\u0107 siusianie (po ust\u0105pieniu efekt\u00f3w b\u0119dziesz musia\u0142 du\u017co siusia\u0107). Je\u015bli za\u017cyjesz za du\u017co, mo\u017cesz mie\u0107 md\u0142o\u015bci i musisz zrobi\u0107 kup\u0119, aby sprzeda\u0107 MDMA Rock.<\/p>\n<h3><strong>DAWKOWANIE<\/strong><\/h3>\n<p>Zam\u00f3wienie oko\u0142o 75-100 mg MDMA online jest uwa\u017cane za pojedyncz\u0105 dawk\u0119. Poniewa\u017c jednak poziom czysto\u015bci MDMA jest cz\u0119sto nieprzewidywalny, zaleca si\u0119 przetestowanie narkotyk\u00f3w, aby wiedzie\u0107, co si\u0119 w nich znajduje. Jednak proste zestawy testowe nie dostarczaj\u0105 informacji na temat dawkowania, wi\u0119c najlepiej zacz\u0105\u0107 od niskiego poziomu i powoli.<\/p>\n<p>Je\u015bli jest to tabletka, zacznij od \u0107wiartki lub po\u0142owy. Je\u015bli przyjmujesz proszek, u\u017cyj testu \"zmia\u017cd\u017c, wklep, poczekaj\": Zmia\u017cd\u017c MDMA na drobny proszek, wklep opuszkiem palca, a nast\u0119pnie odczekaj 2-3 godziny przed ponownym za\u017cyciem. Nale\u017cy pami\u0119ta\u0107, \u017ce odczuwanie efekt\u00f3w MDMA mo\u017ce zaj\u0105\u0107 3 godziny, je\u015bli MDMA jest przyjmowane na pe\u0142ny \u017co\u0142\u0105dek.<a href=\"https:\/\/gblexpress.com\/pl\/\">.<\/a><\/p>\n<p>&nbsp;<\/p>\n<p>&nbsp;<\/p>\n<p>&nbsp;<\/p>","protected":false},"excerpt":{"rendered":"<p><strong>MDMA Rocks<\/strong> oznaczaj\u0105 czysto\u015b\u0107 i jako\u015b\u0107, opracowane specjalnie do bada\u0144 naukowych i cel\u00f3w analitycznych. Dzi\u0119ki krystalicznej strukturze i wysokiej sile dzia\u0142ania, MDMA Rocks s\u0105 preferowanym wyborem do wielu zastosowa\u0144.<\/p>\n<h3><strong>Czym s\u0105 MDMA Rocks?<\/strong><\/h3>\n<p>MDMA Rocks, znane r\u00f3wnie\u017c jako 3,4-metylenodioksy-N-metylamfetamina, s\u0105 krystaliczn\u0105 form\u0105 tego zwi\u0105zku. Charakteryzuj\u0105 si\u0119 czysto\u015bci\u0105 i skuteczno\u015bci\u0105 i s\u0105 cz\u0119sto wykorzystywane w badaniach neurobiologicznych i farmakologicznych.<\/p>\n<h3><strong>W\u0142a\u015bciwo\u015bci i zalety<\/strong><\/h3>\n<ul>\n<li><strong>Czysto\u015b\u0107<\/strong>Najwy\u017csze standardy jako\u015bci, idealne dla uzyskania wiarygodnych wynik\u00f3w.<\/li>\n<li><strong>Struktura krystaliczna<\/strong>Idealny do bada\u0144 analitycznych i chemicznych.<\/li>\n<li><strong>Wszechstronne zastosowania<\/strong>Nadaje si\u0119 do analiz laboratoryjnych, eksperyment\u00f3w chemicznych i cel\u00f3w naukowych.<\/li>\n<\/ul>\n<h3><strong>Mo\u017cliwe zastosowania<\/strong><\/h3>\n<ol>\n<li><strong>Badania neuronaukowe<\/strong>Badanie funkcji neuroprzeka\u017anik\u00f3w i interakcji receptor\u00f3w.<\/li>\n<li><strong>Badania farmakologiczne<\/strong>Analiza zale\u017cno\u015bci struktura-aktywno\u015b\u0107 (SAR) i potencja\u0142 do zastosowa\u0144 terapeutycznych.<\/li>\n<li><strong>Eksperymenty chemiczne<\/strong>Zastosowanie w laboratoriach do profilowania i analizy chemicznej.<\/li>\n<\/ol>\n<h3><strong>Dlaczego warto kupi\u0107 MDMA Rocks?<\/strong><\/h3>\n<ul>\n<li><strong>niezawodno\u015b\u0107<\/strong>Sta\u0142a jako\u015b\u0107 zapewniaj\u0105ca precyzyjne wyniki bada\u0144.<\/li>\n<li><strong>Dyskretna wysy\u0142ka<\/strong>Bezpieczna i anonimowa dostawa.<\/li>\n<li><strong>Elastyczno\u015b\u0107<\/strong>Dost\u0119pny dla naukowc\u00f3w i profesjonalnych laboratori\u00f3w na ca\u0142ym \u015bwiecie.<\/li>\n<\/ul>","protected":false},"featured_media":1631,"comment_status":"open","ping_status":"closed","template":"","meta":{"_joinchat":[]},"product_brand":[],"product_cat":[36,246],"product_tag":[738,741,737,740,572,736,570,735,739],"class_list":{"0":"post-611","1":"product","2":"type-product","3":"status-publish","4":"has-post-thumbnail","6":"product_cat-ko-drops","7":"product_cat-sex-meth","8":"product_tag-hochwertige-mdma-rocks","9":"product_tag-mdma-diskret-bestellen","10":"product_tag-mdma-forschung-chemikalien","11":"product_tag-mdma-fuer-forschung-kaufen","12":"product_tag-mdma-grosshandel","13":"product_tag-mdma-kristalle-bestellen","14":"product_tag-mdma-online-kaufen","15":"product_tag-mdma-rocks-kaufen","16":"product_tag-mdma-rocks-laborqualitaet","18":"first","19":"instock","20":"shipping-taxable","21":"purchasable","22":"product-type-variable"},"yoast_head":"<!-- This site is optimized with the Yoast SEO plugin v25.4 - https:\/\/yoast.com\/wordpress\/plugins\/seo\/ -->\n<title>100 Gramm reine MDMA-Steine \u200b\u200bzum Verkau<\/title>\n<meta name=\"description\" content=\"Entdecken Sie erstklassige 100 Gramm reine MDMA-Steine \u200b\u200bin unserem Online-Shop \u2013 kaufen Sie bequem und sicher 100 Gramm reine MDMA-Steine \u200b\u200bf\u00fcr Ihre Forschung. Entdecken und kaufen Sie 100 Gramm reine MDMA-Steine \u200b\u200bonline. Jetzt bestellen!\" \/>\n<meta name=\"robots\" content=\"index, follow, max-snippet:-1, max-image-preview:large, max-video-preview:-1\" \/>\n<link rel=\"canonical\" href=\"https:\/\/gblexpress.com\/pl\/produkt-2\/100-gramm-reines-mdma-rocks\/\" \/>\n<meta property=\"og:locale\" content=\"pl_PL\" \/>\n<meta property=\"og:type\" content=\"article\" \/>\n<meta property=\"og:title\" content=\"100 Gramm reine MDMA-Steine \u200b\u200bzum Verkau\" \/>\n<meta property=\"og:description\" content=\"Entdecken Sie erstklassige 100 Gramm reine MDMA-Steine \u200b\u200bin unserem Online-Shop \u2013 kaufen Sie bequem und sicher 100 Gramm reine MDMA-Steine \u200b\u200bf\u00fcr Ihre Forschung. Entdecken und kaufen Sie 100 Gramm reine MDMA-Steine \u200b\u200bonline. Jetzt bestellen!\" \/>\n<meta property=\"og:url\" content=\"https:\/\/gblexpress.com\/pl\/produkt-2\/100-gramm-reines-mdma-rocks\/\" \/>\n<meta property=\"og:site_name\" content=\"GBL Express\" \/>\n<meta property=\"article:modified_time\" content=\"2026-02-24T11:30:39+00:00\" \/>\n<meta property=\"og:image\" content=\"https:\/\/gblexpress.com\/wp-content\/uploads\/2023\/05\/MDMA-Rocks.jpg\" \/>\n\t<meta property=\"og:image:width\" content=\"600\" \/>\n\t<meta property=\"og:image:height\" content=\"600\" \/>\n\t<meta property=\"og:image:type\" content=\"image\/jpeg\" \/>\n<meta name=\"twitter:card\" content=\"summary_large_image\" \/>\n<meta name=\"twitter:label1\" content=\"Szacowany czas czytania\" \/>\n\t<meta name=\"twitter:data1\" content=\"3 minuty\" \/>\n<!-- \/ Yoast SEO plugin. -->","yoast_head_json":{"title":"100 gram\u00f3w czystego MDMA w kamieniu na sprzeda\u017c","description":"Odkryj najwy\u017cszej jako\u015bci 100-gramowe kostki MDMA w naszym sklepie internetowym \u2013 wygodnie i bezpiecznie kup 100 gramowe kostki MDMA do swoich bada\u0144. Odkryj i kup 100 gram\u00f3w czystego MDMA w kostkach online. Zam\u00f3w teraz!","robots":{"index":"index","follow":"follow","max-snippet":"max-snippet:-1","max-image-preview":"max-image-preview:large","max-video-preview":"max-video-preview:-1"},"canonical":"https:\/\/gblexpress.com\/pl\/produkt-2\/100-gramm-reines-mdma-rocks\/","og_locale":"pl_PL","og_type":"article","og_title":"100 Gramm reine MDMA-Steine \u200b\u200bzum Verkau","og_description":"Entdecken Sie erstklassige 100 Gramm reine MDMA-Steine \u200b\u200bin unserem Online-Shop \u2013 kaufen Sie bequem und sicher 100 Gramm reine MDMA-Steine \u200b\u200bf\u00fcr Ihre Forschung. Entdecken und kaufen Sie 100 Gramm reine MDMA-Steine \u200b\u200bonline. Jetzt bestellen!","og_url":"https:\/\/gblexpress.com\/pl\/produkt-2\/100-gramm-reines-mdma-rocks\/","og_site_name":"GBL Express","article_modified_time":"2026-02-24T11:30:39+00:00","og_image":[{"width":600,"height":600,"url":"https:\/\/gblexpress.com\/wp-content\/uploads\/2023\/05\/MDMA-Rocks.jpg","type":"image\/jpeg"}],"twitter_card":"summary_large_image","twitter_misc":{"Szacowany czas czytania":"3 minuty"},"schema":{"@context":"https:\/\/schema.org","@graph":[{"@type":"WebPage","@id":"https:\/\/gblexpress.com\/product\/100-gramm-reines-mdma-rocks\/","url":"https:\/\/gblexpress.com\/product\/100-gramm-reines-mdma-rocks\/","name":"100 gram\u00f3w czystego MDMA w kamieniu na sprzeda\u017c","isPartOf":{"@id":"https:\/\/gblexpress.com\/#website"},"primaryImageOfPage":{"@id":"https:\/\/gblexpress.com\/product\/100-gramm-reines-mdma-rocks\/#primaryimage"},"image":{"@id":"https:\/\/gblexpress.com\/product\/100-gramm-reines-mdma-rocks\/#primaryimage"},"thumbnailUrl":"https:\/\/gblexpress.com\/wp-content\/uploads\/2023\/05\/MDMA-Rocks.jpg","datePublished":"2023-05-29T11:11:08+00:00","dateModified":"2026-02-24T11:30:39+00:00","description":"Odkryj najwy\u017cszej jako\u015bci 100-gramowe kostki MDMA w naszym sklepie internetowym \u2013 wygodnie i bezpiecznie kup 100 gramowe kostki MDMA do swoich bada\u0144. Odkryj i kup 100 gram\u00f3w czystego MDMA w kostkach online. Zam\u00f3w teraz!","breadcrumb":{"@id":"https:\/\/gblexpress.com\/product\/100-gramm-reines-mdma-rocks\/#breadcrumb"},"inLanguage":"pl-PL","potentialAction":[{"@type":"ReadAction","target":["https:\/\/gblexpress.com\/product\/100-gramm-reines-mdma-rocks\/"]}]},{"@type":"ImageObject","inLanguage":"pl-PL","@id":"https:\/\/gblexpress.com\/product\/100-gramm-reines-mdma-rocks\/#primaryimage","url":"https:\/\/gblexpress.com\/wp-content\/uploads\/2023\/05\/MDMA-Rocks.jpg","contentUrl":"https:\/\/gblexpress.com\/wp-content\/uploads\/2023\/05\/MDMA-Rocks.jpg","width":600,"height":600,"caption":"MDMA-Rocks online kaufen"},{"@type":"BreadcrumbList","@id":"https:\/\/gblexpress.com\/product\/100-gramm-reines-mdma-rocks\/#breadcrumb","itemListElement":[{"@type":"ListItem","position":1,"name":"Home","item":"https:\/\/gblexpress.com\/"},{"@type":"ListItem","position":2,"name":"Shop","item":"https:\/\/gblexpress.com\/shop\/"},{"@type":"ListItem","position":3,"name":"100 Gramm reines MDMA Rocks"}]},{"@type":"WebSite","@id":"https:\/\/gblexpress.com\/#website","url":"https:\/\/gblexpress.com\/","name":"GBL Express","description":"","publisher":{"@id":"https:\/\/gblexpress.com\/#organization"},"potentialAction":[{"@type":"SearchAction","target":{"@type":"EntryPoint","urlTemplate":"https:\/\/gblexpress.com\/?s={search_term_string}"},"query-input":{"@type":"PropertyValueSpecification","valueRequired":true,"valueName":"search_term_string"}}],"inLanguage":"pl-PL"},{"@type":"Organization","@id":"https:\/\/gblexpress.com\/#organization","name":"GBL Express","url":"https:\/\/gblexpress.com\/","logo":{"@type":"ImageObject","inLanguage":"pl-PL","@id":"https:\/\/gblexpress.com\/#\/schema\/logo\/image\/","url":"https:\/\/gblexpress.com\/wp-content\/uploads\/2023\/01\/logo.png","contentUrl":"https:\/\/gblexpress.com\/wp-content\/uploads\/2023\/01\/logo.png","width":250,"height":52,"caption":"GBL Express"},"image":{"@id":"https:\/\/gblexpress.com\/#\/schema\/logo\/image\/"}}]}},"jetpack-related-posts":[],"jetpack_sharing_enabled":true,"_links":{"self":[{"href":"https:\/\/gblexpress.com\/pl\/wp-json\/wp\/v2\/product\/611","targetHints":{"allow":["GET"]}}],"collection":[{"href":"https:\/\/gblexpress.com\/pl\/wp-json\/wp\/v2\/product"}],"about":[{"href":"https:\/\/gblexpress.com\/pl\/wp-json\/wp\/v2\/types\/product"}],"replies":[{"embeddable":true,"href":"https:\/\/gblexpress.com\/pl\/wp-json\/wp\/v2\/comments?post=611"}],"wp:featuredmedia":[{"embeddable":true,"href":"https:\/\/gblexpress.com\/pl\/wp-json\/wp\/v2\/media\/1631"}],"wp:attachment":[{"href":"https:\/\/gblexpress.com\/pl\/wp-json\/wp\/v2\/media?parent=611"}],"wp:term":[{"taxonomy":"product_brand","embeddable":true,"href":"https:\/\/gblexpress.com\/pl\/wp-json\/wp\/v2\/product_brand?post=611"},{"taxonomy":"product_cat","embeddable":true,"href":"https:\/\/gblexpress.com\/pl\/wp-json\/wp\/v2\/product_cat?post=611"},{"taxonomy":"product_tag","embeddable":true,"href":"https:\/\/gblexpress.com\/pl\/wp-json\/wp\/v2\/product_tag?post=611"}],"curies":[{"name":"wp","href":"https:\/\/api.w.org\/{rel}","templated":true}]}}