{"id":613,"date":"2023-05-29T11:28:22","date_gmt":"2023-05-29T11:28:22","guid":{"rendered":"https:\/\/gblexpress.com\/?post_type=product&#038;p=613"},"modified":"2026-02-27T10:31:39","modified_gmt":"2026-02-27T10:31:39","slug":"ketamin-s-isomer-99-rein-50-g","status":"publish","type":"product","link":"https:\/\/gblexpress.com\/pl\/produkt-2\/ketamin-s-isomer-99-rein-50-g\/","title":{"rendered":"Ketamina S+ Izomer 99% czysty | 500g"},"content":{"rendered":"<h2><strong>50 g Ketamin S+ Isomer, 99% rein online kaufen<\/strong><\/h2>\n<p><a href=\"https:\/\/gblexpress.com\/pl\/produkt-2\/ketamin-s-isomer-99-rein-50-g\/\">Kup S-Isomer Ketamine online<\/a>, mehr als 25 Mal, Ketamin S+ Isomer. S(+)-Ketamin online kaufen, ein reines rechtsdrehendes Enantiomer von Ketamin, ist eine weitere Option. f\u00fcr den therapeutischen Einsatz in der An\u00e4sthesie und Analgesie zug\u00e4nglich ist. Dar\u00fcber hinaus vermittelt die nicht-kompetitive Hemmung des N-Methyl-D-Aspartat-Rezeptors (NMDA) die wichtigsten Verbindungen. interagiert jedoch mit Adenosin-, Monoamin-, Opioid- und anderen purinergen Rezeptoren.<\/p>\n<h3><strong>Kup izomer S ketaminy, aby pom\u00f3c w depresji<\/strong><\/h3>\n<p>Artyku\u0142y ukierunkowane na kana\u0142 wapniowy typu L. Receptory dla glutaminianu metabotropowego (mGluR). Opisano r\u00f3wnie\u017c receptory kwasu amino-3-hydroksy-5-metylo-4-izoksazolopropionowego (AMPA). Wsp\u00f3\u0142czulny uk\u0142ad Whim-Whams jest stymulowany. S(+)-ketamina jest doskona\u0142ym lekiem do analgezji lub indukcji znieczulenia, gdy stan pacjenta jest niestabilny. Produkty o dzia\u0142aniu neuroprotekcyjnym, rozszerzaj\u0105cym oskrzela, przeciwb\u00f3lowym lub przeciwpadaczkowym r\u00f3wnie\u017c stanowi\u0105 interesuj\u0105c\u0105 alternatyw\u0119 terapeutyczn\u0105. W tym artykule przedstawiono wiele mo\u017cliwych zastosowa\u0144 S(+)-ketaminy z farmakologicznego i terapeutycznego punktu widzenia, z naciskiem na typowe recepty na leki ratunkowe i intensywn\u0105 terapi\u0119 Kup S-izomer ketaminy online .<\/p>\n<h3><strong>Kup Ketamine HCl Crystal online | Ketamine HCl Crystal na sprzeda\u017c<\/strong><\/h3>\n<p>Skutecznie zaopatrujemy r\u00f3wnie\u017c producent\u00f3w i sprzedawc\u00f3w detalicznych w produkty wysokiej jako\u015bci. Nasza wysy\u0142ka i dostawa s\u0105 r\u00f3wnie\u017c w 100% bezpieczne i relaksuj\u0105ce. Z przyjemno\u015bci\u0105 sprzedajemy nasze produkty w ma\u0142ych i du\u017cych ilo\u015bciach na ca\u0142ym \u015bwiecie. Kup S-Isomer Ketamine online,<\/p>\n<p>Ponadto od ponad 5 lat zajmujemy si\u0119 wysy\u0142k\u0105 i dystrybucj\u0105 lek\u00f3w na ca\u0142ym \u015bwiecie, aby zawsze zapewni\u0107 100% bezpiecze\u0144stwo i specjalne dostawy. Oferujemy r\u00f3wnie\u017c 10-15 procent zni\u017cki na du\u017ce zam\u00f3wienia i mo\u017ce si\u0119 r\u00f3\u017cni\u0107 w zale\u017cno\u015bci od zam\u00f3wienia. Kup kryszta\u0142y ketaminy online<\/p>\n<p>Ponadto wszystkie nasze ceny s\u0105 bardzo niskie i umiarkowane, ceny s\u0105 dobre, odbywa si\u0119 to poprzez zmniejszenie koszt\u00f3w. Uwa\u017camy, \u017ce us\u0142ugi naszych klient\u00f3w s\u0105 gwarancj\u0105 dostarczenia wszystkich zam\u00f3wie\u0144 w ramach wybranego rodzaju wysy\u0142ki. Niemniej jednak, po potwierdzeniu faktury, zazwyczaj wysy\u0142amy wszystkie zam\u00f3wienia.<\/p>\n<p>Wreszcie, zapewniamy szybk\u0105 i bezpieczn\u0105, dyskretn\u0105 dystrybucj\u0119 na ca\u0142ym \u015bwiecie<a href=\"https:\/\/en.wikipedia.org\/wiki\/Ketamine\">.<\/a><\/p>\n<h3><\/h3>","protected":false},"excerpt":{"rendered":"<p>The <strong>Izomer S+ ketaminy<\/strong> jest zwi\u0105zkiem o wysokiej czysto\u015bci, charakteryzuj\u0105cym si\u0119 doskona\u0142ym sk\u0142adem chemicznym. Jest to <strong>Izomer S+ ketaminy<\/strong>kt\u00f3ra wyr\u00f3\u017cnia si\u0119 od formy racemicznej wy\u017csz\u0105 si\u0142\u0105 dzia\u0142ania i specyficznym efektem.<\/p>\n<h3><strong>Wz\u00f3r chemiczny i w\u0142a\u015bciwo\u015bci<\/strong><\/h3>\n<ul>\n<li><strong>Wz\u00f3r chemiczny<\/strong>C13H16ClNO<\/li>\n<li><strong>Masa cz\u0105steczkowa<\/strong>237,73 g\/mol<\/li>\n<li><strong>Czysto\u015b\u0107<\/strong>99% - gwarantuje najwy\u017csz\u0105 jako\u015b\u0107 dla precyzyjnych zastosowa\u0144.<\/li>\n<li><strong>Sk\u0142ad izomeryczny<\/strong>Stereoselektywny, z preferencyjnym wi\u0105zaniem z receptorami NMDA dla silniejszego efektu.<\/li>\n<li><strong>Wygl\u0105d<\/strong>Bia\u0142y, krystaliczny proszek o wysokiej stabilno\u015bci.<\/li>\n<\/ul>\n<h3><strong>Szczeg\u00f3\u0142y funkcjonalne<\/strong><\/h3>\n<p>Izomer S+ ketaminy charakteryzuje si\u0119 tym, \u017ce:<\/p>\n<ul>\n<li><strong>Zwi\u0119kszona skuteczno\u015b\u0107 przeciwb\u00f3lowa<\/strong>Do dw\u00f3ch razy silniejszy ni\u017c forma racemiczna.<\/li>\n<li><strong>Szybszy pocz\u0105tek dzia\u0142ania<\/strong>Idealny do krytycznych czasowo zastosowa\u0144 terapeutycznych lub eksperymentalnych.<\/li>\n<li><strong>Mniej skutk\u00f3w ubocznych<\/strong>Mniejsze halucynacje i dzia\u0142ania niepo\u017c\u0105dane w por\u00f3wnaniu z mieszanin\u0105 racemiczn\u0105.<\/li>\n<\/ul>","protected":false},"featured_media":1630,"comment_status":"open","ping_status":"closed","template":"","meta":{"_joinchat":[]},"product_brand":[],"product_cat":[32,35],"product_tag":[787,769,790,778,775,773,788,782,776,780,795,771,789,792,791,770,446,452,783,772,785,784,774,794,781,768,777,779,793,786],"class_list":{"0":"post-613","1":"product","2":"type-product","3":"status-publish","4":"has-post-thumbnail","6":"product_cat-uncategorized","7":"product_cat-ritalin","8":"product_tag-99-reines-ketamin-fuer-laborzwecke","9":"product_tag-99-reinheit","10":"product_tag-beste-ketamin-anbieter-deutschland","11":"product_tag-beste-qualitaet-ketamin","12":"product_tag-chemisches-reagenz","13":"product_tag-diskreter-versand-ketamin","14":"product_tag-diskreter-versand-von-chemischen-produkten","15":"product_tag-forschung-isomer-kaufen","16":"product_tag-forschungsketamin","17":"product_tag-gblexpress-ketamin","18":"product_tag-gblexpress-ketamin-schweiz","19":"product_tag-hochreines-ketamin","20":"product_tag-hochreines-ketamin-online-bestellen","21":"product_tag-ketamin-bestellen-deutschland","22":"product_tag-ketamin-fuer-forschungszwecke-kaufen","23":"product_tag-ketamin-isomer-bestellen","24":"product_tag-ketamin-kaufen","25":"product_tag-ketamin-online-kaufen","26":"product_tag-ketamin-reinheit-99","27":"product_tag-ketamin-versand","28":"product_tag-laborketamin-bestellen","29":"product_tag-premium-ketamin","30":"product_tag-qualitatives-ketamin","31":"product_tag-reines-ketamin-kaufen-oesterreich","32":"product_tag-reines-s-isomer","33":"product_tag-s-isomer","34":"product_tag-s-isomer-hochrein","35":"product_tag-schneller-ketamin-versand","36":"product_tag-schneller-ketamin-versand-europa","37":"product_tag-wo-kann-ich-ketamin-s-isomer-kaufen","39":"first","40":"instock","41":"shipping-taxable","42":"purchasable","43":"product-type-variable"},"yoast_head":"<!-- This site is optimized with the Yoast SEO plugin v25.4 - https:\/\/yoast.com\/wordpress\/plugins\/seo\/ -->\n<title>Ketamin S+ Isomer 99% rein 500g online kaufen | Gbi Express<\/title>\n<meta name=\"description\" content=\"Entdecken Sie unseren Online-Shop f\u00fcr Ketamin S+ Isomer 99% rein | 500 g. Wir bieten hochwertiges Ketamin S+ Isomer 99% rein | 500 g an. Kaufen Sie Ketamin S+ Isomer 99% rein | 500 g online. Jetzt bestellen\" \/>\n<meta name=\"robots\" content=\"index, follow, max-snippet:-1, max-image-preview:large, max-video-preview:-1\" \/>\n<link rel=\"canonical\" href=\"https:\/\/gblexpress.com\/pl\/produkt-2\/ketamin-s-isomer-99-rein-50-g\/\" \/>\n<meta property=\"og:locale\" content=\"pl_PL\" \/>\n<meta property=\"og:type\" content=\"article\" \/>\n<meta property=\"og:title\" content=\"Ketamin S+ Isomer 99% rein 500g online kaufen | Gbi Express\" \/>\n<meta property=\"og:description\" content=\"Entdecken Sie unseren Online-Shop f\u00fcr Ketamin S+ Isomer 99% rein | 500 g. Wir bieten hochwertiges Ketamin S+ Isomer 99% rein | 500 g an. Kaufen Sie Ketamin S+ Isomer 99% rein | 500 g online. Jetzt bestellen\" \/>\n<meta property=\"og:url\" content=\"https:\/\/gblexpress.com\/pl\/produkt-2\/ketamin-s-isomer-99-rein-50-g\/\" \/>\n<meta property=\"og:site_name\" content=\"GBL Express\" \/>\n<meta property=\"article:modified_time\" content=\"2026-02-27T10:31:39+00:00\" \/>\n<meta property=\"og:image\" content=\"https:\/\/gblexpress.com\/wp-content\/uploads\/2023\/05\/Ketamin-s.jpg\" \/>\n\t<meta property=\"og:image:width\" content=\"600\" \/>\n\t<meta property=\"og:image:height\" content=\"600\" \/>\n\t<meta property=\"og:image:type\" content=\"image\/jpeg\" \/>\n<meta name=\"twitter:card\" content=\"summary_large_image\" \/>\n<meta name=\"twitter:label1\" content=\"Szacowany czas czytania\" \/>\n\t<meta name=\"twitter:data1\" content=\"2 minuty\" \/>\n<!-- \/ Yoast SEO plugin. -->","yoast_head_json":{"title":"Kup Ketamina S+ Izomer 99% czysty 500g online | Gbi Express","description":"Odkryj nasz sklep internetowy z izomerem ketaminy S+ o czysto\u015bci 99% | 500g Oferujemy wysokiej jako\u015bci izomer ketaminy S+ o czysto\u015bci 99% | 500 gram\u00f3w. Kup ketamin\u0119 S+ Izomer 99% Czysto\u015b\u0107 | 500g online. Zam\u00f3w teraz","robots":{"index":"index","follow":"follow","max-snippet":"max-snippet:-1","max-image-preview":"max-image-preview:large","max-video-preview":"max-video-preview:-1"},"canonical":"https:\/\/gblexpress.com\/pl\/produkt-2\/ketamin-s-isomer-99-rein-50-g\/","og_locale":"pl_PL","og_type":"article","og_title":"Ketamin S+ Isomer 99% rein 500g online kaufen | Gbi Express","og_description":"Entdecken Sie unseren Online-Shop f\u00fcr Ketamin S+ Isomer 99% rein | 500 g. Wir bieten hochwertiges Ketamin S+ Isomer 99% rein | 500 g an. Kaufen Sie Ketamin S+ Isomer 99% rein | 500 g online. Jetzt bestellen","og_url":"https:\/\/gblexpress.com\/pl\/produkt-2\/ketamin-s-isomer-99-rein-50-g\/","og_site_name":"GBL Express","article_modified_time":"2026-02-27T10:31:39+00:00","og_image":[{"width":600,"height":600,"url":"https:\/\/gblexpress.com\/wp-content\/uploads\/2023\/05\/Ketamin-s.jpg","type":"image\/jpeg"}],"twitter_card":"summary_large_image","twitter_misc":{"Szacowany czas czytania":"2 minuty"},"schema":{"@context":"https:\/\/schema.org","@graph":[{"@type":"WebPage","@id":"https:\/\/gblexpress.com\/product\/ketamin-s-isomer-99-rein-50-g\/","url":"https:\/\/gblexpress.com\/product\/ketamin-s-isomer-99-rein-50-g\/","name":"Kup Ketamina S+ Izomer 99% czysty 500g online | Gbi Express","isPartOf":{"@id":"https:\/\/gblexpress.com\/#website"},"primaryImageOfPage":{"@id":"https:\/\/gblexpress.com\/product\/ketamin-s-isomer-99-rein-50-g\/#primaryimage"},"image":{"@id":"https:\/\/gblexpress.com\/product\/ketamin-s-isomer-99-rein-50-g\/#primaryimage"},"thumbnailUrl":"https:\/\/gblexpress.com\/wp-content\/uploads\/2023\/05\/Ketamin-s.jpg","datePublished":"2023-05-29T11:28:22+00:00","dateModified":"2026-02-27T10:31:39+00:00","description":"Odkryj nasz sklep internetowy z izomerem ketaminy S+ o czysto\u015bci 99% | 500g Oferujemy wysokiej jako\u015bci izomer ketaminy S+ o czysto\u015bci 99% | 500 gram\u00f3w. Kup ketamin\u0119 S+ Izomer 99% Czysto\u015b\u0107 | 500g online. Zam\u00f3w teraz","breadcrumb":{"@id":"https:\/\/gblexpress.com\/product\/ketamin-s-isomer-99-rein-50-g\/#breadcrumb"},"inLanguage":"pl-PL","potentialAction":[{"@type":"ReadAction","target":["https:\/\/gblexpress.com\/product\/ketamin-s-isomer-99-rein-50-g\/"]}]},{"@type":"ImageObject","inLanguage":"pl-PL","@id":"https:\/\/gblexpress.com\/product\/ketamin-s-isomer-99-rein-50-g\/#primaryimage","url":"https:\/\/gblexpress.com\/wp-content\/uploads\/2023\/05\/Ketamin-s.jpg","contentUrl":"https:\/\/gblexpress.com\/wp-content\/uploads\/2023\/05\/Ketamin-s.jpg","width":600,"height":600,"caption":"Ketamin-s online kaufen"},{"@type":"BreadcrumbList","@id":"https:\/\/gblexpress.com\/product\/ketamin-s-isomer-99-rein-50-g\/#breadcrumb","itemListElement":[{"@type":"ListItem","position":1,"name":"Home","item":"https:\/\/gblexpress.com\/"},{"@type":"ListItem","position":2,"name":"Shop","item":"https:\/\/gblexpress.com\/shop\/"},{"@type":"ListItem","position":3,"name":"Ketamin S+ Isomer 99% rein | 500g"}]},{"@type":"WebSite","@id":"https:\/\/gblexpress.com\/#website","url":"https:\/\/gblexpress.com\/","name":"GBL Express","description":"","publisher":{"@id":"https:\/\/gblexpress.com\/#organization"},"potentialAction":[{"@type":"SearchAction","target":{"@type":"EntryPoint","urlTemplate":"https:\/\/gblexpress.com\/?s={search_term_string}"},"query-input":{"@type":"PropertyValueSpecification","valueRequired":true,"valueName":"search_term_string"}}],"inLanguage":"pl-PL"},{"@type":"Organization","@id":"https:\/\/gblexpress.com\/#organization","name":"GBL Express","url":"https:\/\/gblexpress.com\/","logo":{"@type":"ImageObject","inLanguage":"pl-PL","@id":"https:\/\/gblexpress.com\/#\/schema\/logo\/image\/","url":"https:\/\/gblexpress.com\/wp-content\/uploads\/2023\/01\/logo.png","contentUrl":"https:\/\/gblexpress.com\/wp-content\/uploads\/2023\/01\/logo.png","width":250,"height":52,"caption":"GBL Express"},"image":{"@id":"https:\/\/gblexpress.com\/#\/schema\/logo\/image\/"}}]}},"jetpack-related-posts":[],"jetpack_sharing_enabled":true,"_links":{"self":[{"href":"https:\/\/gblexpress.com\/pl\/wp-json\/wp\/v2\/product\/613","targetHints":{"allow":["GET"]}}],"collection":[{"href":"https:\/\/gblexpress.com\/pl\/wp-json\/wp\/v2\/product"}],"about":[{"href":"https:\/\/gblexpress.com\/pl\/wp-json\/wp\/v2\/types\/product"}],"replies":[{"embeddable":true,"href":"https:\/\/gblexpress.com\/pl\/wp-json\/wp\/v2\/comments?post=613"}],"wp:featuredmedia":[{"embeddable":true,"href":"https:\/\/gblexpress.com\/pl\/wp-json\/wp\/v2\/media\/1630"}],"wp:attachment":[{"href":"https:\/\/gblexpress.com\/pl\/wp-json\/wp\/v2\/media?parent=613"}],"wp:term":[{"taxonomy":"product_brand","embeddable":true,"href":"https:\/\/gblexpress.com\/pl\/wp-json\/wp\/v2\/product_brand?post=613"},{"taxonomy":"product_cat","embeddable":true,"href":"https:\/\/gblexpress.com\/pl\/wp-json\/wp\/v2\/product_cat?post=613"},{"taxonomy":"product_tag","embeddable":true,"href":"https:\/\/gblexpress.com\/pl\/wp-json\/wp\/v2\/product_tag?post=613"}],"curies":[{"name":"wp","href":"https:\/\/api.w.org\/{rel}","templated":true}]}}