{"id":422,"date":"2023-01-31T08:56:25","date_gmt":"2023-01-31T08:56:25","guid":{"rendered":"https:\/\/chemswell.com\/gbl\/?page_id=422"},"modified":"2024-06-07T10:20:31","modified_gmt":"2024-06-07T10:20:31","slug":"eu-derrubo","status":"publish","type":"page","link":"https:\/\/gblexpress.com\/pt\/eu-derrubo\/","title":{"rendered":"Compre KO Drops Online"},"content":{"rendered":"<section class=\"wpb_row vc_row-fluid vc_custom_1675150671160\"><div class=\"container\"><div class=\"row\"><div class=\"wpb_column vc_column_container vc_col-sm-12\"><div class=\"vc_column-inner\"><div class=\"wpb_wrapper\"  >\n\t<div class=\"wpb_text_column wpb_content_element\" >\n\t\t<div class=\"wpb_wrapper\">\n\t\t\t<h2 style=\"text-align: center; font-size: 30px;\">COMPRE KO POTS ONLINE<\/h2>\n<h3 style=\"text-align: center;\">Compre gotas KO 100% puras online no GBLExpress<\/h3>\n<p style=\"text-align: center; font-size: 19px;\">KO Drops \u00e9 uma maneira poderosa e acess\u00edvel de melhorar sua sa\u00fade. Eles s\u00e3o chamados de gotas KO porque funcionam dissolvendo o c\u00e1lcio que est\u00e1 bloqueando suas art\u00e9rias. Ao usar gotas para dormir, voc\u00ea pode melhorar sua circula\u00e7\u00e3o e sa\u00fade geral. H\u00e1 muitos benef\u00edcios em usar KO Drops, por isso \u00e9 importante compr\u00e1-los de uma fonte confi\u00e1vel como o GBL Express. A nossa loja online ir\u00e1 ajud\u00e1-lo a encomendar gotas knockout online aos melhores pre\u00e7os. Com o suporte da nossa loja, voc\u00ea n\u00e3o precisa se preocupar onde est\u00e1 <a href=\"https:\/\/gblexpress.com\/pt\/eu-derrubo\/\"><strong>Comprar Knockout Drops<\/strong><\/a> pode.<\/p>\n\n\t\t<\/div>\n\t<\/div>\n<div class=\"vc_btn3-container vc_btn3-center\" ><a class=\"vc_general vc_btn3 vc_btn3-size-md vc_btn3-shape-square vc_btn3-style-modern vc_btn3-color-black\" href=\"https:\/\/gblexpress.com\/pt\/loja\/ko-gotas-comprar-em-linha\/\" title=\"\">Comprar agora<\/a><\/div><\/div><\/div><\/div><\/div><\/div><\/section><section class=\"wpb_row vc_row-fluid vc_custom_1675104750211\"><div class=\"container\"><div class=\"row\"><div class=\"wpb_column vc_column_container vc_col-sm-6\"><div class=\"vc_column-inner\"><div class=\"wpb_wrapper\"  >\n\t<div class=\"wpb_text_column wpb_content_element\" >\n\t\t<div class=\"wpb_wrapper\">\n\t\t\t<h2 style=\"text-align: justify;\">Compre gotas KO online sem receita m\u00e9dica<\/h2>\n<p style=\"text-align: justify;\">Knockout Drops \u00e9 um produto cada vez mais popular que pode ser usado para uma variedade de prop\u00f3sitos. Essas gotas poderosas podem ajud\u00e1-lo a relaxar, dormir melhor e at\u00e9 reduzir o estresse e a ansiedade. Mas onde comprar gotas KO online sem receita? A resposta \u00e9 GBL Express. Na GBL Express voc\u00ea pode comprar Knockout Drops online de forma r\u00e1pida e segura.<\/p>\n<h2 style=\"text-align: justify;\">Uso e efic\u00e1cia de gotas de nocaute<\/h2>\n<p style=\"text-align: justify;\">O sono \u00e9 crucial para o bem-estar geral e pode ser dif\u00edcil \u00e0s vezes. Felizmente, h\u00e1 uma variedade de op\u00e7\u00f5es para ajud\u00e1-lo a dormir o que voc\u00ea precisa. Knockout Drops s\u00e3o uma dessas op\u00e7\u00f5es - eles promovem o sono bloqueando certos horm\u00f4nios conhecidos por causar ins\u00f4nia. Knockout Drops podem ser comprados online de v\u00e1rias maneiras. Voc\u00ea pode comprar gotas KO online como gotas individuais ou em pacotes de seis ou mais gotas. Al\u00e9m disso, voc\u00ea pode encontrar Knockout Drops em muitas lojas de conveni\u00eancia e farm\u00e1cias.<\/p>\n\n\t\t<\/div>\n\t<\/div>\n\t\t\t\n\t<!-- Element: OT Button --> \n\t\t\t<a href=\"https:\/\/gblexpress.com\/pt\/loja\/ko-gotas-comprar-em-linha\/\" target=\"_self\" class=\"btn btn-line-black btn-big\">Comprar agora<\/a>\n\t    \n<\/div><\/div><\/div><div class=\"wpb_column vc_column_container vc_col-sm-6\"><div class=\"vc_column-inner\"><div class=\"wpb_wrapper\"  >\n\t<div  class=\"wpb_single_image wpb_content_element vc_align_left\">\n\t\t\n\t\t<figure class=\"wpb_wrapper vc_figure\">\n\t\t\t<div class=\"vc_single_image-wrapper vc_box_rounded  vc_box_border_grey\"><img loading=\"lazy\" decoding=\"async\" width=\"615\" height=\"615\" src=\"https:\/\/gblexpress.com\/wp-content\/uploads\/2023\/01\/buy-knockout-drops-online.jpg\" class=\"vc_single_image-img attachment-full\" alt=\"Comprar Knockout Drops Online\" srcset=\"https:\/\/gblexpress.com\/wp-content\/uploads\/2023\/01\/buy-knockout-drops-online.jpg 615w, https:\/\/gblexpress.com\/wp-content\/uploads\/2023\/01\/buy-knockout-drops-online-300x300.jpg 300w, https:\/\/gblexpress.com\/wp-content\/uploads\/2023\/01\/buy-knockout-drops-online-150x150.jpg 150w\" sizes=\"auto, (max-width: 615px) 100vw, 615px\" title=\"Comprar Knockout Drops Online\" \/><\/div>\n\t\t<\/figure>\n\t<\/div>\n<\/div><\/div><\/div><\/div><\/div><\/section><section class=\"wpb_row vc_row-fluid\"><div class=\"container\"><div class=\"row\"><div class=\"wpb_column vc_column_container vc_col-sm-6\"><div class=\"vc_column-inner\"><div class=\"wpb_wrapper\"  >\n\t<div  class=\"wpb_single_image wpb_content_element vc_align_left\">\n\t\t\n\t\t<figure class=\"wpb_wrapper vc_figure\">\n\t\t\t<div class=\"vc_single_image-wrapper vc_box_rounded  vc_box_border_grey\"><img loading=\"lazy\" decoding=\"async\" width=\"615\" height=\"350\" src=\"https:\/\/gblexpress.com\/wp-content\/uploads\/2023\/01\/ko-drops.jpg\" class=\"vc_single_image-img attachment-full\" alt=\"Comprar KO Drops Online\" srcset=\"https:\/\/gblexpress.com\/wp-content\/uploads\/2023\/01\/ko-drops.jpg 615w, https:\/\/gblexpress.com\/wp-content\/uploads\/2023\/01\/ko-drops-300x171.jpg 300w\" sizes=\"auto, (max-width: 615px) 100vw, 615px\" title=\"Comprar KO Drops Online\" \/><\/div>\n\t\t<\/figure>\n\t<\/div>\n<\/div><\/div><\/div><div class=\"wpb_column vc_column_container vc_col-sm-6\"><div class=\"vc_column-inner vc_custom_1675105084996\"><div class=\"wpb_wrapper\"  >\n\t<div class=\"wpb_text_column wpb_content_element\" >\n\t\t<div class=\"wpb_wrapper\">\n\t\t\t<h2>Por que comprar gotas de nocaute online de n\u00f3s?<\/h2>\n<p style=\"text-align: justify;\">Quando se trata de sa\u00fade, voc\u00ea precisa confiar nos melhores. \u00c9 por isso que oferecemos ingredientes de qualidade garantida em cada lote de Knockout Drops. Dispomos tamb\u00e9m de uma vasta gama de produtos perfeitamente adaptados \u00e0s suas necessidades, sejam elas quais forem. Al\u00e9m disso, nossa entrega r\u00e1pida significa que voc\u00ea receber\u00e1 suas gotas rapidamente - sem espera!<\/p>\n<p style=\"text-align: justify;\">Se por algum motivo voc\u00ea n\u00e3o estiver satisfeito com nossos produtos, oferecemos uma garantia de 100% de satisfa\u00e7\u00e3o. Al\u00e9m disso, nossas op\u00e7\u00f5es de pagamento seguras facilitam a compra de Knockout Drops sem preocupa\u00e7\u00f5es. Finalmente, nossa embalagem discreta significa que voc\u00ea pode levar Knockout Drops para qualquer lugar sem que ningu\u00e9m descubra. Compre sem receita KO Drops do GBL Express agora!<\/p>\n\n\t\t<\/div>\n\t<\/div>\n\t\t\t\n\t<!-- Element: OT Button --> \n\t\t\t<a href=\"https:\/\/gblexpress.com\/pt\/loja\/ko-gotas-comprar-em-linha\/\" target=\"_self\" class=\"btn btn-line-black btn-big\">Comprar agora<\/a>\n\t    \n<\/div><\/div><\/div><\/div><\/div><\/section><section class=\"wpb_row vc_row-fluid\"><div class=\"container\"><div class=\"row\"><div class=\"wpb_column vc_column_container vc_col-sm-12\"><div class=\"vc_column-inner\"><div class=\"wpb_wrapper\"  >\n\t<div class=\"wpb_text_column wpb_content_element\" >\n\t\t<div class=\"wpb_wrapper\">\n\t\t\t<h2 style=\"text-align: center;\">O que os knockout drops fazem?<\/h2>\n<p style=\"text-align: center;\">Se voc\u00ea est\u00e1 procurando uma maneira de aumentar sua energia e foco, precisa solicitar KO drops. Essas gotas s\u00e3o feitas de ingredientes naturais e demonstraram ser eficazes para aumentar a energia e o foco. Eles tamb\u00e9m est\u00e3o dispon\u00edveis em todo o mundo, tornando-os uma \u00f3tima op\u00e7\u00e3o para quem procura um aumento de energia em movimento. H\u00e1 uma variedade de alternativas ao uso de col\u00edrios, incluindo beber bebidas com cafe\u00edna ou comer alimentos com cafe\u00edna, como chocolate ou barras de chocolate.<\/p>\n\n\t\t<\/div>\n\t<\/div>\n<\/div><\/div><\/div><\/div><\/div><\/section><section class=\"wpb_row vc_row-fluid\"><div class=\"container\"><div class=\"row\"><div class=\"wpb_column vc_column_container vc_col-sm-12\"><div class=\"vc_column-inner\"><div class=\"wpb_wrapper\"  >\n\t<div class=\"wpb_text_column wpb_content_element\" >\n\t\t<div class=\"wpb_wrapper\">\n\t\t\t<h3 style=\"text-align: justify;\">Subst\u00e2ncias comuns em gotas de KO<\/h3>\n<p style=\"text-align: justify;\">As gotas KO \u00e0 venda podem conter v\u00e1rios sedativos, alguns dos mais comuns s\u00e3o:<\/p>\n<p style=\"text-align: justify;\">1. GHB (gama-hidroxibutirato): Muitas vezes referido como \u201cgotas nocauteadoras\u201d, o GHB \u00e9 um depressor do sistema nervoso central que pode causar sonol\u00eancia, inconsci\u00eancia e perda de mem\u00f3ria.<\/p>\n<p style=\"text-align: justify;\">2. Rohypnol (flunitrazepam): Outra droga nocauteadora not\u00f3ria, Rohypnol \u00e9 um benzodiazep\u00ednico que causa seda\u00e7\u00e3o profunda, relaxamento muscular e amn\u00e9sia.<\/p>\n<p style=\"text-align: justify;\">3. Hidrato de Cloral: Um sedativo e hipn\u00f3tico que j\u00e1 foi usado para tratar a ins\u00f4nia, mas agora \u00e9 mais conhecido por seu abuso para anestesiar indiv\u00edduos.<\/p>\n<p style=\"text-align: justify;\">N\u00e3o hesite em entrar em contato com nossa loja online para comprar gotas KO online!<\/p>\n<h3 style=\"text-align: justify;\">Efeitos e riscos<\/h3>\n<p style=\"text-align: justify;\">Ao comprar gotas KO online, os efeitos variam dependendo da subst\u00e2ncia utilizada, da dose e da fisiologia da pessoa. Os efeitos comuns s\u00e3o:<\/p>\n<p style=\"text-align: justify;\">\u25cf Seda\u00e7\u00e3o e sonol\u00eancia: As gotas KO s\u00e3o sedativos poderosos que podem deixar as pessoas extremamente sonolentas ou inconscientes.<\/p>\n<p style=\"text-align: justify;\">\u25cf Perda de mem\u00f3ria: Muitas destas subst\u00e2ncias podem causar amn\u00e9sia parcial ou completa, tornando dif\u00edcil para as pessoas lembrarem-se de eventos que ocorreram sob a influ\u00eancia da subst\u00e2ncia.<\/p>\n<p style=\"text-align: justify;\">\u25cf Perda de controle motor: Esses medicamentos podem afetar a coordena\u00e7\u00e3o e as fun\u00e7\u00f5es motoras, dificultando a movimenta\u00e7\u00e3o ou a resist\u00eancia da pessoa.<\/p>\n<p style=\"text-align: justify;\">Os riscos associados ao KO Drops online s\u00e3o significativos. Uma overdose dessas subst\u00e2ncias pode causar depress\u00e3o respirat\u00f3ria grave, coma e at\u00e9 morte. Al\u00e9m disso, a sua utiliza\u00e7\u00e3o em atividades criminosas, como agress\u00f5es sexuais ou roubos, representa uma s\u00e9ria amea\u00e7a \u00e0 seguran\u00e7a p\u00fablica.<\/p>\n<h3 style=\"text-align: justify;\">Medidas de preven\u00e7\u00e3o e seguran\u00e7a<\/h3>\n<p style=\"text-align: justify;\">Para se proteger dos perigos do KO Drops, \u00e9 importante:<\/p>\n<p style=\"text-align: justify;\">\u25cf Fique alerta: Esteja atento ao que est\u00e1 ao seu redor, especialmente em ambientes sociais como bares e discotecas.<\/p>\n<p style=\"text-align: justify;\">\u25cf Cuidado com a bebida: Nunca deixe a sua bebida sem vigil\u00e2ncia e tenha cuidado ao aceitar bebidas de estranhos.<br \/>\n\u25cf Procure ajuda imediatamente: Se suspeitar que voc\u00ea ou outra pessoa foi drogado, procure atendimento m\u00e9dico imediatamente e informe a pol\u00edcia.<\/p>\n\n\t\t<\/div>\n\t<\/div>\n<\/div><\/div><\/div><\/div><\/div><\/section><section class=\"wpb_row vc_row-fluid vc_custom_1675105544557\"><div class=\"container\"><div class=\"row\"><div class=\"wpb_column vc_column_container vc_col-sm-4\"><div class=\"vc_column-inner\"><div class=\"wpb_wrapper\"  >\n\t<div  class=\"wpb_single_image wpb_content_element vc_align_center\">\n\t\t\n\t\t<figure class=\"wpb_wrapper vc_figure\">\n\t\t\t<a href=\"https:\/\/gblexpress.com\/pt\/gbl\/\" target=\"_self\" class=\"vc_single_image-wrapper vc_box_rounded  vc_box_border_grey\"><img loading=\"lazy\" decoding=\"async\" width=\"615\" height=\"350\" src=\"https:\/\/gblexpress.com\/wp-content\/uploads\/2023\/01\/gbl-liquid.jpg\" class=\"vc_single_image-img attachment-full\" alt=\"Gama-Butirolactona GBL Compre Online\" srcset=\"https:\/\/gblexpress.com\/wp-content\/uploads\/2023\/01\/gbl-liquid.jpg 615w, https:\/\/gblexpress.com\/wp-content\/uploads\/2023\/01\/gbl-liquid-300x171.jpg 300w\" sizes=\"auto, (max-width: 615px) 100vw, 615px\" title=\"Gama-Butirolactona GBL Compre Online\" \/><\/a>\n\t\t<\/figure>\n\t<\/div>\n<h3 style=\"text-align: left\" class=\"vc_custom_heading\" ><a href=\"https:\/\/gblexpress.com\/pt\/gbl\/\">Compre GBL Online<\/a><\/h3>\n\t<div class=\"wpb_text_column wpb_content_element\" >\n\t\t<div class=\"wpb_wrapper\">\n\t\t\t<p style=\"text-align: justify;\">A GBL Express lida com medicamentos GBL h\u00e1 d\u00e9cadas e entende as necessidades de clientes de todo o mundo. Voc\u00ea pode facilmente comprar GBL sem receita m\u00e9dica aqui.<\/p>\n\n\t\t<\/div>\n\t<\/div>\n<\/div><\/div><\/div><div class=\"wpb_column vc_column_container vc_col-sm-4\"><div class=\"vc_column-inner\"><div class=\"wpb_wrapper\"  >\n\t<div  class=\"wpb_single_image wpb_content_element vc_align_center\">\n\t\t\n\t\t<figure class=\"wpb_wrapper vc_figure\">\n\t\t\t<a href=\"https:\/\/gblexpress.com\/pt\/ritalin\/\" target=\"_self\" class=\"vc_single_image-wrapper vc_box_rounded  vc_box_border_grey\"><img loading=\"lazy\" decoding=\"async\" width=\"615\" height=\"350\" src=\"https:\/\/gblexpress.com\/wp-content\/uploads\/2023\/01\/ritalin-tablets.jpg\" class=\"vc_single_image-img attachment-full\" alt=\"Comprar Ritalin Comprimidos Online\" srcset=\"https:\/\/gblexpress.com\/wp-content\/uploads\/2023\/01\/ritalin-tablets.jpg 615w, https:\/\/gblexpress.com\/wp-content\/uploads\/2023\/01\/ritalin-tablets-300x171.jpg 300w\" sizes=\"auto, (max-width: 615px) 100vw, 615px\" title=\"Comprar Ritalin Comprimidos Online\" \/><\/a>\n\t\t<\/figure>\n\t<\/div>\n<h3 style=\"text-align: left\" class=\"vc_custom_heading\" ><a href=\"https:\/\/gblexpress.com\/pt\/ritalin\/\">Compre Ritalina Online<\/a><\/h3>\n\t<div class=\"wpb_text_column wpb_content_element\" >\n\t\t<div class=\"wpb_wrapper\">\n\t\t\t<p style=\"text-align: justify;\">Quando voc\u00ea compra Ritalin online da GBLExpress, voc\u00ea pode se beneficiar de uma entrega segura e pre\u00e7os competitivos. Como farm\u00e1cia registrada, garantimos que todos os nossos produtos s\u00e3o aprovados para pacientes com TDAH.<\/p>\n\n\t\t<\/div>\n\t<\/div>\n<\/div><\/div><\/div><div class=\"wpb_column vc_column_container vc_col-sm-4\"><div class=\"vc_column-inner\"><div class=\"wpb_wrapper\"  >\n\t<div  class=\"wpb_single_image wpb_content_element vc_align_center\">\n\t\t\n\t\t<figure class=\"wpb_wrapper vc_figure\">\n\t\t\t<a href=\"https:\/\/gblexpress.com\/pt\/ghb\/\" target=\"_self\" class=\"vc_single_image-wrapper vc_box_rounded  vc_box_border_grey\"><img loading=\"lazy\" decoding=\"async\" width=\"615\" height=\"350\" src=\"https:\/\/gblexpress.com\/wp-content\/uploads\/2023\/01\/ghb-liquid.jpg\" class=\"vc_single_image-img attachment-full\" alt=\"Hidroxibutirato de gama (GHB) Comprar online\" srcset=\"https:\/\/gblexpress.com\/wp-content\/uploads\/2023\/01\/ghb-liquid.jpg 615w, https:\/\/gblexpress.com\/wp-content\/uploads\/2023\/01\/ghb-liquid-300x171.jpg 300w\" sizes=\"auto, (max-width: 615px) 100vw, 615px\" title=\"Hidroxibutirato de gama (GHB) Comprar online\" \/><\/a>\n\t\t<\/figure>\n\t<\/div>\n<h3 style=\"text-align: left\" class=\"vc_custom_heading\" ><a href=\"https:\/\/gblexpress.com\/pt\/ghb\/\">GHB Comprar Online<\/a><\/h3>\n\t<div class=\"wpb_text_column wpb_content_element\" >\n\t\t<div class=\"wpb_wrapper\">\n\t\t\t<p style=\"text-align: justify;\">Com a disponibilidade de nossa loja, voc\u00ea n\u00e3o precisa se preocupar onde comprar GHB. Na nossa loja online pode facilmente comprar GHB sem receita m\u00e9dica.<\/p>\n\n\t\t<\/div>\n\t<\/div>\n<\/div><\/div><\/div><\/div><\/div><\/section><section class=\"wpb_row vc_row-fluid call-to-action text-light bg-color vc_custom_1675107688125\"><div class=\"container\"><div class=\"row\"><div class=\"wpb_column vc_column_container vc_col-sm-8\"><div class=\"vc_column-inner\"><div class=\"wpb_wrapper\"  ><h3 style=\"text-align: left\" class=\"vc_custom_heading mt20\" >Solicite um or\u00e7amento gratuito de nossos produtos!<\/h3><\/div><\/div><\/div><div class=\"wpb_column vc_column_container vc_col-sm-4\"><div class=\"vc_column-inner\"><div class=\"wpb_wrapper\"  >\t\t\t\n\t<!-- Element: OT Button 2 --> \n\t<a href=\"http:\/\/gblexpress.com\/pt\/contate-nos\/\" title=\"Solicite agora\" target=\" _blank\" class=\"btn btn-line btn-big mt10\">Solicite agora<\/a>\t\n<\/div><\/div><\/div><\/div><\/div><\/section>","protected":false},"excerpt":{"rendered":"COMPRAR GOTAS DE KO ONLINE Compre 100 gotas de KO puro % online no GBLExpress As gotas de KO s\u00e3o uma forma poderosa e econ\u00f3mica de melhorar a sua sa\u00fade. Eles s\u00e3o chamados de gotas KO porque funcionam dissolvendo o c\u00e1lcio que bloqueia suas art\u00e9rias. Ao usar gotas KO para dormir, pode melhorar a sua circula\u00e7\u00e3o e o [...]","protected":false},"author":1,"featured_media":0,"parent":0,"menu_order":0,"comment_status":"closed","ping_status":"closed","template":"page-templates\/template-fullwidth.php","meta":{"_joinchat":[],"footnotes":""},"class_list":["post-422","page","type-page","status-publish","hentry"],"yoast_head":"<!-- This site is optimized with the Yoast SEO plugin v25.4 - https:\/\/yoast.com\/wordpress\/plugins\/seo\/ -->\n<title>KO Tropfen Online Kaufen - Knockout Tropfen Bestellen - KO Tropfen<\/title>\n<meta name=\"description\" content=\"Auf der Suche nach den besten Knockout-Tropfen zum Schlafen? Hier kannst du KO Tropfen kaufen, KO Tropfen kaufen, KO Tropfen online bestellen, KO Tropfen zum Verkauf.\" \/>\n<meta name=\"robots\" content=\"index, follow, max-snippet:-1, max-image-preview:large, max-video-preview:-1\" \/>\n<link rel=\"canonical\" href=\"https:\/\/gblexpress.com\/pt\/eu-derrubo\/\" \/>\n<meta property=\"og:locale\" content=\"pt_PT\" \/>\n<meta property=\"og:type\" content=\"article\" \/>\n<meta property=\"og:title\" content=\"KO Tropfen Online Kaufen - Knockout Tropfen Bestellen - KO Tropfen\" \/>\n<meta property=\"og:description\" content=\"Auf der Suche nach den besten Knockout-Tropfen zum Schlafen? Hier kannst du KO Tropfen kaufen, KO Tropfen kaufen, KO Tropfen online bestellen, KO Tropfen zum Verkauf.\" \/>\n<meta property=\"og:url\" content=\"https:\/\/gblexpress.com\/pt\/eu-derrubo\/\" \/>\n<meta property=\"og:site_name\" content=\"GBL Express\" \/>\n<meta property=\"article:modified_time\" content=\"2024-06-07T10:20:31+00:00\" \/>\n<meta name=\"twitter:card\" content=\"summary_large_image\" \/>\n<meta name=\"twitter:label1\" content=\"Tempo estimado de leitura\" \/>\n\t<meta name=\"twitter:data1\" content=\"5 minutos\" \/>\n<!-- \/ Yoast SEO plugin. -->","yoast_head_json":{"title":"Comprar KO Drops Online - Pedido de KO Drops - KO Drops","description":"Procura as melhores gotas de nocaute para dormir? Aqui pode comprar gotas KO, comprar gotas KO, encomendar gotas KO online, gotas KO para venda.","robots":{"index":"index","follow":"follow","max-snippet":"max-snippet:-1","max-image-preview":"max-image-preview:large","max-video-preview":"max-video-preview:-1"},"canonical":"https:\/\/gblexpress.com\/pt\/eu-derrubo\/","og_locale":"pt_PT","og_type":"article","og_title":"KO Tropfen Online Kaufen - Knockout Tropfen Bestellen - KO Tropfen","og_description":"Auf der Suche nach den besten Knockout-Tropfen zum Schlafen? Hier kannst du KO Tropfen kaufen, KO Tropfen kaufen, KO Tropfen online bestellen, KO Tropfen zum Verkauf.","og_url":"https:\/\/gblexpress.com\/pt\/eu-derrubo\/","og_site_name":"GBL Express","article_modified_time":"2024-06-07T10:20:31+00:00","twitter_card":"summary_large_image","twitter_misc":{"Tempo estimado de leitura":"5 minutos"},"schema":{"@context":"https:\/\/schema.org","@graph":[{"@type":"WebPage","@id":"https:\/\/gblexpress.com\/ko-tropfen\/","url":"https:\/\/gblexpress.com\/ko-tropfen\/","name":"Comprar KO Drops Online - Pedido de KO Drops - KO Drops","isPartOf":{"@id":"https:\/\/gblexpress.com\/#website"},"datePublished":"2023-01-31T08:56:25+00:00","dateModified":"2024-06-07T10:20:31+00:00","description":"Procura as melhores gotas de nocaute para dormir? Aqui pode comprar gotas KO, comprar gotas KO, encomendar gotas KO online, gotas KO para venda.","breadcrumb":{"@id":"https:\/\/gblexpress.com\/ko-tropfen\/#breadcrumb"},"inLanguage":"pt-PT","potentialAction":[{"@type":"ReadAction","target":["https:\/\/gblexpress.com\/ko-tropfen\/"]}]},{"@type":"BreadcrumbList","@id":"https:\/\/gblexpress.com\/ko-tropfen\/#breadcrumb","itemListElement":[{"@type":"ListItem","position":1,"name":"Home","item":"https:\/\/gblexpress.com\/"},{"@type":"ListItem","position":2,"name":"KO Tropfen Kaufen Online"}]},{"@type":"WebSite","@id":"https:\/\/gblexpress.com\/#website","url":"https:\/\/gblexpress.com\/","name":"GBL Express","description":"","publisher":{"@id":"https:\/\/gblexpress.com\/#organization"},"potentialAction":[{"@type":"SearchAction","target":{"@type":"EntryPoint","urlTemplate":"https:\/\/gblexpress.com\/?s={search_term_string}"},"query-input":{"@type":"PropertyValueSpecification","valueRequired":true,"valueName":"search_term_string"}}],"inLanguage":"pt-PT"},{"@type":"Organization","@id":"https:\/\/gblexpress.com\/#organization","name":"GBL Express","url":"https:\/\/gblexpress.com\/","logo":{"@type":"ImageObject","inLanguage":"pt-PT","@id":"https:\/\/gblexpress.com\/#\/schema\/logo\/image\/","url":"https:\/\/gblexpress.com\/wp-content\/uploads\/2023\/01\/logo.png","contentUrl":"https:\/\/gblexpress.com\/wp-content\/uploads\/2023\/01\/logo.png","width":250,"height":52,"caption":"GBL Express"},"image":{"@id":"https:\/\/gblexpress.com\/#\/schema\/logo\/image\/"}}]}},"jetpack-related-posts":[],"jetpack_sharing_enabled":true,"_links":{"self":[{"href":"https:\/\/gblexpress.com\/pt\/wp-json\/wp\/v2\/pages\/422","targetHints":{"allow":["GET"]}}],"collection":[{"href":"https:\/\/gblexpress.com\/pt\/wp-json\/wp\/v2\/pages"}],"about":[{"href":"https:\/\/gblexpress.com\/pt\/wp-json\/wp\/v2\/types\/page"}],"author":[{"embeddable":true,"href":"https:\/\/gblexpress.com\/pt\/wp-json\/wp\/v2\/users\/1"}],"replies":[{"embeddable":true,"href":"https:\/\/gblexpress.com\/pt\/wp-json\/wp\/v2\/comments?post=422"}],"version-history":[{"count":6,"href":"https:\/\/gblexpress.com\/pt\/wp-json\/wp\/v2\/pages\/422\/revisions"}],"predecessor-version":[{"id":1056,"href":"https:\/\/gblexpress.com\/pt\/wp-json\/wp\/v2\/pages\/422\/revisions\/1056"}],"wp:attachment":[{"href":"https:\/\/gblexpress.com\/pt\/wp-json\/wp\/v2\/media?parent=422"}],"curies":[{"name":"wp","href":"https:\/\/api.w.org\/{rel}","templated":true}]}}