{"id":424,"date":"2023-01-31T09:04:08","date_gmt":"2023-01-31T09:04:08","guid":{"rendered":"https:\/\/chemswell.com\/gbl\/?page_id=424"},"modified":"2024-06-07T10:17:46","modified_gmt":"2024-06-07T10:17:46","slug":"ritalin","status":"publish","type":"page","link":"https:\/\/gblexpress.com\/pt\/ritalin\/","title":{"rendered":"Compre Ritalina Online"},"content":{"rendered":"<section class=\"wpb_row vc_row-fluid vc_custom_1675150671160\"><div class=\"container\"><div class=\"row\"><div class=\"wpb_column vc_column_container vc_col-sm-12\"><div class=\"vc_column-inner\"><div class=\"wpb_wrapper\"  >\n\t<div class=\"wpb_text_column wpb_content_element\" >\n\t\t<div class=\"wpb_wrapper\">\n\t\t\t<h2 style=\"text-align: center; font-size: 30px;\">COMPRE RITALINA ON-LINE<\/h2>\n<h3 style=\"text-align: center;\">Compre GHB 100% puro online no GBLExpress<\/h3>\n<p style=\"text-align: center; font-size: 19px;\">Voc\u00ea quer <a href=\"https:\/\/gblexpress.com\/pt\/ritalin\/\"><strong>Compre Ritalina online<\/strong><\/a> de forma segura e segura? GBL Express \u00e9 a solu\u00e7\u00e3o perfeita para voc\u00ea. A Ritalina \u00e9 um medicamento eficaz e essencial para muitos portadores de TDAH, mas pode ser dif\u00edcil de obter e caro. Quando voc\u00ea compra Ritalina<br \/>\nNa GBLExpress voc\u00ea pode se beneficiar de entrega segura e pre\u00e7os competitivos. Como farm\u00e1cia registrada, garantimos que todos os nossos produtos s\u00e3o aprovados para pacientes com TDAH. Portanto, se voc\u00ea est\u00e1 se perguntando onde comprar Ritalin online, n\u00e3o procure mais, GLEExpress a pre\u00e7os competitivos! Use nosso servi\u00e7o hoje e pe\u00e7a seu Ritalin com seguran\u00e7a.<\/p>\n\n\t\t<\/div>\n\t<\/div>\n<div class=\"vc_btn3-container vc_btn3-center\" ><a class=\"vc_general vc_btn3 vc_btn3-size-md vc_btn3-shape-square vc_btn3-style-modern vc_btn3-color-black\" href=\"https:\/\/gblexpress.com\/pt\/loja\/comprar-ritalina\/\" title=\"\">Comprar agora<\/a><\/div><\/div><\/div><\/div><\/div><\/div><\/section><section class=\"wpb_row vc_row-fluid vc_custom_1675104750211\"><div class=\"container\"><div class=\"row\"><div class=\"wpb_column vc_column_container vc_col-sm-6\"><div class=\"vc_column-inner\"><div class=\"wpb_wrapper\"  >\n\t<div class=\"wpb_text_column wpb_content_element\" >\n\t\t<div class=\"wpb_wrapper\">\n\t\t\t<h2 style=\"text-align: justify;\">O que \u00e9 Ritalina e como comprar Ritalina?<\/h2>\n<p style=\"text-align: justify;\">Se voc\u00ea \u00e9 como a maioria das pessoas, conhece pelo menos uma pessoa que tem Transtorno de D\u00e9ficit de Aten\u00e7\u00e3o e Hiperatividade (TDAH). TDAH \u00e9 um transtorno mental que afeta como uma pessoa regula sua aten\u00e7\u00e3o e comportamento. As pessoas com TDAH geralmente t\u00eam problemas para focar, concentrar e controlar seus impulsos. Embora n\u00e3o haja uma cura \u00fanica para o TDAH, o tratamento geralmente envolve medicamentos como a Ritalina. Voc\u00ea pode <a href=\"https:\/\/en.wikipedia.org\/wiki\/Methylphenidate\" target=\"_blank\" rel=\"noopener\">Ritalina<\/a> Basta encomendar online no GBLExpress e esperar a entrega em breve!<\/p>\n<h2 style=\"text-align: justify;\">Uso e efic\u00e1cia da Ritalina<\/h2>\n<p style=\"text-align: justify;\">Uma droga conhecida como anfetaminas, que inclui Ritalina, \u00e9 chamada de estimulante da classe das anfetaminas. Seu uso aumenta os n\u00edveis de dopamina no c\u00e9rebro, resultando em melhor concentra\u00e7\u00e3o e capacidade de prestar aten\u00e7\u00e3o por mais tempo. As pessoas que sofrem de TDAH frequentemente recorrem a este medicamento para um melhor controle de seus sintomas.<\/p>\n\n\t\t<\/div>\n\t<\/div>\n\t\t\t\n\t<!-- Element: OT Button --> \n\t\t\t<a href=\"https:\/\/gblexpress.com\/pt\/loja\/comprar-ritalina\/\" target=\"_self\" class=\"btn btn-line-black btn-big\">Comprar agora<\/a>\n\t    \n<\/div><\/div><\/div><div class=\"wpb_column vc_column_container vc_col-sm-6\"><div class=\"vc_column-inner\"><div class=\"wpb_wrapper\"  >\n\t<div  class=\"wpb_single_image wpb_content_element vc_align_left\">\n\t\t\n\t\t<figure class=\"wpb_wrapper vc_figure\">\n\t\t\t<div class=\"vc_single_image-wrapper vc_box_rounded  vc_box_border_grey\"><img loading=\"lazy\" decoding=\"async\" width=\"615\" height=\"615\" src=\"https:\/\/gblexpress.com\/wp-content\/uploads\/2023\/01\/buy-ritalin-online.jpg\" class=\"vc_single_image-img attachment-full\" alt=\"Compre Ritalina Online\" srcset=\"https:\/\/gblexpress.com\/wp-content\/uploads\/2023\/01\/buy-ritalin-online.jpg 615w, https:\/\/gblexpress.com\/wp-content\/uploads\/2023\/01\/buy-ritalin-online-300x300.jpg 300w, https:\/\/gblexpress.com\/wp-content\/uploads\/2023\/01\/buy-ritalin-online-150x150.jpg 150w\" sizes=\"auto, (max-width: 615px) 100vw, 615px\" title=\"Compre Ritalina Online\" \/><\/div>\n\t\t<\/figure>\n\t<\/div>\n<\/div><\/div><\/div><\/div><\/div><\/section><section class=\"wpb_row vc_row-fluid\"><div class=\"container\"><div class=\"row\"><div class=\"wpb_column vc_column_container vc_col-sm-6\"><div class=\"vc_column-inner\"><div class=\"wpb_wrapper\"  >\n\t<div  class=\"wpb_single_image wpb_content_element vc_align_left\">\n\t\t\n\t\t<figure class=\"wpb_wrapper vc_figure\">\n\t\t\t<div class=\"vc_single_image-wrapper vc_box_rounded  vc_box_border_grey\"><img loading=\"lazy\" decoding=\"async\" width=\"615\" height=\"350\" src=\"https:\/\/gblexpress.com\/wp-content\/uploads\/2023\/01\/ritalin-tablets.jpg\" class=\"vc_single_image-img attachment-full\" alt=\"Comprar Ritalin Comprimidos Online\" srcset=\"https:\/\/gblexpress.com\/wp-content\/uploads\/2023\/01\/ritalin-tablets.jpg 615w, https:\/\/gblexpress.com\/wp-content\/uploads\/2023\/01\/ritalin-tablets-300x171.jpg 300w\" sizes=\"auto, (max-width: 615px) 100vw, 615px\" title=\"Comprar Ritalin Comprimidos Online\" \/><\/div>\n\t\t<\/figure>\n\t<\/div>\n<\/div><\/div><\/div><div class=\"wpb_column vc_column_container vc_col-sm-6\"><div class=\"vc_column-inner vc_custom_1675105084996\"><div class=\"wpb_wrapper\"  >\n\t<div class=\"wpb_text_column wpb_content_element\" >\n\t\t<div class=\"wpb_wrapper\">\n\t\t\t<h2>Por que comprar Ritalin online conosco?<\/h2>\n<p style=\"text-align: justify;\">No GBLExpress entendemos a import\u00e2ncia de comprar Ritalin 10mg, 20mg com seguran\u00e7a. \u00c9 por isso que oferecemos pre\u00e7os mais baixos do que as farm\u00e1cias tradicionais e nosso sistema de pagamento \u00e9 seguro e r\u00e1pido. Nossa equipe de atendimento ao cliente \u00e9 experiente e est\u00e1 pronta para responder a qualquer uma de suas perguntas sobre este medicamento ou qualquer outro produto que vendemos.<\/p>\n<p style=\"text-align: justify;\">Esteja voc\u00ea procurando por Ritalina de marca ou gen\u00e9rica, n\u00f3s o cobrimos - seguro e protegido. Compre Ritalin agora sem receita m\u00e9dica no GBLExpress!<\/p>\n\n\t\t<\/div>\n\t<\/div>\n\t\t\t\n\t<!-- Element: OT Button --> \n\t\t\t<a href=\"https:\/\/gblexpress.com\/pt\/loja\/comprar-ritalina\/\" target=\"_self\" class=\"btn btn-line-black btn-big\">Comprar agora<\/a>\n\t    \n<\/div><\/div><\/div><\/div><\/div><\/section><section class=\"wpb_row vc_row-fluid\"><div class=\"container\"><div class=\"row\"><div class=\"wpb_column vc_column_container vc_col-sm-12\"><div class=\"vc_column-inner\"><div class=\"wpb_wrapper\"  >\n\t<div class=\"wpb_text_column wpb_content_element\" >\n\t\t<div class=\"wpb_wrapper\">\n\t\t\t<h2 style=\"text-align: center;\">O que a Ritalina faz?<\/h2>\n<p style=\"text-align: center;\">A Ritalina, em particular, aumenta a quantidade de dopamina no c\u00e9rebro de duas maneiras diferentes: primeiro, inibe a recapta\u00e7\u00e3o de dopamina e, segundo, estimula a libera\u00e7\u00e3o de dopamina das c\u00e9lulas. Isso significa que mais dopamina est\u00e1 dispon\u00edvel para interagir com os receptores no c\u00e9rebro, o que ajuda a aumentar a capacidade de focar e manter a aten\u00e7\u00e3o por longos per\u00edodos de tempo.<\/p>\n\n\t\t<\/div>\n\t<\/div>\n<\/div><\/div><\/div><\/div><\/div><\/section><section class=\"wpb_row vc_row-fluid\"><div class=\"container\"><div class=\"row\"><div class=\"wpb_column vc_column_container vc_col-sm-12\"><div class=\"vc_column-inner\"><div class=\"wpb_wrapper\"  >\n\t<div class=\"wpb_text_column wpb_content_element\" >\n\t\t<div class=\"wpb_wrapper\">\n\t\t\t<h3 style=\"text-align: justify;\">\u00c9 assim que a Ritalina funciona<\/h3>\n<p style=\"text-align: justify;\">A Ritalina atua afetando os n\u00edveis de certas subst\u00e2ncias qu\u00edmicas no c\u00e9rebro, principalmente a dopamina e a norepinefrina. Esses neurotransmissores desempenham um papel fundamental na regula\u00e7\u00e3o da aten\u00e7\u00e3o, do comportamento e do sono. A Ritalina \u00e0 venda aumenta a concentra\u00e7\u00e3o desses produtos qu\u00edmicos na fenda sin\u00e1ptica, inibindo sua recapta\u00e7\u00e3o nos neur\u00f4nios e aumentando sua libera\u00e7\u00e3o, melhorando assim a comunica\u00e7\u00e3o entre os neur\u00f4nios. Este aumento da atividade dos neurotransmissores ajuda a melhorar a concentra\u00e7\u00e3o, a capacidade de aten\u00e7\u00e3o e o controle dos impulsos em indiv\u00edduos com TDAH e apoia o estado de alerta em indiv\u00edduos com narcolepsia. Na GBL Express ajudamos voc\u00ea a comprar Ritalina online a pre\u00e7os acess\u00edveis.<\/p>\n<h3 style=\"text-align: justify;\">Dosagem e Administra\u00e7\u00e3o<\/h3>\n<p style=\"text-align: justify;\">A Ritalina est\u00e1 dispon\u00edvel em nossa loja Ritan em v\u00e1rias formas, incluindo comprimidos de libera\u00e7\u00e3o imediata e prolongada, e a dosagem \u00e9 adaptada \u00e0s necessidades individuais do paciente. A forma de libera\u00e7\u00e3o imediata geralmente \u00e9 tomada duas a tr\u00eas vezes ao dia, 30 a 45 minutos antes das refei\u00e7\u00f5es. A forma de libera\u00e7\u00e3o prolongada, por outro lado, geralmente \u00e9 tomada uma vez ao dia, pela manh\u00e3. \u00c9 importante seguir as instru\u00e7\u00f5es do prescritor quanto \u00e0 dosagem e administra\u00e7\u00e3o para maximizar a efic\u00e1cia do medicamento e minimizar poss\u00edveis efeitos colaterais.<\/p>\n<h3 style=\"text-align: justify;\">Efeitos colaterais e precau\u00e7\u00f5es<\/h3>\n<p style=\"text-align: justify;\">Os efeitos colaterais comuns da Ritalina incluem nervosismo, dificuldade para dormir, perda de apetite, perda de peso, tonturas, n\u00e1useas, v\u00f4mitos e dores de cabe\u00e7a. Os efeitos colaterais mais graves, embora raros, podem incluir palpita\u00e7\u00f5es card\u00edacas, aumento da press\u00e3o arterial e altera\u00e7\u00f5es mentais\/de humor, como agita\u00e7\u00e3o, agress\u00e3o ou depress\u00e3o. \u00c9 importante que os pacientes discutam seu hist\u00f3rico m\u00e9dico com o m\u00e9dico antes de iniciar a Ritalina, especialmente se tiverem hist\u00f3rico de problemas card\u00edacos, doen\u00e7as mentais ou abuso de subst\u00e2ncias.<\/p>\n<h3 style=\"text-align: justify;\">Intera\u00e7\u00f5es entre Ritalina e outros medicamentos<\/h3>\n<p style=\"text-align: justify;\">A Ritalina pode interagir com outros medicamentos, tornando-a menos eficaz ou aumentando o risco de efeitos colaterais graves. Os pacientes devem informar ao m\u00e9dico sobre todos os medicamentos prescritos e vendidos sem receita que est\u00e3o tomando, incluindo vitaminas e suplementos de ervas. Intera\u00e7\u00f5es not\u00e1veis \u200b\u200bincluem certos antidepressivos, medicamentos para press\u00e3o arterial e anticoagulantes. \u00c1lcool e outros estimulantes do SNC devem ser evitados durante o tratamento com Ritalina para evitar o agravamento dos efeitos colaterais.<\/p>\n<p style=\"text-align: justify;\"><em><strong>Encomende Ritalina online na GBL Express e espere a entrega dos produtos desejados em um curto espa\u00e7o de tempo!<\/strong><\/em><\/p>\n\n\t\t<\/div>\n\t<\/div>\n<\/div><\/div><\/div><\/div><\/div><\/section><section class=\"wpb_row vc_row-fluid vc_custom_1675105544557\"><div class=\"container\"><div class=\"row\"><div class=\"wpb_column vc_column_container vc_col-sm-4\"><div class=\"vc_column-inner\"><div class=\"wpb_wrapper\"  >\n\t<div  class=\"wpb_single_image wpb_content_element vc_align_center\">\n\t\t\n\t\t<figure class=\"wpb_wrapper vc_figure\">\n\t\t\t<a href=\"https:\/\/gblexpress.com\/pt\/gbl\/\" target=\"_self\" class=\"vc_single_image-wrapper vc_box_rounded  vc_box_border_grey\"><img loading=\"lazy\" decoding=\"async\" width=\"615\" height=\"350\" src=\"https:\/\/gblexpress.com\/wp-content\/uploads\/2023\/01\/gbl-liquid.jpg\" class=\"vc_single_image-img attachment-full\" alt=\"Gama-Butirolactona GBL Compre Online\" srcset=\"https:\/\/gblexpress.com\/wp-content\/uploads\/2023\/01\/gbl-liquid.jpg 615w, https:\/\/gblexpress.com\/wp-content\/uploads\/2023\/01\/gbl-liquid-300x171.jpg 300w\" sizes=\"auto, (max-width: 615px) 100vw, 615px\" title=\"Gama-Butirolactona GBL Compre Online\" \/><\/a>\n\t\t<\/figure>\n\t<\/div>\n<h3 style=\"text-align: left\" class=\"vc_custom_heading\" ><a href=\"https:\/\/gblexpress.com\/pt\/gbl\/\">Compre GBL Online<\/a><\/h3>\n\t<div class=\"wpb_text_column wpb_content_element\" >\n\t\t<div class=\"wpb_wrapper\">\n\t\t\t<p style=\"text-align: justify;\">A GBL Express lida com medicamentos GBL h\u00e1 d\u00e9cadas e entende as necessidades de clientes de todo o mundo. Voc\u00ea pode facilmente comprar GBL sem receita m\u00e9dica aqui.<\/p>\n\n\t\t<\/div>\n\t<\/div>\n<\/div><\/div><\/div><div class=\"wpb_column vc_column_container vc_col-sm-4\"><div class=\"vc_column-inner\"><div class=\"wpb_wrapper\"  >\n\t<div  class=\"wpb_single_image wpb_content_element vc_align_center\">\n\t\t\n\t\t<figure class=\"wpb_wrapper vc_figure\">\n\t\t\t<a href=\"https:\/\/gblexpress.com\/pt\/ghb\/\" target=\"_self\" class=\"vc_single_image-wrapper vc_box_rounded  vc_box_border_grey\"><img loading=\"lazy\" decoding=\"async\" width=\"615\" height=\"350\" src=\"https:\/\/gblexpress.com\/wp-content\/uploads\/2023\/01\/ghb-liquid.jpg\" class=\"vc_single_image-img attachment-full\" alt=\"Hidroxibutirato de gama (GHB) Comprar online\" srcset=\"https:\/\/gblexpress.com\/wp-content\/uploads\/2023\/01\/ghb-liquid.jpg 615w, https:\/\/gblexpress.com\/wp-content\/uploads\/2023\/01\/ghb-liquid-300x171.jpg 300w\" sizes=\"auto, (max-width: 615px) 100vw, 615px\" title=\"Hidroxibutirato de gama (GHB) Comprar online\" \/><\/a>\n\t\t<\/figure>\n\t<\/div>\n<h3 style=\"text-align: left\" class=\"vc_custom_heading\" ><a href=\"https:\/\/gblexpress.com\/pt\/ghb\/\">Compre GHB on-line<\/a><\/h3>\n\t<div class=\"wpb_text_column wpb_content_element\" >\n\t\t<div class=\"wpb_wrapper\">\n\t\t\t<p style=\"text-align: justify;\">Com a disponibilidade de nossa loja, voc\u00ea n\u00e3o precisa se preocupar onde comprar GHB. Na nossa loja online pode facilmente comprar GHB sem receita m\u00e9dica.<\/p>\n\n\t\t<\/div>\n\t<\/div>\n<\/div><\/div><\/div><div class=\"wpb_column vc_column_container vc_col-sm-4\"><div class=\"vc_column-inner\"><div class=\"wpb_wrapper\"  >\n\t<div  class=\"wpb_single_image wpb_content_element vc_align_center\">\n\t\t\n\t\t<figure class=\"wpb_wrapper vc_figure\">\n\t\t\t<a href=\"https:\/\/gblexpress.com\/pt\/eu-derrubo\/\" target=\"_self\" class=\"vc_single_image-wrapper vc_box_rounded  vc_box_border_grey\"><img loading=\"lazy\" decoding=\"async\" width=\"615\" height=\"350\" src=\"https:\/\/gblexpress.com\/wp-content\/uploads\/2023\/01\/ko-drops.jpg\" class=\"vc_single_image-img attachment-full\" alt=\"Comprar KO Drops Online\" srcset=\"https:\/\/gblexpress.com\/wp-content\/uploads\/2023\/01\/ko-drops.jpg 615w, https:\/\/gblexpress.com\/wp-content\/uploads\/2023\/01\/ko-drops-300x171.jpg 300w\" sizes=\"auto, (max-width: 615px) 100vw, 615px\" title=\"Comprar KO Drops Online\" \/><\/a>\n\t\t<\/figure>\n\t<\/div>\n<h3 style=\"text-align: left\" class=\"vc_custom_heading\" ><a href=\"https:\/\/gblexpress.com\/pt\/eu-derrubo\/\">Compre KO Drops Online<\/a><\/h3>\n\t<div class=\"wpb_text_column wpb_content_element\" >\n\t\t<div class=\"wpb_wrapper\">\n\t\t\t<p style=\"text-align: justify;\">A nossa loja online ir\u00e1 ajud\u00e1-lo a encomendar gotas knockout online aos melhores pre\u00e7os. Com o apoio da nossa loja, voc\u00ea n\u00e3o precisa se preocupar onde comprar gotas de nocaute.<\/p>\n\n\t\t<\/div>\n\t<\/div>\n<\/div><\/div><\/div><\/div><\/div><\/section><section class=\"wpb_row vc_row-fluid call-to-action text-light bg-color vc_custom_1675107688125\"><div class=\"container\"><div class=\"row\"><div class=\"wpb_column vc_column_container vc_col-sm-8\"><div class=\"vc_column-inner\"><div class=\"wpb_wrapper\"  ><h3 style=\"text-align: left\" class=\"vc_custom_heading mt20\" >Solicite um or\u00e7amento gratuito de nossos produtos!<\/h3><\/div><\/div><\/div><div class=\"wpb_column vc_column_container vc_col-sm-4\"><div class=\"vc_column-inner\"><div class=\"wpb_wrapper\"  >\t\t\t\n\t<!-- Element: OT Button 2 --> \n\t<a href=\"http:\/\/gblexpress.com\/pt\/contate-nos\/\" title=\"Solicite agora\" target=\" _blank\" class=\"btn btn-line btn-big mt10\">Solicite agora<\/a>\t\n<\/div><\/div><\/div><\/div><\/div><\/section>","protected":false},"excerpt":{"rendered":"COMPRAR RITALINA ONLINE Comprar 100 % de Ritalina pura online na GBLExpress Quer comprar Ritalina online de forma segura e protegida? A GBL Express \u00e9 a solu\u00e7\u00e3o perfeita para si. A Ritalina \u00e9 um medicamento eficaz e essencial para muitos pacientes com TDAH, mas pode ser dif\u00edcil de obter e caro. Quando compra Ritalina na GBLExpress [...]","protected":false},"author":1,"featured_media":0,"parent":0,"menu_order":0,"comment_status":"closed","ping_status":"closed","template":"page-templates\/template-fullwidth.php","meta":{"_joinchat":[],"footnotes":""},"class_list":["post-424","page","type-page","status-publish","hentry"],"yoast_head":"<!-- This site is optimized with the Yoast SEO plugin v25.4 - https:\/\/yoast.com\/wordpress\/plugins\/seo\/ -->\n<title>Ritalin Online Kaufen - Ritalin online bestellen - Ritalin tabletten<\/title>\n<meta name=\"description\" content=\"Auf der Suche nach Ritalin-Tabletten in bester Qualit\u00e4t online 10 mg, 20 mg, 30 mg? Wir sind der beste Lieferant von Ritalin. Sie k\u00f6nnen Ritalin online kaufen, Ritalin legal bestellen.\" \/>\n<meta name=\"robots\" content=\"index, follow, max-snippet:-1, max-image-preview:large, max-video-preview:-1\" \/>\n<link rel=\"canonical\" href=\"https:\/\/gblexpress.com\/pt\/ritalin\/\" \/>\n<meta property=\"og:locale\" content=\"pt_PT\" \/>\n<meta property=\"og:type\" content=\"article\" \/>\n<meta property=\"og:title\" content=\"Ritalin Online Kaufen - Ritalin online bestellen - Ritalin tabletten\" \/>\n<meta property=\"og:description\" content=\"Auf der Suche nach Ritalin-Tabletten in bester Qualit\u00e4t online 10 mg, 20 mg, 30 mg? Wir sind der beste Lieferant von Ritalin. Sie k\u00f6nnen Ritalin online kaufen, Ritalin legal bestellen.\" \/>\n<meta property=\"og:url\" content=\"https:\/\/gblexpress.com\/pt\/ritalin\/\" \/>\n<meta property=\"og:site_name\" content=\"GBL Express\" \/>\n<meta property=\"article:modified_time\" content=\"2024-06-07T10:17:46+00:00\" \/>\n<meta name=\"twitter:card\" content=\"summary_large_image\" \/>\n<meta name=\"twitter:label1\" content=\"Tempo estimado de leitura\" \/>\n\t<meta name=\"twitter:data1\" content=\"5 minutos\" \/>\n<!-- \/ Yoast SEO plugin. -->","yoast_head_json":{"title":"Comprar Ritalin Online - Encomendar Ritalin Online - Comprimidos Ritalin","description":"Procura comprimidos de Ritalina de melhor qualidade em linha 10 mg, 20 mg, 30 mg? Somos o melhor fornecedor de Ritalina. Pode comprar Ritalina online, encomendar Ritalina legalmente.","robots":{"index":"index","follow":"follow","max-snippet":"max-snippet:-1","max-image-preview":"max-image-preview:large","max-video-preview":"max-video-preview:-1"},"canonical":"https:\/\/gblexpress.com\/pt\/ritalin\/","og_locale":"pt_PT","og_type":"article","og_title":"Ritalin Online Kaufen - Ritalin online bestellen - Ritalin tabletten","og_description":"Auf der Suche nach Ritalin-Tabletten in bester Qualit\u00e4t online 10 mg, 20 mg, 30 mg? Wir sind der beste Lieferant von Ritalin. Sie k\u00f6nnen Ritalin online kaufen, Ritalin legal bestellen.","og_url":"https:\/\/gblexpress.com\/pt\/ritalin\/","og_site_name":"GBL Express","article_modified_time":"2024-06-07T10:17:46+00:00","twitter_card":"summary_large_image","twitter_misc":{"Tempo estimado de leitura":"5 minutos"},"schema":{"@context":"https:\/\/schema.org","@graph":[{"@type":"WebPage","@id":"https:\/\/gblexpress.com\/ritalin\/","url":"https:\/\/gblexpress.com\/ritalin\/","name":"Comprar Ritalin Online - Encomendar Ritalin Online - Comprimidos Ritalin","isPartOf":{"@id":"https:\/\/gblexpress.com\/#website"},"datePublished":"2023-01-31T09:04:08+00:00","dateModified":"2024-06-07T10:17:46+00:00","description":"Procura comprimidos de Ritalina de melhor qualidade em linha 10 mg, 20 mg, 30 mg? Somos o melhor fornecedor de Ritalina. Pode comprar Ritalina online, encomendar Ritalina legalmente.","breadcrumb":{"@id":"https:\/\/gblexpress.com\/ritalin\/#breadcrumb"},"inLanguage":"pt-PT","potentialAction":[{"@type":"ReadAction","target":["https:\/\/gblexpress.com\/ritalin\/"]}]},{"@type":"BreadcrumbList","@id":"https:\/\/gblexpress.com\/ritalin\/#breadcrumb","itemListElement":[{"@type":"ListItem","position":1,"name":"Home","item":"https:\/\/gblexpress.com\/"},{"@type":"ListItem","position":2,"name":"Ritalin Online Kaufen"}]},{"@type":"WebSite","@id":"https:\/\/gblexpress.com\/#website","url":"https:\/\/gblexpress.com\/","name":"GBL Express","description":"","publisher":{"@id":"https:\/\/gblexpress.com\/#organization"},"potentialAction":[{"@type":"SearchAction","target":{"@type":"EntryPoint","urlTemplate":"https:\/\/gblexpress.com\/?s={search_term_string}"},"query-input":{"@type":"PropertyValueSpecification","valueRequired":true,"valueName":"search_term_string"}}],"inLanguage":"pt-PT"},{"@type":"Organization","@id":"https:\/\/gblexpress.com\/#organization","name":"GBL Express","url":"https:\/\/gblexpress.com\/","logo":{"@type":"ImageObject","inLanguage":"pt-PT","@id":"https:\/\/gblexpress.com\/#\/schema\/logo\/image\/","url":"https:\/\/gblexpress.com\/wp-content\/uploads\/2023\/01\/logo.png","contentUrl":"https:\/\/gblexpress.com\/wp-content\/uploads\/2023\/01\/logo.png","width":250,"height":52,"caption":"GBL Express"},"image":{"@id":"https:\/\/gblexpress.com\/#\/schema\/logo\/image\/"}}]}},"jetpack-related-posts":[],"jetpack_sharing_enabled":true,"_links":{"self":[{"href":"https:\/\/gblexpress.com\/pt\/wp-json\/wp\/v2\/pages\/424","targetHints":{"allow":["GET"]}}],"collection":[{"href":"https:\/\/gblexpress.com\/pt\/wp-json\/wp\/v2\/pages"}],"about":[{"href":"https:\/\/gblexpress.com\/pt\/wp-json\/wp\/v2\/types\/page"}],"author":[{"embeddable":true,"href":"https:\/\/gblexpress.com\/pt\/wp-json\/wp\/v2\/users\/1"}],"replies":[{"embeddable":true,"href":"https:\/\/gblexpress.com\/pt\/wp-json\/wp\/v2\/comments?post=424"}],"version-history":[{"count":9,"href":"https:\/\/gblexpress.com\/pt\/wp-json\/wp\/v2\/pages\/424\/revisions"}],"predecessor-version":[{"id":1055,"href":"https:\/\/gblexpress.com\/pt\/wp-json\/wp\/v2\/pages\/424\/revisions\/1055"}],"wp:attachment":[{"href":"https:\/\/gblexpress.com\/pt\/wp-json\/wp\/v2\/media?parent=424"}],"curies":[{"name":"wp","href":"https:\/\/api.w.org\/{rel}","templated":true}]}}