{"id":1262,"date":"2024-11-26T08:00:50","date_gmt":"2024-11-26T08:00:50","guid":{"rendered":"https:\/\/gblexpress.com\/?post_type=product&#038;p=1262"},"modified":"2026-02-24T11:30:35","modified_gmt":"2026-02-24T11:30:35","slug":"amfetamina","status":"publish","type":"product","link":"https:\/\/gblexpress.com\/pt\/produto-2\/amfetamina\/","title":{"rendered":"Amfetamina"},"content":{"rendered":"<h2><strong>Amfetamina online Kaufen: Maximieren Sie Ihre Konzentration und Produktivit\u00e4t<\/strong><\/h2>\n<p>Amfetamina ist ein bekanntes Mittel, das h\u00e4ufig verwendet wird, um die Konzentration zu steigern, den Fokus zu verbessern und die Symptome von ADHS zu behandeln. Wenn Sie auf der Suche nach einer effektiven L\u00f6sung sind, um Ihre kognitiven F\u00e4higkeiten zu verbessern oder Ihre Produktivit\u00e4t zu steigern, ist Amfetamina die ideale Wahl <a href=\"https:\/\/gblexpress.com\/pt\/produto-2\/amfetamina\/\">Comprar Amfetamina online<\/a><a href=\"https:\/\/gblexpress.com\/pt\/loja\/gbl-comprar-online-comprar-butirolactona\/\">.<\/a><\/p>\n<h3><strong>Porqu\u00ea escolher a Amfetamina?<\/strong><\/h3>\n<p><strong>1. amfetamina para a concentra\u00e7\u00e3o e a aten\u00e7\u00e3o<\/strong><br \/>\nAmfetamina actua diretamente no sistema nervoso central e ajuda a aumentar a concentra\u00e7\u00e3o e o foco mental. \u00c9 um excelente apoio especialmente para estudantes ou profissionais que querem maximizar a sua efici\u00eancia<a href=\"https:\/\/cokebricks.com\/product\/fishscale-cocaine\/\">.<\/a><\/p>\n<p><strong>2. amfetamina para o tratamento da PHDA<\/strong><br \/>\nA amfetamina \u00e9 frequentemente utilizada no tratamento da PHDA, pois ajuda a reduzir sintomas como a desaten\u00e7\u00e3o, a impulsividade e a hiperatividade. Isto permite que as pessoas afectadas se concentrem melhor nas tarefas e atinjam os seus objectivos.<\/p>\n<p><strong>3. dosagem eficaz e efeito r\u00e1pido<\/strong><br \/>\nCom uma dosagem correta de Amfetamina, \u00e9 poss\u00edvel obter resultados r\u00e1pidos. Est\u00e1 dispon\u00edvel em forma de comprimido, o que torna a sua utiliza\u00e7\u00e3o f\u00e1cil e discreta. Informe-se sobre a dosagem correta para obter os melhores resultados.<\/p>\n<p><strong>4. amfetamina para o estudo e a produtividade<\/strong><br \/>\nA amfetamina \u00e9 frequentemente procurada por pessoas que querem melhorar o seu desempenho mental, especialmente durante per\u00edodos de stress, como exames ou per\u00edodos intensos de trabalho. Ajuda-o a manter-se concentrado durante mais tempo e a trabalhar de forma mais eficiente.<\/p>\n<p><strong>Onde se pode comprar Amfetamina?<\/strong><\/p>\n<p>Muitos utilizadores procuram op\u00e7\u00f5es seguras e fi\u00e1veis, <a href=\"https:\/\/en.wikipedia.org\/wiki\/Amphetamine\"><strong>Comprar Amfetamina online<\/strong><\/a>. Na nossa farm\u00e1cia online pode encomendar Amfetamina sem receita m\u00e9dica e beneficiar de uma entrega r\u00e1pida. O nosso servi\u00e7o oferece-lhe op\u00e7\u00f5es de encomenda simples e embalagens discretas para proteger a sua privacidade.<\/p>\n<p><strong>Consultas de pesquisa frequentes dos nossos utilizadores<\/strong><\/p>\n<ol>\n<li><strong>Comprar Amfetamina online<\/strong><\/li>\n<li><strong>Comparar pre\u00e7os Amfetamina<\/strong><\/li>\n<li><strong>Dosagem de Amfetamina para a PHDA<\/strong><\/li>\n<li><strong>Amfetamina para a concentra\u00e7\u00e3o e a aten\u00e7\u00e3o<\/strong><\/li>\n<li><strong>Encomendar Amfetamina barato<\/strong><\/li>\n<li><strong>Comprar Amfetamina sem receita m\u00e9dica<\/strong><\/li>\n<li><strong>Amfetamina para o estudo e a produtividade<\/strong><\/li>\n<\/ol>\n<h3><strong>Qu\u00e3o seguro \u00e9 o Amfetamina?<\/strong><\/h3>\n<p>A utiliza\u00e7\u00e3o correta de Amfetamina \u00e9 crucial para obter o m\u00e1ximo de benef\u00edcios e minimizar os efeitos secund\u00e1rios. Informe-se sobre os poss\u00edveis <strong>Efeitos secund\u00e1rios de Amfetamina<\/strong> e respeitar a dosagem recomendada. Com uma utiliza\u00e7\u00e3o respons\u00e1vel, pode atingir os seus objectivos em seguran\u00e7a.<\/p>\n<h3><strong>Encomendar Amfetamina agora<\/strong><\/h3>\n<p>D\u00ea o primeiro passo para uma maior concentra\u00e7\u00e3o e produtividade. <strong>Encomendar Amfetamina online<\/strong> e beneficiar de uma entrega r\u00e1pida e fi\u00e1vel. Descubra como \u00e9 f\u00e1cil aumentar o seu desempenho mental e dominar os seus desafios di\u00e1rios com mais energia e clareza.<\/p>","protected":false},"excerpt":{"rendered":"<p><strong>Amfetamina<\/strong>um poderoso estimulante do <strong>Classe das fenetilaminas<\/strong>\u00e9 frequentemente utilizado para tratar a perturba\u00e7\u00e3o de d\u00e9fice de aten\u00e7\u00e3o\/hiperatividade (PHDA) e a narcolepsia. \u00c9 tamb\u00e9m um importante objeto de investiga\u00e7\u00e3o em neuroci\u00eancia e farmacologia, a fim de compreender o efeito dos estimulantes nas fun\u00e7\u00f5es cognitivas, na motiva\u00e7\u00e3o e nos mecanismos neurol\u00f3gicos.<\/p>\n<p><strong>Como \u00e9 que o Amfetamina funciona?<\/strong><br \/>\nA amfetamina aumenta a liberta\u00e7\u00e3o de <strong>Dopamina<\/strong> e <strong>Noradrenalina<\/strong> no c\u00e9rebro e, ao mesmo tempo, inibe a sua recapta\u00e7\u00e3o. Isto conduz a um aumento da concentra\u00e7\u00e3o, da energia e das capacidades cognitivas.<\/p>\n<ul>\n<li><strong>Efeitos:<\/strong> Melhoria do estado de alerta, aumento da motiva\u00e7\u00e3o e da aten\u00e7\u00e3o.<\/li>\n<li><strong>In\u00edcio do efeito:<\/strong> 20-60 minutos ap\u00f3s a ingest\u00e3o.<\/li>\n<li><strong>Dura\u00e7\u00e3o do efeito:<\/strong> 4-8 horas, dependendo da dose e da rea\u00e7\u00e3o individual.<\/li>\n<\/ul>\n<p><strong>F\u00f3rmula e propriedades<\/strong><\/p>\n<ul>\n<li><strong>Denomina\u00e7\u00e3o qu\u00edmica:<\/strong> Alfa-metilfeniletilamina<\/li>\n<li><strong>F\u00f3rmula molecular:<\/strong> C9H13N<\/li>\n<li><strong>Peso molecular:<\/strong> 135,21 g\/mol<\/li>\n<\/ul>","protected":false},"featured_media":1610,"comment_status":"open","ping_status":"closed","template":"","meta":{"_joinchat":[]},"product_brand":[],"product_cat":[33,34,36,35,246],"product_tag":[358,366,361,385,367,383,369,379,378,370,371,368,384,360,372,365,363,364,362,377,386,374,373,376,381,380,359,375,382],"class_list":{"0":"post-1262","1":"product","2":"type-product","3":"status-publish","4":"has-post-thumbnail","6":"product_cat-gbl-gamma-butyrolactone-25l","7":"product_cat-ghb","8":"product_cat-ko-drops","9":"product_cat-ritalin","10":"product_cat-sex-meth","11":"product_tag-amfetamina","12":"product_tag-amfetamina-anwendung","13":"product_tag-amfetamina-bestellen","14":"product_tag-amfetamina-chemikalien","15":"product_tag-amfetamina-dosierung","16":"product_tag-amfetamina-fuer-apotheken","17":"product_tag-amfetamina-fuer-forschung","18":"product_tag-amfetamina-fuer-industrielle-zwecke","19":"product_tag-amfetamina-fuer-konzentration","20":"product_tag-amfetamina-fuer-labore","21":"product_tag-amfetamina-fuer-medizinische-zwecke","22":"product_tag-amfetamina-grosshandel","23":"product_tag-amfetamina-in-deutschland-kaufen","24":"product_tag-amfetamina-kaufen","25":"product_tag-amfetamina-lagerung","26":"product_tag-amfetamina-legal-kaufen","27":"product_tag-amfetamina-lieferant","28":"product_tag-amfetamina-online-kaufen","29":"product_tag-amfetamina-preis","30":"product_tag-amfetamina-pulver","31":"product_tag-amfetamina-reinheit","32":"product_tag-amfetamina-risiken","33":"product_tag-amfetamina-sicherheitsrichtlinien","34":"product_tag-amfetamina-tabletten","35":"product_tag-amfetamina-vertrieb","36":"product_tag-amfetamina-weltweit-bestellen","37":"product_tag-amphetamin","38":"product_tag-amphetamin-kaufen","39":"product_tag-wo-amfetamina-kaufen","41":"first","42":"instock","43":"shipping-taxable","44":"purchasable","45":"product-type-variable"},"yoast_head":"<!-- This site is optimized with the Yoast SEO plugin v25.4 - https:\/\/yoast.com\/wordpress\/plugins\/seo\/ -->\n<title>Amfetamina online kaufen \u2013 Amfetamina zum Verkauf<\/title>\n<meta name=\"description\" content=\"M\u00f6chten Sie Amfetamin online kaufen? Entdecken Sie die nahtlose Plattform unseres Online-Shops, auf der Sie Amfetamin in h\u00f6chster Qualit\u00e4t f\u00fcr Ihre Forschungsanforderungen erwerben k\u00f6nnen.\" \/>\n<meta name=\"robots\" content=\"index, follow, max-snippet:-1, max-image-preview:large, max-video-preview:-1\" \/>\n<link rel=\"canonical\" href=\"https:\/\/gblexpress.com\/pt\/produto-2\/amfetamina\/\" \/>\n<meta property=\"og:locale\" content=\"pt_PT\" \/>\n<meta property=\"og:type\" content=\"article\" \/>\n<meta property=\"og:title\" content=\"Amfetamina online kaufen \u2013 Amfetamina zum Verkauf\" \/>\n<meta property=\"og:description\" content=\"M\u00f6chten Sie Amfetamin online kaufen? Entdecken Sie die nahtlose Plattform unseres Online-Shops, auf der Sie Amfetamin in h\u00f6chster Qualit\u00e4t f\u00fcr Ihre Forschungsanforderungen erwerben k\u00f6nnen.\" \/>\n<meta property=\"og:url\" content=\"https:\/\/gblexpress.com\/pt\/produto-2\/amfetamina\/\" \/>\n<meta property=\"og:site_name\" content=\"GBL Express\" \/>\n<meta property=\"article:modified_time\" content=\"2026-02-24T11:30:35+00:00\" \/>\n<meta property=\"og:image\" content=\"https:\/\/gblexpress.com\/wp-content\/uploads\/2024\/11\/Amfetamina.jpg\" \/>\n\t<meta property=\"og:image:width\" content=\"600\" \/>\n\t<meta property=\"og:image:height\" content=\"600\" \/>\n\t<meta property=\"og:image:type\" content=\"image\/jpeg\" \/>\n<meta name=\"twitter:card\" content=\"summary_large_image\" \/>\n<meta name=\"twitter:label1\" content=\"Tempo estimado de leitura\" \/>\n\t<meta name=\"twitter:data1\" content=\"2 minutos\" \/>\n<!-- \/ Yoast SEO plugin. -->","yoast_head_json":{"title":"Comprar Amfetamina online \u2013 Amfetamina \u00e0 venda","description":"Quer comprar anfetamina online? Descubra a nossa plataforma de loja online perfeita, onde pode comprar anfetamina da mais alta qualidade para as suas necessidades de pesquisa.","robots":{"index":"index","follow":"follow","max-snippet":"max-snippet:-1","max-image-preview":"max-image-preview:large","max-video-preview":"max-video-preview:-1"},"canonical":"https:\/\/gblexpress.com\/pt\/produto-2\/amfetamina\/","og_locale":"pt_PT","og_type":"article","og_title":"Amfetamina online kaufen \u2013 Amfetamina zum Verkauf","og_description":"M\u00f6chten Sie Amfetamin online kaufen? Entdecken Sie die nahtlose Plattform unseres Online-Shops, auf der Sie Amfetamin in h\u00f6chster Qualit\u00e4t f\u00fcr Ihre Forschungsanforderungen erwerben k\u00f6nnen.","og_url":"https:\/\/gblexpress.com\/pt\/produto-2\/amfetamina\/","og_site_name":"GBL Express","article_modified_time":"2026-02-24T11:30:35+00:00","og_image":[{"width":600,"height":600,"url":"https:\/\/gblexpress.com\/wp-content\/uploads\/2024\/11\/Amfetamina.jpg","type":"image\/jpeg"}],"twitter_card":"summary_large_image","twitter_misc":{"Tempo estimado de leitura":"2 minutos"},"schema":{"@context":"https:\/\/schema.org","@graph":[{"@type":"WebPage","@id":"https:\/\/gblexpress.com\/product\/amfetamina\/","url":"https:\/\/gblexpress.com\/product\/amfetamina\/","name":"Comprar Amfetamina online \u2013 Amfetamina \u00e0 venda","isPartOf":{"@id":"https:\/\/gblexpress.com\/#website"},"primaryImageOfPage":{"@id":"https:\/\/gblexpress.com\/product\/amfetamina\/#primaryimage"},"image":{"@id":"https:\/\/gblexpress.com\/product\/amfetamina\/#primaryimage"},"thumbnailUrl":"https:\/\/gblexpress.com\/wp-content\/uploads\/2024\/11\/Amfetamina.jpg","datePublished":"2024-11-26T08:00:50+00:00","dateModified":"2026-02-24T11:30:35+00:00","description":"Quer comprar anfetamina online? Descubra a nossa plataforma de loja online perfeita, onde pode comprar anfetamina da mais alta qualidade para as suas necessidades de pesquisa.","breadcrumb":{"@id":"https:\/\/gblexpress.com\/product\/amfetamina\/#breadcrumb"},"inLanguage":"pt-PT","potentialAction":[{"@type":"ReadAction","target":["https:\/\/gblexpress.com\/product\/amfetamina\/"]}]},{"@type":"ImageObject","inLanguage":"pt-PT","@id":"https:\/\/gblexpress.com\/product\/amfetamina\/#primaryimage","url":"https:\/\/gblexpress.com\/wp-content\/uploads\/2024\/11\/Amfetamina.jpg","contentUrl":"https:\/\/gblexpress.com\/wp-content\/uploads\/2024\/11\/Amfetamina.jpg","width":600,"height":600,"caption":"Amfetamina online kaufen"},{"@type":"BreadcrumbList","@id":"https:\/\/gblexpress.com\/product\/amfetamina\/#breadcrumb","itemListElement":[{"@type":"ListItem","position":1,"name":"Home","item":"https:\/\/gblexpress.com\/"},{"@type":"ListItem","position":2,"name":"Shop","item":"https:\/\/gblexpress.com\/shop\/"},{"@type":"ListItem","position":3,"name":"Amfetamina"}]},{"@type":"WebSite","@id":"https:\/\/gblexpress.com\/#website","url":"https:\/\/gblexpress.com\/","name":"GBL Express","description":"","publisher":{"@id":"https:\/\/gblexpress.com\/#organization"},"potentialAction":[{"@type":"SearchAction","target":{"@type":"EntryPoint","urlTemplate":"https:\/\/gblexpress.com\/?s={search_term_string}"},"query-input":{"@type":"PropertyValueSpecification","valueRequired":true,"valueName":"search_term_string"}}],"inLanguage":"pt-PT"},{"@type":"Organization","@id":"https:\/\/gblexpress.com\/#organization","name":"GBL Express","url":"https:\/\/gblexpress.com\/","logo":{"@type":"ImageObject","inLanguage":"pt-PT","@id":"https:\/\/gblexpress.com\/#\/schema\/logo\/image\/","url":"https:\/\/gblexpress.com\/wp-content\/uploads\/2023\/01\/logo.png","contentUrl":"https:\/\/gblexpress.com\/wp-content\/uploads\/2023\/01\/logo.png","width":250,"height":52,"caption":"GBL Express"},"image":{"@id":"https:\/\/gblexpress.com\/#\/schema\/logo\/image\/"}}]}},"jetpack-related-posts":[],"jetpack_sharing_enabled":true,"_links":{"self":[{"href":"https:\/\/gblexpress.com\/pt\/wp-json\/wp\/v2\/product\/1262","targetHints":{"allow":["GET"]}}],"collection":[{"href":"https:\/\/gblexpress.com\/pt\/wp-json\/wp\/v2\/product"}],"about":[{"href":"https:\/\/gblexpress.com\/pt\/wp-json\/wp\/v2\/types\/product"}],"replies":[{"embeddable":true,"href":"https:\/\/gblexpress.com\/pt\/wp-json\/wp\/v2\/comments?post=1262"}],"wp:featuredmedia":[{"embeddable":true,"href":"https:\/\/gblexpress.com\/pt\/wp-json\/wp\/v2\/media\/1610"}],"wp:attachment":[{"href":"https:\/\/gblexpress.com\/pt\/wp-json\/wp\/v2\/media?parent=1262"}],"wp:term":[{"taxonomy":"product_brand","embeddable":true,"href":"https:\/\/gblexpress.com\/pt\/wp-json\/wp\/v2\/product_brand?post=1262"},{"taxonomy":"product_cat","embeddable":true,"href":"https:\/\/gblexpress.com\/pt\/wp-json\/wp\/v2\/product_cat?post=1262"},{"taxonomy":"product_tag","embeddable":true,"href":"https:\/\/gblexpress.com\/pt\/wp-json\/wp\/v2\/product_tag?post=1262"}],"curies":[{"name":"wp","href":"https:\/\/api.w.org\/{rel}","templated":true}]}}