{"id":1264,"date":"2024-11-26T08:00:45","date_gmt":"2024-11-26T08:00:45","guid":{"rendered":"https:\/\/gblexpress.com\/?post_type=product&#038;p=1264"},"modified":"2026-02-26T07:24:54","modified_gmt":"2026-02-26T07:24:54","slug":"heroina","status":"publish","type":"product","link":"https:\/\/gblexpress.com\/pt\/produto-2\/heroina\/","title":{"rendered":"Hero\u00edna"},"content":{"rendered":"<h2><strong>Heroina Online kaufen: Wichtige Informationen zu Typen und Verwendung<\/strong><\/h2>\n<p><a href=\"https:\/\/en.wikipedia.org\/wiki\/Heroin\"><strong>Hero\u00edna<\/strong><\/a> \u00e9 uma subst\u00e2ncia que est\u00e1 dispon\u00edvel em v\u00e1rias formas e tipos. Devido \u00e0s suas propriedades, \u00e9 frequentemente procurada por utilizadores que procuram efeitos e aplica\u00e7\u00f5es espec\u00edficas. Se <a href=\"https:\/\/gblexpress.com\/pt\/produto-2\/heroina\/\"><strong>Comprar Hero\u00edna<\/strong><\/a> \u00e9 importante compreender os diferentes tipos, os seus efeitos e utiliza\u00e7\u00f5es seguras<a href=\"https:\/\/gblexprimer.com\/product\/ketamine-s-isomere-99-rene-500g\/\">.<\/a><\/p>\n<h3><strong>Tipos de hero\u00edna<\/strong><\/h3>\n<p><strong>1. Hero\u00edna branca em p\u00f3<\/strong><br \/>\nA hero\u00edna branca \u00e9 altamente purificada e \u00e9 normalmente utilizada por inala\u00e7\u00e3o ou inje\u00e7\u00e3o. \u00c9 conhecida pelos seus efeitos r\u00e1pidos e fortes e \u00e9 preferida pelos utilizadores que pretendem obter resultados m\u00e1ximos<a href=\"https:\/\/gblexpress.com\/pt\/loja\/seco-cozinhado-ghb-500-gramas\/\">.<\/a><\/p>\n<p><strong>2. Hero\u00edna castanha (base)<\/strong><br \/>\nA hero\u00edna castanha tem uma estrutura qu\u00edmica ligeiramente diferente e \u00e9 frequentemente fumada ou consumida por outros m\u00e9todos alternativos. \u00c9 menos purificada do que a hero\u00edna branca e \u00e9 frequentemente vendida em mercados de rua.<\/p>\n<p><strong>3. Hero\u00edna de alcatr\u00e3o negro<\/strong><br \/>\nEsta forma \u00e9 pegajosa e de cor mais escura, conhecida pela sua menor pureza. \u00c9 geralmente preferida em regi\u00f5es espec\u00edficas e requer um m\u00e9todo de prepara\u00e7\u00e3o diferente.<\/p>\n<h3><strong>Porqu\u00ea escolher Heroina?<\/strong><\/h3>\n<p><strong>1. efeito forte e r\u00e1pido<\/strong><br \/>\nA hero\u00edna \u00e9 conhecida pela sua capacidade de produzir um efeito forte rapidamente, o que a torna uma subst\u00e2ncia frequentemente procurada.<\/p>\n<p><strong>2. diferentes op\u00e7\u00f5es para diferentes necessidades<\/strong><br \/>\nQuer prefira o p\u00f3 branco para um efeito mais r\u00e1pido ou a Hero\u00edna castanha para um efeito mais suave - os tipos oferecem uma escolha que depende da prefer\u00eancia do utilizador.<\/p>\n<p><strong>3. aplica\u00e7\u00e3o discreta e simples<\/strong><br \/>\nA subst\u00e2ncia pode ser consumida de diferentes formas, permitindo aos utilizadores escolher o m\u00e9todo adequado, dependendo do seu n\u00edvel de conforto e objectivos.<\/p>\n<h3><strong>Termos de pesquisa e palavras-chave populares<\/strong><\/h3>\n<ul>\n<li><strong>Comprar Heroina online<\/strong><\/li>\n<li><strong>Heroina Comparar pre\u00e7o<\/strong><\/li>\n<li><strong>Hero\u00edna p\u00f3 branco<\/strong><\/li>\n<li><strong>Efeito Hero\u00edna castanha<\/strong><\/li>\n<li><strong>Comprar Hero\u00edna de alcatr\u00e3o negro<\/strong><\/li>\n<li><strong>Dosagem de Hero\u00edna<\/strong><\/li>\n<li><strong>Efeitos secund\u00e1rios do Heroina<\/strong><\/li>\n<li><strong>Comprar Heroina com seguran\u00e7a<\/strong><\/li>\n<\/ul>\n<h3>Compra segura de Hero\u00edna<\/h3>\n<p>Oferecemos uma plataforma na qual pode <strong>Comprar Heroina online<\/strong> com embalagem discreta e entrega r\u00e1pida. O nosso objetivo \u00e9 proporcionar-lhe um acesso f\u00e1cil e seguro aos produtos de que necessita.<\/p>\n<h3>Instru\u00e7\u00f5es de utiliza\u00e7\u00e3o<\/h3>\n<p>O uso de <a href=\"https:\/\/duckduckgo.com\/?q=Heroin+online+kaufen&amp;t=h_&amp;ia=web\">Hero\u00edna<\/a> Heroina deve ser sempre utilizada com precau\u00e7\u00e3o. Consulte um especialista se tiver alguma d\u00favida sobre a dosagem e a aplica\u00e7\u00e3o. \u00c9 importante estar ciente dos poss\u00edveis efeitos secund\u00e1rios e riscos antes de utilizar a subst\u00e2ncia.<\/p>\n<h3><strong>Comprar Heroina agora<\/strong><\/h3>\n<p>Encontre o tipo certo para as suas necessidades e encomende <a href=\"https:\/\/www.google.de\/search?q=Anavar+50+mg+online+kaufen&amp;sca_esv=7d1b82273738a5db&amp;hl=en&amp;ei=foLiZ_nZK6qMm9cPv4Xd6AQ&amp;ved=0ahUKEwj5kMidgKWMAxUqxuYEHb9CF00Q4dUDCBA&amp;uact=5&amp;oq=Anavar+50+mg+online+kaufen&amp;gs_lp=Egxnd3Mtd2l6LXNlcnAiGkFuYXZhciA1MCBtZyBvbmxpbmUga2F1ZmVuSJsGUABYAHAAeACQAQCYAQCgAQCqAQC4AQPIAQD4AQL4AQGYAgCgAgCYAwCSBwCgBwCyBwC4BwA&amp;sclient=gws-wiz-serp\"><strong>Hero\u00edna<\/strong><\/a> online hoje. Escolha entre hero\u00edna branca, hero\u00edna castanha ou alcatr\u00e3o preto<a href=\"https:\/\/www.google.de\/search?q=Anavar+50+mg+online+kaufen&amp;sca_esv=7d1b82273738a5db&amp;hl=en&amp;ei=foLiZ_nZK6qMm9cPv4Xd6AQ&amp;ved=0ahUKEwj5kMidgKWMAxUqxuYEHb9CF00Q4dUDCBA&amp;uact=5&amp;oq=Anavar+50+mg+online+kaufen&amp;gs_lp=Egxnd3Mtd2l6LXNlcnAiGkFuYXZhciA1MCBtZyBvbmxpbmUga2F1ZmVuSJsGUABYAHAAeACQAQCYAQCgAQCqAQC4AQPIAQD4AQL4AQGYAgCgAgCYAwCSBwCgBwCyBwC4BwA&amp;sclient=gws-wiz-serp\">Hero\u00edna \u2013 segura<\/a>online hoje. Escolha entre Heroina branca, Heroina castanha ou Heroina de alcatr\u00e3o preto - seguro, discreto e sem complica\u00e7\u00f5es. Comece agora e informe-se sobre as melhores op\u00e7\u00f5es para as suas prefer\u00eancias.<\/p>","protected":false},"excerpt":{"rendered":"<p><strong>Hero\u00edna<\/strong>quimicamente conhecido como <strong>Diacetilmorfina<\/strong>\u00e9 um opi\u00f3ide semi-sint\u00e9tico derivado da morfina. \u00c9 conhecido pelas suas fortes propriedades analg\u00e9sicas e sedativas e est\u00e1 a ser estudado em investiga\u00e7\u00e3o m\u00e9dica e para aplica\u00e7\u00f5es especializadas. <strong>Hero\u00edna<\/strong> desempenha um papel fundamental na investiga\u00e7\u00e3o sobre os receptores opi\u00f3ides, os mecanismos de depend\u00eancia e o al\u00edvio da dor.<\/p>\n<p><strong>Como \u00e9 que a hero\u00edna funciona?<\/strong><br \/>\n<strong>Hero\u00edna<\/strong> tem o efeito de <strong>Receptores \u00b5-opi\u00f3ides<\/strong> no sistema nervoso central. Esta liga\u00e7\u00e3o bloqueia os sinais de dor, desencadeando ao mesmo tempo uma forte liberta\u00e7\u00e3o de dopamina, que conduz \u00e0 euforia e ao relaxamento.<\/p>\n<ul>\n<li><strong>Efeitos:<\/strong> Al\u00edvio r\u00e1pido da dor, relaxamento intensivo e seda\u00e7\u00e3o.<\/li>\n<li><strong>In\u00edcio do efeito:<\/strong> 2-10 minutos ap\u00f3s a administra\u00e7\u00e3o (consoante o m\u00e9todo).<\/li>\n<li><strong>Dura\u00e7\u00e3o do efeito:<\/strong> 3-6 horas.<\/li>\n<\/ul>\n<p><strong>F\u00f3rmula e propriedades<\/strong><\/p>\n<ul>\n<li><strong>Denomina\u00e7\u00e3o qu\u00edmica:<\/strong> Diacetilmorfina<\/li>\n<li><strong>F\u00f3rmula molecular:<\/strong> C21H23NO5<\/li>\n<li><strong>Peso molecular:<\/strong> 369,41 g\/mol<\/li>\n<\/ul>","protected":false},"featured_media":1612,"comment_status":"open","ping_status":"closed","template":"","meta":{"_joinchat":[]},"product_brand":[],"product_cat":[246],"product_tag":[419,429,418,426,421,436,431,422,443,435,423,430,427,444,420,428,432,441,424,425,437,434,433,439,440,438,442],"class_list":{"0":"post-1264","1":"product","2":"type-product","3":"status-publish","4":"has-post-thumbnail","6":"product_cat-sex-meth","7":"product_tag-diacetylmorphin","8":"product_tag-diacetylmorphin-kaufen","9":"product_tag-heroin","10":"product_tag-heroin-anwendung","11":"product_tag-heroin-bestellen","12":"product_tag-heroin-chemie","13":"product_tag-heroin-dosierung","14":"product_tag-heroin-forschung","15":"product_tag-heroin-fuer-apotheken","16":"product_tag-heroin-fuer-forschung","17":"product_tag-heroin-fuer-medizinische-zwecke","18":"product_tag-heroin-fuer-wissenschaft","19":"product_tag-heroin-grosshandel","20":"product_tag-heroin-in-deutschland-kaufen","21":"product_tag-heroin-kaufen","22":"product_tag-heroin-laborbedarf","23":"product_tag-heroin-lagerung","24":"product_tag-heroin-legal-kaufen","25":"product_tag-heroin-lieferant","26":"product_tag-heroin-preis","27":"product_tag-heroin-reinheit","28":"product_tag-heroin-risiken","29":"product_tag-heroin-sicherheitsrichtlinien","30":"product_tag-heroin-testsubstanzen","31":"product_tag-heroin-weltweit-bestellen","32":"product_tag-heroin-wirkung","33":"product_tag-wo-heroin-kaufen","35":"first","36":"instock","37":"shipping-taxable","38":"purchasable","39":"product-type-variable"},"yoast_head":"<!-- This site is optimized with the Yoast SEO plugin v25.4 - https:\/\/yoast.com\/wordpress\/plugins\/seo\/ -->\n<title>Heroin online kaufen \u2013 Heroin zu verkaufen<\/title>\n<meta name=\"description\" content=\"Kaufen Sie Heroina online zu den besten Preisen in unserem Online-Shop. Wir bieten g\u00fcnstiges und hochwertiges Heroina an und liefern weltweit. Sie k\u00f6nnen jederzeit und \u00fcberall bestellen.\" \/>\n<meta name=\"robots\" content=\"index, follow, max-snippet:-1, max-image-preview:large, max-video-preview:-1\" \/>\n<link rel=\"canonical\" href=\"https:\/\/gblexpress.com\/pt\/produto-2\/heroina\/\" \/>\n<meta property=\"og:locale\" content=\"pt_PT\" \/>\n<meta property=\"og:type\" content=\"article\" \/>\n<meta property=\"og:title\" content=\"Heroin online kaufen \u2013 Heroin zu verkaufen\" \/>\n<meta property=\"og:description\" content=\"Kaufen Sie Heroina online zu den besten Preisen in unserem Online-Shop. Wir bieten g\u00fcnstiges und hochwertiges Heroina an und liefern weltweit. Sie k\u00f6nnen jederzeit und \u00fcberall bestellen.\" \/>\n<meta property=\"og:url\" content=\"https:\/\/gblexpress.com\/pt\/produto-2\/heroina\/\" \/>\n<meta property=\"og:site_name\" content=\"GBL Express\" \/>\n<meta property=\"article:modified_time\" content=\"2026-02-26T07:24:54+00:00\" \/>\n<meta property=\"og:image\" content=\"https:\/\/gblexpress.com\/wp-content\/uploads\/2024\/11\/heroin.jpg\" \/>\n\t<meta property=\"og:image:width\" content=\"600\" \/>\n\t<meta property=\"og:image:height\" content=\"600\" \/>\n\t<meta property=\"og:image:type\" content=\"image\/jpeg\" \/>\n<meta name=\"twitter:card\" content=\"summary_large_image\" \/>\n<meta name=\"twitter:label1\" content=\"Tempo estimado de leitura\" \/>\n\t<meta name=\"twitter:data1\" content=\"2 minutos\" \/>\n<!-- \/ Yoast SEO plugin. -->","yoast_head_json":{"title":"Comprar hero\u00edna online \u2013 vender hero\u00edna","description":"Compre Heroina online aos melhores pre\u00e7os na nossa loja virtual. Oferecemos hero\u00edna acess\u00edvel e de alta qualidade e enviamos para todo o mundo. Pode fazer o seu pedido a qualquer hora e em qualquer lugar.","robots":{"index":"index","follow":"follow","max-snippet":"max-snippet:-1","max-image-preview":"max-image-preview:large","max-video-preview":"max-video-preview:-1"},"canonical":"https:\/\/gblexpress.com\/pt\/produto-2\/heroina\/","og_locale":"pt_PT","og_type":"article","og_title":"Heroin online kaufen \u2013 Heroin zu verkaufen","og_description":"Kaufen Sie Heroina online zu den besten Preisen in unserem Online-Shop. Wir bieten g\u00fcnstiges und hochwertiges Heroina an und liefern weltweit. Sie k\u00f6nnen jederzeit und \u00fcberall bestellen.","og_url":"https:\/\/gblexpress.com\/pt\/produto-2\/heroina\/","og_site_name":"GBL Express","article_modified_time":"2026-02-26T07:24:54+00:00","og_image":[{"width":600,"height":600,"url":"https:\/\/gblexpress.com\/wp-content\/uploads\/2024\/11\/heroin.jpg","type":"image\/jpeg"}],"twitter_card":"summary_large_image","twitter_misc":{"Tempo estimado de leitura":"2 minutos"},"schema":{"@context":"https:\/\/schema.org","@graph":[{"@type":"WebPage","@id":"https:\/\/gblexpress.com\/product\/heroina\/","url":"https:\/\/gblexpress.com\/product\/heroina\/","name":"Comprar hero\u00edna online \u2013 vender hero\u00edna","isPartOf":{"@id":"https:\/\/gblexpress.com\/#website"},"primaryImageOfPage":{"@id":"https:\/\/gblexpress.com\/product\/heroina\/#primaryimage"},"image":{"@id":"https:\/\/gblexpress.com\/product\/heroina\/#primaryimage"},"thumbnailUrl":"https:\/\/gblexpress.com\/wp-content\/uploads\/2024\/11\/heroin.jpg","datePublished":"2024-11-26T08:00:45+00:00","dateModified":"2026-02-26T07:24:54+00:00","description":"Compre Heroina online aos melhores pre\u00e7os na nossa loja virtual. Oferecemos hero\u00edna acess\u00edvel e de alta qualidade e enviamos para todo o mundo. Pode fazer o seu pedido a qualquer hora e em qualquer lugar.","breadcrumb":{"@id":"https:\/\/gblexpress.com\/product\/heroina\/#breadcrumb"},"inLanguage":"pt-PT","potentialAction":[{"@type":"ReadAction","target":["https:\/\/gblexpress.com\/product\/heroina\/"]}]},{"@type":"ImageObject","inLanguage":"pt-PT","@id":"https:\/\/gblexpress.com\/product\/heroina\/#primaryimage","url":"https:\/\/gblexpress.com\/wp-content\/uploads\/2024\/11\/heroin.jpg","contentUrl":"https:\/\/gblexpress.com\/wp-content\/uploads\/2024\/11\/heroin.jpg","width":600,"height":600,"caption":"heroin online kaufen"},{"@type":"BreadcrumbList","@id":"https:\/\/gblexpress.com\/product\/heroina\/#breadcrumb","itemListElement":[{"@type":"ListItem","position":1,"name":"Home","item":"https:\/\/gblexpress.com\/"},{"@type":"ListItem","position":2,"name":"Shop","item":"https:\/\/gblexpress.com\/shop\/"},{"@type":"ListItem","position":3,"name":"Heroina"}]},{"@type":"WebSite","@id":"https:\/\/gblexpress.com\/#website","url":"https:\/\/gblexpress.com\/","name":"GBL Express","description":"","publisher":{"@id":"https:\/\/gblexpress.com\/#organization"},"potentialAction":[{"@type":"SearchAction","target":{"@type":"EntryPoint","urlTemplate":"https:\/\/gblexpress.com\/?s={search_term_string}"},"query-input":{"@type":"PropertyValueSpecification","valueRequired":true,"valueName":"search_term_string"}}],"inLanguage":"pt-PT"},{"@type":"Organization","@id":"https:\/\/gblexpress.com\/#organization","name":"GBL Express","url":"https:\/\/gblexpress.com\/","logo":{"@type":"ImageObject","inLanguage":"pt-PT","@id":"https:\/\/gblexpress.com\/#\/schema\/logo\/image\/","url":"https:\/\/gblexpress.com\/wp-content\/uploads\/2023\/01\/logo.png","contentUrl":"https:\/\/gblexpress.com\/wp-content\/uploads\/2023\/01\/logo.png","width":250,"height":52,"caption":"GBL Express"},"image":{"@id":"https:\/\/gblexpress.com\/#\/schema\/logo\/image\/"}}]}},"jetpack-related-posts":[],"jetpack_sharing_enabled":true,"_links":{"self":[{"href":"https:\/\/gblexpress.com\/pt\/wp-json\/wp\/v2\/product\/1264","targetHints":{"allow":["GET"]}}],"collection":[{"href":"https:\/\/gblexpress.com\/pt\/wp-json\/wp\/v2\/product"}],"about":[{"href":"https:\/\/gblexpress.com\/pt\/wp-json\/wp\/v2\/types\/product"}],"replies":[{"embeddable":true,"href":"https:\/\/gblexpress.com\/pt\/wp-json\/wp\/v2\/comments?post=1264"}],"wp:featuredmedia":[{"embeddable":true,"href":"https:\/\/gblexpress.com\/pt\/wp-json\/wp\/v2\/media\/1612"}],"wp:attachment":[{"href":"https:\/\/gblexpress.com\/pt\/wp-json\/wp\/v2\/media?parent=1264"}],"wp:term":[{"taxonomy":"product_brand","embeddable":true,"href":"https:\/\/gblexpress.com\/pt\/wp-json\/wp\/v2\/product_brand?post=1264"},{"taxonomy":"product_cat","embeddable":true,"href":"https:\/\/gblexpress.com\/pt\/wp-json\/wp\/v2\/product_cat?post=1264"},{"taxonomy":"product_tag","embeddable":true,"href":"https:\/\/gblexpress.com\/pt\/wp-json\/wp\/v2\/product_tag?post=1264"}],"curies":[{"name":"wp","href":"https:\/\/api.w.org\/{rel}","templated":true}]}}