{"id":475,"date":"2023-05-17T10:52:46","date_gmt":"2023-05-17T10:52:46","guid":{"rendered":"https:\/\/gblexpress.com\/?post_type=product&#038;p=475"},"modified":"2026-03-06T09:03:05","modified_gmt":"2026-03-06T09:03:05","slug":"comprar-ritalina","status":"publish","type":"product","link":"https:\/\/gblexpress.com\/pt\/produto-2\/comprar-ritalina\/","title":{"rendered":"Compre Ritalina Online"},"content":{"rendered":"<h2>Compre Ritalina Online<\/h2>\n<p><a href=\"https:\/\/gblexpress.com\/pt\/\">Metilfenidato<\/a> comprar medicamento disfar\u00e7ado de comprimido de Ritalina para uso p\u00fablico. Este medicamento \u00e9 muito eficaz na cura dos sintomas da PHDA. Os m\u00e9dicos podem <a href=\"https:\/\/gblexpress.com\/pt\/produto-2\/comprar-ritalina\/\">Comprimidos de Ritalina 20 mg (metilfenidato)<\/a> mas tamb\u00e9m prescrito como uma op\u00e7\u00e3o de tratamento n\u00e3o aprovada para a depress\u00e3o e doen\u00e7a de Parkinson.<\/p>\n<p>O metilfenidato \u00e9 tamb\u00e9m conhecido como um estimulante do sistema nervoso central que ajuda a aumentar o n\u00edvel de dopamina no c\u00e9rebro de uma pessoa. Esta dopamina \u00e9 um neurotransmissor que promove sentimentos de motiva\u00e7\u00e3o e entusiasmo. Isto significa que uma maior quantidade de dopamina pode ajudar uma pessoa a concentrar-se melhor, a concentrar-se melhor na vida quotidiana e a reduzir outros sintomas de PHDA.<\/p>\n<h3><strong>Disponibilidade<\/strong><\/h3>\n<p>O medicamento metilfenidato \u00e9 fornecido sob a forma de comprimidos orais, comprimidos e c\u00e1psulas de liberta\u00e7\u00e3o prolongada, comprimidos mastig\u00e1veis, comprimidos mastig\u00e1veis de liberta\u00e7\u00e3o prolongada e comprimidos de liberta\u00e7\u00e3o prolongada de desintegra\u00e7\u00e3o oral. Para al\u00e9m de Ritalin, \u00e9 tamb\u00e9m vendido sob outras designa\u00e7\u00f5es comerciais, tais como: <a href=\"https:\/\/en.wikipedia.org\/wiki\/Methylphenidate\">comprar metilfenidato<\/a><\/p>\n<h3><strong>Porqu\u00ea comprar Ritalin online?<\/strong><\/h3>\n<h3>H\u00e1 muitos benef\u00edcios em comprar Ritalin online, mas alguns dos mais importantes e comuns s\u00e3o:<\/h3>\n<p>Pode comprar medicamentos aprovados pela FDA em linha sem a prescri\u00e7\u00e3o de m\u00e9dicos. Embora a Ritalina seja um medicamento legal, n\u00e3o est\u00e1 prontamente dispon\u00edvel nas farm\u00e1cias. Para comprar este medicamento, deve primeiro obter a recomenda\u00e7\u00e3o de um m\u00e9dico, mas devido \u00e0 sua agenda ocupada, n\u00e3o poder\u00e1 obt\u00ea-lo. Nestes casos, comprar Ritalina online \u00e9 a melhor op\u00e7\u00e3o para si. A compra online n\u00e3o s\u00f3 poupa o seu dinheiro como tamb\u00e9m o seu precioso tempo. Comprar Ritalin online sem receita m\u00e9dica.<\/p>\n<p>Outra vantagem de comprar Ritalina online \u00e9 que \u00e9 muito mais barato do que os comprimidos de Ritalina que est\u00e3o dispon\u00edveis nas farm\u00e1cias locais. Os comprimidos que se adquirem online n\u00e3o s\u00e3o baratos por serem de baixa qualidade, na verdade s\u00e3o baratos porque as farm\u00e1cias online n\u00e3o t\u00eam de pagar taxas extra, pelo que podem vender estes comprimidos a um pre\u00e7o mais baixo.<\/p>\n<h3><strong>\u00c9 poss\u00edvel comprar Ritalin online sem receita m\u00e9dica?<\/strong><\/h3>\n<p>Ja! Bei uns k\u00f6nnen Sie Ritalin online kaufen, ohne ein Rezept zu haben. Sie m\u00fcssen nur Ihre Bestellung auf unserer Website aufgeben und die Zahlungsdetails ausf\u00fcllen. Ihre Ritalin-Pillen werden innerhalb von 24 bis 48 Stunden geliefert. Die Qualit\u00e4t und Wirksamkeit dieser Medikamente sind die gleichen wie die Pillen, die Sie von lokalen Apotheken kaufen.<\/p>\n<p>Ritalin online ohne Rezept kaufen.<\/p>\n<p>Metilina<\/p>\n<p>Concerto<\/p>\n<p>Metadados ER<\/p>\n<p>Servi\u00e7o de Urg\u00eancia de Quillichew<\/p>\n<p>Quillivant<\/p>\n<p>Aptensio<\/p>\n<p>Cotempla XR-OTD<\/p>\n<p>Adhansia<\/p>\n<p>Todos estes medicamentos s\u00e3o aprovados pelos peritos para utiliza\u00e7\u00e3o p\u00fablica.<\/p>","protected":false},"excerpt":{"rendered":"<p>Sobre o Ritalin (gen\u00e9rico)<\/p>\n<p>Este medicamento \u00e9 utilizado para tratar a perturba\u00e7\u00e3o de d\u00e9fice de aten\u00e7\u00e3o e hiperatividade (PHDA). Actua alterando a quantidade de certas subst\u00e2ncias naturais no c\u00e9rebro. O metilfenidato pertence a uma classe de medicamentos conhecidos como estimulantes. O metilfenidato pode ajudar a aumentar a sua aten\u00e7\u00e3o, a concentrar-se numa atividade e a controlar os problemas de comportamento. Pode tamb\u00e9m ajud\u00e1-lo a organizar as suas tarefas e a melhorar a sua capacidade de escuta.<\/p>\n<ol>\n<li><strong>Como \u00e9 que o Ritalin funciona?<\/strong><br \/>\nA Ritalina actua inibindo a recapta\u00e7\u00e3o de dopamina e noradrenalina no c\u00e9rebro. Isto aumenta a disponibilidade destes neurotransmissores na fenda sin\u00e1ptica, melhorando assim a aten\u00e7\u00e3o, o controlo dos impulsos e o estado de alerta.<\/p>\n<ul>\n<li><strong>Efeitos:<\/strong> Melhoria da concentra\u00e7\u00e3o, aumento do estado de alerta e redu\u00e7\u00e3o da hiperatividade.<\/li>\n<li><strong>In\u00edcio do efeito:<\/strong> 20-60 minutos ap\u00f3s a ingest\u00e3o.<\/li>\n<li><strong>Dura\u00e7\u00e3o do efeito:<\/strong> 3-6 horas para os comprimidos normais, at\u00e9 12 horas para as c\u00e1psulas de liberta\u00e7\u00e3o prolongada.<\/li>\n<\/ul>\n<p><strong>F\u00f3rmula e propriedades<\/strong><\/p>\n<ul>\n<li><strong>Denomina\u00e7\u00e3o qu\u00edmica:<\/strong> Acetato de metilfenil(piperidin-2-ilo)<\/li>\n<li><strong>F\u00f3rmula molecular:<\/strong> C14H19NO2<\/li>\n<li><strong>Peso molecular:<\/strong> 233,31 g\/mol<\/li>\n<\/ul>\n<\/li>\n<\/ol>","protected":false},"featured_media":1639,"comment_status":"open","ping_status":"closed","template":"","meta":{"_joinchat":[]},"product_brand":[],"product_cat":[33,34,36,35,246],"product_tag":[98,134,108,99,118,106,105,104,107,110,329,114,115,100,101,113,112,111,117,116,119,120,310,311,121,317,318,312,124,328,313,314,325,315,322,327,306,319,316,308,321,103,129,307,102,130,320,326,309,122,323,324,125,126,127,123,128,131,133,132,109,135,330],"class_list":{"0":"post-475","1":"product","2":"type-product","3":"status-publish","4":"has-post-thumbnail","6":"product_cat-gbl-gamma-butyrolactone-25l","7":"product_cat-ghb","8":"product_cat-ko-drops","9":"product_cat-ritalin","10":"product_cat-sex-meth","11":"product_tag-adhd-methylphenidat","12":"product_tag-einnahme-von-ritalin","13":"product_tag-goodrx-methylphenidat","14":"product_tag-guenstiges-ritalin-online-kaufen","15":"product_tag-kein-rx-ritalin","16":"product_tag-koennen-sie-bekommen-rezeptfreie-adhs-medikamente","17":"product_tag-koennen-sie-ritalin-ohne-rezept-kaufen","18":"product_tag-koennen-sie-ritalin-rezeptfrei-in-grossbritannien-kaufen","19":"product_tag-koennen-sie-sich-ritalin-online-verschreiben-lassen","20":"product_tag-methylphenidat","21":"product_tag-methylphenidat-kaufen","22":"product_tag-methylphenidat-mg","23":"product_tag-methylphenidat-online","24":"product_tag-methylphenidat-online-kaufen","25":"product_tag-methylphenidat-online-ohne-rezept-kaufen","26":"product_tag-methylphenidat-zum-online-verkauf","27":"product_tag-methylphenidat-zum-verkauf","28":"product_tag-methylphenidat-kosten","29":"product_tag-methylphenidat-preis","30":"product_tag-methylphenidat-rezept","31":"product_tag-ritalin","32":"product_tag-ritalin-10-mg","33":"product_tag-ritalin-10mg","34":"product_tag-ritalin-20mg","35":"product_tag-ritalin-adh","36":"product_tag-ritalin-anwendung","37":"product_tag-ritalin-dosierung","38":"product_tag-ritalin-fuer-adhs","39":"product_tag-ritalin-fuer-erwachsene","40":"product_tag-ritalin-fuer-forschung","41":"product_tag-ritalin-fuer-kinder","42":"product_tag-ritalin-fuer-konzentration","43":"product_tag-ritalin-fuer-labore","44":"product_tag-ritalin-fuer-studienzwecke","45":"product_tag-ritalin-grosshandel","46":"product_tag-ritalin-in-deutschland-kaufen","47":"product_tag-ritalin-kaufen","48":"product_tag-ritalin-lagerung","49":"product_tag-ritalin-legal-kaufen","50":"product_tag-ritalin-lieferant","51":"product_tag-ritalin-nebenwirkungen","52":"product_tag-ritalin-ohne-rezept-kaufen","53":"product_tag-ritalin-online","54":"product_tag-ritalin-online-bestellen","55":"product_tag-ritalin-online-mit-nachtlieferung-kaufen","56":"product_tag-ritalin-online-ohne-rezept","57":"product_tag-ritalin-risiken","58":"product_tag-ritalin-sicherheit","59":"product_tag-ritalin-tabletten","60":"product_tag-ritalin-und-adh","61":"product_tag-ritalin-vertrieb","62":"product_tag-ritalin-weltweit-bestellen","63":"product_tag-ritalin-zum-verkauf","64":"product_tag-ritalin-zum-verkauf-in-den-usa","65":"product_tag-ritalin-zum-verkauf-online","66":"product_tag-ritalin-kosten","67":"product_tag-ritalin-medikamente","68":"product_tag-ritalin-pille","69":"product_tag-ritalin-preis","70":"product_tag-ritalin-rezept","71":"product_tag-so-bestellen-sie-ritalin-online","72":"product_tag-welche-rezeptfreien-medikamente-helfen-bei-adhs","73":"product_tag-wo-ritalin-kaufen","75":"first","76":"instock","77":"shipping-taxable","78":"purchasable","79":"product-type-variable","80":"has-default-attributes"},"yoast_head":"<!-- This site is optimized with the Yoast SEO plugin v25.4 - https:\/\/yoast.com\/wordpress\/plugins\/seo\/ -->\n<title>Ritalin online kaufen \u2013 Ritalin zu verkaufen | Gblexpress<\/title>\n<meta name=\"description\" content=\"M\u00f6chten Sie Ihre Forschung vorantreiben? Kaufen Sie Ritalin bequem und sicher online \u2013 mit einem unkomplizierten Bestellvorgang. Entdecken Sie die M\u00f6glichkeiten und kaufen Sie Ritalin noch heute online f\u00fcr Ihre Forschungsvorhaben.\" \/>\n<meta name=\"robots\" content=\"index, follow, max-snippet:-1, max-image-preview:large, max-video-preview:-1\" \/>\n<link rel=\"canonical\" href=\"https:\/\/gblexpress.com\/pt\/produto-2\/comprar-ritalina\/\" \/>\n<meta property=\"og:locale\" content=\"pt_PT\" \/>\n<meta property=\"og:type\" content=\"article\" \/>\n<meta property=\"og:title\" content=\"Ritalin online kaufen \u2013 Ritalin zu verkaufen | Gblexpress\" \/>\n<meta property=\"og:description\" content=\"M\u00f6chten Sie Ihre Forschung vorantreiben? Kaufen Sie Ritalin bequem und sicher online \u2013 mit einem unkomplizierten Bestellvorgang. Entdecken Sie die M\u00f6glichkeiten und kaufen Sie Ritalin noch heute online f\u00fcr Ihre Forschungsvorhaben.\" \/>\n<meta property=\"og:url\" content=\"https:\/\/gblexpress.com\/pt\/produto-2\/comprar-ritalina\/\" \/>\n<meta property=\"og:site_name\" content=\"GBL Express\" \/>\n<meta property=\"article:modified_time\" content=\"2026-03-06T09:03:05+00:00\" \/>\n<meta property=\"og:image\" content=\"https:\/\/gblexpress.com\/wp-content\/uploads\/2023\/05\/Ritalin-1.jpg\" \/>\n\t<meta property=\"og:image:width\" content=\"600\" \/>\n\t<meta property=\"og:image:height\" content=\"600\" \/>\n\t<meta property=\"og:image:type\" content=\"image\/jpeg\" \/>\n<meta name=\"twitter:card\" content=\"summary_large_image\" \/>\n<meta name=\"twitter:label1\" content=\"Tempo estimado de leitura\" \/>\n\t<meta name=\"twitter:data1\" content=\"2 minutos\" \/>\n<!-- \/ Yoast SEO plugin. -->","yoast_head_json":{"title":"Comprar Ritalina online \u2013 Ritalina em promo\u00e7\u00e3o | Gblexpress","description":"Gostaria de avan\u00e7ar na sua pesquisa? Compre Ritalina de forma pr\u00e1tica e segura online \u2013 com um processo de encomenda simples. Descubra as possibilidades e compre Ritalina online hoje mesmo para os seus projetos de investiga\u00e7\u00e3o.","robots":{"index":"index","follow":"follow","max-snippet":"max-snippet:-1","max-image-preview":"max-image-preview:large","max-video-preview":"max-video-preview:-1"},"canonical":"https:\/\/gblexpress.com\/pt\/produto-2\/comprar-ritalina\/","og_locale":"pt_PT","og_type":"article","og_title":"Ritalin online kaufen \u2013 Ritalin zu verkaufen | Gblexpress","og_description":"M\u00f6chten Sie Ihre Forschung vorantreiben? Kaufen Sie Ritalin bequem und sicher online \u2013 mit einem unkomplizierten Bestellvorgang. Entdecken Sie die M\u00f6glichkeiten und kaufen Sie Ritalin noch heute online f\u00fcr Ihre Forschungsvorhaben.","og_url":"https:\/\/gblexpress.com\/pt\/produto-2\/comprar-ritalina\/","og_site_name":"GBL Express","article_modified_time":"2026-03-06T09:03:05+00:00","og_image":[{"width":600,"height":600,"url":"https:\/\/gblexpress.com\/wp-content\/uploads\/2023\/05\/Ritalin-1.jpg","type":"image\/jpeg"}],"twitter_card":"summary_large_image","twitter_misc":{"Tempo estimado de leitura":"2 minutos"},"schema":{"@context":"https:\/\/schema.org","@graph":[{"@type":"WebPage","@id":"https:\/\/gblexpress.com\/product\/ritalin-kaufen\/","url":"https:\/\/gblexpress.com\/product\/ritalin-kaufen\/","name":"Comprar Ritalina online \u2013 Ritalina em promo\u00e7\u00e3o | Gblexpress","isPartOf":{"@id":"https:\/\/gblexpress.com\/#website"},"primaryImageOfPage":{"@id":"https:\/\/gblexpress.com\/product\/ritalin-kaufen\/#primaryimage"},"image":{"@id":"https:\/\/gblexpress.com\/product\/ritalin-kaufen\/#primaryimage"},"thumbnailUrl":"https:\/\/gblexpress.com\/wp-content\/uploads\/2023\/05\/Ritalin-1.jpg","datePublished":"2023-05-17T10:52:46+00:00","dateModified":"2026-03-06T09:03:05+00:00","description":"Gostaria de avan\u00e7ar na sua pesquisa? Compre Ritalina de forma pr\u00e1tica e segura online \u2013 com um processo de encomenda simples. Descubra as possibilidades e compre Ritalina online hoje mesmo para os seus projetos de investiga\u00e7\u00e3o.","breadcrumb":{"@id":"https:\/\/gblexpress.com\/product\/ritalin-kaufen\/#breadcrumb"},"inLanguage":"pt-PT","potentialAction":[{"@type":"ReadAction","target":["https:\/\/gblexpress.com\/product\/ritalin-kaufen\/"]}]},{"@type":"ImageObject","inLanguage":"pt-PT","@id":"https:\/\/gblexpress.com\/product\/ritalin-kaufen\/#primaryimage","url":"https:\/\/gblexpress.com\/wp-content\/uploads\/2023\/05\/Ritalin-1.jpg","contentUrl":"https:\/\/gblexpress.com\/wp-content\/uploads\/2023\/05\/Ritalin-1.jpg","width":600,"height":600,"caption":"Ritalin online kaufen"},{"@type":"BreadcrumbList","@id":"https:\/\/gblexpress.com\/product\/ritalin-kaufen\/#breadcrumb","itemListElement":[{"@type":"ListItem","position":1,"name":"Home","item":"https:\/\/gblexpress.com\/"},{"@type":"ListItem","position":2,"name":"Shop","item":"https:\/\/gblexpress.com\/shop\/"},{"@type":"ListItem","position":3,"name":"Ritalin Online Kaufen"}]},{"@type":"WebSite","@id":"https:\/\/gblexpress.com\/#website","url":"https:\/\/gblexpress.com\/","name":"GBL Express","description":"","publisher":{"@id":"https:\/\/gblexpress.com\/#organization"},"potentialAction":[{"@type":"SearchAction","target":{"@type":"EntryPoint","urlTemplate":"https:\/\/gblexpress.com\/?s={search_term_string}"},"query-input":{"@type":"PropertyValueSpecification","valueRequired":true,"valueName":"search_term_string"}}],"inLanguage":"pt-PT"},{"@type":"Organization","@id":"https:\/\/gblexpress.com\/#organization","name":"GBL Express","url":"https:\/\/gblexpress.com\/","logo":{"@type":"ImageObject","inLanguage":"pt-PT","@id":"https:\/\/gblexpress.com\/#\/schema\/logo\/image\/","url":"https:\/\/gblexpress.com\/wp-content\/uploads\/2023\/01\/logo.png","contentUrl":"https:\/\/gblexpress.com\/wp-content\/uploads\/2023\/01\/logo.png","width":250,"height":52,"caption":"GBL Express"},"image":{"@id":"https:\/\/gblexpress.com\/#\/schema\/logo\/image\/"}}]}},"jetpack-related-posts":[],"jetpack_sharing_enabled":true,"_links":{"self":[{"href":"https:\/\/gblexpress.com\/pt\/wp-json\/wp\/v2\/product\/475","targetHints":{"allow":["GET"]}}],"collection":[{"href":"https:\/\/gblexpress.com\/pt\/wp-json\/wp\/v2\/product"}],"about":[{"href":"https:\/\/gblexpress.com\/pt\/wp-json\/wp\/v2\/types\/product"}],"replies":[{"embeddable":true,"href":"https:\/\/gblexpress.com\/pt\/wp-json\/wp\/v2\/comments?post=475"}],"wp:featuredmedia":[{"embeddable":true,"href":"https:\/\/gblexpress.com\/pt\/wp-json\/wp\/v2\/media\/1639"}],"wp:attachment":[{"href":"https:\/\/gblexpress.com\/pt\/wp-json\/wp\/v2\/media?parent=475"}],"wp:term":[{"taxonomy":"product_brand","embeddable":true,"href":"https:\/\/gblexpress.com\/pt\/wp-json\/wp\/v2\/product_brand?post=475"},{"taxonomy":"product_cat","embeddable":true,"href":"https:\/\/gblexpress.com\/pt\/wp-json\/wp\/v2\/product_cat?post=475"},{"taxonomy":"product_tag","embeddable":true,"href":"https:\/\/gblexpress.com\/pt\/wp-json\/wp\/v2\/product_tag?post=475"}],"curies":[{"name":"wp","href":"https:\/\/api.w.org\/{rel}","templated":true}]}}