{"id":476,"date":"2023-05-17T11:11:25","date_gmt":"2023-05-17T11:11:25","guid":{"rendered":"https:\/\/gblexpress.com\/?post_type=product&#038;p=476"},"modified":"2026-02-27T10:34:07","modified_gmt":"2026-02-27T10:34:07","slug":"ko-gotas-comprar-em-linha","status":"publish","type":"product","link":"https:\/\/gblexpress.com\/pt\/produto-2\/ko-gotas-comprar-em-linha\/","title":{"rendered":"Compre KO Drops Online"},"content":{"rendered":"<div class=\"elementor-element elementor-element-4b6f3d0 elementor-widget elementor-widget-heading\" data-id=\"4b6f3d0\" data-element_type=\"widget\" data-widget_type=\"heading.default\">\n<div class=\"elementor-widget-container\">\n<h2 class=\"elementor-heading-title elementor-size-default\">Comprar gotas Ko<\/h2>\n<\/div>\n<\/div>\n<div class=\"elementor-element elementor-element-3cddf85 elementor-widget elementor-widget-heading\" data-id=\"3cddf85\" data-element_type=\"widget\" data-widget_type=\"heading.default\">\n<div class=\"elementor-widget-container\"><span class=\"elementor-heading-title elementor-size-default\">Somos a melhor loja online para comprar ko drops<\/span><\/div>\n<\/div>\n<div class=\"elementor-element elementor-element-ac2151b elementor-widget elementor-widget-text-editor\" data-id=\"ac2151b\" data-element_type=\"widget\" data-widget_type=\"text-editor.default\">\n<div class=\"elementor-widget-container\">\n<p>Se procura onde comprar os chamados knockout drops, j\u00e1 n\u00e3o precisa de depender de vendedores ambulantes duvidosos. Comprar <a href=\"https:\/\/gblexpress.com\/pt\/produto-2\/ko-gotas-comprar-em-linha\/\">gotas de nocaute<\/a> einfach in unserem Shop. Richtig eingesetzt, k\u00f6nnen sie anregend oder beruhigend wirken und haben kaum sch\u00e4dliche Nebenwirkungen. Allerdings sollten sie nicht zu hoch dosiert werden, denn dann machen sie schwach und verursachen Amnesie<a href=\"https:\/\/gblexpress.com\/pt\/eu-derrubo\/\">.<\/a><\/p>\n<div class=\"elementor-column elementor-col-50 elementor-inner-column elementor-element elementor-element-b6eca79 elementor-hidden-tablet elementor-hidden-mobile\" data-id=\"b6eca79\" data-element_type=\"column\">\n<h3 class=\"elementor-widget-wrap\"><strong><span style=\"font-family: Dosis, Arial, Helvetica, sans-serif; font-size: 1.125rem;\">Comprar KO Drops online sem receita m\u00e9dica<\/span><\/strong><\/h3>\n<\/div>\n<div class=\"elementor-column elementor-col-50 elementor-inner-column elementor-element elementor-element-c3a8155\" data-id=\"c3a8155\" data-element_type=\"column\">\n<div class=\"elementor-widget-wrap elementor-element-populated\">\n<div class=\"elementor-element elementor-element-011f42c elementor-widget elementor-widget-text-editor\" data-id=\"011f42c\" data-element_type=\"widget\" data-widget_type=\"text-editor.default\">\n<div class=\"elementor-widget-container\">\n<p><a href=\"https:\/\/de.wikipedia.org\/wiki\/K.-o.-Tropfen\">Comprar gotas KO<\/a>: \u00dcberzeugen Sie sich von unserem Angebot an KO \u2013 Tropfen und kaufen Sie in unseren Online-Shop ihr Wunschprodukt ohne Rezept. Wir haben eine gro\u00dfe Auswahl an Produkten, die von den Medien mitunter als KO \u2013 Tropfen bezeichnet werden, die wir schnell und unkompliziert liefern.<\/p>\n<p>Comprar K2 Drops Original K2 Drops directamente do fabricante - Pre\u00e7o mais barato para a Alemanha, \u00c1ustria e Su\u00ed\u00e7a Obter at\u00e9 50% de desconto ao encomendar v\u00e1rios pacotes Entrega expressa nos EUA, Europa, \u00c1ustria e Su\u00ed\u00e7a Para a loja oficial K2 Drops (obter desconto) O que s\u00e3o K2 Carbohydrate Blocker Drops?<a href=\"https:\/\/en.wikipedia.org\/wiki\/Ko-Tropfen\">?<\/a><\/p>\n<div class=\"elementor-element elementor-element-775a1ae elementor-widget elementor-widget-heading\" data-id=\"775a1ae\" data-element_type=\"widget\" data-widget_type=\"heading.default\">\n<div class=\"elementor-widget-container\">\n<h3 class=\"elementor-heading-title elementor-size-default\"><strong>Comprar KO Drops online sem receita m\u00e9dica<\/strong><\/h3>\n<\/div>\n<\/div>\n<div class=\"elementor-element elementor-element-011f42c elementor-widget elementor-widget-text-editor\" data-id=\"011f42c\" data-element_type=\"widget\" data-widget_type=\"text-editor.default\">\n<div class=\"elementor-widget-container\">\n<p>Comprar KO Drops: Conven\u00e7a-se da nossa gama de gotas KO e compre o produto desejado sem receita m\u00e9dica na nossa loja online. Temos uma grande selec\u00e7\u00e3o de produtos que s\u00e3o por vezes referidos como gotas KO pelos meios de comunica\u00e7\u00e3o social, que entregamos rapidamente e sem complica\u00e7\u00f5es.<\/p>\n<h3><strong>Comprar KO drops online sem receita m\u00e9dica<\/strong><\/h3>\n<p class=\"elementor-image-box-description\">KO-Tropfen sind ein immer beliebteres Produkt, das f\u00fcr eine Vielzahl von Zwecken verwendet werden kann. Diese wirksamen Tropfen k\u00f6nnen Ihnen helfen, sich zu entspannen, besser zu schlafen und sogar Stress und \u00c4ngste abzubauen. Aber wo kann man KO-Tropfen ohne Rezept online kaufen? Die Antwort lautet KO-TROPFEN. Bei KO-TROPFEN k\u00f6nnen Sie KO-Tropfen schnell und sicher online kaufen.<br \/>\nO descanso \u00e9 importante para o bem-estar geral e, por vezes, pode ser dif\u00edcil de conseguir. Felizmente, existem v\u00e1rias alternativas que o podem ajudar a conseguir o descanso que deseja. As gotas Knockout s\u00e3o uma dessas alternativas - promovem o descanso bloqueando certas hormonas que s\u00e3o conhecidas por causar dist\u00farbios do sono. As gotas anest\u00e9sicas podem ser compradas online de v\u00e1rias formas. Pode comprar gotas Knockout online como gotas individuais ou em embalagens de seis ou mais gotas. Tamb\u00e9m pode encontrar as gotas Knockout em muitas lojas e farm\u00e1cias.<\/p>\n<\/div>\n<\/div>\n<\/div>\n<\/div>\n<\/div>\n<\/div>\n<\/div>\n<\/div>","protected":false},"excerpt":{"rendered":"<div class=\"elementor-element elementor-element-4b6f3d0 elementor-widget elementor-widget-heading\" data-id=\"4b6f3d0\" data-element_type=\"widget\" data-widget_type=\"heading.default\">\n<div class=\"elementor-widget-container\">\n<h2 class=\"elementor-heading-title elementor-size-default\">Comprar gotas Ko<\/h2>\n<\/div>\n<\/div>\n<div class=\"elementor-element elementor-element-3cddf85 elementor-widget elementor-widget-heading\" data-id=\"3cddf85\" data-element_type=\"widget\" data-widget_type=\"heading.default\">\n<div class=\"elementor-widget-container\"><span class=\"elementor-heading-title elementor-size-default\">Somos a melhor loja online para comprar ko drops<\/span><\/div>\n<\/div>\n<div class=\"elementor-element elementor-element-ac2151b elementor-widget elementor-widget-text-editor\" data-id=\"ac2151b\" data-element_type=\"widget\" data-widget_type=\"text-editor.default\">\n<div class=\"elementor-widget-container\">\n<p>Se est\u00e1 \u00e0 procura de onde comprar os chamados KO drops, a partir de agora j\u00e1 n\u00e3o precisa de confiar em vendedores ambulantes duvidosos. Basta comprar gotas KO na nossa loja. Usados correctamente, podem ter um efeito estimulante ou calmante e quase n\u00e3o t\u00eam efeitos secund\u00e1rios nocivos. No entanto, n\u00e3o devem ser administradas em doses demasiado elevadas, porque assim enfraquecem e causam amn\u00e9sia.<\/p>\n<\/div>\n<p><strong>Como \u00e9 que as gotas KO funcionam?<\/strong><br \/>\n<strong>KO cai<\/strong> actuam atrav\u00e9s da ativa\u00e7\u00e3o de dois receptores espec\u00edficos no c\u00e9rebro:<\/p>\n<ul>\n<li><strong>Receptores de GHB:<\/strong> Regulam a atividade neuronal e os processos metab\u00f3licos.<\/li>\n<li><strong>Receptores GABA-B:<\/strong> Provocam efeitos relaxantes, calmantes e por vezes sedativos.<\/li>\n<\/ul>\n<p>O efeito leva a uma redu\u00e7\u00e3o da atividade neuronal, promove o relaxamento muscular e pode induzir um sono profundo.<\/p>\n<ul>\n<li><strong>In\u00edcio do efeito:<\/strong> 10-20 minutos ap\u00f3s a ingest\u00e3o.<\/li>\n<li><strong>Dura\u00e7\u00e3o do efeito:<\/strong> 1,5 a 4 horas, consoante a dosagem e o metabolismo individual.<\/li>\n<\/ul>\n<p><strong>F\u00f3rmula e propriedades<\/strong><\/p>\n<ul>\n<li><strong>Denomina\u00e7\u00e3o qu\u00edmica:<\/strong> \u00c1cido gama-hidroxibut\u00edrico<\/li>\n<li><strong>F\u00f3rmula molecular:<\/strong> C4H8O3<\/li>\n<li><strong>Peso molecular:<\/strong> 104,10 g\/mol<\/li>\n<\/ul>\n<\/div>","protected":false},"featured_media":1640,"comment_status":"open","ping_status":"closed","template":"","meta":{"_joinchat":[]},"product_brand":[],"product_cat":[33,34,36,35,246],"product_tag":[281,333,349,332,344,331,340,335,352,355,342,343,350,341,345,351,334,347,338,337,354,339,336,353,348,357,346,356],"class_list":{"0":"post-476","1":"product","2":"type-product","3":"status-publish","4":"has-post-thumbnail","6":"product_cat-gbl-gamma-butyrolactone-25l","7":"product_cat-ghb","8":"product_cat-ko-drops","9":"product_cat-ritalin","10":"product_cat-sex-meth","11":"product_tag-gamma-hydroxybutyrat","12":"product_tag-gbl-tropfen","13":"product_tag-ghb-fluessig-kaufen","14":"product_tag-ghb-tropfen","15":"product_tag-ghb-tropfen-sicher-kaufen","16":"product_tag-ko-tropfen","17":"product_tag-ko-tropfen-anwendung","18":"product_tag-ko-tropfen-bestellen","19":"product_tag-ko-tropfen-chemie","20":"product_tag-ko-tropfen-fuer-apotheken","21":"product_tag-ko-tropfen-fuer-forschung","22":"product_tag-ko-tropfen-fuer-industrielle-anwendungen","23":"product_tag-ko-tropfen-fuer-labore","24":"product_tag-ko-tropfen-fuer-medizinische-zwecke","25":"product_tag-ko-tropfen-grosshandel","26":"product_tag-ko-tropfen-in-deutschland-kaufen","27":"product_tag-ko-tropfen-kaufen","28":"product_tag-ko-tropfen-lagerung","29":"product_tag-ko-tropfen-legal-kaufen","30":"product_tag-ko-tropfen-lieferant","31":"product_tag-ko-tropfen-ohne-rezept","32":"product_tag-ko-tropfen-online-bestellen","33":"product_tag-ko-tropfen-preis","34":"product_tag-ko-tropfen-risiken","35":"product_tag-ko-tropfen-sicherheitsrichtlinien","36":"product_tag-ko-tropfen-vertrieb","37":"product_tag-ko-tropfen-weltweit-bestellen","38":"product_tag-wo-ko-tropfen-kaufen","40":"first","41":"instock","42":"shipping-taxable","43":"purchasable","44":"product-type-variable","45":"has-default-attributes"},"yoast_head":"<!-- This site is optimized with the Yoast SEO plugin v25.4 - https:\/\/yoast.com\/wordpress\/plugins\/seo\/ -->\n<title>KO Tropfen Online Kaufen - KO Tropfen zu verkaufen<\/title>\n<meta name=\"description\" content=\"Wenn Sie Ko Tropfen online kaufen m\u00f6chten und einen zuverl\u00e4ssigen Online-Shop suchen, sind Sie hier genau richtig. Wir bieten ausschlie\u00dflich hochwertige Ko Tropfen zu einem erschwinglichen Preis an. Bestellen Sie jetzt Ko Tropfen!\" \/>\n<meta name=\"robots\" content=\"index, follow, max-snippet:-1, max-image-preview:large, max-video-preview:-1\" \/>\n<link rel=\"canonical\" href=\"https:\/\/gblexpress.com\/pt\/produto-2\/ko-gotas-comprar-em-linha\/\" \/>\n<meta property=\"og:locale\" content=\"pt_PT\" \/>\n<meta property=\"og:type\" content=\"article\" \/>\n<meta property=\"og:title\" content=\"KO Tropfen Online Kaufen - KO Tropfen zu verkaufen\" \/>\n<meta property=\"og:description\" content=\"Wenn Sie Ko Tropfen online kaufen m\u00f6chten und einen zuverl\u00e4ssigen Online-Shop suchen, sind Sie hier genau richtig. Wir bieten ausschlie\u00dflich hochwertige Ko Tropfen zu einem erschwinglichen Preis an. Bestellen Sie jetzt Ko Tropfen!\" \/>\n<meta property=\"og:url\" content=\"https:\/\/gblexpress.com\/pt\/produto-2\/ko-gotas-comprar-em-linha\/\" \/>\n<meta property=\"og:site_name\" content=\"GBL Express\" \/>\n<meta property=\"article:modified_time\" content=\"2026-02-27T10:34:07+00:00\" \/>\n<meta property=\"og:image\" content=\"https:\/\/gblexpress.com\/wp-content\/uploads\/2023\/05\/KO-Tropfen.jpg\" \/>\n\t<meta property=\"og:image:width\" content=\"600\" \/>\n\t<meta property=\"og:image:height\" content=\"600\" \/>\n\t<meta property=\"og:image:type\" content=\"image\/jpeg\" \/>\n<meta name=\"twitter:card\" content=\"summary_large_image\" \/>\n<meta name=\"twitter:label1\" content=\"Tempo estimado de leitura\" \/>\n\t<meta name=\"twitter:data1\" content=\"2 minutos\" \/>\n<!-- \/ Yoast SEO plugin. -->","yoast_head_json":{"title":"Comprar KO Drops Online - KO Drops para venda","description":"Se quer comprar Ko drops online e est\u00e1 \u00e0 procura de uma loja virtual de confian\u00e7a, veio ao lugar certo. Oferecemos apenas drops de alta qualidade a um pre\u00e7o acess\u00edvel. Encomende Ko Drops agora!","robots":{"index":"index","follow":"follow","max-snippet":"max-snippet:-1","max-image-preview":"max-image-preview:large","max-video-preview":"max-video-preview:-1"},"canonical":"https:\/\/gblexpress.com\/pt\/produto-2\/ko-gotas-comprar-em-linha\/","og_locale":"pt_PT","og_type":"article","og_title":"KO Tropfen Online Kaufen - KO Tropfen zu verkaufen","og_description":"Wenn Sie Ko Tropfen online kaufen m\u00f6chten und einen zuverl\u00e4ssigen Online-Shop suchen, sind Sie hier genau richtig. Wir bieten ausschlie\u00dflich hochwertige Ko Tropfen zu einem erschwinglichen Preis an. Bestellen Sie jetzt Ko Tropfen!","og_url":"https:\/\/gblexpress.com\/pt\/produto-2\/ko-gotas-comprar-em-linha\/","og_site_name":"GBL Express","article_modified_time":"2026-02-27T10:34:07+00:00","og_image":[{"width":600,"height":600,"url":"https:\/\/gblexpress.com\/wp-content\/uploads\/2023\/05\/KO-Tropfen.jpg","type":"image\/jpeg"}],"twitter_card":"summary_large_image","twitter_misc":{"Tempo estimado de leitura":"2 minutos"},"schema":{"@context":"https:\/\/schema.org","@graph":[{"@type":"WebPage","@id":"https:\/\/gblexpress.com\/product\/ko-tropfen-kaufen-online\/","url":"https:\/\/gblexpress.com\/product\/ko-tropfen-kaufen-online\/","name":"Comprar KO Drops Online - KO Drops para venda","isPartOf":{"@id":"https:\/\/gblexpress.com\/#website"},"primaryImageOfPage":{"@id":"https:\/\/gblexpress.com\/product\/ko-tropfen-kaufen-online\/#primaryimage"},"image":{"@id":"https:\/\/gblexpress.com\/product\/ko-tropfen-kaufen-online\/#primaryimage"},"thumbnailUrl":"https:\/\/gblexpress.com\/wp-content\/uploads\/2023\/05\/KO-Tropfen.jpg","datePublished":"2023-05-17T11:11:25+00:00","dateModified":"2026-02-27T10:34:07+00:00","description":"Se quer comprar Ko drops online e est\u00e1 \u00e0 procura de uma loja virtual de confian\u00e7a, veio ao lugar certo. Oferecemos apenas drops de alta qualidade a um pre\u00e7o acess\u00edvel. Encomende Ko Drops agora!","breadcrumb":{"@id":"https:\/\/gblexpress.com\/product\/ko-tropfen-kaufen-online\/#breadcrumb"},"inLanguage":"pt-PT","potentialAction":[{"@type":"ReadAction","target":["https:\/\/gblexpress.com\/product\/ko-tropfen-kaufen-online\/"]}]},{"@type":"ImageObject","inLanguage":"pt-PT","@id":"https:\/\/gblexpress.com\/product\/ko-tropfen-kaufen-online\/#primaryimage","url":"https:\/\/gblexpress.com\/wp-content\/uploads\/2023\/05\/KO-Tropfen.jpg","contentUrl":"https:\/\/gblexpress.com\/wp-content\/uploads\/2023\/05\/KO-Tropfen.jpg","width":600,"height":600,"caption":"KO-Tropfen online kaufen"},{"@type":"BreadcrumbList","@id":"https:\/\/gblexpress.com\/product\/ko-tropfen-kaufen-online\/#breadcrumb","itemListElement":[{"@type":"ListItem","position":1,"name":"Home","item":"https:\/\/gblexpress.com\/"},{"@type":"ListItem","position":2,"name":"Shop","item":"https:\/\/gblexpress.com\/shop\/"},{"@type":"ListItem","position":3,"name":"KO Tropfen Kaufen Online"}]},{"@type":"WebSite","@id":"https:\/\/gblexpress.com\/#website","url":"https:\/\/gblexpress.com\/","name":"GBL Express","description":"","publisher":{"@id":"https:\/\/gblexpress.com\/#organization"},"potentialAction":[{"@type":"SearchAction","target":{"@type":"EntryPoint","urlTemplate":"https:\/\/gblexpress.com\/?s={search_term_string}"},"query-input":{"@type":"PropertyValueSpecification","valueRequired":true,"valueName":"search_term_string"}}],"inLanguage":"pt-PT"},{"@type":"Organization","@id":"https:\/\/gblexpress.com\/#organization","name":"GBL Express","url":"https:\/\/gblexpress.com\/","logo":{"@type":"ImageObject","inLanguage":"pt-PT","@id":"https:\/\/gblexpress.com\/#\/schema\/logo\/image\/","url":"https:\/\/gblexpress.com\/wp-content\/uploads\/2023\/01\/logo.png","contentUrl":"https:\/\/gblexpress.com\/wp-content\/uploads\/2023\/01\/logo.png","width":250,"height":52,"caption":"GBL Express"},"image":{"@id":"https:\/\/gblexpress.com\/#\/schema\/logo\/image\/"}}]}},"jetpack-related-posts":[],"jetpack_sharing_enabled":true,"_links":{"self":[{"href":"https:\/\/gblexpress.com\/pt\/wp-json\/wp\/v2\/product\/476","targetHints":{"allow":["GET"]}}],"collection":[{"href":"https:\/\/gblexpress.com\/pt\/wp-json\/wp\/v2\/product"}],"about":[{"href":"https:\/\/gblexpress.com\/pt\/wp-json\/wp\/v2\/types\/product"}],"replies":[{"embeddable":true,"href":"https:\/\/gblexpress.com\/pt\/wp-json\/wp\/v2\/comments?post=476"}],"wp:featuredmedia":[{"embeddable":true,"href":"https:\/\/gblexpress.com\/pt\/wp-json\/wp\/v2\/media\/1640"}],"wp:attachment":[{"href":"https:\/\/gblexpress.com\/pt\/wp-json\/wp\/v2\/media?parent=476"}],"wp:term":[{"taxonomy":"product_brand","embeddable":true,"href":"https:\/\/gblexpress.com\/pt\/wp-json\/wp\/v2\/product_brand?post=476"},{"taxonomy":"product_cat","embeddable":true,"href":"https:\/\/gblexpress.com\/pt\/wp-json\/wp\/v2\/product_cat?post=476"},{"taxonomy":"product_tag","embeddable":true,"href":"https:\/\/gblexpress.com\/pt\/wp-json\/wp\/v2\/product_tag?post=476"}],"curies":[{"name":"wp","href":"https:\/\/api.w.org\/{rel}","templated":true}]}}